{"id":372507,"date":"2026-02-23T11:51:51","date_gmt":"2026-02-23T10:51:51","guid":{"rendered":"https:\/\/dutchhealthstore.com\/product\/the-last-garden-fine-body-serum\/"},"modified":"2026-02-23T11:51:51","modified_gmt":"2026-02-23T10:51:51","slug":"the-last-garden-fine-body-serum","status":"publish","type":"product","link":"https:\/\/dutchhealthstore.com\/fr\/product\/the-last-garden-fine-body-serum\/","title":{"rendered":"The Last Garden Fine Body Serum"},"content":{"rendered":"<h4 data-start=\"585\" data-end=\"605\"><strong data-start=\"590\" data-end=\"605\">La Formule<\/strong><\/h4>\n<p data-start=\"607\" data-end=\"857\">Ce luxueux \u00e9lixir corporel est cr\u00e9\u00e9 \u00e0 partir d\u2019infusions florales rares, de lichens sauvages et de gousses m\u00fbres d\u00e9licatement ferment\u00e9es. Le r\u00e9sultat est une huile riche en nutriments, profond\u00e9ment r\u00e9g\u00e9n\u00e9rante, qui procure une sensation soyeuse sur la peau et d\u00e9gage un parfum doux et naturel. <\/p>\n<p data-start=\"859\" data-end=\"1087\">Le parfum est enti\u00e8rement compos\u00e9 d\u2019extraits v\u00e9g\u00e9taux. Des notes chaudes de miel se m\u00ealent \u00e0 la fra\u00eecheur d\u2019un sous-bois moussu et \u00e0 l\u2019air floral d\u00e9licat d\u2019une serre ancienne s\u2019ouvrant pour r\u00e9v\u00e9ler des tr\u00e9sors botaniques cach\u00e9s. <\/p>\n<h3>Philosophie des fleurs<\/h3>\n<p>Plantes ferment\u00e9es ancestrales, mousse de ch\u00eane sauvage, f\u00e8ve tonka, asp\u00e9rule odorante et fleur d\u2019hortensia.<\/p>\n<p data-start=\"0\" data-end=\"17\"><strong data-start=\"0\" data-end=\"15\">Le Rituel :<\/strong><\/p>\n<p data-start=\"19\" data-end=\"121\">Apr\u00e8s le bain, appliquez sur une peau l\u00e9g\u00e8rement humide pour sceller l\u2019hydratation et aider \u00e0 prot\u00e9ger contre la s\u00e9cheresse.<\/p>\n<p data-start=\"123\" data-end=\"243\">Pour la relaxation, ajoutez une petite quantit\u00e9 \u00e0 une compresse chaude et pressez ou massez doucement les zones de tension.<\/p>\n<p data-start=\"245\" data-end=\"370\" data-is-last-node=\"\" data-is-only-node=\"\">Apr\u00e8s un bain de pieds, massez g\u00e9n\u00e9reusement les pieds et couvrez-les de chaussettes en coton pendant la nuit pour une hydratation profonde et r\u00e9paratrice.<\/p>\n<h3>Plantes actives<\/h3>\n<p data-start=\"1594\" data-end=\"1892\"><strong data-start=\"1594\" data-end=\"1616\">Ferment de F\u00e8ve Tonka<\/strong><br data-start=\"1616\" data-end=\"1619\">Riche en polyph\u00e9nols, la f\u00e8ve tonka aide \u00e0 am\u00e9liorer l\u2019\u00e9clat naturel de la peau tout en offrant un puissant soutien antioxydant. Elle favorise la production de collag\u00e8ne, am\u00e9liorant la fermet\u00e9 et la texture. Son ar\u00f4me naturel est chaud, l\u00e9g\u00e8rement sucr\u00e9 et rappelle la vanille et la terre foresti\u00e8re.  <\/p>\n<p data-start=\"1894\" data-end=\"2138\"><strong data-start=\"1894\" data-end=\"1922\">Essence de Fleur d\u2019Hortensia<\/strong><br data-start=\"1922\" data-end=\"1925\">Plante aux origines anciennes, l\u2019hortensia est connu pour ses propri\u00e9t\u00e9s antioxydantes et apaisantes. Il soutient la production de collag\u00e8ne et aide \u00e0 calmer les inflammations visibles tout en favorisant un teint \u00e9quilibr\u00e9 et sain. <\/p>\n<p data-start=\"2140\" data-end=\"2330\"><strong data-start=\"2140\" data-end=\"2160\">Racine de Guimauve<\/strong><br data-start=\"2160\" data-end=\"2163\">Un extrait naturel liant l\u2019humidit\u00e9 qui aide \u00e0 attirer l\u2019hydratation dans la peau. Sa teneur en flavono\u00efdes offre des bienfaits apaisants et protecteurs contre le stress environnemental. <\/p>\n<p data-start=\"2332\" data-end=\"2569\"><strong data-start=\"2332\" data-end=\"2357\">Sureau Ferment\u00e9<\/strong><br data-start=\"2357\" data-end=\"2360\">Naturellement riche en vitamines A, B, C et E, le sureau soutient une circulation saine et aide \u00e0 d\u00e9fendre contre les radicaux libres. Une fermentation douce am\u00e9liore son parfum et introduit des qualit\u00e9s probiotiques b\u00e9n\u00e9fiques. <\/p>\n<p data-start=\"2571\" data-end=\"2767\"><strong data-start=\"2571\" data-end=\"2587\">Feuille de Consoude<\/strong><br data-start=\"2587\" data-end=\"2590\">Contient de l\u2019allanto\u00efne, connue pour ses propri\u00e9t\u00e9s adoucissantes et r\u00e9paratrices pour la peau. Les tanins aident \u00e0 purifier et \u00e0 prot\u00e9ger, tandis que l\u2019acide rosmarinique offre un soutien antioxydant contre le stress UV. <\/p>\n<p data-start=\"2769\" data-end=\"2964\"><strong data-start=\"2769\" data-end=\"2789\">Fleur d\u2019\u00c9chinac\u00e9e<\/strong><br data-start=\"2789\" data-end=\"2792\">Un puissant antioxydant botanique qui aide \u00e0 prot\u00e9ger la peau des dommages environnementaux. Il soutient l\u2019hydratation et renforce la barri\u00e8re cutan\u00e9e tout en offrant des bienfaits apaisants. <\/p>\n<p data-start=\"2966\" data-end=\"3177\" data-is-last-node=\"\" data-is-only-node=\"\"><strong data-start=\"2966\" data-end=\"2991\">Huile d\u2019Amande Crue Cr\u00e9meuse<\/strong><br data-start=\"2991\" data-end=\"2994\">Une huile id\u00e9ale pour les peaux s\u00e8ches, riche en vitamines E et K. Elle soutient l\u2019\u00e9lasticit\u00e9, le renouvellement cellulaire et une douceur durable tout en offrant une protection douce contre les facteurs de stress environnementaux.<\/p>\n<p><em><strong>Tous les ingr\u00e9dients sont biologiques, issus de cueillette sauvage, et sourc\u00e9s de mani\u00e8re durable, \u00e9thique et r\u00e9gionale. <\/strong><\/em><\/p>\n<p><strong>Taille : 15 ml<\/strong><\/p>\n<h2><strong>Ingr\u00e9dients naturels \/ biologiques <\/strong><\/h2>\n<p>Extractions et essences de plantes enti\u00e8res faites maison : Ferment de mousse de ch\u00eane (<em>Evernia prunastri<\/em>), Ferment de f\u00e8ve tonka (<em>Dipteryx odorata<\/em>), Enfleurage d\u2019asp\u00e9rule odorante (<em>Galium odoratum<\/em>), Teinture de cardamome verte grill\u00e9e (<em>Elettaria cardamomum<\/em>), Racine de guimauve (<em>Althaea officinalis<\/em>), Feuille de consoude sauvage (<em>Symphytum officinale<\/em>), Fleur de lavande (<em>Lavandula angustifolia<\/em>), Teinture de th\u00e9 Honeybush (<em>Cyclopia intermedia<\/em>), Fleur de pois papillon (<em>Clitoria ternatea<\/em>), Essence de sureau (<em>Sambucus nigra<\/em>), Fleur d\u2019hortensia (<em>Hydrangea macrophylla<\/em>), Racine et fleur de mol\u00e8ne (<em>Verbascum thapsus<\/em>), Racine d\u2019\u00e9chinac\u00e9e (<em>Echinacea purpurea<\/em>), Racine de chicor\u00e9e (<em>Cichorium intybus<\/em>), Essence de m\u00e9lisse (<em>Melissa officinalis<\/em>), Amande crue (<em>Prunus dulcis<\/em>), Huile de jojoba (<em>Simmondsia chinensis<\/em>), Huile de graines de tournesol bior\u00e9gionale (<em>Helianthus annuus<\/em>).<\/p>\n\n\t<section class=\"section dark\" id=\"section_259775525\">\n\t\t<div class=\"section-bg fill\" >\n\t\t\t<img fetchpriority=\"high\" decoding=\"async\" width=\"1200\" height=\"604\" src=\"https:\/\/dutchhealthstore.com\/wp-content\/uploads\/2026\/02\/bgux.jpg\" class=\"bg attachment- size-\" alt=\"\" \/>\t\t\t\t\t\t<div class=\"section-bg-overlay absolute fill\"><\/div>\n\t\t\t\n\n\t\t<\/div>\n\n\t\t\n\n\t\t<div class=\"section-content relative\">\n\t\t\t\n\n\t<div id=\"gap-252205284\" class=\"gap-element clearfix\" style=\"display:block; height:auto;\">\n\t\t\n<style>\n#gap-252205284 {\n  padding-top: 15px;\n}\n<\/style>\n\t<\/div>\n\t\n\n<div class=\"container section-title-container\" ><h3 class=\"section-title section-title-normal\"><b><\/b><span class=\"section-title-main\" >\u00c0 propos de Tidelands House<\/span><b><\/b><\/h3><\/div>\n\n<div class=\"row\"  id=\"row-1862703682\">\n\n\n\t<div id=\"col-1679665583\" class=\"col small-12 large-12\"  >\n\t\t\t\t<div class=\"col-inner\"  >\n\t\t\t\n\t\t\t\n\n<p>Tidelands House est un atelier canadien de soins botaniques pour la peau, fond\u00e9 par l\u2019herboriste Dominique Del Col. Chaque formule est fabriqu\u00e9e \u00e0 la main dans une distillerie baign\u00e9e de lumi\u00e8re solaire, au sein d\u2019un cottage en pierre restaur\u00e9 du XIXe si\u00e8cle, o\u00f9 des herbes sont suspendues aux poutres en bois et o\u00f9 les plantes sont pr\u00e9par\u00e9es au rythme des saisons.<\/p>\n<p>Des plantes sauvages cueillies, la culture biodynamique et des v\u00e9g\u00e9taux marins r\u00e9colt\u00e9s sur les c\u00f4tes orientales du Canada constituent le c\u0153ur de chaque pr\u00e9paration. Les ingr\u00e9dients sont r\u00e9colt\u00e9s au pic de leur vitalit\u00e9 et \u00e9labor\u00e9s en micro-lots afin de pr\u00e9server leur puissance, leur fra\u00eecheur et leur int\u00e9grit\u00e9 \u00e9nerg\u00e9tique. <\/p>\n<p>Aucun additif synth\u00e9tique. Aucun agent de charge inutile. Uniquement des extraits botaniques riches en nutriments, des essences florales ferment\u00e9es et des huiles v\u00e9g\u00e9tales pures, pr\u00e9sent\u00e9s dans du verre opalin d\u2019inspiration patrimoniale.  <\/p>\n<p>Tidelands House propose des soins lents et intentionnels \u2014 ancr\u00e9s dans la terre, le rituel et le respect \u00e0 la fois de la tradition et de la science botanique moderne.<\/p>\n\n\n\t\t<\/div>\n\t\t\t\t\t<\/div>\n\n\t\n\n<\/div>\n\n\t\t<\/div>\n\n\t\t\n<style>\n#section_259775525 {\n  padding-top: 30px;\n  padding-bottom: 30px;\n  background-color: rgb(40, 40, 40);\n}\n#section_259775525 .section-bg-overlay {\n  background-color: rgba(0, 0, 0, 0.477);\n}\n#section_259775525 .section-bg img {\n  object-position: 51% 73%;\n}\n<\/style>\n\t<\/section>\n\t\n","protected":false},"excerpt":{"rendered":"<p>Un \u00e9lixir corporel botanique profond\u00e9ment nourrissant, \u00e9labor\u00e9 \u00e0 partir d\u2019essences florales rares, de plantes ferment\u00e9es et de gousses infus\u00e9es. Cette huile soyeuse fond sur la peau humide, scellant l\u2019humidit\u00e9 tout en laissant un parfum doux, chaud, aux notes foresti\u00e8res et un \u00e9clat radieux et sain. <\/p>\n","protected":false},"featured_media":371788,"comment_status":"open","ping_status":"closed","template":"","meta":[],"product_brand":[],"product_cat":[1091,1088,1908,20908,1209,1030,1010,1033,22208],"product_tag":[],"class_list":{"0":"post-372507","1":"product","2":"type-product","3":"status-publish","4":"has-post-thumbnail","6":"product_cat-body-oil-fr","7":"product_cat-lotions-cremes-hydratantes","8":"product_cat-new-additions-fr","9":"product_cat-new-additions-skincare-fr","10":"product_cat-par-marques","11":"product_cat-par-produits","12":"product_cat-notre-boutique","13":"product_cat-body-care-fr","14":"product_cat-tidelands-house","15":"pa_brand-tidelands-house","16":"pa_gtin-22270","17":"pa_size-100-ml-fr","19":"first","20":"outofstock","21":"taxable","22":"shipping-taxable","23":"purchasable","24":"product-type-simple"},"bundled_by":[],"bundle_stock_status":"outofstock","bundle_stock_quantity":0,"bundle_virtual":false,"bundle_layout":"","bundle_add_to_cart_form_location":"","bundle_editable_in_cart":false,"bundle_sold_individually_context":"","bundle_item_grouping":"","bundle_min_size":"","bundle_max_size":"","bundle_price":[],"bundled_items":[],"bundle_sell_ids":[231310],"atum_controlled":true,"out_stock_date":"2026-03-28 16:21:25","out_stock_threshold":null,"inheritable":false,"stock_on_hold":1,"sold_today":0,"sales_last_days":1,"out_stock_days":1,"lost_sales":9,"update_date":"2026-04-10T07:36:21","atum_locations":[],"atum_stock_status":"outofstock","restock_status":false,"low_stock_amount":"","sales_update_date":"2026-04-10T07:36:21","calc_backorders":null,"group_of_quantity":0,"min_quantity":0,"max_quantity":"","exclude_order_quantity_value_rules":"no","exclude_category_quantity_rules":"no","combine_variations":"no","yoast_head":"<!-- This site is optimized with the Yoast SEO Premium plugin v26.5 (Yoast SEO v26.5) - https:\/\/yoast.com\/wordpress\/plugins\/seo\/ -->\n<title>The Last Garden Fine Body Serum - Tidelands House<\/title>\n<meta name=\"description\" content=\"\u00c9lixir corporel botanique ferment\u00e9 avec des essences florales rares et des extraits v\u00e9g\u00e9taux riches en nutriments. Nourrit la peau, retient l&#039;humidit\u00e9 et laisse un \u00e9clat doux et radieux.\" \/>\n<meta name=\"robots\" content=\"index, follow, max-snippet:-1, max-image-preview:large, max-video-preview:-1\" \/>\n<link rel=\"canonical\" href=\"https:\/\/dutchhealthstore.com\/fr\/product\/the-last-garden-fine-body-serum\/\" \/>\n<meta property=\"og:locale\" content=\"fr_FR\" \/>\n<meta property=\"og:type\" content=\"article\" \/>\n<meta property=\"og:title\" content=\"The Last Garden Fine Body Serum - Dutch Health Store\" \/>\n<meta property=\"og:description\" content=\"\u00c9lixir corporel botanique ferment\u00e9 avec des essences florales rares et des extraits v\u00e9g\u00e9taux riches en nutriments. Nourrit la peau, retient l&#039;humidit\u00e9 et laisse un \u00e9clat doux et radieux.\" \/>\n<meta property=\"og:url\" content=\"https:\/\/dutchhealthstore.com\/fr\/product\/the-last-garden-fine-body-serum\/\" \/>\n<meta property=\"og:site_name\" content=\"Dutch Health Store\" \/>\n<meta property=\"article:publisher\" content=\"https:\/\/www.instagram.com\/dutchhealthstore\/\" \/>\n<meta property=\"og:image\" content=\"https:\/\/dutchhealthstore.com\/wp-content\/uploads\/2026\/02\/The-Last-Garden-Fine-Body-Serum.jpg\" \/>\n\t<meta property=\"og:image:width\" content=\"530\" \/>\n\t<meta property=\"og:image:height\" content=\"530\" \/>\n\t<meta property=\"og:image:type\" content=\"image\/jpeg\" \/>\n<meta name=\"twitter:card\" content=\"summary_large_image\" \/>\n<meta name=\"twitter:label1\" content=\"Prix\" \/>\n\t<meta name=\"twitter:data1\" content=\"&euro;68,00\" \/>\n\t<meta name=\"twitter:label2\" content=\"Disponibilit\u00e9\" \/>\n\t<meta name=\"twitter:data2\" content=\"Rupture de stock\" \/>\n<script type=\"application\/ld+json\" class=\"yoast-schema-graph\">{\"@context\":\"https:\/\/schema.org\",\"@graph\":[{\"@type\":\"WebPage\",\"@id\":\"https:\/\/dutchhealthstore.com\/fr\/product\/the-last-garden-fine-body-serum\/\",\"url\":\"https:\/\/dutchhealthstore.com\/fr\/product\/the-last-garden-fine-body-serum\/\",\"name\":\"The Last Garden Fine Body Serum - Tidelands House\",\"isPartOf\":{\"@id\":\"https:\/\/dutchhealthstore.com\/fr\/#website\"},\"primaryImageOfPage\":{\"@id\":\"https:\/\/dutchhealthstore.com\/fr\/product\/the-last-garden-fine-body-serum\/#primaryimage\"},\"image\":{\"@id\":\"https:\/\/dutchhealthstore.com\/fr\/product\/the-last-garden-fine-body-serum\/#primaryimage\"},\"thumbnailUrl\":\"https:\/\/dutchhealthstore.com\/wp-content\/uploads\/2026\/02\/The-Last-Garden-Fine-Body-Serum.jpg\",\"datePublished\":\"2026-02-23T10:51:51+00:00\",\"description\":\"\u00c9lixir corporel botanique ferment\u00e9 avec des essences florales rares et des extraits v\u00e9g\u00e9taux riches en nutriments. Nourrit la peau, retient l'humidit\u00e9 et laisse un \u00e9clat doux et radieux.\",\"breadcrumb\":{\"@id\":\"https:\/\/dutchhealthstore.com\/fr\/product\/the-last-garden-fine-body-serum\/#breadcrumb\"},\"inLanguage\":\"fr-FR\",\"potentialAction\":[{\"@type\":\"ReadAction\",\"target\":[\"https:\/\/dutchhealthstore.com\/fr\/product\/the-last-garden-fine-body-serum\/\"]}]},{\"@type\":\"ImageObject\",\"inLanguage\":\"fr-FR\",\"@id\":\"https:\/\/dutchhealthstore.com\/fr\/product\/the-last-garden-fine-body-serum\/#primaryimage\",\"url\":\"https:\/\/dutchhealthstore.com\/wp-content\/uploads\/2026\/02\/The-Last-Garden-Fine-Body-Serum.jpg\",\"contentUrl\":\"https:\/\/dutchhealthstore.com\/wp-content\/uploads\/2026\/02\/The-Last-Garden-Fine-Body-Serum.jpg\",\"width\":530,\"height\":530,\"caption\":\"the-last-garden-fine-body-serum\"},{\"@type\":\"BreadcrumbList\",\"@id\":\"https:\/\/dutchhealthstore.com\/fr\/product\/the-last-garden-fine-body-serum\/#breadcrumb\",\"itemListElement\":[{\"@type\":\"ListItem\",\"position\":1,\"name\":\"Home\",\"item\":\"https:\/\/dutchhealthstore.com\/fr\/\"},{\"@type\":\"ListItem\",\"position\":2,\"name\":\"Shop\",\"item\":\"https:\/\/dutchhealthstore.com\/fr\/shop\/\"},{\"@type\":\"ListItem\",\"position\":3,\"name\":\"The Last Garden Fine Body Serum\"}]},{\"@type\":\"WebSite\",\"@id\":\"https:\/\/dutchhealthstore.com\/fr\/#website\",\"url\":\"https:\/\/dutchhealthstore.com\/fr\/\",\"name\":\"Dutch Health Store\",\"description\":\"Enhance Your Beauty with Organic &amp; Natural Skincare\",\"publisher\":{\"@id\":\"https:\/\/dutchhealthstore.com\/fr\/#organization\"},\"potentialAction\":[{\"@type\":\"SearchAction\",\"target\":{\"@type\":\"EntryPoint\",\"urlTemplate\":\"https:\/\/dutchhealthstore.com\/fr\/?s={search_term_string}\"},\"query-input\":{\"@type\":\"PropertyValueSpecification\",\"valueRequired\":true,\"valueName\":\"search_term_string\"}}],\"inLanguage\":\"fr-FR\"},{\"@type\":\"Organization\",\"@id\":\"https:\/\/dutchhealthstore.com\/fr\/#organization\",\"name\":\"Dutch Health Store\",\"url\":\"https:\/\/dutchhealthstore.com\/fr\/\",\"logo\":{\"@type\":\"ImageObject\",\"inLanguage\":\"fr-FR\",\"@id\":\"https:\/\/dutchhealthstore.com\/fr\/#\/schema\/logo\/image\/\",\"url\":\"https:\/\/dutchhealthstore.com\/wp-content\/uploads\/2020\/08\/logo-dutchhealthstore-jpg-e1599484957574.jpg\",\"contentUrl\":\"https:\/\/dutchhealthstore.com\/wp-content\/uploads\/2020\/08\/logo-dutchhealthstore-jpg-e1599484957574.jpg\",\"width\":400,\"height\":62,\"caption\":\"Dutch Health Store\"},\"image\":{\"@id\":\"https:\/\/dutchhealthstore.com\/fr\/#\/schema\/logo\/image\/\"},\"sameAs\":[\"https:\/\/www.instagram.com\/dutchhealthstore\/\",\"https:\/\/www.facebook.com\/dutchhealthstore\"]}]}<\/script>\n<meta property=\"product:brand\" content=\"Tidelands House\" \/>\n<meta property=\"product:price:amount\" content=\"68.00\" \/>\n<meta property=\"product:price:currency\" content=\"EUR\" \/>\n<meta property=\"og:availability\" content=\"out of stock\" \/>\n<meta property=\"product:availability\" content=\"out of stock\" \/>\n<meta property=\"product:condition\" content=\"new\" \/>\n<!-- \/ Yoast SEO Premium plugin. -->","yoast_head_json":{"title":"The Last Garden Fine Body Serum - Tidelands House","description":"\u00c9lixir corporel botanique ferment\u00e9 avec des essences florales rares et des extraits v\u00e9g\u00e9taux riches en nutriments. Nourrit la peau, retient l'humidit\u00e9 et laisse un \u00e9clat doux et radieux.","robots":{"index":"index","follow":"follow","max-snippet":"max-snippet:-1","max-image-preview":"max-image-preview:large","max-video-preview":"max-video-preview:-1"},"canonical":"https:\/\/dutchhealthstore.com\/fr\/product\/the-last-garden-fine-body-serum\/","og_locale":"fr_FR","og_type":"article","og_title":"The Last Garden Fine Body Serum - Dutch Health Store","og_description":"\u00c9lixir corporel botanique ferment\u00e9 avec des essences florales rares et des extraits v\u00e9g\u00e9taux riches en nutriments. Nourrit la peau, retient l'humidit\u00e9 et laisse un \u00e9clat doux et radieux.","og_url":"https:\/\/dutchhealthstore.com\/fr\/product\/the-last-garden-fine-body-serum\/","og_site_name":"Dutch Health Store","article_publisher":"https:\/\/www.instagram.com\/dutchhealthstore\/","og_image":[{"width":530,"height":530,"url":"https:\/\/dutchhealthstore.com\/wp-content\/uploads\/2026\/02\/The-Last-Garden-Fine-Body-Serum.jpg","type":"image\/jpeg"}],"twitter_card":"summary_large_image","twitter_misc":{"Prix":"&euro;68,00","Disponibilit\u00e9":"Rupture de stock"},"schema":{"@context":"https:\/\/schema.org","@graph":[{"@type":"WebPage","@id":"https:\/\/dutchhealthstore.com\/fr\/product\/the-last-garden-fine-body-serum\/","url":"https:\/\/dutchhealthstore.com\/fr\/product\/the-last-garden-fine-body-serum\/","name":"The Last Garden Fine Body Serum - Tidelands House","isPartOf":{"@id":"https:\/\/dutchhealthstore.com\/fr\/#website"},"primaryImageOfPage":{"@id":"https:\/\/dutchhealthstore.com\/fr\/product\/the-last-garden-fine-body-serum\/#primaryimage"},"image":{"@id":"https:\/\/dutchhealthstore.com\/fr\/product\/the-last-garden-fine-body-serum\/#primaryimage"},"thumbnailUrl":"https:\/\/dutchhealthstore.com\/wp-content\/uploads\/2026\/02\/The-Last-Garden-Fine-Body-Serum.jpg","datePublished":"2026-02-23T10:51:51+00:00","description":"\u00c9lixir corporel botanique ferment\u00e9 avec des essences florales rares et des extraits v\u00e9g\u00e9taux riches en nutriments. Nourrit la peau, retient l'humidit\u00e9 et laisse un \u00e9clat doux et radieux.","breadcrumb":{"@id":"https:\/\/dutchhealthstore.com\/fr\/product\/the-last-garden-fine-body-serum\/#breadcrumb"},"inLanguage":"fr-FR","potentialAction":[{"@type":"ReadAction","target":["https:\/\/dutchhealthstore.com\/fr\/product\/the-last-garden-fine-body-serum\/"]}]},{"@type":"ImageObject","inLanguage":"fr-FR","@id":"https:\/\/dutchhealthstore.com\/fr\/product\/the-last-garden-fine-body-serum\/#primaryimage","url":"https:\/\/dutchhealthstore.com\/wp-content\/uploads\/2026\/02\/The-Last-Garden-Fine-Body-Serum.jpg","contentUrl":"https:\/\/dutchhealthstore.com\/wp-content\/uploads\/2026\/02\/The-Last-Garden-Fine-Body-Serum.jpg","width":530,"height":530,"caption":"the-last-garden-fine-body-serum"},{"@type":"BreadcrumbList","@id":"https:\/\/dutchhealthstore.com\/fr\/product\/the-last-garden-fine-body-serum\/#breadcrumb","itemListElement":[{"@type":"ListItem","position":1,"name":"Home","item":"https:\/\/dutchhealthstore.com\/fr\/"},{"@type":"ListItem","position":2,"name":"Shop","item":"https:\/\/dutchhealthstore.com\/fr\/shop\/"},{"@type":"ListItem","position":3,"name":"The Last Garden Fine Body Serum"}]},{"@type":"WebSite","@id":"https:\/\/dutchhealthstore.com\/fr\/#website","url":"https:\/\/dutchhealthstore.com\/fr\/","name":"Dutch Health Store","description":"Enhance Your Beauty with Organic &amp; Natural Skincare","publisher":{"@id":"https:\/\/dutchhealthstore.com\/fr\/#organization"},"potentialAction":[{"@type":"SearchAction","target":{"@type":"EntryPoint","urlTemplate":"https:\/\/dutchhealthstore.com\/fr\/?s={search_term_string}"},"query-input":{"@type":"PropertyValueSpecification","valueRequired":true,"valueName":"search_term_string"}}],"inLanguage":"fr-FR"},{"@type":"Organization","@id":"https:\/\/dutchhealthstore.com\/fr\/#organization","name":"Dutch Health Store","url":"https:\/\/dutchhealthstore.com\/fr\/","logo":{"@type":"ImageObject","inLanguage":"fr-FR","@id":"https:\/\/dutchhealthstore.com\/fr\/#\/schema\/logo\/image\/","url":"https:\/\/dutchhealthstore.com\/wp-content\/uploads\/2020\/08\/logo-dutchhealthstore-jpg-e1599484957574.jpg","contentUrl":"https:\/\/dutchhealthstore.com\/wp-content\/uploads\/2020\/08\/logo-dutchhealthstore-jpg-e1599484957574.jpg","width":400,"height":62,"caption":"Dutch Health Store"},"image":{"@id":"https:\/\/dutchhealthstore.com\/fr\/#\/schema\/logo\/image\/"},"sameAs":["https:\/\/www.instagram.com\/dutchhealthstore\/","https:\/\/www.facebook.com\/dutchhealthstore"]}]},"product_brand":"Tidelands House","product_price_amount":"68.00","product_price_currency":"EUR","og_availability":"out of stock","product_availability":"out of stock","product_condition":"new"},"_links":{"self":[{"href":"https:\/\/dutchhealthstore.com\/fr\/wp-json\/wp\/v2\/product\/372507","targetHints":{"allow":["GET"]}}],"collection":[{"href":"https:\/\/dutchhealthstore.com\/fr\/wp-json\/wp\/v2\/product"}],"about":[{"href":"https:\/\/dutchhealthstore.com\/fr\/wp-json\/wp\/v2\/types\/product"}],"replies":[{"embeddable":true,"href":"https:\/\/dutchhealthstore.com\/fr\/wp-json\/wp\/v2\/comments?post=372507"}],"wp:featuredmedia":[{"embeddable":true,"href":"https:\/\/dutchhealthstore.com\/fr\/wp-json\/wp\/v2\/media\/371788"}],"wp:attachment":[{"href":"https:\/\/dutchhealthstore.com\/fr\/wp-json\/wp\/v2\/media?parent=372507"}],"wp:term":[{"taxonomy":"product_brand","embeddable":true,"href":"https:\/\/dutchhealthstore.com\/fr\/wp-json\/wp\/v2\/product_brand?post=372507"},{"taxonomy":"product_cat","embeddable":true,"href":"https:\/\/dutchhealthstore.com\/fr\/wp-json\/wp\/v2\/product_cat?post=372507"},{"taxonomy":"product_tag","embeddable":true,"href":"https:\/\/dutchhealthstore.com\/fr\/wp-json\/wp\/v2\/product_tag?post=372507"}],"curies":[{"name":"wp","href":"https:\/\/api.w.org\/{rel}","templated":true}]}}