{"id":372503,"date":"2026-02-23T11:53:30","date_gmt":"2026-02-23T10:53:30","guid":{"rendered":"https:\/\/dutchhealthstore.com\/product\/rose-de-sang-lip-cheek-creme\/"},"modified":"2026-03-23T14:29:43","modified_gmt":"2026-03-23T13:29:43","slug":"rose-de-sang-lip-cheek-creme","status":"publish","type":"product","link":"https:\/\/dutchhealthstore.com\/fr\/product\/rose-de-sang-lip-cheek-creme\/","title":{"rendered":"Rose de Sang Lip &amp; Cheek Cr\u00e8me"},"content":{"rendered":"<p><strong>La Teinte :<\/strong><\/p>\n<p><em>Une v\u00e9ritable rose de sang rougissante effleur\u00e9e par une lumi\u00e8re d\u00e9clinante. <\/em><\/p>\n<h3>Philosophie des fleurs<\/h3>\n<p>Le ferment de g\u00e9ranium, l\u2019orange de S\u00e9ville et l\u2019enfleurage de cardamome grill\u00e9e fa\u00e7onnent le c\u0153ur aromatique de ce soin teint\u00e9 botanique.<\/p>\n<h3>La Formule<\/h3>\n<p>Rose de Sang capture l\u2019\u00e9clat naturel qui monte \u00e0 la peau lors de moments de chaleur, de froid ou d\u2019un simple effleurement. Elle refl\u00e8te le ton cramoisi doux des joues bais\u00e9es par l\u2019hiver et des l\u00e8vres l\u00e9g\u00e8rement mordues \u2014 une couleur inspir\u00e9e par le rituel intemporel consistant \u00e0 pincer la peau pour \u00e9veiller un \u00e9clat radieux. <\/p>\n<p>Cette nuance rouge terreuse est con\u00e7ue pour sublimer toutes les carnations. Elle offre une profondeur et une chaleur subtiles, rehaussant d\u00e9licatement la couleur naturelle des l\u00e8vres tout en ajoutant un \u00e9clat frais et spontan\u00e9. Sur les joues, le fini rose perl\u00e9 cr\u00e9e un \u00e9clat d\u00e9licat avec un soup\u00e7on de luminosit\u00e9 ros\u00e9e.  <\/p>\n<p>La texture est cr\u00e9meuse, lisse et l\u00e9g\u00e8re. Elle est modulable, vous permettant de cr\u00e9er soit un voile l\u00e9ger, soit un \u00e9clat plus intense. Infus\u00e9e d\u2019essences florales nourrissantes, la formule prend soin de la peau d\u00e9licate tout en offrant un fini lumineux. Les pigments min\u00e9raux naturels procurent une couleur \u00e9clatante et saine, \u00e0 la fois intemporelle et moderne.   <\/p>\n<p>Cette nuance polyvalente est con\u00e7ue pour devenir un essentiel quotidien.<\/p>\n<h3>Le rituel<\/h3>\n<p>Appliquez du bout des doigts sur les l\u00e8vres et les joues selon vos envies. R\u00e9appliquez tout au long de la journ\u00e9e pour rafra\u00eechir l\u2019\u00e9clat. <\/p>\n<p><em><strong>Tous les ingr\u00e9dients sont biologiques, issus de cueillette sauvage, et sourc\u00e9s de mani\u00e8re durable, \u00e9thique et r\u00e9gionale. <\/strong><\/em><\/p>\n<p><strong>Taille : 15 ml<\/strong><\/p>\n<h2><strong>Ingr\u00e9dients naturels \/ biologiques <\/strong><\/h2>\n<p>Racine de guimauve ( <em>Althaea officinalis<\/em>), m\u00e9lisse ( <em>Melissa officinalis<\/em>), fleur de sureau ( <em>Sambucus nigra<\/em>), teinture de camomille ( <em>Matricaria chamomilla<\/em>), tournesol bior\u00e9gional ( <em>Helianthus annuus<\/em>), abricot ( <em>Prunus armeniaca<\/em>), graine de ricin noir ( <em>Ricinus communis<\/em>), huile de jojoba ( <em>Simmondsia chinensis<\/em>), cire d\u2019abeille brute non raffin\u00e9e de prairie locale ( <em>Cera alba<\/em>), beurre de karit\u00e9 brut ( <em>Vitellaria paradoxa<\/em>), fleur de lavande ( <em>Lavandula angustifolia<\/em>), fleur de souci ( <em>Calendula officinalis<\/em>), ferment de g\u00e9ranium ( <em>Pelargonium spp.<\/em>), teinture d\u2019orange de S\u00e9ville (<em>Citrus aurantium<\/em>), extraction de cardamome (<em>Elettaria cardamomum<\/em>), encens vieilli (<em>Boswellia sacra<\/em>), min\u00e9raux \u00e9quitables (<em>Montmorillonite<\/em>).<\/p>\n\n\t<section class=\"section dark\" id=\"section_307665080\">\n\t\t<div class=\"section-bg fill\" >\n\t\t\t<img fetchpriority=\"high\" decoding=\"async\" width=\"1200\" height=\"604\" src=\"https:\/\/dutchhealthstore.com\/wp-content\/uploads\/2026\/02\/bgux.jpg\" class=\"bg attachment- size-\" alt=\"\" \/>\t\t\t\t\t\t<div class=\"section-bg-overlay absolute fill\"><\/div>\n\t\t\t\n\n\t\t<\/div>\n\n\t\t\n\n\t\t<div class=\"section-content relative\">\n\t\t\t\n\n\t<div id=\"gap-1214424694\" class=\"gap-element clearfix\" style=\"display:block; height:auto;\">\n\t\t\n<style>\n#gap-1214424694 {\n  padding-top: 15px;\n}\n<\/style>\n\t<\/div>\n\t\n\n<div class=\"container section-title-container\" ><h3 class=\"section-title section-title-normal\"><b><\/b><span class=\"section-title-main\" >\u00c0 propos de Tidelands House<\/span><b><\/b><\/h3><\/div>\n\n<div class=\"row\"  id=\"row-559007361\">\n\n\n\t<div id=\"col-1799880295\" class=\"col small-12 large-12\"  >\n\t\t\t\t<div class=\"col-inner\"  >\n\t\t\t\n\t\t\t\n\n<p>Tidelands House est un atelier canadien de soins botaniques pour la peau, fond\u00e9 par l\u2019herboriste Dominique Del Col. Chaque formule est fabriqu\u00e9e \u00e0 la main dans une distillerie baign\u00e9e de lumi\u00e8re solaire, au sein d\u2019un cottage en pierre restaur\u00e9 du XIXe si\u00e8cle, o\u00f9 des herbes sont suspendues aux poutres en bois et o\u00f9 les plantes sont pr\u00e9par\u00e9es au rythme des saisons.<\/p>\n<p>Des plantes sauvages cueillies, la culture biodynamique et des v\u00e9g\u00e9taux marins r\u00e9colt\u00e9s sur les c\u00f4tes orientales du Canada constituent le c\u0153ur de chaque pr\u00e9paration. Les ingr\u00e9dients sont r\u00e9colt\u00e9s au pic de leur vitalit\u00e9 et \u00e9labor\u00e9s en micro-lots afin de pr\u00e9server leur puissance, leur fra\u00eecheur et leur int\u00e9grit\u00e9 \u00e9nerg\u00e9tique. <\/p>\n<p>Aucun additif synth\u00e9tique. Aucun agent de charge inutile. Uniquement des extraits botaniques riches en nutriments, des essences florales ferment\u00e9es et des huiles v\u00e9g\u00e9tales pures, pr\u00e9sent\u00e9s dans du verre opalin d\u2019inspiration patrimoniale.  <\/p>\n<p>Tidelands House propose des soins lents et intentionnels \u2014 ancr\u00e9s dans la terre, le rituel et le respect \u00e0 la fois de la tradition et de la science botanique moderne.<\/p>\n\n\n\t\t<\/div>\n\t\t\t\t\t<\/div>\n\n\t\n\n<\/div>\n\n\t\t<\/div>\n\n\t\t\n<style>\n#section_307665080 {\n  padding-top: 30px;\n  padding-bottom: 30px;\n  background-color: rgb(40, 40, 40);\n}\n#section_307665080 .section-bg-overlay {\n  background-color: rgba(0, 0, 0, 0.477);\n}\n#section_307665080 .section-bg img {\n  object-position: 51% 73%;\n}\n<\/style>\n\t<\/section>\n\t\n","protected":false},"excerpt":{"rendered":"<p>Rose de Sang capture l\u2019\u00e9clat naturel qui monte \u00e0 la peau lors de moments de chaleur, de froid ou d\u2019un simple effleurement.<\/p>\n","protected":false},"featured_media":371724,"comment_status":"open","ping_status":"closed","template":"","meta":[],"product_brand":[],"product_cat":[6142,5979,1036,1908,20908,1209,1030,1010,5905,5927,5902,22208,1156],"product_tag":[],"class_list":{"0":"post-372503","1":"product","2":"type-product","3":"status-publish","4":"has-post-thumbnail","6":"product_cat-cheeks-fr-2","7":"product_cat-lips-fr-3","8":"product_cat-maquillage","9":"product_cat-new-additions-fr","10":"product_cat-new-additions-skincare-fr","11":"product_cat-par-marques","12":"product_cat-par-produits","13":"product_cat-notre-boutique","14":"product_cat-lip-care","15":"product_cat-eye-care-fr-3","16":"product_cat-eye-lip-care-fr-2","17":"product_cat-tidelands-house","18":"product_cat-eyes-fr-2","19":"pa_brand-tidelands-house","20":"pa_gtin-22267","21":"pa_make-up-productype-cheeks-fr","22":"pa_make-up-productype-lips-fr","23":"pa_size-15-ml-fr","24":"pa_skincare-type-lips-eye-care-fr","26":"first","27":"instock","28":"taxable","29":"shipping-taxable","30":"purchasable","31":"product-type-simple"},"bundled_by":[],"bundle_stock_status":"instock","bundle_stock_quantity":3,"bundle_virtual":false,"bundle_layout":"","bundle_add_to_cart_form_location":"","bundle_editable_in_cart":false,"bundle_sold_individually_context":"","bundle_item_grouping":"","bundle_min_size":"","bundle_max_size":"","bundle_price":[],"bundled_items":[],"bundle_sell_ids":[372603],"atum_controlled":true,"out_stock_date":null,"out_stock_threshold":null,"inheritable":false,"stock_on_hold":0,"sold_today":1,"sales_last_days":2,"out_stock_days":0,"lost_sales":0,"update_date":"2026-04-09T05:06:33","atum_locations":[],"atum_stock_status":"instock","restock_status":true,"low_stock_amount":"","sales_update_date":"2026-04-09T05:06:33","calc_backorders":null,"group_of_quantity":0,"min_quantity":0,"max_quantity":"","exclude_order_quantity_value_rules":"no","exclude_category_quantity_rules":"no","combine_variations":"no","yoast_head":"<!-- This site is optimized with the Yoast SEO Premium plugin v26.5 (Yoast SEO v26.5) - https:\/\/yoast.com\/wordpress\/plugins\/seo\/ -->\n<title>Rose de Sang Lip &amp; Cheek Cr\u00e8me - Tidelands House<\/title>\n<meta name=\"description\" content=\"Rose de Sang capture l\u2019\u00e9clat naturel qui monte \u00e0 la peau lors de moments de chaleur, de froid ou d\u2019un simple effleurement.\" \/>\n<meta name=\"robots\" content=\"index, follow, max-snippet:-1, max-image-preview:large, max-video-preview:-1\" \/>\n<link rel=\"canonical\" href=\"https:\/\/dutchhealthstore.com\/fr\/product\/rose-de-sang-lip-cheek-creme\/\" \/>\n<meta property=\"og:locale\" content=\"fr_FR\" \/>\n<meta property=\"og:type\" content=\"article\" \/>\n<meta property=\"og:title\" content=\"Rose de Sang Lip &amp; Cheek Cr\u00e8me - Dutch Health Store\" \/>\n<meta property=\"og:description\" content=\"Rose de Sang capture l\u2019\u00e9clat naturel qui monte \u00e0 la peau lors de moments de chaleur, de froid ou d\u2019un simple effleurement.\" \/>\n<meta property=\"og:url\" content=\"https:\/\/dutchhealthstore.com\/fr\/product\/rose-de-sang-lip-cheek-creme\/\" \/>\n<meta property=\"og:site_name\" content=\"Dutch Health Store\" \/>\n<meta property=\"article:publisher\" content=\"https:\/\/www.instagram.com\/dutchhealthstore\/\" \/>\n<meta property=\"article:modified_time\" content=\"2026-03-23T13:29:43+00:00\" \/>\n<meta property=\"og:image\" content=\"https:\/\/dutchhealthstore.com\/wp-content\/uploads\/2026\/02\/Untitled-design-2026-02-17T100316.188.jpg\" \/>\n\t<meta property=\"og:image:width\" content=\"530\" \/>\n\t<meta property=\"og:image:height\" content=\"530\" \/>\n\t<meta property=\"og:image:type\" content=\"image\/jpeg\" \/>\n<meta name=\"twitter:card\" content=\"summary_large_image\" \/>\n<meta name=\"twitter:label1\" content=\"Prix\" \/>\n\t<meta name=\"twitter:data1\" content=\"&euro;22,00\" \/>\n\t<meta name=\"twitter:label2\" content=\"Disponibilit\u00e9\" \/>\n\t<meta name=\"twitter:data2\" content=\"En stock\" \/>\n<script type=\"application\/ld+json\" class=\"yoast-schema-graph\">{\"@context\":\"https:\/\/schema.org\",\"@graph\":[{\"@type\":\"WebPage\",\"@id\":\"https:\/\/dutchhealthstore.com\/fr\/product\/rose-de-sang-lip-cheek-creme\/\",\"url\":\"https:\/\/dutchhealthstore.com\/fr\/product\/rose-de-sang-lip-cheek-creme\/\",\"name\":\"Rose de Sang Lip &amp; Cheek Cr\u00e8me - Tidelands House\",\"isPartOf\":{\"@id\":\"https:\/\/dutchhealthstore.com\/fr\/#website\"},\"primaryImageOfPage\":{\"@id\":\"https:\/\/dutchhealthstore.com\/fr\/product\/rose-de-sang-lip-cheek-creme\/#primaryimage\"},\"image\":{\"@id\":\"https:\/\/dutchhealthstore.com\/fr\/product\/rose-de-sang-lip-cheek-creme\/#primaryimage\"},\"thumbnailUrl\":\"https:\/\/dutchhealthstore.com\/wp-content\/uploads\/2026\/02\/Untitled-design-2026-02-17T100316.188.jpg\",\"datePublished\":\"2026-02-23T10:53:30+00:00\",\"dateModified\":\"2026-03-23T13:29:43+00:00\",\"description\":\"Rose de Sang capture l\u2019\u00e9clat naturel qui monte \u00e0 la peau lors de moments de chaleur, de froid ou d\u2019un simple effleurement.\",\"breadcrumb\":{\"@id\":\"https:\/\/dutchhealthstore.com\/fr\/product\/rose-de-sang-lip-cheek-creme\/#breadcrumb\"},\"inLanguage\":\"fr-FR\",\"potentialAction\":[{\"@type\":\"ReadAction\",\"target\":[\"https:\/\/dutchhealthstore.com\/fr\/product\/rose-de-sang-lip-cheek-creme\/\"]}]},{\"@type\":\"ImageObject\",\"inLanguage\":\"fr-FR\",\"@id\":\"https:\/\/dutchhealthstore.com\/fr\/product\/rose-de-sang-lip-cheek-creme\/#primaryimage\",\"url\":\"https:\/\/dutchhealthstore.com\/wp-content\/uploads\/2026\/02\/Untitled-design-2026-02-17T100316.188.jpg\",\"contentUrl\":\"https:\/\/dutchhealthstore.com\/wp-content\/uploads\/2026\/02\/Untitled-design-2026-02-17T100316.188.jpg\",\"width\":530,\"height\":530,\"caption\":\"tidelands-house-rose-de-sang-lip-creme\"},{\"@type\":\"BreadcrumbList\",\"@id\":\"https:\/\/dutchhealthstore.com\/fr\/product\/rose-de-sang-lip-cheek-creme\/#breadcrumb\",\"itemListElement\":[{\"@type\":\"ListItem\",\"position\":1,\"name\":\"Home\",\"item\":\"https:\/\/dutchhealthstore.com\/fr\/\"},{\"@type\":\"ListItem\",\"position\":2,\"name\":\"Shop\",\"item\":\"https:\/\/dutchhealthstore.com\/fr\/shop\/\"},{\"@type\":\"ListItem\",\"position\":3,\"name\":\"Rose de Sang Lip &amp; Cheek Cr\u00e8me\"}]},{\"@type\":\"WebSite\",\"@id\":\"https:\/\/dutchhealthstore.com\/fr\/#website\",\"url\":\"https:\/\/dutchhealthstore.com\/fr\/\",\"name\":\"Dutch Health Store\",\"description\":\"Enhance Your Beauty with Organic &amp; Natural Skincare\",\"publisher\":{\"@id\":\"https:\/\/dutchhealthstore.com\/fr\/#organization\"},\"potentialAction\":[{\"@type\":\"SearchAction\",\"target\":{\"@type\":\"EntryPoint\",\"urlTemplate\":\"https:\/\/dutchhealthstore.com\/fr\/?s={search_term_string}\"},\"query-input\":{\"@type\":\"PropertyValueSpecification\",\"valueRequired\":true,\"valueName\":\"search_term_string\"}}],\"inLanguage\":\"fr-FR\"},{\"@type\":\"Organization\",\"@id\":\"https:\/\/dutchhealthstore.com\/fr\/#organization\",\"name\":\"Dutch Health Store\",\"url\":\"https:\/\/dutchhealthstore.com\/fr\/\",\"logo\":{\"@type\":\"ImageObject\",\"inLanguage\":\"fr-FR\",\"@id\":\"https:\/\/dutchhealthstore.com\/fr\/#\/schema\/logo\/image\/\",\"url\":\"https:\/\/dutchhealthstore.com\/wp-content\/uploads\/2020\/08\/logo-dutchhealthstore-jpg-e1599484957574.jpg\",\"contentUrl\":\"https:\/\/dutchhealthstore.com\/wp-content\/uploads\/2020\/08\/logo-dutchhealthstore-jpg-e1599484957574.jpg\",\"width\":400,\"height\":62,\"caption\":\"Dutch Health Store\"},\"image\":{\"@id\":\"https:\/\/dutchhealthstore.com\/fr\/#\/schema\/logo\/image\/\"},\"sameAs\":[\"https:\/\/www.instagram.com\/dutchhealthstore\/\",\"https:\/\/www.facebook.com\/dutchhealthstore\"]}]}<\/script>\n<meta property=\"product:brand\" content=\"Tidelands House\" \/>\n<meta property=\"product:price:amount\" content=\"22.00\" \/>\n<meta property=\"product:price:currency\" content=\"EUR\" \/>\n<meta property=\"og:availability\" content=\"instock\" \/>\n<meta property=\"product:availability\" content=\"instock\" \/>\n<meta property=\"product:condition\" content=\"new\" \/>\n<!-- \/ Yoast SEO Premium plugin. -->","yoast_head_json":{"title":"Rose de Sang Lip &amp; Cheek Cr\u00e8me - Tidelands House","description":"Rose de Sang capture l\u2019\u00e9clat naturel qui monte \u00e0 la peau lors de moments de chaleur, de froid ou d\u2019un simple effleurement.","robots":{"index":"index","follow":"follow","max-snippet":"max-snippet:-1","max-image-preview":"max-image-preview:large","max-video-preview":"max-video-preview:-1"},"canonical":"https:\/\/dutchhealthstore.com\/fr\/product\/rose-de-sang-lip-cheek-creme\/","og_locale":"fr_FR","og_type":"article","og_title":"Rose de Sang Lip &amp; Cheek Cr\u00e8me - Dutch Health Store","og_description":"Rose de Sang capture l\u2019\u00e9clat naturel qui monte \u00e0 la peau lors de moments de chaleur, de froid ou d\u2019un simple effleurement.","og_url":"https:\/\/dutchhealthstore.com\/fr\/product\/rose-de-sang-lip-cheek-creme\/","og_site_name":"Dutch Health Store","article_publisher":"https:\/\/www.instagram.com\/dutchhealthstore\/","article_modified_time":"2026-03-23T13:29:43+00:00","og_image":[{"width":530,"height":530,"url":"https:\/\/dutchhealthstore.com\/wp-content\/uploads\/2026\/02\/Untitled-design-2026-02-17T100316.188.jpg","type":"image\/jpeg"}],"twitter_card":"summary_large_image","twitter_misc":{"Prix":"&euro;22,00","Disponibilit\u00e9":"En stock"},"schema":{"@context":"https:\/\/schema.org","@graph":[{"@type":"WebPage","@id":"https:\/\/dutchhealthstore.com\/fr\/product\/rose-de-sang-lip-cheek-creme\/","url":"https:\/\/dutchhealthstore.com\/fr\/product\/rose-de-sang-lip-cheek-creme\/","name":"Rose de Sang Lip &amp; Cheek Cr\u00e8me - Tidelands House","isPartOf":{"@id":"https:\/\/dutchhealthstore.com\/fr\/#website"},"primaryImageOfPage":{"@id":"https:\/\/dutchhealthstore.com\/fr\/product\/rose-de-sang-lip-cheek-creme\/#primaryimage"},"image":{"@id":"https:\/\/dutchhealthstore.com\/fr\/product\/rose-de-sang-lip-cheek-creme\/#primaryimage"},"thumbnailUrl":"https:\/\/dutchhealthstore.com\/wp-content\/uploads\/2026\/02\/Untitled-design-2026-02-17T100316.188.jpg","datePublished":"2026-02-23T10:53:30+00:00","dateModified":"2026-03-23T13:29:43+00:00","description":"Rose de Sang capture l\u2019\u00e9clat naturel qui monte \u00e0 la peau lors de moments de chaleur, de froid ou d\u2019un simple effleurement.","breadcrumb":{"@id":"https:\/\/dutchhealthstore.com\/fr\/product\/rose-de-sang-lip-cheek-creme\/#breadcrumb"},"inLanguage":"fr-FR","potentialAction":[{"@type":"ReadAction","target":["https:\/\/dutchhealthstore.com\/fr\/product\/rose-de-sang-lip-cheek-creme\/"]}]},{"@type":"ImageObject","inLanguage":"fr-FR","@id":"https:\/\/dutchhealthstore.com\/fr\/product\/rose-de-sang-lip-cheek-creme\/#primaryimage","url":"https:\/\/dutchhealthstore.com\/wp-content\/uploads\/2026\/02\/Untitled-design-2026-02-17T100316.188.jpg","contentUrl":"https:\/\/dutchhealthstore.com\/wp-content\/uploads\/2026\/02\/Untitled-design-2026-02-17T100316.188.jpg","width":530,"height":530,"caption":"tidelands-house-rose-de-sang-lip-creme"},{"@type":"BreadcrumbList","@id":"https:\/\/dutchhealthstore.com\/fr\/product\/rose-de-sang-lip-cheek-creme\/#breadcrumb","itemListElement":[{"@type":"ListItem","position":1,"name":"Home","item":"https:\/\/dutchhealthstore.com\/fr\/"},{"@type":"ListItem","position":2,"name":"Shop","item":"https:\/\/dutchhealthstore.com\/fr\/shop\/"},{"@type":"ListItem","position":3,"name":"Rose de Sang Lip &amp; Cheek Cr\u00e8me"}]},{"@type":"WebSite","@id":"https:\/\/dutchhealthstore.com\/fr\/#website","url":"https:\/\/dutchhealthstore.com\/fr\/","name":"Dutch Health Store","description":"Enhance Your Beauty with Organic &amp; Natural Skincare","publisher":{"@id":"https:\/\/dutchhealthstore.com\/fr\/#organization"},"potentialAction":[{"@type":"SearchAction","target":{"@type":"EntryPoint","urlTemplate":"https:\/\/dutchhealthstore.com\/fr\/?s={search_term_string}"},"query-input":{"@type":"PropertyValueSpecification","valueRequired":true,"valueName":"search_term_string"}}],"inLanguage":"fr-FR"},{"@type":"Organization","@id":"https:\/\/dutchhealthstore.com\/fr\/#organization","name":"Dutch Health Store","url":"https:\/\/dutchhealthstore.com\/fr\/","logo":{"@type":"ImageObject","inLanguage":"fr-FR","@id":"https:\/\/dutchhealthstore.com\/fr\/#\/schema\/logo\/image\/","url":"https:\/\/dutchhealthstore.com\/wp-content\/uploads\/2020\/08\/logo-dutchhealthstore-jpg-e1599484957574.jpg","contentUrl":"https:\/\/dutchhealthstore.com\/wp-content\/uploads\/2020\/08\/logo-dutchhealthstore-jpg-e1599484957574.jpg","width":400,"height":62,"caption":"Dutch Health Store"},"image":{"@id":"https:\/\/dutchhealthstore.com\/fr\/#\/schema\/logo\/image\/"},"sameAs":["https:\/\/www.instagram.com\/dutchhealthstore\/","https:\/\/www.facebook.com\/dutchhealthstore"]}]},"product_brand":"Tidelands House","product_price_amount":"22.00","product_price_currency":"EUR","og_availability":"instock","product_availability":"instock","product_condition":"new"},"_links":{"self":[{"href":"https:\/\/dutchhealthstore.com\/fr\/wp-json\/wp\/v2\/product\/372503","targetHints":{"allow":["GET"]}}],"collection":[{"href":"https:\/\/dutchhealthstore.com\/fr\/wp-json\/wp\/v2\/product"}],"about":[{"href":"https:\/\/dutchhealthstore.com\/fr\/wp-json\/wp\/v2\/types\/product"}],"replies":[{"embeddable":true,"href":"https:\/\/dutchhealthstore.com\/fr\/wp-json\/wp\/v2\/comments?post=372503"}],"wp:featuredmedia":[{"embeddable":true,"href":"https:\/\/dutchhealthstore.com\/fr\/wp-json\/wp\/v2\/media\/371724"}],"wp:attachment":[{"href":"https:\/\/dutchhealthstore.com\/fr\/wp-json\/wp\/v2\/media?parent=372503"}],"wp:term":[{"taxonomy":"product_brand","embeddable":true,"href":"https:\/\/dutchhealthstore.com\/fr\/wp-json\/wp\/v2\/product_brand?post=372503"},{"taxonomy":"product_cat","embeddable":true,"href":"https:\/\/dutchhealthstore.com\/fr\/wp-json\/wp\/v2\/product_cat?post=372503"},{"taxonomy":"product_tag","embeddable":true,"href":"https:\/\/dutchhealthstore.com\/fr\/wp-json\/wp\/v2\/product_tag?post=372503"}],"curies":[{"name":"wp","href":"https:\/\/api.w.org\/{rel}","templated":true}]}}