{"id":372499,"date":"2026-02-23T11:55:32","date_gmt":"2026-02-23T10:55:32","guid":{"rendered":"https:\/\/dutchhealthstore.com\/product\/tea-rose-wild-mint-lip-creme\/"},"modified":"2026-03-23T14:29:40","modified_gmt":"2026-03-23T13:29:40","slug":"tea-rose-wild-mint-lip-creme","status":"publish","type":"product","link":"https:\/\/dutchhealthstore.com\/fr\/product\/tea-rose-wild-mint-lip-creme\/","title":{"rendered":"Tea Rose &amp; Wild Mint Lip Cr\u00e8me"},"content":{"rendered":"<p>La formule est riche et profond\u00e9ment \u00e9molliente, tout en \u00e9tant lisse et transparente sur les l\u00e8vres. Elle procure un soin r\u00e9confortant pour toutes les saisons, aidant \u00e0 apaiser la s\u00e9cheresse et \u00e0 prot\u00e9ger la peau d\u00e9licate. Appliquez sur les l\u00e8vres ou toute zone gerc\u00e9e chaque fois qu\u2019un suppl\u00e9ment de nutrition est n\u00e9cessaire.  <\/p>\n<h3>Philosophie des fleurs<\/h3>\n<p>La Rose Ancienne, le Sureau Sauvage, la Menthe Fra\u00eeche et la Racine de Guimauve forment le c\u0153ur botanique de cette cr\u00e8me nourrissante pour les l\u00e8vres.<\/p>\n<h3>Plantes actives<\/h3>\n<p><em>Rose Th\u00e9 Sauvage<\/em><\/p>\n<p>La rose est reconnue pour ses propri\u00e9t\u00e9s antioxydantes, aidant \u00e0 renforcer les cellules cutan\u00e9es et \u00e0 soutenir la r\u00e9g\u00e9n\u00e9ration naturelle. Elle tonifie, nourrit et offre une douce protection antibact\u00e9rienne tout en gardant les l\u00e8vres douces et souples. <\/p>\n<p><em>Racine de guimauve<\/em><\/p>\n<p>Un humectant naturel qui attire l\u2019humidit\u00e9 dans la peau pour am\u00e9liorer l\u2019hydratation. Riche en flavono\u00efdes aux bienfaits apaisants et anti-inflammatoires, il aide \u00e0 prot\u00e9ger contre les UV et le stress des radicaux libres. <\/p>\n<p><em>Sureau Ferment\u00e9<\/em><\/p>\n<p>Le sureau est riche en antioxydants qui aident \u00e0 d\u00e9fendre contre les dommages du soleil et de l\u2019environnement. Il soutient une circulation saine et apporte des vitamines A, B, C et E \u00e0 la peau. Une fermentation douce am\u00e9liore son ar\u00f4me et offre un soutien probiotique b\u00e9n\u00e9fique.  <\/p>\n<p><em>Amande Crue Cr\u00e9meuse<\/em><\/p>\n<p>Une huile \u00e9molliente id\u00e9ale pour les peaux s\u00e8ches ou matures. Riche en vitamines E et K, elle soutient le renouvellement cellulaire, am\u00e9liore l\u2019\u00e9lasticit\u00e9 et offre une l\u00e9g\u00e8re protection contre le stress environnemental. <\/p>\n<p><em>Menthe Fra\u00eeche de Jardin<\/em><\/p>\n<p>Riche en nutriments tels que le potassium, le magn\u00e9sium, le calcium, le fer et les vitamines A et C. Naturellement apaisante et rafra\u00eechissante, la menthe aide \u00e0 calmer et \u00e0 revitaliser la peau d\u00e9licate des l\u00e8vres.<\/p>\n<p><em><strong>Tous les ingr\u00e9dients sont biologiques, issus de cueillette sauvage, et sourc\u00e9s de mani\u00e8re durable, \u00e9thique et r\u00e9gionale. <\/strong><\/em><\/p>\n<p><strong>Taille : 15 ml<\/strong><\/p>\n<h2><strong>Ingr\u00e9dients naturels \/ biologiques <\/strong><\/h2>\n<p>Extractions et essences v\u00e9g\u00e9tales compl\u00e8tes faites maison de Rose Th\u00e9 Ancienne (<em>Rosa x odorata<\/em>), Teinture de Cannelle (<em>Cinnamomum verum<\/em>), Menthe Sauvage Fra\u00eeche (<em>Mentha spp.<\/em>), Absolue de Rose (<em>Rosa damascena<\/em>), Tournesol Bior\u00e9gional (<em>Helianthus annuus<\/em>), Amande Crue (<em>Prunus dulcis<\/em>), Graine de Ricin Noir (<em>Ricinus communis<\/em>), Huile de Jojoba (<em>Simmondsia chinensis<\/em>), Cire d\u2019Abeille de Prairie Locale Brute Non Raffin\u00e9e (<em>Apis mellifera<\/em>), Beurre de Karit\u00e9 Brut (<em>Vitellaria paradoxa<\/em>), Fleur de Lavande (<em>Lavandula angustifolia<\/em>), Fleur de Calendula (<em>Calendula officinalis<\/em>), Feuille de Plantain (<em>Plantago major<\/em>), Racine de Guimauve (<em>Althaea officinalis<\/em>), M\u00e9lisse (<em>Melissa officinalis<\/em>), Fleur de Sureau (<em>Sambucus nigra<\/em>).<\/p>\n\n\t<section class=\"section dark\" id=\"section_1876474937\">\n\t\t<div class=\"section-bg fill\" >\n\t\t\t<img fetchpriority=\"high\" decoding=\"async\" width=\"1200\" height=\"604\" src=\"https:\/\/dutchhealthstore.com\/wp-content\/uploads\/2026\/02\/bgux.jpg\" class=\"bg attachment- size-\" alt=\"\" \/>\t\t\t\t\t\t<div class=\"section-bg-overlay absolute fill\"><\/div>\n\t\t\t\n\n\t\t<\/div>\n\n\t\t\n\n\t\t<div class=\"section-content relative\">\n\t\t\t\n\n\t<div id=\"gap-293844862\" class=\"gap-element clearfix\" style=\"display:block; height:auto;\">\n\t\t\n<style>\n#gap-293844862 {\n  padding-top: 15px;\n}\n<\/style>\n\t<\/div>\n\t\n\n<div class=\"container section-title-container\" ><h3 class=\"section-title section-title-normal\"><b><\/b><span class=\"section-title-main\" >\u00c0 propos de Tidelands House<\/span><b><\/b><\/h3><\/div>\n\n<div class=\"row\"  id=\"row-836376033\">\n\n\n\t<div id=\"col-646941223\" class=\"col small-12 large-12\"  >\n\t\t\t\t<div class=\"col-inner\"  >\n\t\t\t\n\t\t\t\n\n<p>Tidelands House est un atelier canadien de soins botaniques pour la peau, fond\u00e9 par l\u2019herboriste Dominique Del Col. Chaque formule est fabriqu\u00e9e \u00e0 la main dans une distillerie baign\u00e9e de lumi\u00e8re solaire, au sein d\u2019un cottage en pierre restaur\u00e9 du XIXe si\u00e8cle, o\u00f9 des herbes sont suspendues aux poutres en bois et o\u00f9 les plantes sont pr\u00e9par\u00e9es au rythme des saisons.<\/p>\n<p>Des plantes sauvages cueillies, la culture biodynamique et des v\u00e9g\u00e9taux marins r\u00e9colt\u00e9s sur les c\u00f4tes orientales du Canada constituent le c\u0153ur de chaque pr\u00e9paration. Les ingr\u00e9dients sont r\u00e9colt\u00e9s au pic de leur vitalit\u00e9 et \u00e9labor\u00e9s en micro-lots afin de pr\u00e9server leur puissance, leur fra\u00eecheur et leur int\u00e9grit\u00e9 \u00e9nerg\u00e9tique. <\/p>\n<p>Aucun additif synth\u00e9tique. Aucun agent de charge inutile. Uniquement des extraits botaniques riches en nutriments, des essences florales ferment\u00e9es et des huiles v\u00e9g\u00e9tales pures, pr\u00e9sent\u00e9s dans du verre opalin d\u2019inspiration patrimoniale.  <\/p>\n<p>Tidelands House propose des soins lents et intentionnels \u2014 ancr\u00e9s dans la terre, le rituel et le respect \u00e0 la fois de la tradition et de la science botanique moderne.<\/p>\n\n\n\t\t<\/div>\n\t\t\t\t\t<\/div>\n\n\t\n\n<\/div>\n\n\t\t<\/div>\n\n\t\t\n<style>\n#section_1876474937 {\n  padding-top: 30px;\n  padding-bottom: 30px;\n  background-color: rgb(40, 40, 40);\n}\n#section_1876474937 .section-bg-overlay {\n  background-color: rgba(0, 0, 0, 0.477);\n}\n#section_1876474937 .section-bg img {\n  object-position: 51% 73%;\n}\n<\/style>\n\t<\/section>\n\t\n","protected":false},"excerpt":{"rendered":"<p>La Cr\u00e8me pour les l\u00e8vres Rose Th\u00e9 &amp; Menthe Sauvage est un soin pour les l\u00e8vres doux et cr\u00e9meux, enrichi de roses anciennes et d&rsquo;herbes sauvages cueillies avec soin.<\/p>\n","protected":false},"featured_media":371713,"comment_status":"open","ping_status":"closed","template":"","meta":[],"product_brand":[],"product_cat":[5979,1036,1908,20908,1209,1030,1010,5905,5902,22208],"product_tag":[],"class_list":{"0":"post-372499","1":"product","2":"type-product","3":"status-publish","4":"has-post-thumbnail","6":"product_cat-lips-fr-3","7":"product_cat-maquillage","8":"product_cat-new-additions-fr","9":"product_cat-new-additions-skincare-fr","10":"product_cat-par-marques","11":"product_cat-par-produits","12":"product_cat-notre-boutique","13":"product_cat-lip-care","14":"product_cat-eye-lip-care-fr-2","15":"product_cat-tidelands-house","16":"pa_brand-tidelands-house","17":"pa_gtin-22264","18":"pa_size-15-ml-fr","19":"pa_skincare-type-lips-eye-care-fr","21":"first","22":"instock","23":"taxable","24":"shipping-taxable","25":"purchasable","26":"product-type-simple"},"bundled_by":[],"bundle_stock_status":"instock","bundle_stock_quantity":5,"bundle_virtual":false,"bundle_layout":"","bundle_add_to_cart_form_location":"","bundle_editable_in_cart":false,"bundle_sold_individually_context":"","bundle_item_grouping":"","bundle_min_size":"","bundle_max_size":"","bundle_price":[],"bundled_items":[],"bundle_sell_ids":[372603],"atum_controlled":true,"out_stock_date":null,"out_stock_threshold":null,"inheritable":false,"stock_on_hold":1,"sold_today":0,"sales_last_days":3,"out_stock_days":1,"lost_sales":8,"update_date":"2026-04-09T05:06:33","atum_locations":[],"atum_stock_status":"instock","restock_status":false,"low_stock_amount":"","sales_update_date":"2026-04-09T05:06:33","calc_backorders":null,"group_of_quantity":0,"min_quantity":0,"max_quantity":"","exclude_order_quantity_value_rules":"no","exclude_category_quantity_rules":"no","combine_variations":"no","yoast_head":"<!-- This site is optimized with the Yoast SEO Premium plugin v26.5 (Yoast SEO v26.5) - https:\/\/yoast.com\/wordpress\/plugins\/seo\/ -->\n<title>Tea Rose &amp; Wild Mint Lip Cr\u00e8me - Tidelands House<\/title>\n<meta name=\"description\" content=\"La Cr\u00e8me pour les l\u00e8vres Rose Th\u00e9 &amp; Menthe Sauvage est un soin pour les l\u00e8vres doux et cr\u00e9meux, enrichi de roses anciennes et d&#039;herbes sauvages cueillies avec soin.\" \/>\n<meta name=\"robots\" content=\"index, follow, max-snippet:-1, max-image-preview:large, max-video-preview:-1\" \/>\n<link rel=\"canonical\" href=\"https:\/\/dutchhealthstore.com\/fr\/product\/tea-rose-wild-mint-lip-creme\/\" \/>\n<meta property=\"og:locale\" content=\"fr_FR\" \/>\n<meta property=\"og:type\" content=\"article\" \/>\n<meta property=\"og:title\" content=\"Tea Rose &amp; Wild Mint Lip Cr\u00e8me - Dutch Health Store\" \/>\n<meta property=\"og:description\" content=\"La Cr\u00e8me pour les l\u00e8vres Rose Th\u00e9 &amp; Menthe Sauvage est un soin pour les l\u00e8vres doux et cr\u00e9meux, enrichi de roses anciennes et d&#039;herbes sauvages cueillies avec soin.\" \/>\n<meta property=\"og:url\" content=\"https:\/\/dutchhealthstore.com\/fr\/product\/tea-rose-wild-mint-lip-creme\/\" \/>\n<meta property=\"og:site_name\" content=\"Dutch Health Store\" \/>\n<meta property=\"article:publisher\" content=\"https:\/\/www.instagram.com\/dutchhealthstore\/\" \/>\n<meta property=\"article:modified_time\" content=\"2026-03-23T13:29:40+00:00\" \/>\n<meta property=\"og:image\" content=\"https:\/\/dutchhealthstore.com\/wp-content\/uploads\/2026\/02\/Untitled-design-2026-02-17T093347.730.jpg\" \/>\n\t<meta property=\"og:image:width\" content=\"530\" \/>\n\t<meta property=\"og:image:height\" content=\"530\" \/>\n\t<meta property=\"og:image:type\" content=\"image\/jpeg\" \/>\n<meta name=\"twitter:card\" content=\"summary_large_image\" \/>\n<meta name=\"twitter:label1\" content=\"Prix\" \/>\n\t<meta name=\"twitter:data1\" content=\"&euro;20,00\" \/>\n\t<meta name=\"twitter:label2\" content=\"Disponibilit\u00e9\" \/>\n\t<meta name=\"twitter:data2\" content=\"En stock\" \/>\n<script type=\"application\/ld+json\" class=\"yoast-schema-graph\">{\"@context\":\"https:\/\/schema.org\",\"@graph\":[{\"@type\":\"WebPage\",\"@id\":\"https:\/\/dutchhealthstore.com\/fr\/product\/tea-rose-wild-mint-lip-creme\/\",\"url\":\"https:\/\/dutchhealthstore.com\/fr\/product\/tea-rose-wild-mint-lip-creme\/\",\"name\":\"Tea Rose &amp; Wild Mint Lip Cr\u00e8me - Tidelands House\",\"isPartOf\":{\"@id\":\"https:\/\/dutchhealthstore.com\/fr\/#website\"},\"primaryImageOfPage\":{\"@id\":\"https:\/\/dutchhealthstore.com\/fr\/product\/tea-rose-wild-mint-lip-creme\/#primaryimage\"},\"image\":{\"@id\":\"https:\/\/dutchhealthstore.com\/fr\/product\/tea-rose-wild-mint-lip-creme\/#primaryimage\"},\"thumbnailUrl\":\"https:\/\/dutchhealthstore.com\/wp-content\/uploads\/2026\/02\/Untitled-design-2026-02-17T093347.730.jpg\",\"datePublished\":\"2026-02-23T10:55:32+00:00\",\"dateModified\":\"2026-03-23T13:29:40+00:00\",\"description\":\"La Cr\u00e8me pour les l\u00e8vres Rose Th\u00e9 & Menthe Sauvage est un soin pour les l\u00e8vres doux et cr\u00e9meux, enrichi de roses anciennes et d'herbes sauvages cueillies avec soin.\",\"breadcrumb\":{\"@id\":\"https:\/\/dutchhealthstore.com\/fr\/product\/tea-rose-wild-mint-lip-creme\/#breadcrumb\"},\"inLanguage\":\"fr-FR\",\"potentialAction\":[{\"@type\":\"ReadAction\",\"target\":[\"https:\/\/dutchhealthstore.com\/fr\/product\/tea-rose-wild-mint-lip-creme\/\"]}]},{\"@type\":\"ImageObject\",\"inLanguage\":\"fr-FR\",\"@id\":\"https:\/\/dutchhealthstore.com\/fr\/product\/tea-rose-wild-mint-lip-creme\/#primaryimage\",\"url\":\"https:\/\/dutchhealthstore.com\/wp-content\/uploads\/2026\/02\/Untitled-design-2026-02-17T093347.730.jpg\",\"contentUrl\":\"https:\/\/dutchhealthstore.com\/wp-content\/uploads\/2026\/02\/Untitled-design-2026-02-17T093347.730.jpg\",\"width\":530,\"height\":530,\"caption\":\"tidelands-house-tea-rose-lip-creme\"},{\"@type\":\"BreadcrumbList\",\"@id\":\"https:\/\/dutchhealthstore.com\/fr\/product\/tea-rose-wild-mint-lip-creme\/#breadcrumb\",\"itemListElement\":[{\"@type\":\"ListItem\",\"position\":1,\"name\":\"Home\",\"item\":\"https:\/\/dutchhealthstore.com\/fr\/\"},{\"@type\":\"ListItem\",\"position\":2,\"name\":\"Shop\",\"item\":\"https:\/\/dutchhealthstore.com\/fr\/shop\/\"},{\"@type\":\"ListItem\",\"position\":3,\"name\":\"Tea Rose &amp; Wild Mint Lip Cr\u00e8me\"}]},{\"@type\":\"WebSite\",\"@id\":\"https:\/\/dutchhealthstore.com\/fr\/#website\",\"url\":\"https:\/\/dutchhealthstore.com\/fr\/\",\"name\":\"Dutch Health Store\",\"description\":\"Enhance Your Beauty with Organic &amp; Natural Skincare\",\"publisher\":{\"@id\":\"https:\/\/dutchhealthstore.com\/fr\/#organization\"},\"potentialAction\":[{\"@type\":\"SearchAction\",\"target\":{\"@type\":\"EntryPoint\",\"urlTemplate\":\"https:\/\/dutchhealthstore.com\/fr\/?s={search_term_string}\"},\"query-input\":{\"@type\":\"PropertyValueSpecification\",\"valueRequired\":true,\"valueName\":\"search_term_string\"}}],\"inLanguage\":\"fr-FR\"},{\"@type\":\"Organization\",\"@id\":\"https:\/\/dutchhealthstore.com\/fr\/#organization\",\"name\":\"Dutch Health Store\",\"url\":\"https:\/\/dutchhealthstore.com\/fr\/\",\"logo\":{\"@type\":\"ImageObject\",\"inLanguage\":\"fr-FR\",\"@id\":\"https:\/\/dutchhealthstore.com\/fr\/#\/schema\/logo\/image\/\",\"url\":\"https:\/\/dutchhealthstore.com\/wp-content\/uploads\/2020\/08\/logo-dutchhealthstore-jpg-e1599484957574.jpg\",\"contentUrl\":\"https:\/\/dutchhealthstore.com\/wp-content\/uploads\/2020\/08\/logo-dutchhealthstore-jpg-e1599484957574.jpg\",\"width\":400,\"height\":62,\"caption\":\"Dutch Health Store\"},\"image\":{\"@id\":\"https:\/\/dutchhealthstore.com\/fr\/#\/schema\/logo\/image\/\"},\"sameAs\":[\"https:\/\/www.instagram.com\/dutchhealthstore\/\",\"https:\/\/www.facebook.com\/dutchhealthstore\"]}]}<\/script>\n<meta property=\"product:brand\" content=\"Tidelands House\" \/>\n<meta property=\"product:price:amount\" content=\"20.00\" \/>\n<meta property=\"product:price:currency\" content=\"EUR\" \/>\n<meta property=\"og:availability\" content=\"instock\" \/>\n<meta property=\"product:availability\" content=\"instock\" \/>\n<meta property=\"product:condition\" content=\"new\" \/>\n<!-- \/ Yoast SEO Premium plugin. -->","yoast_head_json":{"title":"Tea Rose &amp; Wild Mint Lip Cr\u00e8me - Tidelands House","description":"La Cr\u00e8me pour les l\u00e8vres Rose Th\u00e9 & Menthe Sauvage est un soin pour les l\u00e8vres doux et cr\u00e9meux, enrichi de roses anciennes et d'herbes sauvages cueillies avec soin.","robots":{"index":"index","follow":"follow","max-snippet":"max-snippet:-1","max-image-preview":"max-image-preview:large","max-video-preview":"max-video-preview:-1"},"canonical":"https:\/\/dutchhealthstore.com\/fr\/product\/tea-rose-wild-mint-lip-creme\/","og_locale":"fr_FR","og_type":"article","og_title":"Tea Rose &amp; Wild Mint Lip Cr\u00e8me - Dutch Health Store","og_description":"La Cr\u00e8me pour les l\u00e8vres Rose Th\u00e9 & Menthe Sauvage est un soin pour les l\u00e8vres doux et cr\u00e9meux, enrichi de roses anciennes et d'herbes sauvages cueillies avec soin.","og_url":"https:\/\/dutchhealthstore.com\/fr\/product\/tea-rose-wild-mint-lip-creme\/","og_site_name":"Dutch Health Store","article_publisher":"https:\/\/www.instagram.com\/dutchhealthstore\/","article_modified_time":"2026-03-23T13:29:40+00:00","og_image":[{"width":530,"height":530,"url":"https:\/\/dutchhealthstore.com\/wp-content\/uploads\/2026\/02\/Untitled-design-2026-02-17T093347.730.jpg","type":"image\/jpeg"}],"twitter_card":"summary_large_image","twitter_misc":{"Prix":"&euro;20,00","Disponibilit\u00e9":"En stock"},"schema":{"@context":"https:\/\/schema.org","@graph":[{"@type":"WebPage","@id":"https:\/\/dutchhealthstore.com\/fr\/product\/tea-rose-wild-mint-lip-creme\/","url":"https:\/\/dutchhealthstore.com\/fr\/product\/tea-rose-wild-mint-lip-creme\/","name":"Tea Rose &amp; Wild Mint Lip Cr\u00e8me - Tidelands House","isPartOf":{"@id":"https:\/\/dutchhealthstore.com\/fr\/#website"},"primaryImageOfPage":{"@id":"https:\/\/dutchhealthstore.com\/fr\/product\/tea-rose-wild-mint-lip-creme\/#primaryimage"},"image":{"@id":"https:\/\/dutchhealthstore.com\/fr\/product\/tea-rose-wild-mint-lip-creme\/#primaryimage"},"thumbnailUrl":"https:\/\/dutchhealthstore.com\/wp-content\/uploads\/2026\/02\/Untitled-design-2026-02-17T093347.730.jpg","datePublished":"2026-02-23T10:55:32+00:00","dateModified":"2026-03-23T13:29:40+00:00","description":"La Cr\u00e8me pour les l\u00e8vres Rose Th\u00e9 & Menthe Sauvage est un soin pour les l\u00e8vres doux et cr\u00e9meux, enrichi de roses anciennes et d'herbes sauvages cueillies avec soin.","breadcrumb":{"@id":"https:\/\/dutchhealthstore.com\/fr\/product\/tea-rose-wild-mint-lip-creme\/#breadcrumb"},"inLanguage":"fr-FR","potentialAction":[{"@type":"ReadAction","target":["https:\/\/dutchhealthstore.com\/fr\/product\/tea-rose-wild-mint-lip-creme\/"]}]},{"@type":"ImageObject","inLanguage":"fr-FR","@id":"https:\/\/dutchhealthstore.com\/fr\/product\/tea-rose-wild-mint-lip-creme\/#primaryimage","url":"https:\/\/dutchhealthstore.com\/wp-content\/uploads\/2026\/02\/Untitled-design-2026-02-17T093347.730.jpg","contentUrl":"https:\/\/dutchhealthstore.com\/wp-content\/uploads\/2026\/02\/Untitled-design-2026-02-17T093347.730.jpg","width":530,"height":530,"caption":"tidelands-house-tea-rose-lip-creme"},{"@type":"BreadcrumbList","@id":"https:\/\/dutchhealthstore.com\/fr\/product\/tea-rose-wild-mint-lip-creme\/#breadcrumb","itemListElement":[{"@type":"ListItem","position":1,"name":"Home","item":"https:\/\/dutchhealthstore.com\/fr\/"},{"@type":"ListItem","position":2,"name":"Shop","item":"https:\/\/dutchhealthstore.com\/fr\/shop\/"},{"@type":"ListItem","position":3,"name":"Tea Rose &amp; Wild Mint Lip Cr\u00e8me"}]},{"@type":"WebSite","@id":"https:\/\/dutchhealthstore.com\/fr\/#website","url":"https:\/\/dutchhealthstore.com\/fr\/","name":"Dutch Health Store","description":"Enhance Your Beauty with Organic &amp; Natural Skincare","publisher":{"@id":"https:\/\/dutchhealthstore.com\/fr\/#organization"},"potentialAction":[{"@type":"SearchAction","target":{"@type":"EntryPoint","urlTemplate":"https:\/\/dutchhealthstore.com\/fr\/?s={search_term_string}"},"query-input":{"@type":"PropertyValueSpecification","valueRequired":true,"valueName":"search_term_string"}}],"inLanguage":"fr-FR"},{"@type":"Organization","@id":"https:\/\/dutchhealthstore.com\/fr\/#organization","name":"Dutch Health Store","url":"https:\/\/dutchhealthstore.com\/fr\/","logo":{"@type":"ImageObject","inLanguage":"fr-FR","@id":"https:\/\/dutchhealthstore.com\/fr\/#\/schema\/logo\/image\/","url":"https:\/\/dutchhealthstore.com\/wp-content\/uploads\/2020\/08\/logo-dutchhealthstore-jpg-e1599484957574.jpg","contentUrl":"https:\/\/dutchhealthstore.com\/wp-content\/uploads\/2020\/08\/logo-dutchhealthstore-jpg-e1599484957574.jpg","width":400,"height":62,"caption":"Dutch Health Store"},"image":{"@id":"https:\/\/dutchhealthstore.com\/fr\/#\/schema\/logo\/image\/"},"sameAs":["https:\/\/www.instagram.com\/dutchhealthstore\/","https:\/\/www.facebook.com\/dutchhealthstore"]}]},"product_brand":"Tidelands House","product_price_amount":"20.00","product_price_currency":"EUR","og_availability":"instock","product_availability":"instock","product_condition":"new"},"_links":{"self":[{"href":"https:\/\/dutchhealthstore.com\/fr\/wp-json\/wp\/v2\/product\/372499","targetHints":{"allow":["GET"]}}],"collection":[{"href":"https:\/\/dutchhealthstore.com\/fr\/wp-json\/wp\/v2\/product"}],"about":[{"href":"https:\/\/dutchhealthstore.com\/fr\/wp-json\/wp\/v2\/types\/product"}],"replies":[{"embeddable":true,"href":"https:\/\/dutchhealthstore.com\/fr\/wp-json\/wp\/v2\/comments?post=372499"}],"wp:featuredmedia":[{"embeddable":true,"href":"https:\/\/dutchhealthstore.com\/fr\/wp-json\/wp\/v2\/media\/371713"}],"wp:attachment":[{"href":"https:\/\/dutchhealthstore.com\/fr\/wp-json\/wp\/v2\/media?parent=372499"}],"wp:term":[{"taxonomy":"product_brand","embeddable":true,"href":"https:\/\/dutchhealthstore.com\/fr\/wp-json\/wp\/v2\/product_brand?post=372499"},{"taxonomy":"product_cat","embeddable":true,"href":"https:\/\/dutchhealthstore.com\/fr\/wp-json\/wp\/v2\/product_cat?post=372499"},{"taxonomy":"product_tag","embeddable":true,"href":"https:\/\/dutchhealthstore.com\/fr\/wp-json\/wp\/v2\/product_tag?post=372499"}],"curies":[{"name":"wp","href":"https:\/\/api.w.org\/{rel}","templated":true}]}}