{"id":372495,"date":"2026-02-23T12:15:45","date_gmt":"2026-02-23T11:15:45","guid":{"rendered":"https:\/\/dutchhealthstore.com\/product\/pot-de-fleurs-mineral-and-mallow-mud-mask\/"},"modified":"2026-03-23T14:29:38","modified_gmt":"2026-03-23T13:29:38","slug":"pot-de-fleurs-mineral-and-mallow-mud-mask","status":"publish","type":"product","link":"https:\/\/dutchhealthstore.com\/fr\/product\/pot-de-fleurs-mineral-and-mallow-mud-mask\/","title":{"rendered":"Pot de Fleurs Mineral and Mallow Mud Mask"},"content":{"rendered":"<p>Ce masque facial doux et nourrissant est riche en antioxydants phytonutriments et en enzymes naturelles. Il aide \u00e0 reconstituer l\u2019hydratation, \u00e0 repulper la peau et \u00e0 soutenir un microbiome cutan\u00e9 \u00e9quilibr\u00e9 pour un \u00e9clat sain et lumineux. <\/p>\n<p>Lorsque vous rincez, les min\u00e9raux sauvages procurent une exfoliation tr\u00e8s douce, lissant et affinant la peau sans irritation.<\/p>\n<h3>Philosophie des fleurs<\/h3>\n<p>Le cacao ancien, la fleur de camomille grill\u00e9e, le limon glaciaire, la racine de guimauve, le fruit de rose et le champignon crini\u00e8re de lion forment le c\u0153ur botanique de ce masque ancrant.<\/p>\n<h3>Le rituel<\/h3>\n<p>Humidifiez votre visage et vos mains. Pr\u00e9levez une petite noisette de masque et massez-la sur une peau humide et fra\u00eechement nettoy\u00e9e. <\/p>\n<p>Laissez agir pendant 10 \u00e0 20 minutes. Rincez lentement \u00e0 l\u2019eau ti\u00e8de, en massant par de doux mouvements circulaires pour polir et lisser d\u00e9licatement la peau. <\/p>\n<p>Terminez avec une brume faciale et votre hydratant pr\u00e9f\u00e9r\u00e9.<\/p>\n<p>Pour de meilleurs r\u00e9sultats et une fra\u00eecheur optimale, utilisez dans les quatre \u00e0 six mois apr\u00e8s ouverture. Conservez dans un endroit frais, sec et sombre. <\/p>\n<h3>Plantes actives<\/h3>\n<p><em>Racine de guimauve<\/em><\/p>\n<p>Un humectant naturel qui attire l\u2019humidit\u00e9 dans la peau, am\u00e9liorant l\u2019hydratation. Riche en flavono\u00efdes aux propri\u00e9t\u00e9s anti-inflammatoires, il aide \u00e0 apaiser les irritations et \u00e0 prot\u00e9ger contre les UV et le stress des radicaux libres. <\/p>\n<p><em>Miel de prairie brut<\/em><\/p>\n<p>Miel local non pasteuris\u00e9, brut et biologique aux bienfaits antibact\u00e9riens et anti-inflammatoires naturels. Il hydrate et calme la peau tandis que ses enzymes naturelles exfolient en douceur et r\u00e9duisent la s\u00e9cheresse. <\/p>\n<p><em>Limon glaciaire<\/em><\/p>\n<p>Riche en min\u00e9raux naturels qui nourrissent et fortifient le teint. Il aide \u00e0 extraire les impuret\u00e9s tout en soutenant la force et la clart\u00e9 de la peau. <\/p>\n<p><em>M\u00e9lange de champignons forestiers<\/em><\/p>\n<p>Riche en polysaccharides r\u00e9parateurs tels que les b\u00eata-glucanes. Ces champignons aident \u00e0 r\u00e9duire les gonflements, \u00e0 soutenir le flux lymphatique, \u00e0 stimuler l\u2019activit\u00e9 antioxydante et \u00e0 encourager la production de collag\u00e8ne pour une peau plus ferme et plus lumineuse. <\/p>\n<p><em>Fruit de rose de Nouvelle-\u00c9cosse<\/em><\/p>\n<p>Riche en vitamine C, le fruit de rose offre un resurfa\u00e7age enzymatique doux tout en apportant des nutriments essentiels. Il soutient la production de collag\u00e8ne, calme l\u2019inflammation et am\u00e9liore l\u2019\u00e9clat. <\/p>\n<p><em>Cacao brut ancien<\/em><\/p>\n<p>Naturellement riche en antioxydants, le cacao aide \u00e0 prot\u00e9ger contre les dommages environnementaux et le vieillissement pr\u00e9matur\u00e9. Riche en acides gras om\u00e9ga-6, il apaise les rougeurs, soutient la r\u00e9paration cutan\u00e9e et favorise un \u00e9clat sain. <\/p>\n<p><em>Racine d\u2019\u00e9leuth\u00e9rocoque<\/em><\/p>\n<p>Une racine adaptog\u00e8ne anti-inflammatoire riche en min\u00e9raux et antioxydants. Elle soutient la production de collag\u00e8ne, am\u00e9liore le renouvellement cutan\u00e9 et aide \u00e0 cr\u00e9er une apparence plus ferme et plus tonique. <\/p>\n<p><em><strong>Tous les ingr\u00e9dients sont biologiques, issus de cueillette sauvage, et sourc\u00e9s de mani\u00e8re durable, \u00e9thique et r\u00e9gionale. <\/strong><\/em><\/p>\n<h2><strong>Ingr\u00e9dients naturels \/ biologiques <\/strong><\/h2>\n<p>Extraits et essences de plantes enti\u00e8res faits maison de racine de guimauve (<em>Althaea officinalis<\/em>), limon glaciaire, cacao brut ancien (<em>Theobroma cacao<\/em>), m\u00e9lange de champignons forestiers bior\u00e9gionaux (<em>various species<\/em>), racine d\u2019\u00e9leuth\u00e9ro (<em>Eleutherococcus senticosus<\/em>), fruit de rose (<em>Rosa rugosa<\/em>), varech c\u00f4tier (<em>Laminaria digitata<\/em>), algue spiruline (<em>Arthrospira platensis<\/em>), baie de schisandra (<em>Schisandra chinensis<\/em>), ferment de romarin (<em>Rosmarinus officinalis<\/em>), fleur de camomille (<em>Matricaria chamomilla<\/em>), teinture de graines de carotte ancienne (<em>Daucus carota<\/em>), essence d\u2019immortelle (<em>Helichrysum italicum<\/em>), huile d\u2019avocat (<em>Persea americana<\/em>), noyau d\u2019abricot (<em>Prunus armeniaca<\/em>), boue de la Mer Morte (<em>Dead Sea minerals<\/em>), glyc\u00e9rine de lin biodynamique (<em>Linum usitatissimum<\/em>), miel de prairie bior\u00e9gional brut (<em>Mel<\/em>).<\/p>\n\n\t<section class=\"section dark\" id=\"section_1338165302\">\n\t\t<div class=\"section-bg fill\" >\n\t\t\t<img fetchpriority=\"high\" decoding=\"async\" width=\"1200\" height=\"604\" src=\"https:\/\/dutchhealthstore.com\/wp-content\/uploads\/2026\/02\/bgux.jpg\" class=\"bg attachment- size-\" alt=\"\" \/>\t\t\t\t\t\t<div class=\"section-bg-overlay absolute fill\"><\/div>\n\t\t\t\n\n\t\t<\/div>\n\n\t\t\n\n\t\t<div class=\"section-content relative\">\n\t\t\t\n\n\t<div id=\"gap-550568183\" class=\"gap-element clearfix\" style=\"display:block; height:auto;\">\n\t\t\n<style>\n#gap-550568183 {\n  padding-top: 15px;\n}\n<\/style>\n\t<\/div>\n\t\n\n<div class=\"container section-title-container\" ><h3 class=\"section-title section-title-normal\"><b><\/b><span class=\"section-title-main\" >\u00c0 propos de Tidelands House<\/span><b><\/b><\/h3><\/div>\n\n<div class=\"row\"  id=\"row-2005615562\">\n\n\n\t<div id=\"col-75661746\" class=\"col small-12 large-12\"  >\n\t\t\t\t<div class=\"col-inner\"  >\n\t\t\t\n\t\t\t\n\n<p>Tidelands House est un atelier canadien de soins botaniques pour la peau, fond\u00e9 par l\u2019herboriste Dominique Del Col. Chaque formule est fabriqu\u00e9e \u00e0 la main dans une distillerie baign\u00e9e de lumi\u00e8re solaire, au sein d\u2019un cottage en pierre restaur\u00e9 du XIXe si\u00e8cle, o\u00f9 des herbes sont suspendues aux poutres en bois et o\u00f9 les plantes sont pr\u00e9par\u00e9es au rythme des saisons.<\/p>\n<p>Des plantes sauvages cueillies, la culture biodynamique et des v\u00e9g\u00e9taux marins r\u00e9colt\u00e9s sur les c\u00f4tes orientales du Canada constituent le c\u0153ur de chaque pr\u00e9paration. Les ingr\u00e9dients sont r\u00e9colt\u00e9s au pic de leur vitalit\u00e9 et \u00e9labor\u00e9s en micro-lots afin de pr\u00e9server leur puissance, leur fra\u00eecheur et leur int\u00e9grit\u00e9 \u00e9nerg\u00e9tique. <\/p>\n<p>Aucun additif synth\u00e9tique. Aucun agent de charge inutile. Uniquement des extraits botaniques riches en nutriments, des essences florales ferment\u00e9es et des huiles v\u00e9g\u00e9tales pures, pr\u00e9sent\u00e9s dans du verre opalin d\u2019inspiration patrimoniale.  <\/p>\n<p>Tidelands House propose des soins lents et intentionnels \u2014 ancr\u00e9s dans la terre, le rituel et le respect \u00e0 la fois de la tradition et de la science botanique moderne.<\/p>\n\n\n\t\t<\/div>\n\t\t\t\t\t<\/div>\n\n\t\n\n<\/div>\n\n\t\t<\/div>\n\n\t\t\n<style>\n#section_1338165302 {\n  padding-top: 30px;\n  padding-bottom: 30px;\n  background-color: rgb(40, 40, 40);\n}\n#section_1338165302 .section-bg-overlay {\n  background-color: rgba(0, 0, 0, 0.477);\n}\n#section_1338165302 .section-bg img {\n  object-position: 51% 73%;\n}\n<\/style>\n\t<\/section>\n\t\n","protected":false},"excerpt":{"rendered":"<p>Pot de Fleurs, signifiant \u00ab Pot de fleurs \u00bb, \u00e9voque la sensation des mains dans une terre riche, de l\u2019eau s\u2019impr\u00e9gnant dans la terre cuite et de nouvelles racines qui commencent \u00e0 pousser.<\/p>\n","protected":false},"featured_media":371704,"comment_status":"open","ping_status":"closed","template":"","meta":[],"product_brand":[],"product_cat":[21010,20925,20947,14733,1117,5127,5628,5629,1908,20908,1209,1030,5107,5673,4978,4977,5627,5121,4976,1229,4979,1010,13172,22208],"product_tag":[],"class_list":{"0":"post-372495","1":"product","2":"type-product","3":"status-publish","4":"has-post-thumbnail","6":"product_cat-masques","7":"product_cat-peau-mature-et-vieillissante","8":"product_cat-secs-fr","9":"product_cat-soins-de-la-peau","10":"product_cat-gommages-exfoliants-fr","11":"product_cat-masks-scrubs-exfoliators-fr","12":"product_cat-masks-scrubs-exfoliators-fr-5","13":"product_cat-masks-scrubs-exfoliators-fr-4","14":"product_cat-new-additions-fr","15":"product_cat-new-additions-skincare-fr","16":"product_cat-par-marques","17":"product_cat-par-produits","18":"product_cat-by-skin-type-fr-4","19":"product_cat-oily-skin-clogged-pores-fr","20":"product_cat-oily-skin-clogged-pores-fr-2","21":"product_cat-normal-or-combination-skin","22":"product_cat-normal-or-combination-skin-fr-2","23":"product_cat-dry-mature-ageing-skin-fr-2","24":"product_cat-dry-mature-ageing-skin","25":"product_cat-sensitive-skin-redness-fr","26":"product_cat-sensitive-skin-redness-fr-2","27":"product_cat-notre-boutique","28":"product_cat-skincare-fr-2","29":"product_cat-tidelands-house","30":"pa_brand-tidelands-house","31":"pa_gtin-22261","32":"pa_size-50-ml-fr","33":"pa_skincare-type-masks-scrubs-exfoliators-fr","35":"first","36":"instock","37":"taxable","38":"shipping-taxable","39":"purchasable","40":"product-type-simple"},"bundled_by":[],"bundle_stock_status":"instock","bundle_stock_quantity":3,"bundle_virtual":false,"bundle_layout":"","bundle_add_to_cart_form_location":"","bundle_editable_in_cart":false,"bundle_sold_individually_context":"","bundle_item_grouping":"","bundle_min_size":"","bundle_max_size":"","bundle_price":[],"bundled_items":[],"bundle_sell_ids":[107695],"atum_controlled":true,"out_stock_date":null,"out_stock_threshold":null,"inheritable":false,"stock_on_hold":0,"sold_today":0,"sales_last_days":0,"out_stock_days":0,"lost_sales":0,"update_date":"2026-04-07T06:56:24","atum_locations":[],"atum_stock_status":"instock","restock_status":false,"low_stock_amount":"","sales_update_date":"2026-04-07T06:56:24","calc_backorders":null,"group_of_quantity":0,"min_quantity":0,"max_quantity":"","exclude_order_quantity_value_rules":"no","exclude_category_quantity_rules":"no","combine_variations":"no","yoast_head":"<!-- This site is optimized with the Yoast SEO Premium plugin v26.5 (Yoast SEO v26.5) - https:\/\/yoast.com\/wordpress\/plugins\/seo\/ -->\n<title>Pot de Fleurs Mineral and Mallow Mud Mask - Tidelands House<\/title>\n<meta name=\"description\" content=\"Pot de Fleurs, signifiant \u00ab Pot de fleurs \u00bb, \u00e9voque la sensation des mains dans une terre riche, de l\u2019eau s\u2019impr\u00e9gnant dans la terre cuite et de nouvelles racines qui commencent \u00e0 pousser.\" \/>\n<meta name=\"robots\" content=\"index, follow, max-snippet:-1, max-image-preview:large, max-video-preview:-1\" \/>\n<link rel=\"canonical\" href=\"https:\/\/dutchhealthstore.com\/fr\/product\/pot-de-fleurs-mineral-and-mallow-mud-mask\/\" \/>\n<meta property=\"og:locale\" content=\"fr_FR\" \/>\n<meta property=\"og:type\" content=\"article\" \/>\n<meta property=\"og:title\" content=\"Pot de Fleurs Mineral and Mallow Mud Mask - Dutch Health Store\" \/>\n<meta property=\"og:description\" content=\"Pot de Fleurs, signifiant \u00ab Pot de fleurs \u00bb, \u00e9voque la sensation des mains dans une terre riche, de l\u2019eau s\u2019impr\u00e9gnant dans la terre cuite et de nouvelles racines qui commencent \u00e0 pousser.\" \/>\n<meta property=\"og:url\" content=\"https:\/\/dutchhealthstore.com\/fr\/product\/pot-de-fleurs-mineral-and-mallow-mud-mask\/\" \/>\n<meta property=\"og:site_name\" content=\"Dutch Health Store\" \/>\n<meta property=\"article:publisher\" content=\"https:\/\/www.instagram.com\/dutchhealthstore\/\" \/>\n<meta property=\"article:modified_time\" content=\"2026-03-23T13:29:38+00:00\" \/>\n<meta property=\"og:image\" content=\"https:\/\/dutchhealthstore.com\/wp-content\/uploads\/2026\/02\/Untitled-design-2026-02-17T092032.048.jpg\" \/>\n\t<meta property=\"og:image:width\" content=\"530\" \/>\n\t<meta property=\"og:image:height\" content=\"530\" \/>\n\t<meta property=\"og:image:type\" content=\"image\/jpeg\" \/>\n<meta name=\"twitter:card\" content=\"summary_large_image\" \/>\n<meta name=\"twitter:label1\" content=\"Prix\" \/>\n\t<meta name=\"twitter:data1\" content=\"&euro;44,00\" \/>\n\t<meta name=\"twitter:label2\" content=\"Disponibilit\u00e9\" \/>\n\t<meta name=\"twitter:data2\" content=\"En stock\" \/>\n<script type=\"application\/ld+json\" class=\"yoast-schema-graph\">{\"@context\":\"https:\/\/schema.org\",\"@graph\":[{\"@type\":\"WebPage\",\"@id\":\"https:\/\/dutchhealthstore.com\/fr\/product\/pot-de-fleurs-mineral-and-mallow-mud-mask\/\",\"url\":\"https:\/\/dutchhealthstore.com\/fr\/product\/pot-de-fleurs-mineral-and-mallow-mud-mask\/\",\"name\":\"Pot de Fleurs Mineral and Mallow Mud Mask - Tidelands House\",\"isPartOf\":{\"@id\":\"https:\/\/dutchhealthstore.com\/fr\/#website\"},\"primaryImageOfPage\":{\"@id\":\"https:\/\/dutchhealthstore.com\/fr\/product\/pot-de-fleurs-mineral-and-mallow-mud-mask\/#primaryimage\"},\"image\":{\"@id\":\"https:\/\/dutchhealthstore.com\/fr\/product\/pot-de-fleurs-mineral-and-mallow-mud-mask\/#primaryimage\"},\"thumbnailUrl\":\"https:\/\/dutchhealthstore.com\/wp-content\/uploads\/2026\/02\/Untitled-design-2026-02-17T092032.048.jpg\",\"datePublished\":\"2026-02-23T11:15:45+00:00\",\"dateModified\":\"2026-03-23T13:29:38+00:00\",\"description\":\"Pot de Fleurs, signifiant \u00ab Pot de fleurs \u00bb, \u00e9voque la sensation des mains dans une terre riche, de l\u2019eau s\u2019impr\u00e9gnant dans la terre cuite et de nouvelles racines qui commencent \u00e0 pousser.\",\"breadcrumb\":{\"@id\":\"https:\/\/dutchhealthstore.com\/fr\/product\/pot-de-fleurs-mineral-and-mallow-mud-mask\/#breadcrumb\"},\"inLanguage\":\"fr-FR\",\"potentialAction\":[{\"@type\":\"ReadAction\",\"target\":[\"https:\/\/dutchhealthstore.com\/fr\/product\/pot-de-fleurs-mineral-and-mallow-mud-mask\/\"]}]},{\"@type\":\"ImageObject\",\"inLanguage\":\"fr-FR\",\"@id\":\"https:\/\/dutchhealthstore.com\/fr\/product\/pot-de-fleurs-mineral-and-mallow-mud-mask\/#primaryimage\",\"url\":\"https:\/\/dutchhealthstore.com\/wp-content\/uploads\/2026\/02\/Untitled-design-2026-02-17T092032.048.jpg\",\"contentUrl\":\"https:\/\/dutchhealthstore.com\/wp-content\/uploads\/2026\/02\/Untitled-design-2026-02-17T092032.048.jpg\",\"width\":530,\"height\":530,\"caption\":\"tidelands-house-pot-de-fleurs-mud-mask-1\"},{\"@type\":\"BreadcrumbList\",\"@id\":\"https:\/\/dutchhealthstore.com\/fr\/product\/pot-de-fleurs-mineral-and-mallow-mud-mask\/#breadcrumb\",\"itemListElement\":[{\"@type\":\"ListItem\",\"position\":1,\"name\":\"Home\",\"item\":\"https:\/\/dutchhealthstore.com\/fr\/\"},{\"@type\":\"ListItem\",\"position\":2,\"name\":\"Shop\",\"item\":\"https:\/\/dutchhealthstore.com\/fr\/shop\/\"},{\"@type\":\"ListItem\",\"position\":3,\"name\":\"Pot de Fleurs Mineral and Mallow Mud Mask\"}]},{\"@type\":\"WebSite\",\"@id\":\"https:\/\/dutchhealthstore.com\/fr\/#website\",\"url\":\"https:\/\/dutchhealthstore.com\/fr\/\",\"name\":\"Dutch Health Store\",\"description\":\"Enhance Your Beauty with Organic &amp; Natural Skincare\",\"publisher\":{\"@id\":\"https:\/\/dutchhealthstore.com\/fr\/#organization\"},\"potentialAction\":[{\"@type\":\"SearchAction\",\"target\":{\"@type\":\"EntryPoint\",\"urlTemplate\":\"https:\/\/dutchhealthstore.com\/fr\/?s={search_term_string}\"},\"query-input\":{\"@type\":\"PropertyValueSpecification\",\"valueRequired\":true,\"valueName\":\"search_term_string\"}}],\"inLanguage\":\"fr-FR\"},{\"@type\":\"Organization\",\"@id\":\"https:\/\/dutchhealthstore.com\/fr\/#organization\",\"name\":\"Dutch Health Store\",\"url\":\"https:\/\/dutchhealthstore.com\/fr\/\",\"logo\":{\"@type\":\"ImageObject\",\"inLanguage\":\"fr-FR\",\"@id\":\"https:\/\/dutchhealthstore.com\/fr\/#\/schema\/logo\/image\/\",\"url\":\"https:\/\/dutchhealthstore.com\/wp-content\/uploads\/2020\/08\/logo-dutchhealthstore-jpg-e1599484957574.jpg\",\"contentUrl\":\"https:\/\/dutchhealthstore.com\/wp-content\/uploads\/2020\/08\/logo-dutchhealthstore-jpg-e1599484957574.jpg\",\"width\":400,\"height\":62,\"caption\":\"Dutch Health Store\"},\"image\":{\"@id\":\"https:\/\/dutchhealthstore.com\/fr\/#\/schema\/logo\/image\/\"},\"sameAs\":[\"https:\/\/www.instagram.com\/dutchhealthstore\/\",\"https:\/\/www.facebook.com\/dutchhealthstore\"]}]}<\/script>\n<meta property=\"product:brand\" content=\"Tidelands House\" \/>\n<meta property=\"product:price:amount\" content=\"44.00\" \/>\n<meta property=\"product:price:currency\" content=\"EUR\" \/>\n<meta property=\"og:availability\" content=\"instock\" \/>\n<meta property=\"product:availability\" content=\"instock\" \/>\n<meta property=\"product:condition\" content=\"new\" \/>\n<!-- \/ Yoast SEO Premium plugin. -->","yoast_head_json":{"title":"Pot de Fleurs Mineral and Mallow Mud Mask - Tidelands House","description":"Pot de Fleurs, signifiant \u00ab Pot de fleurs \u00bb, \u00e9voque la sensation des mains dans une terre riche, de l\u2019eau s\u2019impr\u00e9gnant dans la terre cuite et de nouvelles racines qui commencent \u00e0 pousser.","robots":{"index":"index","follow":"follow","max-snippet":"max-snippet:-1","max-image-preview":"max-image-preview:large","max-video-preview":"max-video-preview:-1"},"canonical":"https:\/\/dutchhealthstore.com\/fr\/product\/pot-de-fleurs-mineral-and-mallow-mud-mask\/","og_locale":"fr_FR","og_type":"article","og_title":"Pot de Fleurs Mineral and Mallow Mud Mask - Dutch Health Store","og_description":"Pot de Fleurs, signifiant \u00ab Pot de fleurs \u00bb, \u00e9voque la sensation des mains dans une terre riche, de l\u2019eau s\u2019impr\u00e9gnant dans la terre cuite et de nouvelles racines qui commencent \u00e0 pousser.","og_url":"https:\/\/dutchhealthstore.com\/fr\/product\/pot-de-fleurs-mineral-and-mallow-mud-mask\/","og_site_name":"Dutch Health Store","article_publisher":"https:\/\/www.instagram.com\/dutchhealthstore\/","article_modified_time":"2026-03-23T13:29:38+00:00","og_image":[{"width":530,"height":530,"url":"https:\/\/dutchhealthstore.com\/wp-content\/uploads\/2026\/02\/Untitled-design-2026-02-17T092032.048.jpg","type":"image\/jpeg"}],"twitter_card":"summary_large_image","twitter_misc":{"Prix":"&euro;44,00","Disponibilit\u00e9":"En stock"},"schema":{"@context":"https:\/\/schema.org","@graph":[{"@type":"WebPage","@id":"https:\/\/dutchhealthstore.com\/fr\/product\/pot-de-fleurs-mineral-and-mallow-mud-mask\/","url":"https:\/\/dutchhealthstore.com\/fr\/product\/pot-de-fleurs-mineral-and-mallow-mud-mask\/","name":"Pot de Fleurs Mineral and Mallow Mud Mask - Tidelands House","isPartOf":{"@id":"https:\/\/dutchhealthstore.com\/fr\/#website"},"primaryImageOfPage":{"@id":"https:\/\/dutchhealthstore.com\/fr\/product\/pot-de-fleurs-mineral-and-mallow-mud-mask\/#primaryimage"},"image":{"@id":"https:\/\/dutchhealthstore.com\/fr\/product\/pot-de-fleurs-mineral-and-mallow-mud-mask\/#primaryimage"},"thumbnailUrl":"https:\/\/dutchhealthstore.com\/wp-content\/uploads\/2026\/02\/Untitled-design-2026-02-17T092032.048.jpg","datePublished":"2026-02-23T11:15:45+00:00","dateModified":"2026-03-23T13:29:38+00:00","description":"Pot de Fleurs, signifiant \u00ab Pot de fleurs \u00bb, \u00e9voque la sensation des mains dans une terre riche, de l\u2019eau s\u2019impr\u00e9gnant dans la terre cuite et de nouvelles racines qui commencent \u00e0 pousser.","breadcrumb":{"@id":"https:\/\/dutchhealthstore.com\/fr\/product\/pot-de-fleurs-mineral-and-mallow-mud-mask\/#breadcrumb"},"inLanguage":"fr-FR","potentialAction":[{"@type":"ReadAction","target":["https:\/\/dutchhealthstore.com\/fr\/product\/pot-de-fleurs-mineral-and-mallow-mud-mask\/"]}]},{"@type":"ImageObject","inLanguage":"fr-FR","@id":"https:\/\/dutchhealthstore.com\/fr\/product\/pot-de-fleurs-mineral-and-mallow-mud-mask\/#primaryimage","url":"https:\/\/dutchhealthstore.com\/wp-content\/uploads\/2026\/02\/Untitled-design-2026-02-17T092032.048.jpg","contentUrl":"https:\/\/dutchhealthstore.com\/wp-content\/uploads\/2026\/02\/Untitled-design-2026-02-17T092032.048.jpg","width":530,"height":530,"caption":"tidelands-house-pot-de-fleurs-mud-mask-1"},{"@type":"BreadcrumbList","@id":"https:\/\/dutchhealthstore.com\/fr\/product\/pot-de-fleurs-mineral-and-mallow-mud-mask\/#breadcrumb","itemListElement":[{"@type":"ListItem","position":1,"name":"Home","item":"https:\/\/dutchhealthstore.com\/fr\/"},{"@type":"ListItem","position":2,"name":"Shop","item":"https:\/\/dutchhealthstore.com\/fr\/shop\/"},{"@type":"ListItem","position":3,"name":"Pot de Fleurs Mineral and Mallow Mud Mask"}]},{"@type":"WebSite","@id":"https:\/\/dutchhealthstore.com\/fr\/#website","url":"https:\/\/dutchhealthstore.com\/fr\/","name":"Dutch Health Store","description":"Enhance Your Beauty with Organic &amp; Natural Skincare","publisher":{"@id":"https:\/\/dutchhealthstore.com\/fr\/#organization"},"potentialAction":[{"@type":"SearchAction","target":{"@type":"EntryPoint","urlTemplate":"https:\/\/dutchhealthstore.com\/fr\/?s={search_term_string}"},"query-input":{"@type":"PropertyValueSpecification","valueRequired":true,"valueName":"search_term_string"}}],"inLanguage":"fr-FR"},{"@type":"Organization","@id":"https:\/\/dutchhealthstore.com\/fr\/#organization","name":"Dutch Health Store","url":"https:\/\/dutchhealthstore.com\/fr\/","logo":{"@type":"ImageObject","inLanguage":"fr-FR","@id":"https:\/\/dutchhealthstore.com\/fr\/#\/schema\/logo\/image\/","url":"https:\/\/dutchhealthstore.com\/wp-content\/uploads\/2020\/08\/logo-dutchhealthstore-jpg-e1599484957574.jpg","contentUrl":"https:\/\/dutchhealthstore.com\/wp-content\/uploads\/2020\/08\/logo-dutchhealthstore-jpg-e1599484957574.jpg","width":400,"height":62,"caption":"Dutch Health Store"},"image":{"@id":"https:\/\/dutchhealthstore.com\/fr\/#\/schema\/logo\/image\/"},"sameAs":["https:\/\/www.instagram.com\/dutchhealthstore\/","https:\/\/www.facebook.com\/dutchhealthstore"]}]},"product_brand":"Tidelands House","product_price_amount":"44.00","product_price_currency":"EUR","og_availability":"instock","product_availability":"instock","product_condition":"new"},"_links":{"self":[{"href":"https:\/\/dutchhealthstore.com\/fr\/wp-json\/wp\/v2\/product\/372495","targetHints":{"allow":["GET"]}}],"collection":[{"href":"https:\/\/dutchhealthstore.com\/fr\/wp-json\/wp\/v2\/product"}],"about":[{"href":"https:\/\/dutchhealthstore.com\/fr\/wp-json\/wp\/v2\/types\/product"}],"replies":[{"embeddable":true,"href":"https:\/\/dutchhealthstore.com\/fr\/wp-json\/wp\/v2\/comments?post=372495"}],"wp:featuredmedia":[{"embeddable":true,"href":"https:\/\/dutchhealthstore.com\/fr\/wp-json\/wp\/v2\/media\/371704"}],"wp:attachment":[{"href":"https:\/\/dutchhealthstore.com\/fr\/wp-json\/wp\/v2\/media?parent=372495"}],"wp:term":[{"taxonomy":"product_brand","embeddable":true,"href":"https:\/\/dutchhealthstore.com\/fr\/wp-json\/wp\/v2\/product_brand?post=372495"},{"taxonomy":"product_cat","embeddable":true,"href":"https:\/\/dutchhealthstore.com\/fr\/wp-json\/wp\/v2\/product_cat?post=372495"},{"taxonomy":"product_tag","embeddable":true,"href":"https:\/\/dutchhealthstore.com\/fr\/wp-json\/wp\/v2\/product_tag?post=372495"}],"curies":[{"name":"wp","href":"https:\/\/api.w.org\/{rel}","templated":true}]}}