{"id":372491,"date":"2026-02-23T12:19:20","date_gmt":"2026-02-23T11:19:20","guid":{"rendered":"https:\/\/dutchhealthstore.com\/product\/honey-balm-wild-violet-essence\/"},"modified":"2026-03-23T14:29:32","modified_gmt":"2026-03-23T13:29:32","slug":"honey-balm-wild-violet-essence","status":"publish","type":"product","link":"https:\/\/dutchhealthstore.com\/fr\/product\/honey-balm-wild-violet-essence\/","title":{"rendered":"Honey Balm &amp; Wild Violet Essence"},"content":{"rendered":"<p>Gr\u00e2ce \u00e0 une distillation \u00e0 la vapeur traditionnelle dans un alambic en cuivre pur, cet extrait biodynamique capture toute la vitalit\u00e9 saisonni\u00e8re du terroir dans chaque goutte.<\/p>\n<p>D\u00e9sormais pr\u00e9sent\u00e9e avec une \u00e9tiquette d\u2019archive compl\u00e8te, cette r\u00e9serve limit\u00e9e 2025 a \u00e9t\u00e9 r\u00e9colt\u00e9e et mise en bouteille avec attention en petites quantit\u00e9s. Cette \u00e9dition particuli\u00e8re est exclusive \u00e0 notre atelier. <\/p>\n<p>La m\u00e9lisse sauvage (Melissa officinalis L.), traditionnellement appel\u00e9e m\u00e9lisse citronnelle, est appr\u00e9ci\u00e9e depuis longtemps pour ses vertus apaisantes et clarifiantes. Son nom provient de son parfum naturellement sucr\u00e9 et citronn\u00e9, ainsi que de son usage historique pour calmer tant les abeilles que les humains. Notre m\u00e9lisse a \u00e9t\u00e9 r\u00e9colt\u00e9e \u00e0 pleine floraison dans les haies du jardin de notre remise en pierre.  <\/p>\n<p>La distillation de cette ann\u00e9e comprend \u00e9galement des violettes de printemps ferment\u00e9es, cueillies dans notre parcelle biologique. Ensemble, ces plantes cr\u00e9ent un tonique doux et herbac\u00e9, \u00e0 la fois rafra\u00eechissant, l\u00e9g\u00e8rement floral et d\u00e9licatement tonifiant. <\/p>\n<p>Cet hydrosol peut \u00eatre utilis\u00e9 comme tonique nourrissant pour le visage ou comme brume aromatique pour le corps. Vaporisez g\u00e9n\u00e9reusement sur le visage, la peau ou le linge selon vos envies. <\/p>\n<p>Pr\u00e9par\u00e9 une seule fois par an, cet hydrosol produit en petits lots est disponible en quantit\u00e9s tr\u00e8s limit\u00e9es.<\/p>\n<h3>Principaux avantages<\/h3>\n<p><em><strong>Riche en antioxydants<\/strong><\/em><\/p>\n<p><em>M\u00e9lisse<\/em><br \/>\nRiche en compos\u00e9s v\u00e9g\u00e9taux protecteurs, la m\u00e9lisse aide \u00e0 raffermir et tonifier la peau tout en favorisant la r\u00e9sistance au stress oxydatif. Le r\u00e9sultat est un teint plus \u00e9clatant et plus r\u00e9sistant. <\/p>\n<p><em>Violettes sauvages<\/em><br \/>\nNaturellement riches en flavono\u00efdes et en antioxydants doux, les violettes aident \u00e0 prot\u00e9ger la peau du stress environnemental et favorisent un vieillissement sain et lumineux.<\/p>\n<p><em><strong>Soutien anti-inflammatoire<\/strong><\/em><\/p>\n<p>M\u00e9lisse<br \/>\nContient de l\u2019acide rosmarinique et des polyph\u00e9nols apaisants qui aident \u00e0 calmer les irritations, r\u00e9duire les rougeurs visibles et r\u00e9conforter les peaux r\u00e9actives.<\/p>\n<p>Violettes sauvages<br \/>\nNaturellement anti-inflammatoires, les p\u00e9tales de violette aident \u00e0 calmer les imperfections, apaiser la sensibilit\u00e9 et favoriser l\u2019\u00e9quilibre des peaux r\u00e9actives ou sujettes \u00e0 l\u2019ecz\u00e9ma.<\/p>\n<p><em><strong>Hydratation profonde<\/strong><\/em><\/p>\n<p>M\u00e9lisse<br \/>\nOffre des propri\u00e9t\u00e9s humectantes douces qui aident la peau \u00e0 retenir l\u2019humidit\u00e9, am\u00e9liorant sa douceur et sa souplesse \u00e0 chaque utilisation.<\/p>\n<p>Violettes sauvages<br \/>\nRiches en mucilage naturel, les violettes apportent un \u00e9clat frais et une hydratation durable aux peaux s\u00e8ches ou d\u00e9vitalis\u00e9es.<\/p>\n<p><em><strong>Cicatrisation et apaisement<\/strong><\/em><\/p>\n<p>M\u00e9lisse<br \/>\nTraditionnellement reconnue comme un tonique nerveux nutritif, elle favorise \u00e0 la fois le calme \u00e9motionnel et l\u2019\u00e9quilibre visible de la peau. Elle peut aider \u00e0 apaiser les pouss\u00e9es li\u00e9es au stress et \u00e0 restaurer l\u2019\u00e9quilibre. <\/p>\n<p>Violettes sauvages<br \/>\nGr\u00e2ce \u00e0 leurs propri\u00e9t\u00e9s antimicrobiennes et apaisantes naturelles, les violettes favorisent en douceur la gu\u00e9rison des irritations mineures, de l\u2019exposition au soleil et de l\u2019inflammation.<\/p>\n<p><em><strong>Soutien lymphatique<\/strong><\/em><\/p>\n<p>M\u00e9lisse<br \/>\nTraditionnellement r\u00e9put\u00e9e pour stimuler le flux lymphatique, aidant \u00e0 r\u00e9duire les poches et \u00e0 favoriser un teint plus net.<\/p>\n<p>Violettes sauvages<br \/>\nFavorisent une circulation saine et aident \u00e0 r\u00e9duire la stagnation, contribuant \u00e0 une apparence plus fra\u00eeche et revitalis\u00e9e.<\/p>\n<p><em><strong>Calme somatique<\/strong><\/em><\/p>\n<p>M\u00e9lisse<br \/>\nAppr\u00e9ci\u00e9e depuis longtemps pour son effet apaisant sur le syst\u00e8me nerveux, elle favorise la relaxation et un sentiment de bien-\u00eatre profond.<\/p>\n<p>Violettes sauvages<br \/>\nTraditionnellement associ\u00e9es au r\u00e9confort \u00e9motionnel, les violettes offrent un soutien doux en p\u00e9riode de stress, de deuil ou de surmenage.<\/p>\n<h3>Mode d&#8217;emploi<\/h3>\n<p>Agitez bien avant l&rsquo;utilisation. Vaporisez dans la paume de votre main et m\u00e9langez avec quelques gouttes du s\u00e9rum pour le visage de votre choix. Pressez d\u00e9licatement sur le visage, le cou et le d\u00e9collet\u00e9. <\/p>\n<p>Elle peut \u00e9galement \u00eatre utilis\u00e9e comme brume rafra\u00eechissante pour le corps ou inhal\u00e9e directement pour des moments de calme tout au long de la journ\u00e9e.<\/p>\n<p><em>\u00c0 utiliser dans les 8 mois suivant l\u2019ouverture.<\/em><\/p>\n<p><em>Tous les ingr\u00e9dients sont biologiques, issus de cueillette sauvage, et sourc\u00e9s de mani\u00e8re durable, \u00e9thique et r\u00e9gionale.<\/em><\/p>\n<p><strong>Taille : 30 ml<\/strong><\/p>\n<h2><strong>Ingr\u00e9dients naturels \/ biologiques <\/strong><\/h2>\n<p>M\u00e9lisse officinale et Viola papilionacea biologiques, d\u2019origine unique et de distillation artisanale<\/p>\n\n\t<section class=\"section dark\" id=\"section_255001049\">\n\t\t<div class=\"section-bg fill\" >\n\t\t\t<img fetchpriority=\"high\" decoding=\"async\" width=\"1200\" height=\"604\" src=\"https:\/\/dutchhealthstore.com\/wp-content\/uploads\/2026\/02\/bgux.jpg\" class=\"bg attachment- size-\" alt=\"\" \/>\t\t\t\t\t\t<div class=\"section-bg-overlay absolute fill\"><\/div>\n\t\t\t\n\n\t\t<\/div>\n\n\t\t\n\n\t\t<div class=\"section-content relative\">\n\t\t\t\n\n\t<div id=\"gap-715981862\" class=\"gap-element clearfix\" style=\"display:block; height:auto;\">\n\t\t\n<style>\n#gap-715981862 {\n  padding-top: 15px;\n}\n<\/style>\n\t<\/div>\n\t\n\n<div class=\"container section-title-container\" ><h3 class=\"section-title section-title-normal\"><b><\/b><span class=\"section-title-main\" >\u00c0 propos de Tidelands House<\/span><b><\/b><\/h3><\/div>\n\n<div class=\"row\"  id=\"row-1271473086\">\n\n\n\t<div id=\"col-538070057\" class=\"col small-12 large-12\"  >\n\t\t\t\t<div class=\"col-inner\"  >\n\t\t\t\n\t\t\t\n\n<p>Tidelands House est un atelier canadien de soins botaniques pour la peau, fond\u00e9 par l\u2019herboriste Dominique Del Col. Chaque formule est fabriqu\u00e9e \u00e0 la main dans une distillerie baign\u00e9e de lumi\u00e8re solaire, au sein d\u2019un cottage en pierre restaur\u00e9 du XIXe si\u00e8cle, o\u00f9 des herbes sont suspendues aux poutres en bois et o\u00f9 les plantes sont pr\u00e9par\u00e9es au rythme des saisons.<\/p>\n<p>Des plantes sauvages cueillies, la culture biodynamique et des v\u00e9g\u00e9taux marins r\u00e9colt\u00e9s sur les c\u00f4tes orientales du Canada constituent le c\u0153ur de chaque pr\u00e9paration. Les ingr\u00e9dients sont r\u00e9colt\u00e9s au pic de leur vitalit\u00e9 et \u00e9labor\u00e9s en micro-lots afin de pr\u00e9server leur puissance, leur fra\u00eecheur et leur int\u00e9grit\u00e9 \u00e9nerg\u00e9tique. <\/p>\n<p>Aucun additif synth\u00e9tique. Aucun agent de charge inutile. Uniquement des extraits botaniques riches en nutriments, des essences florales ferment\u00e9es et des huiles v\u00e9g\u00e9tales pures, pr\u00e9sent\u00e9s dans du verre opalin d\u2019inspiration patrimoniale.  <\/p>\n<p>Tidelands House propose des soins lents et intentionnels \u2014 ancr\u00e9s dans la terre, le rituel et le respect \u00e0 la fois de la tradition et de la science botanique moderne.<\/p>\n\n\n\t\t<\/div>\n\t\t\t\t\t<\/div>\n\n\t\n\n<\/div>\n\n\t\t<\/div>\n\n\t\t\n<style>\n#section_255001049 {\n  padding-top: 30px;\n  padding-bottom: 30px;\n  background-color: rgb(40, 40, 40);\n}\n#section_255001049 .section-bg-overlay {\n  background-color: rgba(0, 0, 0, 0.477);\n}\n#section_255001049 .section-bg img {\n  object-position: 51% 73%;\n}\n<\/style>\n\t<\/section>\n\t\n","protected":false},"excerpt":{"rendered":"<p>L\u2019essence de m\u00e9lisse et de violette sauvage est un hydrosol bior\u00e9gional d\u2019origine unique, distill\u00e9 avec soin \u00e0 la main dans notre atelier historique.<\/p>\n","protected":false},"featured_media":371634,"comment_status":"open","ping_status":"closed","template":"","meta":[],"product_brand":[],"product_cat":[1088,1908,20908,1209,1030,5107,5673,5117,20925,5627,5118,5119,5121,5120,1229,20947,20954,1010,14733,1033,22208,5672,4494,20953,5674,5122,5675],"product_tag":[],"class_list":{"0":"post-372491","1":"product","2":"type-product","3":"status-publish","4":"has-post-thumbnail","6":"product_cat-lotions-cremes-hydratantes","7":"product_cat-new-additions-fr","8":"product_cat-new-additions-skincare-fr","9":"product_cat-par-marques","10":"product_cat-par-produits","11":"product_cat-by-skin-type-fr-4","12":"product_cat-oily-skin-clogged-pores-fr","13":"product_cat-oily-skin-clogged-pores-fr-4","14":"product_cat-peau-mature-et-vieillissante","15":"product_cat-normal-or-combination-skin-fr-2","16":"product_cat-normal-or-combination-skin-fr-5","17":"product_cat-dry-mature-ageing-skin-fr-5","18":"product_cat-dry-mature-ageing-skin-fr-2","19":"product_cat-sensitive-skin-redness-fr-4","20":"product_cat-sensitive-skin-redness-fr","21":"product_cat-secs-fr","22":"product_cat-secs-fr-2","23":"product_cat-notre-boutique","24":"product_cat-soins-de-la-peau","25":"product_cat-body-care-fr","26":"product_cat-tidelands-house","27":"product_cat-toners-fr-5","28":"product_cat-toners-fr-3","29":"product_cat-toners-fr","30":"product_cat-toners-fr-6","31":"product_cat-toners-fr-4","32":"product_cat-toners-fr-2","33":"pa_brand-tidelands-house","34":"pa_fragrances-product-type-for-her-fr-2","35":"pa_gtin-22258","36":"pa_size-30-ml-fr","37":"pa_skincare-type-moisturizers-fr","39":"first","40":"instock","41":"taxable","42":"shipping-taxable","43":"purchasable","44":"product-type-simple"},"bundled_by":[],"bundle_stock_status":"instock","bundle_stock_quantity":2,"bundle_virtual":false,"bundle_layout":"","bundle_add_to_cart_form_location":"","bundle_editable_in_cart":false,"bundle_sold_individually_context":"","bundle_item_grouping":"","bundle_min_size":"","bundle_max_size":"","bundle_price":[],"bundled_items":[],"bundle_sell_ids":[372480],"atum_controlled":true,"out_stock_date":null,"out_stock_threshold":null,"inheritable":false,"stock_on_hold":1,"sold_today":0,"sales_last_days":0,"out_stock_days":0,"lost_sales":0,"update_date":"2026-05-01T13:15:12","atum_locations":[],"atum_stock_status":"instock","restock_status":false,"low_stock_amount":"","sales_update_date":"2026-05-01T13:15:12","calc_backorders":null,"group_of_quantity":0,"min_quantity":0,"max_quantity":"","exclude_order_quantity_value_rules":"no","exclude_category_quantity_rules":"no","combine_variations":"no","yoast_head":"<!-- This site is optimized with the Yoast SEO Premium plugin v26.5 (Yoast SEO v26.5) - https:\/\/yoast.com\/wordpress\/plugins\/seo\/ -->\n<title>Honey Balm &amp; Wild Violet Essence - Tidelands House<\/title>\n<meta name=\"description\" content=\"L\u2019essence de m\u00e9lisse et de violette sauvage est un hydrosol bior\u00e9gional d\u2019origine unique, distill\u00e9 avec soin \u00e0 la main dans notre atelier historique.\" \/>\n<meta name=\"robots\" content=\"index, follow, max-snippet:-1, max-image-preview:large, max-video-preview:-1\" \/>\n<link rel=\"canonical\" href=\"https:\/\/dutchhealthstore.com\/fr\/product\/honey-balm-wild-violet-essence\/\" \/>\n<meta property=\"og:locale\" content=\"fr_FR\" \/>\n<meta property=\"og:type\" content=\"article\" \/>\n<meta property=\"og:title\" content=\"Honey Balm &amp; Wild Violet Essence - Dutch Health Store\" \/>\n<meta property=\"og:description\" content=\"L\u2019essence de m\u00e9lisse et de violette sauvage est un hydrosol bior\u00e9gional d\u2019origine unique, distill\u00e9 avec soin \u00e0 la main dans notre atelier historique.\" \/>\n<meta property=\"og:url\" content=\"https:\/\/dutchhealthstore.com\/fr\/product\/honey-balm-wild-violet-essence\/\" \/>\n<meta property=\"og:site_name\" content=\"Dutch Health Store\" \/>\n<meta property=\"article:publisher\" content=\"https:\/\/www.instagram.com\/dutchhealthstore\/\" \/>\n<meta property=\"article:modified_time\" content=\"2026-03-23T13:29:32+00:00\" \/>\n<meta property=\"og:image\" content=\"https:\/\/dutchhealthstore.com\/wp-content\/uploads\/2026\/02\/Untitled-design-2026-02-16T160203.425.jpg\" \/>\n\t<meta property=\"og:image:width\" content=\"530\" \/>\n\t<meta property=\"og:image:height\" content=\"530\" \/>\n\t<meta property=\"og:image:type\" content=\"image\/jpeg\" \/>\n<meta name=\"twitter:card\" content=\"summary_large_image\" \/>\n<meta name=\"twitter:label1\" content=\"Prix\" \/>\n\t<meta name=\"twitter:data1\" content=\"&euro;35,00\" \/>\n\t<meta name=\"twitter:label2\" content=\"Disponibilit\u00e9\" \/>\n\t<meta name=\"twitter:data2\" content=\"En stock\" \/>\n<script type=\"application\/ld+json\" class=\"yoast-schema-graph\">{\"@context\":\"https:\/\/schema.org\",\"@graph\":[{\"@type\":\"WebPage\",\"@id\":\"https:\/\/dutchhealthstore.com\/fr\/product\/honey-balm-wild-violet-essence\/\",\"url\":\"https:\/\/dutchhealthstore.com\/fr\/product\/honey-balm-wild-violet-essence\/\",\"name\":\"Honey Balm &amp; Wild Violet Essence - Tidelands House\",\"isPartOf\":{\"@id\":\"https:\/\/dutchhealthstore.com\/fr\/#website\"},\"primaryImageOfPage\":{\"@id\":\"https:\/\/dutchhealthstore.com\/fr\/product\/honey-balm-wild-violet-essence\/#primaryimage\"},\"image\":{\"@id\":\"https:\/\/dutchhealthstore.com\/fr\/product\/honey-balm-wild-violet-essence\/#primaryimage\"},\"thumbnailUrl\":\"https:\/\/dutchhealthstore.com\/wp-content\/uploads\/2026\/02\/Untitled-design-2026-02-16T160203.425.jpg\",\"datePublished\":\"2026-02-23T11:19:20+00:00\",\"dateModified\":\"2026-03-23T13:29:32+00:00\",\"description\":\"L\u2019essence de m\u00e9lisse et de violette sauvage est un hydrosol bior\u00e9gional d\u2019origine unique, distill\u00e9 avec soin \u00e0 la main dans notre atelier historique.\",\"breadcrumb\":{\"@id\":\"https:\/\/dutchhealthstore.com\/fr\/product\/honey-balm-wild-violet-essence\/#breadcrumb\"},\"inLanguage\":\"fr-FR\",\"potentialAction\":[{\"@type\":\"ReadAction\",\"target\":[\"https:\/\/dutchhealthstore.com\/fr\/product\/honey-balm-wild-violet-essence\/\"]}]},{\"@type\":\"ImageObject\",\"inLanguage\":\"fr-FR\",\"@id\":\"https:\/\/dutchhealthstore.com\/fr\/product\/honey-balm-wild-violet-essence\/#primaryimage\",\"url\":\"https:\/\/dutchhealthstore.com\/wp-content\/uploads\/2026\/02\/Untitled-design-2026-02-16T160203.425.jpg\",\"contentUrl\":\"https:\/\/dutchhealthstore.com\/wp-content\/uploads\/2026\/02\/Untitled-design-2026-02-16T160203.425.jpg\",\"width\":530,\"height\":530,\"caption\":\"tidelands-house-honey-balm-essence\"},{\"@type\":\"BreadcrumbList\",\"@id\":\"https:\/\/dutchhealthstore.com\/fr\/product\/honey-balm-wild-violet-essence\/#breadcrumb\",\"itemListElement\":[{\"@type\":\"ListItem\",\"position\":1,\"name\":\"Home\",\"item\":\"https:\/\/dutchhealthstore.com\/fr\/\"},{\"@type\":\"ListItem\",\"position\":2,\"name\":\"Shop\",\"item\":\"https:\/\/dutchhealthstore.com\/fr\/shop\/\"},{\"@type\":\"ListItem\",\"position\":3,\"name\":\"Honey Balm &amp; Wild Violet Essence\"}]},{\"@type\":\"WebSite\",\"@id\":\"https:\/\/dutchhealthstore.com\/fr\/#website\",\"url\":\"https:\/\/dutchhealthstore.com\/fr\/\",\"name\":\"Dutch Health Store\",\"description\":\"Enhance Your Beauty with Organic &amp; Natural Skincare\",\"publisher\":{\"@id\":\"https:\/\/dutchhealthstore.com\/fr\/#organization\"},\"potentialAction\":[{\"@type\":\"SearchAction\",\"target\":{\"@type\":\"EntryPoint\",\"urlTemplate\":\"https:\/\/dutchhealthstore.com\/fr\/?s={search_term_string}\"},\"query-input\":{\"@type\":\"PropertyValueSpecification\",\"valueRequired\":true,\"valueName\":\"search_term_string\"}}],\"inLanguage\":\"fr-FR\"},{\"@type\":\"Organization\",\"@id\":\"https:\/\/dutchhealthstore.com\/fr\/#organization\",\"name\":\"Dutch Health Store\",\"url\":\"https:\/\/dutchhealthstore.com\/fr\/\",\"logo\":{\"@type\":\"ImageObject\",\"inLanguage\":\"fr-FR\",\"@id\":\"https:\/\/dutchhealthstore.com\/fr\/#\/schema\/logo\/image\/\",\"url\":\"https:\/\/dutchhealthstore.com\/wp-content\/uploads\/2020\/08\/logo-dutchhealthstore-jpg-e1599484957574.jpg\",\"contentUrl\":\"https:\/\/dutchhealthstore.com\/wp-content\/uploads\/2020\/08\/logo-dutchhealthstore-jpg-e1599484957574.jpg\",\"width\":400,\"height\":62,\"caption\":\"Dutch Health Store\"},\"image\":{\"@id\":\"https:\/\/dutchhealthstore.com\/fr\/#\/schema\/logo\/image\/\"},\"sameAs\":[\"https:\/\/www.instagram.com\/dutchhealthstore\/\",\"https:\/\/www.facebook.com\/dutchhealthstore\"]}]}<\/script>\n<meta property=\"product:brand\" content=\"Tidelands House\" \/>\n<meta property=\"product:price:amount\" content=\"35.00\" \/>\n<meta property=\"product:price:currency\" content=\"EUR\" \/>\n<meta property=\"og:availability\" content=\"instock\" \/>\n<meta property=\"product:availability\" content=\"instock\" \/>\n<meta property=\"product:condition\" content=\"new\" \/>\n<!-- \/ Yoast SEO Premium plugin. -->","yoast_head_json":{"title":"Honey Balm &amp; Wild Violet Essence - Tidelands House","description":"L\u2019essence de m\u00e9lisse et de violette sauvage est un hydrosol bior\u00e9gional d\u2019origine unique, distill\u00e9 avec soin \u00e0 la main dans notre atelier historique.","robots":{"index":"index","follow":"follow","max-snippet":"max-snippet:-1","max-image-preview":"max-image-preview:large","max-video-preview":"max-video-preview:-1"},"canonical":"https:\/\/dutchhealthstore.com\/fr\/product\/honey-balm-wild-violet-essence\/","og_locale":"fr_FR","og_type":"article","og_title":"Honey Balm &amp; Wild Violet Essence - Dutch Health Store","og_description":"L\u2019essence de m\u00e9lisse et de violette sauvage est un hydrosol bior\u00e9gional d\u2019origine unique, distill\u00e9 avec soin \u00e0 la main dans notre atelier historique.","og_url":"https:\/\/dutchhealthstore.com\/fr\/product\/honey-balm-wild-violet-essence\/","og_site_name":"Dutch Health Store","article_publisher":"https:\/\/www.instagram.com\/dutchhealthstore\/","article_modified_time":"2026-03-23T13:29:32+00:00","og_image":[{"width":530,"height":530,"url":"https:\/\/dutchhealthstore.com\/wp-content\/uploads\/2026\/02\/Untitled-design-2026-02-16T160203.425.jpg","type":"image\/jpeg"}],"twitter_card":"summary_large_image","twitter_misc":{"Prix":"&euro;35,00","Disponibilit\u00e9":"En stock"},"schema":{"@context":"https:\/\/schema.org","@graph":[{"@type":"WebPage","@id":"https:\/\/dutchhealthstore.com\/fr\/product\/honey-balm-wild-violet-essence\/","url":"https:\/\/dutchhealthstore.com\/fr\/product\/honey-balm-wild-violet-essence\/","name":"Honey Balm &amp; Wild Violet Essence - Tidelands House","isPartOf":{"@id":"https:\/\/dutchhealthstore.com\/fr\/#website"},"primaryImageOfPage":{"@id":"https:\/\/dutchhealthstore.com\/fr\/product\/honey-balm-wild-violet-essence\/#primaryimage"},"image":{"@id":"https:\/\/dutchhealthstore.com\/fr\/product\/honey-balm-wild-violet-essence\/#primaryimage"},"thumbnailUrl":"https:\/\/dutchhealthstore.com\/wp-content\/uploads\/2026\/02\/Untitled-design-2026-02-16T160203.425.jpg","datePublished":"2026-02-23T11:19:20+00:00","dateModified":"2026-03-23T13:29:32+00:00","description":"L\u2019essence de m\u00e9lisse et de violette sauvage est un hydrosol bior\u00e9gional d\u2019origine unique, distill\u00e9 avec soin \u00e0 la main dans notre atelier historique.","breadcrumb":{"@id":"https:\/\/dutchhealthstore.com\/fr\/product\/honey-balm-wild-violet-essence\/#breadcrumb"},"inLanguage":"fr-FR","potentialAction":[{"@type":"ReadAction","target":["https:\/\/dutchhealthstore.com\/fr\/product\/honey-balm-wild-violet-essence\/"]}]},{"@type":"ImageObject","inLanguage":"fr-FR","@id":"https:\/\/dutchhealthstore.com\/fr\/product\/honey-balm-wild-violet-essence\/#primaryimage","url":"https:\/\/dutchhealthstore.com\/wp-content\/uploads\/2026\/02\/Untitled-design-2026-02-16T160203.425.jpg","contentUrl":"https:\/\/dutchhealthstore.com\/wp-content\/uploads\/2026\/02\/Untitled-design-2026-02-16T160203.425.jpg","width":530,"height":530,"caption":"tidelands-house-honey-balm-essence"},{"@type":"BreadcrumbList","@id":"https:\/\/dutchhealthstore.com\/fr\/product\/honey-balm-wild-violet-essence\/#breadcrumb","itemListElement":[{"@type":"ListItem","position":1,"name":"Home","item":"https:\/\/dutchhealthstore.com\/fr\/"},{"@type":"ListItem","position":2,"name":"Shop","item":"https:\/\/dutchhealthstore.com\/fr\/shop\/"},{"@type":"ListItem","position":3,"name":"Honey Balm &amp; Wild Violet Essence"}]},{"@type":"WebSite","@id":"https:\/\/dutchhealthstore.com\/fr\/#website","url":"https:\/\/dutchhealthstore.com\/fr\/","name":"Dutch Health Store","description":"Enhance Your Beauty with Organic &amp; Natural Skincare","publisher":{"@id":"https:\/\/dutchhealthstore.com\/fr\/#organization"},"potentialAction":[{"@type":"SearchAction","target":{"@type":"EntryPoint","urlTemplate":"https:\/\/dutchhealthstore.com\/fr\/?s={search_term_string}"},"query-input":{"@type":"PropertyValueSpecification","valueRequired":true,"valueName":"search_term_string"}}],"inLanguage":"fr-FR"},{"@type":"Organization","@id":"https:\/\/dutchhealthstore.com\/fr\/#organization","name":"Dutch Health Store","url":"https:\/\/dutchhealthstore.com\/fr\/","logo":{"@type":"ImageObject","inLanguage":"fr-FR","@id":"https:\/\/dutchhealthstore.com\/fr\/#\/schema\/logo\/image\/","url":"https:\/\/dutchhealthstore.com\/wp-content\/uploads\/2020\/08\/logo-dutchhealthstore-jpg-e1599484957574.jpg","contentUrl":"https:\/\/dutchhealthstore.com\/wp-content\/uploads\/2020\/08\/logo-dutchhealthstore-jpg-e1599484957574.jpg","width":400,"height":62,"caption":"Dutch Health Store"},"image":{"@id":"https:\/\/dutchhealthstore.com\/fr\/#\/schema\/logo\/image\/"},"sameAs":["https:\/\/www.instagram.com\/dutchhealthstore\/","https:\/\/www.facebook.com\/dutchhealthstore"]}]},"product_brand":"Tidelands House","product_price_amount":"35.00","product_price_currency":"EUR","og_availability":"instock","product_availability":"instock","product_condition":"new"},"_links":{"self":[{"href":"https:\/\/dutchhealthstore.com\/fr\/wp-json\/wp\/v2\/product\/372491","targetHints":{"allow":["GET"]}}],"collection":[{"href":"https:\/\/dutchhealthstore.com\/fr\/wp-json\/wp\/v2\/product"}],"about":[{"href":"https:\/\/dutchhealthstore.com\/fr\/wp-json\/wp\/v2\/types\/product"}],"replies":[{"embeddable":true,"href":"https:\/\/dutchhealthstore.com\/fr\/wp-json\/wp\/v2\/comments?post=372491"}],"wp:featuredmedia":[{"embeddable":true,"href":"https:\/\/dutchhealthstore.com\/fr\/wp-json\/wp\/v2\/media\/371634"}],"wp:attachment":[{"href":"https:\/\/dutchhealthstore.com\/fr\/wp-json\/wp\/v2\/media?parent=372491"}],"wp:term":[{"taxonomy":"product_brand","embeddable":true,"href":"https:\/\/dutchhealthstore.com\/fr\/wp-json\/wp\/v2\/product_brand?post=372491"},{"taxonomy":"product_cat","embeddable":true,"href":"https:\/\/dutchhealthstore.com\/fr\/wp-json\/wp\/v2\/product_cat?post=372491"},{"taxonomy":"product_tag","embeddable":true,"href":"https:\/\/dutchhealthstore.com\/fr\/wp-json\/wp\/v2\/product_tag?post=372491"}],"curies":[{"name":"wp","href":"https:\/\/api.w.org\/{rel}","templated":true}]}}