{"id":372487,"date":"2026-02-23T12:21:27","date_gmt":"2026-02-23T11:21:27","guid":{"rendered":"https:\/\/dutchhealthstore.com\/product\/fleurs-de-mer-sea-plant-vitamin-essence\/"},"modified":"2026-02-23T12:21:27","modified_gmt":"2026-02-23T11:21:27","slug":"fleurs-de-mer-sea-plant-vitamin-essence","status":"publish","type":"product","link":"https:\/\/dutchhealthstore.com\/fr\/product\/fleurs-de-mer-sea-plant-vitamin-essence\/","title":{"rendered":"Fleurs De Mer Sea Plant Vitamin Essence"},"content":{"rendered":"<p>Adapt\u00e9 \u00e0 tous les types de peau, ce tonique rafra\u00eechissant est \u00e9labor\u00e9 \u00e0 partir de plantes marines sauvages, notamment du varech frais et de la dulse irlandaise.<\/p>\n<p>Ces plantes marines riches en min\u00e9raux sont lentement infus\u00e9es pendant deux cycles lunaires complets avec de l\u2019essence de paille d\u2019avoine laiteuse, de la fleur d\u2019achill\u00e9e millefeuille, de la lavande d\u2019\u00e9t\u00e9, de la feuille de verveine bleue, des cynorhodons sauvages, de la racine de guimauve, de la fleur de calendula, de la m\u00e9lisse et de l\u2019extrait de menthe aquatique.<\/p>\n<p>Naturellement riche en iode, magn\u00e9sium, vitamine B6 et autres oligo-\u00e9l\u00e9ments, cette essence aide \u00e0 apaiser, hydrater, nourrir et soutenir la r\u00e9paration cutan\u00e9e. Elle agit comme un soin nourrissant quotidien pour le teint, le laissant calme, \u00e9quilibr\u00e9 et revitalis\u00e9. <\/p>\n<p>L\u2019ar\u00f4me est frais et subtil, avec des notes de l\u00e9gumes de mer l\u00e9g\u00e8rement sal\u00e9s, d\u2019herbes sauvages et de douces fleurs printani\u00e8res. La formule est enti\u00e8rement exempte d\u2019huiles essentielles. <\/p>\n<p><strong>Philosophie des fleurs<\/strong><\/p>\n<p>Le varech frais, la dulse irlandaise, la menthe aquatique, la fleur de calendula et la paille d\u2019avoine laiteuse constituent la base botanique de cette essence riche en min\u00e9raux.<\/p>\n<h3>Le rituel<\/h3>\n<p>Bien agiter avant utilisation pour disperser uniform\u00e9ment les extraits de plantes biodynamiques.<\/p>\n<p>Vaporisez g\u00e9n\u00e9reusement sur le visage, le cou et le d\u00e9collet\u00e9 fra\u00eechement nettoy\u00e9s. Poursuivez avec votre s\u00e9rum facial pr\u00e9f\u00e9r\u00e9. Pour une hydratation et une protection plus profondes, compl\u00e9tez votre routine avec un baume facial.  <\/p>\n<h3>Plantes actives<\/h3>\n<p><em>Algues Dulse &amp; Varech<\/em><\/p>\n<p>Algues r\u00e9colt\u00e9es \u00e0 la main, riches en phytonutriments, vitamines et min\u00e9raux essentiels. Ces superaliments marins nourrissent la peau, aidant \u00e0 soutenir un teint \u00e9clatant et d\u2019apparence saine. <\/p>\n<p><em>Paille d\u2019Avoine Laiteuse<\/em><\/p>\n<p>D\u00e9riv\u00e9e de la plante d\u2019Avena sativa non m\u00fbre, la paille d\u2019avoine laiteuse est reconnue pour ses propri\u00e9t\u00e9s calmantes et apaisantes, particuli\u00e8rement pour les peaux sensibles. Elle est riche en calcium, potassium, fer, vitamines A et C, et en antioxydants qui aident \u00e0 r\u00e9conforter et \u00e0 renforcer la barri\u00e8re cutan\u00e9e. <\/p>\n<p><em>Fleur de calendula r\u00e9colt\u00e9e<\/em><\/p>\n<p>Le calendula soutient la fermet\u00e9 et l\u2019hydratation de la peau tout en aidant \u00e0 prot\u00e9ger contre le stress environnemental quotidien. Naturellement riche en antioxydants et en compos\u00e9s apaisants, il est particuli\u00e8rement b\u00e9n\u00e9fique pour les peaux sujettes \u00e0 l\u2019acn\u00e9 et aux rougeurs. <\/p>\n<p><em>Racine de guimauve<\/em><\/p>\n<p>Un humectant naturel qui attire l\u2019humidit\u00e9 dans la peau, am\u00e9liorant les niveaux d\u2019hydratation. Ses flavono\u00efdes offrent un soutien anti-inflammatoire doux et aident \u00e0 prot\u00e9ger contre les dommages caus\u00e9s par les UV et les radicaux libres. <\/p>\n<p><em>Fruit de rose de Nouvelle-\u00c9cosse<\/em><\/p>\n<p>Riche en vitamine C, le fruit de rose offre un resurfa\u00e7age enzymatique doux tout en apportant des nutriments essentiels. Il soutient la production de collag\u00e8ne, calme l\u2019inflammation et favorise un teint plus lumineux et revitalis\u00e9. <\/p>\n<p><em><strong>Tous les ingr\u00e9dients sont biologiques, issus de cueillette sauvage, et sourc\u00e9s de mani\u00e8re durable, \u00e9thique et r\u00e9gionale.<\/strong><\/em><\/p>\n<p><strong>Taille : 50 ml<\/strong><\/p>\n<h2><strong>Ingr\u00e9dients naturels \/ biologiques <\/strong><\/h2>\n<p>Extractions et Essences de Plantes Enti\u00e8res Faites Maison de Dulse Irlandaise de l\u2019\u00cele-du-Prince-\u00c9douard (<em>Palmaria palmata<\/em>), Paille d\u2019Avoine Laiteuse (<em>Avena sativa<\/em>), Varech (<em>Nereocystis luetkeana<\/em>), Verveine Bleue (<em>Verbena hastata<\/em>), Fleur d\u2019Achill\u00e9e Millefeuille (<em>Achillea millefolium<\/em>), M\u00e9lisse (<em>Melissa officinalis<\/em>), Fleur de Calendula (<em>Calendula officinalis<\/em>), Menthe Poivr\u00e9e Sauvage (<em>Mentha piperita<\/em>), Racine de Guimauve (<em>Althaea officinalis<\/em>), Fleur de Lavande (<em>Lavandula angustifolia<\/em>), Racine d\u2019Hamam\u00e9lis (<em>Hamamelis virginiana<\/em>), Distillats de Cuivre de Lavande et de Fleur d\u2019Achill\u00e9e Millefeuille (<em>Lavandula angustifolia<\/em> et <em>Achillea millefolium<\/em>), Cynorhodons de Nouvelle-\u00c9cosse (<em>Rosa canina<\/em>), Concentr\u00e9 Ferment\u00e9 de Racine de Radis (<em>Raphanus sativus<\/em>).<\/p>\n\n\t<section class=\"section dark\" id=\"section_1849466275\">\n\t\t<div class=\"section-bg fill\" >\n\t\t\t<img fetchpriority=\"high\" decoding=\"async\" width=\"1200\" height=\"604\" src=\"https:\/\/dutchhealthstore.com\/wp-content\/uploads\/2026\/02\/bgux.jpg\" class=\"bg attachment- size-\" alt=\"\" \/>\t\t\t\t\t\t<div class=\"section-bg-overlay absolute fill\"><\/div>\n\t\t\t\n\n\t\t<\/div>\n\n\t\t\n\n\t\t<div class=\"section-content relative\">\n\t\t\t\n\n\t<div id=\"gap-450227067\" class=\"gap-element clearfix\" style=\"display:block; height:auto;\">\n\t\t\n<style>\n#gap-450227067 {\n  padding-top: 15px;\n}\n<\/style>\n\t<\/div>\n\t\n\n<div class=\"container section-title-container\" ><h3 class=\"section-title section-title-normal\"><b><\/b><span class=\"section-title-main\" >\u00c0 propos de Tidelands House<\/span><b><\/b><\/h3><\/div>\n\n<div class=\"row\"  id=\"row-1758166344\">\n\n\n\t<div id=\"col-1360197726\" class=\"col small-12 large-12\"  >\n\t\t\t\t<div class=\"col-inner\"  >\n\t\t\t\n\t\t\t\n\n<p>Tidelands House est un atelier canadien de soins botaniques pour la peau, fond\u00e9 par l\u2019herboriste Dominique Del Col. Chaque formule est fabriqu\u00e9e \u00e0 la main dans une distillerie baign\u00e9e de lumi\u00e8re solaire, au sein d\u2019un cottage en pierre restaur\u00e9 du XIXe si\u00e8cle, o\u00f9 des herbes sont suspendues aux poutres en bois et o\u00f9 les plantes sont pr\u00e9par\u00e9es au rythme des saisons.<\/p>\n<p>Des plantes sauvages cueillies, la culture biodynamique et des v\u00e9g\u00e9taux marins r\u00e9colt\u00e9s sur les c\u00f4tes orientales du Canada constituent le c\u0153ur de chaque pr\u00e9paration. Les ingr\u00e9dients sont r\u00e9colt\u00e9s au pic de leur vitalit\u00e9 et \u00e9labor\u00e9s en micro-lots afin de pr\u00e9server leur puissance, leur fra\u00eecheur et leur int\u00e9grit\u00e9 \u00e9nerg\u00e9tique. <\/p>\n<p>Aucun additif synth\u00e9tique. Aucun agent de charge inutile. Uniquement des extraits botaniques riches en nutriments, des essences florales ferment\u00e9es et des huiles v\u00e9g\u00e9tales pures, pr\u00e9sent\u00e9s dans du verre opalin d\u2019inspiration patrimoniale.  <\/p>\n<p>Tidelands House propose des soins lents et intentionnels \u2014 ancr\u00e9s dans la terre, le rituel et le respect \u00e0 la fois de la tradition et de la science botanique moderne.<\/p>\n\n\n\t\t<\/div>\n\t\t\t\t\t<\/div>\n\n\t\n\n<\/div>\n\n\t\t<\/div>\n\n\t\t\n<style>\n#section_1849466275 {\n  padding-top: 30px;\n  padding-bottom: 30px;\n  background-color: rgb(40, 40, 40);\n}\n#section_1849466275 .section-bg-overlay {\n  background-color: rgba(0, 0, 0, 0.477);\n}\n#section_1849466275 .section-bg img {\n  object-position: 51% 73%;\n}\n<\/style>\n\t<\/section>\n\t\n","protected":false},"excerpt":{"rendered":"<p>Fleurs De Mer est une essence faciale \u00e9clatante, con\u00e7ue pour apporter des vitamines, des min\u00e9raux et des phytonutriments essentiels en profondeur dans la peau.<\/p>\n","protected":false},"featured_media":371617,"comment_status":"open","ping_status":"closed","template":"","meta":[],"product_brand":[],"product_cat":[20925,20947,20954,14733,20953,1908,20908,1209,1030,5107,5673,5117,5118,5627,5121,5119,5120,1229,1010,22208,4494,5674,5122,5675,5672],"product_tag":[],"class_list":{"0":"post-372487","1":"product","2":"type-product","3":"status-publish","4":"has-post-thumbnail","6":"product_cat-peau-mature-et-vieillissante","7":"product_cat-secs-fr","8":"product_cat-secs-fr-2","9":"product_cat-soins-de-la-peau","10":"product_cat-toners-fr","11":"product_cat-new-additions-fr","12":"product_cat-new-additions-skincare-fr","13":"product_cat-par-marques","14":"product_cat-par-produits","15":"product_cat-by-skin-type-fr-4","16":"product_cat-oily-skin-clogged-pores-fr","17":"product_cat-oily-skin-clogged-pores-fr-4","18":"product_cat-normal-or-combination-skin-fr-5","19":"product_cat-normal-or-combination-skin-fr-2","20":"product_cat-dry-mature-ageing-skin-fr-2","21":"product_cat-dry-mature-ageing-skin-fr-5","22":"product_cat-sensitive-skin-redness-fr-4","23":"product_cat-sensitive-skin-redness-fr","24":"product_cat-notre-boutique","25":"product_cat-tidelands-house","26":"product_cat-toners-fr-3","27":"product_cat-toners-fr-6","28":"product_cat-toners-fr-4","29":"product_cat-toners-fr-2","30":"product_cat-toners-fr-5","31":"pa_brand-tidelands-house","32":"pa_gtin-22255","33":"pa_size-50-ml-fr","34":"pa_skincare-type-face-oil-and-serums-fr","35":"pa_skincare-type-moisturizers-fr","37":"first","38":"outofstock","39":"taxable","40":"shipping-taxable","41":"purchasable","42":"product-type-simple"},"bundled_by":[],"bundle_stock_status":"outofstock","bundle_stock_quantity":0,"bundle_virtual":false,"bundle_layout":"","bundle_add_to_cart_form_location":"","bundle_editable_in_cart":false,"bundle_sold_individually_context":"","bundle_item_grouping":"","bundle_min_size":"","bundle_max_size":"","bundle_price":[],"bundled_items":[],"bundle_sell_ids":[372717],"atum_controlled":true,"out_stock_date":"2026-03-07 17:17:13","out_stock_threshold":null,"inheritable":false,"stock_on_hold":0,"sold_today":0,"sales_last_days":3,"out_stock_days":1,"lost_sales":18,"update_date":"2026-04-10T07:36:21","atum_locations":[],"atum_stock_status":"outofstock","restock_status":false,"low_stock_amount":"","sales_update_date":"2026-04-10T07:36:21","calc_backorders":null,"group_of_quantity":0,"min_quantity":0,"max_quantity":"","exclude_order_quantity_value_rules":"no","exclude_category_quantity_rules":"no","combine_variations":"no","yoast_head":"<!-- This site is optimized with the Yoast SEO Premium plugin v26.5 (Yoast SEO v26.5) - https:\/\/yoast.com\/wordpress\/plugins\/seo\/ -->\n<title>Fleurs De Mer Sea Plant Vitamin Essence - Tidelands House<\/title>\n<meta name=\"description\" content=\"Fleurs De Mer est une essence faciale \u00e9clatante, con\u00e7ue pour apporter des vitamines, des min\u00e9raux et des phytonutriments essentiels en profondeur dans la peau.\" \/>\n<meta name=\"robots\" content=\"index, follow, max-snippet:-1, max-image-preview:large, max-video-preview:-1\" \/>\n<link rel=\"canonical\" href=\"https:\/\/dutchhealthstore.com\/fr\/product\/fleurs-de-mer-sea-plant-vitamin-essence\/\" \/>\n<meta property=\"og:locale\" content=\"fr_FR\" \/>\n<meta property=\"og:type\" content=\"article\" \/>\n<meta property=\"og:title\" content=\"Fleurs De Mer Sea Plant Vitamin Essence - Dutch Health Store\" \/>\n<meta property=\"og:description\" content=\"Fleurs De Mer est une essence faciale \u00e9clatante, con\u00e7ue pour apporter des vitamines, des min\u00e9raux et des phytonutriments essentiels en profondeur dans la peau.\" \/>\n<meta property=\"og:url\" content=\"https:\/\/dutchhealthstore.com\/fr\/product\/fleurs-de-mer-sea-plant-vitamin-essence\/\" \/>\n<meta property=\"og:site_name\" content=\"Dutch Health Store\" \/>\n<meta property=\"article:publisher\" content=\"https:\/\/www.instagram.com\/dutchhealthstore\/\" \/>\n<meta property=\"og:image\" content=\"https:\/\/dutchhealthstore.com\/wp-content\/uploads\/2026\/02\/Untitled-design-2026-02-16T154222.939.jpg\" \/>\n\t<meta property=\"og:image:width\" content=\"530\" \/>\n\t<meta property=\"og:image:height\" content=\"530\" \/>\n\t<meta property=\"og:image:type\" content=\"image\/jpeg\" \/>\n<meta name=\"twitter:card\" content=\"summary_large_image\" \/>\n<meta name=\"twitter:label1\" content=\"Prix\" \/>\n\t<meta name=\"twitter:data1\" content=\"&euro;44,00\" \/>\n\t<meta name=\"twitter:label2\" content=\"Disponibilit\u00e9\" \/>\n\t<meta name=\"twitter:data2\" content=\"Rupture de stock\" \/>\n<script type=\"application\/ld+json\" class=\"yoast-schema-graph\">{\"@context\":\"https:\/\/schema.org\",\"@graph\":[{\"@type\":\"WebPage\",\"@id\":\"https:\/\/dutchhealthstore.com\/fr\/product\/fleurs-de-mer-sea-plant-vitamin-essence\/\",\"url\":\"https:\/\/dutchhealthstore.com\/fr\/product\/fleurs-de-mer-sea-plant-vitamin-essence\/\",\"name\":\"Fleurs De Mer Sea Plant Vitamin Essence - Tidelands House\",\"isPartOf\":{\"@id\":\"https:\/\/dutchhealthstore.com\/fr\/#website\"},\"primaryImageOfPage\":{\"@id\":\"https:\/\/dutchhealthstore.com\/fr\/product\/fleurs-de-mer-sea-plant-vitamin-essence\/#primaryimage\"},\"image\":{\"@id\":\"https:\/\/dutchhealthstore.com\/fr\/product\/fleurs-de-mer-sea-plant-vitamin-essence\/#primaryimage\"},\"thumbnailUrl\":\"https:\/\/dutchhealthstore.com\/wp-content\/uploads\/2026\/02\/Untitled-design-2026-02-16T154222.939.jpg\",\"datePublished\":\"2026-02-23T11:21:27+00:00\",\"description\":\"Fleurs De Mer est une essence faciale \u00e9clatante, con\u00e7ue pour apporter des vitamines, des min\u00e9raux et des phytonutriments essentiels en profondeur dans la peau.\",\"breadcrumb\":{\"@id\":\"https:\/\/dutchhealthstore.com\/fr\/product\/fleurs-de-mer-sea-plant-vitamin-essence\/#breadcrumb\"},\"inLanguage\":\"fr-FR\",\"potentialAction\":[{\"@type\":\"ReadAction\",\"target\":[\"https:\/\/dutchhealthstore.com\/fr\/product\/fleurs-de-mer-sea-plant-vitamin-essence\/\"]}]},{\"@type\":\"ImageObject\",\"inLanguage\":\"fr-FR\",\"@id\":\"https:\/\/dutchhealthstore.com\/fr\/product\/fleurs-de-mer-sea-plant-vitamin-essence\/#primaryimage\",\"url\":\"https:\/\/dutchhealthstore.com\/wp-content\/uploads\/2026\/02\/Untitled-design-2026-02-16T154222.939.jpg\",\"contentUrl\":\"https:\/\/dutchhealthstore.com\/wp-content\/uploads\/2026\/02\/Untitled-design-2026-02-16T154222.939.jpg\",\"width\":530,\"height\":530,\"caption\":\"tidelands-house-fleurs-de-mer\"},{\"@type\":\"BreadcrumbList\",\"@id\":\"https:\/\/dutchhealthstore.com\/fr\/product\/fleurs-de-mer-sea-plant-vitamin-essence\/#breadcrumb\",\"itemListElement\":[{\"@type\":\"ListItem\",\"position\":1,\"name\":\"Home\",\"item\":\"https:\/\/dutchhealthstore.com\/fr\/\"},{\"@type\":\"ListItem\",\"position\":2,\"name\":\"Shop\",\"item\":\"https:\/\/dutchhealthstore.com\/fr\/shop\/\"},{\"@type\":\"ListItem\",\"position\":3,\"name\":\"Fleurs De Mer Sea Plant Vitamin Essence\"}]},{\"@type\":\"WebSite\",\"@id\":\"https:\/\/dutchhealthstore.com\/fr\/#website\",\"url\":\"https:\/\/dutchhealthstore.com\/fr\/\",\"name\":\"Dutch Health Store\",\"description\":\"Enhance Your Beauty with Organic &amp; Natural Skincare\",\"publisher\":{\"@id\":\"https:\/\/dutchhealthstore.com\/fr\/#organization\"},\"potentialAction\":[{\"@type\":\"SearchAction\",\"target\":{\"@type\":\"EntryPoint\",\"urlTemplate\":\"https:\/\/dutchhealthstore.com\/fr\/?s={search_term_string}\"},\"query-input\":{\"@type\":\"PropertyValueSpecification\",\"valueRequired\":true,\"valueName\":\"search_term_string\"}}],\"inLanguage\":\"fr-FR\"},{\"@type\":\"Organization\",\"@id\":\"https:\/\/dutchhealthstore.com\/fr\/#organization\",\"name\":\"Dutch Health Store\",\"url\":\"https:\/\/dutchhealthstore.com\/fr\/\",\"logo\":{\"@type\":\"ImageObject\",\"inLanguage\":\"fr-FR\",\"@id\":\"https:\/\/dutchhealthstore.com\/fr\/#\/schema\/logo\/image\/\",\"url\":\"https:\/\/dutchhealthstore.com\/wp-content\/uploads\/2020\/08\/logo-dutchhealthstore-jpg-e1599484957574.jpg\",\"contentUrl\":\"https:\/\/dutchhealthstore.com\/wp-content\/uploads\/2020\/08\/logo-dutchhealthstore-jpg-e1599484957574.jpg\",\"width\":400,\"height\":62,\"caption\":\"Dutch Health Store\"},\"image\":{\"@id\":\"https:\/\/dutchhealthstore.com\/fr\/#\/schema\/logo\/image\/\"},\"sameAs\":[\"https:\/\/www.instagram.com\/dutchhealthstore\/\",\"https:\/\/www.facebook.com\/dutchhealthstore\"]}]}<\/script>\n<meta property=\"product:brand\" content=\"Tidelands House\" \/>\n<meta property=\"product:price:amount\" content=\"44.00\" \/>\n<meta property=\"product:price:currency\" content=\"EUR\" \/>\n<meta property=\"og:availability\" content=\"out of stock\" \/>\n<meta property=\"product:availability\" content=\"out of stock\" \/>\n<meta property=\"product:condition\" content=\"new\" \/>\n<!-- \/ Yoast SEO Premium plugin. -->","yoast_head_json":{"title":"Fleurs De Mer Sea Plant Vitamin Essence - Tidelands House","description":"Fleurs De Mer est une essence faciale \u00e9clatante, con\u00e7ue pour apporter des vitamines, des min\u00e9raux et des phytonutriments essentiels en profondeur dans la peau.","robots":{"index":"index","follow":"follow","max-snippet":"max-snippet:-1","max-image-preview":"max-image-preview:large","max-video-preview":"max-video-preview:-1"},"canonical":"https:\/\/dutchhealthstore.com\/fr\/product\/fleurs-de-mer-sea-plant-vitamin-essence\/","og_locale":"fr_FR","og_type":"article","og_title":"Fleurs De Mer Sea Plant Vitamin Essence - Dutch Health Store","og_description":"Fleurs De Mer est une essence faciale \u00e9clatante, con\u00e7ue pour apporter des vitamines, des min\u00e9raux et des phytonutriments essentiels en profondeur dans la peau.","og_url":"https:\/\/dutchhealthstore.com\/fr\/product\/fleurs-de-mer-sea-plant-vitamin-essence\/","og_site_name":"Dutch Health Store","article_publisher":"https:\/\/www.instagram.com\/dutchhealthstore\/","og_image":[{"width":530,"height":530,"url":"https:\/\/dutchhealthstore.com\/wp-content\/uploads\/2026\/02\/Untitled-design-2026-02-16T154222.939.jpg","type":"image\/jpeg"}],"twitter_card":"summary_large_image","twitter_misc":{"Prix":"&euro;44,00","Disponibilit\u00e9":"Rupture de stock"},"schema":{"@context":"https:\/\/schema.org","@graph":[{"@type":"WebPage","@id":"https:\/\/dutchhealthstore.com\/fr\/product\/fleurs-de-mer-sea-plant-vitamin-essence\/","url":"https:\/\/dutchhealthstore.com\/fr\/product\/fleurs-de-mer-sea-plant-vitamin-essence\/","name":"Fleurs De Mer Sea Plant Vitamin Essence - Tidelands House","isPartOf":{"@id":"https:\/\/dutchhealthstore.com\/fr\/#website"},"primaryImageOfPage":{"@id":"https:\/\/dutchhealthstore.com\/fr\/product\/fleurs-de-mer-sea-plant-vitamin-essence\/#primaryimage"},"image":{"@id":"https:\/\/dutchhealthstore.com\/fr\/product\/fleurs-de-mer-sea-plant-vitamin-essence\/#primaryimage"},"thumbnailUrl":"https:\/\/dutchhealthstore.com\/wp-content\/uploads\/2026\/02\/Untitled-design-2026-02-16T154222.939.jpg","datePublished":"2026-02-23T11:21:27+00:00","description":"Fleurs De Mer est une essence faciale \u00e9clatante, con\u00e7ue pour apporter des vitamines, des min\u00e9raux et des phytonutriments essentiels en profondeur dans la peau.","breadcrumb":{"@id":"https:\/\/dutchhealthstore.com\/fr\/product\/fleurs-de-mer-sea-plant-vitamin-essence\/#breadcrumb"},"inLanguage":"fr-FR","potentialAction":[{"@type":"ReadAction","target":["https:\/\/dutchhealthstore.com\/fr\/product\/fleurs-de-mer-sea-plant-vitamin-essence\/"]}]},{"@type":"ImageObject","inLanguage":"fr-FR","@id":"https:\/\/dutchhealthstore.com\/fr\/product\/fleurs-de-mer-sea-plant-vitamin-essence\/#primaryimage","url":"https:\/\/dutchhealthstore.com\/wp-content\/uploads\/2026\/02\/Untitled-design-2026-02-16T154222.939.jpg","contentUrl":"https:\/\/dutchhealthstore.com\/wp-content\/uploads\/2026\/02\/Untitled-design-2026-02-16T154222.939.jpg","width":530,"height":530,"caption":"tidelands-house-fleurs-de-mer"},{"@type":"BreadcrumbList","@id":"https:\/\/dutchhealthstore.com\/fr\/product\/fleurs-de-mer-sea-plant-vitamin-essence\/#breadcrumb","itemListElement":[{"@type":"ListItem","position":1,"name":"Home","item":"https:\/\/dutchhealthstore.com\/fr\/"},{"@type":"ListItem","position":2,"name":"Shop","item":"https:\/\/dutchhealthstore.com\/fr\/shop\/"},{"@type":"ListItem","position":3,"name":"Fleurs De Mer Sea Plant Vitamin Essence"}]},{"@type":"WebSite","@id":"https:\/\/dutchhealthstore.com\/fr\/#website","url":"https:\/\/dutchhealthstore.com\/fr\/","name":"Dutch Health Store","description":"Enhance Your Beauty with Organic &amp; Natural Skincare","publisher":{"@id":"https:\/\/dutchhealthstore.com\/fr\/#organization"},"potentialAction":[{"@type":"SearchAction","target":{"@type":"EntryPoint","urlTemplate":"https:\/\/dutchhealthstore.com\/fr\/?s={search_term_string}"},"query-input":{"@type":"PropertyValueSpecification","valueRequired":true,"valueName":"search_term_string"}}],"inLanguage":"fr-FR"},{"@type":"Organization","@id":"https:\/\/dutchhealthstore.com\/fr\/#organization","name":"Dutch Health Store","url":"https:\/\/dutchhealthstore.com\/fr\/","logo":{"@type":"ImageObject","inLanguage":"fr-FR","@id":"https:\/\/dutchhealthstore.com\/fr\/#\/schema\/logo\/image\/","url":"https:\/\/dutchhealthstore.com\/wp-content\/uploads\/2020\/08\/logo-dutchhealthstore-jpg-e1599484957574.jpg","contentUrl":"https:\/\/dutchhealthstore.com\/wp-content\/uploads\/2020\/08\/logo-dutchhealthstore-jpg-e1599484957574.jpg","width":400,"height":62,"caption":"Dutch Health Store"},"image":{"@id":"https:\/\/dutchhealthstore.com\/fr\/#\/schema\/logo\/image\/"},"sameAs":["https:\/\/www.instagram.com\/dutchhealthstore\/","https:\/\/www.facebook.com\/dutchhealthstore"]}]},"product_brand":"Tidelands House","product_price_amount":"44.00","product_price_currency":"EUR","og_availability":"out of stock","product_availability":"out of stock","product_condition":"new"},"_links":{"self":[{"href":"https:\/\/dutchhealthstore.com\/fr\/wp-json\/wp\/v2\/product\/372487","targetHints":{"allow":["GET"]}}],"collection":[{"href":"https:\/\/dutchhealthstore.com\/fr\/wp-json\/wp\/v2\/product"}],"about":[{"href":"https:\/\/dutchhealthstore.com\/fr\/wp-json\/wp\/v2\/types\/product"}],"replies":[{"embeddable":true,"href":"https:\/\/dutchhealthstore.com\/fr\/wp-json\/wp\/v2\/comments?post=372487"}],"wp:featuredmedia":[{"embeddable":true,"href":"https:\/\/dutchhealthstore.com\/fr\/wp-json\/wp\/v2\/media\/371617"}],"wp:attachment":[{"href":"https:\/\/dutchhealthstore.com\/fr\/wp-json\/wp\/v2\/media?parent=372487"}],"wp:term":[{"taxonomy":"product_brand","embeddable":true,"href":"https:\/\/dutchhealthstore.com\/fr\/wp-json\/wp\/v2\/product_brand?post=372487"},{"taxonomy":"product_cat","embeddable":true,"href":"https:\/\/dutchhealthstore.com\/fr\/wp-json\/wp\/v2\/product_cat?post=372487"},{"taxonomy":"product_tag","embeddable":true,"href":"https:\/\/dutchhealthstore.com\/fr\/wp-json\/wp\/v2\/product_tag?post=372487"}],"curies":[{"name":"wp","href":"https:\/\/api.w.org\/{rel}","templated":true}]}}