{"id":372480,"date":"2026-02-23T12:23:45","date_gmt":"2026-02-23T11:23:45","guid":{"rendered":"https:\/\/dutchhealthstore.com\/product\/fallen-fruit-luminous-nectar-drops\/"},"modified":"2026-03-23T14:29:30","modified_gmt":"2026-03-23T13:29:30","slug":"fallen-fruit-luminous-nectar-drops","status":"publish","type":"product","link":"https:\/\/dutchhealthstore.com\/fr\/product\/fallen-fruit-luminous-nectar-drops\/","title":{"rendered":"Fallen Fruit Luminous Nectar Drops"},"content":{"rendered":"<p>Ces plantes riches en nutriments sont mac\u00e9r\u00e9es lentement pour lib\u00e9rer toute leur vitalit\u00e9.<\/p>\n<p>Le r\u00e9sultat est un nectar frais qui enveloppe la peau d\u2019une hydratation durable. Il aide \u00e0 rendre le teint repulp\u00e9, lisse, tonifi\u00e9 et parfaitement pr\u00e9par\u00e9 pour votre s\u00e9rum et votre baume visage. <\/p>\n<p><strong>Philosophie des fleurs<\/strong><\/p>\n<p>Le ferment de fruit de rose, le sumac m\u00fbr, l\u2019hibiscus en fleur, l\u2019essence d\u2019achill\u00e9e millefeuille pr\u00e9serv\u00e9e et la racine d\u2019\u00e9leuth\u00e9rocoque broy\u00e9e \u00e0 la pierre constituent le c\u0153ur vibrant de cette formule lumineuse.<\/p>\n<h3>Le rituel<\/h3>\n<p>Agitez bien avant l\u2019emploi pour r\u00e9partir uniform\u00e9ment les essences de plantes biodynamiques.<\/p>\n<p>Appliquez 5 \u00e0 10 gouttes sur une peau fra\u00eechement nettoy\u00e9e du bout des doigts. Laissez le nectar p\u00e9n\u00e9trer environ 30 secondes avant d\u2019appliquer votre s\u00e9rum visage. <\/p>\n<p>Pour une hydratation plus profonde, compl\u00e9tez avec un baume visage concentr\u00e9. Vous pouvez \u00e9galement m\u00e9langer le nectar et le s\u00e9rum dans la paume de votre main avant de les appliquer sur la peau. <\/p>\n<h3>Plantes actives<\/h3>\n<p><em>Mousse d\u2019Irlande<\/em><\/p>\n<p>R\u00e9colt\u00e9e \u00e0 la main sur les c\u00f4tes de l\u2019\u00cele-du-Prince-\u00c9douard, la mousse d\u2019Irlande est riche en calcium, soufre, magn\u00e9sium, potassium, vitamine A et vitamine K. Son mucilage naturel hydrate la peau en profondeur, aidant \u00e0 lisser les ridules et \u00e0 prot\u00e9ger contre le stress environnemental sans obstruer les pores.<\/p>\n<p><em>Fleurs d\u2019hibiscus<\/em><\/p>\n<p>L\u2019hibiscus est reconnu pour ses puissantes propri\u00e9t\u00e9s b\u00e9n\u00e9fiques pour la peau. Naturellement riche en acides alpha-hydroxyl\u00e9s, il favorise une exfoliation douce et le renouvellement cellulaire. Il aide \u00e9galement \u00e0 raffermir, tonifier et am\u00e9liorer l\u2019\u00e9lasticit\u00e9 tout en apaisant l\u2019inflammation.  <\/p>\n<p><em>Baie de sumac<\/em><\/p>\n<p>Une baie puissante, riche en antioxydants, poss\u00e9dant l\u2019une des valeurs antioxydantes les plus \u00e9lev\u00e9es parmi les aliments et les \u00e9pices. Le sumac aide \u00e0 prot\u00e9ger la peau du stress oxydatif et soutient la sant\u00e9 du collag\u00e8ne et de l\u2019\u00e9lastine. <\/p>\n<p><em>Racine d\u2019\u00e9leuth\u00e9rocoque<\/em><\/p>\n<p>Une racine adaptog\u00e8ne riche en min\u00e9raux, antioxydants et vitamines. Elle aide \u00e0 calmer l\u2019inflammation et soutient la production de collag\u00e8ne, favorisant un meilleur renouvellement cellulaire et un aspect plus tonique. <\/p>\n<p><em>Racine de guimauve<\/em><\/p>\n<p>Un humectant naturel qui attire l\u2019humidit\u00e9 dans la peau, augmentant ainsi le niveau d\u2019hydratation. Ses flavono\u00efdes offrent un soutien apaisant et anti-inflammatoire, et aident \u00e0 lutter contre le stress li\u00e9 aux UV et aux radicaux libres. <\/p>\n<p><em>Fruit de rose de Nouvelle-\u00c9cosse<\/em><\/p>\n<p>Riche en vitamine C, le fruit de rose lisse d\u00e9licatement la couche externe de la peau tout en la nourrissant en profondeur. Il soutient la production de collag\u00e8ne, calme l\u2019inflammation et am\u00e9liore l\u2019\u00e9clat et la vitalit\u00e9. <\/p>\n<p><em>Racine d\u2019astragale<\/em><\/p>\n<p>Une plante anti-inflammatoire puissante qui renforce le tissu conjonctif. Elle peut aider \u00e0 r\u00e9duire la d\u00e9gradation du collag\u00e8ne caus\u00e9e par l\u2019exposition aux UV et le stress environnemental. <\/p>\n<p><em>Gotu Kola<\/em><\/p>\n<p>R\u00e9put\u00e9 pour favoriser la production de collag\u00e8ne, le Gotu Kola nourrit le tissu conjonctif et favorise une peau ferme, r\u00e9siliente et d\u2019apparence saine.<\/p>\n<p><strong><em>Tous les ingr\u00e9dients sont biologiques, issus de cueillette sauvage, et sourc\u00e9s de mani\u00e8re durable, \u00e9thique et r\u00e9gionale.<\/em><\/strong><\/p>\n<p><strong>Taille : 50 ml<\/strong><\/p>\n<h2><strong>Ingr\u00e9dients naturels \/ biologiques <\/strong><\/h2>\n<p>Extractions de plantes enti\u00e8res et essences maison de fruit de rose de Nouvelle-\u00c9cosse (<em>Rosa rugosa<\/em>), ferment de baie de schisandra (<em>Schisandra chinensis<\/em>), fruit de sumac m\u00fbr (<em>Rhus typhina<\/em>), fleur d\u2019hibiscus (<em>Hibiscus sabdariffa<\/em>), racine de guimauve (<em>Althaea officinalis<\/em>), Gotu Kola (<em>Centella asiatica<\/em>), mousse d\u2019Irlande de l\u2019\u00ce.-P.-\u00c9. (<em>Chondrus crispus<\/em>), racine d\u2019astragale (<em>Astragalus membranaceus<\/em>), feuille de plantain (<em>Plantago major<\/em>), th\u00e9 vert au jasmin (<em>Camellia sinensis<\/em>), fleur de sureau (<em>Sambucus nigra<\/em>), m\u00e9lisse (<em>Melissa officinalis<\/em>), \u00e9leuth\u00e9rocoque (<em>Eleutherococcus senticosus<\/em>), teinture d\u2019hamam\u00e9lis (<em>Hamamelis virginiana<\/em>), glyc\u00e9rine de lin biodynamique (<em>Linum usitatissimum<\/em>), teinture de feuille d\u2019alo\u00e8s (<em>Aloe barbadensis<\/em>), racine de radis ferment\u00e9e (<em>Raphanus sativus<\/em>), fleur de camomille (<em>Matricaria recutita<\/em>), achill\u00e9e millefeuille sauvage (<em>Achillea millefolium<\/em>).<\/p>\n\n\t<section class=\"section dark\" id=\"section_277205034\">\n\t\t<div class=\"section-bg fill\" >\n\t\t\t<img fetchpriority=\"high\" decoding=\"async\" width=\"1200\" height=\"604\" src=\"https:\/\/dutchhealthstore.com\/wp-content\/uploads\/2026\/02\/bgux.jpg\" class=\"bg attachment- size-\" alt=\"\" \/>\t\t\t\t\t\t<div class=\"section-bg-overlay absolute fill\"><\/div>\n\t\t\t\n\n\t\t<\/div>\n\n\t\t\n\n\t\t<div class=\"section-content relative\">\n\t\t\t\n\n\t<div id=\"gap-183837215\" class=\"gap-element clearfix\" style=\"display:block; height:auto;\">\n\t\t\n<style>\n#gap-183837215 {\n  padding-top: 15px;\n}\n<\/style>\n\t<\/div>\n\t\n\n<div class=\"container section-title-container\" ><h3 class=\"section-title section-title-normal\"><b><\/b><span class=\"section-title-main\" >\u00c0 propos de Tidelands House<\/span><b><\/b><\/h3><\/div>\n\n<div class=\"row\"  id=\"row-1401397414\">\n\n\n\t<div id=\"col-1649889202\" class=\"col small-12 large-12\"  >\n\t\t\t\t<div class=\"col-inner\"  >\n\t\t\t\n\t\t\t\n\n<p>Tidelands House est un atelier canadien de soins botaniques pour la peau, fond\u00e9 par l\u2019herboriste Dominique Del Col. Chaque formule est fabriqu\u00e9e \u00e0 la main dans une distillerie baign\u00e9e de lumi\u00e8re solaire, au sein d\u2019un cottage en pierre restaur\u00e9 du XIXe si\u00e8cle, o\u00f9 des herbes sont suspendues aux poutres en bois et o\u00f9 les plantes sont pr\u00e9par\u00e9es au rythme des saisons.<\/p>\n<p>Des plantes sauvages cueillies, la culture biodynamique et des v\u00e9g\u00e9taux marins r\u00e9colt\u00e9s sur les c\u00f4tes orientales du Canada constituent le c\u0153ur de chaque pr\u00e9paration. Les ingr\u00e9dients sont r\u00e9colt\u00e9s au pic de leur vitalit\u00e9 et \u00e9labor\u00e9s en micro-lots afin de pr\u00e9server leur puissance, leur fra\u00eecheur et leur int\u00e9grit\u00e9 \u00e9nerg\u00e9tique. <\/p>\n<p>Aucun additif synth\u00e9tique. Aucun agent de charge inutile. Uniquement des extraits botaniques riches en nutriments, des essences florales ferment\u00e9es et des huiles v\u00e9g\u00e9tales pures, pr\u00e9sent\u00e9s dans du verre opalin d\u2019inspiration patrimoniale.  <\/p>\n<p>Tidelands House propose des soins lents et intentionnels \u2014 ancr\u00e9s dans la terre, le rituel et le respect \u00e0 la fois de la tradition et de la science botanique moderne.<\/p>\n\n\n\t\t<\/div>\n\t\t\t\t\t<\/div>\n\n\t\n\n<\/div>\n\n\t\t<\/div>\n\n\t\t\n<style>\n#section_277205034 {\n  padding-top: 30px;\n  padding-bottom: 30px;\n  background-color: rgb(40, 40, 40);\n}\n#section_277205034 .section-bg-overlay {\n  background-color: rgba(0, 0, 0, 0.477);\n}\n#section_277205034 .section-bg img {\n  object-position: 51% 73%;\n}\n<\/style>\n\t<\/section>\n\t\n","protected":false},"excerpt":{"rendered":"<p>Fallen Fruit Luminous Nectar Drops est une essence l\u00e9g\u00e8re et hydratante, \u00e9labor\u00e9e \u00e0 partir de fruits r\u00e9gionaux m\u00fbris sur branche, de fleurs fra\u00eeches, de racines sauvages et de mousse d\u2019Irlande.<\/p>\n","protected":false},"featured_media":371604,"comment_status":"open","ping_status":"closed","template":"","meta":[],"product_brand":[],"product_cat":[20925,20947,20954,14733,20953,1908,20908,1209,1030,5107,5117,5673,5118,5627,5119,5121,1229,5120,1010,13172,22208,5122,5675,5672,4494,5674],"product_tag":[],"class_list":{"0":"post-372480","1":"product","2":"type-product","3":"status-publish","4":"has-post-thumbnail","6":"product_cat-peau-mature-et-vieillissante","7":"product_cat-secs-fr","8":"product_cat-secs-fr-2","9":"product_cat-soins-de-la-peau","10":"product_cat-toners-fr","11":"product_cat-new-additions-fr","12":"product_cat-new-additions-skincare-fr","13":"product_cat-par-marques","14":"product_cat-par-produits","15":"product_cat-by-skin-type-fr-4","16":"product_cat-oily-skin-clogged-pores-fr-4","17":"product_cat-oily-skin-clogged-pores-fr","18":"product_cat-normal-or-combination-skin-fr-5","19":"product_cat-normal-or-combination-skin-fr-2","20":"product_cat-dry-mature-ageing-skin-fr-5","21":"product_cat-dry-mature-ageing-skin-fr-2","22":"product_cat-sensitive-skin-redness-fr","23":"product_cat-sensitive-skin-redness-fr-4","24":"product_cat-notre-boutique","25":"product_cat-skincare-fr-2","26":"product_cat-tidelands-house","27":"product_cat-toners-fr-4","28":"product_cat-toners-fr-2","29":"product_cat-toners-fr-5","30":"product_cat-toners-fr-3","31":"product_cat-toners-fr-6","32":"pa_brand-tidelands-house","33":"pa_gtin-22252","34":"pa_size-50-ml-fr","35":"pa_skincare-type-face-oil-and-serums-fr","37":"first","38":"instock","39":"taxable","40":"shipping-taxable","41":"purchasable","42":"product-type-simple"},"bundled_by":[],"bundle_stock_status":"instock","bundle_stock_quantity":5,"bundle_virtual":false,"bundle_layout":"","bundle_add_to_cart_form_location":"","bundle_editable_in_cart":false,"bundle_sold_individually_context":"","bundle_item_grouping":"","bundle_min_size":"","bundle_max_size":"","bundle_price":[],"bundled_items":[],"bundle_sell_ids":[372688],"atum_controlled":true,"out_stock_date":null,"out_stock_threshold":null,"inheritable":false,"stock_on_hold":0,"sold_today":0,"sales_last_days":0,"out_stock_days":0,"lost_sales":0,"update_date":"2026-04-07T06:56:24","atum_locations":[],"atum_stock_status":"instock","restock_status":false,"low_stock_amount":"","sales_update_date":"2026-04-07T06:56:24","calc_backorders":null,"group_of_quantity":0,"min_quantity":0,"max_quantity":"","exclude_order_quantity_value_rules":"no","exclude_category_quantity_rules":"no","combine_variations":"no","yoast_head":"<!-- This site is optimized with the Yoast SEO Premium plugin v26.5 (Yoast SEO v26.5) - https:\/\/yoast.com\/wordpress\/plugins\/seo\/ -->\n<title>Fallen Fruit Luminous Nectar Drops - Tidelands House<\/title>\n<meta name=\"description\" content=\"Les Gouttes de Nectar Lumineux Fallen Fruit sont une essence l\u00e9g\u00e8re et hydratante, compos\u00e9e de fruits r\u00e9gionaux m\u00fbris sur branche, de fleurs fra\u00eeches, de racines sauvages et de mousse marine.\" \/>\n<meta name=\"robots\" content=\"index, follow, max-snippet:-1, max-image-preview:large, max-video-preview:-1\" \/>\n<link rel=\"canonical\" href=\"https:\/\/dutchhealthstore.com\/fr\/product\/fallen-fruit-luminous-nectar-drops\/\" \/>\n<meta property=\"og:locale\" content=\"fr_FR\" \/>\n<meta property=\"og:type\" content=\"article\" \/>\n<meta property=\"og:title\" content=\"Fallen Fruit Luminous Nectar Drops - Dutch Health Store\" \/>\n<meta property=\"og:description\" content=\"Les Gouttes de Nectar Lumineux Fallen Fruit sont une essence l\u00e9g\u00e8re et hydratante, compos\u00e9e de fruits r\u00e9gionaux m\u00fbris sur branche, de fleurs fra\u00eeches, de racines sauvages et de mousse marine.\" \/>\n<meta property=\"og:url\" content=\"https:\/\/dutchhealthstore.com\/fr\/product\/fallen-fruit-luminous-nectar-drops\/\" \/>\n<meta property=\"og:site_name\" content=\"Dutch Health Store\" \/>\n<meta property=\"article:publisher\" content=\"https:\/\/www.instagram.com\/dutchhealthstore\/\" \/>\n<meta property=\"article:modified_time\" content=\"2026-03-23T13:29:30+00:00\" \/>\n<meta property=\"og:image\" content=\"https:\/\/dutchhealthstore.com\/wp-content\/uploads\/2026\/02\/Untitled-design-2026-02-16T153045.926.jpg\" \/>\n\t<meta property=\"og:image:width\" content=\"530\" \/>\n\t<meta property=\"og:image:height\" content=\"530\" \/>\n\t<meta property=\"og:image:type\" content=\"image\/jpeg\" \/>\n<meta name=\"twitter:card\" content=\"summary_large_image\" \/>\n<meta name=\"twitter:label1\" content=\"Prix\" \/>\n\t<meta name=\"twitter:data1\" content=\"&euro;44,00\" \/>\n\t<meta name=\"twitter:label2\" content=\"Disponibilit\u00e9\" \/>\n\t<meta name=\"twitter:data2\" content=\"En stock\" \/>\n<script type=\"application\/ld+json\" class=\"yoast-schema-graph\">{\"@context\":\"https:\/\/schema.org\",\"@graph\":[{\"@type\":\"WebPage\",\"@id\":\"https:\/\/dutchhealthstore.com\/fr\/product\/fallen-fruit-luminous-nectar-drops\/\",\"url\":\"https:\/\/dutchhealthstore.com\/fr\/product\/fallen-fruit-luminous-nectar-drops\/\",\"name\":\"Fallen Fruit Luminous Nectar Drops - Tidelands House\",\"isPartOf\":{\"@id\":\"https:\/\/dutchhealthstore.com\/fr\/#website\"},\"primaryImageOfPage\":{\"@id\":\"https:\/\/dutchhealthstore.com\/fr\/product\/fallen-fruit-luminous-nectar-drops\/#primaryimage\"},\"image\":{\"@id\":\"https:\/\/dutchhealthstore.com\/fr\/product\/fallen-fruit-luminous-nectar-drops\/#primaryimage\"},\"thumbnailUrl\":\"https:\/\/dutchhealthstore.com\/wp-content\/uploads\/2026\/02\/Untitled-design-2026-02-16T153045.926.jpg\",\"datePublished\":\"2026-02-23T11:23:45+00:00\",\"dateModified\":\"2026-03-23T13:29:30+00:00\",\"description\":\"Les Gouttes de Nectar Lumineux Fallen Fruit sont une essence l\u00e9g\u00e8re et hydratante, compos\u00e9e de fruits r\u00e9gionaux m\u00fbris sur branche, de fleurs fra\u00eeches, de racines sauvages et de mousse marine.\",\"breadcrumb\":{\"@id\":\"https:\/\/dutchhealthstore.com\/fr\/product\/fallen-fruit-luminous-nectar-drops\/#breadcrumb\"},\"inLanguage\":\"fr-FR\",\"potentialAction\":[{\"@type\":\"ReadAction\",\"target\":[\"https:\/\/dutchhealthstore.com\/fr\/product\/fallen-fruit-luminous-nectar-drops\/\"]}]},{\"@type\":\"ImageObject\",\"inLanguage\":\"fr-FR\",\"@id\":\"https:\/\/dutchhealthstore.com\/fr\/product\/fallen-fruit-luminous-nectar-drops\/#primaryimage\",\"url\":\"https:\/\/dutchhealthstore.com\/wp-content\/uploads\/2026\/02\/Untitled-design-2026-02-16T153045.926.jpg\",\"contentUrl\":\"https:\/\/dutchhealthstore.com\/wp-content\/uploads\/2026\/02\/Untitled-design-2026-02-16T153045.926.jpg\",\"width\":530,\"height\":530,\"caption\":\"tidelands-house-fallen-fruit-drops\"},{\"@type\":\"BreadcrumbList\",\"@id\":\"https:\/\/dutchhealthstore.com\/fr\/product\/fallen-fruit-luminous-nectar-drops\/#breadcrumb\",\"itemListElement\":[{\"@type\":\"ListItem\",\"position\":1,\"name\":\"Home\",\"item\":\"https:\/\/dutchhealthstore.com\/fr\/\"},{\"@type\":\"ListItem\",\"position\":2,\"name\":\"Shop\",\"item\":\"https:\/\/dutchhealthstore.com\/fr\/shop\/\"},{\"@type\":\"ListItem\",\"position\":3,\"name\":\"Fallen Fruit Luminous Nectar Drops\"}]},{\"@type\":\"WebSite\",\"@id\":\"https:\/\/dutchhealthstore.com\/fr\/#website\",\"url\":\"https:\/\/dutchhealthstore.com\/fr\/\",\"name\":\"Dutch Health Store\",\"description\":\"Enhance Your Beauty with Organic &amp; Natural Skincare\",\"publisher\":{\"@id\":\"https:\/\/dutchhealthstore.com\/fr\/#organization\"},\"potentialAction\":[{\"@type\":\"SearchAction\",\"target\":{\"@type\":\"EntryPoint\",\"urlTemplate\":\"https:\/\/dutchhealthstore.com\/fr\/?s={search_term_string}\"},\"query-input\":{\"@type\":\"PropertyValueSpecification\",\"valueRequired\":true,\"valueName\":\"search_term_string\"}}],\"inLanguage\":\"fr-FR\"},{\"@type\":\"Organization\",\"@id\":\"https:\/\/dutchhealthstore.com\/fr\/#organization\",\"name\":\"Dutch Health Store\",\"url\":\"https:\/\/dutchhealthstore.com\/fr\/\",\"logo\":{\"@type\":\"ImageObject\",\"inLanguage\":\"fr-FR\",\"@id\":\"https:\/\/dutchhealthstore.com\/fr\/#\/schema\/logo\/image\/\",\"url\":\"https:\/\/dutchhealthstore.com\/wp-content\/uploads\/2020\/08\/logo-dutchhealthstore-jpg-e1599484957574.jpg\",\"contentUrl\":\"https:\/\/dutchhealthstore.com\/wp-content\/uploads\/2020\/08\/logo-dutchhealthstore-jpg-e1599484957574.jpg\",\"width\":400,\"height\":62,\"caption\":\"Dutch Health Store\"},\"image\":{\"@id\":\"https:\/\/dutchhealthstore.com\/fr\/#\/schema\/logo\/image\/\"},\"sameAs\":[\"https:\/\/www.instagram.com\/dutchhealthstore\/\",\"https:\/\/www.facebook.com\/dutchhealthstore\"]}]}<\/script>\n<meta property=\"product:brand\" content=\"Tidelands House\" \/>\n<meta property=\"product:price:amount\" content=\"44.00\" \/>\n<meta property=\"product:price:currency\" content=\"EUR\" \/>\n<meta property=\"og:availability\" content=\"instock\" \/>\n<meta property=\"product:availability\" content=\"instock\" \/>\n<meta property=\"product:condition\" content=\"new\" \/>\n<!-- \/ Yoast SEO Premium plugin. -->","yoast_head_json":{"title":"Fallen Fruit Luminous Nectar Drops - Tidelands House","description":"Les Gouttes de Nectar Lumineux Fallen Fruit sont une essence l\u00e9g\u00e8re et hydratante, compos\u00e9e de fruits r\u00e9gionaux m\u00fbris sur branche, de fleurs fra\u00eeches, de racines sauvages et de mousse marine.","robots":{"index":"index","follow":"follow","max-snippet":"max-snippet:-1","max-image-preview":"max-image-preview:large","max-video-preview":"max-video-preview:-1"},"canonical":"https:\/\/dutchhealthstore.com\/fr\/product\/fallen-fruit-luminous-nectar-drops\/","og_locale":"fr_FR","og_type":"article","og_title":"Fallen Fruit Luminous Nectar Drops - Dutch Health Store","og_description":"Les Gouttes de Nectar Lumineux Fallen Fruit sont une essence l\u00e9g\u00e8re et hydratante, compos\u00e9e de fruits r\u00e9gionaux m\u00fbris sur branche, de fleurs fra\u00eeches, de racines sauvages et de mousse marine.","og_url":"https:\/\/dutchhealthstore.com\/fr\/product\/fallen-fruit-luminous-nectar-drops\/","og_site_name":"Dutch Health Store","article_publisher":"https:\/\/www.instagram.com\/dutchhealthstore\/","article_modified_time":"2026-03-23T13:29:30+00:00","og_image":[{"width":530,"height":530,"url":"https:\/\/dutchhealthstore.com\/wp-content\/uploads\/2026\/02\/Untitled-design-2026-02-16T153045.926.jpg","type":"image\/jpeg"}],"twitter_card":"summary_large_image","twitter_misc":{"Prix":"&euro;44,00","Disponibilit\u00e9":"En stock"},"schema":{"@context":"https:\/\/schema.org","@graph":[{"@type":"WebPage","@id":"https:\/\/dutchhealthstore.com\/fr\/product\/fallen-fruit-luminous-nectar-drops\/","url":"https:\/\/dutchhealthstore.com\/fr\/product\/fallen-fruit-luminous-nectar-drops\/","name":"Fallen Fruit Luminous Nectar Drops - Tidelands House","isPartOf":{"@id":"https:\/\/dutchhealthstore.com\/fr\/#website"},"primaryImageOfPage":{"@id":"https:\/\/dutchhealthstore.com\/fr\/product\/fallen-fruit-luminous-nectar-drops\/#primaryimage"},"image":{"@id":"https:\/\/dutchhealthstore.com\/fr\/product\/fallen-fruit-luminous-nectar-drops\/#primaryimage"},"thumbnailUrl":"https:\/\/dutchhealthstore.com\/wp-content\/uploads\/2026\/02\/Untitled-design-2026-02-16T153045.926.jpg","datePublished":"2026-02-23T11:23:45+00:00","dateModified":"2026-03-23T13:29:30+00:00","description":"Les Gouttes de Nectar Lumineux Fallen Fruit sont une essence l\u00e9g\u00e8re et hydratante, compos\u00e9e de fruits r\u00e9gionaux m\u00fbris sur branche, de fleurs fra\u00eeches, de racines sauvages et de mousse marine.","breadcrumb":{"@id":"https:\/\/dutchhealthstore.com\/fr\/product\/fallen-fruit-luminous-nectar-drops\/#breadcrumb"},"inLanguage":"fr-FR","potentialAction":[{"@type":"ReadAction","target":["https:\/\/dutchhealthstore.com\/fr\/product\/fallen-fruit-luminous-nectar-drops\/"]}]},{"@type":"ImageObject","inLanguage":"fr-FR","@id":"https:\/\/dutchhealthstore.com\/fr\/product\/fallen-fruit-luminous-nectar-drops\/#primaryimage","url":"https:\/\/dutchhealthstore.com\/wp-content\/uploads\/2026\/02\/Untitled-design-2026-02-16T153045.926.jpg","contentUrl":"https:\/\/dutchhealthstore.com\/wp-content\/uploads\/2026\/02\/Untitled-design-2026-02-16T153045.926.jpg","width":530,"height":530,"caption":"tidelands-house-fallen-fruit-drops"},{"@type":"BreadcrumbList","@id":"https:\/\/dutchhealthstore.com\/fr\/product\/fallen-fruit-luminous-nectar-drops\/#breadcrumb","itemListElement":[{"@type":"ListItem","position":1,"name":"Home","item":"https:\/\/dutchhealthstore.com\/fr\/"},{"@type":"ListItem","position":2,"name":"Shop","item":"https:\/\/dutchhealthstore.com\/fr\/shop\/"},{"@type":"ListItem","position":3,"name":"Fallen Fruit Luminous Nectar Drops"}]},{"@type":"WebSite","@id":"https:\/\/dutchhealthstore.com\/fr\/#website","url":"https:\/\/dutchhealthstore.com\/fr\/","name":"Dutch Health Store","description":"Enhance Your Beauty with Organic &amp; Natural Skincare","publisher":{"@id":"https:\/\/dutchhealthstore.com\/fr\/#organization"},"potentialAction":[{"@type":"SearchAction","target":{"@type":"EntryPoint","urlTemplate":"https:\/\/dutchhealthstore.com\/fr\/?s={search_term_string}"},"query-input":{"@type":"PropertyValueSpecification","valueRequired":true,"valueName":"search_term_string"}}],"inLanguage":"fr-FR"},{"@type":"Organization","@id":"https:\/\/dutchhealthstore.com\/fr\/#organization","name":"Dutch Health Store","url":"https:\/\/dutchhealthstore.com\/fr\/","logo":{"@type":"ImageObject","inLanguage":"fr-FR","@id":"https:\/\/dutchhealthstore.com\/fr\/#\/schema\/logo\/image\/","url":"https:\/\/dutchhealthstore.com\/wp-content\/uploads\/2020\/08\/logo-dutchhealthstore-jpg-e1599484957574.jpg","contentUrl":"https:\/\/dutchhealthstore.com\/wp-content\/uploads\/2020\/08\/logo-dutchhealthstore-jpg-e1599484957574.jpg","width":400,"height":62,"caption":"Dutch Health Store"},"image":{"@id":"https:\/\/dutchhealthstore.com\/fr\/#\/schema\/logo\/image\/"},"sameAs":["https:\/\/www.instagram.com\/dutchhealthstore\/","https:\/\/www.facebook.com\/dutchhealthstore"]}]},"product_brand":"Tidelands House","product_price_amount":"44.00","product_price_currency":"EUR","og_availability":"instock","product_availability":"instock","product_condition":"new"},"_links":{"self":[{"href":"https:\/\/dutchhealthstore.com\/fr\/wp-json\/wp\/v2\/product\/372480","targetHints":{"allow":["GET"]}}],"collection":[{"href":"https:\/\/dutchhealthstore.com\/fr\/wp-json\/wp\/v2\/product"}],"about":[{"href":"https:\/\/dutchhealthstore.com\/fr\/wp-json\/wp\/v2\/types\/product"}],"replies":[{"embeddable":true,"href":"https:\/\/dutchhealthstore.com\/fr\/wp-json\/wp\/v2\/comments?post=372480"}],"wp:featuredmedia":[{"embeddable":true,"href":"https:\/\/dutchhealthstore.com\/fr\/wp-json\/wp\/v2\/media\/371604"}],"wp:attachment":[{"href":"https:\/\/dutchhealthstore.com\/fr\/wp-json\/wp\/v2\/media?parent=372480"}],"wp:term":[{"taxonomy":"product_brand","embeddable":true,"href":"https:\/\/dutchhealthstore.com\/fr\/wp-json\/wp\/v2\/product_brand?post=372480"},{"taxonomy":"product_cat","embeddable":true,"href":"https:\/\/dutchhealthstore.com\/fr\/wp-json\/wp\/v2\/product_cat?post=372480"},{"taxonomy":"product_tag","embeddable":true,"href":"https:\/\/dutchhealthstore.com\/fr\/wp-json\/wp\/v2\/product_tag?post=372480"}],"curies":[{"name":"wp","href":"https:\/\/api.w.org\/{rel}","templated":true}]}}