{"id":361012,"date":"2025-10-30T19:46:18","date_gmt":"2025-10-30T18:46:18","guid":{"rendered":"https:\/\/dutchhealthstore.com\/product\/revive-retain-scalp-spray\/"},"modified":"2025-11-05T14:14:31","modified_gmt":"2025-11-05T13:14:31","slug":"revive-retain-scalp-spray","status":"publish","type":"product","link":"https:\/\/dutchhealthstore.com\/fr\/product\/revive-retain-scalp-spray\/","title":{"rendered":"Revive &amp; Retain Scalp Spray"},"content":{"rendered":"<p>Infus\u00e9 d&rsquo;un m\u00e9lange unique d&rsquo;ingr\u00e9dients d&rsquo;origine naturelle inspir\u00e9s des plantes du Moyen-Orient, il favorise un cuir chevelu \u00e9quilibr\u00e9 et sain, conduisant \u00e0 des m\u00e8ches rayonnantes et r\u00e9sistantes. Profitez de la douce sensation de picotement chaud-froid lorsque le spray s&rsquo;active et revitalise vos racines. <\/p>\n<p>Mode d&#8217;emploi :<strong><\/strong>Tenez le flacon \u00e0 environ 13 cm de votre cuir chevelu et vaporisez uniform\u00e9ment, en vous concentrant sur les zones n\u00e9cessitant des soins suppl\u00e9mentaires. Massez d\u00e9licatement le produit sur votre cuir chevelu avec le bout des doigts pour am\u00e9liorer l&rsquo;absorption et la stimulation. <\/p>\n<p>\u2714 100% v\u00e9g\u00e9talien \u2714 d&rsquo;origine naturelle \u2714 non test\u00e9 sur les animaux \u2714 sans danger pour les cheveux color\u00e9s \u2714 sans produits chimiques nocifs<\/p>\n<p><strong>Taille : 95 ml<\/strong><\/p>\n<h3><strong>Principaux ingr\u00e9dients<\/strong><\/h3>\n<p><a href=\"https:\/\/dutchhealthstore.com\/wp-content\/uploads\/2025\/10\/camel-glow-lavender.jpg\"><img decoding=\"async\" class=\"alignnone size-full wp-image-360953\" src=\"https:\/\/dutchhealthstore.com\/wp-content\/uploads\/2025\/10\/camel-glow-lavender.jpg\" alt=\"camel-glow-lavender\" width=\"250\" height=\"120\" srcset=\"https:\/\/dutchhealthstore.com\/wp-content\/uploads\/2025\/10\/camel-glow-lavender.jpg 250w, https:\/\/dutchhealthstore.com\/wp-content\/uploads\/2025\/10\/camel-glow-lavender-104x50.jpg 104w, https:\/\/dutchhealthstore.com\/wp-content\/uploads\/2025\/10\/camel-glow-lavender-247x120.jpg 247w, https:\/\/dutchhealthstore.com\/wp-content\/uploads\/2025\/10\/camel-glow-lavender-64x31.jpg 64w\" sizes=\"(max-width: 250px) 100vw, 250px\" \/><\/a><\/p>\n<p><strong>Lavande<\/strong><br \/>\nUne plante puissante connue pour sa capacit\u00e9 \u00e0 stimuler la circulation sanguine vers les follicules pileux. Cette super plante originaire du Moyen-Orient pourrait aider \u00e0 r\u00e9soudre des probl\u00e8mes tels que la calvitie ou l&rsquo;alop\u00e9cie gr\u00e2ce \u00e0 sa capacit\u00e9 \u00e0 r\u00e9duire la DHT (une hormone qui entra\u00eene la perte de cheveux) <\/p>\n<p><a href=\"https:\/\/dutchhealthstore.com\/wp-content\/uploads\/2025\/10\/camel-glow-sidr-fruit.jpg\"><img decoding=\"async\" class=\"alignnone size-full wp-image-360958\" src=\"https:\/\/dutchhealthstore.com\/wp-content\/uploads\/2025\/10\/camel-glow-sidr-fruit.jpg\" alt=\"camel-glow-sidr-fruit\" width=\"250\" height=\"120\" srcset=\"https:\/\/dutchhealthstore.com\/wp-content\/uploads\/2025\/10\/camel-glow-sidr-fruit.jpg 250w, https:\/\/dutchhealthstore.com\/wp-content\/uploads\/2025\/10\/camel-glow-sidr-fruit-104x50.jpg 104w, https:\/\/dutchhealthstore.com\/wp-content\/uploads\/2025\/10\/camel-glow-sidr-fruit-247x120.jpg 247w, https:\/\/dutchhealthstore.com\/wp-content\/uploads\/2025\/10\/camel-glow-sidr-fruit-64x31.jpg 64w\" sizes=\"(max-width: 250px) 100vw, 250px\" \/><\/a><\/p>\n<p><strong>Fruit du Sidr<\/strong><br \/>\nAppel\u00e9 l&rsquo;arbre du paradis, r\u00e9put\u00e9 pour \u00e9loigner le mauvais \u0153il, ce fruit a \u00e9galement des bienfaits \u00e9tonnants pour les cheveux. Gr\u00e2ce \u00e0 ses propri\u00e9t\u00e9s anti-inflammatoires et antimicrobiennes pour le cuir chevelu, le fruit du sidr peut am\u00e9liorer la sant\u00e9 globale du cuir chevelu, ce qui est essentiel pour une croissance saine des cheveux. <\/p>\n<p><a href=\"https:\/\/dutchhealthstore.com\/wp-content\/uploads\/2025\/10\/camel-glow-peppermint.jpg\"><img decoding=\"async\" class=\"alignnone size-full wp-image-360963\" src=\"https:\/\/dutchhealthstore.com\/wp-content\/uploads\/2025\/10\/camel-glow-peppermint.jpg\" alt=\"camel-glow-peppermint\" width=\"250\" height=\"120\" srcset=\"https:\/\/dutchhealthstore.com\/wp-content\/uploads\/2025\/10\/camel-glow-peppermint.jpg 250w, https:\/\/dutchhealthstore.com\/wp-content\/uploads\/2025\/10\/camel-glow-peppermint-104x50.jpg 104w, https:\/\/dutchhealthstore.com\/wp-content\/uploads\/2025\/10\/camel-glow-peppermint-247x120.jpg 247w, https:\/\/dutchhealthstore.com\/wp-content\/uploads\/2025\/10\/camel-glow-peppermint-64x31.jpg 64w\" sizes=\"(max-width: 250px) 100vw, 250px\" \/><\/a><\/p>\n<p><strong>Peppermint<\/strong><\/p>\n<p>Procurant une sensation de picotement chaud-froid lorsqu&rsquo;il est appliqu\u00e9 sur le cuir chevelu, aidant \u00e0 promouvoir la croissance des cheveux pendant la phase anag\u00e8ne (ou de croissance). La menthe poivr\u00e9e a la capacit\u00e9 d&rsquo;augmenter le nombre de follicules et leur profondeur, ce qui am\u00e9liore la croissance des cheveux. Des \u00e9tudes ont montr\u00e9 que la menthe poivr\u00e9e est plus efficace pour favoriser la croissance des cheveux que des m\u00e9dicaments comme le Minoxidil.  <\/p>\n<h2><strong>Ingr\u00e9dients naturels \/ biologiques<\/strong><\/h2>\n<p>Aqua, huile de ricin hydrog\u00e9n\u00e9e, huile de menthe poivr\u00e9e (Mentha Piperita), huile de lavande (Lavandula Angustifolia), extrait de feuille de Zizyphus JuJuba (extrait de Sidr), PCA de sodium, \u00e9ther vanillyl butylique, extrait de Zingiber officinal, glycyrrhizate, butyl\u00e8ne glycol, panth\u00e9nol, extrait de fleur de Salvia Miltiorrhiza, pentyl\u00e8ne glycol, \u00e9thylhexylglyc\u00e9rine, dipotassium<\/p>\n<p>&nbsp;<\/p>\n\n\t<section class=\"section\" id=\"section_1083689920\">\n\t\t<div class=\"section-bg fill\" >\n\t\t\t\t\t\t\t\t\t\n\t\t\t\n\n\t\t<\/div>\n\n\t\t\n\n\t\t<div class=\"section-content relative\">\n\t\t\t\n\n<div class=\"row\"  id=\"row-1142193190\">\n\n\n\t<div id=\"col-1146374701\" class=\"col small-12 large-12\"  >\n\t\t\t\t<div class=\"col-inner\"  >\n\t\t\t\n\t\t\t\n\n<div class=\"container section-title-container\" ><h3 class=\"section-title section-title-normal\"><b><\/b><span class=\"section-title-main\" >L&#039;histoire de Camel Glow<\/span><b><\/b><\/h3><\/div>\n\n<p data-start=\"387\" data-end=\"627\"><img loading=\"lazy\" decoding=\"async\" class=\"alignright size-full wp-image-360249\" src=\"https:\/\/dutchhealthstore.com\/wp-content\/uploads\/2025\/10\/Logo_240x_png.png\" alt=\"\" width=\"240\" height=\"88\" srcset=\"https:\/\/dutchhealthstore.com\/wp-content\/uploads\/2025\/10\/Logo_240x_png.png 240w, https:\/\/dutchhealthstore.com\/wp-content\/uploads\/2025\/10\/Logo_240x_png-136x50.png 136w, https:\/\/dutchhealthstore.com\/wp-content\/uploads\/2025\/10\/Logo_240x_png-64x23.png 64w\" sizes=\"(max-width: 240px) 100vw, 240px\" \/>Il y a quelque chose d'intemporel dans les rituels de beaut\u00e9 du Moyen-Orient. Les huiles riches, les plantes du d\u00e9sert et des si\u00e8cles de sagesse capillaire se conjuguent dans des pratiques profond\u00e9ment nourrissantes qui ont maintenu les cheveux longs, forts et rayonnants pendant des g\u00e9n\u00e9rations. <\/p>\n<p data-start=\"629\" data-end=\"759\">Camel Glow est n\u00e9 d'un amour pour ces traditions \u2014 et d'un r\u00eave partag\u00e9 par une m\u00e8re et sa fille de les faire d\u00e9couvrir au monde.<\/p>\n\n\t\t<\/div>\n\t\t\t\t\t<\/div>\n\n\t\n\n<\/div>\n\n\t\t<\/div>\n\n\t\t\n<style>\n#section_1083689920 {\n  padding-top: 30px;\n  padding-bottom: 30px;\n}\n<\/style>\n\t<\/section>\n\t\n","protected":false},"excerpt":{"rendered":"<p>Un soin du cuir chevelu sans effort con\u00e7u pour dynamiser les follicules fatigu\u00e9s et favoriser la croissance de nouveaux cheveux d\u00e9licats, les aidant \u00e0 devenir plus \u00e9pais et plus forts \u00e0 chaque utilisation. Parfait pour toute personne souffrant de cheveux clairsem\u00e9s ou affaiblis, cette formule l\u00e9g\u00e8re et non grasse peut \u00eatre utilis\u00e9e de jour comme de nuit pour un soin continu du cuir chevelu. <\/p>\n<p>&nbsp;<\/p>\n<p>&nbsp;<\/p>\n","protected":false},"featured_media":360079,"comment_status":"open","ping_status":"closed","template":"","meta":[],"product_brand":[],"product_cat":[21849,8575,8594,1908,20900,1209,1030,1010],"product_tag":[],"class_list":{"0":"post-361012","1":"product","2":"type-product","3":"status-publish","4":"has-post-thumbnail","6":"product_cat-camel-glow-fr","7":"product_cat-hair-fr","8":"product_cat-hair-masks-serums-fr","9":"product_cat-new-additions-fr","10":"product_cat-new-additions-haircare-fr","11":"product_cat-par-marques","12":"product_cat-par-produits","13":"product_cat-notre-boutique","14":"pa_brand-eclat-de-chameau","15":"pa_gtin-6096415424450-fr","16":"pa_haircare-productype-scalp-fr","17":"pa_haircare-productype-hair-oil-fr","18":"pa_size-95-ml-3-2-fl-oz-fr","20":"first","21":"instock","22":"taxable","23":"shipping-taxable","24":"purchasable","25":"product-type-simple"},"bundled_by":[],"bundle_stock_status":"instock","bundle_stock_quantity":9,"bundle_virtual":false,"bundle_layout":"","bundle_add_to_cart_form_location":"","bundle_editable_in_cart":false,"bundle_sold_individually_context":"","bundle_item_grouping":"","bundle_min_size":"","bundle_max_size":"","bundle_price":[],"bundled_items":[],"bundle_sell_ids":[361008],"atum_controlled":true,"out_stock_date":null,"out_stock_threshold":null,"inheritable":false,"stock_on_hold":1,"sold_today":0,"sales_last_days":0,"out_stock_days":0,"lost_sales":0,"update_date":"2026-04-17T11:17:07","atum_locations":[],"atum_stock_status":"instock","restock_status":false,"low_stock_amount":"","sales_update_date":"2026-04-17T11:17:07","calc_backorders":null,"group_of_quantity":0,"min_quantity":0,"max_quantity":"","exclude_order_quantity_value_rules":"no","exclude_category_quantity_rules":"no","combine_variations":"no","yoast_head":"<!-- This site is optimized with the Yoast SEO Premium plugin v26.5 (Yoast SEO v26.5) - https:\/\/yoast.com\/wordpress\/plugins\/seo\/ -->\n<title>Revive &amp; Retain Scalp Spray - \u00e9clat de chameau<\/title>\n<meta name=\"description\" content=\"Un soin du cuir chevelu sans effort con\u00e7u pour dynamiser les follicules fatigu\u00e9s et favoriser la croissance de nouveaux cheveux d\u00e9licats, les aidant \u00e0 devenir plus \u00e9pais et plus forts \u00e0 chaque utilisation.\" \/>\n<meta name=\"robots\" content=\"index, follow, max-snippet:-1, max-image-preview:large, max-video-preview:-1\" \/>\n<link rel=\"canonical\" href=\"https:\/\/dutchhealthstore.com\/fr\/product\/revive-retain-scalp-spray\/\" \/>\n<meta property=\"og:locale\" content=\"fr_FR\" \/>\n<meta property=\"og:type\" content=\"article\" \/>\n<meta property=\"og:title\" content=\"Revive &amp; Retain Scalp Spray - Dutch Health Store\" \/>\n<meta property=\"og:description\" content=\"Un soin du cuir chevelu sans effort con\u00e7u pour dynamiser les follicules fatigu\u00e9s et favoriser la croissance de nouveaux cheveux d\u00e9licats, les aidant \u00e0 devenir plus \u00e9pais et plus forts \u00e0 chaque utilisation.\" \/>\n<meta property=\"og:url\" content=\"https:\/\/dutchhealthstore.com\/fr\/product\/revive-retain-scalp-spray\/\" \/>\n<meta property=\"og:site_name\" content=\"Dutch Health Store\" \/>\n<meta property=\"article:publisher\" content=\"https:\/\/www.instagram.com\/dutchhealthstore\/\" \/>\n<meta property=\"article:modified_time\" content=\"2025-11-05T13:14:31+00:00\" \/>\n<meta property=\"og:image\" content=\"https:\/\/dutchhealthstore.com\/wp-content\/uploads\/2025\/10\/Camel-Glow-Scalp2.jpg\" \/>\n\t<meta property=\"og:image:width\" content=\"530\" \/>\n\t<meta property=\"og:image:height\" content=\"530\" \/>\n\t<meta property=\"og:image:type\" content=\"image\/jpeg\" \/>\n<meta name=\"twitter:card\" content=\"summary_large_image\" \/>\n<meta name=\"twitter:label1\" content=\"Prix\" \/>\n\t<meta name=\"twitter:data1\" content=\"&euro;40,95\" \/>\n\t<meta name=\"twitter:label2\" content=\"Disponibilit\u00e9\" \/>\n\t<meta name=\"twitter:data2\" content=\"En stock\" \/>\n<script type=\"application\/ld+json\" class=\"yoast-schema-graph\">{\"@context\":\"https:\/\/schema.org\",\"@graph\":[{\"@type\":\"WebPage\",\"@id\":\"https:\/\/dutchhealthstore.com\/fr\/product\/revive-retain-scalp-spray\/\",\"url\":\"https:\/\/dutchhealthstore.com\/fr\/product\/revive-retain-scalp-spray\/\",\"name\":\"Revive &amp; Retain Scalp Spray - \u00e9clat de chameau\",\"isPartOf\":{\"@id\":\"https:\/\/dutchhealthstore.com\/fr\/#website\"},\"primaryImageOfPage\":{\"@id\":\"https:\/\/dutchhealthstore.com\/fr\/product\/revive-retain-scalp-spray\/#primaryimage\"},\"image\":{\"@id\":\"https:\/\/dutchhealthstore.com\/fr\/product\/revive-retain-scalp-spray\/#primaryimage\"},\"thumbnailUrl\":\"https:\/\/dutchhealthstore.com\/wp-content\/uploads\/2025\/10\/Camel-Glow-Scalp2.jpg\",\"datePublished\":\"2025-10-30T18:46:18+00:00\",\"dateModified\":\"2025-11-05T13:14:31+00:00\",\"description\":\"Un soin du cuir chevelu sans effort con\u00e7u pour dynamiser les follicules fatigu\u00e9s et favoriser la croissance de nouveaux cheveux d\u00e9licats, les aidant \u00e0 devenir plus \u00e9pais et plus forts \u00e0 chaque utilisation.\",\"breadcrumb\":{\"@id\":\"https:\/\/dutchhealthstore.com\/fr\/product\/revive-retain-scalp-spray\/#breadcrumb\"},\"inLanguage\":\"fr-FR\",\"potentialAction\":[{\"@type\":\"ReadAction\",\"target\":[\"https:\/\/dutchhealthstore.com\/fr\/product\/revive-retain-scalp-spray\/\"]}]},{\"@type\":\"ImageObject\",\"inLanguage\":\"fr-FR\",\"@id\":\"https:\/\/dutchhealthstore.com\/fr\/product\/revive-retain-scalp-spray\/#primaryimage\",\"url\":\"https:\/\/dutchhealthstore.com\/wp-content\/uploads\/2025\/10\/Camel-Glow-Scalp2.jpg\",\"contentUrl\":\"https:\/\/dutchhealthstore.com\/wp-content\/uploads\/2025\/10\/Camel-Glow-Scalp2.jpg\",\"width\":530,\"height\":530,\"caption\":\"Camel-Glow-Scalp-Spray-2\"},{\"@type\":\"BreadcrumbList\",\"@id\":\"https:\/\/dutchhealthstore.com\/fr\/product\/revive-retain-scalp-spray\/#breadcrumb\",\"itemListElement\":[{\"@type\":\"ListItem\",\"position\":1,\"name\":\"Home\",\"item\":\"https:\/\/dutchhealthstore.com\/fr\/\"},{\"@type\":\"ListItem\",\"position\":2,\"name\":\"Shop\",\"item\":\"https:\/\/dutchhealthstore.com\/fr\/shop\/\"},{\"@type\":\"ListItem\",\"position\":3,\"name\":\"Revive &amp; Retain Scalp Spray\"}]},{\"@type\":\"WebSite\",\"@id\":\"https:\/\/dutchhealthstore.com\/fr\/#website\",\"url\":\"https:\/\/dutchhealthstore.com\/fr\/\",\"name\":\"Dutch Health Store\",\"description\":\"Enhance Your Beauty with Organic &amp; Natural Skincare\",\"publisher\":{\"@id\":\"https:\/\/dutchhealthstore.com\/fr\/#organization\"},\"potentialAction\":[{\"@type\":\"SearchAction\",\"target\":{\"@type\":\"EntryPoint\",\"urlTemplate\":\"https:\/\/dutchhealthstore.com\/fr\/?s={search_term_string}\"},\"query-input\":{\"@type\":\"PropertyValueSpecification\",\"valueRequired\":true,\"valueName\":\"search_term_string\"}}],\"inLanguage\":\"fr-FR\"},{\"@type\":\"Organization\",\"@id\":\"https:\/\/dutchhealthstore.com\/fr\/#organization\",\"name\":\"Dutch Health Store\",\"url\":\"https:\/\/dutchhealthstore.com\/fr\/\",\"logo\":{\"@type\":\"ImageObject\",\"inLanguage\":\"fr-FR\",\"@id\":\"https:\/\/dutchhealthstore.com\/fr\/#\/schema\/logo\/image\/\",\"url\":\"https:\/\/dutchhealthstore.com\/wp-content\/uploads\/2020\/08\/logo-dutchhealthstore-jpg-e1599484957574.jpg\",\"contentUrl\":\"https:\/\/dutchhealthstore.com\/wp-content\/uploads\/2020\/08\/logo-dutchhealthstore-jpg-e1599484957574.jpg\",\"width\":400,\"height\":62,\"caption\":\"Dutch Health Store\"},\"image\":{\"@id\":\"https:\/\/dutchhealthstore.com\/fr\/#\/schema\/logo\/image\/\"},\"sameAs\":[\"https:\/\/www.instagram.com\/dutchhealthstore\/\",\"https:\/\/www.facebook.com\/dutchhealthstore\"]}]}<\/script>\n<meta property=\"product:brand\" content=\"\u00c9clat de chameau\" \/>\n<meta property=\"product:price:amount\" content=\"40.95\" \/>\n<meta property=\"product:price:currency\" content=\"EUR\" \/>\n<meta property=\"og:availability\" content=\"instock\" \/>\n<meta property=\"product:availability\" content=\"instock\" \/>\n<meta property=\"product:condition\" content=\"new\" \/>\n<!-- \/ Yoast SEO Premium plugin. -->","yoast_head_json":{"title":"Revive &amp; Retain Scalp Spray - \u00e9clat de chameau","description":"Un soin du cuir chevelu sans effort con\u00e7u pour dynamiser les follicules fatigu\u00e9s et favoriser la croissance de nouveaux cheveux d\u00e9licats, les aidant \u00e0 devenir plus \u00e9pais et plus forts \u00e0 chaque utilisation.","robots":{"index":"index","follow":"follow","max-snippet":"max-snippet:-1","max-image-preview":"max-image-preview:large","max-video-preview":"max-video-preview:-1"},"canonical":"https:\/\/dutchhealthstore.com\/fr\/product\/revive-retain-scalp-spray\/","og_locale":"fr_FR","og_type":"article","og_title":"Revive &amp; Retain Scalp Spray - Dutch Health Store","og_description":"Un soin du cuir chevelu sans effort con\u00e7u pour dynamiser les follicules fatigu\u00e9s et favoriser la croissance de nouveaux cheveux d\u00e9licats, les aidant \u00e0 devenir plus \u00e9pais et plus forts \u00e0 chaque utilisation.","og_url":"https:\/\/dutchhealthstore.com\/fr\/product\/revive-retain-scalp-spray\/","og_site_name":"Dutch Health Store","article_publisher":"https:\/\/www.instagram.com\/dutchhealthstore\/","article_modified_time":"2025-11-05T13:14:31+00:00","og_image":[{"width":530,"height":530,"url":"https:\/\/dutchhealthstore.com\/wp-content\/uploads\/2025\/10\/Camel-Glow-Scalp2.jpg","type":"image\/jpeg"}],"twitter_card":"summary_large_image","twitter_misc":{"Prix":"&euro;40,95","Disponibilit\u00e9":"En stock"},"schema":{"@context":"https:\/\/schema.org","@graph":[{"@type":"WebPage","@id":"https:\/\/dutchhealthstore.com\/fr\/product\/revive-retain-scalp-spray\/","url":"https:\/\/dutchhealthstore.com\/fr\/product\/revive-retain-scalp-spray\/","name":"Revive &amp; Retain Scalp Spray - \u00e9clat de chameau","isPartOf":{"@id":"https:\/\/dutchhealthstore.com\/fr\/#website"},"primaryImageOfPage":{"@id":"https:\/\/dutchhealthstore.com\/fr\/product\/revive-retain-scalp-spray\/#primaryimage"},"image":{"@id":"https:\/\/dutchhealthstore.com\/fr\/product\/revive-retain-scalp-spray\/#primaryimage"},"thumbnailUrl":"https:\/\/dutchhealthstore.com\/wp-content\/uploads\/2025\/10\/Camel-Glow-Scalp2.jpg","datePublished":"2025-10-30T18:46:18+00:00","dateModified":"2025-11-05T13:14:31+00:00","description":"Un soin du cuir chevelu sans effort con\u00e7u pour dynamiser les follicules fatigu\u00e9s et favoriser la croissance de nouveaux cheveux d\u00e9licats, les aidant \u00e0 devenir plus \u00e9pais et plus forts \u00e0 chaque utilisation.","breadcrumb":{"@id":"https:\/\/dutchhealthstore.com\/fr\/product\/revive-retain-scalp-spray\/#breadcrumb"},"inLanguage":"fr-FR","potentialAction":[{"@type":"ReadAction","target":["https:\/\/dutchhealthstore.com\/fr\/product\/revive-retain-scalp-spray\/"]}]},{"@type":"ImageObject","inLanguage":"fr-FR","@id":"https:\/\/dutchhealthstore.com\/fr\/product\/revive-retain-scalp-spray\/#primaryimage","url":"https:\/\/dutchhealthstore.com\/wp-content\/uploads\/2025\/10\/Camel-Glow-Scalp2.jpg","contentUrl":"https:\/\/dutchhealthstore.com\/wp-content\/uploads\/2025\/10\/Camel-Glow-Scalp2.jpg","width":530,"height":530,"caption":"Camel-Glow-Scalp-Spray-2"},{"@type":"BreadcrumbList","@id":"https:\/\/dutchhealthstore.com\/fr\/product\/revive-retain-scalp-spray\/#breadcrumb","itemListElement":[{"@type":"ListItem","position":1,"name":"Home","item":"https:\/\/dutchhealthstore.com\/fr\/"},{"@type":"ListItem","position":2,"name":"Shop","item":"https:\/\/dutchhealthstore.com\/fr\/shop\/"},{"@type":"ListItem","position":3,"name":"Revive &amp; Retain Scalp Spray"}]},{"@type":"WebSite","@id":"https:\/\/dutchhealthstore.com\/fr\/#website","url":"https:\/\/dutchhealthstore.com\/fr\/","name":"Dutch Health Store","description":"Enhance Your Beauty with Organic &amp; Natural Skincare","publisher":{"@id":"https:\/\/dutchhealthstore.com\/fr\/#organization"},"potentialAction":[{"@type":"SearchAction","target":{"@type":"EntryPoint","urlTemplate":"https:\/\/dutchhealthstore.com\/fr\/?s={search_term_string}"},"query-input":{"@type":"PropertyValueSpecification","valueRequired":true,"valueName":"search_term_string"}}],"inLanguage":"fr-FR"},{"@type":"Organization","@id":"https:\/\/dutchhealthstore.com\/fr\/#organization","name":"Dutch Health Store","url":"https:\/\/dutchhealthstore.com\/fr\/","logo":{"@type":"ImageObject","inLanguage":"fr-FR","@id":"https:\/\/dutchhealthstore.com\/fr\/#\/schema\/logo\/image\/","url":"https:\/\/dutchhealthstore.com\/wp-content\/uploads\/2020\/08\/logo-dutchhealthstore-jpg-e1599484957574.jpg","contentUrl":"https:\/\/dutchhealthstore.com\/wp-content\/uploads\/2020\/08\/logo-dutchhealthstore-jpg-e1599484957574.jpg","width":400,"height":62,"caption":"Dutch Health Store"},"image":{"@id":"https:\/\/dutchhealthstore.com\/fr\/#\/schema\/logo\/image\/"},"sameAs":["https:\/\/www.instagram.com\/dutchhealthstore\/","https:\/\/www.facebook.com\/dutchhealthstore"]}]},"product_brand":"\u00c9clat de chameau","product_price_amount":"40.95","product_price_currency":"EUR","og_availability":"instock","product_availability":"instock","product_condition":"new"},"_links":{"self":[{"href":"https:\/\/dutchhealthstore.com\/fr\/wp-json\/wp\/v2\/product\/361012","targetHints":{"allow":["GET"]}}],"collection":[{"href":"https:\/\/dutchhealthstore.com\/fr\/wp-json\/wp\/v2\/product"}],"about":[{"href":"https:\/\/dutchhealthstore.com\/fr\/wp-json\/wp\/v2\/types\/product"}],"replies":[{"embeddable":true,"href":"https:\/\/dutchhealthstore.com\/fr\/wp-json\/wp\/v2\/comments?post=361012"}],"wp:featuredmedia":[{"embeddable":true,"href":"https:\/\/dutchhealthstore.com\/fr\/wp-json\/wp\/v2\/media\/360079"}],"wp:attachment":[{"href":"https:\/\/dutchhealthstore.com\/fr\/wp-json\/wp\/v2\/media?parent=361012"}],"wp:term":[{"taxonomy":"product_brand","embeddable":true,"href":"https:\/\/dutchhealthstore.com\/fr\/wp-json\/wp\/v2\/product_brand?post=361012"},{"taxonomy":"product_cat","embeddable":true,"href":"https:\/\/dutchhealthstore.com\/fr\/wp-json\/wp\/v2\/product_cat?post=361012"},{"taxonomy":"product_tag","embeddable":true,"href":"https:\/\/dutchhealthstore.com\/fr\/wp-json\/wp\/v2\/product_tag?post=361012"}],"curies":[{"name":"wp","href":"https:\/\/api.w.org\/{rel}","templated":true}]}}