{"id":361008,"date":"2025-10-30T19:46:34","date_gmt":"2025-10-30T18:46:34","guid":{"rendered":"https:\/\/dutchhealthstore.com\/product\/nourish-shine-hair-oil\/"},"modified":"2026-01-22T10:35:16","modified_gmt":"2026-01-22T09:35:16","slug":"nourish-shine-hair-oil","status":"publish","type":"product","link":"https:\/\/dutchhealthstore.com\/fr\/product\/nourish-shine-hair-oil\/","title":{"rendered":"Nourish &amp; Shine Hair Oil"},"content":{"rendered":"<p>Sp\u00e9cialement formul\u00e9 pour les cheveux faibles ou clairsem\u00e9s, ce m\u00e9lange botanique ultra-l\u00e9ger favorise un cuir chevelu sain, restaure la vitalit\u00e9 et rehausse l&rsquo;\u00e9clat naturel sans alourdir les cheveux. Enrichi d&rsquo;huiles v\u00e9g\u00e9tales hydratantes, il aide \u00e0 lisser les frisottis et favorise la force et l&rsquo;\u00e9clat des cheveux \u00e0 long terme. <\/p>\n<h3>Mode d&#8217;emploi<\/h3>\n<p><strong>Notre Camel Glow Hair Oil peut \u00eatre utilis\u00e9e de deux fa\u00e7ons simples :<\/strong><\/p>\n<ul>\n<li>Pour la brillance et le contr\u00f4le des frisottis \u2013 Apr\u00e8s le coiffage, agitez bien et appliquez quelques gouttes sur les pointes de vos cheveux pour lisser les m\u00e8ches rebelles et ajouter une brillance \u00e9clatante.<\/li>\n<li>Comme traitement du cuir chevelu \u2013 Avant le shampooing, agitez bien et massez l&rsquo;huile uniform\u00e9ment sur le cuir chevelu et les cheveux. Laissez agir pendant 20 \u00e0 30 minutes, puis rincez et suivez avec votre shampooing ou routine habituelle. R\u00e9p\u00e9tez 1 \u00e0 3 fois par semaine pour de meilleurs r\u00e9sultats.  <\/li>\n<\/ul>\n<p>\u2728 R\u00e9sultats du traitement du cuir chevelu : am\u00e9liorations visibles en seulement 90 jours, avec des r\u00e9sultats optimaux vers 120 jours. Pour maintenir les r\u00e9sultats, continuez l&rsquo;utilisation hebdomadaire. <\/p>\n<p>Points forts :<br \/>\n\u2714 100 % v\u00e9g\u00e9talien<br \/>\n\u2714 huiles non raffin\u00e9es, press\u00e9es \u00e0 froid<br \/>\n\u2714 sans cruaut\u00e9<br \/>\n\u2714 sans produits chimiques nocifs<br \/>\n\u2714 100 % d&rsquo;origine v\u00e9g\u00e9tale<\/p>\n<p><strong>Taille : 1,6 oz<\/strong><\/p>\n<div style=\"width: 606px;\" class=\"wp-video\"><!--[if lt IE 9]><script>document.createElement('video');<\/script><![endif]-->\n<video class=\"wp-video-shortcode\" id=\"video-361008-1\" width=\"606\" height=\"1080\" preload=\"metadata\" controls=\"controls\"><source type=\"video\/mp4\" src=\"https:\/\/dutchhealthstore.com\/wp-content\/uploads\/2025\/10\/77c84b784eaa40bda9d05c21efdbe75c.HD-1080p-2.5Mbps-12369029.mp4?_=1\" \/><a href=\"https:\/\/dutchhealthstore.com\/wp-content\/uploads\/2025\/10\/77c84b784eaa40bda9d05c21efdbe75c.HD-1080p-2.5Mbps-12369029.mp4\">https:\/\/dutchhealthstore.com\/wp-content\/uploads\/2025\/10\/77c84b784eaa40bda9d05c21efdbe75c.HD-1080p-2.5Mbps-12369029.mp4<\/a><\/video><\/div>\n<h2><\/h2>\n<h2><strong>Ingr\u00e9dients naturels \/ biologiques <\/strong><\/h2>\n<p>Ingr\u00e9dients : Vitis Vinifera (Grape) Seed Oil, Rosa Canina Fruit Oil,Glycine Soja (Soybean) Oil (and) Aloe Barbadensis Leaf Extract, Calendula Officinalis Flower Oil, Argania Spinosa (Argan) Nut Oil, Oenocarpus Bataua (Ungurahui) Oil, Pentaclethra Macroloba (Pracaxi) Seed Oil, Sclerocarya Birrea (Marula) Kernel Oil, Tocopherol, Helianthus Annuus Seed Oil, Rosmarinus Officinalis Leaf Extract, Ocimum Basilicum (Basil) Oil, Eucalyptus Globulus Leaf Oil<\/p>\n\n\t<section class=\"section\" id=\"section_848562636\">\n\t\t<div class=\"section-bg fill\" >\n\t\t\t\t\t\t\t\t\t\n\t\t\t\n\n\t\t<\/div>\n\n\t\t\n\n\t\t<div class=\"section-content relative\">\n\t\t\t\n\n<div class=\"row\"  id=\"row-1232238567\">\n\n\n\t<div id=\"col-1637243080\" class=\"col small-12 large-12\"  >\n\t\t\t\t<div class=\"col-inner\"  >\n\t\t\t\n\t\t\t\n\n<div class=\"container section-title-container\" ><h3 class=\"section-title section-title-normal\"><b><\/b><span class=\"section-title-main\" >L&#039;histoire de Camel Glow<\/span><b><\/b><\/h3><\/div>\n\n<p data-start=\"387\" data-end=\"627\"><img decoding=\"async\" class=\"alignright size-full wp-image-360249\" src=\"https:\/\/dutchhealthstore.com\/wp-content\/uploads\/2025\/10\/Logo_240x_png.png\" alt=\"\" width=\"240\" height=\"88\" srcset=\"https:\/\/dutchhealthstore.com\/wp-content\/uploads\/2025\/10\/Logo_240x_png.png 240w, https:\/\/dutchhealthstore.com\/wp-content\/uploads\/2025\/10\/Logo_240x_png-136x50.png 136w, https:\/\/dutchhealthstore.com\/wp-content\/uploads\/2025\/10\/Logo_240x_png-64x23.png 64w\" sizes=\"(max-width: 240px) 100vw, 240px\" \/>Il y a quelque chose d'intemporel dans les rituels de beaut\u00e9 du Moyen-Orient. Les huiles riches, les plantes du d\u00e9sert et des si\u00e8cles de sagesse capillaire se conjuguent dans des pratiques profond\u00e9ment nourrissantes qui ont maintenu les cheveux longs, forts et rayonnants pendant des g\u00e9n\u00e9rations. <\/p>\n<p data-start=\"629\" data-end=\"759\">Camel Glow est n\u00e9 d'un amour pour ces traditions \u2014 et d'un r\u00eave partag\u00e9 par une m\u00e8re et sa fille de les faire d\u00e9couvrir au monde.<\/p>\n\n\t\t<\/div>\n\t\t\t\t\t<\/div>\n\n\t\n\n<\/div>\n\n\t\t<\/div>\n\n\t\t\n<style>\n#section_848562636 {\n  padding-top: 30px;\n  padding-bottom: 30px;\n}\n<\/style>\n\t<\/section>\n\t\n","protected":false},"excerpt":{"rendered":"<p>Une huile capillaire l\u00e9g\u00e8re et revitalisante qui renforce de la racine aux pointes, laissant les cheveux plus volumineux, plus brillants et profond\u00e9ment nourris.<\/p>\n","protected":false},"featured_media":360058,"comment_status":"open","ping_status":"closed","template":"","meta":[],"product_brand":[],"product_cat":[21849,8575,10083,1908,20900,1209,1030,1010],"product_tag":[],"class_list":{"0":"post-361008","1":"product","2":"type-product","3":"status-publish","4":"has-post-thumbnail","6":"product_cat-camel-glow-fr","7":"product_cat-hair-fr","8":"product_cat-hair-oil-fr-2","9":"product_cat-new-additions-fr","10":"product_cat-new-additions-haircare-fr","11":"product_cat-par-marques","12":"product_cat-par-produits","13":"product_cat-notre-boutique","14":"pa_brand-eclat-de-chameau","15":"pa_gtin-6096410752787-fr","16":"pa_haircare-productype-scalp-fr","17":"pa_haircare-productype-hair-oil-fr","18":"pa_size-50-ml-1-6-oz-fr","20":"first","21":"instock","22":"taxable","23":"shipping-taxable","24":"purchasable","25":"product-type-simple"},"bundled_by":[],"bundle_stock_status":"instock","bundle_stock_quantity":28,"bundle_virtual":false,"bundle_layout":"","bundle_add_to_cart_form_location":"","bundle_editable_in_cart":false,"bundle_sold_individually_context":"","bundle_item_grouping":"","bundle_min_size":"","bundle_max_size":"","bundle_price":[],"bundled_items":[],"bundle_sell_ids":[361012],"atum_controlled":true,"out_stock_date":null,"out_stock_threshold":null,"inheritable":false,"stock_on_hold":1,"sold_today":0,"sales_last_days":0,"out_stock_days":0,"lost_sales":0,"update_date":"2026-04-16T08:08:28","atum_locations":[],"atum_stock_status":"instock","restock_status":false,"low_stock_amount":"","sales_update_date":"2026-04-16T08:08:28","calc_backorders":null,"group_of_quantity":0,"min_quantity":0,"max_quantity":"","exclude_order_quantity_value_rules":"no","exclude_category_quantity_rules":"no","combine_variations":"no","yoast_head":"<!-- This site is optimized with the Yoast SEO Premium plugin v26.5 (Yoast SEO v26.5) - https:\/\/yoast.com\/wordpress\/plugins\/seo\/ -->\n<title>Nourish &amp; Shine Hair Oil - \u00e9clat de chameau<\/title>\n<meta name=\"description\" content=\"Une huile capillaire l\u00e9g\u00e8re et revitalisante qui renforce de la racine aux pointes, laissant les cheveux plus volumineux, plus brillants et profond\u00e9ment nourris.\" \/>\n<meta name=\"robots\" content=\"index, follow, max-snippet:-1, max-image-preview:large, max-video-preview:-1\" \/>\n<link rel=\"canonical\" href=\"https:\/\/dutchhealthstore.com\/fr\/product\/nourish-shine-hair-oil\/\" \/>\n<meta property=\"og:locale\" content=\"fr_FR\" \/>\n<meta property=\"og:type\" content=\"article\" \/>\n<meta property=\"og:title\" content=\"Nourish &amp; Shine Hair Oil - Dutch Health Store\" \/>\n<meta property=\"og:description\" content=\"Une huile capillaire l\u00e9g\u00e8re et revitalisante qui renforce de la racine aux pointes, laissant les cheveux plus volumineux, plus brillants et profond\u00e9ment nourris.\" \/>\n<meta property=\"og:url\" content=\"https:\/\/dutchhealthstore.com\/fr\/product\/nourish-shine-hair-oil\/\" \/>\n<meta property=\"og:site_name\" content=\"Dutch Health Store\" \/>\n<meta property=\"article:publisher\" content=\"https:\/\/www.instagram.com\/dutchhealthstore\/\" \/>\n<meta property=\"article:modified_time\" content=\"2026-01-22T09:35:16+00:00\" \/>\n<meta property=\"og:image\" content=\"https:\/\/dutchhealthstore.com\/wp-content\/uploads\/2025\/10\/camel-glow-hair-oil.jpg\" \/>\n\t<meta property=\"og:image:width\" content=\"530\" \/>\n\t<meta property=\"og:image:height\" content=\"530\" \/>\n\t<meta property=\"og:image:type\" content=\"image\/jpeg\" \/>\n<meta name=\"twitter:card\" content=\"summary_large_image\" \/>\n<meta name=\"twitter:label1\" content=\"Prix\" \/>\n\t<meta name=\"twitter:data1\" content=\"&euro;38,95\" \/>\n\t<meta name=\"twitter:label2\" content=\"Disponibilit\u00e9\" \/>\n\t<meta name=\"twitter:data2\" content=\"En stock\" \/>\n<script type=\"application\/ld+json\" class=\"yoast-schema-graph\">{\"@context\":\"https:\/\/schema.org\",\"@graph\":[{\"@type\":\"WebPage\",\"@id\":\"https:\/\/dutchhealthstore.com\/fr\/product\/nourish-shine-hair-oil\/\",\"url\":\"https:\/\/dutchhealthstore.com\/fr\/product\/nourish-shine-hair-oil\/\",\"name\":\"Nourish &amp; Shine Hair Oil - \u00e9clat de chameau\",\"isPartOf\":{\"@id\":\"https:\/\/dutchhealthstore.com\/fr\/#website\"},\"primaryImageOfPage\":{\"@id\":\"https:\/\/dutchhealthstore.com\/fr\/product\/nourish-shine-hair-oil\/#primaryimage\"},\"image\":{\"@id\":\"https:\/\/dutchhealthstore.com\/fr\/product\/nourish-shine-hair-oil\/#primaryimage\"},\"thumbnailUrl\":\"https:\/\/dutchhealthstore.com\/wp-content\/uploads\/2025\/10\/camel-glow-hair-oil.jpg\",\"datePublished\":\"2025-10-30T18:46:34+00:00\",\"dateModified\":\"2026-01-22T09:35:16+00:00\",\"description\":\"Une huile capillaire l\u00e9g\u00e8re et revitalisante qui renforce de la racine aux pointes, laissant les cheveux plus volumineux, plus brillants et profond\u00e9ment nourris.\",\"breadcrumb\":{\"@id\":\"https:\/\/dutchhealthstore.com\/fr\/product\/nourish-shine-hair-oil\/#breadcrumb\"},\"inLanguage\":\"fr-FR\",\"potentialAction\":[{\"@type\":\"ReadAction\",\"target\":[\"https:\/\/dutchhealthstore.com\/fr\/product\/nourish-shine-hair-oil\/\"]}]},{\"@type\":\"ImageObject\",\"inLanguage\":\"fr-FR\",\"@id\":\"https:\/\/dutchhealthstore.com\/fr\/product\/nourish-shine-hair-oil\/#primaryimage\",\"url\":\"https:\/\/dutchhealthstore.com\/wp-content\/uploads\/2025\/10\/camel-glow-hair-oil.jpg\",\"contentUrl\":\"https:\/\/dutchhealthstore.com\/wp-content\/uploads\/2025\/10\/camel-glow-hair-oil.jpg\",\"width\":530,\"height\":530,\"caption\":\"camel-glow-hair-oil\"},{\"@type\":\"BreadcrumbList\",\"@id\":\"https:\/\/dutchhealthstore.com\/fr\/product\/nourish-shine-hair-oil\/#breadcrumb\",\"itemListElement\":[{\"@type\":\"ListItem\",\"position\":1,\"name\":\"Home\",\"item\":\"https:\/\/dutchhealthstore.com\/fr\/\"},{\"@type\":\"ListItem\",\"position\":2,\"name\":\"Shop\",\"item\":\"https:\/\/dutchhealthstore.com\/fr\/shop\/\"},{\"@type\":\"ListItem\",\"position\":3,\"name\":\"Nourish &amp; Shine Hair Oil\"}]},{\"@type\":\"WebSite\",\"@id\":\"https:\/\/dutchhealthstore.com\/fr\/#website\",\"url\":\"https:\/\/dutchhealthstore.com\/fr\/\",\"name\":\"Dutch Health Store\",\"description\":\"Enhance Your Beauty with Organic &amp; Natural Skincare\",\"publisher\":{\"@id\":\"https:\/\/dutchhealthstore.com\/fr\/#organization\"},\"potentialAction\":[{\"@type\":\"SearchAction\",\"target\":{\"@type\":\"EntryPoint\",\"urlTemplate\":\"https:\/\/dutchhealthstore.com\/fr\/?s={search_term_string}\"},\"query-input\":{\"@type\":\"PropertyValueSpecification\",\"valueRequired\":true,\"valueName\":\"search_term_string\"}}],\"inLanguage\":\"fr-FR\"},{\"@type\":\"Organization\",\"@id\":\"https:\/\/dutchhealthstore.com\/fr\/#organization\",\"name\":\"Dutch Health Store\",\"url\":\"https:\/\/dutchhealthstore.com\/fr\/\",\"logo\":{\"@type\":\"ImageObject\",\"inLanguage\":\"fr-FR\",\"@id\":\"https:\/\/dutchhealthstore.com\/fr\/#\/schema\/logo\/image\/\",\"url\":\"https:\/\/dutchhealthstore.com\/wp-content\/uploads\/2020\/08\/logo-dutchhealthstore-jpg-e1599484957574.jpg\",\"contentUrl\":\"https:\/\/dutchhealthstore.com\/wp-content\/uploads\/2020\/08\/logo-dutchhealthstore-jpg-e1599484957574.jpg\",\"width\":400,\"height\":62,\"caption\":\"Dutch Health Store\"},\"image\":{\"@id\":\"https:\/\/dutchhealthstore.com\/fr\/#\/schema\/logo\/image\/\"},\"sameAs\":[\"https:\/\/www.instagram.com\/dutchhealthstore\/\",\"https:\/\/www.facebook.com\/dutchhealthstore\"]}]}<\/script>\n<meta property=\"product:brand\" content=\"\u00c9clat de chameau\" \/>\n<meta property=\"product:price:amount\" content=\"38.95\" \/>\n<meta property=\"product:price:currency\" content=\"EUR\" \/>\n<meta property=\"og:availability\" content=\"instock\" \/>\n<meta property=\"product:availability\" content=\"instock\" \/>\n<meta property=\"product:condition\" content=\"new\" \/>\n<!-- \/ Yoast SEO Premium plugin. -->","yoast_head_json":{"title":"Nourish &amp; Shine Hair Oil - \u00e9clat de chameau","description":"Une huile capillaire l\u00e9g\u00e8re et revitalisante qui renforce de la racine aux pointes, laissant les cheveux plus volumineux, plus brillants et profond\u00e9ment nourris.","robots":{"index":"index","follow":"follow","max-snippet":"max-snippet:-1","max-image-preview":"max-image-preview:large","max-video-preview":"max-video-preview:-1"},"canonical":"https:\/\/dutchhealthstore.com\/fr\/product\/nourish-shine-hair-oil\/","og_locale":"fr_FR","og_type":"article","og_title":"Nourish &amp; Shine Hair Oil - Dutch Health Store","og_description":"Une huile capillaire l\u00e9g\u00e8re et revitalisante qui renforce de la racine aux pointes, laissant les cheveux plus volumineux, plus brillants et profond\u00e9ment nourris.","og_url":"https:\/\/dutchhealthstore.com\/fr\/product\/nourish-shine-hair-oil\/","og_site_name":"Dutch Health Store","article_publisher":"https:\/\/www.instagram.com\/dutchhealthstore\/","article_modified_time":"2026-01-22T09:35:16+00:00","og_image":[{"width":530,"height":530,"url":"https:\/\/dutchhealthstore.com\/wp-content\/uploads\/2025\/10\/camel-glow-hair-oil.jpg","type":"image\/jpeg"}],"twitter_card":"summary_large_image","twitter_misc":{"Prix":"&euro;38,95","Disponibilit\u00e9":"En stock"},"schema":{"@context":"https:\/\/schema.org","@graph":[{"@type":"WebPage","@id":"https:\/\/dutchhealthstore.com\/fr\/product\/nourish-shine-hair-oil\/","url":"https:\/\/dutchhealthstore.com\/fr\/product\/nourish-shine-hair-oil\/","name":"Nourish &amp; Shine Hair Oil - \u00e9clat de chameau","isPartOf":{"@id":"https:\/\/dutchhealthstore.com\/fr\/#website"},"primaryImageOfPage":{"@id":"https:\/\/dutchhealthstore.com\/fr\/product\/nourish-shine-hair-oil\/#primaryimage"},"image":{"@id":"https:\/\/dutchhealthstore.com\/fr\/product\/nourish-shine-hair-oil\/#primaryimage"},"thumbnailUrl":"https:\/\/dutchhealthstore.com\/wp-content\/uploads\/2025\/10\/camel-glow-hair-oil.jpg","datePublished":"2025-10-30T18:46:34+00:00","dateModified":"2026-01-22T09:35:16+00:00","description":"Une huile capillaire l\u00e9g\u00e8re et revitalisante qui renforce de la racine aux pointes, laissant les cheveux plus volumineux, plus brillants et profond\u00e9ment nourris.","breadcrumb":{"@id":"https:\/\/dutchhealthstore.com\/fr\/product\/nourish-shine-hair-oil\/#breadcrumb"},"inLanguage":"fr-FR","potentialAction":[{"@type":"ReadAction","target":["https:\/\/dutchhealthstore.com\/fr\/product\/nourish-shine-hair-oil\/"]}]},{"@type":"ImageObject","inLanguage":"fr-FR","@id":"https:\/\/dutchhealthstore.com\/fr\/product\/nourish-shine-hair-oil\/#primaryimage","url":"https:\/\/dutchhealthstore.com\/wp-content\/uploads\/2025\/10\/camel-glow-hair-oil.jpg","contentUrl":"https:\/\/dutchhealthstore.com\/wp-content\/uploads\/2025\/10\/camel-glow-hair-oil.jpg","width":530,"height":530,"caption":"camel-glow-hair-oil"},{"@type":"BreadcrumbList","@id":"https:\/\/dutchhealthstore.com\/fr\/product\/nourish-shine-hair-oil\/#breadcrumb","itemListElement":[{"@type":"ListItem","position":1,"name":"Home","item":"https:\/\/dutchhealthstore.com\/fr\/"},{"@type":"ListItem","position":2,"name":"Shop","item":"https:\/\/dutchhealthstore.com\/fr\/shop\/"},{"@type":"ListItem","position":3,"name":"Nourish &amp; Shine Hair Oil"}]},{"@type":"WebSite","@id":"https:\/\/dutchhealthstore.com\/fr\/#website","url":"https:\/\/dutchhealthstore.com\/fr\/","name":"Dutch Health Store","description":"Enhance Your Beauty with Organic &amp; Natural Skincare","publisher":{"@id":"https:\/\/dutchhealthstore.com\/fr\/#organization"},"potentialAction":[{"@type":"SearchAction","target":{"@type":"EntryPoint","urlTemplate":"https:\/\/dutchhealthstore.com\/fr\/?s={search_term_string}"},"query-input":{"@type":"PropertyValueSpecification","valueRequired":true,"valueName":"search_term_string"}}],"inLanguage":"fr-FR"},{"@type":"Organization","@id":"https:\/\/dutchhealthstore.com\/fr\/#organization","name":"Dutch Health Store","url":"https:\/\/dutchhealthstore.com\/fr\/","logo":{"@type":"ImageObject","inLanguage":"fr-FR","@id":"https:\/\/dutchhealthstore.com\/fr\/#\/schema\/logo\/image\/","url":"https:\/\/dutchhealthstore.com\/wp-content\/uploads\/2020\/08\/logo-dutchhealthstore-jpg-e1599484957574.jpg","contentUrl":"https:\/\/dutchhealthstore.com\/wp-content\/uploads\/2020\/08\/logo-dutchhealthstore-jpg-e1599484957574.jpg","width":400,"height":62,"caption":"Dutch Health Store"},"image":{"@id":"https:\/\/dutchhealthstore.com\/fr\/#\/schema\/logo\/image\/"},"sameAs":["https:\/\/www.instagram.com\/dutchhealthstore\/","https:\/\/www.facebook.com\/dutchhealthstore"]}]},"product_brand":"\u00c9clat de chameau","product_price_amount":"38.95","product_price_currency":"EUR","og_availability":"instock","product_availability":"instock","product_condition":"new"},"_links":{"self":[{"href":"https:\/\/dutchhealthstore.com\/fr\/wp-json\/wp\/v2\/product\/361008","targetHints":{"allow":["GET"]}}],"collection":[{"href":"https:\/\/dutchhealthstore.com\/fr\/wp-json\/wp\/v2\/product"}],"about":[{"href":"https:\/\/dutchhealthstore.com\/fr\/wp-json\/wp\/v2\/types\/product"}],"replies":[{"embeddable":true,"href":"https:\/\/dutchhealthstore.com\/fr\/wp-json\/wp\/v2\/comments?post=361008"}],"wp:featuredmedia":[{"embeddable":true,"href":"https:\/\/dutchhealthstore.com\/fr\/wp-json\/wp\/v2\/media\/360058"}],"wp:attachment":[{"href":"https:\/\/dutchhealthstore.com\/fr\/wp-json\/wp\/v2\/media?parent=361008"}],"wp:term":[{"taxonomy":"product_brand","embeddable":true,"href":"https:\/\/dutchhealthstore.com\/fr\/wp-json\/wp\/v2\/product_brand?post=361008"},{"taxonomy":"product_cat","embeddable":true,"href":"https:\/\/dutchhealthstore.com\/fr\/wp-json\/wp\/v2\/product_cat?post=361008"},{"taxonomy":"product_tag","embeddable":true,"href":"https:\/\/dutchhealthstore.com\/fr\/wp-json\/wp\/v2\/product_tag?post=361008"}],"curies":[{"name":"wp","href":"https:\/\/api.w.org\/{rel}","templated":true}]}}