{"id":361004,"date":"2025-10-30T19:48:46","date_gmt":"2025-10-30T18:48:46","guid":{"rendered":"https:\/\/dutchhealthstore.com\/product\/nourish-shine-conditioner\/"},"modified":"2026-01-22T10:35:24","modified_gmt":"2026-01-22T09:35:24","slug":"nourish-shine-conditioner","status":"publish","type":"product","link":"https:\/\/dutchhealthstore.com\/fr\/product\/nourish-shine-conditioner\/","title":{"rendered":"Nourish &amp; Shine Conditioner"},"content":{"rendered":"<p>Enrichi en ingr\u00e9dients naturels riches en nutriments, il aide \u00e0 restaurer la force, \u00e0 r\u00e9duire les frisottis et \u00e0 rehausser l&rsquo;\u00e9clat, laissant vos cheveux soyeux et faciles \u00e0 coiffer. La formule au pH \u00e9quilibr\u00e9 favorise des cheveux sains et hydrat\u00e9s et est suffisamment douce pour un usage quotidien. Infus\u00e9 de plantes antioxydantes et fortifiantes, il prot\u00e8ge contre les dommages tout en favorisant la vitalit\u00e9 \u00e0 long terme. Con\u00e7u pour compl\u00e9ter le Camel Glow Nourish &amp; Shine Shampooi cet apr\u00e8s-shampooing r\u00e9v\u00e8le l&rsquo;\u00e9clat et la r\u00e9silience naturels de vos cheveux.   <\/p>\n<p>\u2714 100% v\u00e9g\u00e9talien \u2714 \u00e0 base de plantes \u2714 non test\u00e9 sur les animaux \u2714 sans produits chimiques nocifs \u2714 sans danger pour les cheveux color\u00e9s \u2714 sans silicones ni parabens \u2714 Sans colorants artificiels<\/p>\n<h3>Mode d&#8217;emploi<\/h3>\n<p>Apr\u00e8s avoir lav\u00e9 vos cheveux avec le Camel Glow<a href=\"https:\/\/dutchhealthstore.com\/product\/nourish-shine-shampoo\/\"> Nourish &amp; Shine Shampoo,<\/a> essorez d\u00e9licatement l&rsquo;exc\u00e8s d&rsquo;eau. Appliquez l&rsquo;apr\u00e8s-shampooing des mi-longueurs aux pointes, en travaillant section par section pour une couverture uniforme. Laissez agir pendant 2 \u00e0 3 minutes, puis rincez abondamment pour des cheveux doux et \u00e9clatants.  <\/p>\n<p><strong>Taille : 250 ml<\/strong><\/p>\n<h3><strong>Principaux ingr\u00e9dients<\/strong><\/h3>\n<p><a href=\"https:\/\/dutchhealthstore.com\/wp-content\/uploads\/2025\/10\/camel-glow-vitamin-c.jpg\"><img decoding=\"async\" class=\"alignnone size-full wp-image-360939\" src=\"https:\/\/dutchhealthstore.com\/wp-content\/uploads\/2025\/10\/camel-glow-vitamin-c.jpg\" alt=\"camel-glow-vitamin-c\" width=\"250\" height=\"120\" srcset=\"https:\/\/dutchhealthstore.com\/wp-content\/uploads\/2025\/10\/camel-glow-vitamin-c.jpg 250w, https:\/\/dutchhealthstore.com\/wp-content\/uploads\/2025\/10\/camel-glow-vitamin-c-104x50.jpg 104w, https:\/\/dutchhealthstore.com\/wp-content\/uploads\/2025\/10\/camel-glow-vitamin-c-247x120.jpg 247w, https:\/\/dutchhealthstore.com\/wp-content\/uploads\/2025\/10\/camel-glow-vitamin-c-64x31.jpg 64w\" sizes=\"(max-width: 250px) 100vw, 250px\" \/><\/a><\/p>\n<p>Des \u00e9tudes ont prouv\u00e9 que la <strong>vitamine C<\/strong> supprime la formation de DHT, ce qui r\u00e9duit la perte de cheveux et favorise leur croissance. La vitamine C est \u00e9galement un stimulant connu du collag\u00e8ne, un composant cl\u00e9 n\u00e9cessaire \u00e0 la croissance de cheveux forts et sains, et est essentielle pour les personnes ayant des cheveux ternes et susceptibles de se casser. <\/p>\n<p><a href=\"https:\/\/dutchhealthstore.com\/wp-content\/uploads\/2025\/10\/camel-glow-coconut-cleansers.jpg\"><img decoding=\"async\" class=\"alignnone size-full wp-image-360943\" src=\"https:\/\/dutchhealthstore.com\/wp-content\/uploads\/2025\/10\/camel-glow-coconut-cleansers.jpg\" alt=\"camel-glow-coconut-cleansers\" width=\"250\" height=\"120\" srcset=\"https:\/\/dutchhealthstore.com\/wp-content\/uploads\/2025\/10\/camel-glow-coconut-cleansers.jpg 250w, https:\/\/dutchhealthstore.com\/wp-content\/uploads\/2025\/10\/camel-glow-coconut-cleansers-104x50.jpg 104w, https:\/\/dutchhealthstore.com\/wp-content\/uploads\/2025\/10\/camel-glow-coconut-cleansers-247x120.jpg 247w, https:\/\/dutchhealthstore.com\/wp-content\/uploads\/2025\/10\/camel-glow-coconut-cleansers-64x31.jpg 64w\" sizes=\"(max-width: 250px) 100vw, 250px\" \/><\/a><\/p>\n<p><strong>Noix de coco<\/strong><br \/>\nNous avons combin\u00e9 les superpouvoirs de la science et de la nature pour fournir un \u00e9quilibre parfait d&rsquo;agents revitalisants ; \u00e0 base de noix de coco, ce qui les rend doux mais efficaces. Ajoutez de la brillance et de l&rsquo;\u00e9clat \u00e0 vos cheveux sans jamais les alourdir gr\u00e2ce \u00e0 notre formule parfaitement \u00e9labor\u00e9e. <\/p>\n<p><a href=\"https:\/\/dutchhealthstore.com\/wp-content\/uploads\/2025\/10\/camel-glow-exoticberries.jpg\"><img decoding=\"async\" class=\"alignnone size-full wp-image-360947\" src=\"https:\/\/dutchhealthstore.com\/wp-content\/uploads\/2025\/10\/camel-glow-exoticberries.jpg\" alt=\"camel-glow-exotic-berries\" width=\"250\" height=\"120\" srcset=\"https:\/\/dutchhealthstore.com\/wp-content\/uploads\/2025\/10\/camel-glow-exoticberries.jpg 250w, https:\/\/dutchhealthstore.com\/wp-content\/uploads\/2025\/10\/camel-glow-exoticberries-104x50.jpg 104w, https:\/\/dutchhealthstore.com\/wp-content\/uploads\/2025\/10\/camel-glow-exoticberries-247x120.jpg 247w, https:\/\/dutchhealthstore.com\/wp-content\/uploads\/2025\/10\/camel-glow-exoticberries-64x31.jpg 64w\" sizes=\"(max-width: 250px) 100vw, 250px\" \/><\/a><\/p>\n<p><strong>Baies exotiques<\/strong><br \/>\nLes baies contiennent certains des antioxydants les plus puissants pour le cuir chevelu. En neutralisant les dommages caus\u00e9s par les radicaux libres, ces antioxydants cr\u00e9ent l&rsquo;environnement optimal pour un cuir chevelu sain et heureux et sont absolument essentiels \u00e0 la croissance de cheveux en bonne sant\u00e9. Et cerise sur le g\u00e2teau, ces antioxydants favorisent des cheveux brillants et forts.  <\/p>\n<h2><strong>Ingr\u00e9dients naturels \/ biologiques <\/strong><\/h2>\n<p>Ingr\u00e9dients&nbsp;: aqua, chlorure de b\u00e9hentrimonium, farn\u00e9s\u00e8ne hydrog\u00e9n\u00e9, alcool c\u00e9t\u00e9arylique, triglyc\u00e9ride caprylique\/caprique, extrait de fruit de myrciaria dubia, peg-90m, chlorure de guar hydroxypropyltrimonium, ph\u00e9noxy\u00e9thanol, \u00e9thylhexylglyc\u00e9rine, polyquaternium-7, polyquaternium-10, disodium edta, (parfum extrait de fruit de myrciaria Dubai), acide citrique.<\/p>\n\n\t<section class=\"section\" id=\"section_1526321538\">\n\t\t<div class=\"section-bg fill\" >\n\t\t\t\t\t\t\t\t\t\n\t\t\t\n\n\t\t<\/div>\n\n\t\t\n\n\t\t<div class=\"section-content relative\">\n\t\t\t\n\n<div class=\"row\"  id=\"row-1444237952\">\n\n\n\t<div id=\"col-1879319533\" class=\"col small-12 large-12\"  >\n\t\t\t\t<div class=\"col-inner\"  >\n\t\t\t\n\t\t\t\n\n<div class=\"container section-title-container\" ><h3 class=\"section-title section-title-normal\"><b><\/b><span class=\"section-title-main\" >L&#039;histoire de Camel Glow<\/span><b><\/b><\/h3><\/div>\n\n<p data-start=\"387\" data-end=\"627\"><img loading=\"lazy\" decoding=\"async\" class=\"alignright size-full wp-image-360249\" src=\"https:\/\/dutchhealthstore.com\/wp-content\/uploads\/2025\/10\/Logo_240x_png.png\" alt=\"\" width=\"240\" height=\"88\" srcset=\"https:\/\/dutchhealthstore.com\/wp-content\/uploads\/2025\/10\/Logo_240x_png.png 240w, https:\/\/dutchhealthstore.com\/wp-content\/uploads\/2025\/10\/Logo_240x_png-136x50.png 136w, https:\/\/dutchhealthstore.com\/wp-content\/uploads\/2025\/10\/Logo_240x_png-64x23.png 64w\" sizes=\"(max-width: 240px) 100vw, 240px\" \/>Il y a quelque chose d'intemporel dans les rituels de beaut\u00e9 du Moyen-Orient. Les huiles riches, les plantes du d\u00e9sert et des si\u00e8cles de sagesse capillaire se conjuguent dans des pratiques profond\u00e9ment nourrissantes qui ont maintenu les cheveux longs, forts et rayonnants pendant des g\u00e9n\u00e9rations. <\/p>\n<p data-start=\"629\" data-end=\"759\">Camel Glow est n\u00e9 d'un amour pour ces traditions \u2014 et d'un r\u00eave partag\u00e9 par une m\u00e8re et sa fille de les faire d\u00e9couvrir au monde.<\/p>\n\n\t\t<\/div>\n\t\t\t\t\t<\/div>\n\n\t\n\n<\/div>\n\n\t\t<\/div>\n\n\t\t\n<style>\n#section_1526321538 {\n  padding-top: 30px;\n  padding-bottom: 30px;\n}\n<\/style>\n\t<\/section>\n\t\n","protected":false},"excerpt":{"rendered":"<p>Un apr\u00e8s-shampooing l\u00e9ger \u00e0 base de plantes, con\u00e7u pour nourrir, adoucir et lisser chaque m\u00e8che en profondeur.<\/p>\n","protected":false},"featured_media":360720,"comment_status":"open","ping_status":"closed","template":"","meta":[],"product_brand":[],"product_cat":[21849,8587,8575,1908,20900,1209,1030,1010],"product_tag":[],"class_list":{"0":"post-361004","1":"product","2":"type-product","3":"status-publish","4":"has-post-thumbnail","6":"product_cat-camel-glow-fr","7":"product_cat-conditioner-fr","8":"product_cat-hair-fr","9":"product_cat-new-additions-fr","10":"product_cat-new-additions-haircare-fr","11":"product_cat-par-marques","12":"product_cat-par-produits","13":"product_cat-notre-boutique","14":"pa_brand-eclat-de-chameau","15":"pa_gtin-7752999013389-fr","16":"pa_haircare-productype-conditioner-fr","17":"pa_size-250-ml-fr-2","19":"first","20":"instock","21":"taxable","22":"shipping-taxable","23":"purchasable","24":"product-type-simple"},"bundled_by":[],"bundle_stock_status":"instock","bundle_stock_quantity":17,"bundle_virtual":false,"bundle_layout":"","bundle_add_to_cart_form_location":"","bundle_editable_in_cart":false,"bundle_sold_individually_context":"","bundle_item_grouping":"","bundle_min_size":"","bundle_max_size":"","bundle_price":[],"bundled_items":[],"bundle_sell_ids":[360996],"atum_controlled":true,"out_stock_date":null,"out_stock_threshold":null,"inheritable":false,"stock_on_hold":0,"sold_today":0,"sales_last_days":0,"out_stock_days":0,"lost_sales":0,"update_date":"2026-04-17T11:16:01","atum_locations":[],"atum_stock_status":"instock","restock_status":false,"low_stock_amount":"","sales_update_date":"2026-04-17T11:16:01","calc_backorders":null,"group_of_quantity":0,"min_quantity":0,"max_quantity":"","exclude_order_quantity_value_rules":"no","exclude_category_quantity_rules":"no","combine_variations":"no","yoast_head":"<!-- This site is optimized with the Yoast SEO Premium plugin v26.5 (Yoast SEO v26.5) - https:\/\/yoast.com\/wordpress\/plugins\/seo\/ -->\n<title>\u00c0 la recherche de Nourish &amp; Shine Conditioner ? Commandez Nourish &amp; Shine Conditioner aujourd&#039;hui chez Dutch Health Store. Contact personnel &amp; envoi rapide.<\/title>\n<meta name=\"description\" content=\"Discover the unique benefits of Nourish &amp; Shine Conditioner at Dutch Health Store! Worldwide shipping &amp; free samples added to your order.\" \/>\n<meta name=\"robots\" content=\"index, follow, max-snippet:-1, max-image-preview:large, max-video-preview:-1\" \/>\n<link rel=\"canonical\" href=\"https:\/\/dutchhealthstore.com\/fr\/product\/nourish-shine-conditioner\/\" \/>\n<meta property=\"og:locale\" content=\"fr_FR\" \/>\n<meta property=\"og:type\" content=\"article\" \/>\n<meta property=\"og:title\" content=\"Nourish &amp; Shine Conditioner - Dutch Health Store\" \/>\n<meta property=\"og:description\" content=\"Discover the unique benefits of Nourish &amp; Shine Conditioner at Dutch Health Store! Worldwide shipping &amp; free samples added to your order.\" \/>\n<meta property=\"og:url\" content=\"https:\/\/dutchhealthstore.com\/fr\/product\/nourish-shine-conditioner\/\" \/>\n<meta property=\"og:site_name\" content=\"Dutch Health Store\" \/>\n<meta property=\"article:publisher\" content=\"https:\/\/www.instagram.com\/dutchhealthstore\/\" \/>\n<meta property=\"article:modified_time\" content=\"2026-01-22T09:35:24+00:00\" \/>\n<meta property=\"og:image\" content=\"https:\/\/dutchhealthstore.com\/wp-content\/uploads\/2025\/10\/Camel-Glow-Conditioner-1.jpg\" \/>\n\t<meta property=\"og:image:width\" content=\"1800\" \/>\n\t<meta property=\"og:image:height\" content=\"1800\" \/>\n\t<meta property=\"og:image:type\" content=\"image\/jpeg\" \/>\n<meta name=\"twitter:card\" content=\"summary_large_image\" \/>\n<meta name=\"twitter:label1\" content=\"Prix\" \/>\n\t<meta name=\"twitter:data1\" content=\"&euro;29,95\" \/>\n\t<meta name=\"twitter:label2\" content=\"Disponibilit\u00e9\" \/>\n\t<meta name=\"twitter:data2\" content=\"En stock\" \/>\n<script type=\"application\/ld+json\" class=\"yoast-schema-graph\">{\"@context\":\"https:\/\/schema.org\",\"@graph\":[{\"@type\":\"WebPage\",\"@id\":\"https:\/\/dutchhealthstore.com\/fr\/product\/nourish-shine-conditioner\/\",\"url\":\"https:\/\/dutchhealthstore.com\/fr\/product\/nourish-shine-conditioner\/\",\"name\":\"\u00c0 la recherche de Nourish &amp; Shine Conditioner ? Commandez Nourish &amp; Shine Conditioner aujourd'hui chez Dutch Health Store. Contact personnel & envoi rapide.\",\"isPartOf\":{\"@id\":\"https:\/\/dutchhealthstore.com\/fr\/#website\"},\"primaryImageOfPage\":{\"@id\":\"https:\/\/dutchhealthstore.com\/fr\/product\/nourish-shine-conditioner\/#primaryimage\"},\"image\":{\"@id\":\"https:\/\/dutchhealthstore.com\/fr\/product\/nourish-shine-conditioner\/#primaryimage\"},\"thumbnailUrl\":\"https:\/\/dutchhealthstore.com\/wp-content\/uploads\/2025\/10\/Camel-Glow-Conditioner-1.jpg\",\"datePublished\":\"2025-10-30T18:48:46+00:00\",\"dateModified\":\"2026-01-22T09:35:24+00:00\",\"description\":\"Discover the unique benefits of Nourish &amp; Shine Conditioner at Dutch Health Store! Worldwide shipping & free samples added to your order.\",\"breadcrumb\":{\"@id\":\"https:\/\/dutchhealthstore.com\/fr\/product\/nourish-shine-conditioner\/#breadcrumb\"},\"inLanguage\":\"fr-FR\",\"potentialAction\":[{\"@type\":\"ReadAction\",\"target\":[\"https:\/\/dutchhealthstore.com\/fr\/product\/nourish-shine-conditioner\/\"]}]},{\"@type\":\"ImageObject\",\"inLanguage\":\"fr-FR\",\"@id\":\"https:\/\/dutchhealthstore.com\/fr\/product\/nourish-shine-conditioner\/#primaryimage\",\"url\":\"https:\/\/dutchhealthstore.com\/wp-content\/uploads\/2025\/10\/Camel-Glow-Conditioner-1.jpg\",\"contentUrl\":\"https:\/\/dutchhealthstore.com\/wp-content\/uploads\/2025\/10\/Camel-Glow-Conditioner-1.jpg\",\"width\":1800,\"height\":1800,\"caption\":\"Camel-Glow-Conditioner\"},{\"@type\":\"BreadcrumbList\",\"@id\":\"https:\/\/dutchhealthstore.com\/fr\/product\/nourish-shine-conditioner\/#breadcrumb\",\"itemListElement\":[{\"@type\":\"ListItem\",\"position\":1,\"name\":\"Home\",\"item\":\"https:\/\/dutchhealthstore.com\/fr\/\"},{\"@type\":\"ListItem\",\"position\":2,\"name\":\"Shop\",\"item\":\"https:\/\/dutchhealthstore.com\/fr\/shop\/\"},{\"@type\":\"ListItem\",\"position\":3,\"name\":\"Nourish &amp; Shine Conditioner\"}]},{\"@type\":\"WebSite\",\"@id\":\"https:\/\/dutchhealthstore.com\/fr\/#website\",\"url\":\"https:\/\/dutchhealthstore.com\/fr\/\",\"name\":\"Dutch Health Store\",\"description\":\"Enhance Your Beauty with Organic &amp; Natural Skincare\",\"publisher\":{\"@id\":\"https:\/\/dutchhealthstore.com\/fr\/#organization\"},\"potentialAction\":[{\"@type\":\"SearchAction\",\"target\":{\"@type\":\"EntryPoint\",\"urlTemplate\":\"https:\/\/dutchhealthstore.com\/fr\/?s={search_term_string}\"},\"query-input\":{\"@type\":\"PropertyValueSpecification\",\"valueRequired\":true,\"valueName\":\"search_term_string\"}}],\"inLanguage\":\"fr-FR\"},{\"@type\":\"Organization\",\"@id\":\"https:\/\/dutchhealthstore.com\/fr\/#organization\",\"name\":\"Dutch Health Store\",\"url\":\"https:\/\/dutchhealthstore.com\/fr\/\",\"logo\":{\"@type\":\"ImageObject\",\"inLanguage\":\"fr-FR\",\"@id\":\"https:\/\/dutchhealthstore.com\/fr\/#\/schema\/logo\/image\/\",\"url\":\"https:\/\/dutchhealthstore.com\/wp-content\/uploads\/2020\/08\/logo-dutchhealthstore-jpg-e1599484957574.jpg\",\"contentUrl\":\"https:\/\/dutchhealthstore.com\/wp-content\/uploads\/2020\/08\/logo-dutchhealthstore-jpg-e1599484957574.jpg\",\"width\":400,\"height\":62,\"caption\":\"Dutch Health Store\"},\"image\":{\"@id\":\"https:\/\/dutchhealthstore.com\/fr\/#\/schema\/logo\/image\/\"},\"sameAs\":[\"https:\/\/www.instagram.com\/dutchhealthstore\/\",\"https:\/\/www.facebook.com\/dutchhealthstore\"]}]}<\/script>\n<meta property=\"product:brand\" content=\"\u00c9clat de chameau\" \/>\n<meta property=\"product:price:amount\" content=\"29.95\" \/>\n<meta property=\"product:price:currency\" content=\"EUR\" \/>\n<meta property=\"og:availability\" content=\"instock\" \/>\n<meta property=\"product:availability\" content=\"instock\" \/>\n<meta property=\"product:condition\" content=\"new\" \/>\n<!-- \/ Yoast SEO Premium plugin. -->","yoast_head_json":{"title":"\u00c0 la recherche de Nourish &amp; Shine Conditioner ? Commandez Nourish &amp; Shine Conditioner aujourd'hui chez Dutch Health Store. Contact personnel & envoi rapide.","description":"Discover the unique benefits of Nourish &amp; Shine Conditioner at Dutch Health Store! Worldwide shipping & free samples added to your order.","robots":{"index":"index","follow":"follow","max-snippet":"max-snippet:-1","max-image-preview":"max-image-preview:large","max-video-preview":"max-video-preview:-1"},"canonical":"https:\/\/dutchhealthstore.com\/fr\/product\/nourish-shine-conditioner\/","og_locale":"fr_FR","og_type":"article","og_title":"Nourish &amp; Shine Conditioner - Dutch Health Store","og_description":"Discover the unique benefits of Nourish &amp; Shine Conditioner at Dutch Health Store! Worldwide shipping & free samples added to your order.","og_url":"https:\/\/dutchhealthstore.com\/fr\/product\/nourish-shine-conditioner\/","og_site_name":"Dutch Health Store","article_publisher":"https:\/\/www.instagram.com\/dutchhealthstore\/","article_modified_time":"2026-01-22T09:35:24+00:00","og_image":[{"width":1800,"height":1800,"url":"https:\/\/dutchhealthstore.com\/wp-content\/uploads\/2025\/10\/Camel-Glow-Conditioner-1.jpg","type":"image\/jpeg"}],"twitter_card":"summary_large_image","twitter_misc":{"Prix":"&euro;29,95","Disponibilit\u00e9":"En stock"},"schema":{"@context":"https:\/\/schema.org","@graph":[{"@type":"WebPage","@id":"https:\/\/dutchhealthstore.com\/fr\/product\/nourish-shine-conditioner\/","url":"https:\/\/dutchhealthstore.com\/fr\/product\/nourish-shine-conditioner\/","name":"\u00c0 la recherche de Nourish &amp; Shine Conditioner ? Commandez Nourish &amp; Shine Conditioner aujourd'hui chez Dutch Health Store. Contact personnel & envoi rapide.","isPartOf":{"@id":"https:\/\/dutchhealthstore.com\/fr\/#website"},"primaryImageOfPage":{"@id":"https:\/\/dutchhealthstore.com\/fr\/product\/nourish-shine-conditioner\/#primaryimage"},"image":{"@id":"https:\/\/dutchhealthstore.com\/fr\/product\/nourish-shine-conditioner\/#primaryimage"},"thumbnailUrl":"https:\/\/dutchhealthstore.com\/wp-content\/uploads\/2025\/10\/Camel-Glow-Conditioner-1.jpg","datePublished":"2025-10-30T18:48:46+00:00","dateModified":"2026-01-22T09:35:24+00:00","description":"Discover the unique benefits of Nourish &amp; Shine Conditioner at Dutch Health Store! Worldwide shipping & free samples added to your order.","breadcrumb":{"@id":"https:\/\/dutchhealthstore.com\/fr\/product\/nourish-shine-conditioner\/#breadcrumb"},"inLanguage":"fr-FR","potentialAction":[{"@type":"ReadAction","target":["https:\/\/dutchhealthstore.com\/fr\/product\/nourish-shine-conditioner\/"]}]},{"@type":"ImageObject","inLanguage":"fr-FR","@id":"https:\/\/dutchhealthstore.com\/fr\/product\/nourish-shine-conditioner\/#primaryimage","url":"https:\/\/dutchhealthstore.com\/wp-content\/uploads\/2025\/10\/Camel-Glow-Conditioner-1.jpg","contentUrl":"https:\/\/dutchhealthstore.com\/wp-content\/uploads\/2025\/10\/Camel-Glow-Conditioner-1.jpg","width":1800,"height":1800,"caption":"Camel-Glow-Conditioner"},{"@type":"BreadcrumbList","@id":"https:\/\/dutchhealthstore.com\/fr\/product\/nourish-shine-conditioner\/#breadcrumb","itemListElement":[{"@type":"ListItem","position":1,"name":"Home","item":"https:\/\/dutchhealthstore.com\/fr\/"},{"@type":"ListItem","position":2,"name":"Shop","item":"https:\/\/dutchhealthstore.com\/fr\/shop\/"},{"@type":"ListItem","position":3,"name":"Nourish &amp; Shine Conditioner"}]},{"@type":"WebSite","@id":"https:\/\/dutchhealthstore.com\/fr\/#website","url":"https:\/\/dutchhealthstore.com\/fr\/","name":"Dutch Health Store","description":"Enhance Your Beauty with Organic &amp; Natural Skincare","publisher":{"@id":"https:\/\/dutchhealthstore.com\/fr\/#organization"},"potentialAction":[{"@type":"SearchAction","target":{"@type":"EntryPoint","urlTemplate":"https:\/\/dutchhealthstore.com\/fr\/?s={search_term_string}"},"query-input":{"@type":"PropertyValueSpecification","valueRequired":true,"valueName":"search_term_string"}}],"inLanguage":"fr-FR"},{"@type":"Organization","@id":"https:\/\/dutchhealthstore.com\/fr\/#organization","name":"Dutch Health Store","url":"https:\/\/dutchhealthstore.com\/fr\/","logo":{"@type":"ImageObject","inLanguage":"fr-FR","@id":"https:\/\/dutchhealthstore.com\/fr\/#\/schema\/logo\/image\/","url":"https:\/\/dutchhealthstore.com\/wp-content\/uploads\/2020\/08\/logo-dutchhealthstore-jpg-e1599484957574.jpg","contentUrl":"https:\/\/dutchhealthstore.com\/wp-content\/uploads\/2020\/08\/logo-dutchhealthstore-jpg-e1599484957574.jpg","width":400,"height":62,"caption":"Dutch Health Store"},"image":{"@id":"https:\/\/dutchhealthstore.com\/fr\/#\/schema\/logo\/image\/"},"sameAs":["https:\/\/www.instagram.com\/dutchhealthstore\/","https:\/\/www.facebook.com\/dutchhealthstore"]}]},"product_brand":"\u00c9clat de chameau","product_price_amount":"29.95","product_price_currency":"EUR","og_availability":"instock","product_availability":"instock","product_condition":"new"},"_links":{"self":[{"href":"https:\/\/dutchhealthstore.com\/fr\/wp-json\/wp\/v2\/product\/361004","targetHints":{"allow":["GET"]}}],"collection":[{"href":"https:\/\/dutchhealthstore.com\/fr\/wp-json\/wp\/v2\/product"}],"about":[{"href":"https:\/\/dutchhealthstore.com\/fr\/wp-json\/wp\/v2\/types\/product"}],"replies":[{"embeddable":true,"href":"https:\/\/dutchhealthstore.com\/fr\/wp-json\/wp\/v2\/comments?post=361004"}],"wp:featuredmedia":[{"embeddable":true,"href":"https:\/\/dutchhealthstore.com\/fr\/wp-json\/wp\/v2\/media\/360720"}],"wp:attachment":[{"href":"https:\/\/dutchhealthstore.com\/fr\/wp-json\/wp\/v2\/media?parent=361004"}],"wp:term":[{"taxonomy":"product_brand","embeddable":true,"href":"https:\/\/dutchhealthstore.com\/fr\/wp-json\/wp\/v2\/product_brand?post=361004"},{"taxonomy":"product_cat","embeddable":true,"href":"https:\/\/dutchhealthstore.com\/fr\/wp-json\/wp\/v2\/product_cat?post=361004"},{"taxonomy":"product_tag","embeddable":true,"href":"https:\/\/dutchhealthstore.com\/fr\/wp-json\/wp\/v2\/product_tag?post=361004"}],"curies":[{"name":"wp","href":"https:\/\/api.w.org\/{rel}","templated":true}]}}