{"id":360996,"date":"2025-10-30T19:49:00","date_gmt":"2025-10-30T18:49:00","guid":{"rendered":"https:\/\/dutchhealthstore.com\/product\/nourish-shine-shampoo\/"},"modified":"2025-11-05T14:26:34","modified_gmt":"2025-11-05T13:26:34","slug":"nourish-shine-shampoo","status":"publish","type":"product","link":"https:\/\/dutchhealthstore.com\/fr\/product\/nourish-shine-shampoo\/","title":{"rendered":"Nourish &amp; Shine Shampoo"},"content":{"rendered":"<p>Cette formule riche en nutriments aide \u00e0 revitaliser les cheveux affaiblis et clairsem\u00e9s tout en favorisant un cuir chevelu \u00e9quilibr\u00e9 et sain. Infus\u00e9 d&rsquo;antioxydants et de plantes fortifiantes, il offre protection et brillance, laissant les cheveux doux, frais et pleins de vie. Sa composition au pH \u00e9quilibr\u00e9 le rend s\u00fbr pour une utilisation quotidienne et convient \u00e0 tous les types de cheveux.  <\/p>\n<p>\u2714 100% v\u00e9g\u00e9talien \u2714 \u00e0 base de plantes \u2714 non test\u00e9 sur les animaux \u2714 sans produits chimiques nocifs \u2714 sans danger pour les cheveux color\u00e9s \u2714 sans silicones ni parabens \u2714 Sans colorants artificiels<\/p>\n<h3>Mode d&#8217;emploi<\/h3>\n<p>Pour de meilleurs r\u00e9sultats, utilisez apr\u00e8s le traitement du Camel Glow Nourish &amp; Shine Hair Oil treatment.. Appliquez le shampooing sur les cheveux mouill\u00e9s et massez doucement le cuir chevelu du bout des doigts. Rincez abondamment et suivez avec le Camel Glow Growth &amp; Shine Conditioner pour une hydratation et une brillance optimales.  <\/p>\n<p><strong>Taille : 250 ml<\/strong><\/p>\n<h3><strong>Key ingredients <\/strong><\/h3>\n<p><a href=\"https:\/\/dutchhealthstore.com\/wp-content\/uploads\/2025\/10\/camel-glow-vitamin-c.jpg\"><img decoding=\"async\" class=\"alignnone size-full wp-image-360939\" src=\"https:\/\/dutchhealthstore.com\/wp-content\/uploads\/2025\/10\/camel-glow-vitamin-c.jpg\" alt=\"camel-glow-vitamin-c\" width=\"250\" height=\"120\" srcset=\"https:\/\/dutchhealthstore.com\/wp-content\/uploads\/2025\/10\/camel-glow-vitamin-c.jpg 250w, https:\/\/dutchhealthstore.com\/wp-content\/uploads\/2025\/10\/camel-glow-vitamin-c-104x50.jpg 104w, https:\/\/dutchhealthstore.com\/wp-content\/uploads\/2025\/10\/camel-glow-vitamin-c-247x120.jpg 247w, https:\/\/dutchhealthstore.com\/wp-content\/uploads\/2025\/10\/camel-glow-vitamin-c-64x31.jpg 64w\" sizes=\"(max-width: 250px) 100vw, 250px\" \/><\/a><\/p>\n<p>Des \u00e9tudes de recherche ont prouv\u00e9 que la <strong>vitamine C<\/strong> supprime la formation de DHT, r\u00e9duisant ainsi la perte de cheveux et favorisant la croissance capillaire. La vitamine C est \u00e9galement connue pour stimuler le collag\u00e8ne, un composant cl\u00e9 n\u00e9cessaire \u00e0 la croissance de cheveux forts et sains, et est essentielle pour les cheveux ternes sujets aux cassures. <\/p>\n<p><a href=\"https:\/\/dutchhealthstore.com\/wp-content\/uploads\/2025\/10\/camel-glow-coconut-cleansers.jpg\"><img decoding=\"async\" class=\"alignnone size-full wp-image-360943\" src=\"https:\/\/dutchhealthstore.com\/wp-content\/uploads\/2025\/10\/camel-glow-coconut-cleansers.jpg\" alt=\"camel-glow-coconut-cleansers\" width=\"250\" height=\"120\" srcset=\"https:\/\/dutchhealthstore.com\/wp-content\/uploads\/2025\/10\/camel-glow-coconut-cleansers.jpg 250w, https:\/\/dutchhealthstore.com\/wp-content\/uploads\/2025\/10\/camel-glow-coconut-cleansers-104x50.jpg 104w, https:\/\/dutchhealthstore.com\/wp-content\/uploads\/2025\/10\/camel-glow-coconut-cleansers-247x120.jpg 247w, https:\/\/dutchhealthstore.com\/wp-content\/uploads\/2025\/10\/camel-glow-coconut-cleansers-64x31.jpg 64w\" sizes=\"(max-width: 250px) 100vw, 250px\" \/><\/a><\/p>\n<p><strong>Agents nettoyants \u00e0 base de noix de coco<\/strong><br \/>\nNous avons combin\u00e9 les superpouvoirs de la science et de la nature pour offrir un \u00e9quilibre parfait d&rsquo;agents nettoyants \u00e0 base de noix de coco, les rendant doux mais efficaces pour nettoyer le cuir chevelu. Profitez de la sensation de propret\u00e9 sans jamais ass\u00e9cher vos cheveux. <\/p>\n<p><a href=\"https:\/\/dutchhealthstore.com\/wp-content\/uploads\/2025\/10\/camel-glow-exoticberries.jpg\"><img decoding=\"async\" class=\"alignnone size-full wp-image-360947\" src=\"https:\/\/dutchhealthstore.com\/wp-content\/uploads\/2025\/10\/camel-glow-exoticberries.jpg\" alt=\"camel-glow-exotic-berries\" width=\"250\" height=\"120\" srcset=\"https:\/\/dutchhealthstore.com\/wp-content\/uploads\/2025\/10\/camel-glow-exoticberries.jpg 250w, https:\/\/dutchhealthstore.com\/wp-content\/uploads\/2025\/10\/camel-glow-exoticberries-104x50.jpg 104w, https:\/\/dutchhealthstore.com\/wp-content\/uploads\/2025\/10\/camel-glow-exoticberries-247x120.jpg 247w, https:\/\/dutchhealthstore.com\/wp-content\/uploads\/2025\/10\/camel-glow-exoticberries-64x31.jpg 64w\" sizes=\"(max-width: 250px) 100vw, 250px\" \/><\/a><\/p>\n<p><strong>Baies exotiques<\/strong><br \/>\nLes baies contiennent certains des antioxydants les plus puissants pour le cuir chevelu. En neutralisant les dommages caus\u00e9s par les radicaux libres, ces antioxydants cr\u00e9ent l&rsquo;environnement optimal pour un cuir chevelu sain et heureux et sont absolument essentiels \u00e0 la croissance de cheveux en bonne sant\u00e9. Et cerise sur le g\u00e2teau, ces antioxydants favorisent des cheveux brillants et forts.  <\/p>\n<p>&nbsp;<\/p>\n<h2><strong>Ingr\u00e9dients naturels \/ biologiques <\/strong><\/h2>\n<p>Ingr\u00e9dients : Aqua, Sodium Laureth Sulfate (\u00e0 base de noix de coco), Cocamidopropyl Betaine, Cocamide Mipa, Decyl Glucoside, Polisorbate 20, Sodium Chloride, PPG-3 Benzyl Ether Myristate, Extrait de fruit de Myrciaria Dubia, Guar Hydroxypropyltrimonium Chloride, Disodium Edta, PEG-7 Glyceryl Cocoate, (Parfum Extrait de fruit de Myrciaria Dubia) Ethylhexylglycerin, Phenoxyethanol, Polyquaternium-7, Cetrimonium Chloride, Acide citrique.<\/p>\n<p>&nbsp;<\/p>\n\n\t<section class=\"section\" id=\"section_904138015\">\n\t\t<div class=\"section-bg fill\" >\n\t\t\t\t\t\t\t\t\t\n\t\t\t\n\n\t\t<\/div>\n\n\t\t\n\n\t\t<div class=\"section-content relative\">\n\t\t\t\n\n<div class=\"row\"  id=\"row-1723008003\">\n\n\n\t<div id=\"col-1366450048\" class=\"col small-12 large-12\"  >\n\t\t\t\t<div class=\"col-inner\"  >\n\t\t\t\n\t\t\t\n\n<div class=\"container section-title-container\" ><h3 class=\"section-title section-title-normal\"><b><\/b><span class=\"section-title-main\" >L&#039;histoire de Camel Glow<\/span><b><\/b><\/h3><\/div>\n\n<p data-start=\"387\" data-end=\"627\"><img loading=\"lazy\" decoding=\"async\" class=\"alignright size-full wp-image-360249\" src=\"https:\/\/dutchhealthstore.com\/wp-content\/uploads\/2025\/10\/Logo_240x_png.png\" alt=\"\" width=\"240\" height=\"88\" srcset=\"https:\/\/dutchhealthstore.com\/wp-content\/uploads\/2025\/10\/Logo_240x_png.png 240w, https:\/\/dutchhealthstore.com\/wp-content\/uploads\/2025\/10\/Logo_240x_png-136x50.png 136w, https:\/\/dutchhealthstore.com\/wp-content\/uploads\/2025\/10\/Logo_240x_png-64x23.png 64w\" sizes=\"(max-width: 240px) 100vw, 240px\" \/>Il y a quelque chose d'intemporel dans les rituels de beaut\u00e9 du Moyen-Orient. Les huiles riches, les plantes du d\u00e9sert et des si\u00e8cles de sagesse capillaire se conjuguent dans des pratiques profond\u00e9ment nourrissantes qui ont maintenu les cheveux longs, forts et rayonnants pendant des g\u00e9n\u00e9rations. <\/p>\n<p data-start=\"629\" data-end=\"759\">Camel Glow est n\u00e9 d'un amour pour ces traditions \u2014 et d'un r\u00eave partag\u00e9 par une m\u00e8re et sa fille de les faire d\u00e9couvrir au monde.<\/p>\n\n\t\t<\/div>\n\t\t\t\t\t<\/div>\n\n\t\n\n<\/div>\n\n\t\t<\/div>\n\n\t\t\n<style>\n#section_904138015 {\n  padding-top: 30px;\n  padding-bottom: 30px;\n}\n<\/style>\n\t<\/section>\n\t\n","protected":false},"excerpt":{"rendered":"<p>Un shampooing doux \u00e0 base de plantes con\u00e7u pour nettoyer en profondeur le cuir chevelu sans \u00e9liminer l&rsquo;hydratation naturelle.<\/p>\n","protected":false},"featured_media":360063,"comment_status":"open","ping_status":"closed","template":"","meta":[],"product_brand":[],"product_cat":[21849,8575,1908,20900,1209,1030,8576,1010],"product_tag":[],"class_list":{"0":"post-360996","1":"product","2":"type-product","3":"status-publish","4":"has-post-thumbnail","6":"product_cat-camel-glow-fr","7":"product_cat-hair-fr","8":"product_cat-new-additions-fr","9":"product_cat-new-additions-haircare-fr","10":"product_cat-par-marques","11":"product_cat-par-produits","12":"product_cat-shampoo-fr","13":"product_cat-notre-boutique","14":"pa_brand-eclat-de-chameau","15":"pa_gtin-7752999013372-fr","16":"pa_haircare-productype-shampoo-fr","17":"pa_size-250-ml-fr-2","19":"first","20":"instock","21":"taxable","22":"shipping-taxable","23":"purchasable","24":"product-type-simple"},"bundled_by":[],"bundle_stock_status":"instock","bundle_stock_quantity":13,"bundle_virtual":false,"bundle_layout":"","bundle_add_to_cart_form_location":"","bundle_editable_in_cart":false,"bundle_sold_individually_context":"","bundle_item_grouping":"","bundle_min_size":"","bundle_max_size":"","bundle_price":[],"bundled_items":[],"bundle_sell_ids":[361004],"atum_controlled":true,"out_stock_date":null,"out_stock_threshold":null,"inheritable":false,"stock_on_hold":0,"sold_today":0,"sales_last_days":0,"out_stock_days":0,"lost_sales":0,"update_date":"2026-04-12T17:32:58","atum_locations":[],"atum_stock_status":"instock","restock_status":false,"low_stock_amount":"","sales_update_date":"2026-04-12T17:32:58","calc_backorders":null,"group_of_quantity":0,"min_quantity":0,"max_quantity":"","exclude_order_quantity_value_rules":"no","exclude_category_quantity_rules":"no","combine_variations":"no","yoast_head":"<!-- This site is optimized with the Yoast SEO Premium plugin v26.5 (Yoast SEO v26.5) - https:\/\/yoast.com\/wordpress\/plugins\/seo\/ -->\n<title>Nourish &amp; Shine Shampoo - \u00e9clat de chameau<\/title>\n<meta name=\"description\" content=\"Un shampooing doux \u00e0 base de plantes con\u00e7u pour nettoyer en profondeur le cuir chevelu sans \u00e9liminer l&#039;hydratation naturelle.\" \/>\n<meta name=\"robots\" content=\"index, follow, max-snippet:-1, max-image-preview:large, max-video-preview:-1\" \/>\n<link rel=\"canonical\" href=\"https:\/\/dutchhealthstore.com\/fr\/product\/nourish-shine-shampoo\/\" \/>\n<meta property=\"og:locale\" content=\"fr_FR\" \/>\n<meta property=\"og:type\" content=\"article\" \/>\n<meta property=\"og:title\" content=\"Nourish &amp; Shine Shampoo - Dutch Health Store\" \/>\n<meta property=\"og:description\" content=\"Un shampooing doux \u00e0 base de plantes con\u00e7u pour nettoyer en profondeur le cuir chevelu sans \u00e9liminer l&#039;hydratation naturelle.\" \/>\n<meta property=\"og:url\" content=\"https:\/\/dutchhealthstore.com\/fr\/product\/nourish-shine-shampoo\/\" \/>\n<meta property=\"og:site_name\" content=\"Dutch Health Store\" \/>\n<meta property=\"article:publisher\" content=\"https:\/\/www.instagram.com\/dutchhealthstore\/\" \/>\n<meta property=\"article:modified_time\" content=\"2025-11-05T13:26:34+00:00\" \/>\n<meta property=\"og:image\" content=\"https:\/\/dutchhealthstore.com\/wp-content\/uploads\/2025\/10\/camel-glow-shampoo.jpg\" \/>\n\t<meta property=\"og:image:width\" content=\"530\" \/>\n\t<meta property=\"og:image:height\" content=\"530\" \/>\n\t<meta property=\"og:image:type\" content=\"image\/jpeg\" \/>\n<meta name=\"twitter:card\" content=\"summary_large_image\" \/>\n<meta name=\"twitter:label1\" content=\"Prix\" \/>\n\t<meta name=\"twitter:data1\" content=\"&euro;29,95\" \/>\n\t<meta name=\"twitter:label2\" content=\"Disponibilit\u00e9\" \/>\n\t<meta name=\"twitter:data2\" content=\"En stock\" \/>\n<script type=\"application\/ld+json\" class=\"yoast-schema-graph\">{\"@context\":\"https:\/\/schema.org\",\"@graph\":[{\"@type\":\"WebPage\",\"@id\":\"https:\/\/dutchhealthstore.com\/fr\/product\/nourish-shine-shampoo\/\",\"url\":\"https:\/\/dutchhealthstore.com\/fr\/product\/nourish-shine-shampoo\/\",\"name\":\"Nourish &amp; Shine Shampoo - \u00e9clat de chameau\",\"isPartOf\":{\"@id\":\"https:\/\/dutchhealthstore.com\/fr\/#website\"},\"primaryImageOfPage\":{\"@id\":\"https:\/\/dutchhealthstore.com\/fr\/product\/nourish-shine-shampoo\/#primaryimage\"},\"image\":{\"@id\":\"https:\/\/dutchhealthstore.com\/fr\/product\/nourish-shine-shampoo\/#primaryimage\"},\"thumbnailUrl\":\"https:\/\/dutchhealthstore.com\/wp-content\/uploads\/2025\/10\/camel-glow-shampoo.jpg\",\"datePublished\":\"2025-10-30T18:49:00+00:00\",\"dateModified\":\"2025-11-05T13:26:34+00:00\",\"description\":\"Un shampooing doux \u00e0 base de plantes con\u00e7u pour nettoyer en profondeur le cuir chevelu sans \u00e9liminer l'hydratation naturelle.\",\"breadcrumb\":{\"@id\":\"https:\/\/dutchhealthstore.com\/fr\/product\/nourish-shine-shampoo\/#breadcrumb\"},\"inLanguage\":\"fr-FR\",\"potentialAction\":[{\"@type\":\"ReadAction\",\"target\":[\"https:\/\/dutchhealthstore.com\/fr\/product\/nourish-shine-shampoo\/\"]}]},{\"@type\":\"ImageObject\",\"inLanguage\":\"fr-FR\",\"@id\":\"https:\/\/dutchhealthstore.com\/fr\/product\/nourish-shine-shampoo\/#primaryimage\",\"url\":\"https:\/\/dutchhealthstore.com\/wp-content\/uploads\/2025\/10\/camel-glow-shampoo.jpg\",\"contentUrl\":\"https:\/\/dutchhealthstore.com\/wp-content\/uploads\/2025\/10\/camel-glow-shampoo.jpg\",\"width\":530,\"height\":530,\"caption\":\"camel-glow-shampoo\"},{\"@type\":\"BreadcrumbList\",\"@id\":\"https:\/\/dutchhealthstore.com\/fr\/product\/nourish-shine-shampoo\/#breadcrumb\",\"itemListElement\":[{\"@type\":\"ListItem\",\"position\":1,\"name\":\"Home\",\"item\":\"https:\/\/dutchhealthstore.com\/fr\/\"},{\"@type\":\"ListItem\",\"position\":2,\"name\":\"Shop\",\"item\":\"https:\/\/dutchhealthstore.com\/fr\/shop\/\"},{\"@type\":\"ListItem\",\"position\":3,\"name\":\"Nourish &amp; Shine Shampoo\"}]},{\"@type\":\"WebSite\",\"@id\":\"https:\/\/dutchhealthstore.com\/fr\/#website\",\"url\":\"https:\/\/dutchhealthstore.com\/fr\/\",\"name\":\"Dutch Health Store\",\"description\":\"Enhance Your Beauty with Organic &amp; Natural Skincare\",\"publisher\":{\"@id\":\"https:\/\/dutchhealthstore.com\/fr\/#organization\"},\"potentialAction\":[{\"@type\":\"SearchAction\",\"target\":{\"@type\":\"EntryPoint\",\"urlTemplate\":\"https:\/\/dutchhealthstore.com\/fr\/?s={search_term_string}\"},\"query-input\":{\"@type\":\"PropertyValueSpecification\",\"valueRequired\":true,\"valueName\":\"search_term_string\"}}],\"inLanguage\":\"fr-FR\"},{\"@type\":\"Organization\",\"@id\":\"https:\/\/dutchhealthstore.com\/fr\/#organization\",\"name\":\"Dutch Health Store\",\"url\":\"https:\/\/dutchhealthstore.com\/fr\/\",\"logo\":{\"@type\":\"ImageObject\",\"inLanguage\":\"fr-FR\",\"@id\":\"https:\/\/dutchhealthstore.com\/fr\/#\/schema\/logo\/image\/\",\"url\":\"https:\/\/dutchhealthstore.com\/wp-content\/uploads\/2020\/08\/logo-dutchhealthstore-jpg-e1599484957574.jpg\",\"contentUrl\":\"https:\/\/dutchhealthstore.com\/wp-content\/uploads\/2020\/08\/logo-dutchhealthstore-jpg-e1599484957574.jpg\",\"width\":400,\"height\":62,\"caption\":\"Dutch Health Store\"},\"image\":{\"@id\":\"https:\/\/dutchhealthstore.com\/fr\/#\/schema\/logo\/image\/\"},\"sameAs\":[\"https:\/\/www.instagram.com\/dutchhealthstore\/\",\"https:\/\/www.facebook.com\/dutchhealthstore\"]}]}<\/script>\n<meta property=\"product:brand\" content=\"\u00c9clat de chameau\" \/>\n<meta property=\"product:price:amount\" content=\"29.95\" \/>\n<meta property=\"product:price:currency\" content=\"EUR\" \/>\n<meta property=\"og:availability\" content=\"instock\" \/>\n<meta property=\"product:availability\" content=\"instock\" \/>\n<meta property=\"product:condition\" content=\"new\" \/>\n<!-- \/ Yoast SEO Premium plugin. -->","yoast_head_json":{"title":"Nourish &amp; Shine Shampoo - \u00e9clat de chameau","description":"Un shampooing doux \u00e0 base de plantes con\u00e7u pour nettoyer en profondeur le cuir chevelu sans \u00e9liminer l'hydratation naturelle.","robots":{"index":"index","follow":"follow","max-snippet":"max-snippet:-1","max-image-preview":"max-image-preview:large","max-video-preview":"max-video-preview:-1"},"canonical":"https:\/\/dutchhealthstore.com\/fr\/product\/nourish-shine-shampoo\/","og_locale":"fr_FR","og_type":"article","og_title":"Nourish &amp; Shine Shampoo - Dutch Health Store","og_description":"Un shampooing doux \u00e0 base de plantes con\u00e7u pour nettoyer en profondeur le cuir chevelu sans \u00e9liminer l'hydratation naturelle.","og_url":"https:\/\/dutchhealthstore.com\/fr\/product\/nourish-shine-shampoo\/","og_site_name":"Dutch Health Store","article_publisher":"https:\/\/www.instagram.com\/dutchhealthstore\/","article_modified_time":"2025-11-05T13:26:34+00:00","og_image":[{"width":530,"height":530,"url":"https:\/\/dutchhealthstore.com\/wp-content\/uploads\/2025\/10\/camel-glow-shampoo.jpg","type":"image\/jpeg"}],"twitter_card":"summary_large_image","twitter_misc":{"Prix":"&euro;29,95","Disponibilit\u00e9":"En stock"},"schema":{"@context":"https:\/\/schema.org","@graph":[{"@type":"WebPage","@id":"https:\/\/dutchhealthstore.com\/fr\/product\/nourish-shine-shampoo\/","url":"https:\/\/dutchhealthstore.com\/fr\/product\/nourish-shine-shampoo\/","name":"Nourish &amp; Shine Shampoo - \u00e9clat de chameau","isPartOf":{"@id":"https:\/\/dutchhealthstore.com\/fr\/#website"},"primaryImageOfPage":{"@id":"https:\/\/dutchhealthstore.com\/fr\/product\/nourish-shine-shampoo\/#primaryimage"},"image":{"@id":"https:\/\/dutchhealthstore.com\/fr\/product\/nourish-shine-shampoo\/#primaryimage"},"thumbnailUrl":"https:\/\/dutchhealthstore.com\/wp-content\/uploads\/2025\/10\/camel-glow-shampoo.jpg","datePublished":"2025-10-30T18:49:00+00:00","dateModified":"2025-11-05T13:26:34+00:00","description":"Un shampooing doux \u00e0 base de plantes con\u00e7u pour nettoyer en profondeur le cuir chevelu sans \u00e9liminer l'hydratation naturelle.","breadcrumb":{"@id":"https:\/\/dutchhealthstore.com\/fr\/product\/nourish-shine-shampoo\/#breadcrumb"},"inLanguage":"fr-FR","potentialAction":[{"@type":"ReadAction","target":["https:\/\/dutchhealthstore.com\/fr\/product\/nourish-shine-shampoo\/"]}]},{"@type":"ImageObject","inLanguage":"fr-FR","@id":"https:\/\/dutchhealthstore.com\/fr\/product\/nourish-shine-shampoo\/#primaryimage","url":"https:\/\/dutchhealthstore.com\/wp-content\/uploads\/2025\/10\/camel-glow-shampoo.jpg","contentUrl":"https:\/\/dutchhealthstore.com\/wp-content\/uploads\/2025\/10\/camel-glow-shampoo.jpg","width":530,"height":530,"caption":"camel-glow-shampoo"},{"@type":"BreadcrumbList","@id":"https:\/\/dutchhealthstore.com\/fr\/product\/nourish-shine-shampoo\/#breadcrumb","itemListElement":[{"@type":"ListItem","position":1,"name":"Home","item":"https:\/\/dutchhealthstore.com\/fr\/"},{"@type":"ListItem","position":2,"name":"Shop","item":"https:\/\/dutchhealthstore.com\/fr\/shop\/"},{"@type":"ListItem","position":3,"name":"Nourish &amp; Shine Shampoo"}]},{"@type":"WebSite","@id":"https:\/\/dutchhealthstore.com\/fr\/#website","url":"https:\/\/dutchhealthstore.com\/fr\/","name":"Dutch Health Store","description":"Enhance Your Beauty with Organic &amp; Natural Skincare","publisher":{"@id":"https:\/\/dutchhealthstore.com\/fr\/#organization"},"potentialAction":[{"@type":"SearchAction","target":{"@type":"EntryPoint","urlTemplate":"https:\/\/dutchhealthstore.com\/fr\/?s={search_term_string}"},"query-input":{"@type":"PropertyValueSpecification","valueRequired":true,"valueName":"search_term_string"}}],"inLanguage":"fr-FR"},{"@type":"Organization","@id":"https:\/\/dutchhealthstore.com\/fr\/#organization","name":"Dutch Health Store","url":"https:\/\/dutchhealthstore.com\/fr\/","logo":{"@type":"ImageObject","inLanguage":"fr-FR","@id":"https:\/\/dutchhealthstore.com\/fr\/#\/schema\/logo\/image\/","url":"https:\/\/dutchhealthstore.com\/wp-content\/uploads\/2020\/08\/logo-dutchhealthstore-jpg-e1599484957574.jpg","contentUrl":"https:\/\/dutchhealthstore.com\/wp-content\/uploads\/2020\/08\/logo-dutchhealthstore-jpg-e1599484957574.jpg","width":400,"height":62,"caption":"Dutch Health Store"},"image":{"@id":"https:\/\/dutchhealthstore.com\/fr\/#\/schema\/logo\/image\/"},"sameAs":["https:\/\/www.instagram.com\/dutchhealthstore\/","https:\/\/www.facebook.com\/dutchhealthstore"]}]},"product_brand":"\u00c9clat de chameau","product_price_amount":"29.95","product_price_currency":"EUR","og_availability":"instock","product_availability":"instock","product_condition":"new"},"_links":{"self":[{"href":"https:\/\/dutchhealthstore.com\/fr\/wp-json\/wp\/v2\/product\/360996","targetHints":{"allow":["GET"]}}],"collection":[{"href":"https:\/\/dutchhealthstore.com\/fr\/wp-json\/wp\/v2\/product"}],"about":[{"href":"https:\/\/dutchhealthstore.com\/fr\/wp-json\/wp\/v2\/types\/product"}],"replies":[{"embeddable":true,"href":"https:\/\/dutchhealthstore.com\/fr\/wp-json\/wp\/v2\/comments?post=360996"}],"wp:featuredmedia":[{"embeddable":true,"href":"https:\/\/dutchhealthstore.com\/fr\/wp-json\/wp\/v2\/media\/360063"}],"wp:attachment":[{"href":"https:\/\/dutchhealthstore.com\/fr\/wp-json\/wp\/v2\/media?parent=360996"}],"wp:term":[{"taxonomy":"product_brand","embeddable":true,"href":"https:\/\/dutchhealthstore.com\/fr\/wp-json\/wp\/v2\/product_brand?post=360996"},{"taxonomy":"product_cat","embeddable":true,"href":"https:\/\/dutchhealthstore.com\/fr\/wp-json\/wp\/v2\/product_cat?post=360996"},{"taxonomy":"product_tag","embeddable":true,"href":"https:\/\/dutchhealthstore.com\/fr\/wp-json\/wp\/v2\/product_tag?post=360996"}],"curies":[{"name":"wp","href":"https:\/\/api.w.org\/{rel}","templated":true}]}}