{"id":357993,"date":"2025-09-29T12:30:41","date_gmt":"2025-09-29T10:30:41","guid":{"rendered":"https:\/\/dutchhealthstore.com\/product\/natural-hydroxyapatite-toothpaste-wild-mint\/"},"modified":"2026-04-09T09:23:53","modified_gmt":"2026-04-09T07:23:53","slug":"natural-hydroxyapatite-toothpaste-wild-mint","status":"publish","type":"product","link":"https:\/\/dutchhealthstore.com\/fr\/product\/natural-hydroxyapatite-toothpaste-wild-mint\/","title":{"rendered":"Natural Hydroxyapatite Toothpaste &#8211; Wild Mint"},"content":{"rendered":"<p>Enrichie en hydroxyapatite, cette formule pure agit pour renforcer et restaurer l&rsquo;\u00e9mail, combattre la plaque dentaire et blanchir naturellement \u2014 le tout sans fluorure ni produits chimiques agressifs.<\/p>\n<ul>\n<li>Saveur rafra\u00eechissante de menthe sauvage<\/li>\n<li>Sans fluorure, sans parab\u00e8ne, sans SLS et sans sulfate<\/li>\n<li>Aromatis\u00e9 naturellement avec des huiles essentielles b\u00e9n\u00e9fiques<\/li>\n<li>Anti-plaque et blanchissant naturel<\/li>\n<li>Suffisamment s\u00fbr pour \u00eatre aval\u00e9<\/li>\n<\/ul>\n<p><strong>V\u00e9g\u00e9talien, sans gluten, non test\u00e9 sur les animaux et non-OGM<\/strong><\/p>\n<p>Convient aux :<br \/>\n\u2714 V\u00e9g\u00e9taliens<br \/>\n\u2714 V\u00e9g\u00e9tariens<br \/>\n\u2714 Modes de vie sans gluten<\/p>\n<p><strong>Taille : 0,7 oz &#8211; 20 g \/ 3,4 oz &#8211; 96 g<\/strong><\/p>\n<p class=\"text-secondary\"><strong>Ce produit ne contient pas<\/strong><\/p>\n<div class=\"grid grid-cols-2 gap-4 mt-5\">\n<div class=\"flex\">\n<ul>\n<li class=\"text-secondary font-bold w-[80%]\">C\u00e9r\u00e9ales contenant du gluten<\/li>\n<li>\u0152ufs<\/li>\n<li>Lupin<\/li>\n<li>Mollusques<\/li>\n<li>Noix<\/li>\n<li>Soja<\/li>\n<li>C\u00e9leri<\/li>\n<li>Crustac\u00e9s<\/li>\n<li>Poisson<\/li>\n<li>Lait<\/li>\n<li>Moutarde<\/li>\n<li>S\u00e9same<\/li>\n<li>Dioxyde de soufre<\/li>\n<\/ul>\n<\/div>\n<h3>Comment utiliser<\/h3>\n<p>Appliquez autant de dentifrice que vous le souhaitez et brossez par mouvements circulaires doux pendant 2 minutes lorsque vous vous levez le matin, apr\u00e8s le d\u00e9jeuner et apr\u00e8s le d\u00eener pour des dents propres et blanches. Pour des r\u00e9sultats optimaux, nous recommandons notre routine de soins simple en 3 \u00e9tapes : Utiliser le fil dentaire, se rincer et se brosser les dents (sans cracher). Nos produits sont suffisamment s\u00fbrs pour \u00eatre ing\u00e9r\u00e9s. Mais ne les mangez pas, car ce serait \u00e9trange !  <\/p>\n<h2><strong>Ingr\u00e9dients naturels \/ biologiques <\/strong><\/h2>\n<p>Silice, Sorbitol, Glyc\u00e9rine, Xylitol, Hydroxyapatite, Carbonate de calcium, Propanediol, Cocoate de potassium, Extrait de Stevia Rebaudiana, Huile de Mentha Arvensis (Menthe sauvage), Huile de Mentha Piperita (Menthe poivr\u00e9e), Extrait d&rsquo;Echinacea Purpurea, Extrait d&rsquo;\u00e9corce de Cinnamomum Cassia (Cannelle), Huile d&rsquo;\u00e9corce de Citrus Aurantium Dulcis (Orange), Huile d&rsquo;\u00e9corce de Citrus Limon (Citron), Huile de Melaleuca Alternifolia (Arbre \u00e0 th\u00e9), Gomme de cellulose, Gluconate de sodium, Menthol, Extrait de Thymus Vulgaris (Thym), \u00c9rythritol, Gomme xanthane, Extrait d&rsquo;Eucalyptus Globulus, Extrait d&rsquo;Illicium Verum (Anis)<\/p>\n\n\t<section class=\"section\" id=\"section_293439639\">\n\t\t<div class=\"section-bg fill\" >\n\t\t\t\t\t\t\t\t\t\n\t\t\t\n\n\t\t<\/div>\n\n\t\t\n\n\t\t<div class=\"section-content relative\">\n\t\t\t\n\n<div class=\"row\"  id=\"row-1398167380\">\n\n\n\t<div id=\"col-354328092\" class=\"col small-12 large-12\"  >\n\t\t\t\t<div class=\"col-inner\"  >\n\t\t\t\n\t\t\t\n\n<div class=\"container section-title-container\" ><h3 class=\"section-title section-title-normal\"><b><\/b><span class=\"section-title-main\" >\u00c0 propos de RiseWell<\/span><b><\/b><\/h3><\/div>\n\n<p><strong><img decoding=\"async\" class=\"alignright wp-image-357892\" src=\"https:\/\/dutchhealthstore.com\/wp-content\/uploads\/2025\/09\/risewell-large.png\" alt=\"\" width=\"168\" height=\"60\" srcset=\"https:\/\/dutchhealthstore.com\/wp-content\/uploads\/2025\/09\/risewell-large.png 451w, https:\/\/dutchhealthstore.com\/wp-content\/uploads\/2025\/09\/risewell-large-140x50.png 140w, https:\/\/dutchhealthstore.com\/wp-content\/uploads\/2025\/09\/risewell-large-64x23.png 64w\" sizes=\"(max-width: 168px) 100vw, 168px\" \/>RiseWell<\/strong> red\u00e9finit les soins bucco-dentaires gr\u00e2ce \u00e0 la puissance de la nature et de la science. Au c\u0153ur de chaque formule se trouve l'<strong>hydroxyapatite<\/strong> \u2013 le m\u00eame min\u00e9ral qui compose 97 % de l'\u00e9mail de vos dents. Cet ingr\u00e9dient naturel et sans fluor renforce, remin\u00e9ralise et blanchit les dents de mani\u00e8re s\u00fbre et efficace.  <\/p>\n<p>D\u00e9velopp\u00e9e par des experts dentaires et soutenue par la recherche scientifique, RiseWell propose une collection compl\u00e8te d'essentiels de soins bucco-dentaires pour toute la famille \u2013 du <strong>dentifrice min\u00e9ral PRO<\/strong> pour les dents sensibles au <strong>dentifrice pour enfants<\/strong>, au <strong>bain de bouche alcalinisant<\/strong> et au <strong>fil dentaire sans t\u00e9flon<\/strong>.<\/p>\n<p>Chaque produit RiseWell est fabriqu\u00e9 avec des <strong>ingr\u00e9dients propres et non toxiques<\/strong> et est <strong>suffisamment s\u00fbr pour \u00eatre aval\u00e9<\/strong>, ce qui en fait un choix de confiance pour ceux qui veulent des r\u00e9sultats efficaces sans compromis.<\/p>\n<p>D\u00e9velopp\u00e9 par des dentistes, sans fluor et aliment\u00e9 par la nature \u2013 voil\u00e0 la diff\u00e9rence RiseWell.<\/p>\n\n\t\t<\/div>\n\t\t\t\t\t<\/div>\n\n\t\n\n<\/div>\n\n\t\t<\/div>\n\n\t\t\n<style>\n#section_293439639 {\n  padding-top: 30px;\n  padding-bottom: 30px;\n}\n<\/style>\n\t<\/section>\n\t\n<p>&nbsp;<\/p>\n<\/div>\n","protected":false},"excerpt":{"rendered":"<p>Rafra\u00eechissez votre sourire avec le go\u00fbt vif de la menthe sauvage tout en offrant \u00e0 vos dents les soins qu&rsquo;elles m\u00e9ritent.<\/p>\n","protected":false},"featured_media":357921,"comment_status":"open","ping_status":"closed","template":"","meta":[],"product_brand":[],"product_cat":[1037,1908,20902,1209,1030,21728,1010],"product_tag":[],"class_list":{"0":"post-357993","1":"product","2":"type-product","3":"status-publish","4":"has-post-thumbnail","6":"product_cat-hygiene-dentaire","7":"product_cat-new-additions-fr","8":"product_cat-new-additions-healthcare-fr","9":"product_cat-par-marques","10":"product_cat-par-produits","11":"product_cat-risewell-fr","12":"product_cat-notre-boutique","13":"pa_brand-risewell-fr","14":"pa_dental-care-product-type-toothpaste-fr","15":"pa_gtin-860001463507-fr","16":"pa_size-20-gr-fr","17":"pa_size-96-gr-fr","19":"first","20":"instock","21":"taxable","22":"shipping-taxable","23":"purchasable","24":"product-type-variable"},"bundled_by":[],"bundle_stock_status":"instock","bundle_stock_quantity":null,"bundle_virtual":false,"bundle_layout":"","bundle_add_to_cart_form_location":"","bundle_editable_in_cart":false,"bundle_sold_individually_context":"","bundle_item_grouping":"","bundle_min_size":"","bundle_max_size":"","bundle_price":[],"bundled_items":[],"bundle_sell_ids":[],"atum_controlled":true,"out_stock_date":null,"out_stock_threshold":null,"inheritable":true,"stock_on_hold":7,"sold_today":0,"sales_last_days":13,"out_stock_days":0,"lost_sales":0,"update_date":"2026-04-09T07:23:38","atum_locations":[],"atum_stock_status":"instock","restock_status":false,"low_stock_amount":"","sales_update_date":"2026-04-09T07:23:38","calc_backorders":null,"group_of_quantity":0,"min_quantity":0,"max_quantity":"","exclude_order_quantity_value_rules":"no","exclude_category_quantity_rules":"no","combine_variations":"no","yoast_head":"<!-- This site is optimized with the Yoast SEO Premium plugin v26.5 (Yoast SEO v26.5) - https:\/\/yoast.com\/wordpress\/plugins\/seo\/ -->\n<title>Natural Hydroxyapatite Toothpaste - Wild Mint - RiseWell<\/title>\n<meta name=\"description\" content=\"Rafra\u00eechissez votre sourire avec le go\u00fbt vif de la menthe sauvage tout en offrant \u00e0 vos dents les soins qu&#039;elles m\u00e9ritent.\" \/>\n<meta name=\"robots\" content=\"index, follow, max-snippet:-1, max-image-preview:large, max-video-preview:-1\" \/>\n<link rel=\"canonical\" href=\"https:\/\/dutchhealthstore.com\/fr\/product\/natural-hydroxyapatite-toothpaste-wild-mint\/\" \/>\n<meta property=\"og:locale\" content=\"fr_FR\" \/>\n<meta property=\"og:type\" content=\"article\" \/>\n<meta property=\"og:title\" content=\"Natural Hydroxyapatite Toothpaste - Wild Mint - Dutch Health Store\" \/>\n<meta property=\"og:description\" content=\"Rafra\u00eechissez votre sourire avec le go\u00fbt vif de la menthe sauvage tout en offrant \u00e0 vos dents les soins qu&#039;elles m\u00e9ritent.\" \/>\n<meta property=\"og:url\" content=\"https:\/\/dutchhealthstore.com\/fr\/product\/natural-hydroxyapatite-toothpaste-wild-mint\/\" \/>\n<meta property=\"og:site_name\" content=\"Dutch Health Store\" \/>\n<meta property=\"article:publisher\" content=\"https:\/\/www.instagram.com\/dutchhealthstore\/\" \/>\n<meta property=\"article:modified_time\" content=\"2026-04-09T07:23:53+00:00\" \/>\n<meta property=\"og:image\" content=\"https:\/\/dutchhealthstore.com\/wp-content\/uploads\/2025\/09\/natual-wild-mint.png\" \/>\n\t<meta property=\"og:image:width\" content=\"730\" \/>\n\t<meta property=\"og:image:height\" content=\"730\" \/>\n\t<meta property=\"og:image:type\" content=\"image\/png\" \/>\n<meta name=\"twitter:card\" content=\"summary_large_image\" \/>\n<meta name=\"twitter:label1\" content=\"Disponibilit\u00e9\" \/>\n\t<meta name=\"twitter:data1\" content=\"En stock\" \/>\n<script type=\"application\/ld+json\" class=\"yoast-schema-graph\">{\"@context\":\"https:\/\/schema.org\",\"@graph\":[{\"@type\":\"WebPage\",\"@id\":\"https:\/\/dutchhealthstore.com\/fr\/product\/natural-hydroxyapatite-toothpaste-wild-mint\/\",\"url\":\"https:\/\/dutchhealthstore.com\/fr\/product\/natural-hydroxyapatite-toothpaste-wild-mint\/\",\"name\":\"Natural Hydroxyapatite Toothpaste - Wild Mint - RiseWell\",\"isPartOf\":{\"@id\":\"https:\/\/dutchhealthstore.com\/fr\/#website\"},\"primaryImageOfPage\":{\"@id\":\"https:\/\/dutchhealthstore.com\/fr\/product\/natural-hydroxyapatite-toothpaste-wild-mint\/#primaryimage\"},\"image\":{\"@id\":\"https:\/\/dutchhealthstore.com\/fr\/product\/natural-hydroxyapatite-toothpaste-wild-mint\/#primaryimage\"},\"thumbnailUrl\":\"https:\/\/dutchhealthstore.com\/wp-content\/uploads\/2025\/09\/natual-wild-mint.png\",\"datePublished\":\"2025-09-29T10:30:41+00:00\",\"dateModified\":\"2026-04-09T07:23:53+00:00\",\"description\":\"Rafra\u00eechissez votre sourire avec le go\u00fbt vif de la menthe sauvage tout en offrant \u00e0 vos dents les soins qu'elles m\u00e9ritent.\",\"breadcrumb\":{\"@id\":\"https:\/\/dutchhealthstore.com\/fr\/product\/natural-hydroxyapatite-toothpaste-wild-mint\/#breadcrumb\"},\"inLanguage\":\"fr-FR\",\"potentialAction\":[{\"@type\":\"ReadAction\",\"target\":[\"https:\/\/dutchhealthstore.com\/fr\/product\/natural-hydroxyapatite-toothpaste-wild-mint\/\"]}]},{\"@type\":\"ImageObject\",\"inLanguage\":\"fr-FR\",\"@id\":\"https:\/\/dutchhealthstore.com\/fr\/product\/natural-hydroxyapatite-toothpaste-wild-mint\/#primaryimage\",\"url\":\"https:\/\/dutchhealthstore.com\/wp-content\/uploads\/2025\/09\/natual-wild-mint.png\",\"contentUrl\":\"https:\/\/dutchhealthstore.com\/wp-content\/uploads\/2025\/09\/natual-wild-mint.png\",\"width\":730,\"height\":730},{\"@type\":\"BreadcrumbList\",\"@id\":\"https:\/\/dutchhealthstore.com\/fr\/product\/natural-hydroxyapatite-toothpaste-wild-mint\/#breadcrumb\",\"itemListElement\":[{\"@type\":\"ListItem\",\"position\":1,\"name\":\"Home\",\"item\":\"https:\/\/dutchhealthstore.com\/fr\/\"},{\"@type\":\"ListItem\",\"position\":2,\"name\":\"Shop\",\"item\":\"https:\/\/dutchhealthstore.com\/fr\/shop\/\"},{\"@type\":\"ListItem\",\"position\":3,\"name\":\"Natural Hydroxyapatite Toothpaste &#8211; Wild Mint\"}]},{\"@type\":\"WebSite\",\"@id\":\"https:\/\/dutchhealthstore.com\/fr\/#website\",\"url\":\"https:\/\/dutchhealthstore.com\/fr\/\",\"name\":\"Dutch Health Store\",\"description\":\"Enhance Your Beauty with Organic &amp; Natural Skincare\",\"publisher\":{\"@id\":\"https:\/\/dutchhealthstore.com\/fr\/#organization\"},\"potentialAction\":[{\"@type\":\"SearchAction\",\"target\":{\"@type\":\"EntryPoint\",\"urlTemplate\":\"https:\/\/dutchhealthstore.com\/fr\/?s={search_term_string}\"},\"query-input\":{\"@type\":\"PropertyValueSpecification\",\"valueRequired\":true,\"valueName\":\"search_term_string\"}}],\"inLanguage\":\"fr-FR\"},{\"@type\":\"Organization\",\"@id\":\"https:\/\/dutchhealthstore.com\/fr\/#organization\",\"name\":\"Dutch Health Store\",\"url\":\"https:\/\/dutchhealthstore.com\/fr\/\",\"logo\":{\"@type\":\"ImageObject\",\"inLanguage\":\"fr-FR\",\"@id\":\"https:\/\/dutchhealthstore.com\/fr\/#\/schema\/logo\/image\/\",\"url\":\"https:\/\/dutchhealthstore.com\/wp-content\/uploads\/2020\/08\/logo-dutchhealthstore-jpg-e1599484957574.jpg\",\"contentUrl\":\"https:\/\/dutchhealthstore.com\/wp-content\/uploads\/2020\/08\/logo-dutchhealthstore-jpg-e1599484957574.jpg\",\"width\":400,\"height\":62,\"caption\":\"Dutch Health Store\"},\"image\":{\"@id\":\"https:\/\/dutchhealthstore.com\/fr\/#\/schema\/logo\/image\/\"},\"sameAs\":[\"https:\/\/www.instagram.com\/dutchhealthstore\/\",\"https:\/\/www.facebook.com\/dutchhealthstore\"]}]}<\/script>\n<meta property=\"product:brand\" content=\"RiseWell\" \/>\n<meta property=\"og:availability\" content=\"instock\" \/>\n<meta property=\"product:availability\" content=\"instock\" \/>\n<meta property=\"product:condition\" content=\"new\" \/>\n<!-- \/ Yoast SEO Premium plugin. -->","yoast_head_json":{"title":"Natural Hydroxyapatite Toothpaste - Wild Mint - RiseWell","description":"Rafra\u00eechissez votre sourire avec le go\u00fbt vif de la menthe sauvage tout en offrant \u00e0 vos dents les soins qu'elles m\u00e9ritent.","robots":{"index":"index","follow":"follow","max-snippet":"max-snippet:-1","max-image-preview":"max-image-preview:large","max-video-preview":"max-video-preview:-1"},"canonical":"https:\/\/dutchhealthstore.com\/fr\/product\/natural-hydroxyapatite-toothpaste-wild-mint\/","og_locale":"fr_FR","og_type":"article","og_title":"Natural Hydroxyapatite Toothpaste - Wild Mint - Dutch Health Store","og_description":"Rafra\u00eechissez votre sourire avec le go\u00fbt vif de la menthe sauvage tout en offrant \u00e0 vos dents les soins qu'elles m\u00e9ritent.","og_url":"https:\/\/dutchhealthstore.com\/fr\/product\/natural-hydroxyapatite-toothpaste-wild-mint\/","og_site_name":"Dutch Health Store","article_publisher":"https:\/\/www.instagram.com\/dutchhealthstore\/","article_modified_time":"2026-04-09T07:23:53+00:00","og_image":[{"width":730,"height":730,"url":"https:\/\/dutchhealthstore.com\/wp-content\/uploads\/2025\/09\/natual-wild-mint.png","type":"image\/png"}],"twitter_card":"summary_large_image","twitter_misc":{"Disponibilit\u00e9":"En stock"},"schema":{"@context":"https:\/\/schema.org","@graph":[{"@type":"WebPage","@id":"https:\/\/dutchhealthstore.com\/fr\/product\/natural-hydroxyapatite-toothpaste-wild-mint\/","url":"https:\/\/dutchhealthstore.com\/fr\/product\/natural-hydroxyapatite-toothpaste-wild-mint\/","name":"Natural Hydroxyapatite Toothpaste - Wild Mint - RiseWell","isPartOf":{"@id":"https:\/\/dutchhealthstore.com\/fr\/#website"},"primaryImageOfPage":{"@id":"https:\/\/dutchhealthstore.com\/fr\/product\/natural-hydroxyapatite-toothpaste-wild-mint\/#primaryimage"},"image":{"@id":"https:\/\/dutchhealthstore.com\/fr\/product\/natural-hydroxyapatite-toothpaste-wild-mint\/#primaryimage"},"thumbnailUrl":"https:\/\/dutchhealthstore.com\/wp-content\/uploads\/2025\/09\/natual-wild-mint.png","datePublished":"2025-09-29T10:30:41+00:00","dateModified":"2026-04-09T07:23:53+00:00","description":"Rafra\u00eechissez votre sourire avec le go\u00fbt vif de la menthe sauvage tout en offrant \u00e0 vos dents les soins qu'elles m\u00e9ritent.","breadcrumb":{"@id":"https:\/\/dutchhealthstore.com\/fr\/product\/natural-hydroxyapatite-toothpaste-wild-mint\/#breadcrumb"},"inLanguage":"fr-FR","potentialAction":[{"@type":"ReadAction","target":["https:\/\/dutchhealthstore.com\/fr\/product\/natural-hydroxyapatite-toothpaste-wild-mint\/"]}]},{"@type":"ImageObject","inLanguage":"fr-FR","@id":"https:\/\/dutchhealthstore.com\/fr\/product\/natural-hydroxyapatite-toothpaste-wild-mint\/#primaryimage","url":"https:\/\/dutchhealthstore.com\/wp-content\/uploads\/2025\/09\/natual-wild-mint.png","contentUrl":"https:\/\/dutchhealthstore.com\/wp-content\/uploads\/2025\/09\/natual-wild-mint.png","width":730,"height":730},{"@type":"BreadcrumbList","@id":"https:\/\/dutchhealthstore.com\/fr\/product\/natural-hydroxyapatite-toothpaste-wild-mint\/#breadcrumb","itemListElement":[{"@type":"ListItem","position":1,"name":"Home","item":"https:\/\/dutchhealthstore.com\/fr\/"},{"@type":"ListItem","position":2,"name":"Shop","item":"https:\/\/dutchhealthstore.com\/fr\/shop\/"},{"@type":"ListItem","position":3,"name":"Natural Hydroxyapatite Toothpaste &#8211; Wild Mint"}]},{"@type":"WebSite","@id":"https:\/\/dutchhealthstore.com\/fr\/#website","url":"https:\/\/dutchhealthstore.com\/fr\/","name":"Dutch Health Store","description":"Enhance Your Beauty with Organic &amp; Natural Skincare","publisher":{"@id":"https:\/\/dutchhealthstore.com\/fr\/#organization"},"potentialAction":[{"@type":"SearchAction","target":{"@type":"EntryPoint","urlTemplate":"https:\/\/dutchhealthstore.com\/fr\/?s={search_term_string}"},"query-input":{"@type":"PropertyValueSpecification","valueRequired":true,"valueName":"search_term_string"}}],"inLanguage":"fr-FR"},{"@type":"Organization","@id":"https:\/\/dutchhealthstore.com\/fr\/#organization","name":"Dutch Health Store","url":"https:\/\/dutchhealthstore.com\/fr\/","logo":{"@type":"ImageObject","inLanguage":"fr-FR","@id":"https:\/\/dutchhealthstore.com\/fr\/#\/schema\/logo\/image\/","url":"https:\/\/dutchhealthstore.com\/wp-content\/uploads\/2020\/08\/logo-dutchhealthstore-jpg-e1599484957574.jpg","contentUrl":"https:\/\/dutchhealthstore.com\/wp-content\/uploads\/2020\/08\/logo-dutchhealthstore-jpg-e1599484957574.jpg","width":400,"height":62,"caption":"Dutch Health Store"},"image":{"@id":"https:\/\/dutchhealthstore.com\/fr\/#\/schema\/logo\/image\/"},"sameAs":["https:\/\/www.instagram.com\/dutchhealthstore\/","https:\/\/www.facebook.com\/dutchhealthstore"]}]},"product_brand":"RiseWell","og_availability":"instock","product_availability":"instock","product_condition":"new"},"_links":{"self":[{"href":"https:\/\/dutchhealthstore.com\/fr\/wp-json\/wp\/v2\/product\/357993","targetHints":{"allow":["GET"]}}],"collection":[{"href":"https:\/\/dutchhealthstore.com\/fr\/wp-json\/wp\/v2\/product"}],"about":[{"href":"https:\/\/dutchhealthstore.com\/fr\/wp-json\/wp\/v2\/types\/product"}],"replies":[{"embeddable":true,"href":"https:\/\/dutchhealthstore.com\/fr\/wp-json\/wp\/v2\/comments?post=357993"}],"wp:featuredmedia":[{"embeddable":true,"href":"https:\/\/dutchhealthstore.com\/fr\/wp-json\/wp\/v2\/media\/357921"}],"wp:attachment":[{"href":"https:\/\/dutchhealthstore.com\/fr\/wp-json\/wp\/v2\/media?parent=357993"}],"wp:term":[{"taxonomy":"product_brand","embeddable":true,"href":"https:\/\/dutchhealthstore.com\/fr\/wp-json\/wp\/v2\/product_brand?post=357993"},{"taxonomy":"product_cat","embeddable":true,"href":"https:\/\/dutchhealthstore.com\/fr\/wp-json\/wp\/v2\/product_cat?post=357993"},{"taxonomy":"product_tag","embeddable":true,"href":"https:\/\/dutchhealthstore.com\/fr\/wp-json\/wp\/v2\/product_tag?post=357993"}],"curies":[{"name":"wp","href":"https:\/\/api.w.org\/{rel}","templated":true}]}}