{"id":357988,"date":"2025-09-30T11:55:42","date_gmt":"2025-09-30T09:55:42","guid":{"rendered":"https:\/\/dutchhealthstore.com\/product\/balancing-mouthwash\/"},"modified":"2026-04-07T14:57:01","modified_gmt":"2026-04-07T12:57:01","slug":"balancing-mouthwash","status":"publish","type":"product","link":"https:\/\/dutchhealthstore.com\/fr\/product\/balancing-mouthwash\/","title":{"rendered":"Balancing Mouthwash"},"content":{"rendered":"<p>Avec son go\u00fbt rafra\u00eechissant de menthe et sa formule propre et non toxique, c&rsquo;est le rince-bouche quotidien id\u00e9al pour tous ceux qui cherchent \u00e0 favoriser une sant\u00e9 bucco-dentaire \u00e0 long terme sans ingr\u00e9dients agressifs.<\/p>\n<h3>Principaux avantages<\/h3>\n<ul>\n<li>Renforce l&rsquo;\u00e9mail gr\u00e2ce \u00e0 l&rsquo;hydroxyapatite<\/li>\n<li>Favorise une flore bact\u00e9rienne buccale saine et \u00e9quilibre le pH de la bouche<\/li>\n<li>Sans alcool et sans fluorure<\/li>\n<li>Apaise les gencives et rafra\u00eechit l&rsquo;haleine<\/li>\n<li>S\u00fbr pour un usage quotidien et adapt\u00e9 \u00e0 toute la famille<\/li>\n<\/ul>\n<h3>Mode d&#8217;emploi<\/h3>\n<p>Agitez doucement avant utilisation. Rincez la bouche avec 1 \u00e0 2 cuill\u00e8res \u00e0 soupe pendant 30 secondes, puis crachez. Utilisez matin et soir apr\u00e8s le brossage.  <\/p>\n<h2>Contenance : 474 ml<\/h2>\n<h2>Natural\/Organic Ingredients<\/h2>\n<p>Eau, xylitol, glyc\u00e9rine v\u00e9g\u00e9tale, hydroxyapatite, bicarbonate de sodium, ar\u00f4me naturel de menthe, jus de feuille d&rsquo;aloe vera, benzoate de sodium, sorbate de potassium, acide citrique<\/p>\n<h4>Propre, efficace et valid\u00e9 scientifiquement.<\/h4>\n<p>Le bain de bouche \u00e9quilibrant RiseWell est d\u00e9velopp\u00e9 par des dentistes et fabriqu\u00e9 sans fluorure, alcool, parab\u00e8nes, sulfates ou colorants artificiels \u2014 uniquement des ingr\u00e9dients purs et efficaces qui favorisent un sourire plus sain.<\/p>\n\n\t<section class=\"section\" id=\"section_261049249\">\n\t\t<div class=\"section-bg fill\" >\n\t\t\t\t\t\t\t\t\t\n\t\t\t\n\n\t\t<\/div>\n\n\t\t\n\n\t\t<div class=\"section-content relative\">\n\t\t\t\n\n<div class=\"row\"  id=\"row-1787105471\">\n\n\n\t<div id=\"col-721089093\" class=\"col small-12 large-12\"  >\n\t\t\t\t<div class=\"col-inner\"  >\n\t\t\t\n\t\t\t\n\n<div class=\"container section-title-container\" ><h3 class=\"section-title section-title-normal\"><b><\/b><span class=\"section-title-main\" >\u00c0 propos de RiseWell<\/span><b><\/b><\/h3><\/div>\n\n<p><strong><img decoding=\"async\" class=\"alignright wp-image-357892\" src=\"https:\/\/dutchhealthstore.com\/wp-content\/uploads\/2025\/09\/risewell-large.png\" alt=\"\" width=\"168\" height=\"60\" srcset=\"https:\/\/dutchhealthstore.com\/wp-content\/uploads\/2025\/09\/risewell-large.png 451w, https:\/\/dutchhealthstore.com\/wp-content\/uploads\/2025\/09\/risewell-large-140x50.png 140w, https:\/\/dutchhealthstore.com\/wp-content\/uploads\/2025\/09\/risewell-large-64x23.png 64w\" sizes=\"(max-width: 168px) 100vw, 168px\" \/>RiseWell<\/strong> red\u00e9finit les soins bucco-dentaires gr\u00e2ce \u00e0 la puissance de la nature et de la science. Au c\u0153ur de chaque formule se trouve l'<strong>hydroxyapatite<\/strong> \u2013 le m\u00eame min\u00e9ral qui compose 97 % de l'\u00e9mail de vos dents. Cet ingr\u00e9dient naturel et sans fluor renforce, remin\u00e9ralise et blanchit les dents de mani\u00e8re s\u00fbre et efficace.  <\/p>\n<p>D\u00e9velopp\u00e9e par des experts dentaires et soutenue par la recherche scientifique, RiseWell propose une collection compl\u00e8te d'essentiels de soins bucco-dentaires pour toute la famille \u2013 du <strong>dentifrice min\u00e9ral PRO<\/strong> pour les dents sensibles au <strong>dentifrice pour enfants<\/strong>, au <strong>bain de bouche alcalinisant<\/strong> et au <strong>fil dentaire sans t\u00e9flon<\/strong>.<\/p>\n<p>Chaque produit RiseWell est fabriqu\u00e9 avec des <strong>ingr\u00e9dients propres et non toxiques<\/strong> et est <strong>suffisamment s\u00fbr pour \u00eatre aval\u00e9<\/strong>, ce qui en fait un choix de confiance pour ceux qui veulent des r\u00e9sultats efficaces sans compromis.<\/p>\n<p>D\u00e9velopp\u00e9 par des dentistes, sans fluor et aliment\u00e9 par la nature \u2013 voil\u00e0 la diff\u00e9rence RiseWell.<\/p>\n\n\t\t<\/div>\n\t\t\t\t\t<\/div>\n\n\t\n\n<\/div>\n\n\t\t<\/div>\n\n\t\t\n<style>\n#section_261049249 {\n  padding-top: 30px;\n  padding-bottom: 30px;\n}\n<\/style>\n\t<\/section>\n\t\n","protected":false},"excerpt":{"rendered":"<p>Le <strong>bain de bouche \u00e9quilibrant<\/strong> de RiseWell est une formule sans fluorure et sans alcool qui fait plus que simplement rafra\u00eechir votre haleine \u2014 il soutient votre microbiome buccal et aide \u00e0 maintenir un \u00e9quilibre du pH sain dans la bouche. Enrichi en <strong>hydroxyapatite<\/strong> (un ingr\u00e9dient naturel qui reconstruit l&rsquo;\u00e9mail) et en xylitol, ce bain de bouche doux renforce les dents, apaise les gencives et prot\u00e8ge contre les bact\u00e9ries nocives \u2014 le tout sans perturber les bonnes bact\u00e9ries. <\/p>\n","protected":false},"featured_media":357913,"comment_status":"open","ping_status":"closed","template":"","meta":[],"product_brand":[],"product_cat":[1037,1209,1030,21728,1010],"product_tag":[4456],"class_list":{"0":"post-357988","1":"product","2":"type-product","3":"status-publish","4":"has-post-thumbnail","6":"product_cat-hygiene-dentaire","7":"product_cat-par-marques","8":"product_cat-par-produits","9":"product_cat-risewell-fr","10":"product_cat-notre-boutique","11":"product_tag-dental-care-fr","12":"pa_brand-risewell-fr","13":"pa_dental-care-product-type-other-tools-fr","14":"pa_dental-care-product-type-gum-care-fr","15":"pa_gtin-860001463514-fr","16":"pa_size-16-oz-474-ml-fr-2","18":"first","19":"instock","20":"taxable","21":"shipping-taxable","22":"purchasable","23":"product-type-simple"},"bundled_by":[],"bundle_stock_status":"instock","bundle_stock_quantity":12,"bundle_virtual":false,"bundle_layout":"","bundle_add_to_cart_form_location":"","bundle_editable_in_cart":false,"bundle_sold_individually_context":"","bundle_item_grouping":"","bundle_min_size":"","bundle_max_size":"","bundle_price":[],"bundled_items":[],"bundle_sell_ids":[357982],"atum_controlled":true,"out_stock_date":null,"out_stock_threshold":null,"inheritable":false,"stock_on_hold":0,"sold_today":0,"sales_last_days":1,"out_stock_days":0,"lost_sales":0,"update_date":"2026-05-03T14:48:33","atum_locations":[],"atum_stock_status":"instock","restock_status":false,"low_stock_amount":"","sales_update_date":"2026-05-03T14:48:33","calc_backorders":null,"group_of_quantity":0,"min_quantity":0,"max_quantity":"","exclude_order_quantity_value_rules":"no","exclude_category_quantity_rules":"no","combine_variations":"no","yoast_head":"<!-- This site is optimized with the Yoast SEO Premium plugin v26.5 (Yoast SEO v26.5) - https:\/\/yoast.com\/wordpress\/plugins\/seo\/ -->\n<title>Balancing Mouthwash - RiseWell<\/title>\n<meta name=\"description\" content=\"Renforcez l&#039;\u00e9mail et \u00e9quilibrez le pH buccal avec le Balancing Mouthwash de RiseWell \u2013 sans fluorure, sans alcool et enrichi en hydroxyapatite.\" \/>\n<meta name=\"robots\" content=\"index, follow, max-snippet:-1, max-image-preview:large, max-video-preview:-1\" \/>\n<link rel=\"canonical\" href=\"https:\/\/dutchhealthstore.com\/fr\/product\/balancing-mouthwash\/\" \/>\n<meta property=\"og:locale\" content=\"fr_FR\" \/>\n<meta property=\"og:type\" content=\"article\" \/>\n<meta property=\"og:title\" content=\"Balancing Mouthwash - Dutch Health Store\" \/>\n<meta property=\"og:description\" content=\"Renforcez l&#039;\u00e9mail et \u00e9quilibrez le pH buccal avec le Balancing Mouthwash de RiseWell \u2013 sans fluorure, sans alcool et enrichi en hydroxyapatite.\" \/>\n<meta property=\"og:url\" content=\"https:\/\/dutchhealthstore.com\/fr\/product\/balancing-mouthwash\/\" \/>\n<meta property=\"og:site_name\" content=\"Dutch Health Store\" \/>\n<meta property=\"article:publisher\" content=\"https:\/\/www.instagram.com\/dutchhealthstore\/\" \/>\n<meta property=\"article:modified_time\" content=\"2026-04-07T12:57:01+00:00\" \/>\n<meta property=\"og:image\" content=\"https:\/\/dutchhealthstore.com\/wp-content\/uploads\/2025\/09\/mouthwash.png\" \/>\n\t<meta property=\"og:image:width\" content=\"730\" \/>\n\t<meta property=\"og:image:height\" content=\"730\" \/>\n\t<meta property=\"og:image:type\" content=\"image\/png\" \/>\n<meta name=\"twitter:card\" content=\"summary_large_image\" \/>\n<meta name=\"twitter:label1\" content=\"Prix\" \/>\n\t<meta name=\"twitter:data1\" content=\"&euro;24,95\" \/>\n\t<meta name=\"twitter:label2\" content=\"Disponibilit\u00e9\" \/>\n\t<meta name=\"twitter:data2\" content=\"En stock\" \/>\n<script type=\"application\/ld+json\" class=\"yoast-schema-graph\">{\"@context\":\"https:\/\/schema.org\",\"@graph\":[{\"@type\":\"WebPage\",\"@id\":\"https:\/\/dutchhealthstore.com\/fr\/product\/balancing-mouthwash\/\",\"url\":\"https:\/\/dutchhealthstore.com\/fr\/product\/balancing-mouthwash\/\",\"name\":\"Balancing Mouthwash - RiseWell\",\"isPartOf\":{\"@id\":\"https:\/\/dutchhealthstore.com\/fr\/#website\"},\"primaryImageOfPage\":{\"@id\":\"https:\/\/dutchhealthstore.com\/fr\/product\/balancing-mouthwash\/#primaryimage\"},\"image\":{\"@id\":\"https:\/\/dutchhealthstore.com\/fr\/product\/balancing-mouthwash\/#primaryimage\"},\"thumbnailUrl\":\"https:\/\/dutchhealthstore.com\/wp-content\/uploads\/2025\/09\/mouthwash.png\",\"datePublished\":\"2025-09-30T09:55:42+00:00\",\"dateModified\":\"2026-04-07T12:57:01+00:00\",\"description\":\"Renforcez l'\u00e9mail et \u00e9quilibrez le pH buccal avec le Balancing Mouthwash de RiseWell \u2013 sans fluorure, sans alcool et enrichi en hydroxyapatite.\",\"breadcrumb\":{\"@id\":\"https:\/\/dutchhealthstore.com\/fr\/product\/balancing-mouthwash\/#breadcrumb\"},\"inLanguage\":\"fr-FR\",\"potentialAction\":[{\"@type\":\"ReadAction\",\"target\":[\"https:\/\/dutchhealthstore.com\/fr\/product\/balancing-mouthwash\/\"]}]},{\"@type\":\"ImageObject\",\"inLanguage\":\"fr-FR\",\"@id\":\"https:\/\/dutchhealthstore.com\/fr\/product\/balancing-mouthwash\/#primaryimage\",\"url\":\"https:\/\/dutchhealthstore.com\/wp-content\/uploads\/2025\/09\/mouthwash.png\",\"contentUrl\":\"https:\/\/dutchhealthstore.com\/wp-content\/uploads\/2025\/09\/mouthwash.png\",\"width\":730,\"height\":730},{\"@type\":\"BreadcrumbList\",\"@id\":\"https:\/\/dutchhealthstore.com\/fr\/product\/balancing-mouthwash\/#breadcrumb\",\"itemListElement\":[{\"@type\":\"ListItem\",\"position\":1,\"name\":\"Home\",\"item\":\"https:\/\/dutchhealthstore.com\/fr\/\"},{\"@type\":\"ListItem\",\"position\":2,\"name\":\"Shop\",\"item\":\"https:\/\/dutchhealthstore.com\/fr\/shop\/\"},{\"@type\":\"ListItem\",\"position\":3,\"name\":\"Balancing Mouthwash\"}]},{\"@type\":\"WebSite\",\"@id\":\"https:\/\/dutchhealthstore.com\/fr\/#website\",\"url\":\"https:\/\/dutchhealthstore.com\/fr\/\",\"name\":\"Dutch Health Store\",\"description\":\"Enhance Your Beauty with Organic &amp; Natural Skincare\",\"publisher\":{\"@id\":\"https:\/\/dutchhealthstore.com\/fr\/#organization\"},\"potentialAction\":[{\"@type\":\"SearchAction\",\"target\":{\"@type\":\"EntryPoint\",\"urlTemplate\":\"https:\/\/dutchhealthstore.com\/fr\/?s={search_term_string}\"},\"query-input\":{\"@type\":\"PropertyValueSpecification\",\"valueRequired\":true,\"valueName\":\"search_term_string\"}}],\"inLanguage\":\"fr-FR\"},{\"@type\":\"Organization\",\"@id\":\"https:\/\/dutchhealthstore.com\/fr\/#organization\",\"name\":\"Dutch Health Store\",\"url\":\"https:\/\/dutchhealthstore.com\/fr\/\",\"logo\":{\"@type\":\"ImageObject\",\"inLanguage\":\"fr-FR\",\"@id\":\"https:\/\/dutchhealthstore.com\/fr\/#\/schema\/logo\/image\/\",\"url\":\"https:\/\/dutchhealthstore.com\/wp-content\/uploads\/2020\/08\/logo-dutchhealthstore-jpg-e1599484957574.jpg\",\"contentUrl\":\"https:\/\/dutchhealthstore.com\/wp-content\/uploads\/2020\/08\/logo-dutchhealthstore-jpg-e1599484957574.jpg\",\"width\":400,\"height\":62,\"caption\":\"Dutch Health Store\"},\"image\":{\"@id\":\"https:\/\/dutchhealthstore.com\/fr\/#\/schema\/logo\/image\/\"},\"sameAs\":[\"https:\/\/www.instagram.com\/dutchhealthstore\/\",\"https:\/\/www.facebook.com\/dutchhealthstore\"]}]}<\/script>\n<meta property=\"product:brand\" content=\"RiseWell\" \/>\n<meta property=\"product:price:amount\" content=\"24.95\" \/>\n<meta property=\"product:price:currency\" content=\"EUR\" \/>\n<meta property=\"og:availability\" content=\"instock\" \/>\n<meta property=\"product:availability\" content=\"instock\" \/>\n<meta property=\"product:retailer_item_id\" content=\"RISE_02\" \/>\n<meta property=\"product:condition\" content=\"new\" \/>\n<!-- \/ Yoast SEO Premium plugin. -->","yoast_head_json":{"title":"Balancing Mouthwash - RiseWell","description":"Renforcez l'\u00e9mail et \u00e9quilibrez le pH buccal avec le Balancing Mouthwash de RiseWell \u2013 sans fluorure, sans alcool et enrichi en hydroxyapatite.","robots":{"index":"index","follow":"follow","max-snippet":"max-snippet:-1","max-image-preview":"max-image-preview:large","max-video-preview":"max-video-preview:-1"},"canonical":"https:\/\/dutchhealthstore.com\/fr\/product\/balancing-mouthwash\/","og_locale":"fr_FR","og_type":"article","og_title":"Balancing Mouthwash - Dutch Health Store","og_description":"Renforcez l'\u00e9mail et \u00e9quilibrez le pH buccal avec le Balancing Mouthwash de RiseWell \u2013 sans fluorure, sans alcool et enrichi en hydroxyapatite.","og_url":"https:\/\/dutchhealthstore.com\/fr\/product\/balancing-mouthwash\/","og_site_name":"Dutch Health Store","article_publisher":"https:\/\/www.instagram.com\/dutchhealthstore\/","article_modified_time":"2026-04-07T12:57:01+00:00","og_image":[{"width":730,"height":730,"url":"https:\/\/dutchhealthstore.com\/wp-content\/uploads\/2025\/09\/mouthwash.png","type":"image\/png"}],"twitter_card":"summary_large_image","twitter_misc":{"Prix":"&euro;24,95","Disponibilit\u00e9":"En stock"},"schema":{"@context":"https:\/\/schema.org","@graph":[{"@type":"WebPage","@id":"https:\/\/dutchhealthstore.com\/fr\/product\/balancing-mouthwash\/","url":"https:\/\/dutchhealthstore.com\/fr\/product\/balancing-mouthwash\/","name":"Balancing Mouthwash - RiseWell","isPartOf":{"@id":"https:\/\/dutchhealthstore.com\/fr\/#website"},"primaryImageOfPage":{"@id":"https:\/\/dutchhealthstore.com\/fr\/product\/balancing-mouthwash\/#primaryimage"},"image":{"@id":"https:\/\/dutchhealthstore.com\/fr\/product\/balancing-mouthwash\/#primaryimage"},"thumbnailUrl":"https:\/\/dutchhealthstore.com\/wp-content\/uploads\/2025\/09\/mouthwash.png","datePublished":"2025-09-30T09:55:42+00:00","dateModified":"2026-04-07T12:57:01+00:00","description":"Renforcez l'\u00e9mail et \u00e9quilibrez le pH buccal avec le Balancing Mouthwash de RiseWell \u2013 sans fluorure, sans alcool et enrichi en hydroxyapatite.","breadcrumb":{"@id":"https:\/\/dutchhealthstore.com\/fr\/product\/balancing-mouthwash\/#breadcrumb"},"inLanguage":"fr-FR","potentialAction":[{"@type":"ReadAction","target":["https:\/\/dutchhealthstore.com\/fr\/product\/balancing-mouthwash\/"]}]},{"@type":"ImageObject","inLanguage":"fr-FR","@id":"https:\/\/dutchhealthstore.com\/fr\/product\/balancing-mouthwash\/#primaryimage","url":"https:\/\/dutchhealthstore.com\/wp-content\/uploads\/2025\/09\/mouthwash.png","contentUrl":"https:\/\/dutchhealthstore.com\/wp-content\/uploads\/2025\/09\/mouthwash.png","width":730,"height":730},{"@type":"BreadcrumbList","@id":"https:\/\/dutchhealthstore.com\/fr\/product\/balancing-mouthwash\/#breadcrumb","itemListElement":[{"@type":"ListItem","position":1,"name":"Home","item":"https:\/\/dutchhealthstore.com\/fr\/"},{"@type":"ListItem","position":2,"name":"Shop","item":"https:\/\/dutchhealthstore.com\/fr\/shop\/"},{"@type":"ListItem","position":3,"name":"Balancing Mouthwash"}]},{"@type":"WebSite","@id":"https:\/\/dutchhealthstore.com\/fr\/#website","url":"https:\/\/dutchhealthstore.com\/fr\/","name":"Dutch Health Store","description":"Enhance Your Beauty with Organic &amp; Natural Skincare","publisher":{"@id":"https:\/\/dutchhealthstore.com\/fr\/#organization"},"potentialAction":[{"@type":"SearchAction","target":{"@type":"EntryPoint","urlTemplate":"https:\/\/dutchhealthstore.com\/fr\/?s={search_term_string}"},"query-input":{"@type":"PropertyValueSpecification","valueRequired":true,"valueName":"search_term_string"}}],"inLanguage":"fr-FR"},{"@type":"Organization","@id":"https:\/\/dutchhealthstore.com\/fr\/#organization","name":"Dutch Health Store","url":"https:\/\/dutchhealthstore.com\/fr\/","logo":{"@type":"ImageObject","inLanguage":"fr-FR","@id":"https:\/\/dutchhealthstore.com\/fr\/#\/schema\/logo\/image\/","url":"https:\/\/dutchhealthstore.com\/wp-content\/uploads\/2020\/08\/logo-dutchhealthstore-jpg-e1599484957574.jpg","contentUrl":"https:\/\/dutchhealthstore.com\/wp-content\/uploads\/2020\/08\/logo-dutchhealthstore-jpg-e1599484957574.jpg","width":400,"height":62,"caption":"Dutch Health Store"},"image":{"@id":"https:\/\/dutchhealthstore.com\/fr\/#\/schema\/logo\/image\/"},"sameAs":["https:\/\/www.instagram.com\/dutchhealthstore\/","https:\/\/www.facebook.com\/dutchhealthstore"]}]},"product_brand":"RiseWell","product_price_amount":"24.95","product_price_currency":"EUR","og_availability":"instock","product_availability":"instock","product_retailer_item_id":"RISE_02","product_condition":"new"},"_links":{"self":[{"href":"https:\/\/dutchhealthstore.com\/fr\/wp-json\/wp\/v2\/product\/357988","targetHints":{"allow":["GET"]}}],"collection":[{"href":"https:\/\/dutchhealthstore.com\/fr\/wp-json\/wp\/v2\/product"}],"about":[{"href":"https:\/\/dutchhealthstore.com\/fr\/wp-json\/wp\/v2\/types\/product"}],"replies":[{"embeddable":true,"href":"https:\/\/dutchhealthstore.com\/fr\/wp-json\/wp\/v2\/comments?post=357988"}],"wp:featuredmedia":[{"embeddable":true,"href":"https:\/\/dutchhealthstore.com\/fr\/wp-json\/wp\/v2\/media\/357913"}],"wp:attachment":[{"href":"https:\/\/dutchhealthstore.com\/fr\/wp-json\/wp\/v2\/media?parent=357988"}],"wp:term":[{"taxonomy":"product_brand","embeddable":true,"href":"https:\/\/dutchhealthstore.com\/fr\/wp-json\/wp\/v2\/product_brand?post=357988"},{"taxonomy":"product_cat","embeddable":true,"href":"https:\/\/dutchhealthstore.com\/fr\/wp-json\/wp\/v2\/product_cat?post=357988"},{"taxonomy":"product_tag","embeddable":true,"href":"https:\/\/dutchhealthstore.com\/fr\/wp-json\/wp\/v2\/product_tag?post=357988"}],"curies":[{"name":"wp","href":"https:\/\/api.w.org\/{rel}","templated":true}]}}