{"id":357982,"date":"2025-09-30T12:02:47","date_gmt":"2025-09-30T10:02:47","guid":{"rendered":"https:\/\/dutchhealthstore.com\/product\/a-ha-mints\/"},"modified":"2026-04-09T11:21:07","modified_gmt":"2026-04-09T09:21:07","slug":"a-ha-mints","status":"publish","type":"product","link":"https:\/\/dutchhealthstore.com\/fr\/product\/a-ha-mints\/","title":{"rendered":"a-HA Mints"},"content":{"rendered":"<p>Contrairement aux pastilles classiques qui masquent les odeurs avec du sucre ou des ingr\u00e9dients artificiels, la formule de RiseWell est exempte de fluor, d&rsquo;alcool et de produits chimiques agressifs, ce qui la rend s\u00fbre, efficace et 100 % propre.<\/p>\n<h3>Principaux avantages<\/h3>\n<ul>\n<li>Rafra\u00eechit instantan\u00e9ment l&rsquo;haleine sans sucre ni \u00e9dulcorants artificiels<\/li>\n<li>Aide \u00e0 r\u00e9\u00e9quilibrer le pH buccal pour soutenir l&rsquo;\u00e9mail et les bact\u00e9ries saines<\/li>\n<li>Utilise des AHA pour nettoyer et prot\u00e9ger d\u00e9licatement la bouche<\/li>\n<li>Formule propre, sans fluor, sans alcool et non toxique<\/li>\n<\/ul>\n<h3>Mode d&#8217;emploi<\/h3>\n<p>Prenez une pastille apr\u00e8s les repas, avant les r\u00e9unions ou chaque fois que vous avez besoin d&rsquo;une sensation de propret\u00e9 et de fra\u00eecheur. Peut \u00eatre utilis\u00e9 quotidiennement en toute s\u00e9curit\u00e9. <\/p>\n<h2>Taille&nbsp;: 30&nbsp;pastilles<\/h2>\n<h2>Natural\/Organic Ingredients<\/h2>\n<ul>\n<li>Xylitol (de bouleau)<\/li>\n<li>Acide malique (de pommes)<\/li>\n<li>Acide tartrique (de raisins)<\/li>\n<li>Ar\u00f4me naturel de menthe<\/li>\n<li>Carbonate de calcium<\/li>\n<li>Extrait de feuille de st\u00e9via<\/li>\n<li>St\u00e9arate de magn\u00e9sium v\u00e9g\u00e9tal<\/li>\n<li>Silice<\/li>\n<\/ul>\n<h4>Sans danger pour les enfants et les adultes. Recommand\u00e9 par les dentistes. Facile \u00e0 transporter.  <\/h4>\n<p>Les pastilles AHA de RiseWell sont le moyen id\u00e9al pour se rafra\u00eechir en d\u00e9placement, tout en favorisant votre bien-\u00eatre bucco-dentaire \u00e0 long terme.<\/p>\n\n\t<section class=\"section\" id=\"section_377418529\">\n\t\t<div class=\"section-bg fill\" >\n\t\t\t\t\t\t\t\t\t\n\t\t\t\n\n\t\t<\/div>\n\n\t\t\n\n\t\t<div class=\"section-content relative\">\n\t\t\t\n\n<div class=\"row\"  id=\"row-499544772\">\n\n\n\t<div id=\"col-505860476\" class=\"col small-12 large-12\"  >\n\t\t\t\t<div class=\"col-inner\"  >\n\t\t\t\n\t\t\t\n\n<div class=\"container section-title-container\" ><h3 class=\"section-title section-title-normal\"><b><\/b><span class=\"section-title-main\" >\u00c0 propos de RiseWell<\/span><b><\/b><\/h3><\/div>\n\n<p><strong><img decoding=\"async\" class=\"alignright wp-image-357892\" src=\"https:\/\/dutchhealthstore.com\/wp-content\/uploads\/2025\/09\/risewell-large.png\" alt=\"\" width=\"168\" height=\"60\" srcset=\"https:\/\/dutchhealthstore.com\/wp-content\/uploads\/2025\/09\/risewell-large.png 451w, https:\/\/dutchhealthstore.com\/wp-content\/uploads\/2025\/09\/risewell-large-140x50.png 140w, https:\/\/dutchhealthstore.com\/wp-content\/uploads\/2025\/09\/risewell-large-64x23.png 64w\" sizes=\"(max-width: 168px) 100vw, 168px\" \/>RiseWell<\/strong> red\u00e9finit les soins bucco-dentaires gr\u00e2ce \u00e0 la puissance de la nature et de la science. Au c\u0153ur de chaque formule se trouve l'<strong>hydroxyapatite<\/strong> \u2013 le m\u00eame min\u00e9ral qui compose 97 % de l'\u00e9mail de vos dents. Cet ingr\u00e9dient naturel et sans fluor renforce, remin\u00e9ralise et blanchit les dents de mani\u00e8re s\u00fbre et efficace.  <\/p>\n<p>D\u00e9velopp\u00e9e par des experts dentaires et soutenue par la recherche scientifique, RiseWell propose une collection compl\u00e8te d'essentiels de soins bucco-dentaires pour toute la famille \u2013 du <strong>dentifrice min\u00e9ral PRO<\/strong> pour les dents sensibles au <strong>dentifrice pour enfants<\/strong>, au <strong>bain de bouche alcalinisant<\/strong> et au <strong>fil dentaire sans t\u00e9flon<\/strong>.<\/p>\n<p>Chaque produit RiseWell est fabriqu\u00e9 avec des <strong>ingr\u00e9dients propres et non toxiques<\/strong> et est <strong>suffisamment s\u00fbr pour \u00eatre aval\u00e9<\/strong>, ce qui en fait un choix de confiance pour ceux qui veulent des r\u00e9sultats efficaces sans compromis.<\/p>\n<p>D\u00e9velopp\u00e9 par des dentistes, sans fluor et aliment\u00e9 par la nature \u2013 voil\u00e0 la diff\u00e9rence RiseWell.<\/p>\n\n\t\t<\/div>\n\t\t\t\t\t<\/div>\n\n\t\n\n<\/div>\n\n\t\t<\/div>\n\n\t\t\n<style>\n#section_377418529 {\n  padding-top: 30px;\n  padding-bottom: 30px;\n}\n<\/style>\n\t<\/section>\n\t\n","protected":false},"excerpt":{"rendered":"<p>Une haleine fra\u00eeche associ\u00e9e \u00e0 un soin fonctionnel. Les <strong>pastilles AHA<\/strong> de RiseWell sont plus que de simples rafra\u00eechisseurs d&rsquo;haleine&nbsp;: elles sont scientifiquement formul\u00e9es pour favoriser la sant\u00e9 bucco-dentaire de l&rsquo;int\u00e9rieur. Aliment\u00e9es par des <strong>alpha-hydroxyacides (AHA) d\u00e9riv\u00e9s de fruits<\/strong>, ces pastilles r\u00e9\u00e9quilibrent en douceur le pH de la bouche, soutiennent l&rsquo;\u00e9mail sain et aident \u00e0 maintenir une sensation de propret\u00e9 et de fra\u00eecheur tout au long de la journ\u00e9e.  <\/p>\n","protected":false},"featured_media":357938,"comment_status":"open","ping_status":"closed","template":"","meta":[],"product_brand":[],"product_cat":[1037,1209,1030,21728,1010],"product_tag":[4456],"class_list":{"0":"post-357982","1":"product","2":"type-product","3":"status-publish","4":"has-post-thumbnail","6":"product_cat-hygiene-dentaire","7":"product_cat-par-marques","8":"product_cat-par-produits","9":"product_cat-risewell-fr","10":"product_cat-notre-boutique","11":"product_tag-dental-care-fr","12":"pa_brand-risewell-fr","13":"pa_dental-care-product-type-other-tools-fr","14":"pa_dental-care-product-type-toothpaste-fr","15":"pa_gtin-860001463590-fr","16":"pa_size-30-pastilles","18":"first","19":"instock","20":"taxable","21":"shipping-taxable","22":"purchasable","23":"product-type-simple"},"bundled_by":[],"bundle_stock_status":"instock","bundle_stock_quantity":10,"bundle_virtual":false,"bundle_layout":"","bundle_add_to_cart_form_location":"","bundle_editable_in_cart":false,"bundle_sold_individually_context":"","bundle_item_grouping":"","bundle_min_size":"","bundle_max_size":"","bundle_price":[],"bundled_items":[],"bundle_sell_ids":[],"atum_controlled":true,"out_stock_date":null,"out_stock_threshold":null,"inheritable":false,"stock_on_hold":2,"sold_today":0,"sales_last_days":1,"out_stock_days":0,"lost_sales":0,"update_date":"2026-04-09T09:21:11","atum_locations":[],"atum_stock_status":"instock","restock_status":false,"low_stock_amount":"","sales_update_date":"2026-04-09T09:17:19","calc_backorders":null,"group_of_quantity":0,"min_quantity":0,"max_quantity":"","exclude_order_quantity_value_rules":"no","exclude_category_quantity_rules":"no","combine_variations":"no","yoast_head":"<!-- This site is optimized with the Yoast SEO Premium plugin v26.5 (Yoast SEO v26.5) - https:\/\/yoast.com\/wordpress\/plugins\/seo\/ -->\n<title>a-HA Mints - RiseWell<\/title>\n<meta name=\"description\" content=\"Pastilles RiseWell a-HA Mints : haleine fra\u00eeche et bouche saine, sans sucre ni fluor, \u00e9quilibre le pH.\" \/>\n<meta name=\"robots\" content=\"index, follow, max-snippet:-1, max-image-preview:large, max-video-preview:-1\" \/>\n<link rel=\"canonical\" href=\"https:\/\/dutchhealthstore.com\/fr\/product\/a-ha-mints\/\" \/>\n<meta property=\"og:locale\" content=\"fr_FR\" \/>\n<meta property=\"og:type\" content=\"article\" \/>\n<meta property=\"og:title\" content=\"a-HA Mints - Dutch Health Store\" \/>\n<meta property=\"og:description\" content=\"Pastilles RiseWell a-HA Mints : haleine fra\u00eeche et bouche saine, sans sucre ni fluor, \u00e9quilibre le pH.\" \/>\n<meta property=\"og:url\" content=\"https:\/\/dutchhealthstore.com\/fr\/product\/a-ha-mints\/\" \/>\n<meta property=\"og:site_name\" content=\"Dutch Health Store\" \/>\n<meta property=\"article:publisher\" content=\"https:\/\/www.instagram.com\/dutchhealthstore\/\" \/>\n<meta property=\"article:modified_time\" content=\"2026-04-09T09:21:07+00:00\" \/>\n<meta property=\"og:image\" content=\"https:\/\/dutchhealthstore.com\/wp-content\/uploads\/2025\/09\/risewell-ahamints.png\" \/>\n\t<meta property=\"og:image:width\" content=\"730\" \/>\n\t<meta property=\"og:image:height\" content=\"730\" \/>\n\t<meta property=\"og:image:type\" content=\"image\/png\" \/>\n<meta name=\"twitter:card\" content=\"summary_large_image\" \/>\n<meta name=\"twitter:label1\" content=\"Prix\" \/>\n\t<meta name=\"twitter:data1\" content=\"&euro;19,95\" \/>\n\t<meta name=\"twitter:label2\" content=\"Disponibilit\u00e9\" \/>\n\t<meta name=\"twitter:data2\" content=\"En stock\" \/>\n<script type=\"application\/ld+json\" class=\"yoast-schema-graph\">{\"@context\":\"https:\/\/schema.org\",\"@graph\":[{\"@type\":\"WebPage\",\"@id\":\"https:\/\/dutchhealthstore.com\/fr\/product\/a-ha-mints\/\",\"url\":\"https:\/\/dutchhealthstore.com\/fr\/product\/a-ha-mints\/\",\"name\":\"a-HA Mints - RiseWell\",\"isPartOf\":{\"@id\":\"https:\/\/dutchhealthstore.com\/fr\/#website\"},\"primaryImageOfPage\":{\"@id\":\"https:\/\/dutchhealthstore.com\/fr\/product\/a-ha-mints\/#primaryimage\"},\"image\":{\"@id\":\"https:\/\/dutchhealthstore.com\/fr\/product\/a-ha-mints\/#primaryimage\"},\"thumbnailUrl\":\"https:\/\/dutchhealthstore.com\/wp-content\/uploads\/2025\/09\/risewell-ahamints.png\",\"datePublished\":\"2025-09-30T10:02:47+00:00\",\"dateModified\":\"2026-04-09T09:21:07+00:00\",\"description\":\"Pastilles RiseWell a-HA Mints : haleine fra\u00eeche et bouche saine, sans sucre ni fluor, \u00e9quilibre le pH.\",\"breadcrumb\":{\"@id\":\"https:\/\/dutchhealthstore.com\/fr\/product\/a-ha-mints\/#breadcrumb\"},\"inLanguage\":\"fr-FR\",\"potentialAction\":[{\"@type\":\"ReadAction\",\"target\":[\"https:\/\/dutchhealthstore.com\/fr\/product\/a-ha-mints\/\"]}]},{\"@type\":\"ImageObject\",\"inLanguage\":\"fr-FR\",\"@id\":\"https:\/\/dutchhealthstore.com\/fr\/product\/a-ha-mints\/#primaryimage\",\"url\":\"https:\/\/dutchhealthstore.com\/wp-content\/uploads\/2025\/09\/risewell-ahamints.png\",\"contentUrl\":\"https:\/\/dutchhealthstore.com\/wp-content\/uploads\/2025\/09\/risewell-ahamints.png\",\"width\":730,\"height\":730},{\"@type\":\"BreadcrumbList\",\"@id\":\"https:\/\/dutchhealthstore.com\/fr\/product\/a-ha-mints\/#breadcrumb\",\"itemListElement\":[{\"@type\":\"ListItem\",\"position\":1,\"name\":\"Home\",\"item\":\"https:\/\/dutchhealthstore.com\/fr\/\"},{\"@type\":\"ListItem\",\"position\":2,\"name\":\"Shop\",\"item\":\"https:\/\/dutchhealthstore.com\/fr\/shop\/\"},{\"@type\":\"ListItem\",\"position\":3,\"name\":\"a-HA Mints\"}]},{\"@type\":\"WebSite\",\"@id\":\"https:\/\/dutchhealthstore.com\/fr\/#website\",\"url\":\"https:\/\/dutchhealthstore.com\/fr\/\",\"name\":\"Dutch Health Store\",\"description\":\"Enhance Your Beauty with Organic &amp; Natural Skincare\",\"publisher\":{\"@id\":\"https:\/\/dutchhealthstore.com\/fr\/#organization\"},\"potentialAction\":[{\"@type\":\"SearchAction\",\"target\":{\"@type\":\"EntryPoint\",\"urlTemplate\":\"https:\/\/dutchhealthstore.com\/fr\/?s={search_term_string}\"},\"query-input\":{\"@type\":\"PropertyValueSpecification\",\"valueRequired\":true,\"valueName\":\"search_term_string\"}}],\"inLanguage\":\"fr-FR\"},{\"@type\":\"Organization\",\"@id\":\"https:\/\/dutchhealthstore.com\/fr\/#organization\",\"name\":\"Dutch Health Store\",\"url\":\"https:\/\/dutchhealthstore.com\/fr\/\",\"logo\":{\"@type\":\"ImageObject\",\"inLanguage\":\"fr-FR\",\"@id\":\"https:\/\/dutchhealthstore.com\/fr\/#\/schema\/logo\/image\/\",\"url\":\"https:\/\/dutchhealthstore.com\/wp-content\/uploads\/2020\/08\/logo-dutchhealthstore-jpg-e1599484957574.jpg\",\"contentUrl\":\"https:\/\/dutchhealthstore.com\/wp-content\/uploads\/2020\/08\/logo-dutchhealthstore-jpg-e1599484957574.jpg\",\"width\":400,\"height\":62,\"caption\":\"Dutch Health Store\"},\"image\":{\"@id\":\"https:\/\/dutchhealthstore.com\/fr\/#\/schema\/logo\/image\/\"},\"sameAs\":[\"https:\/\/www.instagram.com\/dutchhealthstore\/\",\"https:\/\/www.facebook.com\/dutchhealthstore\"]}]}<\/script>\n<meta property=\"product:brand\" content=\"RiseWell\" \/>\n<meta property=\"product:price:amount\" content=\"19.95\" \/>\n<meta property=\"product:price:currency\" content=\"EUR\" \/>\n<meta property=\"og:availability\" content=\"instock\" \/>\n<meta property=\"product:availability\" content=\"instock\" \/>\n<meta property=\"product:retailer_item_id\" content=\"RISE_07\" \/>\n<meta property=\"product:condition\" content=\"new\" \/>\n<!-- \/ Yoast SEO Premium plugin. -->","yoast_head_json":{"title":"a-HA Mints - RiseWell","description":"Pastilles RiseWell a-HA Mints : haleine fra\u00eeche et bouche saine, sans sucre ni fluor, \u00e9quilibre le pH.","robots":{"index":"index","follow":"follow","max-snippet":"max-snippet:-1","max-image-preview":"max-image-preview:large","max-video-preview":"max-video-preview:-1"},"canonical":"https:\/\/dutchhealthstore.com\/fr\/product\/a-ha-mints\/","og_locale":"fr_FR","og_type":"article","og_title":"a-HA Mints - Dutch Health Store","og_description":"Pastilles RiseWell a-HA Mints : haleine fra\u00eeche et bouche saine, sans sucre ni fluor, \u00e9quilibre le pH.","og_url":"https:\/\/dutchhealthstore.com\/fr\/product\/a-ha-mints\/","og_site_name":"Dutch Health Store","article_publisher":"https:\/\/www.instagram.com\/dutchhealthstore\/","article_modified_time":"2026-04-09T09:21:07+00:00","og_image":[{"width":730,"height":730,"url":"https:\/\/dutchhealthstore.com\/wp-content\/uploads\/2025\/09\/risewell-ahamints.png","type":"image\/png"}],"twitter_card":"summary_large_image","twitter_misc":{"Prix":"&euro;19,95","Disponibilit\u00e9":"En stock"},"schema":{"@context":"https:\/\/schema.org","@graph":[{"@type":"WebPage","@id":"https:\/\/dutchhealthstore.com\/fr\/product\/a-ha-mints\/","url":"https:\/\/dutchhealthstore.com\/fr\/product\/a-ha-mints\/","name":"a-HA Mints - RiseWell","isPartOf":{"@id":"https:\/\/dutchhealthstore.com\/fr\/#website"},"primaryImageOfPage":{"@id":"https:\/\/dutchhealthstore.com\/fr\/product\/a-ha-mints\/#primaryimage"},"image":{"@id":"https:\/\/dutchhealthstore.com\/fr\/product\/a-ha-mints\/#primaryimage"},"thumbnailUrl":"https:\/\/dutchhealthstore.com\/wp-content\/uploads\/2025\/09\/risewell-ahamints.png","datePublished":"2025-09-30T10:02:47+00:00","dateModified":"2026-04-09T09:21:07+00:00","description":"Pastilles RiseWell a-HA Mints : haleine fra\u00eeche et bouche saine, sans sucre ni fluor, \u00e9quilibre le pH.","breadcrumb":{"@id":"https:\/\/dutchhealthstore.com\/fr\/product\/a-ha-mints\/#breadcrumb"},"inLanguage":"fr-FR","potentialAction":[{"@type":"ReadAction","target":["https:\/\/dutchhealthstore.com\/fr\/product\/a-ha-mints\/"]}]},{"@type":"ImageObject","inLanguage":"fr-FR","@id":"https:\/\/dutchhealthstore.com\/fr\/product\/a-ha-mints\/#primaryimage","url":"https:\/\/dutchhealthstore.com\/wp-content\/uploads\/2025\/09\/risewell-ahamints.png","contentUrl":"https:\/\/dutchhealthstore.com\/wp-content\/uploads\/2025\/09\/risewell-ahamints.png","width":730,"height":730},{"@type":"BreadcrumbList","@id":"https:\/\/dutchhealthstore.com\/fr\/product\/a-ha-mints\/#breadcrumb","itemListElement":[{"@type":"ListItem","position":1,"name":"Home","item":"https:\/\/dutchhealthstore.com\/fr\/"},{"@type":"ListItem","position":2,"name":"Shop","item":"https:\/\/dutchhealthstore.com\/fr\/shop\/"},{"@type":"ListItem","position":3,"name":"a-HA Mints"}]},{"@type":"WebSite","@id":"https:\/\/dutchhealthstore.com\/fr\/#website","url":"https:\/\/dutchhealthstore.com\/fr\/","name":"Dutch Health Store","description":"Enhance Your Beauty with Organic &amp; Natural Skincare","publisher":{"@id":"https:\/\/dutchhealthstore.com\/fr\/#organization"},"potentialAction":[{"@type":"SearchAction","target":{"@type":"EntryPoint","urlTemplate":"https:\/\/dutchhealthstore.com\/fr\/?s={search_term_string}"},"query-input":{"@type":"PropertyValueSpecification","valueRequired":true,"valueName":"search_term_string"}}],"inLanguage":"fr-FR"},{"@type":"Organization","@id":"https:\/\/dutchhealthstore.com\/fr\/#organization","name":"Dutch Health Store","url":"https:\/\/dutchhealthstore.com\/fr\/","logo":{"@type":"ImageObject","inLanguage":"fr-FR","@id":"https:\/\/dutchhealthstore.com\/fr\/#\/schema\/logo\/image\/","url":"https:\/\/dutchhealthstore.com\/wp-content\/uploads\/2020\/08\/logo-dutchhealthstore-jpg-e1599484957574.jpg","contentUrl":"https:\/\/dutchhealthstore.com\/wp-content\/uploads\/2020\/08\/logo-dutchhealthstore-jpg-e1599484957574.jpg","width":400,"height":62,"caption":"Dutch Health Store"},"image":{"@id":"https:\/\/dutchhealthstore.com\/fr\/#\/schema\/logo\/image\/"},"sameAs":["https:\/\/www.instagram.com\/dutchhealthstore\/","https:\/\/www.facebook.com\/dutchhealthstore"]}]},"product_brand":"RiseWell","product_price_amount":"19.95","product_price_currency":"EUR","og_availability":"instock","product_availability":"instock","product_retailer_item_id":"RISE_07","product_condition":"new"},"_links":{"self":[{"href":"https:\/\/dutchhealthstore.com\/fr\/wp-json\/wp\/v2\/product\/357982","targetHints":{"allow":["GET"]}}],"collection":[{"href":"https:\/\/dutchhealthstore.com\/fr\/wp-json\/wp\/v2\/product"}],"about":[{"href":"https:\/\/dutchhealthstore.com\/fr\/wp-json\/wp\/v2\/types\/product"}],"replies":[{"embeddable":true,"href":"https:\/\/dutchhealthstore.com\/fr\/wp-json\/wp\/v2\/comments?post=357982"}],"wp:featuredmedia":[{"embeddable":true,"href":"https:\/\/dutchhealthstore.com\/fr\/wp-json\/wp\/v2\/media\/357938"}],"wp:attachment":[{"href":"https:\/\/dutchhealthstore.com\/fr\/wp-json\/wp\/v2\/media?parent=357982"}],"wp:term":[{"taxonomy":"product_brand","embeddable":true,"href":"https:\/\/dutchhealthstore.com\/fr\/wp-json\/wp\/v2\/product_brand?post=357982"},{"taxonomy":"product_cat","embeddable":true,"href":"https:\/\/dutchhealthstore.com\/fr\/wp-json\/wp\/v2\/product_cat?post=357982"},{"taxonomy":"product_tag","embeddable":true,"href":"https:\/\/dutchhealthstore.com\/fr\/wp-json\/wp\/v2\/product_tag?post=357982"}],"curies":[{"name":"wp","href":"https:\/\/api.w.org\/{rel}","templated":true}]}}