{"id":357978,"date":"2025-09-30T12:04:18","date_gmt":"2025-09-30T10:04:18","guid":{"rendered":"https:\/\/dutchhealthstore.com\/product\/scrubby-floss\/"},"modified":"2026-03-27T14:20:39","modified_gmt":"2026-03-27T13:20:39","slug":"scrubby-floss","status":"publish","type":"product","link":"https:\/\/dutchhealthstore.com\/fr\/product\/scrubby-floss\/","title":{"rendered":"Scrubby Floss"},"content":{"rendered":"<p>Sa texture douce et spongieuse se dilate \u00e0 l&rsquo;usage, cr\u00e9ant une action de \u00ab gommage \u00bb d\u00e9licate qui \u00e9limine la plaque, masse les gencives et laisse votre bouche fra\u00eeche et saine. Aucun produit chimique agressif, aucune cire synth\u00e9tique \u2014 juste un nettoyage efficace et agr\u00e9able. <\/p>\n<h3>Principaux avantages<\/h3>\n<ul>\n<li>Enrichi en hydroxyapatite pour renforcer l&rsquo;\u00e9mail<\/li>\n<li>Texture expansible pour un nettoyage plus profond et efficace<\/li>\n<li>Sensation douce et spongieuse, d\u00e9licate pour les gencives<\/li>\n<li>Aide \u00e0 r\u00e9duire la plaque et rafra\u00eechit l&rsquo;haleine<\/li>\n<li>Sans fluor, v\u00e9g\u00e9talien et non toxique<\/li>\n<\/ul>\n<h3>Mode d&#8217;emploi<\/h3>\n<p>Passez d\u00e9licatement le fil entre vos dents et effectuez des mouvements de va-et-vient pour laisser le fil se dilater. Glissez de haut en bas contre chaque surface dentaire pour un nettoyage optimal. <\/p>\n<h2>Taille : 30 m\u00e8tres<\/h2>\n<h2>Natural\/Organic Ingredients<\/h2>\n<p>Fil de nylon, cire microcristalline, hydroxyapatite, ar\u00f4me naturel de menthe, xylitol<\/p>\n<h4>Votre fil dentaire quotidien, am\u00e9lior\u00e9.<\/h4>\n<p>Le fil dentaire expansible transforme votre routine de nettoyage en un rituel riche en min\u00e9raux qui prend soin de vos gencives \u2014 s\u00fbr pour toute la famille.<\/p>\n\n\t<section class=\"section\" id=\"section_1287948673\">\n\t\t<div class=\"section-bg fill\" >\n\t\t\t\t\t\t\t\t\t\n\t\t\t\n\n\t\t<\/div>\n\n\t\t\n\n\t\t<div class=\"section-content relative\">\n\t\t\t\n\n<div class=\"row\"  id=\"row-899379017\">\n\n\n\t<div id=\"col-1004542349\" class=\"col small-12 large-12\"  >\n\t\t\t\t<div class=\"col-inner\"  >\n\t\t\t\n\t\t\t\n\n<div class=\"container section-title-container\" ><h3 class=\"section-title section-title-normal\"><b><\/b><span class=\"section-title-main\" >\u00c0 propos de RiseWell<\/span><b><\/b><\/h3><\/div>\n\n<p><strong><img decoding=\"async\" class=\"alignright wp-image-357892\" src=\"https:\/\/dutchhealthstore.com\/wp-content\/uploads\/2025\/09\/risewell-large.png\" alt=\"\" width=\"168\" height=\"60\" srcset=\"https:\/\/dutchhealthstore.com\/wp-content\/uploads\/2025\/09\/risewell-large.png 451w, https:\/\/dutchhealthstore.com\/wp-content\/uploads\/2025\/09\/risewell-large-140x50.png 140w, https:\/\/dutchhealthstore.com\/wp-content\/uploads\/2025\/09\/risewell-large-64x23.png 64w\" sizes=\"(max-width: 168px) 100vw, 168px\" \/>RiseWell<\/strong> red\u00e9finit les soins bucco-dentaires gr\u00e2ce \u00e0 la puissance de la nature et de la science. Au c\u0153ur de chaque formule se trouve l'<strong>hydroxyapatite<\/strong> \u2013 le m\u00eame min\u00e9ral qui compose 97 % de l'\u00e9mail de vos dents. Cet ingr\u00e9dient naturel et sans fluor renforce, remin\u00e9ralise et blanchit les dents de mani\u00e8re s\u00fbre et efficace.  <\/p>\n<p>D\u00e9velopp\u00e9e par des experts dentaires et soutenue par la recherche scientifique, RiseWell propose une collection compl\u00e8te d'essentiels de soins bucco-dentaires pour toute la famille \u2013 du <strong>dentifrice min\u00e9ral PRO<\/strong> pour les dents sensibles au <strong>dentifrice pour enfants<\/strong>, au <strong>bain de bouche alcalinisant<\/strong> et au <strong>fil dentaire sans t\u00e9flon<\/strong>.<\/p>\n<p>Chaque produit RiseWell est fabriqu\u00e9 avec des <strong>ingr\u00e9dients propres et non toxiques<\/strong> et est <strong>suffisamment s\u00fbr pour \u00eatre aval\u00e9<\/strong>, ce qui en fait un choix de confiance pour ceux qui veulent des r\u00e9sultats efficaces sans compromis.<\/p>\n<p>D\u00e9velopp\u00e9 par des dentistes, sans fluor et aliment\u00e9 par la nature \u2013 voil\u00e0 la diff\u00e9rence RiseWell.<\/p>\n\n\t\t<\/div>\n\t\t\t\t\t<\/div>\n\n\t\n\n<\/div>\n\n\t\t<\/div>\n\n\t\t\n<style>\n#section_1287948673 {\n  padding-top: 30px;\n  padding-bottom: 30px;\n}\n<\/style>\n\t<\/section>\n\t\n","protected":false},"excerpt":{"rendered":"<p>D\u00e9couvrez le <strong>fil dentaire expansible<\/strong> \u2014 le fil dentaire r\u00e9volutionnaire de RiseWell enrichi en <strong>hydroxyapatite<\/strong>, le m\u00eame min\u00e9ral qui compose l&rsquo;\u00e9mail de vos dents. Contrairement au fil dentaire traditionnel qui ne fait qu&rsquo;\u00e9liminer les d\u00e9bris, le fil dentaire expansible agit activement pour <strong>remin\u00e9raliser<\/strong> entre les dents tout en offrant un nettoyage profond et satisfaisant. <\/p>\n","protected":false},"featured_media":357909,"comment_status":"open","ping_status":"closed","template":"","meta":[],"product_brand":[],"product_cat":[1037,1209,1030,21728,1010],"product_tag":[4456],"class_list":{"0":"post-357978","1":"product","2":"type-product","3":"status-publish","4":"has-post-thumbnail","6":"product_cat-hygiene-dentaire","7":"product_cat-par-marques","8":"product_cat-par-produits","9":"product_cat-risewell-fr","10":"product_cat-notre-boutique","11":"product_tag-dental-care-fr","12":"pa_brand-risewell-fr","13":"pa_dental-care-product-type-scrapers-floss-fr","14":"pa_gtin-860001463521-fr","15":"pa_size-30-metres","17":"first","18":"instock","19":"taxable","20":"shipping-taxable","21":"purchasable","22":"product-type-simple"},"bundled_by":[],"bundle_stock_status":"instock","bundle_stock_quantity":13,"bundle_virtual":false,"bundle_layout":"","bundle_add_to_cart_form_location":"","bundle_editable_in_cart":false,"bundle_sold_individually_context":"","bundle_item_grouping":"","bundle_min_size":"","bundle_max_size":"","bundle_price":[],"bundled_items":[],"bundle_sell_ids":[179391],"atum_controlled":true,"out_stock_date":null,"out_stock_threshold":null,"inheritable":false,"stock_on_hold":1,"sold_today":0,"sales_last_days":2,"out_stock_days":0,"lost_sales":0,"update_date":"2026-04-09T09:20:51","atum_locations":[],"atum_stock_status":"instock","restock_status":false,"low_stock_amount":"","sales_update_date":"2026-04-09T09:20:51","calc_backorders":null,"group_of_quantity":0,"min_quantity":0,"max_quantity":"","exclude_order_quantity_value_rules":"no","exclude_category_quantity_rules":"no","combine_variations":"no","yoast_head":"<!-- This site is optimized with the Yoast SEO Premium plugin v26.5 (Yoast SEO v26.5) - https:\/\/yoast.com\/wordpress\/plugins\/seo\/ -->\n<title>Scrubby Floss - RiseWell<\/title>\n<meta name=\"description\" content=\"Fil dentaire RiseWell\u00a0: renforce l&#039;\u00e9mail, nettoie en profondeur.\" \/>\n<meta name=\"robots\" content=\"index, follow, max-snippet:-1, max-image-preview:large, max-video-preview:-1\" \/>\n<link rel=\"canonical\" href=\"https:\/\/dutchhealthstore.com\/fr\/product\/scrubby-floss\/\" \/>\n<meta property=\"og:locale\" content=\"fr_FR\" \/>\n<meta property=\"og:type\" content=\"article\" \/>\n<meta property=\"og:title\" content=\"Scrubby Floss - Dutch Health Store\" \/>\n<meta property=\"og:description\" content=\"Fil dentaire RiseWell\u00a0: renforce l&#039;\u00e9mail, nettoie en profondeur.\" \/>\n<meta property=\"og:url\" content=\"https:\/\/dutchhealthstore.com\/fr\/product\/scrubby-floss\/\" \/>\n<meta property=\"og:site_name\" content=\"Dutch Health Store\" \/>\n<meta property=\"article:publisher\" content=\"https:\/\/www.instagram.com\/dutchhealthstore\/\" \/>\n<meta property=\"article:modified_time\" content=\"2026-03-27T13:20:39+00:00\" \/>\n<meta property=\"og:image\" content=\"https:\/\/dutchhealthstore.com\/wp-content\/uploads\/2025\/09\/scrubby-floss.png\" \/>\n\t<meta property=\"og:image:width\" content=\"730\" \/>\n\t<meta property=\"og:image:height\" content=\"730\" \/>\n\t<meta property=\"og:image:type\" content=\"image\/png\" \/>\n<meta name=\"twitter:card\" content=\"summary_large_image\" \/>\n<meta name=\"twitter:label1\" content=\"Prix\" \/>\n\t<meta name=\"twitter:data1\" content=\"&euro;14,95\" \/>\n\t<meta name=\"twitter:label2\" content=\"Disponibilit\u00e9\" \/>\n\t<meta name=\"twitter:data2\" content=\"En stock\" \/>\n<script type=\"application\/ld+json\" class=\"yoast-schema-graph\">{\"@context\":\"https:\/\/schema.org\",\"@graph\":[{\"@type\":\"WebPage\",\"@id\":\"https:\/\/dutchhealthstore.com\/fr\/product\/scrubby-floss\/\",\"url\":\"https:\/\/dutchhealthstore.com\/fr\/product\/scrubby-floss\/\",\"name\":\"Scrubby Floss - RiseWell\",\"isPartOf\":{\"@id\":\"https:\/\/dutchhealthstore.com\/fr\/#website\"},\"primaryImageOfPage\":{\"@id\":\"https:\/\/dutchhealthstore.com\/fr\/product\/scrubby-floss\/#primaryimage\"},\"image\":{\"@id\":\"https:\/\/dutchhealthstore.com\/fr\/product\/scrubby-floss\/#primaryimage\"},\"thumbnailUrl\":\"https:\/\/dutchhealthstore.com\/wp-content\/uploads\/2025\/09\/scrubby-floss.png\",\"datePublished\":\"2025-09-30T10:04:18+00:00\",\"dateModified\":\"2026-03-27T13:20:39+00:00\",\"description\":\"Fil dentaire RiseWell\u00a0: renforce l'\u00e9mail, nettoie en profondeur.\",\"breadcrumb\":{\"@id\":\"https:\/\/dutchhealthstore.com\/fr\/product\/scrubby-floss\/#breadcrumb\"},\"inLanguage\":\"fr-FR\",\"potentialAction\":[{\"@type\":\"ReadAction\",\"target\":[\"https:\/\/dutchhealthstore.com\/fr\/product\/scrubby-floss\/\"]}]},{\"@type\":\"ImageObject\",\"inLanguage\":\"fr-FR\",\"@id\":\"https:\/\/dutchhealthstore.com\/fr\/product\/scrubby-floss\/#primaryimage\",\"url\":\"https:\/\/dutchhealthstore.com\/wp-content\/uploads\/2025\/09\/scrubby-floss.png\",\"contentUrl\":\"https:\/\/dutchhealthstore.com\/wp-content\/uploads\/2025\/09\/scrubby-floss.png\",\"width\":730,\"height\":730},{\"@type\":\"BreadcrumbList\",\"@id\":\"https:\/\/dutchhealthstore.com\/fr\/product\/scrubby-floss\/#breadcrumb\",\"itemListElement\":[{\"@type\":\"ListItem\",\"position\":1,\"name\":\"Home\",\"item\":\"https:\/\/dutchhealthstore.com\/fr\/\"},{\"@type\":\"ListItem\",\"position\":2,\"name\":\"Shop\",\"item\":\"https:\/\/dutchhealthstore.com\/fr\/shop\/\"},{\"@type\":\"ListItem\",\"position\":3,\"name\":\"Scrubby Floss\"}]},{\"@type\":\"WebSite\",\"@id\":\"https:\/\/dutchhealthstore.com\/fr\/#website\",\"url\":\"https:\/\/dutchhealthstore.com\/fr\/\",\"name\":\"Dutch Health Store\",\"description\":\"Enhance Your Beauty with Organic &amp; Natural Skincare\",\"publisher\":{\"@id\":\"https:\/\/dutchhealthstore.com\/fr\/#organization\"},\"potentialAction\":[{\"@type\":\"SearchAction\",\"target\":{\"@type\":\"EntryPoint\",\"urlTemplate\":\"https:\/\/dutchhealthstore.com\/fr\/?s={search_term_string}\"},\"query-input\":{\"@type\":\"PropertyValueSpecification\",\"valueRequired\":true,\"valueName\":\"search_term_string\"}}],\"inLanguage\":\"fr-FR\"},{\"@type\":\"Organization\",\"@id\":\"https:\/\/dutchhealthstore.com\/fr\/#organization\",\"name\":\"Dutch Health Store\",\"url\":\"https:\/\/dutchhealthstore.com\/fr\/\",\"logo\":{\"@type\":\"ImageObject\",\"inLanguage\":\"fr-FR\",\"@id\":\"https:\/\/dutchhealthstore.com\/fr\/#\/schema\/logo\/image\/\",\"url\":\"https:\/\/dutchhealthstore.com\/wp-content\/uploads\/2020\/08\/logo-dutchhealthstore-jpg-e1599484957574.jpg\",\"contentUrl\":\"https:\/\/dutchhealthstore.com\/wp-content\/uploads\/2020\/08\/logo-dutchhealthstore-jpg-e1599484957574.jpg\",\"width\":400,\"height\":62,\"caption\":\"Dutch Health Store\"},\"image\":{\"@id\":\"https:\/\/dutchhealthstore.com\/fr\/#\/schema\/logo\/image\/\"},\"sameAs\":[\"https:\/\/www.instagram.com\/dutchhealthstore\/\",\"https:\/\/www.facebook.com\/dutchhealthstore\"]}]}<\/script>\n<meta property=\"product:brand\" content=\"RiseWell\" \/>\n<meta property=\"product:price:amount\" content=\"14.95\" \/>\n<meta property=\"product:price:currency\" content=\"EUR\" \/>\n<meta property=\"og:availability\" content=\"instock\" \/>\n<meta property=\"product:availability\" content=\"instock\" \/>\n<meta property=\"product:retailer_item_id\" content=\"RISE_04\" \/>\n<meta property=\"product:condition\" content=\"new\" \/>\n<!-- \/ Yoast SEO Premium plugin. -->","yoast_head_json":{"title":"Scrubby Floss - RiseWell","description":"Fil dentaire RiseWell\u00a0: renforce l'\u00e9mail, nettoie en profondeur.","robots":{"index":"index","follow":"follow","max-snippet":"max-snippet:-1","max-image-preview":"max-image-preview:large","max-video-preview":"max-video-preview:-1"},"canonical":"https:\/\/dutchhealthstore.com\/fr\/product\/scrubby-floss\/","og_locale":"fr_FR","og_type":"article","og_title":"Scrubby Floss - Dutch Health Store","og_description":"Fil dentaire RiseWell\u00a0: renforce l'\u00e9mail, nettoie en profondeur.","og_url":"https:\/\/dutchhealthstore.com\/fr\/product\/scrubby-floss\/","og_site_name":"Dutch Health Store","article_publisher":"https:\/\/www.instagram.com\/dutchhealthstore\/","article_modified_time":"2026-03-27T13:20:39+00:00","og_image":[{"width":730,"height":730,"url":"https:\/\/dutchhealthstore.com\/wp-content\/uploads\/2025\/09\/scrubby-floss.png","type":"image\/png"}],"twitter_card":"summary_large_image","twitter_misc":{"Prix":"&euro;14,95","Disponibilit\u00e9":"En stock"},"schema":{"@context":"https:\/\/schema.org","@graph":[{"@type":"WebPage","@id":"https:\/\/dutchhealthstore.com\/fr\/product\/scrubby-floss\/","url":"https:\/\/dutchhealthstore.com\/fr\/product\/scrubby-floss\/","name":"Scrubby Floss - RiseWell","isPartOf":{"@id":"https:\/\/dutchhealthstore.com\/fr\/#website"},"primaryImageOfPage":{"@id":"https:\/\/dutchhealthstore.com\/fr\/product\/scrubby-floss\/#primaryimage"},"image":{"@id":"https:\/\/dutchhealthstore.com\/fr\/product\/scrubby-floss\/#primaryimage"},"thumbnailUrl":"https:\/\/dutchhealthstore.com\/wp-content\/uploads\/2025\/09\/scrubby-floss.png","datePublished":"2025-09-30T10:04:18+00:00","dateModified":"2026-03-27T13:20:39+00:00","description":"Fil dentaire RiseWell\u00a0: renforce l'\u00e9mail, nettoie en profondeur.","breadcrumb":{"@id":"https:\/\/dutchhealthstore.com\/fr\/product\/scrubby-floss\/#breadcrumb"},"inLanguage":"fr-FR","potentialAction":[{"@type":"ReadAction","target":["https:\/\/dutchhealthstore.com\/fr\/product\/scrubby-floss\/"]}]},{"@type":"ImageObject","inLanguage":"fr-FR","@id":"https:\/\/dutchhealthstore.com\/fr\/product\/scrubby-floss\/#primaryimage","url":"https:\/\/dutchhealthstore.com\/wp-content\/uploads\/2025\/09\/scrubby-floss.png","contentUrl":"https:\/\/dutchhealthstore.com\/wp-content\/uploads\/2025\/09\/scrubby-floss.png","width":730,"height":730},{"@type":"BreadcrumbList","@id":"https:\/\/dutchhealthstore.com\/fr\/product\/scrubby-floss\/#breadcrumb","itemListElement":[{"@type":"ListItem","position":1,"name":"Home","item":"https:\/\/dutchhealthstore.com\/fr\/"},{"@type":"ListItem","position":2,"name":"Shop","item":"https:\/\/dutchhealthstore.com\/fr\/shop\/"},{"@type":"ListItem","position":3,"name":"Scrubby Floss"}]},{"@type":"WebSite","@id":"https:\/\/dutchhealthstore.com\/fr\/#website","url":"https:\/\/dutchhealthstore.com\/fr\/","name":"Dutch Health Store","description":"Enhance Your Beauty with Organic &amp; Natural Skincare","publisher":{"@id":"https:\/\/dutchhealthstore.com\/fr\/#organization"},"potentialAction":[{"@type":"SearchAction","target":{"@type":"EntryPoint","urlTemplate":"https:\/\/dutchhealthstore.com\/fr\/?s={search_term_string}"},"query-input":{"@type":"PropertyValueSpecification","valueRequired":true,"valueName":"search_term_string"}}],"inLanguage":"fr-FR"},{"@type":"Organization","@id":"https:\/\/dutchhealthstore.com\/fr\/#organization","name":"Dutch Health Store","url":"https:\/\/dutchhealthstore.com\/fr\/","logo":{"@type":"ImageObject","inLanguage":"fr-FR","@id":"https:\/\/dutchhealthstore.com\/fr\/#\/schema\/logo\/image\/","url":"https:\/\/dutchhealthstore.com\/wp-content\/uploads\/2020\/08\/logo-dutchhealthstore-jpg-e1599484957574.jpg","contentUrl":"https:\/\/dutchhealthstore.com\/wp-content\/uploads\/2020\/08\/logo-dutchhealthstore-jpg-e1599484957574.jpg","width":400,"height":62,"caption":"Dutch Health Store"},"image":{"@id":"https:\/\/dutchhealthstore.com\/fr\/#\/schema\/logo\/image\/"},"sameAs":["https:\/\/www.instagram.com\/dutchhealthstore\/","https:\/\/www.facebook.com\/dutchhealthstore"]}]},"product_brand":"RiseWell","product_price_amount":"14.95","product_price_currency":"EUR","og_availability":"instock","product_availability":"instock","product_retailer_item_id":"RISE_04","product_condition":"new"},"_links":{"self":[{"href":"https:\/\/dutchhealthstore.com\/fr\/wp-json\/wp\/v2\/product\/357978","targetHints":{"allow":["GET"]}}],"collection":[{"href":"https:\/\/dutchhealthstore.com\/fr\/wp-json\/wp\/v2\/product"}],"about":[{"href":"https:\/\/dutchhealthstore.com\/fr\/wp-json\/wp\/v2\/types\/product"}],"replies":[{"embeddable":true,"href":"https:\/\/dutchhealthstore.com\/fr\/wp-json\/wp\/v2\/comments?post=357978"}],"wp:featuredmedia":[{"embeddable":true,"href":"https:\/\/dutchhealthstore.com\/fr\/wp-json\/wp\/v2\/media\/357909"}],"wp:attachment":[{"href":"https:\/\/dutchhealthstore.com\/fr\/wp-json\/wp\/v2\/media?parent=357978"}],"wp:term":[{"taxonomy":"product_brand","embeddable":true,"href":"https:\/\/dutchhealthstore.com\/fr\/wp-json\/wp\/v2\/product_brand?post=357978"},{"taxonomy":"product_cat","embeddable":true,"href":"https:\/\/dutchhealthstore.com\/fr\/wp-json\/wp\/v2\/product_cat?post=357978"},{"taxonomy":"product_tag","embeddable":true,"href":"https:\/\/dutchhealthstore.com\/fr\/wp-json\/wp\/v2\/product_tag?post=357978"}],"curies":[{"name":"wp","href":"https:\/\/api.w.org\/{rel}","templated":true}]}}