{"id":357975,"date":"2025-09-30T12:06:44","date_gmt":"2025-09-30T10:06:44","guid":{"rendered":"https:\/\/dutchhealthstore.com\/product\/kids-mineral-toothpaste\/"},"modified":"2026-03-03T16:38:28","modified_gmt":"2026-03-03T15:38:28","slug":"kids-mineral-toothpaste","status":"publish","type":"product","link":"https:\/\/dutchhealthstore.com\/fr\/product\/kids-mineral-toothpaste\/","title":{"rendered":"Kids Mineral Toothpaste"},"content":{"rendered":"<ul>\n<li>Saveur d\u00e9licieuse \u2013 Un go\u00fbt sucr\u00e9 de p\u00e2te \u00e0 g\u00e2teau que les enfants adorent (et oui, les adultes l&rsquo;appr\u00e9cient aussi).<\/li>\n<li>S\u00fbr et non toxique \u2013 Sans produits chimiques agressifs que l&rsquo;on trouve couramment dans les dentifrices ordinaires.<\/li>\n<li>Efficacit\u00e9 prouv\u00e9e \u2013 Nettoie et prot\u00e8ge aussi efficacement que les formules standard, mais avec des alternatives s\u00fbres et naturelles.<\/li>\n<li>Con\u00e7u avec soin \u2013 Uniquement des ingr\u00e9dients propres, doux et tr\u00e8s efficaces en lesquels vous pouvez avoir confiance.<\/li>\n<\/ul>\n<p>Notre mission est d&rsquo;offrir \u00e0 vos enfants un dentifrice qui fonctionne aussi bien que les options conventionnelles, mais sans toxines. Au lieu de simplement \u00e9liminer les produits chimiques nocifs, nous avons soigneusement choisi des rempla\u00e7ants puissants et s\u00fbrs qui offrent les m\u00eames r\u00e9sultats \u2014 gardant les petits sourires forts, propres et en bonne sant\u00e9. <\/p>\n<p><strong>Taille : 3.4 oz \/ 96 g <\/strong><\/p>\n<h3>Comment utiliser<\/h3>\n<ul>\n<li><span class=\"cf0\">Appliquez une petite quantit\u00e9 de dentifrice sur votre brosse \u00e0 dents puis brossez. <\/span><\/li>\n<\/ul>\n<h2><strong>Ingr\u00e9dients naturels \/ biologiques <\/strong><\/h2>\n<table border=\"1\" cellspacing=\"0\" cellpadding=\"5\">\n<tbody>\n<tr>\n<td>Silice<\/td>\n<\/tr>\n<tr>\n<td>Sorbitol<\/td>\n<\/tr>\n<tr>\n<td>Glyc\u00e9rine<\/td>\n<\/tr>\n<tr>\n<td>Xylitol<\/td>\n<\/tr>\n<tr>\n<td>Hydroxyapatite<\/td>\n<\/tr>\n<tr>\n<td>Carbonate de calcium<\/td>\n<\/tr>\n<tr>\n<td>Propanediol<\/td>\n<\/tr>\n<tr>\n<td>Extrait de fruit de Vanilla planifolia<\/td>\n<\/tr>\n<tr>\n<td>Cocoate de potassium<\/td>\n<\/tr>\n<tr>\n<td>Extrait de Stevia rebaudiana<\/td>\n<\/tr>\n<tr>\n<td>\u00c9rythritol<\/td>\n<\/tr>\n<tr>\n<td>Gomme de cellulose<\/td>\n<\/tr>\n<tr>\n<td>Gluconate de sodium<\/td>\n<\/tr>\n<tr>\n<td>Gomme xanthane<\/td>\n<\/tr>\n<\/tbody>\n<\/table>\n\n\t<section class=\"section\" id=\"section_2146104663\">\n\t\t<div class=\"section-bg fill\" >\n\t\t\t\t\t\t\t\t\t\n\t\t\t\n\n\t\t<\/div>\n\n\t\t\n\n\t\t<div class=\"section-content relative\">\n\t\t\t\n\n<div class=\"row\"  id=\"row-1121063009\">\n\n\n\t<div id=\"col-1248388983\" class=\"col small-12 large-12\"  >\n\t\t\t\t<div class=\"col-inner\"  >\n\t\t\t\n\t\t\t\n\n<div class=\"container section-title-container\" ><h3 class=\"section-title section-title-normal\"><b><\/b><span class=\"section-title-main\" >\u00c0 propos de RiseWell<\/span><b><\/b><\/h3><\/div>\n\n<p><strong><img decoding=\"async\" class=\"alignright wp-image-357892\" src=\"https:\/\/dutchhealthstore.com\/wp-content\/uploads\/2025\/09\/risewell-large.png\" alt=\"\" width=\"168\" height=\"60\" srcset=\"https:\/\/dutchhealthstore.com\/wp-content\/uploads\/2025\/09\/risewell-large.png 451w, https:\/\/dutchhealthstore.com\/wp-content\/uploads\/2025\/09\/risewell-large-140x50.png 140w, https:\/\/dutchhealthstore.com\/wp-content\/uploads\/2025\/09\/risewell-large-64x23.png 64w\" sizes=\"(max-width: 168px) 100vw, 168px\" \/>RiseWell<\/strong> red\u00e9finit les soins bucco-dentaires gr\u00e2ce \u00e0 la puissance de la nature et de la science. Au c\u0153ur de chaque formule se trouve l'<strong>hydroxyapatite<\/strong> \u2013 le m\u00eame min\u00e9ral qui compose 97 % de l'\u00e9mail de vos dents. Cet ingr\u00e9dient naturel et sans fluor renforce, remin\u00e9ralise et blanchit les dents de mani\u00e8re s\u00fbre et efficace.  <\/p>\n<p>D\u00e9velopp\u00e9e par des experts dentaires et soutenue par la recherche scientifique, RiseWell propose une collection compl\u00e8te d'essentiels de soins bucco-dentaires pour toute la famille \u2013 du <strong>dentifrice min\u00e9ral PRO<\/strong> pour les dents sensibles au <strong>dentifrice pour enfants<\/strong>, au <strong>bain de bouche alcalinisant<\/strong> et au <strong>fil dentaire sans t\u00e9flon<\/strong>.<\/p>\n<p>Chaque produit RiseWell est fabriqu\u00e9 avec des <strong>ingr\u00e9dients propres et non toxiques<\/strong> et est <strong>suffisamment s\u00fbr pour \u00eatre aval\u00e9<\/strong>, ce qui en fait un choix de confiance pour ceux qui veulent des r\u00e9sultats efficaces sans compromis.<\/p>\n<p>D\u00e9velopp\u00e9 par des dentistes, sans fluor et aliment\u00e9 par la nature \u2013 voil\u00e0 la diff\u00e9rence RiseWell.<\/p>\n\n\t\t<\/div>\n\t\t\t\t\t<\/div>\n\n\t\n\n<\/div>\n\n\t\t<\/div>\n\n\t\t\n<style>\n#section_2146104663 {\n  padding-top: 30px;\n  padding-bottom: 30px;\n}\n<\/style>\n\t<\/section>\n\t\n","protected":false},"excerpt":{"rendered":"<p>Le dentifrice min\u00e9ral RiseWell Kids est unique en son genre. Il transforme le brossage en une exp\u00e9rience aussi d\u00e9licieuse que de d\u00e9guster une cuiller\u00e9e de p\u00e2te \u00e0 g\u00e2teau directement du bol \u2014 sauf que cette fois, c&rsquo;est r\u00e9ellement bon pour eux. <\/p>\n","protected":false},"featured_media":357714,"comment_status":"open","ping_status":"closed","template":"","meta":[],"product_brand":[],"product_cat":[6642,1037,1908,20902,1209,1030,21728,1010,8506],"product_tag":[],"class_list":{"0":"post-357975","1":"product","2":"type-product","3":"status-publish","4":"has-post-thumbnail","6":"product_cat-family-fr","7":"product_cat-hygiene-dentaire","8":"product_cat-new-additions-fr","9":"product_cat-new-additions-healthcare-fr","10":"product_cat-par-marques","11":"product_cat-par-produits","12":"product_cat-risewell-fr","13":"product_cat-notre-boutique","14":"product_cat-every-day-solutions-fr-2","15":"pa_brand-risewell-fr","16":"pa_dental-care-product-type-toothpaste-fr","17":"pa_gtin-860001463552-fr","18":"pa_size-96-g","20":"first","21":"instock","22":"taxable","23":"shipping-taxable","24":"purchasable","25":"product-type-simple"},"bundled_by":[],"bundle_stock_status":"instock","bundle_stock_quantity":7,"bundle_virtual":false,"bundle_layout":"","bundle_add_to_cart_form_location":"","bundle_editable_in_cart":false,"bundle_sold_individually_context":"","bundle_item_grouping":"","bundle_min_size":"","bundle_max_size":"","bundle_price":[],"bundled_items":[],"bundle_sell_ids":[358000],"atum_controlled":true,"out_stock_date":null,"out_stock_threshold":null,"inheritable":false,"stock_on_hold":0,"sold_today":0,"sales_last_days":4,"out_stock_days":0,"lost_sales":0,"update_date":"2026-04-11T11:44:23","atum_locations":[],"atum_stock_status":"instock","restock_status":false,"low_stock_amount":"","sales_update_date":"2026-04-11T11:44:23","calc_backorders":null,"group_of_quantity":0,"min_quantity":0,"max_quantity":"","exclude_order_quantity_value_rules":"no","exclude_category_quantity_rules":"no","combine_variations":"no","yoast_head":"<!-- This site is optimized with the Yoast SEO Premium plugin v26.5 (Yoast SEO v26.5) - https:\/\/yoast.com\/wordpress\/plugins\/seo\/ -->\n<title>Kids Mineral Toothpaste - RiseWell<\/title>\n<meta name=\"description\" content=\"Le dentifrice min\u00e9ral RiseWell Kids est unique en son genre. Il transforme le brossage en une exp\u00e9rience aussi d\u00e9licieuse que de d\u00e9guster une cuiller\u00e9e de p\u00e2te \u00e0 g\u00e2teau directement du bol \u2014 sauf que cette fois, c&#039;est r\u00e9ellement bon pour eux.\" \/>\n<meta name=\"robots\" content=\"index, follow, max-snippet:-1, max-image-preview:large, max-video-preview:-1\" \/>\n<link rel=\"canonical\" href=\"https:\/\/dutchhealthstore.com\/fr\/product\/kids-mineral-toothpaste\/\" \/>\n<meta property=\"og:locale\" content=\"fr_FR\" \/>\n<meta property=\"og:type\" content=\"article\" \/>\n<meta property=\"og:title\" content=\"Kids Mineral Toothpaste - Dutch Health Store\" \/>\n<meta property=\"og:description\" content=\"Le dentifrice min\u00e9ral RiseWell Kids est unique en son genre. Il transforme le brossage en une exp\u00e9rience aussi d\u00e9licieuse que de d\u00e9guster une cuiller\u00e9e de p\u00e2te \u00e0 g\u00e2teau directement du bol \u2014 sauf que cette fois, c&#039;est r\u00e9ellement bon pour eux.\" \/>\n<meta property=\"og:url\" content=\"https:\/\/dutchhealthstore.com\/fr\/product\/kids-mineral-toothpaste\/\" \/>\n<meta property=\"og:site_name\" content=\"Dutch Health Store\" \/>\n<meta property=\"article:publisher\" content=\"https:\/\/www.instagram.com\/dutchhealthstore\/\" \/>\n<meta property=\"article:modified_time\" content=\"2026-03-03T15:38:28+00:00\" \/>\n<meta property=\"og:image\" content=\"https:\/\/dutchhealthstore.com\/wp-content\/uploads\/2025\/09\/risewel-kidstoothpaste-mintkleur.jpg\" \/>\n\t<meta property=\"og:image:width\" content=\"530\" \/>\n\t<meta property=\"og:image:height\" content=\"530\" \/>\n\t<meta property=\"og:image:type\" content=\"image\/jpeg\" \/>\n<meta name=\"twitter:card\" content=\"summary_large_image\" \/>\n<meta name=\"twitter:label1\" content=\"Prix\" \/>\n\t<meta name=\"twitter:data1\" content=\"&euro;19,95\" \/>\n\t<meta name=\"twitter:label2\" content=\"Disponibilit\u00e9\" \/>\n\t<meta name=\"twitter:data2\" content=\"En stock\" \/>\n<script type=\"application\/ld+json\" class=\"yoast-schema-graph\">{\"@context\":\"https:\/\/schema.org\",\"@graph\":[{\"@type\":\"WebPage\",\"@id\":\"https:\/\/dutchhealthstore.com\/fr\/product\/kids-mineral-toothpaste\/\",\"url\":\"https:\/\/dutchhealthstore.com\/fr\/product\/kids-mineral-toothpaste\/\",\"name\":\"Kids Mineral Toothpaste - RiseWell\",\"isPartOf\":{\"@id\":\"https:\/\/dutchhealthstore.com\/fr\/#website\"},\"primaryImageOfPage\":{\"@id\":\"https:\/\/dutchhealthstore.com\/fr\/product\/kids-mineral-toothpaste\/#primaryimage\"},\"image\":{\"@id\":\"https:\/\/dutchhealthstore.com\/fr\/product\/kids-mineral-toothpaste\/#primaryimage\"},\"thumbnailUrl\":\"https:\/\/dutchhealthstore.com\/wp-content\/uploads\/2025\/09\/risewel-kidstoothpaste-mintkleur.jpg\",\"datePublished\":\"2025-09-30T10:06:44+00:00\",\"dateModified\":\"2026-03-03T15:38:28+00:00\",\"description\":\"Le dentifrice min\u00e9ral RiseWell Kids est unique en son genre. Il transforme le brossage en une exp\u00e9rience aussi d\u00e9licieuse que de d\u00e9guster une cuiller\u00e9e de p\u00e2te \u00e0 g\u00e2teau directement du bol \u2014 sauf que cette fois, c'est r\u00e9ellement bon pour eux.\",\"breadcrumb\":{\"@id\":\"https:\/\/dutchhealthstore.com\/fr\/product\/kids-mineral-toothpaste\/#breadcrumb\"},\"inLanguage\":\"fr-FR\",\"potentialAction\":[{\"@type\":\"ReadAction\",\"target\":[\"https:\/\/dutchhealthstore.com\/fr\/product\/kids-mineral-toothpaste\/\"]}]},{\"@type\":\"ImageObject\",\"inLanguage\":\"fr-FR\",\"@id\":\"https:\/\/dutchhealthstore.com\/fr\/product\/kids-mineral-toothpaste\/#primaryimage\",\"url\":\"https:\/\/dutchhealthstore.com\/wp-content\/uploads\/2025\/09\/risewel-kidstoothpaste-mintkleur.jpg\",\"contentUrl\":\"https:\/\/dutchhealthstore.com\/wp-content\/uploads\/2025\/09\/risewel-kidstoothpaste-mintkleur.jpg\",\"width\":530,\"height\":530,\"caption\":\"risewel-kidstoothpaste-mintkleur\"},{\"@type\":\"BreadcrumbList\",\"@id\":\"https:\/\/dutchhealthstore.com\/fr\/product\/kids-mineral-toothpaste\/#breadcrumb\",\"itemListElement\":[{\"@type\":\"ListItem\",\"position\":1,\"name\":\"Home\",\"item\":\"https:\/\/dutchhealthstore.com\/fr\/\"},{\"@type\":\"ListItem\",\"position\":2,\"name\":\"Shop\",\"item\":\"https:\/\/dutchhealthstore.com\/fr\/shop\/\"},{\"@type\":\"ListItem\",\"position\":3,\"name\":\"Kids Mineral Toothpaste\"}]},{\"@type\":\"WebSite\",\"@id\":\"https:\/\/dutchhealthstore.com\/fr\/#website\",\"url\":\"https:\/\/dutchhealthstore.com\/fr\/\",\"name\":\"Dutch Health Store\",\"description\":\"Enhance Your Beauty with Organic &amp; Natural Skincare\",\"publisher\":{\"@id\":\"https:\/\/dutchhealthstore.com\/fr\/#organization\"},\"potentialAction\":[{\"@type\":\"SearchAction\",\"target\":{\"@type\":\"EntryPoint\",\"urlTemplate\":\"https:\/\/dutchhealthstore.com\/fr\/?s={search_term_string}\"},\"query-input\":{\"@type\":\"PropertyValueSpecification\",\"valueRequired\":true,\"valueName\":\"search_term_string\"}}],\"inLanguage\":\"fr-FR\"},{\"@type\":\"Organization\",\"@id\":\"https:\/\/dutchhealthstore.com\/fr\/#organization\",\"name\":\"Dutch Health Store\",\"url\":\"https:\/\/dutchhealthstore.com\/fr\/\",\"logo\":{\"@type\":\"ImageObject\",\"inLanguage\":\"fr-FR\",\"@id\":\"https:\/\/dutchhealthstore.com\/fr\/#\/schema\/logo\/image\/\",\"url\":\"https:\/\/dutchhealthstore.com\/wp-content\/uploads\/2020\/08\/logo-dutchhealthstore-jpg-e1599484957574.jpg\",\"contentUrl\":\"https:\/\/dutchhealthstore.com\/wp-content\/uploads\/2020\/08\/logo-dutchhealthstore-jpg-e1599484957574.jpg\",\"width\":400,\"height\":62,\"caption\":\"Dutch Health Store\"},\"image\":{\"@id\":\"https:\/\/dutchhealthstore.com\/fr\/#\/schema\/logo\/image\/\"},\"sameAs\":[\"https:\/\/www.instagram.com\/dutchhealthstore\/\",\"https:\/\/www.facebook.com\/dutchhealthstore\"]}]}<\/script>\n<meta property=\"product:brand\" content=\"RiseWell\" \/>\n<meta property=\"product:price:amount\" content=\"19.95\" \/>\n<meta property=\"product:price:currency\" content=\"EUR\" \/>\n<meta property=\"og:availability\" content=\"instock\" \/>\n<meta property=\"product:availability\" content=\"instock\" \/>\n<meta property=\"product:retailer_item_id\" content=\"RISE_03\" \/>\n<meta property=\"product:condition\" content=\"new\" \/>\n<!-- \/ Yoast SEO Premium plugin. -->","yoast_head_json":{"title":"Kids Mineral Toothpaste - RiseWell","description":"Le dentifrice min\u00e9ral RiseWell Kids est unique en son genre. Il transforme le brossage en une exp\u00e9rience aussi d\u00e9licieuse que de d\u00e9guster une cuiller\u00e9e de p\u00e2te \u00e0 g\u00e2teau directement du bol \u2014 sauf que cette fois, c'est r\u00e9ellement bon pour eux.","robots":{"index":"index","follow":"follow","max-snippet":"max-snippet:-1","max-image-preview":"max-image-preview:large","max-video-preview":"max-video-preview:-1"},"canonical":"https:\/\/dutchhealthstore.com\/fr\/product\/kids-mineral-toothpaste\/","og_locale":"fr_FR","og_type":"article","og_title":"Kids Mineral Toothpaste - Dutch Health Store","og_description":"Le dentifrice min\u00e9ral RiseWell Kids est unique en son genre. Il transforme le brossage en une exp\u00e9rience aussi d\u00e9licieuse que de d\u00e9guster une cuiller\u00e9e de p\u00e2te \u00e0 g\u00e2teau directement du bol \u2014 sauf que cette fois, c'est r\u00e9ellement bon pour eux.","og_url":"https:\/\/dutchhealthstore.com\/fr\/product\/kids-mineral-toothpaste\/","og_site_name":"Dutch Health Store","article_publisher":"https:\/\/www.instagram.com\/dutchhealthstore\/","article_modified_time":"2026-03-03T15:38:28+00:00","og_image":[{"width":530,"height":530,"url":"https:\/\/dutchhealthstore.com\/wp-content\/uploads\/2025\/09\/risewel-kidstoothpaste-mintkleur.jpg","type":"image\/jpeg"}],"twitter_card":"summary_large_image","twitter_misc":{"Prix":"&euro;19,95","Disponibilit\u00e9":"En stock"},"schema":{"@context":"https:\/\/schema.org","@graph":[{"@type":"WebPage","@id":"https:\/\/dutchhealthstore.com\/fr\/product\/kids-mineral-toothpaste\/","url":"https:\/\/dutchhealthstore.com\/fr\/product\/kids-mineral-toothpaste\/","name":"Kids Mineral Toothpaste - RiseWell","isPartOf":{"@id":"https:\/\/dutchhealthstore.com\/fr\/#website"},"primaryImageOfPage":{"@id":"https:\/\/dutchhealthstore.com\/fr\/product\/kids-mineral-toothpaste\/#primaryimage"},"image":{"@id":"https:\/\/dutchhealthstore.com\/fr\/product\/kids-mineral-toothpaste\/#primaryimage"},"thumbnailUrl":"https:\/\/dutchhealthstore.com\/wp-content\/uploads\/2025\/09\/risewel-kidstoothpaste-mintkleur.jpg","datePublished":"2025-09-30T10:06:44+00:00","dateModified":"2026-03-03T15:38:28+00:00","description":"Le dentifrice min\u00e9ral RiseWell Kids est unique en son genre. Il transforme le brossage en une exp\u00e9rience aussi d\u00e9licieuse que de d\u00e9guster une cuiller\u00e9e de p\u00e2te \u00e0 g\u00e2teau directement du bol \u2014 sauf que cette fois, c'est r\u00e9ellement bon pour eux.","breadcrumb":{"@id":"https:\/\/dutchhealthstore.com\/fr\/product\/kids-mineral-toothpaste\/#breadcrumb"},"inLanguage":"fr-FR","potentialAction":[{"@type":"ReadAction","target":["https:\/\/dutchhealthstore.com\/fr\/product\/kids-mineral-toothpaste\/"]}]},{"@type":"ImageObject","inLanguage":"fr-FR","@id":"https:\/\/dutchhealthstore.com\/fr\/product\/kids-mineral-toothpaste\/#primaryimage","url":"https:\/\/dutchhealthstore.com\/wp-content\/uploads\/2025\/09\/risewel-kidstoothpaste-mintkleur.jpg","contentUrl":"https:\/\/dutchhealthstore.com\/wp-content\/uploads\/2025\/09\/risewel-kidstoothpaste-mintkleur.jpg","width":530,"height":530,"caption":"risewel-kidstoothpaste-mintkleur"},{"@type":"BreadcrumbList","@id":"https:\/\/dutchhealthstore.com\/fr\/product\/kids-mineral-toothpaste\/#breadcrumb","itemListElement":[{"@type":"ListItem","position":1,"name":"Home","item":"https:\/\/dutchhealthstore.com\/fr\/"},{"@type":"ListItem","position":2,"name":"Shop","item":"https:\/\/dutchhealthstore.com\/fr\/shop\/"},{"@type":"ListItem","position":3,"name":"Kids Mineral Toothpaste"}]},{"@type":"WebSite","@id":"https:\/\/dutchhealthstore.com\/fr\/#website","url":"https:\/\/dutchhealthstore.com\/fr\/","name":"Dutch Health Store","description":"Enhance Your Beauty with Organic &amp; Natural Skincare","publisher":{"@id":"https:\/\/dutchhealthstore.com\/fr\/#organization"},"potentialAction":[{"@type":"SearchAction","target":{"@type":"EntryPoint","urlTemplate":"https:\/\/dutchhealthstore.com\/fr\/?s={search_term_string}"},"query-input":{"@type":"PropertyValueSpecification","valueRequired":true,"valueName":"search_term_string"}}],"inLanguage":"fr-FR"},{"@type":"Organization","@id":"https:\/\/dutchhealthstore.com\/fr\/#organization","name":"Dutch Health Store","url":"https:\/\/dutchhealthstore.com\/fr\/","logo":{"@type":"ImageObject","inLanguage":"fr-FR","@id":"https:\/\/dutchhealthstore.com\/fr\/#\/schema\/logo\/image\/","url":"https:\/\/dutchhealthstore.com\/wp-content\/uploads\/2020\/08\/logo-dutchhealthstore-jpg-e1599484957574.jpg","contentUrl":"https:\/\/dutchhealthstore.com\/wp-content\/uploads\/2020\/08\/logo-dutchhealthstore-jpg-e1599484957574.jpg","width":400,"height":62,"caption":"Dutch Health Store"},"image":{"@id":"https:\/\/dutchhealthstore.com\/fr\/#\/schema\/logo\/image\/"},"sameAs":["https:\/\/www.instagram.com\/dutchhealthstore\/","https:\/\/www.facebook.com\/dutchhealthstore"]}]},"product_brand":"RiseWell","product_price_amount":"19.95","product_price_currency":"EUR","og_availability":"instock","product_availability":"instock","product_retailer_item_id":"RISE_03","product_condition":"new"},"_links":{"self":[{"href":"https:\/\/dutchhealthstore.com\/fr\/wp-json\/wp\/v2\/product\/357975","targetHints":{"allow":["GET"]}}],"collection":[{"href":"https:\/\/dutchhealthstore.com\/fr\/wp-json\/wp\/v2\/product"}],"about":[{"href":"https:\/\/dutchhealthstore.com\/fr\/wp-json\/wp\/v2\/types\/product"}],"replies":[{"embeddable":true,"href":"https:\/\/dutchhealthstore.com\/fr\/wp-json\/wp\/v2\/comments?post=357975"}],"wp:featuredmedia":[{"embeddable":true,"href":"https:\/\/dutchhealthstore.com\/fr\/wp-json\/wp\/v2\/media\/357714"}],"wp:attachment":[{"href":"https:\/\/dutchhealthstore.com\/fr\/wp-json\/wp\/v2\/media?parent=357975"}],"wp:term":[{"taxonomy":"product_brand","embeddable":true,"href":"https:\/\/dutchhealthstore.com\/fr\/wp-json\/wp\/v2\/product_brand?post=357975"},{"taxonomy":"product_cat","embeddable":true,"href":"https:\/\/dutchhealthstore.com\/fr\/wp-json\/wp\/v2\/product_cat?post=357975"},{"taxonomy":"product_tag","embeddable":true,"href":"https:\/\/dutchhealthstore.com\/fr\/wp-json\/wp\/v2\/product_tag?post=357975"}],"curies":[{"name":"wp","href":"https:\/\/api.w.org\/{rel}","templated":true}]}}