{"id":357971,"date":"2025-09-30T12:16:18","date_gmt":"2025-09-30T10:16:18","guid":{"rendered":"https:\/\/dutchhealthstore.com\/product\/natural-hydroxyapatite-toothpaste-flavourless\/"},"modified":"2026-04-07T14:57:07","modified_gmt":"2026-04-07T12:57:07","slug":"natural-hydroxyapatite-toothpaste-flavourless","status":"publish","type":"product","link":"https:\/\/dutchhealthstore.com\/fr\/product\/natural-hydroxyapatite-toothpaste-flavourless\/","title":{"rendered":"Natural Hydroxyapatite Toothpaste (Flavourless)"},"content":{"rendered":"<p>Pourquoi vous l&rsquo;aimerez :<\/p>\n<ul>\n<li>Sans fluorure, sans paraben, v\u00e9g\u00e9talien, sans gluten et sans cruaut\u00e9<\/li>\n<li>Formul\u00e9 \u00e0 base d&rsquo;hydroxyapatite pour renforcer, remin\u00e9raliser et prot\u00e9ger l&rsquo;\u00e9mail<\/li>\n<li>Formule sans saveur \u2013 extra douce pour les personnes sensibles au go\u00fbt<\/li>\n<li>Aide \u00e0 combattre la plaque dentaire et blanchit naturellement les dents<\/li>\n<li>Ingr\u00e9dients 100 % s\u00fbrs et efficaces \u2014 suffisamment s\u00fbrs pour \u00eatre aval\u00e9s<\/li>\n<li>Sans produits chimiques agressifs comme le SLS, le propyl\u00e8ne glycol, les ar\u00f4mes artificiels, les colorants ou le Teflon<\/li>\n<li>Ingr\u00e9dients transparents \u2014 aucun \u00ab ar\u00f4me naturel \u00bb cach\u00e9<\/li>\n<li>Un tube de 3,4 oz dure environ 3 mois lorsqu&rsquo;il est utilis\u00e9 deux fois par jour <\/li>\n<\/ul>\n<p><strong>Taille : 3.4 oz \/ 96 g <\/strong><\/p>\n<p>Dentifrice pour la sensibilit\u00e9 gustative.<br \/>\nLe dentifrice min\u00e9ral sans saveur de RiseWell est sp\u00e9cialement con\u00e7u pour ceux qui pr\u00e9f\u00e8rent (ou ont besoin) une option v\u00e9ritablement neutre. Formul\u00e9 \u00e0 base d&rsquo;hydroxyapatite, il offre tous les avantages d&rsquo;un dentifrice propre et efficace sans ajout d&rsquo;ar\u00f4mes, d&rsquo;\u00e9dulcorants, de sucre, d&rsquo;huiles essentielles ou d&rsquo;extraits, ce qui le rend plus hypoallerg\u00e9nique et doux pour les bouches sensibles. <\/p>\n<p>Comme tous les produits RiseWell, ce dentifrice min\u00e9ral sans saveur est 100 % propre, s\u00fbr et naturellement efficace pour renforcer, prot\u00e9ger et remin\u00e9raliser vos dents.<\/p>\n<h3>Comment utiliser<\/h3>\n<p>Appliquez autant de dentifrice que vous le souhaitez et brossez par mouvements circulaires doux pendant 2 minutes lorsque vous vous levez le matin, apr\u00e8s le d\u00e9jeuner et apr\u00e8s le d\u00eener pour des dents propres et blanches.<\/p>\n<h2><strong>Ingr\u00e9dients naturels \/ biologiques <\/strong><\/h2>\n<p>Eau, sorbitol, glyc\u00e9rine, silice hydrat\u00e9e, xylitol, hydroxyapatite, carbonate de calcium, propanediol, gomme xanthane, gomme de cellulose, extrait de st\u00e9via rebaudiana, \u00e9rythritol, gluconate de sodium.<\/p>\n\n\t<section class=\"section\" id=\"section_1154322421\">\n\t\t<div class=\"section-bg fill\" >\n\t\t\t\t\t\t\t\t\t\n\t\t\t\n\n\t\t<\/div>\n\n\t\t\n\n\t\t<div class=\"section-content relative\">\n\t\t\t\n\n<div class=\"row\"  id=\"row-1399010688\">\n\n\n\t<div id=\"col-1557046725\" class=\"col small-12 large-12\"  >\n\t\t\t\t<div class=\"col-inner\"  >\n\t\t\t\n\t\t\t\n\n<div class=\"container section-title-container\" ><h3 class=\"section-title section-title-normal\"><b><\/b><span class=\"section-title-main\" >\u00c0 propos de RiseWell<\/span><b><\/b><\/h3><\/div>\n\n<p><strong><img decoding=\"async\" class=\"alignright wp-image-357892\" src=\"https:\/\/dutchhealthstore.com\/wp-content\/uploads\/2025\/09\/risewell-large.png\" alt=\"\" width=\"168\" height=\"60\" srcset=\"https:\/\/dutchhealthstore.com\/wp-content\/uploads\/2025\/09\/risewell-large.png 451w, https:\/\/dutchhealthstore.com\/wp-content\/uploads\/2025\/09\/risewell-large-140x50.png 140w, https:\/\/dutchhealthstore.com\/wp-content\/uploads\/2025\/09\/risewell-large-64x23.png 64w\" sizes=\"(max-width: 168px) 100vw, 168px\" \/>RiseWell<\/strong> red\u00e9finit les soins bucco-dentaires gr\u00e2ce \u00e0 la puissance de la nature et de la science. Au c\u0153ur de chaque formule se trouve l'<strong>hydroxyapatite<\/strong> \u2013 le m\u00eame min\u00e9ral qui compose 97 % de l'\u00e9mail de vos dents. Cet ingr\u00e9dient naturel et sans fluor renforce, remin\u00e9ralise et blanchit les dents de mani\u00e8re s\u00fbre et efficace.  <\/p>\n<p>D\u00e9velopp\u00e9e par des experts dentaires et soutenue par la recherche scientifique, RiseWell propose une collection compl\u00e8te d'essentiels de soins bucco-dentaires pour toute la famille \u2013 du <strong>dentifrice min\u00e9ral PRO<\/strong> pour les dents sensibles au <strong>dentifrice pour enfants<\/strong>, au <strong>bain de bouche alcalinisant<\/strong> et au <strong>fil dentaire sans t\u00e9flon<\/strong>.<\/p>\n<p>Chaque produit RiseWell est fabriqu\u00e9 avec des <strong>ingr\u00e9dients propres et non toxiques<\/strong> et est <strong>suffisamment s\u00fbr pour \u00eatre aval\u00e9<\/strong>, ce qui en fait un choix de confiance pour ceux qui veulent des r\u00e9sultats efficaces sans compromis.<\/p>\n<p>D\u00e9velopp\u00e9 par des dentistes, sans fluor et aliment\u00e9 par la nature \u2013 voil\u00e0 la diff\u00e9rence RiseWell.<\/p>\n\n\t\t<\/div>\n\t\t\t\t\t<\/div>\n\n\t\n\n<\/div>\n\n\t\t<\/div>\n\n\t\t\n<style>\n#section_1154322421 {\n  padding-top: 30px;\n  padding-bottom: 30px;\n}\n<\/style>\n\t<\/section>\n\t\n","protected":false},"excerpt":{"rendered":"<p>Le dentifrice min\u00e9ral sans saveur de RiseWell est sp\u00e9cialement con\u00e7u pour ceux qui pr\u00e9f\u00e8rent (ou ont besoin) une option v\u00e9ritablement neutre.<\/p>\n","protected":false},"featured_media":357734,"comment_status":"open","ping_status":"closed","template":"","meta":[],"product_brand":[],"product_cat":[1037,1908,20902,1209,1030,21728,1010],"product_tag":[],"class_list":{"0":"post-357971","1":"product","2":"type-product","3":"status-publish","4":"has-post-thumbnail","6":"product_cat-hygiene-dentaire","7":"product_cat-new-additions-fr","8":"product_cat-new-additions-healthcare-fr","9":"product_cat-par-marques","10":"product_cat-par-produits","11":"product_cat-risewell-fr","12":"product_cat-notre-boutique","13":"pa_brand-risewell-fr","14":"pa_dental-care-product-type-toothpaste-fr","15":"pa_gtin-860008718426-fr","16":"pa_size-96-g","18":"first","19":"instock","20":"taxable","21":"shipping-taxable","22":"purchasable","23":"product-type-simple"},"bundled_by":[],"bundle_stock_status":"instock","bundle_stock_quantity":30,"bundle_virtual":false,"bundle_layout":"","bundle_add_to_cart_form_location":"","bundle_editable_in_cart":false,"bundle_sold_individually_context":"","bundle_item_grouping":"","bundle_min_size":"","bundle_max_size":"","bundle_price":[],"bundled_items":[],"bundle_sell_ids":[357966],"atum_controlled":true,"out_stock_date":null,"out_stock_threshold":null,"inheritable":false,"stock_on_hold":0,"sold_today":0,"sales_last_days":17,"out_stock_days":0,"lost_sales":0,"update_date":"2026-04-07T14:46:07","atum_locations":[],"atum_stock_status":"instock","restock_status":true,"low_stock_amount":"","sales_update_date":"2026-04-07T14:46:07","calc_backorders":null,"group_of_quantity":0,"min_quantity":0,"max_quantity":"","exclude_order_quantity_value_rules":"no","exclude_category_quantity_rules":"no","combine_variations":"no","yoast_head":"<!-- This site is optimized with the Yoast SEO Premium plugin v26.5 (Yoast SEO v26.5) - https:\/\/yoast.com\/wordpress\/plugins\/seo\/ -->\n<title>Natural Hydroxyapatite Toothpaste (Flavourless) - RiseWell<\/title>\n<meta name=\"description\" content=\"Le dentifrice min\u00e9ral sans saveur de RiseWell est sp\u00e9cialement con\u00e7u pour ceux qui pr\u00e9f\u00e8rent (ou ont besoin) une option v\u00e9ritablement neutre.\" \/>\n<meta name=\"robots\" content=\"index, follow, max-snippet:-1, max-image-preview:large, max-video-preview:-1\" \/>\n<link rel=\"canonical\" href=\"https:\/\/dutchhealthstore.com\/fr\/product\/natural-hydroxyapatite-toothpaste-flavourless\/\" \/>\n<meta property=\"og:locale\" content=\"fr_FR\" \/>\n<meta property=\"og:type\" content=\"article\" \/>\n<meta property=\"og:title\" content=\"Natural Hydroxyapatite Toothpaste (Flavourless) - Dutch Health Store\" \/>\n<meta property=\"og:description\" content=\"Le dentifrice min\u00e9ral sans saveur de RiseWell est sp\u00e9cialement con\u00e7u pour ceux qui pr\u00e9f\u00e8rent (ou ont besoin) une option v\u00e9ritablement neutre.\" \/>\n<meta property=\"og:url\" content=\"https:\/\/dutchhealthstore.com\/fr\/product\/natural-hydroxyapatite-toothpaste-flavourless\/\" \/>\n<meta property=\"og:site_name\" content=\"Dutch Health Store\" \/>\n<meta property=\"article:publisher\" content=\"https:\/\/www.instagram.com\/dutchhealthstore\/\" \/>\n<meta property=\"article:modified_time\" content=\"2026-04-07T12:57:07+00:00\" \/>\n<meta property=\"og:image\" content=\"https:\/\/dutchhealthstore.com\/wp-content\/uploads\/2025\/09\/risewell-toothpaste-flavourless.jpg\" \/>\n\t<meta property=\"og:image:width\" content=\"530\" \/>\n\t<meta property=\"og:image:height\" content=\"530\" \/>\n\t<meta property=\"og:image:type\" content=\"image\/jpeg\" \/>\n<meta name=\"twitter:card\" content=\"summary_large_image\" \/>\n<meta name=\"twitter:label1\" content=\"Prix\" \/>\n\t<meta name=\"twitter:data1\" content=\"&euro;19,95\" \/>\n\t<meta name=\"twitter:label2\" content=\"Disponibilit\u00e9\" \/>\n\t<meta name=\"twitter:data2\" content=\"En stock\" \/>\n<script type=\"application\/ld+json\" class=\"yoast-schema-graph\">{\"@context\":\"https:\/\/schema.org\",\"@graph\":[{\"@type\":\"WebPage\",\"@id\":\"https:\/\/dutchhealthstore.com\/fr\/product\/natural-hydroxyapatite-toothpaste-flavourless\/\",\"url\":\"https:\/\/dutchhealthstore.com\/fr\/product\/natural-hydroxyapatite-toothpaste-flavourless\/\",\"name\":\"Natural Hydroxyapatite Toothpaste (Flavourless) - RiseWell\",\"isPartOf\":{\"@id\":\"https:\/\/dutchhealthstore.com\/fr\/#website\"},\"primaryImageOfPage\":{\"@id\":\"https:\/\/dutchhealthstore.com\/fr\/product\/natural-hydroxyapatite-toothpaste-flavourless\/#primaryimage\"},\"image\":{\"@id\":\"https:\/\/dutchhealthstore.com\/fr\/product\/natural-hydroxyapatite-toothpaste-flavourless\/#primaryimage\"},\"thumbnailUrl\":\"https:\/\/dutchhealthstore.com\/wp-content\/uploads\/2025\/09\/risewell-toothpaste-flavourless.jpg\",\"datePublished\":\"2025-09-30T10:16:18+00:00\",\"dateModified\":\"2026-04-07T12:57:07+00:00\",\"description\":\"Le dentifrice min\u00e9ral sans saveur de RiseWell est sp\u00e9cialement con\u00e7u pour ceux qui pr\u00e9f\u00e8rent (ou ont besoin) une option v\u00e9ritablement neutre.\",\"breadcrumb\":{\"@id\":\"https:\/\/dutchhealthstore.com\/fr\/product\/natural-hydroxyapatite-toothpaste-flavourless\/#breadcrumb\"},\"inLanguage\":\"fr-FR\",\"potentialAction\":[{\"@type\":\"ReadAction\",\"target\":[\"https:\/\/dutchhealthstore.com\/fr\/product\/natural-hydroxyapatite-toothpaste-flavourless\/\"]}]},{\"@type\":\"ImageObject\",\"inLanguage\":\"fr-FR\",\"@id\":\"https:\/\/dutchhealthstore.com\/fr\/product\/natural-hydroxyapatite-toothpaste-flavourless\/#primaryimage\",\"url\":\"https:\/\/dutchhealthstore.com\/wp-content\/uploads\/2025\/09\/risewell-toothpaste-flavourless.jpg\",\"contentUrl\":\"https:\/\/dutchhealthstore.com\/wp-content\/uploads\/2025\/09\/risewell-toothpaste-flavourless.jpg\",\"width\":530,\"height\":530,\"caption\":\"risewell-toothpaste-flavourless\"},{\"@type\":\"BreadcrumbList\",\"@id\":\"https:\/\/dutchhealthstore.com\/fr\/product\/natural-hydroxyapatite-toothpaste-flavourless\/#breadcrumb\",\"itemListElement\":[{\"@type\":\"ListItem\",\"position\":1,\"name\":\"Home\",\"item\":\"https:\/\/dutchhealthstore.com\/fr\/\"},{\"@type\":\"ListItem\",\"position\":2,\"name\":\"Shop\",\"item\":\"https:\/\/dutchhealthstore.com\/fr\/shop\/\"},{\"@type\":\"ListItem\",\"position\":3,\"name\":\"Natural Hydroxyapatite Toothpaste (Flavourless)\"}]},{\"@type\":\"WebSite\",\"@id\":\"https:\/\/dutchhealthstore.com\/fr\/#website\",\"url\":\"https:\/\/dutchhealthstore.com\/fr\/\",\"name\":\"Dutch Health Store\",\"description\":\"Enhance Your Beauty with Organic &amp; Natural Skincare\",\"publisher\":{\"@id\":\"https:\/\/dutchhealthstore.com\/fr\/#organization\"},\"potentialAction\":[{\"@type\":\"SearchAction\",\"target\":{\"@type\":\"EntryPoint\",\"urlTemplate\":\"https:\/\/dutchhealthstore.com\/fr\/?s={search_term_string}\"},\"query-input\":{\"@type\":\"PropertyValueSpecification\",\"valueRequired\":true,\"valueName\":\"search_term_string\"}}],\"inLanguage\":\"fr-FR\"},{\"@type\":\"Organization\",\"@id\":\"https:\/\/dutchhealthstore.com\/fr\/#organization\",\"name\":\"Dutch Health Store\",\"url\":\"https:\/\/dutchhealthstore.com\/fr\/\",\"logo\":{\"@type\":\"ImageObject\",\"inLanguage\":\"fr-FR\",\"@id\":\"https:\/\/dutchhealthstore.com\/fr\/#\/schema\/logo\/image\/\",\"url\":\"https:\/\/dutchhealthstore.com\/wp-content\/uploads\/2020\/08\/logo-dutchhealthstore-jpg-e1599484957574.jpg\",\"contentUrl\":\"https:\/\/dutchhealthstore.com\/wp-content\/uploads\/2020\/08\/logo-dutchhealthstore-jpg-e1599484957574.jpg\",\"width\":400,\"height\":62,\"caption\":\"Dutch Health Store\"},\"image\":{\"@id\":\"https:\/\/dutchhealthstore.com\/fr\/#\/schema\/logo\/image\/\"},\"sameAs\":[\"https:\/\/www.instagram.com\/dutchhealthstore\/\",\"https:\/\/www.facebook.com\/dutchhealthstore\"]}]}<\/script>\n<meta property=\"product:brand\" content=\"RiseWell\" \/>\n<meta property=\"product:price:amount\" content=\"19.95\" \/>\n<meta property=\"product:price:currency\" content=\"EUR\" \/>\n<meta property=\"og:availability\" content=\"instock\" \/>\n<meta property=\"product:availability\" content=\"instock\" \/>\n<meta property=\"product:retailer_item_id\" content=\"RISE_10\" \/>\n<meta property=\"product:condition\" content=\"new\" \/>\n<!-- \/ Yoast SEO Premium plugin. -->","yoast_head_json":{"title":"Natural Hydroxyapatite Toothpaste (Flavourless) - RiseWell","description":"Le dentifrice min\u00e9ral sans saveur de RiseWell est sp\u00e9cialement con\u00e7u pour ceux qui pr\u00e9f\u00e8rent (ou ont besoin) une option v\u00e9ritablement neutre.","robots":{"index":"index","follow":"follow","max-snippet":"max-snippet:-1","max-image-preview":"max-image-preview:large","max-video-preview":"max-video-preview:-1"},"canonical":"https:\/\/dutchhealthstore.com\/fr\/product\/natural-hydroxyapatite-toothpaste-flavourless\/","og_locale":"fr_FR","og_type":"article","og_title":"Natural Hydroxyapatite Toothpaste (Flavourless) - Dutch Health Store","og_description":"Le dentifrice min\u00e9ral sans saveur de RiseWell est sp\u00e9cialement con\u00e7u pour ceux qui pr\u00e9f\u00e8rent (ou ont besoin) une option v\u00e9ritablement neutre.","og_url":"https:\/\/dutchhealthstore.com\/fr\/product\/natural-hydroxyapatite-toothpaste-flavourless\/","og_site_name":"Dutch Health Store","article_publisher":"https:\/\/www.instagram.com\/dutchhealthstore\/","article_modified_time":"2026-04-07T12:57:07+00:00","og_image":[{"width":530,"height":530,"url":"https:\/\/dutchhealthstore.com\/wp-content\/uploads\/2025\/09\/risewell-toothpaste-flavourless.jpg","type":"image\/jpeg"}],"twitter_card":"summary_large_image","twitter_misc":{"Prix":"&euro;19,95","Disponibilit\u00e9":"En stock"},"schema":{"@context":"https:\/\/schema.org","@graph":[{"@type":"WebPage","@id":"https:\/\/dutchhealthstore.com\/fr\/product\/natural-hydroxyapatite-toothpaste-flavourless\/","url":"https:\/\/dutchhealthstore.com\/fr\/product\/natural-hydroxyapatite-toothpaste-flavourless\/","name":"Natural Hydroxyapatite Toothpaste (Flavourless) - RiseWell","isPartOf":{"@id":"https:\/\/dutchhealthstore.com\/fr\/#website"},"primaryImageOfPage":{"@id":"https:\/\/dutchhealthstore.com\/fr\/product\/natural-hydroxyapatite-toothpaste-flavourless\/#primaryimage"},"image":{"@id":"https:\/\/dutchhealthstore.com\/fr\/product\/natural-hydroxyapatite-toothpaste-flavourless\/#primaryimage"},"thumbnailUrl":"https:\/\/dutchhealthstore.com\/wp-content\/uploads\/2025\/09\/risewell-toothpaste-flavourless.jpg","datePublished":"2025-09-30T10:16:18+00:00","dateModified":"2026-04-07T12:57:07+00:00","description":"Le dentifrice min\u00e9ral sans saveur de RiseWell est sp\u00e9cialement con\u00e7u pour ceux qui pr\u00e9f\u00e8rent (ou ont besoin) une option v\u00e9ritablement neutre.","breadcrumb":{"@id":"https:\/\/dutchhealthstore.com\/fr\/product\/natural-hydroxyapatite-toothpaste-flavourless\/#breadcrumb"},"inLanguage":"fr-FR","potentialAction":[{"@type":"ReadAction","target":["https:\/\/dutchhealthstore.com\/fr\/product\/natural-hydroxyapatite-toothpaste-flavourless\/"]}]},{"@type":"ImageObject","inLanguage":"fr-FR","@id":"https:\/\/dutchhealthstore.com\/fr\/product\/natural-hydroxyapatite-toothpaste-flavourless\/#primaryimage","url":"https:\/\/dutchhealthstore.com\/wp-content\/uploads\/2025\/09\/risewell-toothpaste-flavourless.jpg","contentUrl":"https:\/\/dutchhealthstore.com\/wp-content\/uploads\/2025\/09\/risewell-toothpaste-flavourless.jpg","width":530,"height":530,"caption":"risewell-toothpaste-flavourless"},{"@type":"BreadcrumbList","@id":"https:\/\/dutchhealthstore.com\/fr\/product\/natural-hydroxyapatite-toothpaste-flavourless\/#breadcrumb","itemListElement":[{"@type":"ListItem","position":1,"name":"Home","item":"https:\/\/dutchhealthstore.com\/fr\/"},{"@type":"ListItem","position":2,"name":"Shop","item":"https:\/\/dutchhealthstore.com\/fr\/shop\/"},{"@type":"ListItem","position":3,"name":"Natural Hydroxyapatite Toothpaste (Flavourless)"}]},{"@type":"WebSite","@id":"https:\/\/dutchhealthstore.com\/fr\/#website","url":"https:\/\/dutchhealthstore.com\/fr\/","name":"Dutch Health Store","description":"Enhance Your Beauty with Organic &amp; Natural Skincare","publisher":{"@id":"https:\/\/dutchhealthstore.com\/fr\/#organization"},"potentialAction":[{"@type":"SearchAction","target":{"@type":"EntryPoint","urlTemplate":"https:\/\/dutchhealthstore.com\/fr\/?s={search_term_string}"},"query-input":{"@type":"PropertyValueSpecification","valueRequired":true,"valueName":"search_term_string"}}],"inLanguage":"fr-FR"},{"@type":"Organization","@id":"https:\/\/dutchhealthstore.com\/fr\/#organization","name":"Dutch Health Store","url":"https:\/\/dutchhealthstore.com\/fr\/","logo":{"@type":"ImageObject","inLanguage":"fr-FR","@id":"https:\/\/dutchhealthstore.com\/fr\/#\/schema\/logo\/image\/","url":"https:\/\/dutchhealthstore.com\/wp-content\/uploads\/2020\/08\/logo-dutchhealthstore-jpg-e1599484957574.jpg","contentUrl":"https:\/\/dutchhealthstore.com\/wp-content\/uploads\/2020\/08\/logo-dutchhealthstore-jpg-e1599484957574.jpg","width":400,"height":62,"caption":"Dutch Health Store"},"image":{"@id":"https:\/\/dutchhealthstore.com\/fr\/#\/schema\/logo\/image\/"},"sameAs":["https:\/\/www.instagram.com\/dutchhealthstore\/","https:\/\/www.facebook.com\/dutchhealthstore"]}]},"product_brand":"RiseWell","product_price_amount":"19.95","product_price_currency":"EUR","og_availability":"instock","product_availability":"instock","product_retailer_item_id":"RISE_10","product_condition":"new"},"_links":{"self":[{"href":"https:\/\/dutchhealthstore.com\/fr\/wp-json\/wp\/v2\/product\/357971","targetHints":{"allow":["GET"]}}],"collection":[{"href":"https:\/\/dutchhealthstore.com\/fr\/wp-json\/wp\/v2\/product"}],"about":[{"href":"https:\/\/dutchhealthstore.com\/fr\/wp-json\/wp\/v2\/types\/product"}],"replies":[{"embeddable":true,"href":"https:\/\/dutchhealthstore.com\/fr\/wp-json\/wp\/v2\/comments?post=357971"}],"wp:featuredmedia":[{"embeddable":true,"href":"https:\/\/dutchhealthstore.com\/fr\/wp-json\/wp\/v2\/media\/357734"}],"wp:attachment":[{"href":"https:\/\/dutchhealthstore.com\/fr\/wp-json\/wp\/v2\/media?parent=357971"}],"wp:term":[{"taxonomy":"product_brand","embeddable":true,"href":"https:\/\/dutchhealthstore.com\/fr\/wp-json\/wp\/v2\/product_brand?post=357971"},{"taxonomy":"product_cat","embeddable":true,"href":"https:\/\/dutchhealthstore.com\/fr\/wp-json\/wp\/v2\/product_cat?post=357971"},{"taxonomy":"product_tag","embeddable":true,"href":"https:\/\/dutchhealthstore.com\/fr\/wp-json\/wp\/v2\/product_tag?post=357971"}],"curies":[{"name":"wp","href":"https:\/\/api.w.org\/{rel}","templated":true}]}}