{"id":357966,"date":"2025-09-30T12:17:40","date_gmt":"2025-09-30T10:17:40","guid":{"rendered":"https:\/\/dutchhealthstore.com\/product\/pro-mineral-toothpaste\/"},"modified":"2026-04-13T21:57:47","modified_gmt":"2026-04-13T19:57:47","slug":"pro-mineral-toothpaste","status":"publish","type":"product","link":"https:\/\/dutchhealthstore.com\/fr\/product\/pro-mineral-toothpaste\/","title":{"rendered":"PRO Mineral Toothpaste"},"content":{"rendered":"<ul>\n<li>Combat la plaque et blanchit naturellement<\/li>\n<li>100 % s\u00fbr avec des ingr\u00e9dients prouv\u00e9s et efficaces \u2014 m\u00eame s\u00fbr \u00e0 avaler<\/li>\n<li>Sans SLS, propyl\u00e8ne glycol, ar\u00f4mes artificiels et colorants<\/li>\n<li>Ingr\u00e9dients transparents \u2014 aucun \u00ab ar\u00f4me naturel \u00bb cach\u00e9<\/li>\n<li>Sans fluorure, sans paraben, v\u00e9g\u00e9talien, sans gluten et sans cruaut\u00e9<\/li>\n<li>Un tube de 96 g dure environ 3 mois lorsqu&rsquo;utilis\u00e9 deux fois par jour <\/li>\n<\/ul>\n<p>Le nouveau dentifrice min\u00e9ral PRO Sensitivity de RiseWell combine \u00e0 la fois Micro et Nano-Hydroxyapatite dans une formule r\u00e9volutionnaire, con\u00e7ue sp\u00e9cialement pour ceux qui ont les dents sensibles. Avec plus d&rsquo;hydroxyapatite que tout autre dentifrice sur le march\u00e9, c&rsquo;est une solution propre, s\u00fbre et puissante qui prot\u00e8ge, restaure et renforce votre sourire \u2014 tout en apaisant naturellement la sensibilit\u00e9. <\/p>\n<p><strong>Taille : 3.4 oz \/ 96 g <\/strong><\/p>\n<p><span class=\"text-secondary font-bold\">Remarque<\/span><\/p>\n<div>\n<p class=\"mb-2\">&#8211; Aliment\u00e9 par la plus haute concentration de Micro et Nano-Hydroxyapatite du march\u00e9 pour renforcer, remin\u00e9raliser et prot\u00e9ger l&rsquo;\u00e9mail dentaire tout en soulageant la sensibilit\u00e9<br \/>\n&#8211; Anti-plaque et blanchissant naturellement<br \/>\n&#8211; 100 % s\u00fbr avec des ingr\u00e9dients prouv\u00e9s et efficaces. Assez s\u00fbr pour \u00eatre mang\u00e9 !<br \/>\n&#8211; Aucun produit chimique nocif comme le laurylsulfate de sodium (SLS), le propyl\u00e8ne glycol, les ar\u00f4mes artificiels ou les colorants<br \/>\n&#8211; Ingr\u00e9dients transparents sans \u00ab ar\u00f4me naturel \u00bb cach\u00e9<br \/>\n&#8211; Sans fluorure, sans paraben, v\u00e9g\u00e9talien, sans gluten et sans cruaut\u00e9<br \/>\n&#8211; Lorsqu&rsquo;utilis\u00e9 deux fois par jour, un tube de 96 g dure environ 3 mois  <\/p>\n<p class=\"mb-2\">Pour des r\u00e9sultats optimaux, nous recommandons notre routine de soins simple en 3 \u00e9tapes : Fil dentaire, Rin\u00e7age et Brossage (sans cracher). Nos produits sont assez s\u00fbrs pour \u00eatre mang\u00e9s. <\/p>\n<\/div>\n<h3>Comment utiliser<\/h3>\n<p>Appliquez autant de dentifrice que vous le souhaitez et brossez par mouvements circulaires doux pendant 2 minutes lorsque vous vous levez le matin, apr\u00e8s le d\u00e9jeuner et apr\u00e8s le d\u00eener pour des dents propres et blanches.<\/p>\n<h2><strong>Ingr\u00e9dients naturels \/ biologiques <\/strong><\/h2>\n<p>Eau, Sorbitol, Silice hydrat\u00e9e, Glyc\u00e9rine, Xylitol, Hydroxyapatite, Carbonate de calcium, Propanediol, Nano-Hydroxyapatite, Cocoate de potassium, Extrait de Stevia Rebaudiana, Huile de Mentha Arvensis (Menthe sauvage), Huile de Mentha Piperita (Menthe poivr\u00e9e), Extrait d&rsquo;\u00e9corce de Cassia (Cannelle), Huile de zeste de Citrus Aurantium Dulcis (Orange), Huile de zeste de Citrus Limon (Citron), Huile de Melaleuca Alternifolia (Arbre \u00e0 th\u00e9), Gomme de cellulose, Gluconate de sodium, Extrait de Thymus Vulgaris (Thym), Gomme de xanthane, \u00c9rythritol.<\/p>\n\n\t<section class=\"section\" id=\"section_1486918304\">\n\t\t<div class=\"section-bg fill\" >\n\t\t\t\t\t\t\t\t\t\n\t\t\t\n\n\t\t<\/div>\n\n\t\t\n\n\t\t<div class=\"section-content relative\">\n\t\t\t\n\n<div class=\"row\"  id=\"row-899876076\">\n\n\n\t<div id=\"col-1925514114\" class=\"col small-12 large-12\"  >\n\t\t\t\t<div class=\"col-inner\"  >\n\t\t\t\n\t\t\t\n\n<div class=\"container section-title-container\" ><h3 class=\"section-title section-title-normal\"><b><\/b><span class=\"section-title-main\" >\u00c0 propos de RiseWell<\/span><b><\/b><\/h3><\/div>\n\n<p><strong><img decoding=\"async\" class=\"alignright wp-image-357892\" src=\"https:\/\/dutchhealthstore.com\/wp-content\/uploads\/2025\/09\/risewell-large.png\" alt=\"\" width=\"168\" height=\"60\" srcset=\"https:\/\/dutchhealthstore.com\/wp-content\/uploads\/2025\/09\/risewell-large.png 451w, https:\/\/dutchhealthstore.com\/wp-content\/uploads\/2025\/09\/risewell-large-140x50.png 140w, https:\/\/dutchhealthstore.com\/wp-content\/uploads\/2025\/09\/risewell-large-64x23.png 64w\" sizes=\"(max-width: 168px) 100vw, 168px\" \/>RiseWell<\/strong> red\u00e9finit les soins bucco-dentaires gr\u00e2ce \u00e0 la puissance de la nature et de la science. Au c\u0153ur de chaque formule se trouve l'<strong>hydroxyapatite<\/strong> \u2013 le m\u00eame min\u00e9ral qui compose 97 % de l'\u00e9mail de vos dents. Cet ingr\u00e9dient naturel et sans fluor renforce, remin\u00e9ralise et blanchit les dents de mani\u00e8re s\u00fbre et efficace.  <\/p>\n<p>D\u00e9velopp\u00e9e par des experts dentaires et soutenue par la recherche scientifique, RiseWell propose une collection compl\u00e8te d'essentiels de soins bucco-dentaires pour toute la famille \u2013 du <strong>dentifrice min\u00e9ral PRO<\/strong> pour les dents sensibles au <strong>dentifrice pour enfants<\/strong>, au <strong>bain de bouche alcalinisant<\/strong> et au <strong>fil dentaire sans t\u00e9flon<\/strong>.<\/p>\n<p>Chaque produit RiseWell est fabriqu\u00e9 avec des <strong>ingr\u00e9dients propres et non toxiques<\/strong> et est <strong>suffisamment s\u00fbr pour \u00eatre aval\u00e9<\/strong>, ce qui en fait un choix de confiance pour ceux qui veulent des r\u00e9sultats efficaces sans compromis.<\/p>\n<p>D\u00e9velopp\u00e9 par des dentistes, sans fluor et aliment\u00e9 par la nature \u2013 voil\u00e0 la diff\u00e9rence RiseWell.<\/p>\n\n\t\t<\/div>\n\t\t\t\t\t<\/div>\n\n\t\n\n<\/div>\n\n\t\t<\/div>\n\n\t\t\n<style>\n#section_1486918304 {\n  padding-top: 30px;\n  padding-bottom: 30px;\n}\n<\/style>\n\t<\/section>\n\t\n","protected":false},"excerpt":{"rendered":"<p>Formul\u00e9 avec la plus haute concentration de Micro et Nano-Hydroxyapatite du march\u00e9, ce dentifrice avanc\u00e9 aide \u00e0 renforcer, remin\u00e9raliser et prot\u00e9ger l&rsquo;\u00e9mail dentaire tout en apaisant la sensibilit\u00e9.<\/p>\n","protected":false},"featured_media":357747,"comment_status":"open","ping_status":"closed","template":"","meta":[],"product_brand":[],"product_cat":[1037,1908,20902,1209,1030,21728,1010],"product_tag":[],"class_list":{"0":"post-357966","1":"product","2":"type-product","3":"status-publish","4":"has-post-thumbnail","6":"product_cat-hygiene-dentaire","7":"product_cat-new-additions-fr","8":"product_cat-new-additions-healthcare-fr","9":"product_cat-par-marques","10":"product_cat-par-produits","11":"product_cat-risewell-fr","12":"product_cat-notre-boutique","13":"pa_brand-risewell-fr","14":"pa_dental-care-product-type-toothpaste-fr","15":"pa_gtin-860008718402-fr","16":"pa_size-96-g","18":"first","19":"instock","20":"taxable","21":"shipping-taxable","22":"purchasable","23":"product-type-simple"},"bundled_by":[],"bundle_stock_status":"instock","bundle_stock_quantity":11,"bundle_virtual":false,"bundle_layout":"","bundle_add_to_cart_form_location":"","bundle_editable_in_cart":false,"bundle_sold_individually_context":"","bundle_item_grouping":"","bundle_min_size":"","bundle_max_size":"","bundle_price":[],"bundled_items":[],"bundle_sell_ids":[357971],"atum_controlled":true,"out_stock_date":null,"out_stock_threshold":null,"inheritable":false,"stock_on_hold":1,"sold_today":1,"sales_last_days":10,"out_stock_days":0,"lost_sales":0,"update_date":"2026-04-18T12:48:18","atum_locations":[],"atum_stock_status":"instock","restock_status":false,"low_stock_amount":"","sales_update_date":"2026-04-18T12:48:18","calc_backorders":null,"group_of_quantity":0,"min_quantity":0,"max_quantity":"","exclude_order_quantity_value_rules":"no","exclude_category_quantity_rules":"no","combine_variations":"no","yoast_head":"<!-- This site is optimized with the Yoast SEO Premium plugin v26.5 (Yoast SEO v26.5) - https:\/\/yoast.com\/wordpress\/plugins\/seo\/ -->\n<title>PRO Mineral Toothpaste - RiseWell<\/title>\n<meta name=\"description\" content=\"Formul\u00e9 avec la plus haute concentration de Micro et Nano-Hydroxyapatite du march\u00e9, ce dentifrice avanc\u00e9 aide \u00e0 renforcer, remin\u00e9raliser et prot\u00e9ger l&#039;\u00e9mail dentaire tout en apaisant la sensibilit\u00e9.\" \/>\n<meta name=\"robots\" content=\"index, follow, max-snippet:-1, max-image-preview:large, max-video-preview:-1\" \/>\n<link rel=\"canonical\" href=\"https:\/\/dutchhealthstore.com\/fr\/product\/pro-mineral-toothpaste\/\" \/>\n<meta property=\"og:locale\" content=\"fr_FR\" \/>\n<meta property=\"og:type\" content=\"article\" \/>\n<meta property=\"og:title\" content=\"PRO Mineral Toothpaste - Dutch Health Store\" \/>\n<meta property=\"og:description\" content=\"Formul\u00e9 avec la plus haute concentration de Micro et Nano-Hydroxyapatite du march\u00e9, ce dentifrice avanc\u00e9 aide \u00e0 renforcer, remin\u00e9raliser et prot\u00e9ger l&#039;\u00e9mail dentaire tout en apaisant la sensibilit\u00e9.\" \/>\n<meta property=\"og:url\" content=\"https:\/\/dutchhealthstore.com\/fr\/product\/pro-mineral-toothpaste\/\" \/>\n<meta property=\"og:site_name\" content=\"Dutch Health Store\" \/>\n<meta property=\"article:publisher\" content=\"https:\/\/www.instagram.com\/dutchhealthstore\/\" \/>\n<meta property=\"article:modified_time\" content=\"2026-04-13T19:57:47+00:00\" \/>\n<meta property=\"og:image\" content=\"https:\/\/dutchhealthstore.com\/wp-content\/uploads\/2025\/09\/risewell-PRO-toothpaste.jpg\" \/>\n\t<meta property=\"og:image:width\" content=\"530\" \/>\n\t<meta property=\"og:image:height\" content=\"530\" \/>\n\t<meta property=\"og:image:type\" content=\"image\/jpeg\" \/>\n<meta name=\"twitter:card\" content=\"summary_large_image\" \/>\n<meta name=\"twitter:label1\" content=\"Prix\" \/>\n\t<meta name=\"twitter:data1\" content=\"&euro;27,95\" \/>\n\t<meta name=\"twitter:label2\" content=\"Disponibilit\u00e9\" \/>\n\t<meta name=\"twitter:data2\" content=\"En stock\" \/>\n<script type=\"application\/ld+json\" class=\"yoast-schema-graph\">{\"@context\":\"https:\/\/schema.org\",\"@graph\":[{\"@type\":\"WebPage\",\"@id\":\"https:\/\/dutchhealthstore.com\/fr\/product\/pro-mineral-toothpaste\/\",\"url\":\"https:\/\/dutchhealthstore.com\/fr\/product\/pro-mineral-toothpaste\/\",\"name\":\"PRO Mineral Toothpaste - RiseWell\",\"isPartOf\":{\"@id\":\"https:\/\/dutchhealthstore.com\/fr\/#website\"},\"primaryImageOfPage\":{\"@id\":\"https:\/\/dutchhealthstore.com\/fr\/product\/pro-mineral-toothpaste\/#primaryimage\"},\"image\":{\"@id\":\"https:\/\/dutchhealthstore.com\/fr\/product\/pro-mineral-toothpaste\/#primaryimage\"},\"thumbnailUrl\":\"https:\/\/dutchhealthstore.com\/wp-content\/uploads\/2025\/09\/risewell-PRO-toothpaste.jpg\",\"datePublished\":\"2025-09-30T10:17:40+00:00\",\"dateModified\":\"2026-04-13T19:57:47+00:00\",\"description\":\"Formul\u00e9 avec la plus haute concentration de Micro et Nano-Hydroxyapatite du march\u00e9, ce dentifrice avanc\u00e9 aide \u00e0 renforcer, remin\u00e9raliser et prot\u00e9ger l'\u00e9mail dentaire tout en apaisant la sensibilit\u00e9.\",\"breadcrumb\":{\"@id\":\"https:\/\/dutchhealthstore.com\/fr\/product\/pro-mineral-toothpaste\/#breadcrumb\"},\"inLanguage\":\"fr-FR\",\"potentialAction\":[{\"@type\":\"ReadAction\",\"target\":[\"https:\/\/dutchhealthstore.com\/fr\/product\/pro-mineral-toothpaste\/\"]}]},{\"@type\":\"ImageObject\",\"inLanguage\":\"fr-FR\",\"@id\":\"https:\/\/dutchhealthstore.com\/fr\/product\/pro-mineral-toothpaste\/#primaryimage\",\"url\":\"https:\/\/dutchhealthstore.com\/wp-content\/uploads\/2025\/09\/risewell-PRO-toothpaste.jpg\",\"contentUrl\":\"https:\/\/dutchhealthstore.com\/wp-content\/uploads\/2025\/09\/risewell-PRO-toothpaste.jpg\",\"width\":530,\"height\":530,\"caption\":\"risewell-PRO-toothpaste\"},{\"@type\":\"BreadcrumbList\",\"@id\":\"https:\/\/dutchhealthstore.com\/fr\/product\/pro-mineral-toothpaste\/#breadcrumb\",\"itemListElement\":[{\"@type\":\"ListItem\",\"position\":1,\"name\":\"Home\",\"item\":\"https:\/\/dutchhealthstore.com\/fr\/\"},{\"@type\":\"ListItem\",\"position\":2,\"name\":\"Shop\",\"item\":\"https:\/\/dutchhealthstore.com\/fr\/shop\/\"},{\"@type\":\"ListItem\",\"position\":3,\"name\":\"PRO Mineral Toothpaste\"}]},{\"@type\":\"WebSite\",\"@id\":\"https:\/\/dutchhealthstore.com\/fr\/#website\",\"url\":\"https:\/\/dutchhealthstore.com\/fr\/\",\"name\":\"Dutch Health Store\",\"description\":\"Enhance Your Beauty with Organic &amp; Natural Skincare\",\"publisher\":{\"@id\":\"https:\/\/dutchhealthstore.com\/fr\/#organization\"},\"potentialAction\":[{\"@type\":\"SearchAction\",\"target\":{\"@type\":\"EntryPoint\",\"urlTemplate\":\"https:\/\/dutchhealthstore.com\/fr\/?s={search_term_string}\"},\"query-input\":{\"@type\":\"PropertyValueSpecification\",\"valueRequired\":true,\"valueName\":\"search_term_string\"}}],\"inLanguage\":\"fr-FR\"},{\"@type\":\"Organization\",\"@id\":\"https:\/\/dutchhealthstore.com\/fr\/#organization\",\"name\":\"Dutch Health Store\",\"url\":\"https:\/\/dutchhealthstore.com\/fr\/\",\"logo\":{\"@type\":\"ImageObject\",\"inLanguage\":\"fr-FR\",\"@id\":\"https:\/\/dutchhealthstore.com\/fr\/#\/schema\/logo\/image\/\",\"url\":\"https:\/\/dutchhealthstore.com\/wp-content\/uploads\/2020\/08\/logo-dutchhealthstore-jpg-e1599484957574.jpg\",\"contentUrl\":\"https:\/\/dutchhealthstore.com\/wp-content\/uploads\/2020\/08\/logo-dutchhealthstore-jpg-e1599484957574.jpg\",\"width\":400,\"height\":62,\"caption\":\"Dutch Health Store\"},\"image\":{\"@id\":\"https:\/\/dutchhealthstore.com\/fr\/#\/schema\/logo\/image\/\"},\"sameAs\":[\"https:\/\/www.instagram.com\/dutchhealthstore\/\",\"https:\/\/www.facebook.com\/dutchhealthstore\"]}]}<\/script>\n<meta property=\"product:brand\" content=\"RiseWell\" \/>\n<meta property=\"product:price:amount\" content=\"27.95\" \/>\n<meta property=\"product:price:currency\" content=\"EUR\" \/>\n<meta property=\"og:availability\" content=\"instock\" \/>\n<meta property=\"product:availability\" content=\"instock\" \/>\n<meta property=\"product:retailer_item_id\" content=\"RISE_08\" \/>\n<meta property=\"product:condition\" content=\"new\" \/>\n<!-- \/ Yoast SEO Premium plugin. -->","yoast_head_json":{"title":"PRO Mineral Toothpaste - RiseWell","description":"Formul\u00e9 avec la plus haute concentration de Micro et Nano-Hydroxyapatite du march\u00e9, ce dentifrice avanc\u00e9 aide \u00e0 renforcer, remin\u00e9raliser et prot\u00e9ger l'\u00e9mail dentaire tout en apaisant la sensibilit\u00e9.","robots":{"index":"index","follow":"follow","max-snippet":"max-snippet:-1","max-image-preview":"max-image-preview:large","max-video-preview":"max-video-preview:-1"},"canonical":"https:\/\/dutchhealthstore.com\/fr\/product\/pro-mineral-toothpaste\/","og_locale":"fr_FR","og_type":"article","og_title":"PRO Mineral Toothpaste - Dutch Health Store","og_description":"Formul\u00e9 avec la plus haute concentration de Micro et Nano-Hydroxyapatite du march\u00e9, ce dentifrice avanc\u00e9 aide \u00e0 renforcer, remin\u00e9raliser et prot\u00e9ger l'\u00e9mail dentaire tout en apaisant la sensibilit\u00e9.","og_url":"https:\/\/dutchhealthstore.com\/fr\/product\/pro-mineral-toothpaste\/","og_site_name":"Dutch Health Store","article_publisher":"https:\/\/www.instagram.com\/dutchhealthstore\/","article_modified_time":"2026-04-13T19:57:47+00:00","og_image":[{"width":530,"height":530,"url":"https:\/\/dutchhealthstore.com\/wp-content\/uploads\/2025\/09\/risewell-PRO-toothpaste.jpg","type":"image\/jpeg"}],"twitter_card":"summary_large_image","twitter_misc":{"Prix":"&euro;27,95","Disponibilit\u00e9":"En stock"},"schema":{"@context":"https:\/\/schema.org","@graph":[{"@type":"WebPage","@id":"https:\/\/dutchhealthstore.com\/fr\/product\/pro-mineral-toothpaste\/","url":"https:\/\/dutchhealthstore.com\/fr\/product\/pro-mineral-toothpaste\/","name":"PRO Mineral Toothpaste - RiseWell","isPartOf":{"@id":"https:\/\/dutchhealthstore.com\/fr\/#website"},"primaryImageOfPage":{"@id":"https:\/\/dutchhealthstore.com\/fr\/product\/pro-mineral-toothpaste\/#primaryimage"},"image":{"@id":"https:\/\/dutchhealthstore.com\/fr\/product\/pro-mineral-toothpaste\/#primaryimage"},"thumbnailUrl":"https:\/\/dutchhealthstore.com\/wp-content\/uploads\/2025\/09\/risewell-PRO-toothpaste.jpg","datePublished":"2025-09-30T10:17:40+00:00","dateModified":"2026-04-13T19:57:47+00:00","description":"Formul\u00e9 avec la plus haute concentration de Micro et Nano-Hydroxyapatite du march\u00e9, ce dentifrice avanc\u00e9 aide \u00e0 renforcer, remin\u00e9raliser et prot\u00e9ger l'\u00e9mail dentaire tout en apaisant la sensibilit\u00e9.","breadcrumb":{"@id":"https:\/\/dutchhealthstore.com\/fr\/product\/pro-mineral-toothpaste\/#breadcrumb"},"inLanguage":"fr-FR","potentialAction":[{"@type":"ReadAction","target":["https:\/\/dutchhealthstore.com\/fr\/product\/pro-mineral-toothpaste\/"]}]},{"@type":"ImageObject","inLanguage":"fr-FR","@id":"https:\/\/dutchhealthstore.com\/fr\/product\/pro-mineral-toothpaste\/#primaryimage","url":"https:\/\/dutchhealthstore.com\/wp-content\/uploads\/2025\/09\/risewell-PRO-toothpaste.jpg","contentUrl":"https:\/\/dutchhealthstore.com\/wp-content\/uploads\/2025\/09\/risewell-PRO-toothpaste.jpg","width":530,"height":530,"caption":"risewell-PRO-toothpaste"},{"@type":"BreadcrumbList","@id":"https:\/\/dutchhealthstore.com\/fr\/product\/pro-mineral-toothpaste\/#breadcrumb","itemListElement":[{"@type":"ListItem","position":1,"name":"Home","item":"https:\/\/dutchhealthstore.com\/fr\/"},{"@type":"ListItem","position":2,"name":"Shop","item":"https:\/\/dutchhealthstore.com\/fr\/shop\/"},{"@type":"ListItem","position":3,"name":"PRO Mineral Toothpaste"}]},{"@type":"WebSite","@id":"https:\/\/dutchhealthstore.com\/fr\/#website","url":"https:\/\/dutchhealthstore.com\/fr\/","name":"Dutch Health Store","description":"Enhance Your Beauty with Organic &amp; Natural Skincare","publisher":{"@id":"https:\/\/dutchhealthstore.com\/fr\/#organization"},"potentialAction":[{"@type":"SearchAction","target":{"@type":"EntryPoint","urlTemplate":"https:\/\/dutchhealthstore.com\/fr\/?s={search_term_string}"},"query-input":{"@type":"PropertyValueSpecification","valueRequired":true,"valueName":"search_term_string"}}],"inLanguage":"fr-FR"},{"@type":"Organization","@id":"https:\/\/dutchhealthstore.com\/fr\/#organization","name":"Dutch Health Store","url":"https:\/\/dutchhealthstore.com\/fr\/","logo":{"@type":"ImageObject","inLanguage":"fr-FR","@id":"https:\/\/dutchhealthstore.com\/fr\/#\/schema\/logo\/image\/","url":"https:\/\/dutchhealthstore.com\/wp-content\/uploads\/2020\/08\/logo-dutchhealthstore-jpg-e1599484957574.jpg","contentUrl":"https:\/\/dutchhealthstore.com\/wp-content\/uploads\/2020\/08\/logo-dutchhealthstore-jpg-e1599484957574.jpg","width":400,"height":62,"caption":"Dutch Health Store"},"image":{"@id":"https:\/\/dutchhealthstore.com\/fr\/#\/schema\/logo\/image\/"},"sameAs":["https:\/\/www.instagram.com\/dutchhealthstore\/","https:\/\/www.facebook.com\/dutchhealthstore"]}]},"product_brand":"RiseWell","product_price_amount":"27.95","product_price_currency":"EUR","og_availability":"instock","product_availability":"instock","product_retailer_item_id":"RISE_08","product_condition":"new"},"_links":{"self":[{"href":"https:\/\/dutchhealthstore.com\/fr\/wp-json\/wp\/v2\/product\/357966","targetHints":{"allow":["GET"]}}],"collection":[{"href":"https:\/\/dutchhealthstore.com\/fr\/wp-json\/wp\/v2\/product"}],"about":[{"href":"https:\/\/dutchhealthstore.com\/fr\/wp-json\/wp\/v2\/types\/product"}],"replies":[{"embeddable":true,"href":"https:\/\/dutchhealthstore.com\/fr\/wp-json\/wp\/v2\/comments?post=357966"}],"wp:featuredmedia":[{"embeddable":true,"href":"https:\/\/dutchhealthstore.com\/fr\/wp-json\/wp\/v2\/media\/357747"}],"wp:attachment":[{"href":"https:\/\/dutchhealthstore.com\/fr\/wp-json\/wp\/v2\/media?parent=357966"}],"wp:term":[{"taxonomy":"product_brand","embeddable":true,"href":"https:\/\/dutchhealthstore.com\/fr\/wp-json\/wp\/v2\/product_brand?post=357966"},{"taxonomy":"product_cat","embeddable":true,"href":"https:\/\/dutchhealthstore.com\/fr\/wp-json\/wp\/v2\/product_cat?post=357966"},{"taxonomy":"product_tag","embeddable":true,"href":"https:\/\/dutchhealthstore.com\/fr\/wp-json\/wp\/v2\/product_tag?post=357966"}],"curies":[{"name":"wp","href":"https:\/\/api.w.org\/{rel}","templated":true}]}}