{"id":357852,"date":"2025-09-18T13:55:07","date_gmt":"2025-09-18T11:55:07","guid":{"rendered":"https:\/\/dutchhealthstore.com\/product\/set-3x-oral-gel-applicator-3ml\/"},"modified":"2025-09-30T10:06:46","modified_gmt":"2025-09-30T08:06:46","slug":"set-3x-oral-gel-applicator-3ml","status":"publish","type":"product","link":"https:\/\/dutchhealthstore.com\/fr\/product\/set-3x-oral-gel-applicator-3ml\/","title":{"rendered":"Set 3x oral gel applicator 3ml"},"content":{"rendered":"<p data-start=\"165\" data-end=\"572\">Le Gel Oral Blue\u00aem est sp\u00e9cialement d\u00e9velopp\u00e9 par des implantologues, des chirurgiens buccaux et des dentistes pour favoriser la cicatrisation des plaies dans la bouche. Gr\u00e2ce \u00e0 sa haute concentration en oxyg\u00e8ne actif, le gel augmente les niveaux d&rsquo;oxyg\u00e8ne dans les tissus buccaux, ce qui acc\u00e9l\u00e8re la gu\u00e9rison. Il constitue ainsi une aide efficace pour la cicatrisation des plaies, des gencives qui saignent, des gencives enflamm\u00e9es (parodontite) et des inflammations autour des implants (p\u00e9ri-implantite). <\/p>\n<p data-start=\"574\" data-end=\"766\">De nombreux professionnels dentaires recommandent le Gel Oral Blue\u00aem apr\u00e8s les extractions dentaires, les proc\u00e9dures d&rsquo;implants, les proth\u00e8ses mal ajust\u00e9es ou suite \u00e0 une chimioth\u00e9rapie, car il favorise une cicatrisation plus rapide et un soulagement.<\/p>\n<p data-start=\"768\" data-end=\"1010\">Pour une application plus facile et plus hygi\u00e9nique, le gel est maintenant disponible en seringues pratiques. Chaque set contient <strong data-start=\"877\" data-end=\"902\">3 seringues (3ml chacune)<\/strong> conditionn\u00e9es dans une bo\u00eete pratique avec <strong data-start=\"936\" data-end=\"955\">9 embouts s\u00e9par\u00e9s<\/strong>, permettant plusieurs utilisations avec un embout frais \u00e0 chaque fois. <\/p>\n<p data-start=\"768\" data-end=\"1010\">Usage pr\u00e9vu : L&rsquo;objectif du gel oral Blue m est de restaurer les niveaux normaux d&rsquo;oxyg\u00e8ne dans la cavit\u00e9 buccale. Il est destin\u00e9 \u00e0 \u00eatre appliqu\u00e9 sur : les poches, les gencives qui saignent ou les plaies, qui peuvent r\u00e9sulter d&rsquo;extractions, de chirurgie buccale et de pose d&rsquo;implants, de chimioth\u00e9rapie ou de fausses dents. Lisez les instructions d&rsquo;utilisation avant d&rsquo;utiliser le produit.  <\/p>\n<p data-start=\"768\" data-end=\"1010\"><strong data-start=\"1012\" data-end=\"1021\">Remarque :<\/strong> Ce produit est destin\u00e9 uniquement \u00e0 un usage professionnel.<\/p>\n<h2 data-start=\"768\" data-end=\"1010\">Avertissements<\/h2>\n<ul>\n<li>le gel oral blue\u00aem peut contenir des traces de lactose<\/li>\n<li>le Oral Gel blue\u00aem est exclusivement destin\u00e9 \u00e0 un usage oral<\/li>\n<li>conservez le blue\u00aem Oral Gel \u00e0 temp\u00e9rature ambiante entre 10 et 25 degr\u00e9s Celsius<\/li>\n<li>jetez la seringue orale blue\u00aem un mois apr\u00e8s ouverture<\/li>\n<\/ul>\n<h2 data-start=\"768\" data-end=\"1010\"><strong>Ingr\u00e9dients<\/strong><\/h2>\n<p>Aqua, alcool, glyc\u00e9rine, silice, saccharine sodique, perborate de sodium, acide citrique, PEG-32, gluconate de sodium, gomme de cellulose, gomme xanthane, lactoferrine<\/p>\n<p data-start=\"1012\" data-end=\"1075\"><strong>Taille : 3 seringues (3 ml chacune) <\/strong><\/p>\n<p data-start=\"1012\" data-end=\"1075\">\n\t<section class=\"section\" id=\"section_1033891874\">\n\t\t<div class=\"section-bg fill\" >\n\t\t\t\t\t\t\t\t\t\n\t\t\t\n\t<div class=\"is-border\"\n\t\tstyle=\"border-color:rgb(38, 28, 109);border-width:5px 0px 0px 0px;\">\n\t<\/div>\n\n\t\t<\/div>\n\n\t\t\n\n\t\t<div class=\"section-content relative\">\n\t\t\t\n\n<h2><strong>D\u00e9couvrez blue\u00aem - Pionnier de la sant\u00e9 bucco-dentaire<\/strong><\/h2>\n<hr>\n<h3><strong><img decoding=\"async\" class=\"alignright wp-image-178849\" src=\"https:\/\/dutchhealthstore.com\/wp-content\/uploads\/2021\/12\/blue-mlogo.webp\" alt=\"\" width=\"161\" height=\"79\" srcset=\"https:\/\/dutchhealthstore.com\/wp-content\/uploads\/2021\/12\/blue-mlogo.webp 612w, https:\/\/dutchhealthstore.com\/wp-content\/uploads\/2021\/12\/blue-mlogo-510x251.webp 510w, https:\/\/dutchhealthstore.com\/wp-content\/uploads\/2021\/12\/blue-mlogo-64x31.webp 64w\" sizes=\"(max-width: 161px) 100vw, 161px\" \/>Redonnez vie \u00e0 votre sourire avec blue\u00aem<\/strong><\/h3>\n<p>Chez blue\u00aem, nous comprenons que la sant\u00e9 bucco-dentaire est un \u00e9l\u00e9ment essentiel de votre bien-\u00eatre g\u00e9n\u00e9ral.\nForts de plus d'une d\u00e9cennie d'expertise dans l'industrie dentaire, nous avons con\u00e7u une gamme de produits d'hygi\u00e8ne bucco-dentaire professionnels destin\u00e9s \u00e0 un usage quotidien.\nIssus d'une clinique dentaire, nos produits sont aujourd'hui un \u00e9l\u00e9ment essentiel de l'hygi\u00e8ne bucco-dentaire quotidienne dans le monde entier.  <\/p>\n<p>Votre bouche n'est pas seulement une voie d'acc\u00e8s \u00e0 un sourire plus \u00e9clatant ; c'est aussi une porte d'entr\u00e9e essentielle vers les syst\u00e8mes de sant\u00e9 de votre corps - digestif, respiratoire et nerveux.\nPr\u00e8s de la moiti\u00e9 des nerfs sensoriels et moteurs de votre corps convergent vers votre bouche, ce qui en fait l'une des zones les plus sensibles.\nCette sensibilit\u00e9 signifie que les probl\u00e8mes bucco-dentaires tels que les caries, les maladies des gencives et les probl\u00e8mes de canal radiculaire peuvent affecter de mani\u00e8re significative votre syst\u00e8me nerveux.\nCes effets peuvent entra\u00eener des modifications du rythme cardiaque, de la pression art\u00e9rielle et des sch\u00e9mas respiratoires, ce qui souligne le lien \u00e9troit entre la sant\u00e9 bucco-dentaire et la sant\u00e9 physique g\u00e9n\u00e9rale.   <\/p>\n<p>Chez blue\u00aem, notre mission est d'am\u00e9liorer cet aspect crucial de votre sant\u00e9.\nNos produits sont plus que de simples dentifrices et bains de bouche ; ils constituent une dose quotidienne de soins pour le bien-\u00eatre de votre corps, en commen\u00e7ant par la bouche.\nAvec blue\u00aem, vous ne vous contentez pas de prendre soin de vos dents et de vos gencives ; vous faites un pas en avant vers une vie plus saine et plus heureuse.  <\/p>\n<p>D\u00e9couvrez la diff\u00e9rence blue\u00aem et faites de chaque respiration un t\u00e9moignage de votre sant\u00e9 et de votre vitalit\u00e9.<\/p>\n\n\n\t\t<\/div>\n\n\t\t\n<style>\n#section_1033891874 {\n  padding-top: 30px;\n  padding-bottom: 30px;\n}\n<\/style>\n\t<\/section>\n\t\n","protected":false},"excerpt":{"rendered":"<p>Le Gel Oral Blue\u00aem est sp\u00e9cialement d\u00e9velopp\u00e9 par des implantologues, des chirurgiens buccaux et des dentistes pour favoriser la cicatrisation des plaies dans la bouche.<\/p>\n","protected":false},"featured_media":356050,"comment_status":"open","ping_status":"closed","template":"","meta":[],"product_brand":[],"product_cat":[14114,1037,1209,1030,1010],"product_tag":[],"class_list":{"0":"post-357852","1":"product","2":"type-product","3":"status-publish","4":"has-post-thumbnail","6":"product_cat-blue-m-soins-bucco-dentaires","7":"product_cat-hygiene-dentaire","8":"product_cat-par-marques","9":"product_cat-par-produits","10":"product_cat-notre-boutique","11":"pa_brand-bluem-fr","12":"pa_dental-care-product-type-gum-care-fr","13":"pa_gtin-787790839132-fr","14":"pa_size-3-x-3ml-fr","16":"first","17":"instock","18":"taxable","19":"shipping-taxable","20":"purchasable","21":"product-type-simple"},"bundled_by":[],"bundle_stock_status":"instock","bundle_stock_quantity":4,"bundle_virtual":false,"bundle_layout":"","bundle_add_to_cart_form_location":"","bundle_editable_in_cart":false,"bundle_sold_individually_context":"","bundle_item_grouping":"","bundle_min_size":"","bundle_max_size":"","bundle_price":[],"bundled_items":[],"bundle_sell_ids":[103924],"atum_controlled":true,"out_stock_date":null,"out_stock_threshold":null,"inheritable":false,"stock_on_hold":0,"sold_today":0,"sales_last_days":0,"out_stock_days":0,"lost_sales":0,"update_date":"2026-04-08T01:46:33","atum_locations":[],"atum_stock_status":"instock","restock_status":false,"low_stock_amount":"","sales_update_date":"2026-04-08T01:46:33","calc_backorders":null,"group_of_quantity":0,"min_quantity":0,"max_quantity":"","exclude_order_quantity_value_rules":"no","exclude_category_quantity_rules":"no","combine_variations":"no","yoast_head":"<!-- This site is optimized with the Yoast SEO Premium plugin v26.5 (Yoast SEO v26.5) - https:\/\/yoast.com\/wordpress\/plugins\/seo\/ -->\n<title>\u00c0 la recherche de Set 3x oral gel applicator 3ml ? Commandez Set 3x oral gel applicator 3ml aujourd&#039;hui chez Dutch Health Store. Contact personnel &amp; envoi rapide.<\/title>\n<meta name=\"description\" content=\"Discover the unique benefits of Set 3x oral gel applicator 3ml at Dutch Health Store! Worldwide shipping &amp; free samples added to your order.\" \/>\n<meta name=\"robots\" content=\"index, follow, max-snippet:-1, max-image-preview:large, max-video-preview:-1\" \/>\n<link rel=\"canonical\" href=\"https:\/\/dutchhealthstore.com\/fr\/product\/set-3x-oral-gel-applicator-3ml\/\" \/>\n<meta property=\"og:locale\" content=\"fr_FR\" \/>\n<meta property=\"og:type\" content=\"article\" \/>\n<meta property=\"og:title\" content=\"Set 3x oral gel applicator 3ml - Dutch Health Store\" \/>\n<meta property=\"og:description\" content=\"Discover the unique benefits of Set 3x oral gel applicator 3ml at Dutch Health Store! Worldwide shipping &amp; free samples added to your order.\" \/>\n<meta property=\"og:url\" content=\"https:\/\/dutchhealthstore.com\/fr\/product\/set-3x-oral-gel-applicator-3ml\/\" \/>\n<meta property=\"og:site_name\" content=\"Dutch Health Store\" \/>\n<meta property=\"article:publisher\" content=\"https:\/\/www.instagram.com\/dutchhealthstore\/\" \/>\n<meta property=\"article:modified_time\" content=\"2025-09-30T08:06:46+00:00\" \/>\n<meta property=\"og:image\" content=\"https:\/\/dutchhealthstore.com\/wp-content\/uploads\/2025\/09\/bluem-oral-gel-3x3ml-1.jpg\" \/>\n\t<meta property=\"og:image:width\" content=\"530\" \/>\n\t<meta property=\"og:image:height\" content=\"530\" \/>\n\t<meta property=\"og:image:type\" content=\"image\/jpeg\" \/>\n<meta name=\"twitter:card\" content=\"summary_large_image\" \/>\n<meta name=\"twitter:label1\" content=\"Prix\" \/>\n\t<meta name=\"twitter:data1\" content=\"&euro;49,95\" \/>\n\t<meta name=\"twitter:label2\" content=\"Disponibilit\u00e9\" \/>\n\t<meta name=\"twitter:data2\" content=\"En stock\" \/>\n<script type=\"application\/ld+json\" class=\"yoast-schema-graph\">{\"@context\":\"https:\/\/schema.org\",\"@graph\":[{\"@type\":\"WebPage\",\"@id\":\"https:\/\/dutchhealthstore.com\/fr\/product\/set-3x-oral-gel-applicator-3ml\/\",\"url\":\"https:\/\/dutchhealthstore.com\/fr\/product\/set-3x-oral-gel-applicator-3ml\/\",\"name\":\"\u00c0 la recherche de Set 3x oral gel applicator 3ml ? Commandez Set 3x oral gel applicator 3ml aujourd'hui chez Dutch Health Store. Contact personnel & envoi rapide.\",\"isPartOf\":{\"@id\":\"https:\/\/dutchhealthstore.com\/fr\/#website\"},\"primaryImageOfPage\":{\"@id\":\"https:\/\/dutchhealthstore.com\/fr\/product\/set-3x-oral-gel-applicator-3ml\/#primaryimage\"},\"image\":{\"@id\":\"https:\/\/dutchhealthstore.com\/fr\/product\/set-3x-oral-gel-applicator-3ml\/#primaryimage\"},\"thumbnailUrl\":\"https:\/\/dutchhealthstore.com\/wp-content\/uploads\/2025\/09\/bluem-oral-gel-3x3ml-1.jpg\",\"datePublished\":\"2025-09-18T11:55:07+00:00\",\"dateModified\":\"2025-09-30T08:06:46+00:00\",\"description\":\"Discover the unique benefits of Set 3x oral gel applicator 3ml at Dutch Health Store! Worldwide shipping & free samples added to your order.\",\"breadcrumb\":{\"@id\":\"https:\/\/dutchhealthstore.com\/fr\/product\/set-3x-oral-gel-applicator-3ml\/#breadcrumb\"},\"inLanguage\":\"fr-FR\",\"potentialAction\":[{\"@type\":\"ReadAction\",\"target\":[\"https:\/\/dutchhealthstore.com\/fr\/product\/set-3x-oral-gel-applicator-3ml\/\"]}]},{\"@type\":\"ImageObject\",\"inLanguage\":\"fr-FR\",\"@id\":\"https:\/\/dutchhealthstore.com\/fr\/product\/set-3x-oral-gel-applicator-3ml\/#primaryimage\",\"url\":\"https:\/\/dutchhealthstore.com\/wp-content\/uploads\/2025\/09\/bluem-oral-gel-3x3ml-1.jpg\",\"contentUrl\":\"https:\/\/dutchhealthstore.com\/wp-content\/uploads\/2025\/09\/bluem-oral-gel-3x3ml-1.jpg\",\"width\":530,\"height\":530,\"caption\":\"bluem-oral-gel-3x3ml-1\"},{\"@type\":\"BreadcrumbList\",\"@id\":\"https:\/\/dutchhealthstore.com\/fr\/product\/set-3x-oral-gel-applicator-3ml\/#breadcrumb\",\"itemListElement\":[{\"@type\":\"ListItem\",\"position\":1,\"name\":\"Home\",\"item\":\"https:\/\/dutchhealthstore.com\/fr\/\"},{\"@type\":\"ListItem\",\"position\":2,\"name\":\"Shop\",\"item\":\"https:\/\/dutchhealthstore.com\/fr\/shop\/\"},{\"@type\":\"ListItem\",\"position\":3,\"name\":\"Set 3x oral gel applicator 3ml\"}]},{\"@type\":\"WebSite\",\"@id\":\"https:\/\/dutchhealthstore.com\/fr\/#website\",\"url\":\"https:\/\/dutchhealthstore.com\/fr\/\",\"name\":\"Dutch Health Store\",\"description\":\"Enhance Your Beauty with Organic &amp; Natural Skincare\",\"publisher\":{\"@id\":\"https:\/\/dutchhealthstore.com\/fr\/#organization\"},\"potentialAction\":[{\"@type\":\"SearchAction\",\"target\":{\"@type\":\"EntryPoint\",\"urlTemplate\":\"https:\/\/dutchhealthstore.com\/fr\/?s={search_term_string}\"},\"query-input\":{\"@type\":\"PropertyValueSpecification\",\"valueRequired\":true,\"valueName\":\"search_term_string\"}}],\"inLanguage\":\"fr-FR\"},{\"@type\":\"Organization\",\"@id\":\"https:\/\/dutchhealthstore.com\/fr\/#organization\",\"name\":\"Dutch Health Store\",\"url\":\"https:\/\/dutchhealthstore.com\/fr\/\",\"logo\":{\"@type\":\"ImageObject\",\"inLanguage\":\"fr-FR\",\"@id\":\"https:\/\/dutchhealthstore.com\/fr\/#\/schema\/logo\/image\/\",\"url\":\"https:\/\/dutchhealthstore.com\/wp-content\/uploads\/2020\/08\/logo-dutchhealthstore-jpg-e1599484957574.jpg\",\"contentUrl\":\"https:\/\/dutchhealthstore.com\/wp-content\/uploads\/2020\/08\/logo-dutchhealthstore-jpg-e1599484957574.jpg\",\"width\":400,\"height\":62,\"caption\":\"Dutch Health Store\"},\"image\":{\"@id\":\"https:\/\/dutchhealthstore.com\/fr\/#\/schema\/logo\/image\/\"},\"sameAs\":[\"https:\/\/www.instagram.com\/dutchhealthstore\/\",\"https:\/\/www.facebook.com\/dutchhealthstore\"]}]}<\/script>\n<meta property=\"product:brand\" content=\"Bluem\" \/>\n<meta property=\"product:price:amount\" content=\"49.95\" \/>\n<meta property=\"product:price:currency\" content=\"EUR\" \/>\n<meta property=\"og:availability\" content=\"instock\" \/>\n<meta property=\"product:availability\" content=\"instock\" \/>\n<meta property=\"product:condition\" content=\"new\" \/>\n<!-- \/ Yoast SEO Premium plugin. -->","yoast_head_json":{"title":"\u00c0 la recherche de Set 3x oral gel applicator 3ml ? Commandez Set 3x oral gel applicator 3ml aujourd'hui chez Dutch Health Store. Contact personnel & envoi rapide.","description":"Discover the unique benefits of Set 3x oral gel applicator 3ml at Dutch Health Store! Worldwide shipping & free samples added to your order.","robots":{"index":"index","follow":"follow","max-snippet":"max-snippet:-1","max-image-preview":"max-image-preview:large","max-video-preview":"max-video-preview:-1"},"canonical":"https:\/\/dutchhealthstore.com\/fr\/product\/set-3x-oral-gel-applicator-3ml\/","og_locale":"fr_FR","og_type":"article","og_title":"Set 3x oral gel applicator 3ml - Dutch Health Store","og_description":"Discover the unique benefits of Set 3x oral gel applicator 3ml at Dutch Health Store! Worldwide shipping & free samples added to your order.","og_url":"https:\/\/dutchhealthstore.com\/fr\/product\/set-3x-oral-gel-applicator-3ml\/","og_site_name":"Dutch Health Store","article_publisher":"https:\/\/www.instagram.com\/dutchhealthstore\/","article_modified_time":"2025-09-30T08:06:46+00:00","og_image":[{"width":530,"height":530,"url":"https:\/\/dutchhealthstore.com\/wp-content\/uploads\/2025\/09\/bluem-oral-gel-3x3ml-1.jpg","type":"image\/jpeg"}],"twitter_card":"summary_large_image","twitter_misc":{"Prix":"&euro;49,95","Disponibilit\u00e9":"En stock"},"schema":{"@context":"https:\/\/schema.org","@graph":[{"@type":"WebPage","@id":"https:\/\/dutchhealthstore.com\/fr\/product\/set-3x-oral-gel-applicator-3ml\/","url":"https:\/\/dutchhealthstore.com\/fr\/product\/set-3x-oral-gel-applicator-3ml\/","name":"\u00c0 la recherche de Set 3x oral gel applicator 3ml ? Commandez Set 3x oral gel applicator 3ml aujourd'hui chez Dutch Health Store. Contact personnel & envoi rapide.","isPartOf":{"@id":"https:\/\/dutchhealthstore.com\/fr\/#website"},"primaryImageOfPage":{"@id":"https:\/\/dutchhealthstore.com\/fr\/product\/set-3x-oral-gel-applicator-3ml\/#primaryimage"},"image":{"@id":"https:\/\/dutchhealthstore.com\/fr\/product\/set-3x-oral-gel-applicator-3ml\/#primaryimage"},"thumbnailUrl":"https:\/\/dutchhealthstore.com\/wp-content\/uploads\/2025\/09\/bluem-oral-gel-3x3ml-1.jpg","datePublished":"2025-09-18T11:55:07+00:00","dateModified":"2025-09-30T08:06:46+00:00","description":"Discover the unique benefits of Set 3x oral gel applicator 3ml at Dutch Health Store! Worldwide shipping & free samples added to your order.","breadcrumb":{"@id":"https:\/\/dutchhealthstore.com\/fr\/product\/set-3x-oral-gel-applicator-3ml\/#breadcrumb"},"inLanguage":"fr-FR","potentialAction":[{"@type":"ReadAction","target":["https:\/\/dutchhealthstore.com\/fr\/product\/set-3x-oral-gel-applicator-3ml\/"]}]},{"@type":"ImageObject","inLanguage":"fr-FR","@id":"https:\/\/dutchhealthstore.com\/fr\/product\/set-3x-oral-gel-applicator-3ml\/#primaryimage","url":"https:\/\/dutchhealthstore.com\/wp-content\/uploads\/2025\/09\/bluem-oral-gel-3x3ml-1.jpg","contentUrl":"https:\/\/dutchhealthstore.com\/wp-content\/uploads\/2025\/09\/bluem-oral-gel-3x3ml-1.jpg","width":530,"height":530,"caption":"bluem-oral-gel-3x3ml-1"},{"@type":"BreadcrumbList","@id":"https:\/\/dutchhealthstore.com\/fr\/product\/set-3x-oral-gel-applicator-3ml\/#breadcrumb","itemListElement":[{"@type":"ListItem","position":1,"name":"Home","item":"https:\/\/dutchhealthstore.com\/fr\/"},{"@type":"ListItem","position":2,"name":"Shop","item":"https:\/\/dutchhealthstore.com\/fr\/shop\/"},{"@type":"ListItem","position":3,"name":"Set 3x oral gel applicator 3ml"}]},{"@type":"WebSite","@id":"https:\/\/dutchhealthstore.com\/fr\/#website","url":"https:\/\/dutchhealthstore.com\/fr\/","name":"Dutch Health Store","description":"Enhance Your Beauty with Organic &amp; Natural Skincare","publisher":{"@id":"https:\/\/dutchhealthstore.com\/fr\/#organization"},"potentialAction":[{"@type":"SearchAction","target":{"@type":"EntryPoint","urlTemplate":"https:\/\/dutchhealthstore.com\/fr\/?s={search_term_string}"},"query-input":{"@type":"PropertyValueSpecification","valueRequired":true,"valueName":"search_term_string"}}],"inLanguage":"fr-FR"},{"@type":"Organization","@id":"https:\/\/dutchhealthstore.com\/fr\/#organization","name":"Dutch Health Store","url":"https:\/\/dutchhealthstore.com\/fr\/","logo":{"@type":"ImageObject","inLanguage":"fr-FR","@id":"https:\/\/dutchhealthstore.com\/fr\/#\/schema\/logo\/image\/","url":"https:\/\/dutchhealthstore.com\/wp-content\/uploads\/2020\/08\/logo-dutchhealthstore-jpg-e1599484957574.jpg","contentUrl":"https:\/\/dutchhealthstore.com\/wp-content\/uploads\/2020\/08\/logo-dutchhealthstore-jpg-e1599484957574.jpg","width":400,"height":62,"caption":"Dutch Health Store"},"image":{"@id":"https:\/\/dutchhealthstore.com\/fr\/#\/schema\/logo\/image\/"},"sameAs":["https:\/\/www.instagram.com\/dutchhealthstore\/","https:\/\/www.facebook.com\/dutchhealthstore"]}]},"product_brand":"Bluem","product_price_amount":"49.95","product_price_currency":"EUR","og_availability":"instock","product_availability":"instock","product_condition":"new"},"_links":{"self":[{"href":"https:\/\/dutchhealthstore.com\/fr\/wp-json\/wp\/v2\/product\/357852","targetHints":{"allow":["GET"]}}],"collection":[{"href":"https:\/\/dutchhealthstore.com\/fr\/wp-json\/wp\/v2\/product"}],"about":[{"href":"https:\/\/dutchhealthstore.com\/fr\/wp-json\/wp\/v2\/types\/product"}],"replies":[{"embeddable":true,"href":"https:\/\/dutchhealthstore.com\/fr\/wp-json\/wp\/v2\/comments?post=357852"}],"wp:featuredmedia":[{"embeddable":true,"href":"https:\/\/dutchhealthstore.com\/fr\/wp-json\/wp\/v2\/media\/356050"}],"wp:attachment":[{"href":"https:\/\/dutchhealthstore.com\/fr\/wp-json\/wp\/v2\/media?parent=357852"}],"wp:term":[{"taxonomy":"product_brand","embeddable":true,"href":"https:\/\/dutchhealthstore.com\/fr\/wp-json\/wp\/v2\/product_brand?post=357852"},{"taxonomy":"product_cat","embeddable":true,"href":"https:\/\/dutchhealthstore.com\/fr\/wp-json\/wp\/v2\/product_cat?post=357852"},{"taxonomy":"product_tag","embeddable":true,"href":"https:\/\/dutchhealthstore.com\/fr\/wp-json\/wp\/v2\/product_tag?post=357852"}],"curies":[{"name":"wp","href":"https:\/\/api.w.org\/{rel}","templated":true}]}}