{"id":353374,"date":"2025-08-19T13:54:13","date_gmt":"2025-08-19T11:54:13","guid":{"rendered":"https:\/\/dutchhealthstore.com\/product\/bouquet-shirley\/"},"modified":"2025-08-22T13:58:24","modified_gmt":"2025-08-22T11:58:24","slug":"bouquet-shirley","status":"publish","type":"product","link":"https:\/\/dutchhealthstore.com\/fr\/product\/bouquet-shirley\/","title":{"rendered":"Bouquet Shirley"},"content":{"rendered":"<p>Ce bouquet, avec le magnifique Delphinium bleu cobalt comme pi\u00e8ce ma\u00eetresse, ajoute de la couleur, de l&rsquo;ambiance et de la sophistication \u00e0 votre int\u00e9rieur. Les diff\u00e9rentes textures et formes des fleurs rendent le bouquet sp\u00e9cial et m\u00eame un peu artistique. Magnifique sur votre table \u00e0 manger, mais aussi comme accroche-regard sur une table de plantes, ce bouquet ne manquera pas d&rsquo;attirer l&rsquo;attention. Il s&rsquo;agit d&rsquo;un grand bouquet, avec pas moins de 15 tiges, et si vous le souhaitez, vous pouvez faire un bouquet d&rsquo;environ 80 cm de haut, car c&rsquo;est la hauteur du Delphinium. Ce bouquet est pr\u00e9sent\u00e9 dans un <a href=\"https:\/\/dutchhealthstore.com\/product\/vase-organic-sand\/\">vase Organic Sand<\/a> (non inclus).    <\/p>\n<p>Dans ce bouquet, vous trouverez :<\/p>\n<p>1 x <a href=\"https:\/\/dutchhealthstore.com\/product\/sea-holly-spray-red\/\">Sea Holly Spray Red<\/a><\/p>\n<p>1 x <a href=\"https:\/\/dutchhealthstore.com\/product\/delphinium-cobalt-blue\/\">Delphinium Cobalt Blue<\/a><\/p>\n<p>3 x <a href=\"https:\/\/dutchhealthstore.com\/product\/dyon-rose-sweet-pink\/\">Dyon Rose Sweet Pink<\/a><\/p>\n<p>2 x <a href=\"https:\/\/dutchhealthstore.com\/product\/sweet-pea-lavender\/\">Sweet Pea Lavender<\/a><\/p>\n<p>2 x <a href=\"https:\/\/dutchhealthstore.com\/product\/hazel-twig\/\">Hazel Twig<\/a><\/p>\n<p>3 x <a href=\"https:\/\/dutchhealthstore.com\/product\/mini-pansy-spray-beautiful-blue\/\">Mini Pansy Spray<\/a><\/p>\n<p>2 x <a href=\"https:\/\/dutchhealthstore.com\/product\/full-cream-dianthus\/\">Full Cream Dianthus<\/a><\/p>\n<p>1 x <a href=\"https:\/\/dutchhealthstore.com\/product\/pink-thistle\/\">Thistle Pink<\/a><\/p>\n<p>Il se peut que nous ayons pli\u00e9 quelques poupes pour l&rsquo;exp\u00e9dition, cela n&rsquo;affecte pas la qualit\u00e9 et peut \u00eatre pli\u00e9 \u00e0 nouveau facilement.<\/p>\n<p>&nbsp;<\/p>\n<p>&nbsp;<\/p>\n","protected":false},"excerpt":{"rendered":"<p>De la couleur, de la couleur et des textures diff\u00e9rentes !<\/p>\n","protected":false},"featured_media":353260,"comment_status":"open","ping_status":"closed","template":"","meta":[],"product_brand":[],"product_cat":[20700,17398,1209,1030,1010],"product_tag":[21025,21318,21319],"class_list":{"0":"post-353374","1":"product","2":"type-product","3":"status-publish","4":"has-post-thumbnail","6":"product_cat-flowers-fr","7":"product_cat-maison-et-habitat","8":"product_cat-par-marques","9":"product_cat-par-produits","10":"product_cat-notre-boutique","11":"product_tag-bouquets-fr","12":"product_tag-flowers-fr","13":"product_tag-maison-et-habitat","14":"pa_brand-maison-et-habitat-neerlandais","15":"pa_home-living-bouquets-fr","16":"pa_size-80-cm-fr","18":"first","19":"instock","20":"taxable","21":"shipping-taxable","22":"purchasable","23":"product-type-simple"},"bundled_by":[],"bundle_stock_status":"instock","bundle_stock_quantity":6,"bundle_virtual":false,"bundle_layout":"","bundle_add_to_cart_form_location":"","bundle_editable_in_cart":false,"bundle_sold_individually_context":"","bundle_item_grouping":"","bundle_min_size":"","bundle_max_size":"","bundle_price":[],"bundled_items":[],"bundle_sell_ids":[],"atum_controlled":true,"out_stock_date":null,"out_stock_threshold":null,"inheritable":false,"stock_on_hold":0,"sold_today":0,"sales_last_days":0,"out_stock_days":0,"lost_sales":0,"update_date":"2026-04-14T10:26:50","atum_locations":[],"atum_stock_status":"instock","restock_status":false,"low_stock_amount":"","sales_update_date":"2026-04-14T10:26:50","calc_backorders":null,"group_of_quantity":0,"min_quantity":0,"max_quantity":"","exclude_order_quantity_value_rules":"no","exclude_category_quantity_rules":"no","combine_variations":"no","yoast_head":"<!-- This site is optimized with the Yoast SEO Premium plugin v26.5 (Yoast SEO v26.5) - https:\/\/yoast.com\/wordpress\/plugins\/seo\/ -->\n<title>Bouquet Shirley - Dutch Home &amp; Living<\/title>\n<meta name=\"description\" content=\"Couleur, couleur et textures diff\u00e9rentes\" \/>\n<meta name=\"robots\" content=\"index, follow, max-snippet:-1, max-image-preview:large, max-video-preview:-1\" \/>\n<link rel=\"canonical\" href=\"https:\/\/dutchhealthstore.com\/fr\/product\/bouquet-shirley\/\" \/>\n<meta property=\"og:locale\" content=\"fr_FR\" \/>\n<meta property=\"og:type\" content=\"article\" \/>\n<meta property=\"og:title\" content=\"Bouquet Shirley - Dutch Health Store\" \/>\n<meta property=\"og:description\" content=\"Couleur, couleur et textures diff\u00e9rentes\" \/>\n<meta property=\"og:url\" content=\"https:\/\/dutchhealthstore.com\/fr\/product\/bouquet-shirley\/\" \/>\n<meta property=\"og:site_name\" content=\"Dutch Health Store\" \/>\n<meta property=\"article:publisher\" content=\"https:\/\/www.instagram.com\/dutchhealthstore\/\" \/>\n<meta property=\"article:modified_time\" content=\"2025-08-22T11:58:24+00:00\" \/>\n<meta property=\"og:image\" content=\"https:\/\/dutchhealthstore.com\/wp-content\/uploads\/2025\/08\/dhs-bouquet-shirley.jpg\" \/>\n\t<meta property=\"og:image:width\" content=\"1100\" \/>\n\t<meta property=\"og:image:height\" content=\"1100\" \/>\n\t<meta property=\"og:image:type\" content=\"image\/jpeg\" \/>\n<meta name=\"twitter:card\" content=\"summary_large_image\" \/>\n<meta name=\"twitter:label1\" content=\"Prix\" \/>\n\t<meta name=\"twitter:data1\" content=\"&euro;92,50\" \/>\n\t<meta name=\"twitter:label2\" content=\"Disponibilit\u00e9\" \/>\n\t<meta name=\"twitter:data2\" content=\"En stock\" \/>\n<script type=\"application\/ld+json\" class=\"yoast-schema-graph\">{\"@context\":\"https:\/\/schema.org\",\"@graph\":[{\"@type\":\"WebPage\",\"@id\":\"https:\/\/dutchhealthstore.com\/fr\/product\/bouquet-shirley\/\",\"url\":\"https:\/\/dutchhealthstore.com\/fr\/product\/bouquet-shirley\/\",\"name\":\"Bouquet Shirley - Dutch Home & Living\",\"isPartOf\":{\"@id\":\"https:\/\/dutchhealthstore.com\/fr\/#website\"},\"primaryImageOfPage\":{\"@id\":\"https:\/\/dutchhealthstore.com\/fr\/product\/bouquet-shirley\/#primaryimage\"},\"image\":{\"@id\":\"https:\/\/dutchhealthstore.com\/fr\/product\/bouquet-shirley\/#primaryimage\"},\"thumbnailUrl\":\"https:\/\/dutchhealthstore.com\/wp-content\/uploads\/2025\/08\/dhs-bouquet-shirley.jpg\",\"datePublished\":\"2025-08-19T11:54:13+00:00\",\"dateModified\":\"2025-08-22T11:58:24+00:00\",\"description\":\"Couleur, couleur et textures diff\u00e9rentes\",\"breadcrumb\":{\"@id\":\"https:\/\/dutchhealthstore.com\/fr\/product\/bouquet-shirley\/#breadcrumb\"},\"inLanguage\":\"fr-FR\",\"potentialAction\":[{\"@type\":\"ReadAction\",\"target\":[\"https:\/\/dutchhealthstore.com\/fr\/product\/bouquet-shirley\/\"]}]},{\"@type\":\"ImageObject\",\"inLanguage\":\"fr-FR\",\"@id\":\"https:\/\/dutchhealthstore.com\/fr\/product\/bouquet-shirley\/#primaryimage\",\"url\":\"https:\/\/dutchhealthstore.com\/wp-content\/uploads\/2025\/08\/dhs-bouquet-shirley.jpg\",\"contentUrl\":\"https:\/\/dutchhealthstore.com\/wp-content\/uploads\/2025\/08\/dhs-bouquet-shirley.jpg\",\"width\":1100,\"height\":1100,\"caption\":\"dhs-bouquet-shirley\"},{\"@type\":\"BreadcrumbList\",\"@id\":\"https:\/\/dutchhealthstore.com\/fr\/product\/bouquet-shirley\/#breadcrumb\",\"itemListElement\":[{\"@type\":\"ListItem\",\"position\":1,\"name\":\"Home\",\"item\":\"https:\/\/dutchhealthstore.com\/fr\/\"},{\"@type\":\"ListItem\",\"position\":2,\"name\":\"Shop\",\"item\":\"https:\/\/dutchhealthstore.com\/fr\/shop\/\"},{\"@type\":\"ListItem\",\"position\":3,\"name\":\"Bouquet Shirley\"}]},{\"@type\":\"WebSite\",\"@id\":\"https:\/\/dutchhealthstore.com\/fr\/#website\",\"url\":\"https:\/\/dutchhealthstore.com\/fr\/\",\"name\":\"Dutch Health Store\",\"description\":\"Enhance Your Beauty with Organic &amp; Natural Skincare\",\"publisher\":{\"@id\":\"https:\/\/dutchhealthstore.com\/fr\/#organization\"},\"potentialAction\":[{\"@type\":\"SearchAction\",\"target\":{\"@type\":\"EntryPoint\",\"urlTemplate\":\"https:\/\/dutchhealthstore.com\/fr\/?s={search_term_string}\"},\"query-input\":{\"@type\":\"PropertyValueSpecification\",\"valueRequired\":true,\"valueName\":\"search_term_string\"}}],\"inLanguage\":\"fr-FR\"},{\"@type\":\"Organization\",\"@id\":\"https:\/\/dutchhealthstore.com\/fr\/#organization\",\"name\":\"Dutch Health Store\",\"url\":\"https:\/\/dutchhealthstore.com\/fr\/\",\"logo\":{\"@type\":\"ImageObject\",\"inLanguage\":\"fr-FR\",\"@id\":\"https:\/\/dutchhealthstore.com\/fr\/#\/schema\/logo\/image\/\",\"url\":\"https:\/\/dutchhealthstore.com\/wp-content\/uploads\/2020\/08\/logo-dutchhealthstore-jpg-e1599484957574.jpg\",\"contentUrl\":\"https:\/\/dutchhealthstore.com\/wp-content\/uploads\/2020\/08\/logo-dutchhealthstore-jpg-e1599484957574.jpg\",\"width\":400,\"height\":62,\"caption\":\"Dutch Health Store\"},\"image\":{\"@id\":\"https:\/\/dutchhealthstore.com\/fr\/#\/schema\/logo\/image\/\"},\"sameAs\":[\"https:\/\/www.instagram.com\/dutchhealthstore\/\",\"https:\/\/www.facebook.com\/dutchhealthstore\"]}]}<\/script>\n<meta property=\"product:brand\" content=\"Maison et habitat n\u00e9erlandais\" \/>\n<meta property=\"product:price:amount\" content=\"92.50\" \/>\n<meta property=\"product:price:currency\" content=\"EUR\" \/>\n<meta property=\"og:availability\" content=\"instock\" \/>\n<meta property=\"product:availability\" content=\"instock\" \/>\n<meta property=\"product:retailer_item_id\" content=\"boek117\" \/>\n<meta property=\"product:condition\" content=\"new\" \/>\n<!-- \/ Yoast SEO Premium plugin. -->","yoast_head_json":{"title":"Bouquet Shirley - Dutch Home & Living","description":"Couleur, couleur et textures diff\u00e9rentes","robots":{"index":"index","follow":"follow","max-snippet":"max-snippet:-1","max-image-preview":"max-image-preview:large","max-video-preview":"max-video-preview:-1"},"canonical":"https:\/\/dutchhealthstore.com\/fr\/product\/bouquet-shirley\/","og_locale":"fr_FR","og_type":"article","og_title":"Bouquet Shirley - Dutch Health Store","og_description":"Couleur, couleur et textures diff\u00e9rentes","og_url":"https:\/\/dutchhealthstore.com\/fr\/product\/bouquet-shirley\/","og_site_name":"Dutch Health Store","article_publisher":"https:\/\/www.instagram.com\/dutchhealthstore\/","article_modified_time":"2025-08-22T11:58:24+00:00","og_image":[{"width":1100,"height":1100,"url":"https:\/\/dutchhealthstore.com\/wp-content\/uploads\/2025\/08\/dhs-bouquet-shirley.jpg","type":"image\/jpeg"}],"twitter_card":"summary_large_image","twitter_misc":{"Prix":"&euro;92,50","Disponibilit\u00e9":"En stock"},"schema":{"@context":"https:\/\/schema.org","@graph":[{"@type":"WebPage","@id":"https:\/\/dutchhealthstore.com\/fr\/product\/bouquet-shirley\/","url":"https:\/\/dutchhealthstore.com\/fr\/product\/bouquet-shirley\/","name":"Bouquet Shirley - Dutch Home & Living","isPartOf":{"@id":"https:\/\/dutchhealthstore.com\/fr\/#website"},"primaryImageOfPage":{"@id":"https:\/\/dutchhealthstore.com\/fr\/product\/bouquet-shirley\/#primaryimage"},"image":{"@id":"https:\/\/dutchhealthstore.com\/fr\/product\/bouquet-shirley\/#primaryimage"},"thumbnailUrl":"https:\/\/dutchhealthstore.com\/wp-content\/uploads\/2025\/08\/dhs-bouquet-shirley.jpg","datePublished":"2025-08-19T11:54:13+00:00","dateModified":"2025-08-22T11:58:24+00:00","description":"Couleur, couleur et textures diff\u00e9rentes","breadcrumb":{"@id":"https:\/\/dutchhealthstore.com\/fr\/product\/bouquet-shirley\/#breadcrumb"},"inLanguage":"fr-FR","potentialAction":[{"@type":"ReadAction","target":["https:\/\/dutchhealthstore.com\/fr\/product\/bouquet-shirley\/"]}]},{"@type":"ImageObject","inLanguage":"fr-FR","@id":"https:\/\/dutchhealthstore.com\/fr\/product\/bouquet-shirley\/#primaryimage","url":"https:\/\/dutchhealthstore.com\/wp-content\/uploads\/2025\/08\/dhs-bouquet-shirley.jpg","contentUrl":"https:\/\/dutchhealthstore.com\/wp-content\/uploads\/2025\/08\/dhs-bouquet-shirley.jpg","width":1100,"height":1100,"caption":"dhs-bouquet-shirley"},{"@type":"BreadcrumbList","@id":"https:\/\/dutchhealthstore.com\/fr\/product\/bouquet-shirley\/#breadcrumb","itemListElement":[{"@type":"ListItem","position":1,"name":"Home","item":"https:\/\/dutchhealthstore.com\/fr\/"},{"@type":"ListItem","position":2,"name":"Shop","item":"https:\/\/dutchhealthstore.com\/fr\/shop\/"},{"@type":"ListItem","position":3,"name":"Bouquet Shirley"}]},{"@type":"WebSite","@id":"https:\/\/dutchhealthstore.com\/fr\/#website","url":"https:\/\/dutchhealthstore.com\/fr\/","name":"Dutch Health Store","description":"Enhance Your Beauty with Organic &amp; Natural Skincare","publisher":{"@id":"https:\/\/dutchhealthstore.com\/fr\/#organization"},"potentialAction":[{"@type":"SearchAction","target":{"@type":"EntryPoint","urlTemplate":"https:\/\/dutchhealthstore.com\/fr\/?s={search_term_string}"},"query-input":{"@type":"PropertyValueSpecification","valueRequired":true,"valueName":"search_term_string"}}],"inLanguage":"fr-FR"},{"@type":"Organization","@id":"https:\/\/dutchhealthstore.com\/fr\/#organization","name":"Dutch Health Store","url":"https:\/\/dutchhealthstore.com\/fr\/","logo":{"@type":"ImageObject","inLanguage":"fr-FR","@id":"https:\/\/dutchhealthstore.com\/fr\/#\/schema\/logo\/image\/","url":"https:\/\/dutchhealthstore.com\/wp-content\/uploads\/2020\/08\/logo-dutchhealthstore-jpg-e1599484957574.jpg","contentUrl":"https:\/\/dutchhealthstore.com\/wp-content\/uploads\/2020\/08\/logo-dutchhealthstore-jpg-e1599484957574.jpg","width":400,"height":62,"caption":"Dutch Health Store"},"image":{"@id":"https:\/\/dutchhealthstore.com\/fr\/#\/schema\/logo\/image\/"},"sameAs":["https:\/\/www.instagram.com\/dutchhealthstore\/","https:\/\/www.facebook.com\/dutchhealthstore"]}]},"product_brand":"Maison et habitat n\u00e9erlandais","product_price_amount":"92.50","product_price_currency":"EUR","og_availability":"instock","product_availability":"instock","product_retailer_item_id":"boek117","product_condition":"new"},"_links":{"self":[{"href":"https:\/\/dutchhealthstore.com\/fr\/wp-json\/wp\/v2\/product\/353374","targetHints":{"allow":["GET"]}}],"collection":[{"href":"https:\/\/dutchhealthstore.com\/fr\/wp-json\/wp\/v2\/product"}],"about":[{"href":"https:\/\/dutchhealthstore.com\/fr\/wp-json\/wp\/v2\/types\/product"}],"replies":[{"embeddable":true,"href":"https:\/\/dutchhealthstore.com\/fr\/wp-json\/wp\/v2\/comments?post=353374"}],"wp:featuredmedia":[{"embeddable":true,"href":"https:\/\/dutchhealthstore.com\/fr\/wp-json\/wp\/v2\/media\/353260"}],"wp:attachment":[{"href":"https:\/\/dutchhealthstore.com\/fr\/wp-json\/wp\/v2\/media?parent=353374"}],"wp:term":[{"taxonomy":"product_brand","embeddable":true,"href":"https:\/\/dutchhealthstore.com\/fr\/wp-json\/wp\/v2\/product_brand?post=353374"},{"taxonomy":"product_cat","embeddable":true,"href":"https:\/\/dutchhealthstore.com\/fr\/wp-json\/wp\/v2\/product_cat?post=353374"},{"taxonomy":"product_tag","embeddable":true,"href":"https:\/\/dutchhealthstore.com\/fr\/wp-json\/wp\/v2\/product_tag?post=353374"}],"curies":[{"name":"wp","href":"https:\/\/api.w.org\/{rel}","templated":true}]}}