{"id":352702,"date":"2025-08-14T08:40:40","date_gmt":"2025-08-14T06:40:40","guid":{"rendered":"https:\/\/dutchhealthstore.com\/product\/finger-lime-repair-serum\/"},"modified":"2026-02-06T17:12:10","modified_gmt":"2026-02-06T16:12:10","slug":"finger-lime-repair-serum","status":"publish","type":"product","link":"https:\/\/dutchhealthstore.com\/fr\/product\/finger-lime-repair-serum\/","title":{"rendered":"Finger Lime &#8211; Repair Serum"},"content":{"rendered":"<h3 data-start=\"212\" data-end=\"232\"><strong data-start=\"216\" data-end=\"232\">Principaux avantages<\/strong><\/h3>\n<ul data-start=\"233\" data-end=\"558\">\n<li data-start=\"233\" data-end=\"284\">\n<p data-start=\"235\" data-end=\"284\">Renforce la barri\u00e8re cutan\u00e9e pour fixer l&rsquo;hydratation<\/p>\n<\/li>\n<li data-start=\"285\" data-end=\"342\">\n<p data-start=\"287\" data-end=\"342\">Prot\u00e8ge la peau du stress environnemental et des polluants<\/p>\n<\/li>\n<li data-start=\"343\" data-end=\"423\">\n<p data-start=\"345\" data-end=\"423\">Riche en anti-inflammatoires naturels pour apaiser les rougeurs, l&rsquo;acn\u00e9 et la sensibilit\u00e9.<\/p>\n<\/li>\n<li data-start=\"424\" data-end=\"493\">\n<p data-start=\"426\" data-end=\"493\">Fournit une hydratation profonde et durable pour une peau plus lisse et plus \u00e9quilibr\u00e9e.<\/p>\n<\/li>\n<li data-start=\"494\" data-end=\"558\">\n<p data-start=\"496\" data-end=\"558\">Favorise la production de collag\u00e8ne pour une peau plus ferme et plus r\u00e9sistante<\/p>\n<\/li>\n<\/ul>\n<p data-start=\"560\" data-end=\"671\"><strong data-start=\"560\" data-end=\"568\">Taille<\/strong>: 30ml (dure environ 2-3 mois)<br data-start=\"600\" data-end=\"603\"><strong data-start=\"603\" data-end=\"625\">Formul\u00e9 sans<\/strong>: Synth\u00e9tiques, tests sur les animaux, ou impact carbone<\/p>\n<hr data-start=\"673\" data-end=\"676\">\n<h3 data-start=\"678\" data-end=\"698\"><strong data-start=\"682\" data-end=\"696\">Mode d&#8217;emploi<\/strong><\/h3>\n<p data-start=\"699\" data-end=\"841\">Appliquez d\u00e9licatement 3 gouttes sur une peau propre, le matin ou le soir, quand vous le souhaitez. Faites une pause, respirez profond\u00e9ment et faites-en un rituel tranquille de soin de soi. <\/p>\n<hr data-start=\"843\" data-end=\"846\">\n<h3 data-start=\"848\" data-end=\"867\"><strong data-start=\"852\" data-end=\"865\">Id\u00e9al pour<\/strong><\/h3>\n<p data-start=\"868\" data-end=\"1035\">Toute personne souhaitant renforcer la barri\u00e8re cutan\u00e9e, augmenter l&rsquo;hydratation quotidienne et se d\u00e9fendre contre les agressions ext\u00e9rieures.<br data-start=\"980\" data-end=\"983\">Parfait pour les peaux sensibles, acn\u00e9iques ou r\u00e9actives.<\/p>\n<p data-start=\"1037\" data-end=\"1093\" data-is-last-node=\"\" data-is-only-node=\"\"><strong data-start=\"1037\" data-end=\"1093\" data-is-last-node=\"\">100% naturel | v\u00e9g\u00e9talien | sans cruaut\u00e9 | neutre en carbone<\/strong><\/p>\n<h2 data-start=\"1037\" data-end=\"1093\"><strong>Ingr\u00e9dients naturels \/ biologiques <\/strong><\/h2>\n<p>Au c\u0153ur de cette formule se trouve le Gulalung (Finger Lime), une plante indig\u00e8ne v\u00e9n\u00e9r\u00e9e pour ses propri\u00e9t\u00e9s antiseptiques et hydratantes. Utilis\u00e9 depuis des g\u00e9n\u00e9rations dans les pratiques traditionnelles, ce fruit agit au niveau cellulaire pour aider \u00e0 restaurer le rythme et les cycles naturels de la peau. <\/p>\n<p>Ingr\u00e9dients : Extrait de fruit de limette (Gulalung), glyc\u00e9rine, eau, benzoate de sodium, sorbate de potassium.<\/p>\n\n\t<section class=\"section\" id=\"section_1232392283\">\n\t\t<div class=\"section-bg fill\" >\n\t\t\t\t\t\t\t\t\t\n\t\t\t\n\n\t\t<\/div>\n\n\t\t\n\n\t\t<div class=\"section-content relative\">\n\t\t\t\n\n<div class=\"row\"  id=\"row-915575730\">\n\n\n\t<div id=\"col-1444576730\" class=\"col small-12 large-12\"  >\n\t\t\t\t<div class=\"col-inner\"  >\n\t\t\t\n\t\t\t\n\n<h3>\u00c0 propos des soins INBLUEM<\/h3>\n<hr>\n\n<div class=\"row\"  id=\"row-435907562\">\n\n\n\t<div id=\"col-218544554\" class=\"col medium-9 small-12 large-9\"  >\n\t\t\t\t<div class=\"col-inner\"  >\n\t\t\t\n\t\t\t\n\n<p data-start=\"277\" data-end=\"732\">INBLUEM est une marque de soins de la peau consciencieusement \u00e9labor\u00e9e, n\u00e9e \u00e0 <strong data-start=\"333\" data-end=\"357\">Byron Bay, Australie<\/strong>, sur les <strong data-start=\"362\" data-end=\"381\">terres Bundjalung<\/strong>. Fond\u00e9e par l'ing\u00e9nieure environnementale et militante <strong data-start=\"430\" data-end=\"447\">Montana Lower<\/strong>, la marque est n\u00e9e du d\u00e9sir d'offrir des soins de la peau v\u00e9ritablement en harmonie avec la nature \u2014 s\u00fbrs, \u00e9thiques et profond\u00e9ment nourrissants. Inspir\u00e9e pendant sa grossesse, Montana s'est donn\u00e9 pour mission de cr\u00e9er des formulations suffisamment douces pour les b\u00e9b\u00e9s, mais assez puissantes pour convenir aux peaux de tous \u00e2ges.  <\/p>\n<p data-start=\"734\" data-end=\"1122\">Chaque produit INBLUEM est fabriqu\u00e9 \u00e0 partir d'<strong data-start=\"769\" data-end=\"829\">ingr\u00e9dients biologiques, cueillis \u00e0 l'\u00e9tat sauvage et sourc\u00e9s localement<\/strong> \u2014 toujours exempts de toxines, d'additifs synth\u00e9tiques et de produits chimiques agressifs. La marque suit les principes du <g id=\"gid_1\">biomim\u00e9tisme<\/g>, concevant des soins qui fonctionnent en harmonie avec votre corps et la Terre. De la collaboration avec les agriculteurs jusqu'aux emballages utilis\u00e9s, la durabilit\u00e9 est int\u00e9gr\u00e9e \u00e0 chaque \u00e9tape.  <\/p>\n<p data-start=\"1124\" data-end=\"1499\">INBLUEM est fi\u00e8rement <strong data-start=\"1143\" data-end=\"1152\">v\u00e9gane<\/strong>, <strong data-start=\"1154\" data-end=\"1197\">certifi\u00e9e sans cruaut\u00e9 par Leaping Bunny<\/strong>, et engag\u00e9e dans des pratiques de <strong data-start=\"1216\" data-end=\"1230\">commerce \u00e9quitable<\/strong>. La marque soutient les <strong data-start=\"1261\" data-end=\"1286\">agriculteurs des Premi\u00e8res Nations<\/strong> et reconna\u00eet les Gardiens Traditionnels des terres sur lesquelles elle travaille. Chaque produit refl\u00e8te leur mission de r\u00e9ensauvager l'industrie de la beaut\u00e9 \u2014 offrant des soins de la peau purs, conscients et ancr\u00e9s dans l'amour.  <\/p>\n<p data-start=\"1501\" data-end=\"1636\">C'est bien plus que des soins de la peau. C'est un retour \u00e0 l'essentiel \u2014 <strong data-start=\"1569\" data-end=\"1636\">votre bien-\u00eatre, vos valeurs et votre connexion avec la Terre.<\/strong> <\/p>\n\n\t\t<\/div>\n\t\t\t\t\t<\/div>\n\n\t\n\n\t<div id=\"col-68010268\" class=\"col medium-3 small-12 large-3\"  >\n\t\t\t\t<div class=\"col-inner\"  >\n\t\t\t\n\t\t\t\n\n\t<div class=\"img has-hover x md-x lg-x y md-y lg-y\" id=\"image_780944964\">\n\t\t\t\t\t\t\t\t<div class=\"img-inner dark\" >\n\t\t\t<img fetchpriority=\"high\" decoding=\"async\" width=\"640\" height=\"800\" src=\"https:\/\/dutchhealthstore.com\/wp-content\/uploads\/2025\/07\/inbluem-foto-small.jpg\" class=\"attachment-large size-large\" alt=\"\" srcset=\"https:\/\/dutchhealthstore.com\/wp-content\/uploads\/2025\/07\/inbluem-foto-small.jpg 640w, https:\/\/dutchhealthstore.com\/wp-content\/uploads\/2025\/07\/inbluem-foto-small-320x400.jpg 320w, https:\/\/dutchhealthstore.com\/wp-content\/uploads\/2025\/07\/inbluem-foto-small-40x50.jpg 40w, https:\/\/dutchhealthstore.com\/wp-content\/uploads\/2025\/07\/inbluem-foto-small-530x663.jpg 530w, https:\/\/dutchhealthstore.com\/wp-content\/uploads\/2025\/07\/inbluem-foto-small-64x80.jpg 64w\" sizes=\"(max-width: 640px) 100vw, 640px\" \/>\t\t\t\t\t\t\n\t\t\t\t\t<\/div>\n\t\t\t\t\t\t\t\t\n<style>\n#image_780944964 {\n  width: 100%;\n}\n<\/style>\n\t<\/div>\n\t\n\n\n\t\t<\/div>\n\t\t\t\t\t<\/div>\n\n\t\n\n<\/div>\n\n\t\t<\/div>\n\t\t\t\t\t<\/div>\n\n\t\n\n<\/div>\n\n\t\t<\/div>\n\n\t\t\n<style>\n#section_1232392283 {\n  padding-top: 30px;\n  padding-bottom: 30px;\n}\n<\/style>\n\t<\/section>\n\t\n","protected":false},"excerpt":{"rendered":"<p>Un s\u00e9rum puissant et respectueux de la peau qui aide \u00e0 restaurer et \u00e0 renforcer la barri\u00e8re cutan\u00e9e, \u00e0 hydrater en profondeur et \u00e0 r\u00e9duire l&rsquo;inflammation, pour un \u00e9clat calme, \u00e9quilibr\u00e9 et r\u00e9sistant.<\/p>\n","protected":false},"featured_media":353524,"comment_status":"open","ping_status":"closed","template":"","meta":[],"product_brand":[],"product_cat":[21375,1209,1030,5107,5711,5673,5712,1229,4240,5715,5716,1010],"product_tag":[21359,6314,21531,6032,21358],"class_list":{"0":"post-352702","1":"product","2":"type-product","3":"status-publish","4":"has-post-thumbnail","6":"product_cat-inbluem-fr","7":"product_cat-par-marques","8":"product_cat-par-produits","9":"product_cat-by-skin-type-fr-4","10":"product_cat-oily-skin-clogged-pores-fr-5","11":"product_cat-oily-skin-clogged-pores-fr","12":"product_cat-sensitive-skin-redness-fr-3","13":"product_cat-sensitive-skin-redness-fr","14":"product_cat-serums-fr-2","15":"product_cat-serums-fr-4","16":"product_cat-serums-fr-5","17":"product_cat-notre-boutique","18":"product_tag-anti-age","19":"product_tag-glow-fr","20":"product_tag-reparation","21":"product_tag-serum-fr","22":"product_tag-soins-du-visage","23":"pa_brand-inbluem-fr","24":"pa_size-30-ml-fr","25":"pa_skincare-type-face-oil-and-serums-fr","26":"pa_skincare-type-moisturizers-fr","27":"pa_skintype-oily-skin-fr","28":"pa_skintype-normal-combination-skin-fr","29":"pa_skintype-dry-mature-ageing-skin-fr","30":"pa_skintype-sensitive-skin-redness-fr","32":"first","33":"instock","34":"taxable","35":"shipping-taxable","36":"purchasable","37":"product-type-simple"},"bundled_by":[],"bundle_stock_status":"instock","bundle_stock_quantity":5,"bundle_virtual":false,"bundle_layout":"","bundle_add_to_cart_form_location":"","bundle_editable_in_cart":false,"bundle_sold_individually_context":"","bundle_item_grouping":"","bundle_min_size":"","bundle_max_size":"","bundle_price":[],"bundled_items":[],"bundle_sell_ids":[352694],"atum_controlled":true,"out_stock_date":null,"out_stock_threshold":null,"inheritable":false,"stock_on_hold":0,"sold_today":0,"sales_last_days":0,"out_stock_days":0,"lost_sales":0,"update_date":"2026-04-30T12:02:45","atum_locations":[],"atum_stock_status":"instock","restock_status":false,"low_stock_amount":"","sales_update_date":"2026-04-30T12:02:45","calc_backorders":null,"group_of_quantity":0,"min_quantity":0,"max_quantity":"","exclude_order_quantity_value_rules":"no","exclude_category_quantity_rules":"no","combine_variations":"no","yoast_head":"<!-- This site is optimized with the Yoast SEO Premium plugin v26.5 (Yoast SEO v26.5) - https:\/\/yoast.com\/wordpress\/plugins\/seo\/ -->\n<title>Finger Lime - Repair Serum - Inbluem<\/title>\n<meta name=\"description\" content=\"Un s\u00e9rum puissant et respectueux de la peau qui aide \u00e0 restaurer et \u00e0 renforcer la barri\u00e8re cutan\u00e9e, \u00e0 hydrater en profondeur et \u00e0 r\u00e9duire l&#039;inflammation, pour un \u00e9clat calme, \u00e9quilibr\u00e9 et r\u00e9sistant.\" \/>\n<meta name=\"robots\" content=\"index, follow, max-snippet:-1, max-image-preview:large, max-video-preview:-1\" \/>\n<link rel=\"canonical\" href=\"https:\/\/dutchhealthstore.com\/fr\/product\/finger-lime-repair-serum\/\" \/>\n<meta property=\"og:locale\" content=\"fr_FR\" \/>\n<meta property=\"og:type\" content=\"article\" \/>\n<meta property=\"og:title\" content=\"Finger Lime - Repair Serum - Dutch Health Store\" \/>\n<meta property=\"og:description\" content=\"Un s\u00e9rum puissant et respectueux de la peau qui aide \u00e0 restaurer et \u00e0 renforcer la barri\u00e8re cutan\u00e9e, \u00e0 hydrater en profondeur et \u00e0 r\u00e9duire l&#039;inflammation, pour un \u00e9clat calme, \u00e9quilibr\u00e9 et r\u00e9sistant.\" \/>\n<meta property=\"og:url\" content=\"https:\/\/dutchhealthstore.com\/fr\/product\/finger-lime-repair-serum\/\" \/>\n<meta property=\"og:site_name\" content=\"Dutch Health Store\" \/>\n<meta property=\"article:publisher\" content=\"https:\/\/www.instagram.com\/dutchhealthstore\/\" \/>\n<meta property=\"article:modified_time\" content=\"2026-02-06T16:12:10+00:00\" \/>\n<meta property=\"og:image\" content=\"https:\/\/dutchhealthstore.com\/wp-content\/uploads\/2025\/08\/finger-lime-2.jpg\" \/>\n\t<meta property=\"og:image:width\" content=\"730\" \/>\n\t<meta property=\"og:image:height\" content=\"730\" \/>\n\t<meta property=\"og:image:type\" content=\"image\/jpeg\" \/>\n<meta name=\"twitter:card\" content=\"summary_large_image\" \/>\n<meta name=\"twitter:label1\" content=\"Prix\" \/>\n\t<meta name=\"twitter:data1\" content=\"&euro;51,95\" \/>\n\t<meta name=\"twitter:label2\" content=\"Disponibilit\u00e9\" \/>\n\t<meta name=\"twitter:data2\" content=\"En stock\" \/>\n<script type=\"application\/ld+json\" class=\"yoast-schema-graph\">{\"@context\":\"https:\/\/schema.org\",\"@graph\":[{\"@type\":\"WebPage\",\"@id\":\"https:\/\/dutchhealthstore.com\/fr\/product\/finger-lime-repair-serum\/\",\"url\":\"https:\/\/dutchhealthstore.com\/fr\/product\/finger-lime-repair-serum\/\",\"name\":\"Finger Lime - Repair Serum - Inbluem\",\"isPartOf\":{\"@id\":\"https:\/\/dutchhealthstore.com\/fr\/#website\"},\"primaryImageOfPage\":{\"@id\":\"https:\/\/dutchhealthstore.com\/fr\/product\/finger-lime-repair-serum\/#primaryimage\"},\"image\":{\"@id\":\"https:\/\/dutchhealthstore.com\/fr\/product\/finger-lime-repair-serum\/#primaryimage\"},\"thumbnailUrl\":\"https:\/\/dutchhealthstore.com\/wp-content\/uploads\/2025\/08\/finger-lime-2.jpg\",\"datePublished\":\"2025-08-14T06:40:40+00:00\",\"dateModified\":\"2026-02-06T16:12:10+00:00\",\"description\":\"Un s\u00e9rum puissant et respectueux de la peau qui aide \u00e0 restaurer et \u00e0 renforcer la barri\u00e8re cutan\u00e9e, \u00e0 hydrater en profondeur et \u00e0 r\u00e9duire l'inflammation, pour un \u00e9clat calme, \u00e9quilibr\u00e9 et r\u00e9sistant.\",\"breadcrumb\":{\"@id\":\"https:\/\/dutchhealthstore.com\/fr\/product\/finger-lime-repair-serum\/#breadcrumb\"},\"inLanguage\":\"fr-FR\",\"potentialAction\":[{\"@type\":\"ReadAction\",\"target\":[\"https:\/\/dutchhealthstore.com\/fr\/product\/finger-lime-repair-serum\/\"]}]},{\"@type\":\"ImageObject\",\"inLanguage\":\"fr-FR\",\"@id\":\"https:\/\/dutchhealthstore.com\/fr\/product\/finger-lime-repair-serum\/#primaryimage\",\"url\":\"https:\/\/dutchhealthstore.com\/wp-content\/uploads\/2025\/08\/finger-lime-2.jpg\",\"contentUrl\":\"https:\/\/dutchhealthstore.com\/wp-content\/uploads\/2025\/08\/finger-lime-2.jpg\",\"width\":730,\"height\":730},{\"@type\":\"BreadcrumbList\",\"@id\":\"https:\/\/dutchhealthstore.com\/fr\/product\/finger-lime-repair-serum\/#breadcrumb\",\"itemListElement\":[{\"@type\":\"ListItem\",\"position\":1,\"name\":\"Home\",\"item\":\"https:\/\/dutchhealthstore.com\/fr\/\"},{\"@type\":\"ListItem\",\"position\":2,\"name\":\"Shop\",\"item\":\"https:\/\/dutchhealthstore.com\/fr\/shop\/\"},{\"@type\":\"ListItem\",\"position\":3,\"name\":\"Finger Lime &#8211; Repair Serum\"}]},{\"@type\":\"WebSite\",\"@id\":\"https:\/\/dutchhealthstore.com\/fr\/#website\",\"url\":\"https:\/\/dutchhealthstore.com\/fr\/\",\"name\":\"Dutch Health Store\",\"description\":\"Enhance Your Beauty with Organic &amp; Natural Skincare\",\"publisher\":{\"@id\":\"https:\/\/dutchhealthstore.com\/fr\/#organization\"},\"potentialAction\":[{\"@type\":\"SearchAction\",\"target\":{\"@type\":\"EntryPoint\",\"urlTemplate\":\"https:\/\/dutchhealthstore.com\/fr\/?s={search_term_string}\"},\"query-input\":{\"@type\":\"PropertyValueSpecification\",\"valueRequired\":true,\"valueName\":\"search_term_string\"}}],\"inLanguage\":\"fr-FR\"},{\"@type\":\"Organization\",\"@id\":\"https:\/\/dutchhealthstore.com\/fr\/#organization\",\"name\":\"Dutch Health Store\",\"url\":\"https:\/\/dutchhealthstore.com\/fr\/\",\"logo\":{\"@type\":\"ImageObject\",\"inLanguage\":\"fr-FR\",\"@id\":\"https:\/\/dutchhealthstore.com\/fr\/#\/schema\/logo\/image\/\",\"url\":\"https:\/\/dutchhealthstore.com\/wp-content\/uploads\/2020\/08\/logo-dutchhealthstore-jpg-e1599484957574.jpg\",\"contentUrl\":\"https:\/\/dutchhealthstore.com\/wp-content\/uploads\/2020\/08\/logo-dutchhealthstore-jpg-e1599484957574.jpg\",\"width\":400,\"height\":62,\"caption\":\"Dutch Health Store\"},\"image\":{\"@id\":\"https:\/\/dutchhealthstore.com\/fr\/#\/schema\/logo\/image\/\"},\"sameAs\":[\"https:\/\/www.instagram.com\/dutchhealthstore\/\",\"https:\/\/www.facebook.com\/dutchhealthstore\"]}]}<\/script>\n<meta property=\"product:brand\" content=\"INBLUEM\" \/>\n<meta property=\"product:price:amount\" content=\"51.95\" \/>\n<meta property=\"product:price:currency\" content=\"EUR\" \/>\n<meta property=\"og:availability\" content=\"instock\" \/>\n<meta property=\"product:availability\" content=\"instock\" \/>\n<meta property=\"product:condition\" content=\"new\" \/>\n<!-- \/ Yoast SEO Premium plugin. -->","yoast_head_json":{"title":"Finger Lime - Repair Serum - Inbluem","description":"Un s\u00e9rum puissant et respectueux de la peau qui aide \u00e0 restaurer et \u00e0 renforcer la barri\u00e8re cutan\u00e9e, \u00e0 hydrater en profondeur et \u00e0 r\u00e9duire l'inflammation, pour un \u00e9clat calme, \u00e9quilibr\u00e9 et r\u00e9sistant.","robots":{"index":"index","follow":"follow","max-snippet":"max-snippet:-1","max-image-preview":"max-image-preview:large","max-video-preview":"max-video-preview:-1"},"canonical":"https:\/\/dutchhealthstore.com\/fr\/product\/finger-lime-repair-serum\/","og_locale":"fr_FR","og_type":"article","og_title":"Finger Lime - Repair Serum - Dutch Health Store","og_description":"Un s\u00e9rum puissant et respectueux de la peau qui aide \u00e0 restaurer et \u00e0 renforcer la barri\u00e8re cutan\u00e9e, \u00e0 hydrater en profondeur et \u00e0 r\u00e9duire l'inflammation, pour un \u00e9clat calme, \u00e9quilibr\u00e9 et r\u00e9sistant.","og_url":"https:\/\/dutchhealthstore.com\/fr\/product\/finger-lime-repair-serum\/","og_site_name":"Dutch Health Store","article_publisher":"https:\/\/www.instagram.com\/dutchhealthstore\/","article_modified_time":"2026-02-06T16:12:10+00:00","og_image":[{"width":730,"height":730,"url":"https:\/\/dutchhealthstore.com\/wp-content\/uploads\/2025\/08\/finger-lime-2.jpg","type":"image\/jpeg"}],"twitter_card":"summary_large_image","twitter_misc":{"Prix":"&euro;51,95","Disponibilit\u00e9":"En stock"},"schema":{"@context":"https:\/\/schema.org","@graph":[{"@type":"WebPage","@id":"https:\/\/dutchhealthstore.com\/fr\/product\/finger-lime-repair-serum\/","url":"https:\/\/dutchhealthstore.com\/fr\/product\/finger-lime-repair-serum\/","name":"Finger Lime - Repair Serum - Inbluem","isPartOf":{"@id":"https:\/\/dutchhealthstore.com\/fr\/#website"},"primaryImageOfPage":{"@id":"https:\/\/dutchhealthstore.com\/fr\/product\/finger-lime-repair-serum\/#primaryimage"},"image":{"@id":"https:\/\/dutchhealthstore.com\/fr\/product\/finger-lime-repair-serum\/#primaryimage"},"thumbnailUrl":"https:\/\/dutchhealthstore.com\/wp-content\/uploads\/2025\/08\/finger-lime-2.jpg","datePublished":"2025-08-14T06:40:40+00:00","dateModified":"2026-02-06T16:12:10+00:00","description":"Un s\u00e9rum puissant et respectueux de la peau qui aide \u00e0 restaurer et \u00e0 renforcer la barri\u00e8re cutan\u00e9e, \u00e0 hydrater en profondeur et \u00e0 r\u00e9duire l'inflammation, pour un \u00e9clat calme, \u00e9quilibr\u00e9 et r\u00e9sistant.","breadcrumb":{"@id":"https:\/\/dutchhealthstore.com\/fr\/product\/finger-lime-repair-serum\/#breadcrumb"},"inLanguage":"fr-FR","potentialAction":[{"@type":"ReadAction","target":["https:\/\/dutchhealthstore.com\/fr\/product\/finger-lime-repair-serum\/"]}]},{"@type":"ImageObject","inLanguage":"fr-FR","@id":"https:\/\/dutchhealthstore.com\/fr\/product\/finger-lime-repair-serum\/#primaryimage","url":"https:\/\/dutchhealthstore.com\/wp-content\/uploads\/2025\/08\/finger-lime-2.jpg","contentUrl":"https:\/\/dutchhealthstore.com\/wp-content\/uploads\/2025\/08\/finger-lime-2.jpg","width":730,"height":730},{"@type":"BreadcrumbList","@id":"https:\/\/dutchhealthstore.com\/fr\/product\/finger-lime-repair-serum\/#breadcrumb","itemListElement":[{"@type":"ListItem","position":1,"name":"Home","item":"https:\/\/dutchhealthstore.com\/fr\/"},{"@type":"ListItem","position":2,"name":"Shop","item":"https:\/\/dutchhealthstore.com\/fr\/shop\/"},{"@type":"ListItem","position":3,"name":"Finger Lime &#8211; Repair Serum"}]},{"@type":"WebSite","@id":"https:\/\/dutchhealthstore.com\/fr\/#website","url":"https:\/\/dutchhealthstore.com\/fr\/","name":"Dutch Health Store","description":"Enhance Your Beauty with Organic &amp; Natural Skincare","publisher":{"@id":"https:\/\/dutchhealthstore.com\/fr\/#organization"},"potentialAction":[{"@type":"SearchAction","target":{"@type":"EntryPoint","urlTemplate":"https:\/\/dutchhealthstore.com\/fr\/?s={search_term_string}"},"query-input":{"@type":"PropertyValueSpecification","valueRequired":true,"valueName":"search_term_string"}}],"inLanguage":"fr-FR"},{"@type":"Organization","@id":"https:\/\/dutchhealthstore.com\/fr\/#organization","name":"Dutch Health Store","url":"https:\/\/dutchhealthstore.com\/fr\/","logo":{"@type":"ImageObject","inLanguage":"fr-FR","@id":"https:\/\/dutchhealthstore.com\/fr\/#\/schema\/logo\/image\/","url":"https:\/\/dutchhealthstore.com\/wp-content\/uploads\/2020\/08\/logo-dutchhealthstore-jpg-e1599484957574.jpg","contentUrl":"https:\/\/dutchhealthstore.com\/wp-content\/uploads\/2020\/08\/logo-dutchhealthstore-jpg-e1599484957574.jpg","width":400,"height":62,"caption":"Dutch Health Store"},"image":{"@id":"https:\/\/dutchhealthstore.com\/fr\/#\/schema\/logo\/image\/"},"sameAs":["https:\/\/www.instagram.com\/dutchhealthstore\/","https:\/\/www.facebook.com\/dutchhealthstore"]}]},"product_brand":"INBLUEM","product_price_amount":"51.95","product_price_currency":"EUR","og_availability":"instock","product_availability":"instock","product_condition":"new"},"_links":{"self":[{"href":"https:\/\/dutchhealthstore.com\/fr\/wp-json\/wp\/v2\/product\/352702","targetHints":{"allow":["GET"]}}],"collection":[{"href":"https:\/\/dutchhealthstore.com\/fr\/wp-json\/wp\/v2\/product"}],"about":[{"href":"https:\/\/dutchhealthstore.com\/fr\/wp-json\/wp\/v2\/types\/product"}],"replies":[{"embeddable":true,"href":"https:\/\/dutchhealthstore.com\/fr\/wp-json\/wp\/v2\/comments?post=352702"}],"wp:featuredmedia":[{"embeddable":true,"href":"https:\/\/dutchhealthstore.com\/fr\/wp-json\/wp\/v2\/media\/353524"}],"wp:attachment":[{"href":"https:\/\/dutchhealthstore.com\/fr\/wp-json\/wp\/v2\/media?parent=352702"}],"wp:term":[{"taxonomy":"product_brand","embeddable":true,"href":"https:\/\/dutchhealthstore.com\/fr\/wp-json\/wp\/v2\/product_brand?post=352702"},{"taxonomy":"product_cat","embeddable":true,"href":"https:\/\/dutchhealthstore.com\/fr\/wp-json\/wp\/v2\/product_cat?post=352702"},{"taxonomy":"product_tag","embeddable":true,"href":"https:\/\/dutchhealthstore.com\/fr\/wp-json\/wp\/v2\/product_tag?post=352702"}],"curies":[{"name":"wp","href":"https:\/\/api.w.org\/{rel}","templated":true}]}}