{"id":352694,"date":"2025-08-14T09:18:11","date_gmt":"2025-08-14T07:18:11","guid":{"rendered":"https:\/\/dutchhealthstore.com\/product\/kakadu-plum-radiance-serum\/"},"modified":"2026-02-06T17:12:15","modified_gmt":"2026-02-06T16:12:15","slug":"kakadu-plum-radiance-serum","status":"publish","type":"product","link":"https:\/\/dutchhealthstore.com\/fr\/product\/kakadu-plum-radiance-serum\/","title":{"rendered":"Kakadu Plum &#8211; Radiance Serum"},"content":{"rendered":"<h3 data-start=\"199\" data-end=\"219\"><strong data-start=\"203\" data-end=\"219\">Principaux avantages<\/strong><\/h3>\n<ul data-start=\"220\" data-end=\"613\">\n<li data-start=\"220\" data-end=\"292\">\n<p data-start=\"222\" data-end=\"292\">Contient de la vitamine C naturelle pour am\u00e9liorer l&rsquo;\u00e9clat de la peau et unifier le teint.<\/p>\n<\/li>\n<li data-start=\"293\" data-end=\"353\">\n<p data-start=\"295\" data-end=\"353\">Stimule la production de collag\u00e8ne pour une peau plus ferme et plus \u00e9lastique<\/p>\n<\/li>\n<li data-start=\"354\" data-end=\"422\">\n<p data-start=\"356\" data-end=\"422\">Aide \u00e0 r\u00e9duire l&rsquo;apparence des ridules, des taches de soleil et de la pigmentation<\/p>\n<\/li>\n<li data-start=\"423\" data-end=\"490\">\n<p data-start=\"425\" data-end=\"490\">Fournit une d\u00e9fense antioxydante contre le stress environnemental quotidien<\/p>\n<\/li>\n<li data-start=\"491\" data-end=\"549\">\n<p data-start=\"493\" data-end=\"549\">Hydrate et apaise la peau pour une apparence rafra\u00eechie.<\/p>\n<\/li>\n<li data-start=\"550\" data-end=\"613\">\n<p data-start=\"552\" data-end=\"613\">Peut aider \u00e0 att\u00e9nuer les poches et les cernes sous les yeux.<\/p>\n<\/li>\n<\/ul>\n<p data-start=\"615\" data-end=\"735\"><strong data-start=\"615\" data-end=\"623\">Taille<\/strong>: <strong>30ml (dure environ 2-3 mois)<\/strong><br data-start=\"662\" data-end=\"665\"><strong data-start=\"665\" data-end=\"687\">Formul\u00e9 sans<\/strong>: Synth\u00e9tiques, tests sur les animaux, ou impact carbone<\/p>\n<hr data-start=\"737\" data-end=\"740\">\n<h3 data-start=\"742\" data-end=\"762\"><strong data-start=\"746\" data-end=\"760\">Mode d&#8217;emploi<\/strong><\/h3>\n<p data-start=\"763\" data-end=\"925\">Appliquez 3 gouttes le soir sur le visage ou sous les yeux. Laissez le pouvoir naturel de la vitamine C agir pendant que vous vous reposez. Un rituel nocturne pour une peau restaur\u00e9e et un \u00e9clat renouvel\u00e9.  <\/p>\n<hr data-start=\"927\" data-end=\"930\">\n<h3 data-start=\"932\" data-end=\"951\"><strong data-start=\"936\" data-end=\"949\">Id\u00e9al pour<\/strong><\/h3>\n<p data-start=\"952\" data-end=\"1139\">Celles qui cherchent \u00e0 \u00e9claircir le teint terne ou in\u00e9gal, \u00e0 estomper la pigmentation et \u00e0 favoriser un \u00e9clat naturel et radieux.<br data-start=\"1059\" data-end=\"1062\">Particuli\u00e8rement efficace pour les peaux pr\u00e9sentant des ridules, des cicatrices ou des signes de dommages caus\u00e9s par le soleil.<\/p>\n<p data-start=\"1141\" data-end=\"1197\" data-is-last-node=\"\" data-is-only-node=\"\"><strong data-start=\"1141\" data-end=\"1197\" data-is-last-node=\"\">100% naturel | v\u00e9g\u00e9talien | sans cruaut\u00e9 | neutre en carbone<\/strong><\/p>\n<h2 data-start=\"1141\" data-end=\"1197\"><strong>Ingr\u00e9dients naturels \/ biologiques <\/strong><\/h2>\n<p>Le gubinge (prune de Kakadu) est un superfruit originaire d&rsquo;Australie occidentale qui regorge d&rsquo;une multitude de nutriments ayant fait leurs preuves en mati\u00e8re d&rsquo;am\u00e9lioration de la sant\u00e9 de la peau. Les communaut\u00e9s des premi\u00e8res nations r\u00e9coltent ce fruit unique depuis des milliers d&rsquo;ann\u00e9es pour ses puissants bienfaits. Il contient des niveaux de vitamine C parmi les plus \u00e9lev\u00e9s du monde naturel. <\/p>\n<p>Ingr\u00e9dients : Extrait de la plante de prunier de Kakadu, glyc\u00e9rine, eau, benzoate de sodium, sorbate de potassium.<\/p>\n\n\t<section class=\"section\" id=\"section_355329427\">\n\t\t<div class=\"section-bg fill\" >\n\t\t\t\t\t\t\t\t\t\n\t\t\t\n\n\t\t<\/div>\n\n\t\t\n\n\t\t<div class=\"section-content relative\">\n\t\t\t\n\n<div class=\"row\"  id=\"row-20094322\">\n\n\n\t<div id=\"col-663299904\" class=\"col small-12 large-12\"  >\n\t\t\t\t<div class=\"col-inner\"  >\n\t\t\t\n\t\t\t\n\n<h3>\u00c0 propos des soins INBLUEM<\/h3>\n<hr>\n\n<div class=\"row\"  id=\"row-1942472126\">\n\n\n\t<div id=\"col-1351391230\" class=\"col medium-9 small-12 large-9\"  >\n\t\t\t\t<div class=\"col-inner\"  >\n\t\t\t\n\t\t\t\n\n<p data-start=\"277\" data-end=\"732\">INBLUEM est une marque de soins de la peau consciencieusement \u00e9labor\u00e9e, n\u00e9e \u00e0 <strong data-start=\"333\" data-end=\"357\">Byron Bay, Australie<\/strong>, sur les <strong data-start=\"362\" data-end=\"381\">terres Bundjalung<\/strong>. Fond\u00e9e par l'ing\u00e9nieure environnementale et militante <strong data-start=\"430\" data-end=\"447\">Montana Lower<\/strong>, la marque est n\u00e9e du d\u00e9sir d'offrir des soins de la peau v\u00e9ritablement en harmonie avec la nature \u2014 s\u00fbrs, \u00e9thiques et profond\u00e9ment nourrissants. Inspir\u00e9e pendant sa grossesse, Montana s'est donn\u00e9 pour mission de cr\u00e9er des formulations suffisamment douces pour les b\u00e9b\u00e9s, mais assez puissantes pour convenir aux peaux de tous \u00e2ges.  <\/p>\n<p data-start=\"734\" data-end=\"1122\">Chaque produit INBLUEM est fabriqu\u00e9 \u00e0 partir d'<strong data-start=\"769\" data-end=\"829\">ingr\u00e9dients biologiques, cueillis \u00e0 l'\u00e9tat sauvage et sourc\u00e9s localement<\/strong> \u2014 toujours exempts de toxines, d'additifs synth\u00e9tiques et de produits chimiques agressifs. La marque suit les principes du <g id=\"gid_1\">biomim\u00e9tisme<\/g>, concevant des soins qui fonctionnent en harmonie avec votre corps et la Terre. De la collaboration avec les agriculteurs jusqu'aux emballages utilis\u00e9s, la durabilit\u00e9 est int\u00e9gr\u00e9e \u00e0 chaque \u00e9tape.  <\/p>\n<p data-start=\"1124\" data-end=\"1499\">INBLUEM est fi\u00e8rement <strong data-start=\"1143\" data-end=\"1152\">v\u00e9gane<\/strong>, <strong data-start=\"1154\" data-end=\"1197\">certifi\u00e9e sans cruaut\u00e9 par Leaping Bunny<\/strong>, et engag\u00e9e dans des pratiques de <strong data-start=\"1216\" data-end=\"1230\">commerce \u00e9quitable<\/strong>. La marque soutient les <strong data-start=\"1261\" data-end=\"1286\">agriculteurs des Premi\u00e8res Nations<\/strong> et reconna\u00eet les Gardiens Traditionnels des terres sur lesquelles elle travaille. Chaque produit refl\u00e8te leur mission de r\u00e9ensauvager l'industrie de la beaut\u00e9 \u2014 offrant des soins de la peau purs, conscients et ancr\u00e9s dans l'amour.  <\/p>\n<p data-start=\"1501\" data-end=\"1636\">C'est bien plus que des soins de la peau. C'est un retour \u00e0 l'essentiel \u2014 <strong data-start=\"1569\" data-end=\"1636\">votre bien-\u00eatre, vos valeurs et votre connexion avec la Terre.<\/strong> <\/p>\n\n\t\t<\/div>\n\t\t\t\t\t<\/div>\n\n\t\n\n\t<div id=\"col-798095693\" class=\"col medium-3 small-12 large-3\"  >\n\t\t\t\t<div class=\"col-inner\"  >\n\t\t\t\n\t\t\t\n\n\t<div class=\"img has-hover x md-x lg-x y md-y lg-y\" id=\"image_1607847137\">\n\t\t\t\t\t\t\t\t<div class=\"img-inner dark\" >\n\t\t\t<img fetchpriority=\"high\" decoding=\"async\" width=\"640\" height=\"800\" src=\"https:\/\/dutchhealthstore.com\/wp-content\/uploads\/2025\/07\/inbluem-foto-small.jpg\" class=\"attachment-large size-large\" alt=\"\" srcset=\"https:\/\/dutchhealthstore.com\/wp-content\/uploads\/2025\/07\/inbluem-foto-small.jpg 640w, https:\/\/dutchhealthstore.com\/wp-content\/uploads\/2025\/07\/inbluem-foto-small-320x400.jpg 320w, https:\/\/dutchhealthstore.com\/wp-content\/uploads\/2025\/07\/inbluem-foto-small-40x50.jpg 40w, https:\/\/dutchhealthstore.com\/wp-content\/uploads\/2025\/07\/inbluem-foto-small-530x663.jpg 530w, https:\/\/dutchhealthstore.com\/wp-content\/uploads\/2025\/07\/inbluem-foto-small-64x80.jpg 64w\" sizes=\"(max-width: 640px) 100vw, 640px\" \/>\t\t\t\t\t\t\n\t\t\t\t\t<\/div>\n\t\t\t\t\t\t\t\t\n<style>\n#image_1607847137 {\n  width: 100%;\n}\n<\/style>\n\t<\/div>\n\t\n\n\n\t\t<\/div>\n\t\t\t\t\t<\/div>\n\n\t\n\n<\/div>\n\n\t\t<\/div>\n\t\t\t\t\t<\/div>\n\n\t\n\n<\/div>\n\n\t\t<\/div>\n\n\t\t\n<style>\n#section_355329427 {\n  padding-top: 30px;\n  padding-bottom: 30px;\n}\n<\/style>\n\t<\/section>\n\t\n","protected":false},"excerpt":{"rendered":"<p>Ce s\u00e9rum antioxydant \u00e0 base de vitamine C naturelle ravive l&rsquo;\u00e9clat de la peau, l&rsquo;hydrate et la raffermit, r\u00e9v\u00e9lant ainsi un teint plus lisse et plus radieux.<\/p>\n","protected":false},"featured_media":353541,"comment_status":"open","ping_status":"closed","template":"","meta":[],"product_brand":[],"product_cat":[20925,20992,20991,14733,21375,1209,1030,5107,5711,5673,5627,5710,5709,5121,5712,1229,5716,5713,4240,5714,5715,1010],"product_tag":[21656,6314,9603,6032,21358],"class_list":{"0":"post-352694","1":"product","2":"type-product","3":"status-publish","4":"has-post-thumbnail","6":"product_cat-peau-mature-et-vieillissante","7":"product_cat-secs-fr-3","8":"product_cat-serums-fr-6","9":"product_cat-soins-de-la-peau","10":"product_cat-inbluem-fr","11":"product_cat-par-marques","12":"product_cat-par-produits","13":"product_cat-by-skin-type-fr-4","14":"product_cat-oily-skin-clogged-pores-fr-5","15":"product_cat-oily-skin-clogged-pores-fr","16":"product_cat-normal-or-combination-skin-fr-2","17":"product_cat-normal-or-combination-skin-fr-4","18":"product_cat-dry-mature-ageing-skin-fr-4","19":"product_cat-dry-mature-ageing-skin-fr-2","20":"product_cat-sensitive-skin-redness-fr-3","21":"product_cat-sensitive-skin-redness-fr","22":"product_cat-serums-fr-5","23":"product_cat-serums-fr","24":"product_cat-serums-fr-2","25":"product_cat-serums-fr-3","26":"product_cat-serums-fr-4","27":"product_cat-notre-boutique","28":"product_tag-antioxidants-fr","29":"product_tag-glow-fr","30":"product_tag-hydrating-fr","31":"product_tag-serum-fr","32":"product_tag-soins-du-visage","33":"pa_brand-inbluem-fr","34":"pa_size-30-ml-3-fr","35":"pa_skincare-type-face-oil-and-serums-fr","36":"pa_skincare-type-moisturizers-fr","37":"pa_skintype-oily-skin-fr","38":"pa_skintype-normal-combination-skin-fr","39":"pa_skintype-dry-mature-ageing-skin-fr","40":"pa_skintype-sensitive-skin-redness-fr","42":"first","43":"instock","44":"taxable","45":"shipping-taxable","46":"purchasable","47":"product-type-simple"},"bundled_by":[],"bundle_stock_status":"instock","bundle_stock_quantity":6,"bundle_virtual":false,"bundle_layout":"","bundle_add_to_cart_form_location":"","bundle_editable_in_cart":false,"bundle_sold_individually_context":"","bundle_item_grouping":"","bundle_min_size":"","bundle_max_size":"","bundle_price":[],"bundled_items":[],"bundle_sell_ids":[352702],"atum_controlled":true,"out_stock_date":null,"out_stock_threshold":null,"inheritable":false,"stock_on_hold":0,"sold_today":0,"sales_last_days":0,"out_stock_days":0,"lost_sales":0,"update_date":"2026-04-07T13:51:07","atum_locations":[],"atum_stock_status":"instock","restock_status":false,"low_stock_amount":"","sales_update_date":"2026-04-07T13:51:07","calc_backorders":null,"group_of_quantity":0,"min_quantity":0,"max_quantity":"","exclude_order_quantity_value_rules":"no","exclude_category_quantity_rules":"no","combine_variations":"no","yoast_head":"<!-- This site is optimized with the Yoast SEO Premium plugin v26.5 (Yoast SEO v26.5) - https:\/\/yoast.com\/wordpress\/plugins\/seo\/ -->\n<title>Kakadu Plum - Radiance Serum - Inbluem<\/title>\n<meta name=\"description\" content=\"Ce s\u00e9rum antioxydant \u00e0 base de vitamine C naturelle ravive l&#039;\u00e9clat de la peau, l&#039;hydrate et la raffermit, r\u00e9v\u00e9lant ainsi un teint plus lisse et plus radieux.\" \/>\n<meta name=\"robots\" content=\"index, follow, max-snippet:-1, max-image-preview:large, max-video-preview:-1\" \/>\n<link rel=\"canonical\" href=\"https:\/\/dutchhealthstore.com\/fr\/product\/kakadu-plum-radiance-serum\/\" \/>\n<meta property=\"og:locale\" content=\"fr_FR\" \/>\n<meta property=\"og:type\" content=\"article\" \/>\n<meta property=\"og:title\" content=\"Kakadu Plum - Radiance Serum - Dutch Health Store\" \/>\n<meta property=\"og:description\" content=\"Ce s\u00e9rum antioxydant \u00e0 base de vitamine C naturelle ravive l&#039;\u00e9clat de la peau, l&#039;hydrate et la raffermit, r\u00e9v\u00e9lant ainsi un teint plus lisse et plus radieux.\" \/>\n<meta property=\"og:url\" content=\"https:\/\/dutchhealthstore.com\/fr\/product\/kakadu-plum-radiance-serum\/\" \/>\n<meta property=\"og:site_name\" content=\"Dutch Health Store\" \/>\n<meta property=\"article:publisher\" content=\"https:\/\/www.instagram.com\/dutchhealthstore\/\" \/>\n<meta property=\"article:modified_time\" content=\"2026-02-06T16:12:15+00:00\" \/>\n<meta property=\"og:image\" content=\"https:\/\/dutchhealthstore.com\/wp-content\/uploads\/2025\/08\/kakaduplum.jpg\" \/>\n\t<meta property=\"og:image:width\" content=\"730\" \/>\n\t<meta property=\"og:image:height\" content=\"730\" \/>\n\t<meta property=\"og:image:type\" content=\"image\/jpeg\" \/>\n<meta name=\"twitter:card\" content=\"summary_large_image\" \/>\n<meta name=\"twitter:label1\" content=\"Prix\" \/>\n\t<meta name=\"twitter:data1\" content=\"&euro;51,95\" \/>\n\t<meta name=\"twitter:label2\" content=\"Disponibilit\u00e9\" \/>\n\t<meta name=\"twitter:data2\" content=\"En stock\" \/>\n<script type=\"application\/ld+json\" class=\"yoast-schema-graph\">{\"@context\":\"https:\/\/schema.org\",\"@graph\":[{\"@type\":\"WebPage\",\"@id\":\"https:\/\/dutchhealthstore.com\/fr\/product\/kakadu-plum-radiance-serum\/\",\"url\":\"https:\/\/dutchhealthstore.com\/fr\/product\/kakadu-plum-radiance-serum\/\",\"name\":\"Kakadu Plum - Radiance Serum - Inbluem\",\"isPartOf\":{\"@id\":\"https:\/\/dutchhealthstore.com\/fr\/#website\"},\"primaryImageOfPage\":{\"@id\":\"https:\/\/dutchhealthstore.com\/fr\/product\/kakadu-plum-radiance-serum\/#primaryimage\"},\"image\":{\"@id\":\"https:\/\/dutchhealthstore.com\/fr\/product\/kakadu-plum-radiance-serum\/#primaryimage\"},\"thumbnailUrl\":\"https:\/\/dutchhealthstore.com\/wp-content\/uploads\/2025\/08\/kakaduplum.jpg\",\"datePublished\":\"2025-08-14T07:18:11+00:00\",\"dateModified\":\"2026-02-06T16:12:15+00:00\",\"description\":\"Ce s\u00e9rum antioxydant \u00e0 base de vitamine C naturelle ravive l'\u00e9clat de la peau, l'hydrate et la raffermit, r\u00e9v\u00e9lant ainsi un teint plus lisse et plus radieux.\",\"breadcrumb\":{\"@id\":\"https:\/\/dutchhealthstore.com\/fr\/product\/kakadu-plum-radiance-serum\/#breadcrumb\"},\"inLanguage\":\"fr-FR\",\"potentialAction\":[{\"@type\":\"ReadAction\",\"target\":[\"https:\/\/dutchhealthstore.com\/fr\/product\/kakadu-plum-radiance-serum\/\"]}]},{\"@type\":\"ImageObject\",\"inLanguage\":\"fr-FR\",\"@id\":\"https:\/\/dutchhealthstore.com\/fr\/product\/kakadu-plum-radiance-serum\/#primaryimage\",\"url\":\"https:\/\/dutchhealthstore.com\/wp-content\/uploads\/2025\/08\/kakaduplum.jpg\",\"contentUrl\":\"https:\/\/dutchhealthstore.com\/wp-content\/uploads\/2025\/08\/kakaduplum.jpg\",\"width\":730,\"height\":730},{\"@type\":\"BreadcrumbList\",\"@id\":\"https:\/\/dutchhealthstore.com\/fr\/product\/kakadu-plum-radiance-serum\/#breadcrumb\",\"itemListElement\":[{\"@type\":\"ListItem\",\"position\":1,\"name\":\"Home\",\"item\":\"https:\/\/dutchhealthstore.com\/fr\/\"},{\"@type\":\"ListItem\",\"position\":2,\"name\":\"Shop\",\"item\":\"https:\/\/dutchhealthstore.com\/fr\/shop\/\"},{\"@type\":\"ListItem\",\"position\":3,\"name\":\"Kakadu Plum &#8211; Radiance Serum\"}]},{\"@type\":\"WebSite\",\"@id\":\"https:\/\/dutchhealthstore.com\/fr\/#website\",\"url\":\"https:\/\/dutchhealthstore.com\/fr\/\",\"name\":\"Dutch Health Store\",\"description\":\"Enhance Your Beauty with Organic &amp; Natural Skincare\",\"publisher\":{\"@id\":\"https:\/\/dutchhealthstore.com\/fr\/#organization\"},\"potentialAction\":[{\"@type\":\"SearchAction\",\"target\":{\"@type\":\"EntryPoint\",\"urlTemplate\":\"https:\/\/dutchhealthstore.com\/fr\/?s={search_term_string}\"},\"query-input\":{\"@type\":\"PropertyValueSpecification\",\"valueRequired\":true,\"valueName\":\"search_term_string\"}}],\"inLanguage\":\"fr-FR\"},{\"@type\":\"Organization\",\"@id\":\"https:\/\/dutchhealthstore.com\/fr\/#organization\",\"name\":\"Dutch Health Store\",\"url\":\"https:\/\/dutchhealthstore.com\/fr\/\",\"logo\":{\"@type\":\"ImageObject\",\"inLanguage\":\"fr-FR\",\"@id\":\"https:\/\/dutchhealthstore.com\/fr\/#\/schema\/logo\/image\/\",\"url\":\"https:\/\/dutchhealthstore.com\/wp-content\/uploads\/2020\/08\/logo-dutchhealthstore-jpg-e1599484957574.jpg\",\"contentUrl\":\"https:\/\/dutchhealthstore.com\/wp-content\/uploads\/2020\/08\/logo-dutchhealthstore-jpg-e1599484957574.jpg\",\"width\":400,\"height\":62,\"caption\":\"Dutch Health Store\"},\"image\":{\"@id\":\"https:\/\/dutchhealthstore.com\/fr\/#\/schema\/logo\/image\/\"},\"sameAs\":[\"https:\/\/www.instagram.com\/dutchhealthstore\/\",\"https:\/\/www.facebook.com\/dutchhealthstore\"]}]}<\/script>\n<meta property=\"product:brand\" content=\"INBLUEM\" \/>\n<meta property=\"product:price:amount\" content=\"51.95\" \/>\n<meta property=\"product:price:currency\" content=\"EUR\" \/>\n<meta property=\"og:availability\" content=\"instock\" \/>\n<meta property=\"product:availability\" content=\"instock\" \/>\n<meta property=\"product:condition\" content=\"new\" \/>\n<!-- \/ Yoast SEO Premium plugin. -->","yoast_head_json":{"title":"Kakadu Plum - Radiance Serum - Inbluem","description":"Ce s\u00e9rum antioxydant \u00e0 base de vitamine C naturelle ravive l'\u00e9clat de la peau, l'hydrate et la raffermit, r\u00e9v\u00e9lant ainsi un teint plus lisse et plus radieux.","robots":{"index":"index","follow":"follow","max-snippet":"max-snippet:-1","max-image-preview":"max-image-preview:large","max-video-preview":"max-video-preview:-1"},"canonical":"https:\/\/dutchhealthstore.com\/fr\/product\/kakadu-plum-radiance-serum\/","og_locale":"fr_FR","og_type":"article","og_title":"Kakadu Plum - Radiance Serum - Dutch Health Store","og_description":"Ce s\u00e9rum antioxydant \u00e0 base de vitamine C naturelle ravive l'\u00e9clat de la peau, l'hydrate et la raffermit, r\u00e9v\u00e9lant ainsi un teint plus lisse et plus radieux.","og_url":"https:\/\/dutchhealthstore.com\/fr\/product\/kakadu-plum-radiance-serum\/","og_site_name":"Dutch Health Store","article_publisher":"https:\/\/www.instagram.com\/dutchhealthstore\/","article_modified_time":"2026-02-06T16:12:15+00:00","og_image":[{"width":730,"height":730,"url":"https:\/\/dutchhealthstore.com\/wp-content\/uploads\/2025\/08\/kakaduplum.jpg","type":"image\/jpeg"}],"twitter_card":"summary_large_image","twitter_misc":{"Prix":"&euro;51,95","Disponibilit\u00e9":"En stock"},"schema":{"@context":"https:\/\/schema.org","@graph":[{"@type":"WebPage","@id":"https:\/\/dutchhealthstore.com\/fr\/product\/kakadu-plum-radiance-serum\/","url":"https:\/\/dutchhealthstore.com\/fr\/product\/kakadu-plum-radiance-serum\/","name":"Kakadu Plum - Radiance Serum - Inbluem","isPartOf":{"@id":"https:\/\/dutchhealthstore.com\/fr\/#website"},"primaryImageOfPage":{"@id":"https:\/\/dutchhealthstore.com\/fr\/product\/kakadu-plum-radiance-serum\/#primaryimage"},"image":{"@id":"https:\/\/dutchhealthstore.com\/fr\/product\/kakadu-plum-radiance-serum\/#primaryimage"},"thumbnailUrl":"https:\/\/dutchhealthstore.com\/wp-content\/uploads\/2025\/08\/kakaduplum.jpg","datePublished":"2025-08-14T07:18:11+00:00","dateModified":"2026-02-06T16:12:15+00:00","description":"Ce s\u00e9rum antioxydant \u00e0 base de vitamine C naturelle ravive l'\u00e9clat de la peau, l'hydrate et la raffermit, r\u00e9v\u00e9lant ainsi un teint plus lisse et plus radieux.","breadcrumb":{"@id":"https:\/\/dutchhealthstore.com\/fr\/product\/kakadu-plum-radiance-serum\/#breadcrumb"},"inLanguage":"fr-FR","potentialAction":[{"@type":"ReadAction","target":["https:\/\/dutchhealthstore.com\/fr\/product\/kakadu-plum-radiance-serum\/"]}]},{"@type":"ImageObject","inLanguage":"fr-FR","@id":"https:\/\/dutchhealthstore.com\/fr\/product\/kakadu-plum-radiance-serum\/#primaryimage","url":"https:\/\/dutchhealthstore.com\/wp-content\/uploads\/2025\/08\/kakaduplum.jpg","contentUrl":"https:\/\/dutchhealthstore.com\/wp-content\/uploads\/2025\/08\/kakaduplum.jpg","width":730,"height":730},{"@type":"BreadcrumbList","@id":"https:\/\/dutchhealthstore.com\/fr\/product\/kakadu-plum-radiance-serum\/#breadcrumb","itemListElement":[{"@type":"ListItem","position":1,"name":"Home","item":"https:\/\/dutchhealthstore.com\/fr\/"},{"@type":"ListItem","position":2,"name":"Shop","item":"https:\/\/dutchhealthstore.com\/fr\/shop\/"},{"@type":"ListItem","position":3,"name":"Kakadu Plum &#8211; Radiance Serum"}]},{"@type":"WebSite","@id":"https:\/\/dutchhealthstore.com\/fr\/#website","url":"https:\/\/dutchhealthstore.com\/fr\/","name":"Dutch Health Store","description":"Enhance Your Beauty with Organic &amp; Natural Skincare","publisher":{"@id":"https:\/\/dutchhealthstore.com\/fr\/#organization"},"potentialAction":[{"@type":"SearchAction","target":{"@type":"EntryPoint","urlTemplate":"https:\/\/dutchhealthstore.com\/fr\/?s={search_term_string}"},"query-input":{"@type":"PropertyValueSpecification","valueRequired":true,"valueName":"search_term_string"}}],"inLanguage":"fr-FR"},{"@type":"Organization","@id":"https:\/\/dutchhealthstore.com\/fr\/#organization","name":"Dutch Health Store","url":"https:\/\/dutchhealthstore.com\/fr\/","logo":{"@type":"ImageObject","inLanguage":"fr-FR","@id":"https:\/\/dutchhealthstore.com\/fr\/#\/schema\/logo\/image\/","url":"https:\/\/dutchhealthstore.com\/wp-content\/uploads\/2020\/08\/logo-dutchhealthstore-jpg-e1599484957574.jpg","contentUrl":"https:\/\/dutchhealthstore.com\/wp-content\/uploads\/2020\/08\/logo-dutchhealthstore-jpg-e1599484957574.jpg","width":400,"height":62,"caption":"Dutch Health Store"},"image":{"@id":"https:\/\/dutchhealthstore.com\/fr\/#\/schema\/logo\/image\/"},"sameAs":["https:\/\/www.instagram.com\/dutchhealthstore\/","https:\/\/www.facebook.com\/dutchhealthstore"]}]},"product_brand":"INBLUEM","product_price_amount":"51.95","product_price_currency":"EUR","og_availability":"instock","product_availability":"instock","product_condition":"new"},"_links":{"self":[{"href":"https:\/\/dutchhealthstore.com\/fr\/wp-json\/wp\/v2\/product\/352694","targetHints":{"allow":["GET"]}}],"collection":[{"href":"https:\/\/dutchhealthstore.com\/fr\/wp-json\/wp\/v2\/product"}],"about":[{"href":"https:\/\/dutchhealthstore.com\/fr\/wp-json\/wp\/v2\/types\/product"}],"replies":[{"embeddable":true,"href":"https:\/\/dutchhealthstore.com\/fr\/wp-json\/wp\/v2\/comments?post=352694"}],"wp:featuredmedia":[{"embeddable":true,"href":"https:\/\/dutchhealthstore.com\/fr\/wp-json\/wp\/v2\/media\/353541"}],"wp:attachment":[{"href":"https:\/\/dutchhealthstore.com\/fr\/wp-json\/wp\/v2\/media?parent=352694"}],"wp:term":[{"taxonomy":"product_brand","embeddable":true,"href":"https:\/\/dutchhealthstore.com\/fr\/wp-json\/wp\/v2\/product_brand?post=352694"},{"taxonomy":"product_cat","embeddable":true,"href":"https:\/\/dutchhealthstore.com\/fr\/wp-json\/wp\/v2\/product_cat?post=352694"},{"taxonomy":"product_tag","embeddable":true,"href":"https:\/\/dutchhealthstore.com\/fr\/wp-json\/wp\/v2\/product_tag?post=352694"}],"curies":[{"name":"wp","href":"https:\/\/api.w.org\/{rel}","templated":true}]}}