{"id":352685,"date":"2025-08-14T09:01:38","date_gmt":"2025-08-14T07:01:38","guid":{"rendered":"https:\/\/dutchhealthstore.com\/product\/soul-soap-cleansing-bar\/"},"modified":"2026-02-06T17:12:22","modified_gmt":"2026-02-06T16:12:22","slug":"soul-soap-cleansing-bar","status":"publish","type":"product","link":"https:\/\/dutchhealthstore.com\/fr\/product\/soul-soap-cleansing-bar\/","title":{"rendered":"Soul Soap Cleansing Bar"},"content":{"rendered":"<p>M\u00e9lang\u00e9 \u00e0 des huiles v\u00e9g\u00e9tales nourrissantes et \u00e0 des plantes apaisantes, il nettoie sans ass\u00e9cher, offrant un rituel sensoriel qui vous reconnecte au toucher, \u00e0 l&rsquo;odeur et \u00e0 vous-m\u00eame.<\/p>\n<h3>Principaux avantages<\/h3>\n<ul>\n<li>Elimine efficacement la salet\u00e9, l&rsquo;huile et les d\u00e9p\u00f4ts quotidiens.<\/li>\n<li>Nettoie tout en hydratant et en nourrissant la peau<\/li>\n<li>Laisse la peau douce, \u00e9quilibr\u00e9e et jamais d\u00e9nud\u00e9e<\/li>\n<li>Suffisamment doux pour le visage et le corps<\/li>\n<li>Parfum naturel \u00e0 base d&rsquo;huiles essentielles et de plantes pures<\/li>\n<\/ul>\n<p><strong>Taille : barre de 100g (dure environ 1 mois, selon l&rsquo;utilisation) <\/strong><strong>Formul\u00e9 sans :<\/strong> Synth\u00e9tiques, tests sur les animaux ou empreinte carbone<\/p>\n<h3>Mode d&#8217;emploi<\/h3>\n<p>Faire mousser dans les mains ou directement sur la peau. Utilisez-le quotidiennement dans le cadre de votre rituel de nettoyage. Ce pain respecte les huiles naturelles de votre peau et vous procure une sensation de fra\u00eecheur, d&rsquo;\u00e9quilibre et de nutrition profonde.  <\/p>\n<div style=\"width: 464px;\" class=\"wp-video\"><!--[if lt IE 9]><script>document.createElement('video');<\/script><![endif]-->\n<video class=\"wp-video-shortcode\" id=\"video-352685-1\" width=\"464\" height=\"880\" preload=\"metadata\" controls=\"controls\"><source type=\"video\/mp4\" src=\"https:\/\/dutchhealthstore.com\/wp-content\/uploads\/2025\/07\/1db568c2db8948b3a7a459a8305788cd.HD-1080p-7.2Mbps-18747175.mp4?_=1\" \/><a href=\"https:\/\/dutchhealthstore.com\/wp-content\/uploads\/2025\/07\/1db568c2db8948b3a7a459a8305788cd.HD-1080p-7.2Mbps-18747175.mp4\">https:\/\/dutchhealthstore.com\/wp-content\/uploads\/2025\/07\/1db568c2db8948b3a7a459a8305788cd.HD-1080p-7.2Mbps-18747175.mp4<\/a><\/video><\/div>\n<p><strong>Id\u00e9al pour<\/strong><br \/>\nLes personnes qui recherchent une exp\u00e9rience de nettoyage attentif de la t\u00eate aux pieds. Id\u00e9al pour les peaux s\u00e8ches, sensibles ou facilement irrit\u00e9es. <\/p>\n<p><em>100% naturel | v\u00e9g\u00e9talien | sans cruaut\u00e9 | neutre en carbone<\/em><\/p>\n<p><strong>M\u00e9langes botaniques  <\/strong><\/p>\n<p><strong>Finger Lime + Eucalyptus<\/strong> &#8211; Frais et botanique. Le citron vert favorise le renouvellement de la peau, tandis que l&rsquo;eucalyptus radiata offre un nettoyage purifiant et rafra\u00eechissant. <\/p>\n<p><strong>Kakadu Plum + Kunzea<\/strong> &#8211; \u00c9nergisant et calmant. Riche en vitamine C, la prune Kakadu illumine la peau, tandis que le Kunzea apaise la peau et les sens. <\/p>\n<p><strong>Activated Charcoal + Myrte citronn\u00e9<\/strong> &#8211; D\u00e9toxifiant et \u00e9nergisant. Le charbon actif \u00e9limine les impuret\u00e9s tandis que le myrte citronn\u00e9 ravive la peau gr\u00e2ce \u00e0 son ar\u00f4me vif et citronn\u00e9. <\/p>\n<h2><strong>Ingr\u00e9dients naturels \/ biologiques <\/strong><\/h2>\n<p>Formul\u00e9 avec une base nourrissante d&rsquo;huile de coco saponifi\u00e9e pour un nettoyage en douceur, d&rsquo;huile d&rsquo;olive pour l&rsquo;hydratation, de glyc\u00e9rine d&rsquo;origine v\u00e9g\u00e9tale pour conserver l&rsquo;hydratation et d&rsquo;huile de graines de chanvre press\u00e9e \u00e0 froid, riche en acides gras om\u00e9ga pour soutenir la fonction de barri\u00e8re et la douceur.<\/p>\n<p>Finger Lime + Eucalyptus : Extrait de citron vert, huile d&rsquo;Eucalyptus Globulus, argile verte, Matcha, spiruline.<\/p>\n<p>akadu Plum + Kunzea : Extrait de prune de Kakadu, huile de feuille de Kunzea, romarin, lavande, argile rouge.<\/p>\n<p>Activated Charcoal + Lemone Myrtle : Charbon actif, huile de myrte citronn\u00e9.<\/p>\n<p>Ingr\u00e9dients de base : Huile de coco saponifi\u00e9e, huile d&rsquo;olive, glyc\u00e9rine d&rsquo;origine v\u00e9g\u00e9tale, huile de graines de chanvre.<\/p>\n\n\t<section class=\"section\" id=\"section_1269764192\">\n\t\t<div class=\"section-bg fill\" >\n\t\t\t\t\t\t\t\t\t\n\t\t\t\n\n\t\t<\/div>\n\n\t\t\n\n\t\t<div class=\"section-content relative\">\n\t\t\t\n\n<div class=\"row\"  id=\"row-2086884683\">\n\n\n\t<div id=\"col-968248137\" class=\"col small-12 large-12\"  >\n\t\t\t\t<div class=\"col-inner\"  >\n\t\t\t\n\t\t\t\n\n<h3>\u00c0 propos des soins INBLUEM<\/h3>\n<hr>\n\n<div class=\"row\"  id=\"row-1689232487\">\n\n\n\t<div id=\"col-1386963369\" class=\"col medium-9 small-12 large-9\"  >\n\t\t\t\t<div class=\"col-inner\"  >\n\t\t\t\n\t\t\t\n\n<p data-start=\"277\" data-end=\"732\">INBLUEM est une marque de soins de la peau consciencieusement \u00e9labor\u00e9e, n\u00e9e \u00e0 <strong data-start=\"333\" data-end=\"357\">Byron Bay, Australie<\/strong>, sur les <strong data-start=\"362\" data-end=\"381\">terres Bundjalung<\/strong>. Fond\u00e9e par l'ing\u00e9nieure environnementale et militante <strong data-start=\"430\" data-end=\"447\">Montana Lower<\/strong>, la marque est n\u00e9e du d\u00e9sir d'offrir des soins de la peau v\u00e9ritablement en harmonie avec la nature \u2014 s\u00fbrs, \u00e9thiques et profond\u00e9ment nourrissants. Inspir\u00e9e pendant sa grossesse, Montana s'est donn\u00e9 pour mission de cr\u00e9er des formulations suffisamment douces pour les b\u00e9b\u00e9s, mais assez puissantes pour convenir aux peaux de tous \u00e2ges.  <\/p>\n<p data-start=\"734\" data-end=\"1122\">Chaque produit INBLUEM est fabriqu\u00e9 \u00e0 partir d'<strong data-start=\"769\" data-end=\"829\">ingr\u00e9dients biologiques, cueillis \u00e0 l'\u00e9tat sauvage et sourc\u00e9s localement<\/strong> \u2014 toujours exempts de toxines, d'additifs synth\u00e9tiques et de produits chimiques agressifs. La marque suit les principes du <g id=\"gid_1\">biomim\u00e9tisme<\/g>, concevant des soins qui fonctionnent en harmonie avec votre corps et la Terre. De la collaboration avec les agriculteurs jusqu'aux emballages utilis\u00e9s, la durabilit\u00e9 est int\u00e9gr\u00e9e \u00e0 chaque \u00e9tape.  <\/p>\n<p data-start=\"1124\" data-end=\"1499\">INBLUEM est fi\u00e8rement <strong data-start=\"1143\" data-end=\"1152\">v\u00e9gane<\/strong>, <strong data-start=\"1154\" data-end=\"1197\">certifi\u00e9e sans cruaut\u00e9 par Leaping Bunny<\/strong>, et engag\u00e9e dans des pratiques de <strong data-start=\"1216\" data-end=\"1230\">commerce \u00e9quitable<\/strong>. La marque soutient les <strong data-start=\"1261\" data-end=\"1286\">agriculteurs des Premi\u00e8res Nations<\/strong> et reconna\u00eet les Gardiens Traditionnels des terres sur lesquelles elle travaille. Chaque produit refl\u00e8te leur mission de r\u00e9ensauvager l'industrie de la beaut\u00e9 \u2014 offrant des soins de la peau purs, conscients et ancr\u00e9s dans l'amour.  <\/p>\n<p data-start=\"1501\" data-end=\"1636\">C'est bien plus que des soins de la peau. C'est un retour \u00e0 l'essentiel \u2014 <strong data-start=\"1569\" data-end=\"1636\">votre bien-\u00eatre, vos valeurs et votre connexion avec la Terre.<\/strong> <\/p>\n\n\t\t<\/div>\n\t\t\t\t\t<\/div>\n\n\t\n\n\t<div id=\"col-1504569581\" class=\"col medium-3 small-12 large-3\"  >\n\t\t\t\t<div class=\"col-inner\"  >\n\t\t\t\n\t\t\t\n\n\t<div class=\"img has-hover x md-x lg-x y md-y lg-y\" id=\"image_401287546\">\n\t\t\t\t\t\t\t\t<div class=\"img-inner dark\" >\n\t\t\t<img fetchpriority=\"high\" decoding=\"async\" width=\"640\" height=\"800\" src=\"https:\/\/dutchhealthstore.com\/wp-content\/uploads\/2025\/07\/inbluem-foto-small.jpg\" class=\"attachment-large size-large\" alt=\"\" srcset=\"https:\/\/dutchhealthstore.com\/wp-content\/uploads\/2025\/07\/inbluem-foto-small.jpg 640w, https:\/\/dutchhealthstore.com\/wp-content\/uploads\/2025\/07\/inbluem-foto-small-320x400.jpg 320w, https:\/\/dutchhealthstore.com\/wp-content\/uploads\/2025\/07\/inbluem-foto-small-40x50.jpg 40w, https:\/\/dutchhealthstore.com\/wp-content\/uploads\/2025\/07\/inbluem-foto-small-530x663.jpg 530w, https:\/\/dutchhealthstore.com\/wp-content\/uploads\/2025\/07\/inbluem-foto-small-64x80.jpg 64w\" sizes=\"(max-width: 640px) 100vw, 640px\" \/>\t\t\t\t\t\t\n\t\t\t\t\t<\/div>\n\t\t\t\t\t\t\t\t\n<style>\n#image_401287546 {\n  width: 100%;\n}\n<\/style>\n\t<\/div>\n\t\n\n\n\t\t<\/div>\n\t\t\t\t\t<\/div>\n\n\t\n\n<\/div>\n\n\t\t<\/div>\n\t\t\t\t\t<\/div>\n\n\t\n\n<\/div>\n\n\t\t<\/div>\n\n\t\t\n<style>\n#section_1269764192 {\n  padding-top: 30px;\n  padding-bottom: 30px;\n}\n<\/style>\n\t<\/section>\n\t\n","protected":false},"excerpt":{"rendered":"<p>Cleanse, Renew, Refresh<\/p>\n<p>Une barre nettoyante douce, trait\u00e9e \u00e0 froid, con\u00e7ue pour le visage et parfaite pour une utilisation sur tout le corps.<\/p>\n","protected":false},"featured_media":349757,"comment_status":"open","ping_status":"closed","template":"","meta":[],"product_brand":[],"product_cat":[20925,14733,6642,21375,5691,4911,5689,9626,5690,5132,1209,1030,5107,5673,5130,5627,4912,5121,4919,1229,5131,1010,13172,8506],"product_tag":[21392,21393,9805,21358],"class_list":{"0":"post-352685","1":"product","2":"type-product","3":"status-publish","4":"has-post-thumbnail","6":"product_cat-peau-mature-et-vieillissante","7":"product_cat-soins-de-la-peau","8":"product_cat-family-fr","9":"product_cat-inbluem-fr","10":"product_cat-cleansers-fr-7","11":"product_cat-cleansers-fr","12":"product_cat-cleansers-fr-9","13":"product_cat-cleansers","14":"product_cat-cleansers-fr-6","15":"product_cat-cleansers-fr-2","16":"product_cat-par-marques","17":"product_cat-par-produits","18":"product_cat-by-skin-type-fr-4","19":"product_cat-oily-skin-clogged-pores-fr","20":"product_cat-oily-skin-clogged-pores-fr-6","21":"product_cat-normal-or-combination-skin-fr-2","22":"product_cat-normal-or-combination-skin-fr-6","23":"product_cat-dry-mature-ageing-skin-fr-2","24":"product_cat-dry-mature-ageing-skin-fr-6","25":"product_cat-sensitive-skin-redness-fr","26":"product_cat-cleansers-sensitive-skin-fr","27":"product_cat-notre-boutique","28":"product_cat-skincare-fr-2","29":"product_cat-every-day-solutions-fr-2","30":"product_tag-corps","31":"product_tag-nettoyage","32":"product_tag-soap-fr","33":"product_tag-soins-du-visage","34":"pa_brand-inbluem-fr","35":"pa_colo-activated-charcoal-lemon-myrtle-fr","36":"pa_colo-finger-lime-eucalyptus-fr","37":"pa_colo-kakadu-plum-kunzea-fr","39":"first","40":"instock","41":"taxable","42":"shipping-taxable","43":"purchasable","44":"product-type-variable"},"bundled_by":[],"bundle_stock_status":"instock","bundle_stock_quantity":null,"bundle_virtual":false,"bundle_layout":"","bundle_add_to_cart_form_location":"","bundle_editable_in_cart":false,"bundle_sold_individually_context":"","bundle_item_grouping":"","bundle_min_size":"","bundle_max_size":"","bundle_price":[],"bundled_items":[],"bundle_sell_ids":[107695],"atum_controlled":true,"out_stock_date":null,"out_stock_threshold":null,"inheritable":true,"stock_on_hold":0,"sold_today":0,"sales_last_days":0,"out_stock_days":0,"lost_sales":0,"update_date":"2026-04-07T01:46:47","atum_locations":[],"atum_stock_status":"instock","restock_status":false,"low_stock_amount":"","sales_update_date":"2026-03-31T11:59:49","calc_backorders":null,"group_of_quantity":0,"min_quantity":0,"max_quantity":"","exclude_order_quantity_value_rules":"no","exclude_category_quantity_rules":"no","combine_variations":"no","yoast_head":"<!-- This site is optimized with the Yoast SEO Premium plugin v26.5 (Yoast SEO v26.5) - https:\/\/yoast.com\/wordpress\/plugins\/seo\/ -->\n<title>Soul Soap Cleansing Bar - Inbluem<\/title>\n<meta name=\"description\" content=\"Une barre nettoyante douce, trait\u00e9e \u00e0 froid, con\u00e7ue pour le visage et parfaite pour une utilisation sur l&#039;ensemble du corps.\" \/>\n<meta name=\"robots\" content=\"index, follow, max-snippet:-1, max-image-preview:large, max-video-preview:-1\" \/>\n<link rel=\"canonical\" href=\"https:\/\/dutchhealthstore.com\/fr\/product\/soul-soap-cleansing-bar\/\" \/>\n<meta property=\"og:locale\" content=\"fr_FR\" \/>\n<meta property=\"og:type\" content=\"article\" \/>\n<meta property=\"og:title\" content=\"Soul Soap Cleansing Bar - Dutch Health Store\" \/>\n<meta property=\"og:description\" content=\"Une barre nettoyante douce, trait\u00e9e \u00e0 froid, con\u00e7ue pour le visage et parfaite pour une utilisation sur l&#039;ensemble du corps.\" \/>\n<meta property=\"og:url\" content=\"https:\/\/dutchhealthstore.com\/fr\/product\/soul-soap-cleansing-bar\/\" \/>\n<meta property=\"og:site_name\" content=\"Dutch Health Store\" \/>\n<meta property=\"article:publisher\" content=\"https:\/\/www.instagram.com\/dutchhealthstore\/\" \/>\n<meta property=\"article:modified_time\" content=\"2026-02-06T16:12:22+00:00\" \/>\n<meta property=\"og:image\" content=\"https:\/\/dutchhealthstore.com\/wp-content\/uploads\/2025\/07\/inbluem-3-soaps.jpg\" \/>\n\t<meta property=\"og:image:width\" content=\"530\" \/>\n\t<meta property=\"og:image:height\" content=\"530\" \/>\n\t<meta property=\"og:image:type\" content=\"image\/jpeg\" \/>\n<meta name=\"twitter:card\" content=\"summary_large_image\" \/>\n<meta name=\"twitter:label1\" content=\"Disponibilit\u00e9\" \/>\n\t<meta name=\"twitter:data1\" content=\"En stock\" \/>\n<script type=\"application\/ld+json\" class=\"yoast-schema-graph\">{\"@context\":\"https:\/\/schema.org\",\"@graph\":[{\"@type\":\"WebPage\",\"@id\":\"https:\/\/dutchhealthstore.com\/fr\/product\/soul-soap-cleansing-bar\/\",\"url\":\"https:\/\/dutchhealthstore.com\/fr\/product\/soul-soap-cleansing-bar\/\",\"name\":\"Soul Soap Cleansing Bar - Inbluem\",\"isPartOf\":{\"@id\":\"https:\/\/dutchhealthstore.com\/fr\/#website\"},\"primaryImageOfPage\":{\"@id\":\"https:\/\/dutchhealthstore.com\/fr\/product\/soul-soap-cleansing-bar\/#primaryimage\"},\"image\":{\"@id\":\"https:\/\/dutchhealthstore.com\/fr\/product\/soul-soap-cleansing-bar\/#primaryimage\"},\"thumbnailUrl\":\"https:\/\/dutchhealthstore.com\/wp-content\/uploads\/2025\/07\/inbluem-3-soaps.jpg\",\"datePublished\":\"2025-08-14T07:01:38+00:00\",\"dateModified\":\"2026-02-06T16:12:22+00:00\",\"description\":\"Une barre nettoyante douce, trait\u00e9e \u00e0 froid, con\u00e7ue pour le visage et parfaite pour une utilisation sur l'ensemble du corps.\",\"breadcrumb\":{\"@id\":\"https:\/\/dutchhealthstore.com\/fr\/product\/soul-soap-cleansing-bar\/#breadcrumb\"},\"inLanguage\":\"fr-FR\",\"potentialAction\":[{\"@type\":\"ReadAction\",\"target\":[\"https:\/\/dutchhealthstore.com\/fr\/product\/soul-soap-cleansing-bar\/\"]}]},{\"@type\":\"ImageObject\",\"inLanguage\":\"fr-FR\",\"@id\":\"https:\/\/dutchhealthstore.com\/fr\/product\/soul-soap-cleansing-bar\/#primaryimage\",\"url\":\"https:\/\/dutchhealthstore.com\/wp-content\/uploads\/2025\/07\/inbluem-3-soaps.jpg\",\"contentUrl\":\"https:\/\/dutchhealthstore.com\/wp-content\/uploads\/2025\/07\/inbluem-3-soaps.jpg\",\"width\":530,\"height\":530,\"caption\":\"inbluem-3-soaps\"},{\"@type\":\"BreadcrumbList\",\"@id\":\"https:\/\/dutchhealthstore.com\/fr\/product\/soul-soap-cleansing-bar\/#breadcrumb\",\"itemListElement\":[{\"@type\":\"ListItem\",\"position\":1,\"name\":\"Home\",\"item\":\"https:\/\/dutchhealthstore.com\/fr\/\"},{\"@type\":\"ListItem\",\"position\":2,\"name\":\"Shop\",\"item\":\"https:\/\/dutchhealthstore.com\/fr\/shop\/\"},{\"@type\":\"ListItem\",\"position\":3,\"name\":\"Soul Soap Cleansing Bar\"}]},{\"@type\":\"WebSite\",\"@id\":\"https:\/\/dutchhealthstore.com\/fr\/#website\",\"url\":\"https:\/\/dutchhealthstore.com\/fr\/\",\"name\":\"Dutch Health Store\",\"description\":\"Enhance Your Beauty with Organic &amp; Natural Skincare\",\"publisher\":{\"@id\":\"https:\/\/dutchhealthstore.com\/fr\/#organization\"},\"potentialAction\":[{\"@type\":\"SearchAction\",\"target\":{\"@type\":\"EntryPoint\",\"urlTemplate\":\"https:\/\/dutchhealthstore.com\/fr\/?s={search_term_string}\"},\"query-input\":{\"@type\":\"PropertyValueSpecification\",\"valueRequired\":true,\"valueName\":\"search_term_string\"}}],\"inLanguage\":\"fr-FR\"},{\"@type\":\"Organization\",\"@id\":\"https:\/\/dutchhealthstore.com\/fr\/#organization\",\"name\":\"Dutch Health Store\",\"url\":\"https:\/\/dutchhealthstore.com\/fr\/\",\"logo\":{\"@type\":\"ImageObject\",\"inLanguage\":\"fr-FR\",\"@id\":\"https:\/\/dutchhealthstore.com\/fr\/#\/schema\/logo\/image\/\",\"url\":\"https:\/\/dutchhealthstore.com\/wp-content\/uploads\/2020\/08\/logo-dutchhealthstore-jpg-e1599484957574.jpg\",\"contentUrl\":\"https:\/\/dutchhealthstore.com\/wp-content\/uploads\/2020\/08\/logo-dutchhealthstore-jpg-e1599484957574.jpg\",\"width\":400,\"height\":62,\"caption\":\"Dutch Health Store\"},\"image\":{\"@id\":\"https:\/\/dutchhealthstore.com\/fr\/#\/schema\/logo\/image\/\"},\"sameAs\":[\"https:\/\/www.instagram.com\/dutchhealthstore\/\",\"https:\/\/www.facebook.com\/dutchhealthstore\"]}]}<\/script>\n<meta property=\"product:brand\" content=\"INBLUEM\" \/>\n<meta property=\"og:availability\" content=\"instock\" \/>\n<meta property=\"product:availability\" content=\"instock\" \/>\n<meta property=\"product:condition\" content=\"new\" \/>\n<!-- \/ Yoast SEO Premium plugin. -->","yoast_head_json":{"title":"Soul Soap Cleansing Bar - Inbluem","description":"Une barre nettoyante douce, trait\u00e9e \u00e0 froid, con\u00e7ue pour le visage et parfaite pour une utilisation sur l'ensemble du corps.","robots":{"index":"index","follow":"follow","max-snippet":"max-snippet:-1","max-image-preview":"max-image-preview:large","max-video-preview":"max-video-preview:-1"},"canonical":"https:\/\/dutchhealthstore.com\/fr\/product\/soul-soap-cleansing-bar\/","og_locale":"fr_FR","og_type":"article","og_title":"Soul Soap Cleansing Bar - Dutch Health Store","og_description":"Une barre nettoyante douce, trait\u00e9e \u00e0 froid, con\u00e7ue pour le visage et parfaite pour une utilisation sur l'ensemble du corps.","og_url":"https:\/\/dutchhealthstore.com\/fr\/product\/soul-soap-cleansing-bar\/","og_site_name":"Dutch Health Store","article_publisher":"https:\/\/www.instagram.com\/dutchhealthstore\/","article_modified_time":"2026-02-06T16:12:22+00:00","og_image":[{"width":530,"height":530,"url":"https:\/\/dutchhealthstore.com\/wp-content\/uploads\/2025\/07\/inbluem-3-soaps.jpg","type":"image\/jpeg"}],"twitter_card":"summary_large_image","twitter_misc":{"Disponibilit\u00e9":"En stock"},"schema":{"@context":"https:\/\/schema.org","@graph":[{"@type":"WebPage","@id":"https:\/\/dutchhealthstore.com\/fr\/product\/soul-soap-cleansing-bar\/","url":"https:\/\/dutchhealthstore.com\/fr\/product\/soul-soap-cleansing-bar\/","name":"Soul Soap Cleansing Bar - Inbluem","isPartOf":{"@id":"https:\/\/dutchhealthstore.com\/fr\/#website"},"primaryImageOfPage":{"@id":"https:\/\/dutchhealthstore.com\/fr\/product\/soul-soap-cleansing-bar\/#primaryimage"},"image":{"@id":"https:\/\/dutchhealthstore.com\/fr\/product\/soul-soap-cleansing-bar\/#primaryimage"},"thumbnailUrl":"https:\/\/dutchhealthstore.com\/wp-content\/uploads\/2025\/07\/inbluem-3-soaps.jpg","datePublished":"2025-08-14T07:01:38+00:00","dateModified":"2026-02-06T16:12:22+00:00","description":"Une barre nettoyante douce, trait\u00e9e \u00e0 froid, con\u00e7ue pour le visage et parfaite pour une utilisation sur l'ensemble du corps.","breadcrumb":{"@id":"https:\/\/dutchhealthstore.com\/fr\/product\/soul-soap-cleansing-bar\/#breadcrumb"},"inLanguage":"fr-FR","potentialAction":[{"@type":"ReadAction","target":["https:\/\/dutchhealthstore.com\/fr\/product\/soul-soap-cleansing-bar\/"]}]},{"@type":"ImageObject","inLanguage":"fr-FR","@id":"https:\/\/dutchhealthstore.com\/fr\/product\/soul-soap-cleansing-bar\/#primaryimage","url":"https:\/\/dutchhealthstore.com\/wp-content\/uploads\/2025\/07\/inbluem-3-soaps.jpg","contentUrl":"https:\/\/dutchhealthstore.com\/wp-content\/uploads\/2025\/07\/inbluem-3-soaps.jpg","width":530,"height":530,"caption":"inbluem-3-soaps"},{"@type":"BreadcrumbList","@id":"https:\/\/dutchhealthstore.com\/fr\/product\/soul-soap-cleansing-bar\/#breadcrumb","itemListElement":[{"@type":"ListItem","position":1,"name":"Home","item":"https:\/\/dutchhealthstore.com\/fr\/"},{"@type":"ListItem","position":2,"name":"Shop","item":"https:\/\/dutchhealthstore.com\/fr\/shop\/"},{"@type":"ListItem","position":3,"name":"Soul Soap Cleansing Bar"}]},{"@type":"WebSite","@id":"https:\/\/dutchhealthstore.com\/fr\/#website","url":"https:\/\/dutchhealthstore.com\/fr\/","name":"Dutch Health Store","description":"Enhance Your Beauty with Organic &amp; Natural Skincare","publisher":{"@id":"https:\/\/dutchhealthstore.com\/fr\/#organization"},"potentialAction":[{"@type":"SearchAction","target":{"@type":"EntryPoint","urlTemplate":"https:\/\/dutchhealthstore.com\/fr\/?s={search_term_string}"},"query-input":{"@type":"PropertyValueSpecification","valueRequired":true,"valueName":"search_term_string"}}],"inLanguage":"fr-FR"},{"@type":"Organization","@id":"https:\/\/dutchhealthstore.com\/fr\/#organization","name":"Dutch Health Store","url":"https:\/\/dutchhealthstore.com\/fr\/","logo":{"@type":"ImageObject","inLanguage":"fr-FR","@id":"https:\/\/dutchhealthstore.com\/fr\/#\/schema\/logo\/image\/","url":"https:\/\/dutchhealthstore.com\/wp-content\/uploads\/2020\/08\/logo-dutchhealthstore-jpg-e1599484957574.jpg","contentUrl":"https:\/\/dutchhealthstore.com\/wp-content\/uploads\/2020\/08\/logo-dutchhealthstore-jpg-e1599484957574.jpg","width":400,"height":62,"caption":"Dutch Health Store"},"image":{"@id":"https:\/\/dutchhealthstore.com\/fr\/#\/schema\/logo\/image\/"},"sameAs":["https:\/\/www.instagram.com\/dutchhealthstore\/","https:\/\/www.facebook.com\/dutchhealthstore"]}]},"product_brand":"INBLUEM","og_availability":"instock","product_availability":"instock","product_condition":"new"},"_links":{"self":[{"href":"https:\/\/dutchhealthstore.com\/fr\/wp-json\/wp\/v2\/product\/352685","targetHints":{"allow":["GET"]}}],"collection":[{"href":"https:\/\/dutchhealthstore.com\/fr\/wp-json\/wp\/v2\/product"}],"about":[{"href":"https:\/\/dutchhealthstore.com\/fr\/wp-json\/wp\/v2\/types\/product"}],"replies":[{"embeddable":true,"href":"https:\/\/dutchhealthstore.com\/fr\/wp-json\/wp\/v2\/comments?post=352685"}],"wp:featuredmedia":[{"embeddable":true,"href":"https:\/\/dutchhealthstore.com\/fr\/wp-json\/wp\/v2\/media\/349757"}],"wp:attachment":[{"href":"https:\/\/dutchhealthstore.com\/fr\/wp-json\/wp\/v2\/media?parent=352685"}],"wp:term":[{"taxonomy":"product_brand","embeddable":true,"href":"https:\/\/dutchhealthstore.com\/fr\/wp-json\/wp\/v2\/product_brand?post=352685"},{"taxonomy":"product_cat","embeddable":true,"href":"https:\/\/dutchhealthstore.com\/fr\/wp-json\/wp\/v2\/product_cat?post=352685"},{"taxonomy":"product_tag","embeddable":true,"href":"https:\/\/dutchhealthstore.com\/fr\/wp-json\/wp\/v2\/product_tag?post=352685"}],"curies":[{"name":"wp","href":"https:\/\/api.w.org\/{rel}","templated":true}]}}