{"id":352679,"date":"2025-08-14T09:06:11","date_gmt":"2025-08-14T07:06:11","guid":{"rendered":"https:\/\/dutchhealthstore.com\/product\/hydrosoul-cleansing-toning-mist\/"},"modified":"2025-09-04T12:11:04","modified_gmt":"2025-09-04T10:11:04","slug":"hydrosoul-cleansing-toning-mist","status":"publish","type":"product","link":"https:\/\/dutchhealthstore.com\/fr\/product\/hydrosoul-cleansing-toning-mist\/","title":{"rendered":"Hydrosoul &#8211; Cleansing &amp; Toning Mist"},"content":{"rendered":"<p>Principaux b\u00e9n\u00e9fices<br \/>\nTonifie et rafra\u00eechit la peau en douceur.<\/p>\n<ul>\n<li>Aide \u00e0 r\u00e9guler la production d&rsquo;huile et \u00e0 apaiser les irritations<\/li>\n<li>Naturellement antibact\u00e9rien et antifongique<\/li>\n<li>Id\u00e9al pour les peaux sensibles et sujettes \u00e0 l&rsquo;acn\u00e9<\/li>\n<li>Hydrate tout en favorisant la clart\u00e9, l&rsquo;\u00e9quilibre et la r\u00e9silience.<\/li>\n<\/ul>\n<p><strong>Taille : 100ml (dure environ 2-3 mois)  <\/strong><\/p>\n<p><em>Formul\u00e9 sans : Synth\u00e9tiques, tests sur les animaux ou empreinte carbone<\/em><\/p>\n<h3>Mode d&#8217;emploi<\/h3>\n<p>Fermez les yeux et vaporisez g\u00e9n\u00e9reusement &#8211; matin, soir, ou \u00e0 chaque fois que vous avez besoin d&rsquo;une remise \u00e0 z\u00e9ro. Laissez l&rsquo;eucalyptus vous remonter le moral et vous nettoyer, laissant votre peau (et votre humeur) fra\u00eeche et renouvel\u00e9e. <\/p>\n<p><strong>Id\u00e9al pour<\/strong><br \/>\nLes personnes qui recherchent une brume douce \u00e0 base de plantes pour purifier, tonifier et hydrater &#8211; particuli\u00e8rement utile pour les peaux grasses, sujettes aux imperfections ou facilement irrit\u00e9es.<\/p>\n<p><strong>100% naturel | v\u00e9g\u00e9talien | sans cruaut\u00e9 | neutre en carbone <\/strong><\/p>\n<h2><strong>Ingr\u00e9dients naturels \/ biologiques <\/strong><\/h2>\n<p>L&rsquo;eucalyptus radiata est une plante indig\u00e8ne australienne c\u00e9l\u00e8bre pour ses propri\u00e9t\u00e9s antibact\u00e9riennes et antifongiques naturelles. Sa nature rafra\u00eechissante et clarifiante aide \u00e0 soutenir une peau d&rsquo;apparence plus claire, tandis que les flavono\u00efdes offrent une protection antioxydante et calment les sens. <\/p>\n<p>Ingr\u00e9dients : Eucalyptus sauvage radiata, eau de source art\u00e9sienne de Daylesford.<\/p>\n\n\t<section class=\"section\" id=\"section_1519572586\">\n\t\t<div class=\"section-bg fill\" >\n\t\t\t\t\t\t\t\t\t\n\t\t\t\n\n\t\t<\/div>\n\n\t\t\n\n\t\t<div class=\"section-content relative\">\n\t\t\t\n\n<div class=\"row\"  id=\"row-1016641218\">\n\n\n\t<div id=\"col-167269666\" class=\"col small-12 large-12\"  >\n\t\t\t\t<div class=\"col-inner\"  >\n\t\t\t\n\t\t\t\n\n<h3>\u00c0 propos des soins INBLUEM<\/h3>\n<hr>\n\n<div class=\"row\"  id=\"row-1025710637\">\n\n\n\t<div id=\"col-1490476733\" class=\"col medium-9 small-12 large-9\"  >\n\t\t\t\t<div class=\"col-inner\"  >\n\t\t\t\n\t\t\t\n\n<p data-start=\"277\" data-end=\"732\">INBLUEM est une marque de soins de la peau consciencieusement \u00e9labor\u00e9e, n\u00e9e \u00e0 <strong data-start=\"333\" data-end=\"357\">Byron Bay, Australie<\/strong>, sur les <strong data-start=\"362\" data-end=\"381\">terres Bundjalung<\/strong>. Fond\u00e9e par l'ing\u00e9nieure environnementale et militante <strong data-start=\"430\" data-end=\"447\">Montana Lower<\/strong>, la marque est n\u00e9e du d\u00e9sir d'offrir des soins de la peau v\u00e9ritablement en harmonie avec la nature \u2014 s\u00fbrs, \u00e9thiques et profond\u00e9ment nourrissants. Inspir\u00e9e pendant sa grossesse, Montana s'est donn\u00e9 pour mission de cr\u00e9er des formulations suffisamment douces pour les b\u00e9b\u00e9s, mais assez puissantes pour convenir aux peaux de tous \u00e2ges.  <\/p>\n<p data-start=\"734\" data-end=\"1122\">Chaque produit INBLUEM est fabriqu\u00e9 \u00e0 partir d'<strong data-start=\"769\" data-end=\"829\">ingr\u00e9dients biologiques, cueillis \u00e0 l'\u00e9tat sauvage et sourc\u00e9s localement<\/strong> \u2014 toujours exempts de toxines, d'additifs synth\u00e9tiques et de produits chimiques agressifs. La marque suit les principes du <g id=\"gid_1\">biomim\u00e9tisme<\/g>, concevant des soins qui fonctionnent en harmonie avec votre corps et la Terre. De la collaboration avec les agriculteurs jusqu'aux emballages utilis\u00e9s, la durabilit\u00e9 est int\u00e9gr\u00e9e \u00e0 chaque \u00e9tape.  <\/p>\n<p data-start=\"1124\" data-end=\"1499\">INBLUEM est fi\u00e8rement <strong data-start=\"1143\" data-end=\"1152\">v\u00e9gane<\/strong>, <strong data-start=\"1154\" data-end=\"1197\">certifi\u00e9e sans cruaut\u00e9 par Leaping Bunny<\/strong>, et engag\u00e9e dans des pratiques de <strong data-start=\"1216\" data-end=\"1230\">commerce \u00e9quitable<\/strong>. La marque soutient les <strong data-start=\"1261\" data-end=\"1286\">agriculteurs des Premi\u00e8res Nations<\/strong> et reconna\u00eet les Gardiens Traditionnels des terres sur lesquelles elle travaille. Chaque produit refl\u00e8te leur mission de r\u00e9ensauvager l'industrie de la beaut\u00e9 \u2014 offrant des soins de la peau purs, conscients et ancr\u00e9s dans l'amour.  <\/p>\n<p data-start=\"1501\" data-end=\"1636\">C'est bien plus que des soins de la peau. C'est un retour \u00e0 l'essentiel \u2014 <strong data-start=\"1569\" data-end=\"1636\">votre bien-\u00eatre, vos valeurs et votre connexion avec la Terre.<\/strong> <\/p>\n\n\t\t<\/div>\n\t\t\t\t\t<\/div>\n\n\t\n\n\t<div id=\"col-587707879\" class=\"col medium-3 small-12 large-3\"  >\n\t\t\t\t<div class=\"col-inner\"  >\n\t\t\t\n\t\t\t\n\n\t<div class=\"img has-hover x md-x lg-x y md-y lg-y\" id=\"image_747952023\">\n\t\t\t\t\t\t\t\t<div class=\"img-inner dark\" >\n\t\t\t<img fetchpriority=\"high\" decoding=\"async\" width=\"640\" height=\"800\" src=\"https:\/\/dutchhealthstore.com\/wp-content\/uploads\/2025\/07\/inbluem-foto-small.jpg\" class=\"attachment-large size-large\" alt=\"\" srcset=\"https:\/\/dutchhealthstore.com\/wp-content\/uploads\/2025\/07\/inbluem-foto-small.jpg 640w, https:\/\/dutchhealthstore.com\/wp-content\/uploads\/2025\/07\/inbluem-foto-small-320x400.jpg 320w, https:\/\/dutchhealthstore.com\/wp-content\/uploads\/2025\/07\/inbluem-foto-small-40x50.jpg 40w, https:\/\/dutchhealthstore.com\/wp-content\/uploads\/2025\/07\/inbluem-foto-small-530x663.jpg 530w, https:\/\/dutchhealthstore.com\/wp-content\/uploads\/2025\/07\/inbluem-foto-small-64x80.jpg 64w\" sizes=\"(max-width: 640px) 100vw, 640px\" \/>\t\t\t\t\t\t\n\t\t\t\t\t<\/div>\n\t\t\t\t\t\t\t\t\n<style>\n#image_747952023 {\n  width: 100%;\n}\n<\/style>\n\t<\/div>\n\t\n\n\n\t\t<\/div>\n\t\t\t\t\t<\/div>\n\n\t\n\n<\/div>\n\n\t\t<\/div>\n\t\t\t\t\t<\/div>\n\n\t\n\n<\/div>\n\n\t\t<\/div>\n\n\t\t\n<style>\n#section_1519572586 {\n  padding-top: 30px;\n  padding-bottom: 30px;\n}\n<\/style>\n\t<\/section>\n\t\n","protected":false},"excerpt":{"rendered":"<p>Une brume botanique revitalisante con\u00e7ue pour tonifier, hydrater et r\u00e9\u00e9quilibrer votre peau, infus\u00e9e d&rsquo;Eucalyptus Radiata sauvage et d&rsquo;eau de source art\u00e9sienne pure pour un moment de pure clart\u00e9 et de calme pour la peau et l&rsquo;esprit.<\/p>\n","protected":false},"featured_media":353537,"comment_status":"open","ping_status":"closed","template":"","meta":[],"product_brand":[],"product_cat":[21375,1209,1030,5107,5117,5673,5627,5118,5120,1229,1010,14733,5866,5674,5675,4494,5672],"product_tag":[9603,21664,21393,21358],"class_list":{"0":"post-352679","1":"product","2":"type-product","3":"status-publish","4":"has-post-thumbnail","6":"product_cat-inbluem-fr","7":"product_cat-par-marques","8":"product_cat-par-produits","9":"product_cat-by-skin-type-fr-4","10":"product_cat-oily-skin-clogged-pores-fr-4","11":"product_cat-oily-skin-clogged-pores-fr","12":"product_cat-normal-or-combination-skin-fr-2","13":"product_cat-normal-or-combination-skin-fr-5","14":"product_cat-sensitive-skin-redness-fr-4","15":"product_cat-sensitive-skin-redness-fr","16":"product_cat-notre-boutique","17":"product_cat-soins-de-la-peau","18":"product_cat-sun-outdoor-care","19":"product_cat-toners-fr-6","20":"product_cat-toners-fr-2","21":"product_cat-toners-fr-3","22":"product_cat-toners-fr-5","23":"product_tag-hydrating-fr","24":"product_tag-lotion-tonique","25":"product_tag-nettoyage","26":"product_tag-soins-du-visage","27":"pa_brand-inbluem-fr","28":"pa_size-100-ml-fr","29":"pa_skincare-type-cleansers-fr","30":"pa_skincare-type-moisturizers-fr","31":"pa_skincare-type-toners-fr","33":"first","34":"instock","35":"taxable","36":"shipping-taxable","37":"purchasable","38":"product-type-simple"},"bundled_by":[],"bundle_stock_status":"instock","bundle_stock_quantity":4,"bundle_virtual":false,"bundle_layout":"","bundle_add_to_cart_form_location":"","bundle_editable_in_cart":false,"bundle_sold_individually_context":"","bundle_item_grouping":"","bundle_min_size":"","bundle_max_size":"","bundle_price":[],"bundled_items":[],"bundle_sell_ids":[352702],"atum_controlled":true,"out_stock_date":null,"out_stock_threshold":null,"inheritable":false,"stock_on_hold":0,"sold_today":0,"sales_last_days":0,"out_stock_days":0,"lost_sales":0,"update_date":"2026-04-18T00:05:34","atum_locations":[],"atum_stock_status":"instock","restock_status":false,"low_stock_amount":"","sales_update_date":"2026-04-18T00:05:34","calc_backorders":null,"group_of_quantity":0,"min_quantity":0,"max_quantity":"","exclude_order_quantity_value_rules":"no","exclude_category_quantity_rules":"no","combine_variations":"no","yoast_head":"<!-- This site is optimized with the Yoast SEO Premium plugin v26.5 (Yoast SEO v26.5) - https:\/\/yoast.com\/wordpress\/plugins\/seo\/ -->\n<title>Commandez Hydrosoul - Cleansing &amp; Toning Mist \u00e0 la boutique de sant\u00e9 n\u00e9erlandaise. Revendeur officiel livraison rapide<\/title>\n<meta name=\"description\" content=\"Une brume botanique revitalisante con\u00e7ue pour tonifier, hydrater et r\u00e9\u00e9quilibrer votre peau, infus\u00e9e d&#039;Eucalyptus Radiata sauvage et d&#039;eau de source art\u00e9sienne pure pour un moment de pure clart\u00e9 et de calme pour la peau et l&#039;esprit.\" \/>\n<meta name=\"robots\" content=\"index, follow, max-snippet:-1, max-image-preview:large, max-video-preview:-1\" \/>\n<link rel=\"canonical\" href=\"https:\/\/dutchhealthstore.com\/fr\/product\/hydrosoul-cleansing-toning-mist\/\" \/>\n<meta property=\"og:locale\" content=\"fr_FR\" \/>\n<meta property=\"og:type\" content=\"article\" \/>\n<meta property=\"og:title\" content=\"Hydrosoul - Cleansing &amp; Toning Mist - Dutch Health Store\" \/>\n<meta property=\"og:description\" content=\"Une brume botanique revitalisante con\u00e7ue pour tonifier, hydrater et r\u00e9\u00e9quilibrer votre peau, infus\u00e9e d&#039;Eucalyptus Radiata sauvage et d&#039;eau de source art\u00e9sienne pure pour un moment de pure clart\u00e9 et de calme pour la peau et l&#039;esprit.\" \/>\n<meta property=\"og:url\" content=\"https:\/\/dutchhealthstore.com\/fr\/product\/hydrosoul-cleansing-toning-mist\/\" \/>\n<meta property=\"og:site_name\" content=\"Dutch Health Store\" \/>\n<meta property=\"article:publisher\" content=\"https:\/\/www.instagram.com\/dutchhealthstore\/\" \/>\n<meta property=\"article:modified_time\" content=\"2025-09-04T10:11:04+00:00\" \/>\n<meta property=\"og:image\" content=\"https:\/\/dutchhealthstore.com\/wp-content\/uploads\/2025\/08\/hydrosoul-1.jpg\" \/>\n\t<meta property=\"og:image:width\" content=\"730\" \/>\n\t<meta property=\"og:image:height\" content=\"730\" \/>\n\t<meta property=\"og:image:type\" content=\"image\/jpeg\" \/>\n<meta name=\"twitter:card\" content=\"summary_large_image\" \/>\n<meta name=\"twitter:label1\" content=\"Prix\" \/>\n\t<meta name=\"twitter:data1\" content=\"&euro;45,00\" \/>\n\t<meta name=\"twitter:label2\" content=\"Disponibilit\u00e9\" \/>\n\t<meta name=\"twitter:data2\" content=\"En stock\" \/>\n<script type=\"application\/ld+json\" class=\"yoast-schema-graph\">{\"@context\":\"https:\/\/schema.org\",\"@graph\":[{\"@type\":\"WebPage\",\"@id\":\"https:\/\/dutchhealthstore.com\/fr\/product\/hydrosoul-cleansing-toning-mist\/\",\"url\":\"https:\/\/dutchhealthstore.com\/fr\/product\/hydrosoul-cleansing-toning-mist\/\",\"name\":\"Commandez Hydrosoul - Cleansing &amp; Toning Mist \u00e0 la boutique de sant\u00e9 n\u00e9erlandaise. Revendeur officiel livraison rapide\",\"isPartOf\":{\"@id\":\"https:\/\/dutchhealthstore.com\/fr\/#website\"},\"primaryImageOfPage\":{\"@id\":\"https:\/\/dutchhealthstore.com\/fr\/product\/hydrosoul-cleansing-toning-mist\/#primaryimage\"},\"image\":{\"@id\":\"https:\/\/dutchhealthstore.com\/fr\/product\/hydrosoul-cleansing-toning-mist\/#primaryimage\"},\"thumbnailUrl\":\"https:\/\/dutchhealthstore.com\/wp-content\/uploads\/2025\/08\/hydrosoul-1.jpg\",\"datePublished\":\"2025-08-14T07:06:11+00:00\",\"dateModified\":\"2025-09-04T10:11:04+00:00\",\"description\":\"Une brume botanique revitalisante con\u00e7ue pour tonifier, hydrater et r\u00e9\u00e9quilibrer votre peau, infus\u00e9e d'Eucalyptus Radiata sauvage et d'eau de source art\u00e9sienne pure pour un moment de pure clart\u00e9 et de calme pour la peau et l'esprit.\",\"breadcrumb\":{\"@id\":\"https:\/\/dutchhealthstore.com\/fr\/product\/hydrosoul-cleansing-toning-mist\/#breadcrumb\"},\"inLanguage\":\"fr-FR\",\"potentialAction\":[{\"@type\":\"ReadAction\",\"target\":[\"https:\/\/dutchhealthstore.com\/fr\/product\/hydrosoul-cleansing-toning-mist\/\"]}]},{\"@type\":\"ImageObject\",\"inLanguage\":\"fr-FR\",\"@id\":\"https:\/\/dutchhealthstore.com\/fr\/product\/hydrosoul-cleansing-toning-mist\/#primaryimage\",\"url\":\"https:\/\/dutchhealthstore.com\/wp-content\/uploads\/2025\/08\/hydrosoul-1.jpg\",\"contentUrl\":\"https:\/\/dutchhealthstore.com\/wp-content\/uploads\/2025\/08\/hydrosoul-1.jpg\",\"width\":730,\"height\":730},{\"@type\":\"BreadcrumbList\",\"@id\":\"https:\/\/dutchhealthstore.com\/fr\/product\/hydrosoul-cleansing-toning-mist\/#breadcrumb\",\"itemListElement\":[{\"@type\":\"ListItem\",\"position\":1,\"name\":\"Home\",\"item\":\"https:\/\/dutchhealthstore.com\/fr\/\"},{\"@type\":\"ListItem\",\"position\":2,\"name\":\"Shop\",\"item\":\"https:\/\/dutchhealthstore.com\/fr\/shop\/\"},{\"@type\":\"ListItem\",\"position\":3,\"name\":\"Hydrosoul &#8211; Cleansing &amp; Toning Mist\"}]},{\"@type\":\"WebSite\",\"@id\":\"https:\/\/dutchhealthstore.com\/fr\/#website\",\"url\":\"https:\/\/dutchhealthstore.com\/fr\/\",\"name\":\"Dutch Health Store\",\"description\":\"Enhance Your Beauty with Organic &amp; Natural Skincare\",\"publisher\":{\"@id\":\"https:\/\/dutchhealthstore.com\/fr\/#organization\"},\"potentialAction\":[{\"@type\":\"SearchAction\",\"target\":{\"@type\":\"EntryPoint\",\"urlTemplate\":\"https:\/\/dutchhealthstore.com\/fr\/?s={search_term_string}\"},\"query-input\":{\"@type\":\"PropertyValueSpecification\",\"valueRequired\":true,\"valueName\":\"search_term_string\"}}],\"inLanguage\":\"fr-FR\"},{\"@type\":\"Organization\",\"@id\":\"https:\/\/dutchhealthstore.com\/fr\/#organization\",\"name\":\"Dutch Health Store\",\"url\":\"https:\/\/dutchhealthstore.com\/fr\/\",\"logo\":{\"@type\":\"ImageObject\",\"inLanguage\":\"fr-FR\",\"@id\":\"https:\/\/dutchhealthstore.com\/fr\/#\/schema\/logo\/image\/\",\"url\":\"https:\/\/dutchhealthstore.com\/wp-content\/uploads\/2020\/08\/logo-dutchhealthstore-jpg-e1599484957574.jpg\",\"contentUrl\":\"https:\/\/dutchhealthstore.com\/wp-content\/uploads\/2020\/08\/logo-dutchhealthstore-jpg-e1599484957574.jpg\",\"width\":400,\"height\":62,\"caption\":\"Dutch Health Store\"},\"image\":{\"@id\":\"https:\/\/dutchhealthstore.com\/fr\/#\/schema\/logo\/image\/\"},\"sameAs\":[\"https:\/\/www.instagram.com\/dutchhealthstore\/\",\"https:\/\/www.facebook.com\/dutchhealthstore\"]}]}<\/script>\n<meta property=\"product:brand\" content=\"INBLUEM\" \/>\n<meta property=\"product:price:amount\" content=\"45.00\" \/>\n<meta property=\"product:price:currency\" content=\"EUR\" \/>\n<meta property=\"og:availability\" content=\"instock\" \/>\n<meta property=\"product:availability\" content=\"instock\" \/>\n<meta property=\"product:condition\" content=\"new\" \/>\n<!-- \/ Yoast SEO Premium plugin. -->","yoast_head_json":{"title":"Commandez Hydrosoul - Cleansing &amp; Toning Mist \u00e0 la boutique de sant\u00e9 n\u00e9erlandaise. Revendeur officiel livraison rapide","description":"Une brume botanique revitalisante con\u00e7ue pour tonifier, hydrater et r\u00e9\u00e9quilibrer votre peau, infus\u00e9e d'Eucalyptus Radiata sauvage et d'eau de source art\u00e9sienne pure pour un moment de pure clart\u00e9 et de calme pour la peau et l'esprit.","robots":{"index":"index","follow":"follow","max-snippet":"max-snippet:-1","max-image-preview":"max-image-preview:large","max-video-preview":"max-video-preview:-1"},"canonical":"https:\/\/dutchhealthstore.com\/fr\/product\/hydrosoul-cleansing-toning-mist\/","og_locale":"fr_FR","og_type":"article","og_title":"Hydrosoul - Cleansing &amp; Toning Mist - Dutch Health Store","og_description":"Une brume botanique revitalisante con\u00e7ue pour tonifier, hydrater et r\u00e9\u00e9quilibrer votre peau, infus\u00e9e d'Eucalyptus Radiata sauvage et d'eau de source art\u00e9sienne pure pour un moment de pure clart\u00e9 et de calme pour la peau et l'esprit.","og_url":"https:\/\/dutchhealthstore.com\/fr\/product\/hydrosoul-cleansing-toning-mist\/","og_site_name":"Dutch Health Store","article_publisher":"https:\/\/www.instagram.com\/dutchhealthstore\/","article_modified_time":"2025-09-04T10:11:04+00:00","og_image":[{"width":730,"height":730,"url":"https:\/\/dutchhealthstore.com\/wp-content\/uploads\/2025\/08\/hydrosoul-1.jpg","type":"image\/jpeg"}],"twitter_card":"summary_large_image","twitter_misc":{"Prix":"&euro;45,00","Disponibilit\u00e9":"En stock"},"schema":{"@context":"https:\/\/schema.org","@graph":[{"@type":"WebPage","@id":"https:\/\/dutchhealthstore.com\/fr\/product\/hydrosoul-cleansing-toning-mist\/","url":"https:\/\/dutchhealthstore.com\/fr\/product\/hydrosoul-cleansing-toning-mist\/","name":"Commandez Hydrosoul - Cleansing &amp; Toning Mist \u00e0 la boutique de sant\u00e9 n\u00e9erlandaise. Revendeur officiel livraison rapide","isPartOf":{"@id":"https:\/\/dutchhealthstore.com\/fr\/#website"},"primaryImageOfPage":{"@id":"https:\/\/dutchhealthstore.com\/fr\/product\/hydrosoul-cleansing-toning-mist\/#primaryimage"},"image":{"@id":"https:\/\/dutchhealthstore.com\/fr\/product\/hydrosoul-cleansing-toning-mist\/#primaryimage"},"thumbnailUrl":"https:\/\/dutchhealthstore.com\/wp-content\/uploads\/2025\/08\/hydrosoul-1.jpg","datePublished":"2025-08-14T07:06:11+00:00","dateModified":"2025-09-04T10:11:04+00:00","description":"Une brume botanique revitalisante con\u00e7ue pour tonifier, hydrater et r\u00e9\u00e9quilibrer votre peau, infus\u00e9e d'Eucalyptus Radiata sauvage et d'eau de source art\u00e9sienne pure pour un moment de pure clart\u00e9 et de calme pour la peau et l'esprit.","breadcrumb":{"@id":"https:\/\/dutchhealthstore.com\/fr\/product\/hydrosoul-cleansing-toning-mist\/#breadcrumb"},"inLanguage":"fr-FR","potentialAction":[{"@type":"ReadAction","target":["https:\/\/dutchhealthstore.com\/fr\/product\/hydrosoul-cleansing-toning-mist\/"]}]},{"@type":"ImageObject","inLanguage":"fr-FR","@id":"https:\/\/dutchhealthstore.com\/fr\/product\/hydrosoul-cleansing-toning-mist\/#primaryimage","url":"https:\/\/dutchhealthstore.com\/wp-content\/uploads\/2025\/08\/hydrosoul-1.jpg","contentUrl":"https:\/\/dutchhealthstore.com\/wp-content\/uploads\/2025\/08\/hydrosoul-1.jpg","width":730,"height":730},{"@type":"BreadcrumbList","@id":"https:\/\/dutchhealthstore.com\/fr\/product\/hydrosoul-cleansing-toning-mist\/#breadcrumb","itemListElement":[{"@type":"ListItem","position":1,"name":"Home","item":"https:\/\/dutchhealthstore.com\/fr\/"},{"@type":"ListItem","position":2,"name":"Shop","item":"https:\/\/dutchhealthstore.com\/fr\/shop\/"},{"@type":"ListItem","position":3,"name":"Hydrosoul &#8211; Cleansing &amp; Toning Mist"}]},{"@type":"WebSite","@id":"https:\/\/dutchhealthstore.com\/fr\/#website","url":"https:\/\/dutchhealthstore.com\/fr\/","name":"Dutch Health Store","description":"Enhance Your Beauty with Organic &amp; Natural Skincare","publisher":{"@id":"https:\/\/dutchhealthstore.com\/fr\/#organization"},"potentialAction":[{"@type":"SearchAction","target":{"@type":"EntryPoint","urlTemplate":"https:\/\/dutchhealthstore.com\/fr\/?s={search_term_string}"},"query-input":{"@type":"PropertyValueSpecification","valueRequired":true,"valueName":"search_term_string"}}],"inLanguage":"fr-FR"},{"@type":"Organization","@id":"https:\/\/dutchhealthstore.com\/fr\/#organization","name":"Dutch Health Store","url":"https:\/\/dutchhealthstore.com\/fr\/","logo":{"@type":"ImageObject","inLanguage":"fr-FR","@id":"https:\/\/dutchhealthstore.com\/fr\/#\/schema\/logo\/image\/","url":"https:\/\/dutchhealthstore.com\/wp-content\/uploads\/2020\/08\/logo-dutchhealthstore-jpg-e1599484957574.jpg","contentUrl":"https:\/\/dutchhealthstore.com\/wp-content\/uploads\/2020\/08\/logo-dutchhealthstore-jpg-e1599484957574.jpg","width":400,"height":62,"caption":"Dutch Health Store"},"image":{"@id":"https:\/\/dutchhealthstore.com\/fr\/#\/schema\/logo\/image\/"},"sameAs":["https:\/\/www.instagram.com\/dutchhealthstore\/","https:\/\/www.facebook.com\/dutchhealthstore"]}]},"product_brand":"INBLUEM","product_price_amount":"45.00","product_price_currency":"EUR","og_availability":"instock","product_availability":"instock","product_condition":"new"},"_links":{"self":[{"href":"https:\/\/dutchhealthstore.com\/fr\/wp-json\/wp\/v2\/product\/352679","targetHints":{"allow":["GET"]}}],"collection":[{"href":"https:\/\/dutchhealthstore.com\/fr\/wp-json\/wp\/v2\/product"}],"about":[{"href":"https:\/\/dutchhealthstore.com\/fr\/wp-json\/wp\/v2\/types\/product"}],"replies":[{"embeddable":true,"href":"https:\/\/dutchhealthstore.com\/fr\/wp-json\/wp\/v2\/comments?post=352679"}],"wp:featuredmedia":[{"embeddable":true,"href":"https:\/\/dutchhealthstore.com\/fr\/wp-json\/wp\/v2\/media\/353537"}],"wp:attachment":[{"href":"https:\/\/dutchhealthstore.com\/fr\/wp-json\/wp\/v2\/media?parent=352679"}],"wp:term":[{"taxonomy":"product_brand","embeddable":true,"href":"https:\/\/dutchhealthstore.com\/fr\/wp-json\/wp\/v2\/product_brand?post=352679"},{"taxonomy":"product_cat","embeddable":true,"href":"https:\/\/dutchhealthstore.com\/fr\/wp-json\/wp\/v2\/product_cat?post=352679"},{"taxonomy":"product_tag","embeddable":true,"href":"https:\/\/dutchhealthstore.com\/fr\/wp-json\/wp\/v2\/product_tag?post=352679"}],"curies":[{"name":"wp","href":"https:\/\/api.w.org\/{rel}","templated":true}]}}