{"id":352670,"date":"2025-08-14T08:56:25","date_gmt":"2025-08-14T06:56:25","guid":{"rendered":"https:\/\/dutchhealthstore.com\/product\/konjac-plant-exfoliating-sponge\/"},"modified":"2026-02-06T17:12:26","modified_gmt":"2026-02-06T16:12:26","slug":"konjac-plant-exfoliating-sponge","status":"publish","type":"product","link":"https:\/\/dutchhealthstore.com\/fr\/product\/konjac-plant-exfoliating-sponge\/","title":{"rendered":"Konjac Plant Exfoliating Sponge"},"content":{"rendered":"<p>Fabriqu\u00e9 \u00e0 partir de racines de konjac 100 % biod\u00e9gradables et infus\u00e9 d&rsquo;antioxydants b\u00e9n\u00e9fiques pour la peau, il polit en douceur tout en pr\u00e9servant la barri\u00e8re naturelle de votre peau.<\/p>\n<h3>Principaux avantages<\/h3>\n<ul>\n<li>\u00c9limine en douceur les cellules mortes de la peau et les d\u00e9p\u00f4ts superficiels.<\/li>\n<li>Favorise un renouvellement sain de la peau pour une sensation de douceur et d&rsquo;\u00e9lasticit\u00e9<\/li>\n<li>Aide \u00e0 d\u00e9sobstruer les pores et \u00e0 am\u00e9liorer la clart\u00e9 de la peau<\/li>\n<li>\u00c9quilibre l&rsquo;huile et purifie sans trop ass\u00e9cher.<\/li>\n<li>Sans danger pour une utilisation quotidienne, m\u00eame pour les peaux sensibles<\/li>\n<\/ul>\n<p><em>100% naturel | v\u00e9g\u00e9talien | sans cruaut\u00e9 | neutre en carbone<\/em><\/p>\n<h3>Mode d&#8217;emploi<\/h3>\n<p>Tremper dans l&rsquo;eau chaude jusqu&rsquo;\u00e0 ce qu&rsquo;il soit compl\u00e8tement mou. Faites glisser le produit sur la peau humide en effectuant de l\u00e9gers mouvements circulaires. Rincez abondamment et suspendez pour s\u00e9cher apr\u00e8s chaque utilisation. Remplacez tous les 6 \u00e0 8 semaines.   <\/p>\n<p>&nbsp;<\/p>\n<p>&nbsp;<\/p>\n<div style=\"width: 864px;\" class=\"wp-video\"><!--[if lt IE 9]><script>document.createElement('video');<\/script><![endif]-->\n<video class=\"wp-video-shortcode\" id=\"video-352670-1\" width=\"864\" height=\"1080\" preload=\"metadata\" controls=\"controls\"><source type=\"video\/mp4\" src=\"https:\/\/dutchhealthstore.com\/wp-content\/uploads\/2025\/07\/7280efac248a43238cf50f13d6b2dc8a.HD-1080p-7.2Mbps-18747271-1.mp4?_=1\" \/><a href=\"https:\/\/dutchhealthstore.com\/wp-content\/uploads\/2025\/07\/7280efac248a43238cf50f13d6b2dc8a.HD-1080p-7.2Mbps-18747271-1.mp4\">https:\/\/dutchhealthstore.com\/wp-content\/uploads\/2025\/07\/7280efac248a43238cf50f13d6b2dc8a.HD-1080p-7.2Mbps-18747271-1.mp4<\/a><\/video><\/div>\n<p><strong>Id\u00e9al pour<\/strong><br \/>\nToute personne \u00e0 la recherche d&rsquo;une alternative douce et \u00e9cologique aux gommages agressifs ou aux nettoyants synth\u00e9tiques. Parfait pour les personnes sensibles, sujettes \u00e0 l&rsquo;acn\u00e9 ou ayant une routine minimaliste. <\/p>\n<h3>Variantes disponibles<\/h3>\n<p><strong>Green Tea\/Th\u00e9 vert<\/strong> &#8211; Pour les peaux sensibles. Naturellement apaisant et riche en antioxydants pour la protection et la r\u00e9paration. <\/p>\n<p><strong>Pink Clay\/Argile rose<\/strong> &#8211; Pour les peaux normales. Purifie en douceur tout en favorisant l&rsquo;\u00e9lasticit\u00e9 et le renouvellement de la peau. <\/p>\n<p><strong>Charcoal\/Charbon<\/strong> &#8211; Pour les peaux grasses ou sujettes aux imperfections. D\u00e9toxifie en profondeur, affine les pores et \u00e9quilibre l&rsquo;exc\u00e8s de s\u00e9bum. <\/p>\n<h2><strong>Ingr\u00e9dients naturels \/ biologiques <\/strong><\/h2>\n<p>Fabriqu\u00e9e \u00e0 partir de racines de konjac 100 % certifi\u00e9es biologiques, une fibre v\u00e9g\u00e9tale poreuse d\u00e9riv\u00e9e de la plante asiatique konjac, connue pour ses propri\u00e9t\u00e9s nettoyantes douces. Chaque \u00e9ponge est infus\u00e9e d&rsquo;ingr\u00e9dients actifs naturels &#8211; th\u00e9 vert, argile rose fran\u00e7aise ou charbon actif pour r\u00e9pondre aux besoins sp\u00e9cifiques de la peau. <\/p>\n<p>Ingr\u00e9dients : 100% de racines de konjac certifi\u00e9es biologiques infus\u00e9es avec du th\u00e9 vert, de l&rsquo;argile fran\u00e7aise ou du charbon actif.<\/p>\n\n\t<section class=\"section\" id=\"section_2075225925\">\n\t\t<div class=\"section-bg fill\" >\n\t\t\t\t\t\t\t\t\t\n\t\t\t\n\n\t\t<\/div>\n\n\t\t\n\n\t\t<div class=\"section-content relative\">\n\t\t\t\n\n<div class=\"row\"  id=\"row-855781643\">\n\n\n\t<div id=\"col-1900933201\" class=\"col small-12 large-12\"  >\n\t\t\t\t<div class=\"col-inner\"  >\n\t\t\t\n\t\t\t\n\n<h3>\u00c0 propos des soins INBLUEM<\/h3>\n<hr>\n\n<div class=\"row\"  id=\"row-881940507\">\n\n\n\t<div id=\"col-53784046\" class=\"col medium-9 small-12 large-9\"  >\n\t\t\t\t<div class=\"col-inner\"  >\n\t\t\t\n\t\t\t\n\n<p data-start=\"277\" data-end=\"732\">INBLUEM est une marque de soins de la peau consciencieusement \u00e9labor\u00e9e, n\u00e9e \u00e0 <strong data-start=\"333\" data-end=\"357\">Byron Bay, Australie<\/strong>, sur les <strong data-start=\"362\" data-end=\"381\">terres Bundjalung<\/strong>. Fond\u00e9e par l'ing\u00e9nieure environnementale et militante <strong data-start=\"430\" data-end=\"447\">Montana Lower<\/strong>, la marque est n\u00e9e du d\u00e9sir d'offrir des soins de la peau v\u00e9ritablement en harmonie avec la nature \u2014 s\u00fbrs, \u00e9thiques et profond\u00e9ment nourrissants. Inspir\u00e9e pendant sa grossesse, Montana s'est donn\u00e9 pour mission de cr\u00e9er des formulations suffisamment douces pour les b\u00e9b\u00e9s, mais assez puissantes pour convenir aux peaux de tous \u00e2ges.  <\/p>\n<p data-start=\"734\" data-end=\"1122\">Chaque produit INBLUEM est fabriqu\u00e9 \u00e0 partir d'<strong data-start=\"769\" data-end=\"829\">ingr\u00e9dients biologiques, cueillis \u00e0 l'\u00e9tat sauvage et sourc\u00e9s localement<\/strong> \u2014 toujours exempts de toxines, d'additifs synth\u00e9tiques et de produits chimiques agressifs. La marque suit les principes du <g id=\"gid_1\">biomim\u00e9tisme<\/g>, concevant des soins qui fonctionnent en harmonie avec votre corps et la Terre. De la collaboration avec les agriculteurs jusqu'aux emballages utilis\u00e9s, la durabilit\u00e9 est int\u00e9gr\u00e9e \u00e0 chaque \u00e9tape.  <\/p>\n<p data-start=\"1124\" data-end=\"1499\">INBLUEM est fi\u00e8rement <strong data-start=\"1143\" data-end=\"1152\">v\u00e9gane<\/strong>, <strong data-start=\"1154\" data-end=\"1197\">certifi\u00e9e sans cruaut\u00e9 par Leaping Bunny<\/strong>, et engag\u00e9e dans des pratiques de <strong data-start=\"1216\" data-end=\"1230\">commerce \u00e9quitable<\/strong>. La marque soutient les <strong data-start=\"1261\" data-end=\"1286\">agriculteurs des Premi\u00e8res Nations<\/strong> et reconna\u00eet les Gardiens Traditionnels des terres sur lesquelles elle travaille. Chaque produit refl\u00e8te leur mission de r\u00e9ensauvager l'industrie de la beaut\u00e9 \u2014 offrant des soins de la peau purs, conscients et ancr\u00e9s dans l'amour.  <\/p>\n<p data-start=\"1501\" data-end=\"1636\">C'est bien plus que des soins de la peau. C'est un retour \u00e0 l'essentiel \u2014 <strong data-start=\"1569\" data-end=\"1636\">votre bien-\u00eatre, vos valeurs et votre connexion avec la Terre.<\/strong> <\/p>\n\n\t\t<\/div>\n\t\t\t\t\t<\/div>\n\n\t\n\n\t<div id=\"col-604830420\" class=\"col medium-3 small-12 large-3\"  >\n\t\t\t\t<div class=\"col-inner\"  >\n\t\t\t\n\t\t\t\n\n\t<div class=\"img has-hover x md-x lg-x y md-y lg-y\" id=\"image_2087813756\">\n\t\t\t\t\t\t\t\t<div class=\"img-inner dark\" >\n\t\t\t<img fetchpriority=\"high\" decoding=\"async\" width=\"640\" height=\"800\" src=\"https:\/\/dutchhealthstore.com\/wp-content\/uploads\/2025\/07\/inbluem-foto-small.jpg\" class=\"attachment-large size-large\" alt=\"\" srcset=\"https:\/\/dutchhealthstore.com\/wp-content\/uploads\/2025\/07\/inbluem-foto-small.jpg 640w, https:\/\/dutchhealthstore.com\/wp-content\/uploads\/2025\/07\/inbluem-foto-small-320x400.jpg 320w, https:\/\/dutchhealthstore.com\/wp-content\/uploads\/2025\/07\/inbluem-foto-small-40x50.jpg 40w, https:\/\/dutchhealthstore.com\/wp-content\/uploads\/2025\/07\/inbluem-foto-small-530x663.jpg 530w, https:\/\/dutchhealthstore.com\/wp-content\/uploads\/2025\/07\/inbluem-foto-small-64x80.jpg 64w\" sizes=\"(max-width: 640px) 100vw, 640px\" \/>\t\t\t\t\t\t\n\t\t\t\t\t<\/div>\n\t\t\t\t\t\t\t\t\n<style>\n#image_2087813756 {\n  width: 100%;\n}\n<\/style>\n\t<\/div>\n\t\n\n\n\t\t<\/div>\n\t\t\t\t\t<\/div>\n\n\t\n\n<\/div>\n\n\t\t<\/div>\n\t\t\t\t\t<\/div>\n\n\t\n\n<\/div>\n\n\t\t<\/div>\n\n\t\t\n<style>\n#section_2075225925 {\n  padding-top: 30px;\n  padding-bottom: 30px;\n}\n<\/style>\n\t<\/section>\n\t\n","protected":false},"excerpt":{"rendered":"<p>Une \u00e9ponge v\u00e9g\u00e9tale douce con\u00e7ue pour nettoyer, exfolier et r\u00e9\u00e9quilibrer votre peau en n&rsquo;utilisant que de l&rsquo;eau.<\/p>\n","protected":false},"featured_media":349789,"comment_status":"open","ping_status":"closed","template":"","meta":[],"product_brand":[],"product_cat":[21009,1117,21375,5680,5628,5127,5629,4911,1209,1030,5107,4978,5130,5673,5627,4977,4912,4976,5121,4919,1229,4979,5131,1010,13172,14733],"product_tag":[9627,21393,21438,21358],"class_list":{"0":"post-352670","1":"product","2":"type-product","3":"status-publish","4":"has-post-thumbnail","6":"product_cat-exfoliants-et-gommages","7":"product_cat-gommages-exfoliants-fr","8":"product_cat-inbluem-fr","9":"product_cat-masks-scrubs-exfoliators-fr-2","10":"product_cat-masks-scrubs-exfoliators-fr-5","11":"product_cat-masks-scrubs-exfoliators-fr","12":"product_cat-masks-scrubs-exfoliators-fr-4","13":"product_cat-cleansers-fr","14":"product_cat-par-marques","15":"product_cat-par-produits","16":"product_cat-by-skin-type-fr-4","17":"product_cat-oily-skin-clogged-pores-fr-2","18":"product_cat-oily-skin-clogged-pores-fr-6","19":"product_cat-oily-skin-clogged-pores-fr","20":"product_cat-normal-or-combination-skin-fr-2","21":"product_cat-normal-or-combination-skin","22":"product_cat-normal-or-combination-skin-fr-6","23":"product_cat-dry-mature-ageing-skin","24":"product_cat-dry-mature-ageing-skin-fr-2","25":"product_cat-dry-mature-ageing-skin-fr-6","26":"product_cat-sensitive-skin-redness-fr","27":"product_cat-sensitive-skin-redness-fr-2","28":"product_cat-cleansers-sensitive-skin-fr","29":"product_cat-notre-boutique","30":"product_cat-skincare-fr-2","31":"product_cat-soins-de-la-peau","32":"product_tag-exfoliator-fr","33":"product_tag-nettoyage","34":"product_tag-outils","35":"product_tag-soins-du-visage","36":"pa_brand-inbluem-fr","37":"pa_colo-charcoal-fr","38":"pa_colo-green-tea-fr","39":"pa_colo-pink-clay-fr","41":"first","42":"instock","43":"taxable","44":"shipping-taxable","45":"purchasable","46":"product-type-variable"},"bundled_by":[],"bundle_stock_status":"instock","bundle_stock_quantity":null,"bundle_virtual":false,"bundle_layout":"","bundle_add_to_cart_form_location":"","bundle_editable_in_cart":false,"bundle_sold_individually_context":"","bundle_item_grouping":"","bundle_min_size":"","bundle_max_size":"","bundle_price":[],"bundled_items":[],"bundle_sell_ids":[107695],"atum_controlled":true,"out_stock_date":null,"out_stock_threshold":null,"inheritable":true,"stock_on_hold":0,"sold_today":0,"sales_last_days":0,"out_stock_days":0,"lost_sales":0,"update_date":"2026-04-12T00:02:59","atum_locations":[],"atum_stock_status":"instock","restock_status":false,"low_stock_amount":"","sales_update_date":"2026-04-12T00:02:59","calc_backorders":null,"group_of_quantity":0,"min_quantity":0,"max_quantity":"","exclude_order_quantity_value_rules":"no","exclude_category_quantity_rules":"no","combine_variations":"no","yoast_head":"<!-- This site is optimized with the Yoast SEO Premium plugin v26.5 (Yoast SEO v26.5) - https:\/\/yoast.com\/wordpress\/plugins\/seo\/ -->\n<title>Konjac Plant Exfoliating Sponge - Inbluem<\/title>\n<meta name=\"description\" content=\"Une \u00e9ponge v\u00e9g\u00e9tale douce con\u00e7ue pour nettoyer, exfolier et r\u00e9\u00e9quilibrer votre peau en n&#039;utilisant que de l&#039;eau.\" \/>\n<meta name=\"robots\" content=\"index, follow, max-snippet:-1, max-image-preview:large, max-video-preview:-1\" \/>\n<link rel=\"canonical\" href=\"https:\/\/dutchhealthstore.com\/fr\/product\/konjac-plant-exfoliating-sponge\/\" \/>\n<meta property=\"og:locale\" content=\"fr_FR\" \/>\n<meta property=\"og:type\" content=\"article\" \/>\n<meta property=\"og:title\" content=\"Konjac Plant Exfoliating Sponge - Dutch Health Store\" \/>\n<meta property=\"og:description\" content=\"Une \u00e9ponge v\u00e9g\u00e9tale douce con\u00e7ue pour nettoyer, exfolier et r\u00e9\u00e9quilibrer votre peau en n&#039;utilisant que de l&#039;eau.\" \/>\n<meta property=\"og:url\" content=\"https:\/\/dutchhealthstore.com\/fr\/product\/konjac-plant-exfoliating-sponge\/\" \/>\n<meta property=\"og:site_name\" content=\"Dutch Health Store\" \/>\n<meta property=\"article:publisher\" content=\"https:\/\/www.instagram.com\/dutchhealthstore\/\" \/>\n<meta property=\"article:modified_time\" content=\"2026-02-06T16:12:26+00:00\" \/>\n<meta property=\"og:image\" content=\"https:\/\/dutchhealthstore.com\/wp-content\/uploads\/2025\/07\/inbluem-sponges.jpg\" \/>\n\t<meta property=\"og:image:width\" content=\"530\" \/>\n\t<meta property=\"og:image:height\" content=\"530\" \/>\n\t<meta property=\"og:image:type\" content=\"image\/jpeg\" \/>\n<meta name=\"twitter:card\" content=\"summary_large_image\" \/>\n<meta name=\"twitter:label1\" content=\"Disponibilit\u00e9\" \/>\n\t<meta name=\"twitter:data1\" content=\"En stock\" \/>\n<script type=\"application\/ld+json\" class=\"yoast-schema-graph\">{\"@context\":\"https:\/\/schema.org\",\"@graph\":[{\"@type\":\"WebPage\",\"@id\":\"https:\/\/dutchhealthstore.com\/fr\/product\/konjac-plant-exfoliating-sponge\/\",\"url\":\"https:\/\/dutchhealthstore.com\/fr\/product\/konjac-plant-exfoliating-sponge\/\",\"name\":\"Konjac Plant Exfoliating Sponge - Inbluem\",\"isPartOf\":{\"@id\":\"https:\/\/dutchhealthstore.com\/fr\/#website\"},\"primaryImageOfPage\":{\"@id\":\"https:\/\/dutchhealthstore.com\/fr\/product\/konjac-plant-exfoliating-sponge\/#primaryimage\"},\"image\":{\"@id\":\"https:\/\/dutchhealthstore.com\/fr\/product\/konjac-plant-exfoliating-sponge\/#primaryimage\"},\"thumbnailUrl\":\"https:\/\/dutchhealthstore.com\/wp-content\/uploads\/2025\/07\/inbluem-sponges.jpg\",\"datePublished\":\"2025-08-14T06:56:25+00:00\",\"dateModified\":\"2026-02-06T16:12:26+00:00\",\"description\":\"Une \u00e9ponge v\u00e9g\u00e9tale douce con\u00e7ue pour nettoyer, exfolier et r\u00e9\u00e9quilibrer votre peau en n'utilisant que de l'eau.\",\"breadcrumb\":{\"@id\":\"https:\/\/dutchhealthstore.com\/fr\/product\/konjac-plant-exfoliating-sponge\/#breadcrumb\"},\"inLanguage\":\"fr-FR\",\"potentialAction\":[{\"@type\":\"ReadAction\",\"target\":[\"https:\/\/dutchhealthstore.com\/fr\/product\/konjac-plant-exfoliating-sponge\/\"]}]},{\"@type\":\"ImageObject\",\"inLanguage\":\"fr-FR\",\"@id\":\"https:\/\/dutchhealthstore.com\/fr\/product\/konjac-plant-exfoliating-sponge\/#primaryimage\",\"url\":\"https:\/\/dutchhealthstore.com\/wp-content\/uploads\/2025\/07\/inbluem-sponges.jpg\",\"contentUrl\":\"https:\/\/dutchhealthstore.com\/wp-content\/uploads\/2025\/07\/inbluem-sponges.jpg\",\"width\":530,\"height\":530,\"caption\":\"inbluem-sponges\"},{\"@type\":\"BreadcrumbList\",\"@id\":\"https:\/\/dutchhealthstore.com\/fr\/product\/konjac-plant-exfoliating-sponge\/#breadcrumb\",\"itemListElement\":[{\"@type\":\"ListItem\",\"position\":1,\"name\":\"Home\",\"item\":\"https:\/\/dutchhealthstore.com\/fr\/\"},{\"@type\":\"ListItem\",\"position\":2,\"name\":\"Shop\",\"item\":\"https:\/\/dutchhealthstore.com\/fr\/shop\/\"},{\"@type\":\"ListItem\",\"position\":3,\"name\":\"Konjac Plant Exfoliating Sponge\"}]},{\"@type\":\"WebSite\",\"@id\":\"https:\/\/dutchhealthstore.com\/fr\/#website\",\"url\":\"https:\/\/dutchhealthstore.com\/fr\/\",\"name\":\"Dutch Health Store\",\"description\":\"Enhance Your Beauty with Organic &amp; Natural Skincare\",\"publisher\":{\"@id\":\"https:\/\/dutchhealthstore.com\/fr\/#organization\"},\"potentialAction\":[{\"@type\":\"SearchAction\",\"target\":{\"@type\":\"EntryPoint\",\"urlTemplate\":\"https:\/\/dutchhealthstore.com\/fr\/?s={search_term_string}\"},\"query-input\":{\"@type\":\"PropertyValueSpecification\",\"valueRequired\":true,\"valueName\":\"search_term_string\"}}],\"inLanguage\":\"fr-FR\"},{\"@type\":\"Organization\",\"@id\":\"https:\/\/dutchhealthstore.com\/fr\/#organization\",\"name\":\"Dutch Health Store\",\"url\":\"https:\/\/dutchhealthstore.com\/fr\/\",\"logo\":{\"@type\":\"ImageObject\",\"inLanguage\":\"fr-FR\",\"@id\":\"https:\/\/dutchhealthstore.com\/fr\/#\/schema\/logo\/image\/\",\"url\":\"https:\/\/dutchhealthstore.com\/wp-content\/uploads\/2020\/08\/logo-dutchhealthstore-jpg-e1599484957574.jpg\",\"contentUrl\":\"https:\/\/dutchhealthstore.com\/wp-content\/uploads\/2020\/08\/logo-dutchhealthstore-jpg-e1599484957574.jpg\",\"width\":400,\"height\":62,\"caption\":\"Dutch Health Store\"},\"image\":{\"@id\":\"https:\/\/dutchhealthstore.com\/fr\/#\/schema\/logo\/image\/\"},\"sameAs\":[\"https:\/\/www.instagram.com\/dutchhealthstore\/\",\"https:\/\/www.facebook.com\/dutchhealthstore\"]}]}<\/script>\n<meta property=\"product:brand\" content=\"INBLUEM\" \/>\n<meta property=\"og:availability\" content=\"instock\" \/>\n<meta property=\"product:availability\" content=\"instock\" \/>\n<meta property=\"product:condition\" content=\"new\" \/>\n<!-- \/ Yoast SEO Premium plugin. -->","yoast_head_json":{"title":"Konjac Plant Exfoliating Sponge - Inbluem","description":"Une \u00e9ponge v\u00e9g\u00e9tale douce con\u00e7ue pour nettoyer, exfolier et r\u00e9\u00e9quilibrer votre peau en n'utilisant que de l'eau.","robots":{"index":"index","follow":"follow","max-snippet":"max-snippet:-1","max-image-preview":"max-image-preview:large","max-video-preview":"max-video-preview:-1"},"canonical":"https:\/\/dutchhealthstore.com\/fr\/product\/konjac-plant-exfoliating-sponge\/","og_locale":"fr_FR","og_type":"article","og_title":"Konjac Plant Exfoliating Sponge - Dutch Health Store","og_description":"Une \u00e9ponge v\u00e9g\u00e9tale douce con\u00e7ue pour nettoyer, exfolier et r\u00e9\u00e9quilibrer votre peau en n'utilisant que de l'eau.","og_url":"https:\/\/dutchhealthstore.com\/fr\/product\/konjac-plant-exfoliating-sponge\/","og_site_name":"Dutch Health Store","article_publisher":"https:\/\/www.instagram.com\/dutchhealthstore\/","article_modified_time":"2026-02-06T16:12:26+00:00","og_image":[{"width":530,"height":530,"url":"https:\/\/dutchhealthstore.com\/wp-content\/uploads\/2025\/07\/inbluem-sponges.jpg","type":"image\/jpeg"}],"twitter_card":"summary_large_image","twitter_misc":{"Disponibilit\u00e9":"En stock"},"schema":{"@context":"https:\/\/schema.org","@graph":[{"@type":"WebPage","@id":"https:\/\/dutchhealthstore.com\/fr\/product\/konjac-plant-exfoliating-sponge\/","url":"https:\/\/dutchhealthstore.com\/fr\/product\/konjac-plant-exfoliating-sponge\/","name":"Konjac Plant Exfoliating Sponge - Inbluem","isPartOf":{"@id":"https:\/\/dutchhealthstore.com\/fr\/#website"},"primaryImageOfPage":{"@id":"https:\/\/dutchhealthstore.com\/fr\/product\/konjac-plant-exfoliating-sponge\/#primaryimage"},"image":{"@id":"https:\/\/dutchhealthstore.com\/fr\/product\/konjac-plant-exfoliating-sponge\/#primaryimage"},"thumbnailUrl":"https:\/\/dutchhealthstore.com\/wp-content\/uploads\/2025\/07\/inbluem-sponges.jpg","datePublished":"2025-08-14T06:56:25+00:00","dateModified":"2026-02-06T16:12:26+00:00","description":"Une \u00e9ponge v\u00e9g\u00e9tale douce con\u00e7ue pour nettoyer, exfolier et r\u00e9\u00e9quilibrer votre peau en n'utilisant que de l'eau.","breadcrumb":{"@id":"https:\/\/dutchhealthstore.com\/fr\/product\/konjac-plant-exfoliating-sponge\/#breadcrumb"},"inLanguage":"fr-FR","potentialAction":[{"@type":"ReadAction","target":["https:\/\/dutchhealthstore.com\/fr\/product\/konjac-plant-exfoliating-sponge\/"]}]},{"@type":"ImageObject","inLanguage":"fr-FR","@id":"https:\/\/dutchhealthstore.com\/fr\/product\/konjac-plant-exfoliating-sponge\/#primaryimage","url":"https:\/\/dutchhealthstore.com\/wp-content\/uploads\/2025\/07\/inbluem-sponges.jpg","contentUrl":"https:\/\/dutchhealthstore.com\/wp-content\/uploads\/2025\/07\/inbluem-sponges.jpg","width":530,"height":530,"caption":"inbluem-sponges"},{"@type":"BreadcrumbList","@id":"https:\/\/dutchhealthstore.com\/fr\/product\/konjac-plant-exfoliating-sponge\/#breadcrumb","itemListElement":[{"@type":"ListItem","position":1,"name":"Home","item":"https:\/\/dutchhealthstore.com\/fr\/"},{"@type":"ListItem","position":2,"name":"Shop","item":"https:\/\/dutchhealthstore.com\/fr\/shop\/"},{"@type":"ListItem","position":3,"name":"Konjac Plant Exfoliating Sponge"}]},{"@type":"WebSite","@id":"https:\/\/dutchhealthstore.com\/fr\/#website","url":"https:\/\/dutchhealthstore.com\/fr\/","name":"Dutch Health Store","description":"Enhance Your Beauty with Organic &amp; Natural Skincare","publisher":{"@id":"https:\/\/dutchhealthstore.com\/fr\/#organization"},"potentialAction":[{"@type":"SearchAction","target":{"@type":"EntryPoint","urlTemplate":"https:\/\/dutchhealthstore.com\/fr\/?s={search_term_string}"},"query-input":{"@type":"PropertyValueSpecification","valueRequired":true,"valueName":"search_term_string"}}],"inLanguage":"fr-FR"},{"@type":"Organization","@id":"https:\/\/dutchhealthstore.com\/fr\/#organization","name":"Dutch Health Store","url":"https:\/\/dutchhealthstore.com\/fr\/","logo":{"@type":"ImageObject","inLanguage":"fr-FR","@id":"https:\/\/dutchhealthstore.com\/fr\/#\/schema\/logo\/image\/","url":"https:\/\/dutchhealthstore.com\/wp-content\/uploads\/2020\/08\/logo-dutchhealthstore-jpg-e1599484957574.jpg","contentUrl":"https:\/\/dutchhealthstore.com\/wp-content\/uploads\/2020\/08\/logo-dutchhealthstore-jpg-e1599484957574.jpg","width":400,"height":62,"caption":"Dutch Health Store"},"image":{"@id":"https:\/\/dutchhealthstore.com\/fr\/#\/schema\/logo\/image\/"},"sameAs":["https:\/\/www.instagram.com\/dutchhealthstore\/","https:\/\/www.facebook.com\/dutchhealthstore"]}]},"product_brand":"INBLUEM","og_availability":"instock","product_availability":"instock","product_condition":"new"},"_links":{"self":[{"href":"https:\/\/dutchhealthstore.com\/fr\/wp-json\/wp\/v2\/product\/352670","targetHints":{"allow":["GET"]}}],"collection":[{"href":"https:\/\/dutchhealthstore.com\/fr\/wp-json\/wp\/v2\/product"}],"about":[{"href":"https:\/\/dutchhealthstore.com\/fr\/wp-json\/wp\/v2\/types\/product"}],"replies":[{"embeddable":true,"href":"https:\/\/dutchhealthstore.com\/fr\/wp-json\/wp\/v2\/comments?post=352670"}],"wp:featuredmedia":[{"embeddable":true,"href":"https:\/\/dutchhealthstore.com\/fr\/wp-json\/wp\/v2\/media\/349789"}],"wp:attachment":[{"href":"https:\/\/dutchhealthstore.com\/fr\/wp-json\/wp\/v2\/media?parent=352670"}],"wp:term":[{"taxonomy":"product_brand","embeddable":true,"href":"https:\/\/dutchhealthstore.com\/fr\/wp-json\/wp\/v2\/product_brand?post=352670"},{"taxonomy":"product_cat","embeddable":true,"href":"https:\/\/dutchhealthstore.com\/fr\/wp-json\/wp\/v2\/product_cat?post=352670"},{"taxonomy":"product_tag","embeddable":true,"href":"https:\/\/dutchhealthstore.com\/fr\/wp-json\/wp\/v2\/product_tag?post=352670"}],"curies":[{"name":"wp","href":"https:\/\/api.w.org\/{rel}","templated":true}]}}