{"id":347528,"date":"2025-07-07T08:47:24","date_gmt":"2025-07-07T06:47:24","guid":{"rendered":"https:\/\/dutchhealthstore.com\/product\/100-organic-rosemary-essential-oil\/"},"modified":"2025-10-10T09:28:24","modified_gmt":"2025-10-10T07:28:24","slug":"100-organic-rosemary-essential-oil","status":"publish","type":"product","link":"https:\/\/dutchhealthstore.com\/fr\/product\/100-organic-rosemary-essential-oil\/","title":{"rendered":"100% Organic Rosemary Essential Oil"},"content":{"rendered":"<p><strong>Distill\u00e9 \u00e0 la vapeur | Frais | Pur  <\/strong><\/p>\n<h3 data-start=\"239\" data-end=\"460\"><strong data-start=\"239\" data-end=\"255\">Comment \u00e7a marche <\/strong><\/h3>\n<p data-start=\"239\" data-end=\"460\"><br data-start=\"255\" data-end=\"258\">L&rsquo;<strong data-start=\"266\" data-end=\"292\">huile essentielle de romarin<\/strong> biologique est cliniquement reconnue pour favoriser la croissance des cheveux en agissant comme un <strong data-start=\"359\" data-end=\"374\">vasodilatateur<\/strong> naturel, aidant \u00e0 am\u00e9liorer la circulation du cuir chevelu et \u00e0 stimuler la densit\u00e9 des cheveux au fil du temps avec une utilisation r\u00e9guli\u00e8re.<\/p>\n<p data-start=\"462\" data-end=\"576\">Notre huile est <strong data-start=\"473\" data-end=\"492\">distill\u00e9e \u00e0 la vapeur<\/strong> \u00e0 partir de romarin frais et constitue un compl\u00e9ment puissant \u00e0 votre rituel de soins capillaires naturels.<\/p>\n<h3 data-start=\"682\" data-end=\"861\"><strong data-start=\"682\" data-end=\"696\">Comment utiliser <\/strong><\/h3>\n<p data-start=\"682\" data-end=\"861\">Ajoutez 2 \u00e0 3 gouttes \u00e0 une paume de shampooing. Faites mousser et massez votre cuir chevelu, laissez agir pendant 5 minutes avant de rincer. Poursuivez votre programme habituel de soins capillaires.  <\/p>\n<p data-start=\"682\" data-end=\"861\"><strong data-start=\"868\" data-end=\"892\">Stockage &amp; Disclaimer<\/strong><br data-start=\"892\" data-end=\"895\">Fermez herm\u00e9tiquement le flacon apr\u00e8s utilisation et conservez le produit dans <strong data-start=\"945\" data-end=\"970\">un endroit frais, sec et sombre<\/strong> afin de pr\u00e9server sa puret\u00e9.<\/p>\n<p data-start=\"682\" data-end=\"861\"><strong>Taille : 15 ml \/ 0.5 fl. oz. <\/strong><\/p>\n<p data-start=\"682\" data-end=\"861\">Il ne s&rsquo;agit pas d&rsquo;un m\u00e9dicament et ne traite ni ne gu\u00e9rit aucune maladie.<\/p>\n<p data-start=\"1067\" data-end=\"1089\"><strong data-start=\"1067\" data-end=\"1087\">Remarques importantes :<\/strong><\/p>\n<ul data-start=\"1090\" data-end=\"1529\">\n<li data-start=\"1090\" data-end=\"1210\">\n<p data-start=\"1092\" data-end=\"1210\">Effectuez toujours <strong data-start=\"1099\" data-end=\"1113\">un test \u00e9picutan\u00e9<\/strong> avant d&rsquo;utiliser le produit : diluez-le dans une huile de base et appliquez-le derri\u00e8re l&rsquo;oreille. Surveillez la zone pendant 48 heures. <\/p>\n<\/li>\n<li data-start=\"1211\" data-end=\"1257\">\n<p data-start=\"1213\" data-end=\"1257\"><strong data-start=\"1213\" data-end=\"1238\">Pour usage externe uniquement<\/strong> &#8211; ne pas ing\u00e9rer.<\/p>\n<\/li>\n<li data-start=\"1258\" data-end=\"1305\">\n<p data-start=\"1260\" data-end=\"1305\">Tenir hors de port\u00e9e des <strong data-start=\"1281\" data-end=\"1302\">enfants et des animaux domestiques<\/strong>.<\/p>\n<\/li>\n<li data-start=\"1306\" data-end=\"1369\">\n<p data-start=\"1308\" data-end=\"1369\"><strong data-start=\"1315\" data-end=\"1325\">Diluez<\/strong> toujours avec une huile de support lorsque vous l&rsquo;appliquez sur la peau.<\/p>\n<\/li>\n<li data-start=\"1370\" data-end=\"1423\">\n<p data-start=\"1372\" data-end=\"1423\">\u00c9viter le contact avec<strong data-start=\"1391\" data-end=\"1420\"> les yeux et les muqueuses.<\/strong><\/p>\n<\/li>\n<li data-start=\"1424\" data-end=\"1489\">\n<p data-start=\"1426\" data-end=\"1489\">Si vous \u00eates enceinte ou si vous allaitez, consultez votre m\u00e9decin avant de l&rsquo;utiliser.<\/p>\n<\/li>\n<li data-start=\"1490\" data-end=\"1529\">\n<p data-start=\"1492\" data-end=\"1529\">Cesser l&rsquo;utilisation en cas d&rsquo;irritation.<\/p>\n<\/li>\n<\/ul>\n<h2><strong>Ingr\u00e9dients naturels \/ biologiques <\/strong><\/h2>\n<p>Huile de Rosmarinus officinalis (romarin) biologique (distill\u00e9e \u00e0 la vapeur d&rsquo;eau).<\/p>\n\n\t<section class=\"section\" id=\"section_1597969111\">\n\t\t<div class=\"section-bg fill\" >\n\t\t\t\t\t\t\t\t\t\n\t\t\t\n\n\t\t<\/div>\n\n\t\t\t<div class=\"ux-shape-divider ux-shape-divider--top ux-shape-divider--style-waves-opacity\">\n\t\t<svg viewBox=\"0 0 1000 300\" xmlns=\"http:\/\/www.w3.org\/2000\/svg\" preserveAspectRatio=\"none\">\n    <path class=\"ux-shape-fill\" d=\"M0 300L-1 69.71C216 57 299.47 198.86 403 226C506 253 577 196 660 197C740 198 790.09 234.07 874 267C935.23 291 982 282.61 1000 277.61V300H0Z\"\/>\n    <path class=\"ux-shape-fill\" opacity=\"0.5\" d=\"M1 265.094L0 50.5C217 37.79 300.47 186.36 404 213.5C507 240.5 578 196.5 661 197.5C741 198.5 787.59 239.57 871.5 272.5C932.73 296.5 980.5 284.5 998.5 279.5V298.5L1 265.094Z\"\/>\n    <path class=\"ux-shape-fill\" opacity=\"0.15\" d=\"M0.999878 244.094L-0.00012207 27C217 14.29 300.47 173.86 404 201C507 228 578 196 661 197C741 198 787.59 243.07 871.5 276C932.73 300 980.5 284.5 998.5 279.5V299L0.999878 244.094Z\"\/>\n<\/svg>\n\n\t<\/div>\n\n\t<div class=\"ux-shape-divider ux-shape-divider--bottom ux-shape-divider--style-waves-opacity\">\n\t\t<svg viewBox=\"0 0 1000 300\" xmlns=\"http:\/\/www.w3.org\/2000\/svg\" preserveAspectRatio=\"none\">\n    <path class=\"ux-shape-fill\" d=\"M0 300L-1 69.71C216 57 299.47 198.86 403 226C506 253 577 196 660 197C740 198 790.09 234.07 874 267C935.23 291 982 282.61 1000 277.61V300H0Z\"\/>\n    <path class=\"ux-shape-fill\" opacity=\"0.5\" d=\"M1 265.094L0 50.5C217 37.79 300.47 186.36 404 213.5C507 240.5 578 196.5 661 197.5C741 198.5 787.59 239.57 871.5 272.5C932.73 296.5 980.5 284.5 998.5 279.5V298.5L1 265.094Z\"\/>\n    <path class=\"ux-shape-fill\" opacity=\"0.15\" d=\"M0.999878 244.094L-0.00012207 27C217 14.29 300.47 173.86 404 201C507 228 578 196 661 197C741 198 787.59 243.07 871.5 276C932.73 300 980.5 284.5 998.5 279.5V299L0.999878 244.094Z\"\/>\n<\/svg>\n\n\t<\/div>\n\n\t\t<div class=\"section-content relative\">\n\t\t\t\n\n\t<div id=\"gap-1369445437\" class=\"gap-element clearfix\" style=\"display:block; height:auto;\">\n\t\t\n<style>\n#gap-1369445437 {\n  padding-top: 30px;\n}\n<\/style>\n\t<\/div>\n\t\n\n<div class=\"row\"  id=\"row-774894712\">\n\n\n\t<div id=\"col-1624638132\" class=\"col small-12 large-12\"  >\n\t\t\t\t<div class=\"col-inner\"  >\n\t\t\t\n\t\t\t\n\n<h3><strong data-start=\"130\" data-end=\"151\">D\u00e9couvrez Gol\u00e2b Beauty<\/strong><\/h3>\n<hr>\n<p><img decoding=\"async\" class=\"alignright wp-image-347364\" src=\"https:\/\/dutchhealthstore.com\/wp-content\/uploads\/2025\/07\/Golab_NewLogo_png-1400x744.png\" alt=\"\" width=\"120\" height=\"64\" srcset=\"https:\/\/dutchhealthstore.com\/wp-content\/uploads\/2025\/07\/Golab_NewLogo_png-1400x744.png 1400w, https:\/\/dutchhealthstore.com\/wp-content\/uploads\/2025\/07\/Golab_NewLogo_png-752x400.png 752w, https:\/\/dutchhealthstore.com\/wp-content\/uploads\/2025\/07\/Golab_NewLogo_png-768x408.png 768w, https:\/\/dutchhealthstore.com\/wp-content\/uploads\/2025\/07\/Golab_NewLogo_png-1536x817.png 1536w, https:\/\/dutchhealthstore.com\/wp-content\/uploads\/2025\/07\/Golab_NewLogo_png-94x50.png 94w, https:\/\/dutchhealthstore.com\/wp-content\/uploads\/2025\/07\/Golab_NewLogo_png-530x282.png 530w, https:\/\/dutchhealthstore.com\/wp-content\/uploads\/2025\/07\/Golab_NewLogo_png-64x34.png 64w, https:\/\/dutchhealthstore.com\/wp-content\/uploads\/2025\/07\/Golab_NewLogo_png.png 1563w\" sizes=\"(max-width: 120px) 100vw, 120px\" \/>Inspir\u00e9e par des rem\u00e8des anciens et \u00e9labor\u00e9e avec soin, Gol\u00e2b Beauty propose des soins capillaires naturels qui favorisent une croissance saine et la brillance. Leurs formules v\u00e9ganes et non test\u00e9es sur les animaux sont douces mais efficaces, con\u00e7ues pour restaurer la force, l'\u00e9paisseur et l'\u00e9quilibre de vos cheveux, une goutte \u00e0 la fois. <\/p>\n<h5>Propre, conscient et enracin\u00e9 dans la tradition, Gol\u00e2b Beauty est votre nouveau rituel pour des cheveux \u00e9clatants.<\/h5>\n\n  \n    <div class=\"row large-columns-3 medium-columns-1 small-columns-1 slider row-slider slider-nav-circle slider-nav-light slider-nav-push\"  data-flickity-options='{&quot;imagesLoaded&quot;: true, &quot;groupCells&quot;: &quot;100%&quot;, &quot;dragThreshold&quot; : 5, &quot;cellAlign&quot;: &quot;left&quot;,&quot;wrapAround&quot;: true,&quot;prevNextButtons&quot;: true,&quot;percentPosition&quot;: true,&quot;pageDots&quot;: true, &quot;rightToLeft&quot;: false, &quot;autoPlay&quot; : false}' >\n\n  <div class=\"col post-item\" >\n\t\t\t<div class=\"col-inner\">\n\t\t\t\t<div class=\"box box-normal box-text-bottom box-blog-post has-hover\">\n            \t\t\t\t\t<div class=\"box-image\" >\n  \t\t\t\t\t\t<div class=\"image-cover\" style=\"padding-top:32.25%;\">\n\t\t\t\t\t\t\t<a href=\"https:\/\/dutchhealthstore.com\/fr\/golab-beauty-la-reponse-de-la-nature-pour-des-cheveux-plus-forts-plus-epais-et-plus-sains\/\" class=\"plain\" aria-label=\"Gol\u00e2b Beauty : La r\u00e9ponse de la nature pour des cheveux plus forts, plus \u00e9pais et plus sains\">\n\t\t\t\t\t\t\t\t<img fetchpriority=\"high\" decoding=\"async\" width=\"800\" height=\"268\" src=\"https:\/\/dutchhealthstore.com\/wp-content\/uploads\/2025\/07\/golab-header-blog-800x268.jpg\" class=\"attachment-medium size-medium wp-post-image\" alt=\"\" srcset=\"https:\/\/dutchhealthstore.com\/wp-content\/uploads\/2025\/07\/golab-header-blog-800x268.jpg 800w, https:\/\/dutchhealthstore.com\/wp-content\/uploads\/2025\/07\/golab-header-blog-768x257.jpg 768w, https:\/\/dutchhealthstore.com\/wp-content\/uploads\/2025\/07\/golab-header-blog-149x50.jpg 149w, https:\/\/dutchhealthstore.com\/wp-content\/uploads\/2025\/07\/golab-header-blog-530x178.jpg 530w, https:\/\/dutchhealthstore.com\/wp-content\/uploads\/2025\/07\/golab-header-blog-64x21.jpg 64w, https:\/\/dutchhealthstore.com\/wp-content\/uploads\/2025\/07\/golab-header-blog.jpg 1390w\" sizes=\"(max-width: 800px) 100vw, 800px\" \/>\t\t\t\t\t\t\t<\/a>\n  \t\t\t\t\t\t\t  \t\t\t\t\t\t\t  \t\t\t\t\t\t<\/div>\n  \t\t\t\t\t\t  \t\t\t\t\t<\/div>\n          \t\t\t\t\t<div class=\"box-text text-center is-small\" >\n\t\t\t\t\t<div class=\"box-text-inner blog-post-inner\">\n\n\t\t\t\t\t\n\t\t\t\t\t\t\t\t\t\t<h5 class=\"post-title is-large \">\n\t\t\t\t\t\t<a href=\"https:\/\/dutchhealthstore.com\/fr\/golab-beauty-la-reponse-de-la-nature-pour-des-cheveux-plus-forts-plus-epais-et-plus-sains\/\" class=\"plain\">Gol\u00e2b Beauty : La r\u00e9ponse de la nature pour des cheveux plus forts, plus \u00e9pais et plus sains<\/a>\n\t\t\t\t\t<\/h5>\n\t\t\t\t\t\t\t\t\t\t<div class=\"is-divider\"><\/div>\n\t\t\t\t\t\t\t\t\t\t<p class=\"from_the_blog_excerpt \">\n\t\t\t\t\t\tLorsqu'il s'agit de soins capillaires naturels, peu de marques se sentent aussi intentionnelles et ancr\u00e9es [...]\t\t\t\t\t<\/p>\n\t\t\t\t\t                    \n\t\t\t\t\t\n\t\t\t\t\t\n\t\t\t\t\t<\/div>\n\t\t\t\t\t<\/div>\n\t\t\t\t\t\t\t\t\t\t\t\t\t\t\t\t<div class=\"badge absolute top post-date badge-square\">\n\t\t\t\t\t\t\t<div class=\"badge-inner\">\n\t\t\t\t\t\t\t\t<span class=\"post-date-day\">02<\/span><br>\n\t\t\t\t\t\t\t\t<span class=\"post-date-month is-xsmall\">Jan<\/span>\n\t\t\t\t\t\t\t<\/div>\n\t\t\t\t\t\t<\/div>\n\t\t\t\t\t\t\t\t\t<\/div>\n\t\t\t<\/div>\n\t\t<\/div><\/div>\n\n\n\t\t<\/div>\n\t\t\t\t\t<\/div>\n\n\t\n\n<\/div>\n\t<div id=\"gap-1064735701\" class=\"gap-element clearfix\" style=\"display:block; height:auto;\">\n\t\t\n<style>\n#gap-1064735701 {\n  padding-top: 30px;\n}\n<\/style>\n\t<\/div>\n\t\n\n\n\t\t<\/div>\n\n\t\t\n<style>\n#section_1597969111 {\n  padding-top: 50px;\n  padding-bottom: 50px;\n  background-color: rgb(250, 239, 239);\n}\n#section_1597969111 .ux-shape-divider--top svg {\n  height: 150px;\n  --divider-top-width: 100%;\n}\n#section_1597969111 .ux-shape-divider--bottom svg {\n  height: 50px;\n  --divider-width: 108%;\n}\n<\/style>\n\t<\/section>\n\t\n","protected":false},"excerpt":{"rendered":"<p>Ingr\u00e9dient naturel inhibiteur de la DHT et antifongique pour aider \u00e0 am\u00e9liorer l&rsquo;aspect des cheveux plus \u00e9pais.<\/p>\n","protected":false},"featured_media":347385,"comment_status":"open","ping_status":"closed","template":"","meta":[],"product_brand":[],"product_cat":[21313,8575,10083,1209,1030,1010],"product_tag":[21525,4495,10170,21534],"class_list":{"0":"post-347528","1":"product","2":"type-product","3":"status-publish","4":"has-post-thumbnail","6":"product_cat-golab-beauty-fr","7":"product_cat-hair-fr","8":"product_cat-hair-oil-fr-2","9":"product_cat-par-marques","10":"product_cat-par-produits","11":"product_cat-notre-boutique","12":"product_tag-detente","13":"product_tag-essential-oil-fr","14":"product_tag-hair-fr","15":"product_tag-lesprit","16":"pa_brand-golab-fr","17":"pa_gtin-6096440661684-fr","18":"pa_haircare-productype-hair-oil-fr","19":"pa_haircare-productype-hair-masks-serums-fr","20":"pa_size-0-5-oz-15-ml-fr","22":"first","23":"instock","24":"taxable","25":"shipping-taxable","26":"purchasable","27":"product-type-simple"},"bundled_by":[],"bundle_stock_status":"instock","bundle_stock_quantity":5,"bundle_virtual":false,"bundle_layout":"","bundle_add_to_cart_form_location":"","bundle_editable_in_cart":false,"bundle_sold_individually_context":"","bundle_item_grouping":"","bundle_min_size":"","bundle_max_size":"","bundle_price":[],"bundled_items":[],"bundle_sell_ids":[247525],"atum_controlled":true,"out_stock_date":null,"out_stock_threshold":null,"inheritable":false,"stock_on_hold":0,"sold_today":0,"sales_last_days":1,"out_stock_days":0,"lost_sales":0,"update_date":"2026-04-16T10:54:15","atum_locations":[],"atum_stock_status":"instock","restock_status":false,"low_stock_amount":"","sales_update_date":"2026-04-16T10:54:15","calc_backorders":null,"group_of_quantity":0,"min_quantity":0,"max_quantity":"","exclude_order_quantity_value_rules":"no","exclude_category_quantity_rules":"no","combine_variations":"no","yoast_head":"<!-- This site is optimized with the Yoast SEO Premium plugin v26.5 (Yoast SEO v26.5) - https:\/\/yoast.com\/wordpress\/plugins\/seo\/ -->\n<title>100% Organic Rosemary Essential Oil - Golab Beauty<\/title>\n<meta name=\"description\" content=\"Ingr\u00e9dient naturel inhibiteur de la DHT et antifongique pour aider \u00e0 am\u00e9liorer l&#039;aspect des cheveux plus \u00e9pais.\" \/>\n<meta name=\"robots\" content=\"index, follow, max-snippet:-1, max-image-preview:large, max-video-preview:-1\" \/>\n<link rel=\"canonical\" href=\"https:\/\/dutchhealthstore.com\/fr\/product\/100-organic-rosemary-essential-oil\/\" \/>\n<meta property=\"og:locale\" content=\"fr_FR\" \/>\n<meta property=\"og:type\" content=\"article\" \/>\n<meta property=\"og:title\" content=\"100% Organic Rosemary Essential Oil - Dutch Health Store\" \/>\n<meta property=\"og:description\" content=\"Ingr\u00e9dient naturel inhibiteur de la DHT et antifongique pour aider \u00e0 am\u00e9liorer l&#039;aspect des cheveux plus \u00e9pais.\" \/>\n<meta property=\"og:url\" content=\"https:\/\/dutchhealthstore.com\/fr\/product\/100-organic-rosemary-essential-oil\/\" \/>\n<meta property=\"og:site_name\" content=\"Dutch Health Store\" \/>\n<meta property=\"article:publisher\" content=\"https:\/\/www.instagram.com\/dutchhealthstore\/\" \/>\n<meta property=\"article:modified_time\" content=\"2025-10-10T07:28:24+00:00\" \/>\n<meta property=\"og:image\" content=\"https:\/\/dutchhealthstore.com\/wp-content\/uploads\/2025\/07\/golab-2.jpg\" \/>\n\t<meta property=\"og:image:width\" content=\"730\" \/>\n\t<meta property=\"og:image:height\" content=\"730\" \/>\n\t<meta property=\"og:image:type\" content=\"image\/jpeg\" \/>\n<meta name=\"twitter:card\" content=\"summary_large_image\" \/>\n<meta name=\"twitter:label1\" content=\"Prix\" \/>\n\t<meta name=\"twitter:data1\" content=\"&euro;22,50\" \/>\n\t<meta name=\"twitter:label2\" content=\"Disponibilit\u00e9\" \/>\n\t<meta name=\"twitter:data2\" content=\"En stock\" \/>\n<script type=\"application\/ld+json\" class=\"yoast-schema-graph\">{\"@context\":\"https:\/\/schema.org\",\"@graph\":[{\"@type\":\"WebPage\",\"@id\":\"https:\/\/dutchhealthstore.com\/fr\/product\/100-organic-rosemary-essential-oil\/\",\"url\":\"https:\/\/dutchhealthstore.com\/fr\/product\/100-organic-rosemary-essential-oil\/\",\"name\":\"100% Organic Rosemary Essential Oil - Golab Beauty\",\"isPartOf\":{\"@id\":\"https:\/\/dutchhealthstore.com\/fr\/#website\"},\"primaryImageOfPage\":{\"@id\":\"https:\/\/dutchhealthstore.com\/fr\/product\/100-organic-rosemary-essential-oil\/#primaryimage\"},\"image\":{\"@id\":\"https:\/\/dutchhealthstore.com\/fr\/product\/100-organic-rosemary-essential-oil\/#primaryimage\"},\"thumbnailUrl\":\"https:\/\/dutchhealthstore.com\/wp-content\/uploads\/2025\/07\/golab-2.jpg\",\"datePublished\":\"2025-07-07T06:47:24+00:00\",\"dateModified\":\"2025-10-10T07:28:24+00:00\",\"description\":\"Ingr\u00e9dient naturel inhibiteur de la DHT et antifongique pour aider \u00e0 am\u00e9liorer l'aspect des cheveux plus \u00e9pais.\",\"breadcrumb\":{\"@id\":\"https:\/\/dutchhealthstore.com\/fr\/product\/100-organic-rosemary-essential-oil\/#breadcrumb\"},\"inLanguage\":\"fr-FR\",\"potentialAction\":[{\"@type\":\"ReadAction\",\"target\":[\"https:\/\/dutchhealthstore.com\/fr\/product\/100-organic-rosemary-essential-oil\/\"]}]},{\"@type\":\"ImageObject\",\"inLanguage\":\"fr-FR\",\"@id\":\"https:\/\/dutchhealthstore.com\/fr\/product\/100-organic-rosemary-essential-oil\/#primaryimage\",\"url\":\"https:\/\/dutchhealthstore.com\/wp-content\/uploads\/2025\/07\/golab-2.jpg\",\"contentUrl\":\"https:\/\/dutchhealthstore.com\/wp-content\/uploads\/2025\/07\/golab-2.jpg\",\"width\":730,\"height\":730},{\"@type\":\"BreadcrumbList\",\"@id\":\"https:\/\/dutchhealthstore.com\/fr\/product\/100-organic-rosemary-essential-oil\/#breadcrumb\",\"itemListElement\":[{\"@type\":\"ListItem\",\"position\":1,\"name\":\"Home\",\"item\":\"https:\/\/dutchhealthstore.com\/fr\/\"},{\"@type\":\"ListItem\",\"position\":2,\"name\":\"Shop\",\"item\":\"https:\/\/dutchhealthstore.com\/fr\/shop\/\"},{\"@type\":\"ListItem\",\"position\":3,\"name\":\"100% Organic Rosemary Essential Oil\"}]},{\"@type\":\"WebSite\",\"@id\":\"https:\/\/dutchhealthstore.com\/fr\/#website\",\"url\":\"https:\/\/dutchhealthstore.com\/fr\/\",\"name\":\"Dutch Health Store\",\"description\":\"Enhance Your Beauty with Organic &amp; Natural Skincare\",\"publisher\":{\"@id\":\"https:\/\/dutchhealthstore.com\/fr\/#organization\"},\"potentialAction\":[{\"@type\":\"SearchAction\",\"target\":{\"@type\":\"EntryPoint\",\"urlTemplate\":\"https:\/\/dutchhealthstore.com\/fr\/?s={search_term_string}\"},\"query-input\":{\"@type\":\"PropertyValueSpecification\",\"valueRequired\":true,\"valueName\":\"search_term_string\"}}],\"inLanguage\":\"fr-FR\"},{\"@type\":\"Organization\",\"@id\":\"https:\/\/dutchhealthstore.com\/fr\/#organization\",\"name\":\"Dutch Health Store\",\"url\":\"https:\/\/dutchhealthstore.com\/fr\/\",\"logo\":{\"@type\":\"ImageObject\",\"inLanguage\":\"fr-FR\",\"@id\":\"https:\/\/dutchhealthstore.com\/fr\/#\/schema\/logo\/image\/\",\"url\":\"https:\/\/dutchhealthstore.com\/wp-content\/uploads\/2020\/08\/logo-dutchhealthstore-jpg-e1599484957574.jpg\",\"contentUrl\":\"https:\/\/dutchhealthstore.com\/wp-content\/uploads\/2020\/08\/logo-dutchhealthstore-jpg-e1599484957574.jpg\",\"width\":400,\"height\":62,\"caption\":\"Dutch Health Store\"},\"image\":{\"@id\":\"https:\/\/dutchhealthstore.com\/fr\/#\/schema\/logo\/image\/\"},\"sameAs\":[\"https:\/\/www.instagram.com\/dutchhealthstore\/\",\"https:\/\/www.facebook.com\/dutchhealthstore\"]}]}<\/script>\n<!-- \/ Yoast SEO Premium plugin. -->","yoast_head_json":{"title":"100% Organic Rosemary Essential Oil - Golab Beauty","description":"Ingr\u00e9dient naturel inhibiteur de la DHT et antifongique pour aider \u00e0 am\u00e9liorer l'aspect des cheveux plus \u00e9pais.","robots":{"index":"index","follow":"follow","max-snippet":"max-snippet:-1","max-image-preview":"max-image-preview:large","max-video-preview":"max-video-preview:-1"},"canonical":"https:\/\/dutchhealthstore.com\/fr\/product\/100-organic-rosemary-essential-oil\/","og_locale":"fr_FR","og_type":"article","og_title":"100% Organic Rosemary Essential Oil - Dutch Health Store","og_description":"Ingr\u00e9dient naturel inhibiteur de la DHT et antifongique pour aider \u00e0 am\u00e9liorer l'aspect des cheveux plus \u00e9pais.","og_url":"https:\/\/dutchhealthstore.com\/fr\/product\/100-organic-rosemary-essential-oil\/","og_site_name":"Dutch Health Store","article_publisher":"https:\/\/www.instagram.com\/dutchhealthstore\/","article_modified_time":"2025-10-10T07:28:24+00:00","og_image":[{"width":730,"height":730,"url":"https:\/\/dutchhealthstore.com\/wp-content\/uploads\/2025\/07\/golab-2.jpg","type":"image\/jpeg"}],"twitter_card":"summary_large_image","twitter_misc":{"Prix":"&euro;22,50","Disponibilit\u00e9":"En stock"},"schema":{"@context":"https:\/\/schema.org","@graph":[{"@type":"WebPage","@id":"https:\/\/dutchhealthstore.com\/fr\/product\/100-organic-rosemary-essential-oil\/","url":"https:\/\/dutchhealthstore.com\/fr\/product\/100-organic-rosemary-essential-oil\/","name":"100% Organic Rosemary Essential Oil - Golab Beauty","isPartOf":{"@id":"https:\/\/dutchhealthstore.com\/fr\/#website"},"primaryImageOfPage":{"@id":"https:\/\/dutchhealthstore.com\/fr\/product\/100-organic-rosemary-essential-oil\/#primaryimage"},"image":{"@id":"https:\/\/dutchhealthstore.com\/fr\/product\/100-organic-rosemary-essential-oil\/#primaryimage"},"thumbnailUrl":"https:\/\/dutchhealthstore.com\/wp-content\/uploads\/2025\/07\/golab-2.jpg","datePublished":"2025-07-07T06:47:24+00:00","dateModified":"2025-10-10T07:28:24+00:00","description":"Ingr\u00e9dient naturel inhibiteur de la DHT et antifongique pour aider \u00e0 am\u00e9liorer l'aspect des cheveux plus \u00e9pais.","breadcrumb":{"@id":"https:\/\/dutchhealthstore.com\/fr\/product\/100-organic-rosemary-essential-oil\/#breadcrumb"},"inLanguage":"fr-FR","potentialAction":[{"@type":"ReadAction","target":["https:\/\/dutchhealthstore.com\/fr\/product\/100-organic-rosemary-essential-oil\/"]}]},{"@type":"ImageObject","inLanguage":"fr-FR","@id":"https:\/\/dutchhealthstore.com\/fr\/product\/100-organic-rosemary-essential-oil\/#primaryimage","url":"https:\/\/dutchhealthstore.com\/wp-content\/uploads\/2025\/07\/golab-2.jpg","contentUrl":"https:\/\/dutchhealthstore.com\/wp-content\/uploads\/2025\/07\/golab-2.jpg","width":730,"height":730},{"@type":"BreadcrumbList","@id":"https:\/\/dutchhealthstore.com\/fr\/product\/100-organic-rosemary-essential-oil\/#breadcrumb","itemListElement":[{"@type":"ListItem","position":1,"name":"Home","item":"https:\/\/dutchhealthstore.com\/fr\/"},{"@type":"ListItem","position":2,"name":"Shop","item":"https:\/\/dutchhealthstore.com\/fr\/shop\/"},{"@type":"ListItem","position":3,"name":"100% Organic Rosemary Essential Oil"}]},{"@type":"WebSite","@id":"https:\/\/dutchhealthstore.com\/fr\/#website","url":"https:\/\/dutchhealthstore.com\/fr\/","name":"Dutch Health Store","description":"Enhance Your Beauty with Organic &amp; Natural Skincare","publisher":{"@id":"https:\/\/dutchhealthstore.com\/fr\/#organization"},"potentialAction":[{"@type":"SearchAction","target":{"@type":"EntryPoint","urlTemplate":"https:\/\/dutchhealthstore.com\/fr\/?s={search_term_string}"},"query-input":{"@type":"PropertyValueSpecification","valueRequired":true,"valueName":"search_term_string"}}],"inLanguage":"fr-FR"},{"@type":"Organization","@id":"https:\/\/dutchhealthstore.com\/fr\/#organization","name":"Dutch Health Store","url":"https:\/\/dutchhealthstore.com\/fr\/","logo":{"@type":"ImageObject","inLanguage":"fr-FR","@id":"https:\/\/dutchhealthstore.com\/fr\/#\/schema\/logo\/image\/","url":"https:\/\/dutchhealthstore.com\/wp-content\/uploads\/2020\/08\/logo-dutchhealthstore-jpg-e1599484957574.jpg","contentUrl":"https:\/\/dutchhealthstore.com\/wp-content\/uploads\/2020\/08\/logo-dutchhealthstore-jpg-e1599484957574.jpg","width":400,"height":62,"caption":"Dutch Health Store"},"image":{"@id":"https:\/\/dutchhealthstore.com\/fr\/#\/schema\/logo\/image\/"},"sameAs":["https:\/\/www.instagram.com\/dutchhealthstore\/","https:\/\/www.facebook.com\/dutchhealthstore"]}]}},"_links":{"self":[{"href":"https:\/\/dutchhealthstore.com\/fr\/wp-json\/wp\/v2\/product\/347528","targetHints":{"allow":["GET"]}}],"collection":[{"href":"https:\/\/dutchhealthstore.com\/fr\/wp-json\/wp\/v2\/product"}],"about":[{"href":"https:\/\/dutchhealthstore.com\/fr\/wp-json\/wp\/v2\/types\/product"}],"replies":[{"embeddable":true,"href":"https:\/\/dutchhealthstore.com\/fr\/wp-json\/wp\/v2\/comments?post=347528"}],"wp:featuredmedia":[{"embeddable":true,"href":"https:\/\/dutchhealthstore.com\/fr\/wp-json\/wp\/v2\/media\/347385"}],"wp:attachment":[{"href":"https:\/\/dutchhealthstore.com\/fr\/wp-json\/wp\/v2\/media?parent=347528"}],"wp:term":[{"taxonomy":"product_brand","embeddable":true,"href":"https:\/\/dutchhealthstore.com\/fr\/wp-json\/wp\/v2\/product_brand?post=347528"},{"taxonomy":"product_cat","embeddable":true,"href":"https:\/\/dutchhealthstore.com\/fr\/wp-json\/wp\/v2\/product_cat?post=347528"},{"taxonomy":"product_tag","embeddable":true,"href":"https:\/\/dutchhealthstore.com\/fr\/wp-json\/wp\/v2\/product_tag?post=347528"}],"curies":[{"name":"wp","href":"https:\/\/api.w.org\/{rel}","templated":true}]}}