{"id":347525,"date":"2025-07-07T08:52:31","date_gmt":"2025-07-07T06:52:31","guid":{"rendered":"https:\/\/dutchhealthstore.com\/product\/strengthening-scalp-massage-oil\/"},"modified":"2026-03-31T12:09:21","modified_gmt":"2026-03-31T10:09:21","slug":"strengthening-scalp-massage-oil","status":"publish","type":"product","link":"https:\/\/dutchhealthstore.com\/fr\/product\/strengthening-scalp-massage-oil\/","title":{"rendered":"Strengthening Scalp Massage Oil"},"content":{"rendered":"<p><strong>Nourrissant | Stimulant | Aimant pour les cheveux  <\/strong><\/p>\n<p>En l&rsquo;utilisant r\u00e9guli\u00e8rement, il contribue \u00e0 cr\u00e9er la base id\u00e9ale pour que les cheveux se d\u00e9veloppent naturellement.<\/p>\n<p>&nbsp;<\/p>\n<h3>Mode d&#8217;emploi<\/h3>\n<p>S\u00e9parez vos cheveux.<\/p>\n<p>Remplissez le compte-gouttes et appliquez l&rsquo;huile directement sur le cuir chevelu, en insistant sur les zones les moins denses.<\/p>\n<p>Massez doucement en mouvements circulaires pour stimuler la circulation.<\/p>\n<p>Laissez agir pendant 1 \u00e0 3 heures.<\/p>\n<p>R\u00e9p\u00e9tez l&rsquo;op\u00e9ration 2 \u00e0 3 fois par semaine si n\u00e9cessaire.<\/p>\n<p>Pour l&rsquo;\u00e9liminer, faites deux shampooings en massant d\u00e9licatement le cuir chevelu.<br \/>\nRemarque : il est normal que des poils morts tombent pendant le massage.<\/p>\n<p>R\u00e9sultats : Une chevelure plus abondante est souvent observ\u00e9e dans les 90 \u00e0 120 jours d&rsquo;utilisation r\u00e9guli\u00e8re.<\/p>\n<p><strong>Test \u00e9picutan\u00e9 requis<\/strong><br \/>\nEffectuez toujours un test \u00e9picutan\u00e9 avant la premi\u00e8re utilisation. Appliquez une petite quantit\u00e9 d&rsquo;huile derri\u00e8re l&rsquo;oreille et surveillez la zone pendant 24 \u00e0 48 heures. <\/p>\n<p><strong>Stockage &amp; Disclaimer<\/strong><br \/>\nConservez le flacon herm\u00e9tiquement ferm\u00e9 et stockez-le dans un endroit frais, sec et \u00e0 l&rsquo;abri de la lumi\u00e8re pour pr\u00e9server sa fra\u00eecheur.<\/p>\n<p>Il ne s&rsquo;agit pas d&rsquo;un produit m\u00e9dical et il n&rsquo;est pas destin\u00e9 \u00e0 traiter ou \u00e0 gu\u00e9rir une quelconque maladie.<\/p>\n<p><strong>Taille : 50 ml<\/strong><\/p>\n<h2><strong>Ingr\u00e9dients naturels \/ biologiques<\/strong><\/h2>\n<p>INCI : huile de ricin (Ricinus communis), huile de lin (Linum usitatissimum), huile de s\u00e9same (Sesamum indicum), huile de groseille indienne (Emblica officinalis), huile de graine noire (Nigella sativa), huile de menthe poivr\u00e9e (Mentha piperita), huile de romarin (Rosmarinus officinalis).<\/p>\n\n\t<section class=\"section\" id=\"section_50070595\">\n\t\t<div class=\"section-bg fill\" >\n\t\t\t\t\t\t\t\t\t\n\t\t\t\n\n\t\t<\/div>\n\n\t\t\t<div class=\"ux-shape-divider ux-shape-divider--top ux-shape-divider--style-waves-opacity\">\n\t\t<svg viewBox=\"0 0 1000 300\" xmlns=\"http:\/\/www.w3.org\/2000\/svg\" preserveAspectRatio=\"none\">\n    <path class=\"ux-shape-fill\" d=\"M0 300L-1 69.71C216 57 299.47 198.86 403 226C506 253 577 196 660 197C740 198 790.09 234.07 874 267C935.23 291 982 282.61 1000 277.61V300H0Z\"\/>\n    <path class=\"ux-shape-fill\" opacity=\"0.5\" d=\"M1 265.094L0 50.5C217 37.79 300.47 186.36 404 213.5C507 240.5 578 196.5 661 197.5C741 198.5 787.59 239.57 871.5 272.5C932.73 296.5 980.5 284.5 998.5 279.5V298.5L1 265.094Z\"\/>\n    <path class=\"ux-shape-fill\" opacity=\"0.15\" d=\"M0.999878 244.094L-0.00012207 27C217 14.29 300.47 173.86 404 201C507 228 578 196 661 197C741 198 787.59 243.07 871.5 276C932.73 300 980.5 284.5 998.5 279.5V299L0.999878 244.094Z\"\/>\n<\/svg>\n\n\t<\/div>\n\n\t<div class=\"ux-shape-divider ux-shape-divider--bottom ux-shape-divider--style-waves-opacity\">\n\t\t<svg viewBox=\"0 0 1000 300\" xmlns=\"http:\/\/www.w3.org\/2000\/svg\" preserveAspectRatio=\"none\">\n    <path class=\"ux-shape-fill\" d=\"M0 300L-1 69.71C216 57 299.47 198.86 403 226C506 253 577 196 660 197C740 198 790.09 234.07 874 267C935.23 291 982 282.61 1000 277.61V300H0Z\"\/>\n    <path class=\"ux-shape-fill\" opacity=\"0.5\" d=\"M1 265.094L0 50.5C217 37.79 300.47 186.36 404 213.5C507 240.5 578 196.5 661 197.5C741 198.5 787.59 239.57 871.5 272.5C932.73 296.5 980.5 284.5 998.5 279.5V298.5L1 265.094Z\"\/>\n    <path class=\"ux-shape-fill\" opacity=\"0.15\" d=\"M0.999878 244.094L-0.00012207 27C217 14.29 300.47 173.86 404 201C507 228 578 196 661 197C741 198 787.59 243.07 871.5 276C932.73 300 980.5 284.5 998.5 279.5V299L0.999878 244.094Z\"\/>\n<\/svg>\n\n\t<\/div>\n\n\t\t<div class=\"section-content relative\">\n\t\t\t\n\n\t<div id=\"gap-1556693473\" class=\"gap-element clearfix\" style=\"display:block; height:auto;\">\n\t\t\n<style>\n#gap-1556693473 {\n  padding-top: 30px;\n}\n<\/style>\n\t<\/div>\n\t\n\n<div class=\"row\"  id=\"row-249305404\">\n\n\n\t<div id=\"col-448462193\" class=\"col small-12 large-12\"  >\n\t\t\t\t<div class=\"col-inner\"  >\n\t\t\t\n\t\t\t\n\n<h3><strong data-start=\"130\" data-end=\"151\">D\u00e9couvrez Gol\u00e2b Beauty<\/strong><\/h3>\n<hr>\n<p><img decoding=\"async\" class=\"alignright wp-image-347364\" src=\"https:\/\/dutchhealthstore.com\/wp-content\/uploads\/2025\/07\/Golab_NewLogo_png-1400x744.png\" alt=\"\" width=\"120\" height=\"64\" srcset=\"https:\/\/dutchhealthstore.com\/wp-content\/uploads\/2025\/07\/Golab_NewLogo_png-1400x744.png 1400w, https:\/\/dutchhealthstore.com\/wp-content\/uploads\/2025\/07\/Golab_NewLogo_png-752x400.png 752w, https:\/\/dutchhealthstore.com\/wp-content\/uploads\/2025\/07\/Golab_NewLogo_png-768x408.png 768w, https:\/\/dutchhealthstore.com\/wp-content\/uploads\/2025\/07\/Golab_NewLogo_png-1536x817.png 1536w, https:\/\/dutchhealthstore.com\/wp-content\/uploads\/2025\/07\/Golab_NewLogo_png-94x50.png 94w, https:\/\/dutchhealthstore.com\/wp-content\/uploads\/2025\/07\/Golab_NewLogo_png-530x282.png 530w, https:\/\/dutchhealthstore.com\/wp-content\/uploads\/2025\/07\/Golab_NewLogo_png-64x34.png 64w, https:\/\/dutchhealthstore.com\/wp-content\/uploads\/2025\/07\/Golab_NewLogo_png.png 1563w\" sizes=\"(max-width: 120px) 100vw, 120px\" \/>Inspir\u00e9e par des rem\u00e8des anciens et \u00e9labor\u00e9e avec soin, Gol\u00e2b Beauty propose des soins capillaires naturels qui favorisent une croissance saine et la brillance. Leurs formules v\u00e9ganes et non test\u00e9es sur les animaux sont douces mais efficaces, con\u00e7ues pour restaurer la force, l'\u00e9paisseur et l'\u00e9quilibre de vos cheveux, une goutte \u00e0 la fois. <\/p>\n<h5>Propre, conscient et enracin\u00e9 dans la tradition, Gol\u00e2b Beauty est votre nouveau rituel pour des cheveux \u00e9clatants.<\/h5>\n\n  \n    <div class=\"row large-columns-3 medium-columns-1 small-columns-1 slider row-slider slider-nav-circle slider-nav-light slider-nav-push\"  data-flickity-options='{&quot;imagesLoaded&quot;: true, &quot;groupCells&quot;: &quot;100%&quot;, &quot;dragThreshold&quot; : 5, &quot;cellAlign&quot;: &quot;left&quot;,&quot;wrapAround&quot;: true,&quot;prevNextButtons&quot;: true,&quot;percentPosition&quot;: true,&quot;pageDots&quot;: true, &quot;rightToLeft&quot;: false, &quot;autoPlay&quot; : false}' >\n\n  <div class=\"col post-item\" >\n\t\t\t<div class=\"col-inner\">\n\t\t\t\t<div class=\"box box-normal box-text-bottom box-blog-post has-hover\">\n            \t\t\t\t\t<div class=\"box-image\" >\n  \t\t\t\t\t\t<div class=\"image-cover\" style=\"padding-top:32.25%;\">\n\t\t\t\t\t\t\t<a href=\"https:\/\/dutchhealthstore.com\/fr\/golab-beauty-la-reponse-de-la-nature-pour-des-cheveux-plus-forts-plus-epais-et-plus-sains\/\" class=\"plain\" aria-label=\"Gol\u00e2b Beauty : La r\u00e9ponse de la nature pour des cheveux plus forts, plus \u00e9pais et plus sains\">\n\t\t\t\t\t\t\t\t<img fetchpriority=\"high\" decoding=\"async\" width=\"800\" height=\"268\" src=\"https:\/\/dutchhealthstore.com\/wp-content\/uploads\/2025\/07\/golab-header-blog-800x268.jpg\" class=\"attachment-medium size-medium wp-post-image\" alt=\"\" srcset=\"https:\/\/dutchhealthstore.com\/wp-content\/uploads\/2025\/07\/golab-header-blog-800x268.jpg 800w, https:\/\/dutchhealthstore.com\/wp-content\/uploads\/2025\/07\/golab-header-blog-768x257.jpg 768w, https:\/\/dutchhealthstore.com\/wp-content\/uploads\/2025\/07\/golab-header-blog-149x50.jpg 149w, https:\/\/dutchhealthstore.com\/wp-content\/uploads\/2025\/07\/golab-header-blog-530x178.jpg 530w, https:\/\/dutchhealthstore.com\/wp-content\/uploads\/2025\/07\/golab-header-blog-64x21.jpg 64w, https:\/\/dutchhealthstore.com\/wp-content\/uploads\/2025\/07\/golab-header-blog.jpg 1390w\" sizes=\"(max-width: 800px) 100vw, 800px\" \/>\t\t\t\t\t\t\t<\/a>\n  \t\t\t\t\t\t\t  \t\t\t\t\t\t\t  \t\t\t\t\t\t<\/div>\n  \t\t\t\t\t\t  \t\t\t\t\t<\/div>\n          \t\t\t\t\t<div class=\"box-text text-center is-small\" >\n\t\t\t\t\t<div class=\"box-text-inner blog-post-inner\">\n\n\t\t\t\t\t\n\t\t\t\t\t\t\t\t\t\t<h5 class=\"post-title is-large \">\n\t\t\t\t\t\t<a href=\"https:\/\/dutchhealthstore.com\/fr\/golab-beauty-la-reponse-de-la-nature-pour-des-cheveux-plus-forts-plus-epais-et-plus-sains\/\" class=\"plain\">Gol\u00e2b Beauty : La r\u00e9ponse de la nature pour des cheveux plus forts, plus \u00e9pais et plus sains<\/a>\n\t\t\t\t\t<\/h5>\n\t\t\t\t\t\t\t\t\t\t<div class=\"is-divider\"><\/div>\n\t\t\t\t\t\t\t\t\t\t<p class=\"from_the_blog_excerpt \">\n\t\t\t\t\t\tLorsqu'il s'agit de soins capillaires naturels, peu de marques se sentent aussi intentionnelles et ancr\u00e9es [...]\t\t\t\t\t<\/p>\n\t\t\t\t\t                    \n\t\t\t\t\t\n\t\t\t\t\t\n\t\t\t\t\t<\/div>\n\t\t\t\t\t<\/div>\n\t\t\t\t\t\t\t\t\t\t\t\t\t\t\t\t<div class=\"badge absolute top post-date badge-square\">\n\t\t\t\t\t\t\t<div class=\"badge-inner\">\n\t\t\t\t\t\t\t\t<span class=\"post-date-day\">02<\/span><br>\n\t\t\t\t\t\t\t\t<span class=\"post-date-month is-xsmall\">Jan<\/span>\n\t\t\t\t\t\t\t<\/div>\n\t\t\t\t\t\t<\/div>\n\t\t\t\t\t\t\t\t\t<\/div>\n\t\t\t<\/div>\n\t\t<\/div><\/div>\n\n\n\t\t<\/div>\n\t\t\t\t\t<\/div>\n\n\t\n\n<\/div>\n\t<div id=\"gap-953484585\" class=\"gap-element clearfix\" style=\"display:block; height:auto;\">\n\t\t\n<style>\n#gap-953484585 {\n  padding-top: 30px;\n}\n<\/style>\n\t<\/div>\n\t\n\n\n\t\t<\/div>\n\n\t\t\n<style>\n#section_50070595 {\n  padding-top: 50px;\n  padding-bottom: 50px;\n  background-color: rgb(250, 239, 239);\n}\n#section_50070595 .ux-shape-divider--top svg {\n  height: 150px;\n  --divider-top-width: 100%;\n}\n#section_50070595 .ux-shape-divider--bottom svg {\n  height: 50px;\n  --divider-width: 108%;\n}\n<\/style>\n\t<\/section>\n\t\n","protected":false},"excerpt":{"rendered":"<p>Notre <strong data-start=\"240\" data-end=\"266\">huile pour cuir chevelu riche en vitamines<\/strong> est soigneusement formul\u00e9e pour favoriser un cuir chevelu sain et promouvoir l&rsquo;apparence de <strong data-start=\"345\" data-end=\"370\">cheveux plus volumineux et plus forts<\/strong> au fil du temps.<\/p>\n","protected":false},"featured_media":347390,"comment_status":"open","ping_status":"closed","template":"","meta":[],"product_brand":[],"product_cat":[21313,8575,8594,10083,1209,1030,1010],"product_tag":[21525,10170,21524,21513],"class_list":{"0":"post-347525","1":"product","2":"type-product","3":"status-publish","4":"has-post-thumbnail","6":"product_cat-golab-beauty-fr","7":"product_cat-hair-fr","8":"product_cat-hair-masks-serums-fr","9":"product_cat-hair-oil-fr-2","10":"product_cat-par-marques","11":"product_cat-par-produits","12":"product_cat-notre-boutique","13":"product_tag-detente","14":"product_tag-hair-fr","15":"product_tag-hair-oil-fr","16":"product_tag-soins-du-cuir-chevelu","17":"pa_brand-golab-fr","18":"pa_gtin-6096411766738-fr","19":"pa_haircare-productype-scalp-fr","20":"pa_haircare-productype-hair-oil-fr","21":"pa_size-50-ml-fr","23":"first","24":"instock","25":"taxable","26":"shipping-taxable","27":"purchasable","28":"product-type-simple"},"bundled_by":[],"bundle_stock_status":"instock","bundle_stock_quantity":23,"bundle_virtual":false,"bundle_layout":"","bundle_add_to_cart_form_location":"","bundle_editable_in_cart":false,"bundle_sold_individually_context":"","bundle_item_grouping":"","bundle_min_size":"","bundle_max_size":"","bundle_price":[],"bundled_items":[],"bundle_sell_ids":[347520],"atum_controlled":true,"out_stock_date":null,"out_stock_threshold":null,"inheritable":false,"stock_on_hold":1,"sold_today":0,"sales_last_days":5,"out_stock_days":0,"lost_sales":0,"update_date":"2026-04-12T07:13:42","atum_locations":[],"atum_stock_status":"instock","restock_status":false,"low_stock_amount":"","sales_update_date":"2026-04-12T07:13:42","calc_backorders":null,"group_of_quantity":0,"min_quantity":0,"max_quantity":"","exclude_order_quantity_value_rules":"no","exclude_category_quantity_rules":"no","combine_variations":"no","yoast_head":"<!-- This site is optimized with the Yoast SEO Premium plugin v26.5 (Yoast SEO v26.5) - https:\/\/yoast.com\/wordpress\/plugins\/seo\/ -->\n<title>Strengthening Scalp Massage Oil - Golab Beauty<\/title>\n<meta name=\"description\" content=\"Notre huile pour cuir chevelu riche en vitamines est soigneusement formul\u00e9e pour favoriser un cuir chevelu sain et promouvoir l&#039;apparence de cheveux plus volumineux et plus forts au fil du temps.\" \/>\n<meta name=\"robots\" content=\"index, follow, max-snippet:-1, max-image-preview:large, max-video-preview:-1\" \/>\n<link rel=\"canonical\" href=\"https:\/\/dutchhealthstore.com\/fr\/product\/strengthening-scalp-massage-oil\/\" \/>\n<meta property=\"og:locale\" content=\"fr_FR\" \/>\n<meta property=\"og:type\" content=\"article\" \/>\n<meta property=\"og:title\" content=\"Strengthening Scalp Massage Oil - Dutch Health Store\" \/>\n<meta property=\"og:description\" content=\"Notre huile pour cuir chevelu riche en vitamines est soigneusement formul\u00e9e pour favoriser un cuir chevelu sain et promouvoir l&#039;apparence de cheveux plus volumineux et plus forts au fil du temps.\" \/>\n<meta property=\"og:url\" content=\"https:\/\/dutchhealthstore.com\/fr\/product\/strengthening-scalp-massage-oil\/\" \/>\n<meta property=\"og:site_name\" content=\"Dutch Health Store\" \/>\n<meta property=\"article:publisher\" content=\"https:\/\/www.instagram.com\/dutchhealthstore\/\" \/>\n<meta property=\"article:modified_time\" content=\"2026-03-31T10:09:21+00:00\" \/>\n<meta property=\"og:image\" content=\"https:\/\/dutchhealthstore.com\/wp-content\/uploads\/2025\/07\/scalpmass.jpg\" \/>\n\t<meta property=\"og:image:width\" content=\"730\" \/>\n\t<meta property=\"og:image:height\" content=\"730\" \/>\n\t<meta property=\"og:image:type\" content=\"image\/jpeg\" \/>\n<meta name=\"twitter:card\" content=\"summary_large_image\" \/>\n<meta name=\"twitter:label1\" content=\"Prix\" \/>\n\t<meta name=\"twitter:data1\" content=\"&euro;36,50\" \/>\n\t<meta name=\"twitter:label2\" content=\"Disponibilit\u00e9\" \/>\n\t<meta name=\"twitter:data2\" content=\"En stock\" \/>\n<script type=\"application\/ld+json\" class=\"yoast-schema-graph\">{\"@context\":\"https:\/\/schema.org\",\"@graph\":[{\"@type\":\"WebPage\",\"@id\":\"https:\/\/dutchhealthstore.com\/fr\/product\/strengthening-scalp-massage-oil\/\",\"url\":\"https:\/\/dutchhealthstore.com\/fr\/product\/strengthening-scalp-massage-oil\/\",\"name\":\"Strengthening Scalp Massage Oil - Golab Beauty\",\"isPartOf\":{\"@id\":\"https:\/\/dutchhealthstore.com\/fr\/#website\"},\"primaryImageOfPage\":{\"@id\":\"https:\/\/dutchhealthstore.com\/fr\/product\/strengthening-scalp-massage-oil\/#primaryimage\"},\"image\":{\"@id\":\"https:\/\/dutchhealthstore.com\/fr\/product\/strengthening-scalp-massage-oil\/#primaryimage\"},\"thumbnailUrl\":\"https:\/\/dutchhealthstore.com\/wp-content\/uploads\/2025\/07\/scalpmass.jpg\",\"datePublished\":\"2025-07-07T06:52:31+00:00\",\"dateModified\":\"2026-03-31T10:09:21+00:00\",\"description\":\"Notre huile pour cuir chevelu riche en vitamines est soigneusement formul\u00e9e pour favoriser un cuir chevelu sain et promouvoir l'apparence de cheveux plus volumineux et plus forts au fil du temps.\",\"breadcrumb\":{\"@id\":\"https:\/\/dutchhealthstore.com\/fr\/product\/strengthening-scalp-massage-oil\/#breadcrumb\"},\"inLanguage\":\"fr-FR\",\"potentialAction\":[{\"@type\":\"ReadAction\",\"target\":[\"https:\/\/dutchhealthstore.com\/fr\/product\/strengthening-scalp-massage-oil\/\"]}]},{\"@type\":\"ImageObject\",\"inLanguage\":\"fr-FR\",\"@id\":\"https:\/\/dutchhealthstore.com\/fr\/product\/strengthening-scalp-massage-oil\/#primaryimage\",\"url\":\"https:\/\/dutchhealthstore.com\/wp-content\/uploads\/2025\/07\/scalpmass.jpg\",\"contentUrl\":\"https:\/\/dutchhealthstore.com\/wp-content\/uploads\/2025\/07\/scalpmass.jpg\",\"width\":730,\"height\":730},{\"@type\":\"BreadcrumbList\",\"@id\":\"https:\/\/dutchhealthstore.com\/fr\/product\/strengthening-scalp-massage-oil\/#breadcrumb\",\"itemListElement\":[{\"@type\":\"ListItem\",\"position\":1,\"name\":\"Home\",\"item\":\"https:\/\/dutchhealthstore.com\/fr\/\"},{\"@type\":\"ListItem\",\"position\":2,\"name\":\"Shop\",\"item\":\"https:\/\/dutchhealthstore.com\/fr\/shop\/\"},{\"@type\":\"ListItem\",\"position\":3,\"name\":\"Strengthening Scalp Massage Oil\"}]},{\"@type\":\"WebSite\",\"@id\":\"https:\/\/dutchhealthstore.com\/fr\/#website\",\"url\":\"https:\/\/dutchhealthstore.com\/fr\/\",\"name\":\"Dutch Health Store\",\"description\":\"Enhance Your Beauty with Organic &amp; Natural Skincare\",\"publisher\":{\"@id\":\"https:\/\/dutchhealthstore.com\/fr\/#organization\"},\"potentialAction\":[{\"@type\":\"SearchAction\",\"target\":{\"@type\":\"EntryPoint\",\"urlTemplate\":\"https:\/\/dutchhealthstore.com\/fr\/?s={search_term_string}\"},\"query-input\":{\"@type\":\"PropertyValueSpecification\",\"valueRequired\":true,\"valueName\":\"search_term_string\"}}],\"inLanguage\":\"fr-FR\"},{\"@type\":\"Organization\",\"@id\":\"https:\/\/dutchhealthstore.com\/fr\/#organization\",\"name\":\"Dutch Health Store\",\"url\":\"https:\/\/dutchhealthstore.com\/fr\/\",\"logo\":{\"@type\":\"ImageObject\",\"inLanguage\":\"fr-FR\",\"@id\":\"https:\/\/dutchhealthstore.com\/fr\/#\/schema\/logo\/image\/\",\"url\":\"https:\/\/dutchhealthstore.com\/wp-content\/uploads\/2020\/08\/logo-dutchhealthstore-jpg-e1599484957574.jpg\",\"contentUrl\":\"https:\/\/dutchhealthstore.com\/wp-content\/uploads\/2020\/08\/logo-dutchhealthstore-jpg-e1599484957574.jpg\",\"width\":400,\"height\":62,\"caption\":\"Dutch Health Store\"},\"image\":{\"@id\":\"https:\/\/dutchhealthstore.com\/fr\/#\/schema\/logo\/image\/\"},\"sameAs\":[\"https:\/\/www.instagram.com\/dutchhealthstore\/\",\"https:\/\/www.facebook.com\/dutchhealthstore\"]}]}<\/script>\n<!-- \/ Yoast SEO Premium plugin. -->","yoast_head_json":{"title":"Strengthening Scalp Massage Oil - Golab Beauty","description":"Notre huile pour cuir chevelu riche en vitamines est soigneusement formul\u00e9e pour favoriser un cuir chevelu sain et promouvoir l'apparence de cheveux plus volumineux et plus forts au fil du temps.","robots":{"index":"index","follow":"follow","max-snippet":"max-snippet:-1","max-image-preview":"max-image-preview:large","max-video-preview":"max-video-preview:-1"},"canonical":"https:\/\/dutchhealthstore.com\/fr\/product\/strengthening-scalp-massage-oil\/","og_locale":"fr_FR","og_type":"article","og_title":"Strengthening Scalp Massage Oil - Dutch Health Store","og_description":"Notre huile pour cuir chevelu riche en vitamines est soigneusement formul\u00e9e pour favoriser un cuir chevelu sain et promouvoir l'apparence de cheveux plus volumineux et plus forts au fil du temps.","og_url":"https:\/\/dutchhealthstore.com\/fr\/product\/strengthening-scalp-massage-oil\/","og_site_name":"Dutch Health Store","article_publisher":"https:\/\/www.instagram.com\/dutchhealthstore\/","article_modified_time":"2026-03-31T10:09:21+00:00","og_image":[{"width":730,"height":730,"url":"https:\/\/dutchhealthstore.com\/wp-content\/uploads\/2025\/07\/scalpmass.jpg","type":"image\/jpeg"}],"twitter_card":"summary_large_image","twitter_misc":{"Prix":"&euro;36,50","Disponibilit\u00e9":"En stock"},"schema":{"@context":"https:\/\/schema.org","@graph":[{"@type":"WebPage","@id":"https:\/\/dutchhealthstore.com\/fr\/product\/strengthening-scalp-massage-oil\/","url":"https:\/\/dutchhealthstore.com\/fr\/product\/strengthening-scalp-massage-oil\/","name":"Strengthening Scalp Massage Oil - Golab Beauty","isPartOf":{"@id":"https:\/\/dutchhealthstore.com\/fr\/#website"},"primaryImageOfPage":{"@id":"https:\/\/dutchhealthstore.com\/fr\/product\/strengthening-scalp-massage-oil\/#primaryimage"},"image":{"@id":"https:\/\/dutchhealthstore.com\/fr\/product\/strengthening-scalp-massage-oil\/#primaryimage"},"thumbnailUrl":"https:\/\/dutchhealthstore.com\/wp-content\/uploads\/2025\/07\/scalpmass.jpg","datePublished":"2025-07-07T06:52:31+00:00","dateModified":"2026-03-31T10:09:21+00:00","description":"Notre huile pour cuir chevelu riche en vitamines est soigneusement formul\u00e9e pour favoriser un cuir chevelu sain et promouvoir l'apparence de cheveux plus volumineux et plus forts au fil du temps.","breadcrumb":{"@id":"https:\/\/dutchhealthstore.com\/fr\/product\/strengthening-scalp-massage-oil\/#breadcrumb"},"inLanguage":"fr-FR","potentialAction":[{"@type":"ReadAction","target":["https:\/\/dutchhealthstore.com\/fr\/product\/strengthening-scalp-massage-oil\/"]}]},{"@type":"ImageObject","inLanguage":"fr-FR","@id":"https:\/\/dutchhealthstore.com\/fr\/product\/strengthening-scalp-massage-oil\/#primaryimage","url":"https:\/\/dutchhealthstore.com\/wp-content\/uploads\/2025\/07\/scalpmass.jpg","contentUrl":"https:\/\/dutchhealthstore.com\/wp-content\/uploads\/2025\/07\/scalpmass.jpg","width":730,"height":730},{"@type":"BreadcrumbList","@id":"https:\/\/dutchhealthstore.com\/fr\/product\/strengthening-scalp-massage-oil\/#breadcrumb","itemListElement":[{"@type":"ListItem","position":1,"name":"Home","item":"https:\/\/dutchhealthstore.com\/fr\/"},{"@type":"ListItem","position":2,"name":"Shop","item":"https:\/\/dutchhealthstore.com\/fr\/shop\/"},{"@type":"ListItem","position":3,"name":"Strengthening Scalp Massage Oil"}]},{"@type":"WebSite","@id":"https:\/\/dutchhealthstore.com\/fr\/#website","url":"https:\/\/dutchhealthstore.com\/fr\/","name":"Dutch Health Store","description":"Enhance Your Beauty with Organic &amp; Natural Skincare","publisher":{"@id":"https:\/\/dutchhealthstore.com\/fr\/#organization"},"potentialAction":[{"@type":"SearchAction","target":{"@type":"EntryPoint","urlTemplate":"https:\/\/dutchhealthstore.com\/fr\/?s={search_term_string}"},"query-input":{"@type":"PropertyValueSpecification","valueRequired":true,"valueName":"search_term_string"}}],"inLanguage":"fr-FR"},{"@type":"Organization","@id":"https:\/\/dutchhealthstore.com\/fr\/#organization","name":"Dutch Health Store","url":"https:\/\/dutchhealthstore.com\/fr\/","logo":{"@type":"ImageObject","inLanguage":"fr-FR","@id":"https:\/\/dutchhealthstore.com\/fr\/#\/schema\/logo\/image\/","url":"https:\/\/dutchhealthstore.com\/wp-content\/uploads\/2020\/08\/logo-dutchhealthstore-jpg-e1599484957574.jpg","contentUrl":"https:\/\/dutchhealthstore.com\/wp-content\/uploads\/2020\/08\/logo-dutchhealthstore-jpg-e1599484957574.jpg","width":400,"height":62,"caption":"Dutch Health Store"},"image":{"@id":"https:\/\/dutchhealthstore.com\/fr\/#\/schema\/logo\/image\/"},"sameAs":["https:\/\/www.instagram.com\/dutchhealthstore\/","https:\/\/www.facebook.com\/dutchhealthstore"]}]}},"_links":{"self":[{"href":"https:\/\/dutchhealthstore.com\/fr\/wp-json\/wp\/v2\/product\/347525","targetHints":{"allow":["GET"]}}],"collection":[{"href":"https:\/\/dutchhealthstore.com\/fr\/wp-json\/wp\/v2\/product"}],"about":[{"href":"https:\/\/dutchhealthstore.com\/fr\/wp-json\/wp\/v2\/types\/product"}],"replies":[{"embeddable":true,"href":"https:\/\/dutchhealthstore.com\/fr\/wp-json\/wp\/v2\/comments?post=347525"}],"wp:featuredmedia":[{"embeddable":true,"href":"https:\/\/dutchhealthstore.com\/fr\/wp-json\/wp\/v2\/media\/347390"}],"wp:attachment":[{"href":"https:\/\/dutchhealthstore.com\/fr\/wp-json\/wp\/v2\/media?parent=347525"}],"wp:term":[{"taxonomy":"product_brand","embeddable":true,"href":"https:\/\/dutchhealthstore.com\/fr\/wp-json\/wp\/v2\/product_brand?post=347525"},{"taxonomy":"product_cat","embeddable":true,"href":"https:\/\/dutchhealthstore.com\/fr\/wp-json\/wp\/v2\/product_cat?post=347525"},{"taxonomy":"product_tag","embeddable":true,"href":"https:\/\/dutchhealthstore.com\/fr\/wp-json\/wp\/v2\/product_tag?post=347525"}],"curies":[{"name":"wp","href":"https:\/\/api.w.org\/{rel}","templated":true}]}}