{"id":347520,"date":"2025-07-07T08:49:43","date_gmt":"2025-07-07T06:49:43","guid":{"rendered":"https:\/\/dutchhealthstore.com\/product\/hair-gloss-for-mids-and-ends\/"},"modified":"2026-03-10T09:18:44","modified_gmt":"2026-03-10T08:18:44","slug":"hair-gloss-for-mids-and-ends","status":"publish","type":"product","link":"https:\/\/dutchhealthstore.com\/fr\/product\/hair-gloss-for-mids-and-ends\/","title":{"rendered":"HAIR GLOSS for mids and ends"},"content":{"rendered":"<p data-start=\"133\" data-end=\"228\"><strong data-start=\"183\" data-end=\"228\">R\u00e9parateur | Hydratant | Renforcer la brillance<\/strong><\/p>\n<p>Formul\u00e9 avec un m\u00e9lange riche en nutriments d&rsquo;abricot, d&rsquo;avocat, de ricin, d&rsquo;orange douce et de notre ingr\u00e9dient phare, la grenade.<\/p>\n<p><strong>Pourquoi la grenade ?<\/strong><br \/>\nCe fruit puissant regorge d&rsquo;om\u00e9ga-6 et d&rsquo;om\u00e9ga-9, ce qui contribue \u00e0 adoucir les cheveux, \u00e0 fixer l&rsquo;humidit\u00e9 et \u00e0 prot\u00e9ger les m\u00e8ches des dommages caus\u00e9s par l&rsquo;environnement, m\u00eame apr\u00e8s le rin\u00e7age.<\/p>\n<p>L&rsquo;huile d&rsquo;abricot est riche en vitamines A et E, qui prot\u00e8gent naturellement contre la prolif\u00e9ration des bact\u00e9ries et des levures, tout en stimulant le collag\u00e8ne pour r\u00e9parer les cheveux trop ab\u00eem\u00e9s.<\/p>\n<p>Les huiles d&rsquo;avocat et de ricin p\u00e9n\u00e8trent profond\u00e9ment dans la tige du cheveu pour le r\u00e9parer de l&rsquo;int\u00e9rieur, tout en formant une barri\u00e8re protectrice qui retient l&rsquo;humidit\u00e9 et prot\u00e8ge des polluants.<\/p>\n<p>Parfait comme masque de nuit ou comme traitement \u00e0 l&rsquo;huile chaude.<\/p>\n<h3>Mode d&#8217;emploi<\/h3>\n<p>Utilisez comme traitement avant le lavage. Appliquez g\u00e9n\u00e9reusement sur les parties m\u00e9dianes et les pointes des cheveux secs, l\u00e0 o\u00f9 l&rsquo;hydratation est la plus n\u00e9cessaire.<br \/>\nLaissez agir pendant 1 \u00e0 2 heures avant de laver. Pour de meilleurs r\u00e9sultats, utilisez une fois par semaine.  <\/p>\n<p><strong>Stockage et avis de non-responsabilit\u00e9<\/strong><br \/>\nFermez herm\u00e9tiquement le flacon apr\u00e8s utilisation et stockez-le dans un endroit frais, sec et sombre afin de prot\u00e9ger les ingr\u00e9dients naturels.<\/p>\n<p>Ce produit n&rsquo;est pas destin\u00e9 \u00e0 diagnostiquer, traiter ou gu\u00e9rir une maladie ou un \u00e9tat pathologique.<\/p>\n<p><strong>Taille : 100 ml \/ 3.38 fl. oz. <\/strong><\/p>\n\n\t<section class=\"section\" id=\"section_1969232582\">\n\t\t<div class=\"section-bg fill\" >\n\t\t\t\t\t\t\t\t\t\n\t\t\t\n\n\t\t<\/div>\n\n\t\t\t<div class=\"ux-shape-divider ux-shape-divider--top ux-shape-divider--style-waves-opacity\">\n\t\t<svg viewBox=\"0 0 1000 300\" xmlns=\"http:\/\/www.w3.org\/2000\/svg\" preserveAspectRatio=\"none\">\n    <path class=\"ux-shape-fill\" d=\"M0 300L-1 69.71C216 57 299.47 198.86 403 226C506 253 577 196 660 197C740 198 790.09 234.07 874 267C935.23 291 982 282.61 1000 277.61V300H0Z\"\/>\n    <path class=\"ux-shape-fill\" opacity=\"0.5\" d=\"M1 265.094L0 50.5C217 37.79 300.47 186.36 404 213.5C507 240.5 578 196.5 661 197.5C741 198.5 787.59 239.57 871.5 272.5C932.73 296.5 980.5 284.5 998.5 279.5V298.5L1 265.094Z\"\/>\n    <path class=\"ux-shape-fill\" opacity=\"0.15\" d=\"M0.999878 244.094L-0.00012207 27C217 14.29 300.47 173.86 404 201C507 228 578 196 661 197C741 198 787.59 243.07 871.5 276C932.73 300 980.5 284.5 998.5 279.5V299L0.999878 244.094Z\"\/>\n<\/svg>\n\n\t<\/div>\n\n\t<div class=\"ux-shape-divider ux-shape-divider--bottom ux-shape-divider--style-waves-opacity\">\n\t\t<svg viewBox=\"0 0 1000 300\" xmlns=\"http:\/\/www.w3.org\/2000\/svg\" preserveAspectRatio=\"none\">\n    <path class=\"ux-shape-fill\" d=\"M0 300L-1 69.71C216 57 299.47 198.86 403 226C506 253 577 196 660 197C740 198 790.09 234.07 874 267C935.23 291 982 282.61 1000 277.61V300H0Z\"\/>\n    <path class=\"ux-shape-fill\" opacity=\"0.5\" d=\"M1 265.094L0 50.5C217 37.79 300.47 186.36 404 213.5C507 240.5 578 196.5 661 197.5C741 198.5 787.59 239.57 871.5 272.5C932.73 296.5 980.5 284.5 998.5 279.5V298.5L1 265.094Z\"\/>\n    <path class=\"ux-shape-fill\" opacity=\"0.15\" d=\"M0.999878 244.094L-0.00012207 27C217 14.29 300.47 173.86 404 201C507 228 578 196 661 197C741 198 787.59 243.07 871.5 276C932.73 300 980.5 284.5 998.5 279.5V299L0.999878 244.094Z\"\/>\n<\/svg>\n\n\t<\/div>\n\n\t\t<div class=\"section-content relative\">\n\t\t\t\n\n\t<div id=\"gap-2093450926\" class=\"gap-element clearfix\" style=\"display:block; height:auto;\">\n\t\t\n<style>\n#gap-2093450926 {\n  padding-top: 30px;\n}\n<\/style>\n\t<\/div>\n\t\n\n<div class=\"row\"  id=\"row-851489109\">\n\n\n\t<div id=\"col-1774723484\" class=\"col small-12 large-12\"  >\n\t\t\t\t<div class=\"col-inner\"  >\n\t\t\t\n\t\t\t\n\n<h3><strong data-start=\"130\" data-end=\"151\">D\u00e9couvrez Gol\u00e2b Beauty<\/strong><\/h3>\n<hr>\n<p><img decoding=\"async\" class=\"alignright wp-image-347364\" src=\"https:\/\/dutchhealthstore.com\/wp-content\/uploads\/2025\/07\/Golab_NewLogo_png-1400x744.png\" alt=\"\" width=\"120\" height=\"64\" srcset=\"https:\/\/dutchhealthstore.com\/wp-content\/uploads\/2025\/07\/Golab_NewLogo_png-1400x744.png 1400w, https:\/\/dutchhealthstore.com\/wp-content\/uploads\/2025\/07\/Golab_NewLogo_png-752x400.png 752w, https:\/\/dutchhealthstore.com\/wp-content\/uploads\/2025\/07\/Golab_NewLogo_png-768x408.png 768w, https:\/\/dutchhealthstore.com\/wp-content\/uploads\/2025\/07\/Golab_NewLogo_png-1536x817.png 1536w, https:\/\/dutchhealthstore.com\/wp-content\/uploads\/2025\/07\/Golab_NewLogo_png-94x50.png 94w, https:\/\/dutchhealthstore.com\/wp-content\/uploads\/2025\/07\/Golab_NewLogo_png-530x282.png 530w, https:\/\/dutchhealthstore.com\/wp-content\/uploads\/2025\/07\/Golab_NewLogo_png-64x34.png 64w, https:\/\/dutchhealthstore.com\/wp-content\/uploads\/2025\/07\/Golab_NewLogo_png.png 1563w\" sizes=\"(max-width: 120px) 100vw, 120px\" \/>Inspir\u00e9e par des rem\u00e8des anciens et \u00e9labor\u00e9e avec soin, Gol\u00e2b Beauty propose des soins capillaires naturels qui favorisent une croissance saine et la brillance. Leurs formules v\u00e9ganes et non test\u00e9es sur les animaux sont douces mais efficaces, con\u00e7ues pour restaurer la force, l'\u00e9paisseur et l'\u00e9quilibre de vos cheveux, une goutte \u00e0 la fois. <\/p>\n<h5>Propre, conscient et enracin\u00e9 dans la tradition, Gol\u00e2b Beauty est votre nouveau rituel pour des cheveux \u00e9clatants.<\/h5>\n\n  \n    <div class=\"row large-columns-3 medium-columns-1 small-columns-1 slider row-slider slider-nav-circle slider-nav-light slider-nav-push\"  data-flickity-options='{&quot;imagesLoaded&quot;: true, &quot;groupCells&quot;: &quot;100%&quot;, &quot;dragThreshold&quot; : 5, &quot;cellAlign&quot;: &quot;left&quot;,&quot;wrapAround&quot;: true,&quot;prevNextButtons&quot;: true,&quot;percentPosition&quot;: true,&quot;pageDots&quot;: true, &quot;rightToLeft&quot;: false, &quot;autoPlay&quot; : false}' >\n\n  <div class=\"col post-item\" >\n\t\t\t<div class=\"col-inner\">\n\t\t\t\t<div class=\"box box-normal box-text-bottom box-blog-post has-hover\">\n            \t\t\t\t\t<div class=\"box-image\" >\n  \t\t\t\t\t\t<div class=\"image-cover\" style=\"padding-top:32.25%;\">\n\t\t\t\t\t\t\t<a href=\"https:\/\/dutchhealthstore.com\/fr\/golab-beauty-la-reponse-de-la-nature-pour-des-cheveux-plus-forts-plus-epais-et-plus-sains\/\" class=\"plain\" aria-label=\"Gol\u00e2b Beauty : La r\u00e9ponse de la nature pour des cheveux plus forts, plus \u00e9pais et plus sains\">\n\t\t\t\t\t\t\t\t<img fetchpriority=\"high\" decoding=\"async\" width=\"800\" height=\"268\" src=\"https:\/\/dutchhealthstore.com\/wp-content\/uploads\/2025\/07\/golab-header-blog-800x268.jpg\" class=\"attachment-medium size-medium wp-post-image\" alt=\"\" srcset=\"https:\/\/dutchhealthstore.com\/wp-content\/uploads\/2025\/07\/golab-header-blog-800x268.jpg 800w, https:\/\/dutchhealthstore.com\/wp-content\/uploads\/2025\/07\/golab-header-blog-768x257.jpg 768w, https:\/\/dutchhealthstore.com\/wp-content\/uploads\/2025\/07\/golab-header-blog-149x50.jpg 149w, https:\/\/dutchhealthstore.com\/wp-content\/uploads\/2025\/07\/golab-header-blog-530x178.jpg 530w, https:\/\/dutchhealthstore.com\/wp-content\/uploads\/2025\/07\/golab-header-blog-64x21.jpg 64w, https:\/\/dutchhealthstore.com\/wp-content\/uploads\/2025\/07\/golab-header-blog.jpg 1390w\" sizes=\"(max-width: 800px) 100vw, 800px\" \/>\t\t\t\t\t\t\t<\/a>\n  \t\t\t\t\t\t\t  \t\t\t\t\t\t\t  \t\t\t\t\t\t<\/div>\n  \t\t\t\t\t\t  \t\t\t\t\t<\/div>\n          \t\t\t\t\t<div class=\"box-text text-center is-small\" >\n\t\t\t\t\t<div class=\"box-text-inner blog-post-inner\">\n\n\t\t\t\t\t\n\t\t\t\t\t\t\t\t\t\t<h5 class=\"post-title is-large \">\n\t\t\t\t\t\t<a href=\"https:\/\/dutchhealthstore.com\/fr\/golab-beauty-la-reponse-de-la-nature-pour-des-cheveux-plus-forts-plus-epais-et-plus-sains\/\" class=\"plain\">Gol\u00e2b Beauty : La r\u00e9ponse de la nature pour des cheveux plus forts, plus \u00e9pais et plus sains<\/a>\n\t\t\t\t\t<\/h5>\n\t\t\t\t\t\t\t\t\t\t<div class=\"is-divider\"><\/div>\n\t\t\t\t\t\t\t\t\t\t<p class=\"from_the_blog_excerpt \">\n\t\t\t\t\t\tLorsqu'il s'agit de soins capillaires naturels, peu de marques se sentent aussi intentionnelles et ancr\u00e9es [...]\t\t\t\t\t<\/p>\n\t\t\t\t\t                    \n\t\t\t\t\t\n\t\t\t\t\t\n\t\t\t\t\t<\/div>\n\t\t\t\t\t<\/div>\n\t\t\t\t\t\t\t\t\t\t\t\t\t\t\t\t<div class=\"badge absolute top post-date badge-square\">\n\t\t\t\t\t\t\t<div class=\"badge-inner\">\n\t\t\t\t\t\t\t\t<span class=\"post-date-day\">02<\/span><br>\n\t\t\t\t\t\t\t\t<span class=\"post-date-month is-xsmall\">Jan<\/span>\n\t\t\t\t\t\t\t<\/div>\n\t\t\t\t\t\t<\/div>\n\t\t\t\t\t\t\t\t\t<\/div>\n\t\t\t<\/div>\n\t\t<\/div><\/div>\n\n\n\t\t<\/div>\n\t\t\t\t\t<\/div>\n\n\t\n\n<\/div>\n\t<div id=\"gap-1057777334\" class=\"gap-element clearfix\" style=\"display:block; height:auto;\">\n\t\t\n<style>\n#gap-1057777334 {\n  padding-top: 30px;\n}\n<\/style>\n\t<\/div>\n\t\n\n\n\t\t<\/div>\n\n\t\t\n<style>\n#section_1969232582 {\n  padding-top: 50px;\n  padding-bottom: 50px;\n  background-color: rgb(250, 239, 239);\n}\n#section_1969232582 .ux-shape-divider--top svg {\n  height: 150px;\n  --divider-top-width: 100%;\n}\n#section_1969232582 .ux-shape-divider--bottom svg {\n  height: 50px;\n  --divider-width: 108%;\n}\n<\/style>\n\t<\/section>\n\t\n","protected":false},"excerpt":{"rendered":"<p><strong data-start=\"230\" data-end=\"254\">Cheveux secs ou ab\u00eem\u00e9s ?<\/strong> Notre <strong data-start=\"273\" data-end=\"287\">Hair Gloss<\/strong> \u00e0 base de plantes est votre traitement de pr\u00e9lavage id\u00e9al pour redonner de l&rsquo;\u00e9clat, de la douceur et de la force aux parties m\u00e9dianes et aux pointes de vos cheveux.<\/p>\n","protected":false},"featured_media":347394,"comment_status":"open","ping_status":"closed","template":"","meta":[],"product_brand":[],"product_cat":[21313,8575,8594,10083,1209,1030,1010],"product_tag":[10170,21524,9603,21531],"class_list":{"0":"post-347520","1":"product","2":"type-product","3":"status-publish","4":"has-post-thumbnail","6":"product_cat-golab-beauty-fr","7":"product_cat-hair-fr","8":"product_cat-hair-masks-serums-fr","9":"product_cat-hair-oil-fr-2","10":"product_cat-par-marques","11":"product_cat-par-produits","12":"product_cat-notre-boutique","13":"product_tag-hair-fr","14":"product_tag-hair-oil-fr","15":"product_tag-hydrating-fr","16":"product_tag-reparation","17":"pa_brand-golab-fr","18":"pa_gtin-6096417810886-fr","19":"pa_haircare-productype-conditioner-fr","20":"pa_haircare-productype-hair-oil-fr","21":"pa_haircare-productype-hair-masks-serums-fr","22":"pa_size-100-ml-fr","24":"first","25":"instock","26":"taxable","27":"shipping-taxable","28":"purchasable","29":"product-type-simple"},"bundled_by":[],"bundle_stock_status":"instock","bundle_stock_quantity":26,"bundle_virtual":false,"bundle_layout":"","bundle_add_to_cart_form_location":"","bundle_editable_in_cart":false,"bundle_sold_individually_context":"","bundle_item_grouping":"","bundle_min_size":"","bundle_max_size":"","bundle_price":[],"bundled_items":[],"bundle_sell_ids":[347525],"atum_controlled":true,"out_stock_date":null,"out_stock_threshold":null,"inheritable":false,"stock_on_hold":1,"sold_today":1,"sales_last_days":1,"out_stock_days":0,"lost_sales":0,"update_date":"2026-04-18T12:26:59","atum_locations":[],"atum_stock_status":"instock","restock_status":false,"low_stock_amount":"","sales_update_date":"2026-04-18T12:26:59","calc_backorders":null,"group_of_quantity":0,"min_quantity":0,"max_quantity":"","exclude_order_quantity_value_rules":"no","exclude_category_quantity_rules":"no","combine_variations":"no","yoast_head":"<!-- This site is optimized with the Yoast SEO Premium plugin v26.5 (Yoast SEO v26.5) - https:\/\/yoast.com\/wordpress\/plugins\/seo\/ -->\n<title>HAIR GLOSS for mids and ends - Golab Beauty<\/title>\n<meta name=\"description\" content=\"Cheveux secs ou ab\u00eem\u00e9s ? Notre Hair Gloss \u00e0 base de plantes est votre traitement de pr\u00e9lavage id\u00e9al pour redonner de l&#039;\u00e9clat, de la douceur et de la force aux parties m\u00e9dianes et aux pointes de vos cheveux.\" \/>\n<meta name=\"robots\" content=\"index, follow, max-snippet:-1, max-image-preview:large, max-video-preview:-1\" \/>\n<link rel=\"canonical\" href=\"https:\/\/dutchhealthstore.com\/fr\/product\/hair-gloss-for-mids-and-ends\/\" \/>\n<meta property=\"og:locale\" content=\"fr_FR\" \/>\n<meta property=\"og:type\" content=\"article\" \/>\n<meta property=\"og:title\" content=\"HAIR GLOSS for mids and ends - Dutch Health Store\" \/>\n<meta property=\"og:description\" content=\"Cheveux secs ou ab\u00eem\u00e9s ? Notre Hair Gloss \u00e0 base de plantes est votre traitement de pr\u00e9lavage id\u00e9al pour redonner de l&#039;\u00e9clat, de la douceur et de la force aux parties m\u00e9dianes et aux pointes de vos cheveux.\" \/>\n<meta property=\"og:url\" content=\"https:\/\/dutchhealthstore.com\/fr\/product\/hair-gloss-for-mids-and-ends\/\" \/>\n<meta property=\"og:site_name\" content=\"Dutch Health Store\" \/>\n<meta property=\"article:publisher\" content=\"https:\/\/www.instagram.com\/dutchhealthstore\/\" \/>\n<meta property=\"article:modified_time\" content=\"2026-03-10T08:18:44+00:00\" \/>\n<meta property=\"og:image\" content=\"https:\/\/dutchhealthstore.com\/wp-content\/uploads\/2025\/07\/hairgloss.jpg\" \/>\n\t<meta property=\"og:image:width\" content=\"730\" \/>\n\t<meta property=\"og:image:height\" content=\"730\" \/>\n\t<meta property=\"og:image:type\" content=\"image\/jpeg\" \/>\n<meta name=\"twitter:card\" content=\"summary_large_image\" \/>\n<meta name=\"twitter:label1\" content=\"Prix\" \/>\n\t<meta name=\"twitter:data1\" content=\"&euro;38,50\" \/>\n\t<meta name=\"twitter:label2\" content=\"Disponibilit\u00e9\" \/>\n\t<meta name=\"twitter:data2\" content=\"En stock\" \/>\n<script type=\"application\/ld+json\" class=\"yoast-schema-graph\">{\"@context\":\"https:\/\/schema.org\",\"@graph\":[{\"@type\":\"WebPage\",\"@id\":\"https:\/\/dutchhealthstore.com\/fr\/product\/hair-gloss-for-mids-and-ends\/\",\"url\":\"https:\/\/dutchhealthstore.com\/fr\/product\/hair-gloss-for-mids-and-ends\/\",\"name\":\"HAIR GLOSS for mids and ends - Golab Beauty\",\"isPartOf\":{\"@id\":\"https:\/\/dutchhealthstore.com\/fr\/#website\"},\"primaryImageOfPage\":{\"@id\":\"https:\/\/dutchhealthstore.com\/fr\/product\/hair-gloss-for-mids-and-ends\/#primaryimage\"},\"image\":{\"@id\":\"https:\/\/dutchhealthstore.com\/fr\/product\/hair-gloss-for-mids-and-ends\/#primaryimage\"},\"thumbnailUrl\":\"https:\/\/dutchhealthstore.com\/wp-content\/uploads\/2025\/07\/hairgloss.jpg\",\"datePublished\":\"2025-07-07T06:49:43+00:00\",\"dateModified\":\"2026-03-10T08:18:44+00:00\",\"description\":\"Cheveux secs ou ab\u00eem\u00e9s ? Notre Hair Gloss \u00e0 base de plantes est votre traitement de pr\u00e9lavage id\u00e9al pour redonner de l'\u00e9clat, de la douceur et de la force aux parties m\u00e9dianes et aux pointes de vos cheveux.\",\"breadcrumb\":{\"@id\":\"https:\/\/dutchhealthstore.com\/fr\/product\/hair-gloss-for-mids-and-ends\/#breadcrumb\"},\"inLanguage\":\"fr-FR\",\"potentialAction\":[{\"@type\":\"ReadAction\",\"target\":[\"https:\/\/dutchhealthstore.com\/fr\/product\/hair-gloss-for-mids-and-ends\/\"]}]},{\"@type\":\"ImageObject\",\"inLanguage\":\"fr-FR\",\"@id\":\"https:\/\/dutchhealthstore.com\/fr\/product\/hair-gloss-for-mids-and-ends\/#primaryimage\",\"url\":\"https:\/\/dutchhealthstore.com\/wp-content\/uploads\/2025\/07\/hairgloss.jpg\",\"contentUrl\":\"https:\/\/dutchhealthstore.com\/wp-content\/uploads\/2025\/07\/hairgloss.jpg\",\"width\":730,\"height\":730},{\"@type\":\"BreadcrumbList\",\"@id\":\"https:\/\/dutchhealthstore.com\/fr\/product\/hair-gloss-for-mids-and-ends\/#breadcrumb\",\"itemListElement\":[{\"@type\":\"ListItem\",\"position\":1,\"name\":\"Home\",\"item\":\"https:\/\/dutchhealthstore.com\/fr\/\"},{\"@type\":\"ListItem\",\"position\":2,\"name\":\"Shop\",\"item\":\"https:\/\/dutchhealthstore.com\/fr\/shop\/\"},{\"@type\":\"ListItem\",\"position\":3,\"name\":\"HAIR GLOSS for mids and ends\"}]},{\"@type\":\"WebSite\",\"@id\":\"https:\/\/dutchhealthstore.com\/fr\/#website\",\"url\":\"https:\/\/dutchhealthstore.com\/fr\/\",\"name\":\"Dutch Health Store\",\"description\":\"Enhance Your Beauty with Organic &amp; Natural Skincare\",\"publisher\":{\"@id\":\"https:\/\/dutchhealthstore.com\/fr\/#organization\"},\"potentialAction\":[{\"@type\":\"SearchAction\",\"target\":{\"@type\":\"EntryPoint\",\"urlTemplate\":\"https:\/\/dutchhealthstore.com\/fr\/?s={search_term_string}\"},\"query-input\":{\"@type\":\"PropertyValueSpecification\",\"valueRequired\":true,\"valueName\":\"search_term_string\"}}],\"inLanguage\":\"fr-FR\"},{\"@type\":\"Organization\",\"@id\":\"https:\/\/dutchhealthstore.com\/fr\/#organization\",\"name\":\"Dutch Health Store\",\"url\":\"https:\/\/dutchhealthstore.com\/fr\/\",\"logo\":{\"@type\":\"ImageObject\",\"inLanguage\":\"fr-FR\",\"@id\":\"https:\/\/dutchhealthstore.com\/fr\/#\/schema\/logo\/image\/\",\"url\":\"https:\/\/dutchhealthstore.com\/wp-content\/uploads\/2020\/08\/logo-dutchhealthstore-jpg-e1599484957574.jpg\",\"contentUrl\":\"https:\/\/dutchhealthstore.com\/wp-content\/uploads\/2020\/08\/logo-dutchhealthstore-jpg-e1599484957574.jpg\",\"width\":400,\"height\":62,\"caption\":\"Dutch Health Store\"},\"image\":{\"@id\":\"https:\/\/dutchhealthstore.com\/fr\/#\/schema\/logo\/image\/\"},\"sameAs\":[\"https:\/\/www.instagram.com\/dutchhealthstore\/\",\"https:\/\/www.facebook.com\/dutchhealthstore\"]}]}<\/script>\n<!-- \/ Yoast SEO Premium plugin. -->","yoast_head_json":{"title":"HAIR GLOSS for mids and ends - Golab Beauty","description":"Cheveux secs ou ab\u00eem\u00e9s ? Notre Hair Gloss \u00e0 base de plantes est votre traitement de pr\u00e9lavage id\u00e9al pour redonner de l'\u00e9clat, de la douceur et de la force aux parties m\u00e9dianes et aux pointes de vos cheveux.","robots":{"index":"index","follow":"follow","max-snippet":"max-snippet:-1","max-image-preview":"max-image-preview:large","max-video-preview":"max-video-preview:-1"},"canonical":"https:\/\/dutchhealthstore.com\/fr\/product\/hair-gloss-for-mids-and-ends\/","og_locale":"fr_FR","og_type":"article","og_title":"HAIR GLOSS for mids and ends - Dutch Health Store","og_description":"Cheveux secs ou ab\u00eem\u00e9s ? Notre Hair Gloss \u00e0 base de plantes est votre traitement de pr\u00e9lavage id\u00e9al pour redonner de l'\u00e9clat, de la douceur et de la force aux parties m\u00e9dianes et aux pointes de vos cheveux.","og_url":"https:\/\/dutchhealthstore.com\/fr\/product\/hair-gloss-for-mids-and-ends\/","og_site_name":"Dutch Health Store","article_publisher":"https:\/\/www.instagram.com\/dutchhealthstore\/","article_modified_time":"2026-03-10T08:18:44+00:00","og_image":[{"width":730,"height":730,"url":"https:\/\/dutchhealthstore.com\/wp-content\/uploads\/2025\/07\/hairgloss.jpg","type":"image\/jpeg"}],"twitter_card":"summary_large_image","twitter_misc":{"Prix":"&euro;38,50","Disponibilit\u00e9":"En stock"},"schema":{"@context":"https:\/\/schema.org","@graph":[{"@type":"WebPage","@id":"https:\/\/dutchhealthstore.com\/fr\/product\/hair-gloss-for-mids-and-ends\/","url":"https:\/\/dutchhealthstore.com\/fr\/product\/hair-gloss-for-mids-and-ends\/","name":"HAIR GLOSS for mids and ends - Golab Beauty","isPartOf":{"@id":"https:\/\/dutchhealthstore.com\/fr\/#website"},"primaryImageOfPage":{"@id":"https:\/\/dutchhealthstore.com\/fr\/product\/hair-gloss-for-mids-and-ends\/#primaryimage"},"image":{"@id":"https:\/\/dutchhealthstore.com\/fr\/product\/hair-gloss-for-mids-and-ends\/#primaryimage"},"thumbnailUrl":"https:\/\/dutchhealthstore.com\/wp-content\/uploads\/2025\/07\/hairgloss.jpg","datePublished":"2025-07-07T06:49:43+00:00","dateModified":"2026-03-10T08:18:44+00:00","description":"Cheveux secs ou ab\u00eem\u00e9s ? Notre Hair Gloss \u00e0 base de plantes est votre traitement de pr\u00e9lavage id\u00e9al pour redonner de l'\u00e9clat, de la douceur et de la force aux parties m\u00e9dianes et aux pointes de vos cheveux.","breadcrumb":{"@id":"https:\/\/dutchhealthstore.com\/fr\/product\/hair-gloss-for-mids-and-ends\/#breadcrumb"},"inLanguage":"fr-FR","potentialAction":[{"@type":"ReadAction","target":["https:\/\/dutchhealthstore.com\/fr\/product\/hair-gloss-for-mids-and-ends\/"]}]},{"@type":"ImageObject","inLanguage":"fr-FR","@id":"https:\/\/dutchhealthstore.com\/fr\/product\/hair-gloss-for-mids-and-ends\/#primaryimage","url":"https:\/\/dutchhealthstore.com\/wp-content\/uploads\/2025\/07\/hairgloss.jpg","contentUrl":"https:\/\/dutchhealthstore.com\/wp-content\/uploads\/2025\/07\/hairgloss.jpg","width":730,"height":730},{"@type":"BreadcrumbList","@id":"https:\/\/dutchhealthstore.com\/fr\/product\/hair-gloss-for-mids-and-ends\/#breadcrumb","itemListElement":[{"@type":"ListItem","position":1,"name":"Home","item":"https:\/\/dutchhealthstore.com\/fr\/"},{"@type":"ListItem","position":2,"name":"Shop","item":"https:\/\/dutchhealthstore.com\/fr\/shop\/"},{"@type":"ListItem","position":3,"name":"HAIR GLOSS for mids and ends"}]},{"@type":"WebSite","@id":"https:\/\/dutchhealthstore.com\/fr\/#website","url":"https:\/\/dutchhealthstore.com\/fr\/","name":"Dutch Health Store","description":"Enhance Your Beauty with Organic &amp; Natural Skincare","publisher":{"@id":"https:\/\/dutchhealthstore.com\/fr\/#organization"},"potentialAction":[{"@type":"SearchAction","target":{"@type":"EntryPoint","urlTemplate":"https:\/\/dutchhealthstore.com\/fr\/?s={search_term_string}"},"query-input":{"@type":"PropertyValueSpecification","valueRequired":true,"valueName":"search_term_string"}}],"inLanguage":"fr-FR"},{"@type":"Organization","@id":"https:\/\/dutchhealthstore.com\/fr\/#organization","name":"Dutch Health Store","url":"https:\/\/dutchhealthstore.com\/fr\/","logo":{"@type":"ImageObject","inLanguage":"fr-FR","@id":"https:\/\/dutchhealthstore.com\/fr\/#\/schema\/logo\/image\/","url":"https:\/\/dutchhealthstore.com\/wp-content\/uploads\/2020\/08\/logo-dutchhealthstore-jpg-e1599484957574.jpg","contentUrl":"https:\/\/dutchhealthstore.com\/wp-content\/uploads\/2020\/08\/logo-dutchhealthstore-jpg-e1599484957574.jpg","width":400,"height":62,"caption":"Dutch Health Store"},"image":{"@id":"https:\/\/dutchhealthstore.com\/fr\/#\/schema\/logo\/image\/"},"sameAs":["https:\/\/www.instagram.com\/dutchhealthstore\/","https:\/\/www.facebook.com\/dutchhealthstore"]}]}},"_links":{"self":[{"href":"https:\/\/dutchhealthstore.com\/fr\/wp-json\/wp\/v2\/product\/347520","targetHints":{"allow":["GET"]}}],"collection":[{"href":"https:\/\/dutchhealthstore.com\/fr\/wp-json\/wp\/v2\/product"}],"about":[{"href":"https:\/\/dutchhealthstore.com\/fr\/wp-json\/wp\/v2\/types\/product"}],"replies":[{"embeddable":true,"href":"https:\/\/dutchhealthstore.com\/fr\/wp-json\/wp\/v2\/comments?post=347520"}],"wp:featuredmedia":[{"embeddable":true,"href":"https:\/\/dutchhealthstore.com\/fr\/wp-json\/wp\/v2\/media\/347394"}],"wp:attachment":[{"href":"https:\/\/dutchhealthstore.com\/fr\/wp-json\/wp\/v2\/media?parent=347520"}],"wp:term":[{"taxonomy":"product_brand","embeddable":true,"href":"https:\/\/dutchhealthstore.com\/fr\/wp-json\/wp\/v2\/product_brand?post=347520"},{"taxonomy":"product_cat","embeddable":true,"href":"https:\/\/dutchhealthstore.com\/fr\/wp-json\/wp\/v2\/product_cat?post=347520"},{"taxonomy":"product_tag","embeddable":true,"href":"https:\/\/dutchhealthstore.com\/fr\/wp-json\/wp\/v2\/product_tag?post=347520"}],"curies":[{"name":"wp","href":"https:\/\/api.w.org\/{rel}","templated":true}]}}