{"id":343546,"date":"2024-12-17T16:05:00","date_gmt":"2024-12-17T15:05:00","guid":{"rendered":"https:\/\/dutchhealthstore.com\/product\/dew-queen-baume-de-beaute-ozone\/"},"modified":"2025-11-11T09:14:22","modified_gmt":"2025-11-11T08:14:22","slug":"dew-queen-baume-de-beaute-ozone","status":"publish","type":"product","link":"https:\/\/dutchhealthstore.com\/fr\/product\/dew-queen-baume-de-beaute-ozone\/","title":{"rendered":"Dew Queen &#8211; Baume de beaut\u00e9 ozon\u00e9"},"content":{"rendered":"<p style=\"text-align: left;\">Ce baume de beaut\u00e9 enrichi en oxyg\u00e8ne est la solution ultime pour obtenir une peau calme, fra\u00eeche et sereine.<\/p>\n<p style=\"text-align: left;\"><strong>Dew Queen<\/strong> est un rem\u00e8de luxueux qui enveloppe d\u00e9licatement la peau, offrant une barri\u00e8re opulente qui tonifie efficacement, resserre les pores, r\u00e9duit les poches, apaise les rougeurs et traite le m\u00e9lasma, entre autres probl\u00e8mes. Formul\u00e9 avec de l&rsquo;oxyg\u00e8ne activ\u00e9, ce <strong>baume de beaut\u00e9 ozon\u00e9 Dew Queen<\/strong> concentr\u00e9 est id\u00e9al pour l&rsquo;hydratation nocturne et fonctionne merveilleusement comme un gel-s\u00e9rum cibl\u00e9.<\/p>\n<p style=\"text-align: left;\">Le m\u00e9lange de jojoba infus\u00e9 d&rsquo;oxyg\u00e8ne et de cire de laurier riche retient l&rsquo;humidit\u00e9, tandis que les propri\u00e9t\u00e9s raffermissantes de l&rsquo;encens s&rsquo;associent aux effets apaisants de la rose et de l&rsquo;immortelle. La menthe poivr\u00e9e apporte une touche de fra\u00eecheur \u00e0 votre teint.<\/p>\n<p style=\"text-align: left;\">Une petite quantit\u00e9 de ce baume rafra\u00eechissant permet non seulement de calmer l&rsquo;apparence des cicatrices, mais aussi d&rsquo;hydrater en profondeur, d&rsquo;\u00e9quilibrer la production d&rsquo;huile, de pr\u00e9venir les imperfections et de revitaliser la peau d\u00e8s l&rsquo;application.<\/p>\n<h3>Comment utiliser<\/h3>\n<p class=\"mb-2 mt-6 text-lg first:mt-3\" style=\"text-align: left;\"><strong>Utilisez: <\/strong><\/p>\n<p class=\"mb-2 mt-6 text-lg first:mt-3\" style=\"text-align: left;\">Pour les taches et les crevasses &#8211; Apr\u00e8s le nettoyage, appliquez une noisette de ros\u00e9e apaisante directement sur la zone affect\u00e9e pour calmer la peau squameuse et am\u00e9liorer l&rsquo;apparence des cicatrices et du m\u00e9lasma.<\/p>\n<p class=\"mb-2 mt-6 text-lg first:mt-3\" style=\"text-align: left;\"><strong>Le tatouage de la peau<\/strong><\/p>\n<p style=\"text-align: left;\">Le \u00ab slugging \u00bb consiste \u00e0 terminer votre routine de soins nocturnes avec une couche occlusive \u00e9paisse et riche qui forme une barri\u00e8re perm\u00e9able \u00e0 l&rsquo;air. Cela permet de retenir les huiles et les essences curatives de vos traitements pr\u00e9f\u00e9r\u00e9s tout en emprisonnant l&rsquo;humidit\u00e9 pour une hydratation optimale d\u00e8s le matin. Avant de vous coucher, appliquez g\u00e9n\u00e9reusement le baume de beaut\u00e9 ozon\u00e9 Dew Queen Dab sur votre peau apr\u00e8s avoir utilis\u00e9 tous vos traitements pr\u00e9f\u00e9r\u00e9s, et laissez-le agir toute la nuit.<\/p>\n<p><strong>Taille : 6 ml<\/strong><\/p>\n<h3 class=\"yikes-custom-woo-tab-title yikes-custom-woo-tab-title-natural-organic-ingredients\">Natural\/Organic Ingredients<\/h3>\n<p>Jojoba ozon\u00e9 &#8211; Simmondsia chinensis O3 &#8211; Le jojoba dor\u00e9 est infus\u00e9 d&rsquo;ozone luxueux pour am\u00e9liorer la sant\u00e9 de la peau ! L&rsquo;ajout d&rsquo;ozone au jojoba pur cr\u00e9e un niveau de vitalit\u00e9 in\u00e9gal\u00e9. L&rsquo;oxyg\u00e8ne activ\u00e9 (ozone) est produit en transformant de l&rsquo;oxyg\u00e8ne pur (deux atomes d&rsquo;oxyg\u00e8ne &#8211; O2) en ozone pur (trois atomes d&rsquo;oxyg\u00e8ne &#8211; O3). Cet oxyg\u00e8ne fra\u00eechement activ\u00e9 est progressivement infus\u00e9 dans l&rsquo;huile de jojoba. En faisant barboter l&rsquo;ozone \u00e0 travers le jojoba, l&rsquo;huile est enrichie d&rsquo;une bouff\u00e9e d&rsquo;air frais revitalisante qui infuse la vie directement dans la peau. Riche en c\u00e9ramides, le jojoba est un rem\u00e8de contre la s\u00e9cheresse. Il se d\u00e9veloppe au milieu des temp\u00eates de sable et des cactus pour devenir une oasis vibrante et \u00e9molliente. Alors que cet arbuste r\u00e9sistant se pr\u00e9lasse sous le soleil du d\u00e9sert, il produit des perles d&rsquo;or liquide dans ses graines. Ces graines lib\u00e8rent une huile luxueuse qui est press\u00e9e \u00e0 froid pour donner un lipide remarquablement similaire au s\u00e9bum naturel de notre peau. Absorb\u00e9e en douceur par la peau, elle contient des phytonutriments qui favorisent la r\u00e9tention d&rsquo;eau et l&rsquo;\u00e9lasticit\u00e9. Exceptionnellement b\u00e9n\u00e9fique pour la sant\u00e9 de la peau, le jojoba regorge de nutriments et de tocoph\u00e9rols naturels de vitamine E. Il offre une lubrification proche de l&rsquo;huile tout en \u00e9tant une cire v\u00e9g\u00e9tale liquide. Cette propri\u00e9t\u00e9 unique lui permet d&rsquo;\u00e9quilibrer les peaux grasses en r\u00e9gulant la production de s\u00e9bum et en purifiant les pores. Riche et soyeux, le jojoba offre une hydratation durable.<\/p>\n<p class=\"mb-2 mt-6 text-lg first:mt-3\">Cire de laurier &#8211; Myrica pubescens &#8211; La luxueuse cire de laurier orne gracieusement les joues et le menton, cr\u00e9ant une couche respirante et nourrissante pour la peau. Cette cire fruit\u00e9e exquise provient de la baie d&rsquo;un arbuste \u00e0 feuilles persistantes qui pousse \u00e0 haute altitude dans les Andes.<\/p>\n<p class=\"mb-2 mt-6 text-lg first:mt-3\">Encens &#8211; Boswellia carterii &#8211; L&rsquo;encens carterii est ch\u00e9ri par la royaut\u00e9 comme l&rsquo;essence ultime pour am\u00e9liorer le teint. L&rsquo;encens, qui porte la sagesse des si\u00e8cles, est une essence balsamique puissante connue pour sa remarquable capacit\u00e9 \u00e0 apaiser les cicatrices, \u00e0 lisser la texture de la peau et \u00e0 r\u00e9duire l&rsquo;apparence du m\u00e9lasma. Cette huile est un astringent exceptionnel, utilis\u00e9 depuis des mill\u00e9naires pour nourrir et revigorer la peau.<\/p>\n<p class=\"mb-2 mt-6 text-lg first:mt-3\">Rose Otto &#8211; Rosa damascena &#8211; La rose damascena est une v\u00e9ritable ic\u00f4ne de beaut\u00e9 ! Ce tr\u00e9sor distill\u00e9 \u00e0 la vapeur dans la vall\u00e9e des roses de Bulgarie est un \u00e9l\u00e9ment essentiel des formules de soins de la peau depuis des si\u00e8cles. Apaisant pour le c\u0153ur et rajeunissant pour la peau, il agit comme un alli\u00e9 vital dans le renouvellement de la peau, favorisant l&rsquo;\u00e9quilibre et la gu\u00e9rison de tous les types de peau. R\u00e9put\u00e9e pour ses bienfaits sur la peau, la rose otto am\u00e9liore la r\u00e9sistance, l&rsquo;\u00e9lasticit\u00e9 et la s\u00e9r\u00e9nit\u00e9 topique.<\/p>\n<p class=\"mb-2 mt-6 text-lg first:mt-3\">Menthe poivr\u00e9e &#8211; Mentha piperita &#8211; Avec ses propri\u00e9t\u00e9s rafra\u00eechissantes et revigorantes, la menthe poivr\u00e9e apaise et rafra\u00eechit la peau. Sa d\u00e9licieuse sensation de fra\u00eecheur rappelle celle de la glace, ce qui en fait une huile essentielle qui a sa place dans toutes les trousses de voyage. La menthe poivr\u00e9e incarne l&rsquo;essence du calme et de la r\u00e9sistance.<\/p>\n<p class=\"mb-2 mt-6 text-lg first:mt-3\">Immortelle &#8211; Helichrysum italicum &#8211; L&rsquo;immortelle \u00e9ternelle brille de mille feux dans les applications de soins de la peau. Cette huile florale aromatique est r\u00e9colt\u00e9e de mani\u00e8re durable en Corse, o\u00f9 les fleurs prosp\u00e8rent sous les brises oc\u00e9aniques et le soleil \u00e0 une altitude de 4 000 pieds sur des falaises escarp\u00e9es. L&rsquo;Immortelle est l&rsquo;une des essences les plus efficaces pour les soins de la peau, r\u00e9duisant \u00e9l\u00e9gamment la visibilit\u00e9 des cicatrices, des taches, du m\u00e9lasma, des rougeurs et des ridules. Cette huile aux multiples facettes ne se contente pas d&rsquo;am\u00e9liorer l&rsquo;aspect de la peau, elle \u00e9l\u00e8ve \u00e9galement l&rsquo;esprit sur le plan \u00e9motionnel.<\/p>\n<p><img fetchpriority=\"high\" decoding=\"async\" class=\"size-medium wp-image-68103 aligncenter\" src=\"https:\/\/dutchhealthstore.com\/wp-content\/uploads\/2018\/02\/Living-Libations-Organic-Logo-800x89.png\" alt=\"Living Libations - Organic Logo\" width=\"800\" height=\"89\" srcset=\"https:\/\/dutchhealthstore.com\/wp-content\/uploads\/2018\/02\/Living-Libations-Organic-Logo-800x89.png 800w, https:\/\/dutchhealthstore.com\/wp-content\/uploads\/2018\/02\/Living-Libations-Organic-Logo-510x57.png 510w, https:\/\/dutchhealthstore.com\/wp-content\/uploads\/2018\/02\/Living-Libations-Organic-Logo-768x85.png 768w, https:\/\/dutchhealthstore.com\/wp-content\/uploads\/2018\/02\/Living-Libations-Organic-Logo.png 1400w\" sizes=\"(max-width: 800px) 100vw, 800px\" \/><\/p>\n","protected":false},"excerpt":{"rendered":"<p>Le baume de beaut\u00e9 ozon\u00e9 Dew Queen est un traitement luxueux, enrichi en oxyg\u00e8ne, qui hydrate, tonifie et apaise la peau tout en traitant les probl\u00e8mes tels que les poches, les rougeurs et le m\u00e9lasma, ce qui le rend id\u00e9al pour une utilisation nocturne ou en tant que gel-s\u00e9rum cibl\u00e9.<\/p>\n","protected":false},"featured_media":323332,"comment_status":"open","ping_status":"closed","template":"","meta":[],"product_brand":[],"product_cat":[20927,20925,20947,20926,14733,5660,5654,1211,3756,1209,1030,5107,1229,5657,4049,1010,2985,4040],"product_tag":[9769,21531,4864,21358],"class_list":{"0":"post-343546","1":"product","2":"type-product","3":"status-publish","4":"has-post-thumbnail","6":"product_cat-hydratants","7":"product_cat-peau-mature-et-vieillissante","8":"product_cat-secs-fr","9":"product_cat-secs","10":"product_cat-soins-de-la-peau","11":"product_cat-moisturizers-fr-fr-5","12":"product_cat-moisturizers-fr-fr","13":"product_cat-living-libations-france","14":"product_cat-melanges","15":"product_cat-par-marques","16":"product_cat-par-produits","17":"product_cat-by-skin-type-fr-4","18":"product_cat-sensitive-skin-redness-fr","19":"product_cat-sensitive-skin-redness","20":"product_cat-serums-et-hydratant","21":"product_cat-notre-boutique","22":"product_cat-visage-fr","23":"product_cat-traitements-de-taches","24":"product_tag-moisturizer-fr","25":"product_tag-reparation","26":"product_tag-skin-fr","27":"product_tag-soins-du-visage","28":"pa_bestsellers-goed-fr","29":"pa_brand-livinglibations-fr","30":"pa_size-6-ml-fr","31":"pa_skincare-type-face-oil-and-serums-fr","32":"pa_skincare-type-moisturizers-fr","33":"pa_skintype-dry-mature-ageing-skin-fr","34":"pa_skintype-sensitive-skin-redness-fr","36":"first","37":"instock","38":"taxable","39":"shipping-taxable","40":"purchasable","41":"product-type-simple"},"bundled_by":[],"bundle_stock_status":"instock","bundle_stock_quantity":2,"bundle_virtual":false,"bundle_layout":"","bundle_add_to_cart_form_location":"","bundle_editable_in_cart":false,"bundle_sold_individually_context":"","bundle_item_grouping":"","bundle_min_size":"","bundle_max_size":"","bundle_price":[],"bundled_items":[],"bundle_sell_ids":[106896],"atum_controlled":true,"out_stock_date":null,"out_stock_threshold":null,"inheritable":false,"stock_on_hold":1,"sold_today":1,"sales_last_days":1,"out_stock_days":0,"lost_sales":0,"update_date":"2026-04-09T08:00:50","atum_locations":[],"atum_stock_status":"instock","restock_status":false,"low_stock_amount":"","sales_update_date":"2026-04-09T08:00:50","calc_backorders":null,"group_of_quantity":0,"min_quantity":0,"max_quantity":"","exclude_order_quantity_value_rules":"no","exclude_category_quantity_rules":"no","combine_variations":"no","yoast_head":"<!-- This site is optimized with the Yoast SEO Premium plugin v26.5 (Yoast SEO v26.5) - https:\/\/yoast.com\/wordpress\/plugins\/seo\/ -->\n<title>Dew Queen - Baume de beaut\u00e9 ozon\u00e9 - Living Libations<\/title>\n<meta name=\"description\" content=\"Le baume de beaut\u00e9 ozon\u00e9 Dew Queen est un traitement luxueux, enrichi en oxyg\u00e8ne, qui traite les probl\u00e8mes tels que les poches, les rougeurs et le m\u00e9lasma.\" \/>\n<meta name=\"robots\" content=\"index, follow, max-snippet:-1, max-image-preview:large, max-video-preview:-1\" \/>\n<link rel=\"canonical\" href=\"https:\/\/dutchhealthstore.com\/fr\/product\/dew-queen-baume-de-beaute-ozone\/\" \/>\n<meta property=\"og:locale\" content=\"fr_FR\" \/>\n<meta property=\"og:type\" content=\"article\" \/>\n<meta property=\"og:title\" content=\"Dew Queen - Baume de beaut\u00e9 ozon\u00e9 - Dutch Health Store\" \/>\n<meta property=\"og:description\" content=\"Le baume de beaut\u00e9 ozon\u00e9 Dew Queen est un traitement luxueux, enrichi en oxyg\u00e8ne, qui traite les probl\u00e8mes tels que les poches, les rougeurs et le m\u00e9lasma.\" \/>\n<meta property=\"og:url\" content=\"https:\/\/dutchhealthstore.com\/fr\/product\/dew-queen-baume-de-beaute-ozone\/\" \/>\n<meta property=\"og:site_name\" content=\"Dutch Health Store\" \/>\n<meta property=\"article:publisher\" content=\"https:\/\/www.instagram.com\/dutchhealthstore\/\" \/>\n<meta property=\"article:modified_time\" content=\"2025-11-11T08:14:22+00:00\" \/>\n<meta property=\"og:image\" content=\"https:\/\/dutchhealthstore.com\/wp-content\/uploads\/2024\/12\/6-5.jpg\" \/>\n\t<meta property=\"og:image:width\" content=\"530\" \/>\n\t<meta property=\"og:image:height\" content=\"530\" \/>\n\t<meta property=\"og:image:type\" content=\"image\/jpeg\" \/>\n<meta name=\"twitter:card\" content=\"summary_large_image\" \/>\n<meta name=\"twitter:label1\" content=\"Prix\" \/>\n\t<meta name=\"twitter:data1\" content=\"&euro;49,00\" \/>\n\t<meta name=\"twitter:label2\" content=\"Disponibilit\u00e9\" \/>\n\t<meta name=\"twitter:data2\" content=\"En stock\" \/>\n<script type=\"application\/ld+json\" class=\"yoast-schema-graph\">{\"@context\":\"https:\/\/schema.org\",\"@graph\":[{\"@type\":\"WebPage\",\"@id\":\"https:\/\/dutchhealthstore.com\/fr\/product\/dew-queen-baume-de-beaute-ozone\/\",\"url\":\"https:\/\/dutchhealthstore.com\/fr\/product\/dew-queen-baume-de-beaute-ozone\/\",\"name\":\"Dew Queen - Baume de beaut\u00e9 ozon\u00e9 - Living Libations\",\"isPartOf\":{\"@id\":\"https:\/\/dutchhealthstore.com\/fr\/#website\"},\"primaryImageOfPage\":{\"@id\":\"https:\/\/dutchhealthstore.com\/fr\/product\/dew-queen-baume-de-beaute-ozone\/#primaryimage\"},\"image\":{\"@id\":\"https:\/\/dutchhealthstore.com\/fr\/product\/dew-queen-baume-de-beaute-ozone\/#primaryimage\"},\"thumbnailUrl\":\"https:\/\/dutchhealthstore.com\/wp-content\/uploads\/2024\/12\/6-5.jpg\",\"datePublished\":\"2024-12-17T15:05:00+00:00\",\"dateModified\":\"2025-11-11T08:14:22+00:00\",\"description\":\"Le baume de beaut\u00e9 ozon\u00e9 Dew Queen est un traitement luxueux, enrichi en oxyg\u00e8ne, qui traite les probl\u00e8mes tels que les poches, les rougeurs et le m\u00e9lasma.\",\"breadcrumb\":{\"@id\":\"https:\/\/dutchhealthstore.com\/fr\/product\/dew-queen-baume-de-beaute-ozone\/#breadcrumb\"},\"inLanguage\":\"fr-FR\",\"potentialAction\":[{\"@type\":\"ReadAction\",\"target\":[\"https:\/\/dutchhealthstore.com\/fr\/product\/dew-queen-baume-de-beaute-ozone\/\"]}]},{\"@type\":\"ImageObject\",\"inLanguage\":\"fr-FR\",\"@id\":\"https:\/\/dutchhealthstore.com\/fr\/product\/dew-queen-baume-de-beaute-ozone\/#primaryimage\",\"url\":\"https:\/\/dutchhealthstore.com\/wp-content\/uploads\/2024\/12\/6-5.jpg\",\"contentUrl\":\"https:\/\/dutchhealthstore.com\/wp-content\/uploads\/2024\/12\/6-5.jpg\",\"width\":530,\"height\":530,\"caption\":\"Dew-Queen-Ozonated-Beauty-Balm-2\"},{\"@type\":\"BreadcrumbList\",\"@id\":\"https:\/\/dutchhealthstore.com\/fr\/product\/dew-queen-baume-de-beaute-ozone\/#breadcrumb\",\"itemListElement\":[{\"@type\":\"ListItem\",\"position\":1,\"name\":\"Home\",\"item\":\"https:\/\/dutchhealthstore.com\/fr\/\"},{\"@type\":\"ListItem\",\"position\":2,\"name\":\"Shop\",\"item\":\"https:\/\/dutchhealthstore.com\/fr\/shop\/\"},{\"@type\":\"ListItem\",\"position\":3,\"name\":\"Dew Queen &#8211; Baume de beaut\u00e9 ozon\u00e9\"}]},{\"@type\":\"WebSite\",\"@id\":\"https:\/\/dutchhealthstore.com\/fr\/#website\",\"url\":\"https:\/\/dutchhealthstore.com\/fr\/\",\"name\":\"Dutch Health Store\",\"description\":\"Enhance Your Beauty with Organic &amp; Natural Skincare\",\"publisher\":{\"@id\":\"https:\/\/dutchhealthstore.com\/fr\/#organization\"},\"potentialAction\":[{\"@type\":\"SearchAction\",\"target\":{\"@type\":\"EntryPoint\",\"urlTemplate\":\"https:\/\/dutchhealthstore.com\/fr\/?s={search_term_string}\"},\"query-input\":{\"@type\":\"PropertyValueSpecification\",\"valueRequired\":true,\"valueName\":\"search_term_string\"}}],\"inLanguage\":\"fr-FR\"},{\"@type\":\"Organization\",\"@id\":\"https:\/\/dutchhealthstore.com\/fr\/#organization\",\"name\":\"Dutch Health Store\",\"url\":\"https:\/\/dutchhealthstore.com\/fr\/\",\"logo\":{\"@type\":\"ImageObject\",\"inLanguage\":\"fr-FR\",\"@id\":\"https:\/\/dutchhealthstore.com\/fr\/#\/schema\/logo\/image\/\",\"url\":\"https:\/\/dutchhealthstore.com\/wp-content\/uploads\/2020\/08\/logo-dutchhealthstore-jpg-e1599484957574.jpg\",\"contentUrl\":\"https:\/\/dutchhealthstore.com\/wp-content\/uploads\/2020\/08\/logo-dutchhealthstore-jpg-e1599484957574.jpg\",\"width\":400,\"height\":62,\"caption\":\"Dutch Health Store\"},\"image\":{\"@id\":\"https:\/\/dutchhealthstore.com\/fr\/#\/schema\/logo\/image\/\"},\"sameAs\":[\"https:\/\/www.instagram.com\/dutchhealthstore\/\",\"https:\/\/www.facebook.com\/dutchhealthstore\"]}]}<\/script>\n<meta property=\"product:brand\" content=\"Living Libations\" \/>\n<meta property=\"product:price:amount\" content=\"49.00\" \/>\n<meta property=\"product:price:currency\" content=\"EUR\" \/>\n<meta property=\"og:availability\" content=\"instock\" \/>\n<meta property=\"product:availability\" content=\"instock\" \/>\n<meta property=\"product:condition\" content=\"new\" \/>\n<!-- \/ Yoast SEO Premium plugin. -->","yoast_head_json":{"title":"Dew Queen - Baume de beaut\u00e9 ozon\u00e9 - Living Libations","description":"Le baume de beaut\u00e9 ozon\u00e9 Dew Queen est un traitement luxueux, enrichi en oxyg\u00e8ne, qui traite les probl\u00e8mes tels que les poches, les rougeurs et le m\u00e9lasma.","robots":{"index":"index","follow":"follow","max-snippet":"max-snippet:-1","max-image-preview":"max-image-preview:large","max-video-preview":"max-video-preview:-1"},"canonical":"https:\/\/dutchhealthstore.com\/fr\/product\/dew-queen-baume-de-beaute-ozone\/","og_locale":"fr_FR","og_type":"article","og_title":"Dew Queen - Baume de beaut\u00e9 ozon\u00e9 - Dutch Health Store","og_description":"Le baume de beaut\u00e9 ozon\u00e9 Dew Queen est un traitement luxueux, enrichi en oxyg\u00e8ne, qui traite les probl\u00e8mes tels que les poches, les rougeurs et le m\u00e9lasma.","og_url":"https:\/\/dutchhealthstore.com\/fr\/product\/dew-queen-baume-de-beaute-ozone\/","og_site_name":"Dutch Health Store","article_publisher":"https:\/\/www.instagram.com\/dutchhealthstore\/","article_modified_time":"2025-11-11T08:14:22+00:00","og_image":[{"width":530,"height":530,"url":"https:\/\/dutchhealthstore.com\/wp-content\/uploads\/2024\/12\/6-5.jpg","type":"image\/jpeg"}],"twitter_card":"summary_large_image","twitter_misc":{"Prix":"&euro;49,00","Disponibilit\u00e9":"En stock"},"schema":{"@context":"https:\/\/schema.org","@graph":[{"@type":"WebPage","@id":"https:\/\/dutchhealthstore.com\/fr\/product\/dew-queen-baume-de-beaute-ozone\/","url":"https:\/\/dutchhealthstore.com\/fr\/product\/dew-queen-baume-de-beaute-ozone\/","name":"Dew Queen - Baume de beaut\u00e9 ozon\u00e9 - Living Libations","isPartOf":{"@id":"https:\/\/dutchhealthstore.com\/fr\/#website"},"primaryImageOfPage":{"@id":"https:\/\/dutchhealthstore.com\/fr\/product\/dew-queen-baume-de-beaute-ozone\/#primaryimage"},"image":{"@id":"https:\/\/dutchhealthstore.com\/fr\/product\/dew-queen-baume-de-beaute-ozone\/#primaryimage"},"thumbnailUrl":"https:\/\/dutchhealthstore.com\/wp-content\/uploads\/2024\/12\/6-5.jpg","datePublished":"2024-12-17T15:05:00+00:00","dateModified":"2025-11-11T08:14:22+00:00","description":"Le baume de beaut\u00e9 ozon\u00e9 Dew Queen est un traitement luxueux, enrichi en oxyg\u00e8ne, qui traite les probl\u00e8mes tels que les poches, les rougeurs et le m\u00e9lasma.","breadcrumb":{"@id":"https:\/\/dutchhealthstore.com\/fr\/product\/dew-queen-baume-de-beaute-ozone\/#breadcrumb"},"inLanguage":"fr-FR","potentialAction":[{"@type":"ReadAction","target":["https:\/\/dutchhealthstore.com\/fr\/product\/dew-queen-baume-de-beaute-ozone\/"]}]},{"@type":"ImageObject","inLanguage":"fr-FR","@id":"https:\/\/dutchhealthstore.com\/fr\/product\/dew-queen-baume-de-beaute-ozone\/#primaryimage","url":"https:\/\/dutchhealthstore.com\/wp-content\/uploads\/2024\/12\/6-5.jpg","contentUrl":"https:\/\/dutchhealthstore.com\/wp-content\/uploads\/2024\/12\/6-5.jpg","width":530,"height":530,"caption":"Dew-Queen-Ozonated-Beauty-Balm-2"},{"@type":"BreadcrumbList","@id":"https:\/\/dutchhealthstore.com\/fr\/product\/dew-queen-baume-de-beaute-ozone\/#breadcrumb","itemListElement":[{"@type":"ListItem","position":1,"name":"Home","item":"https:\/\/dutchhealthstore.com\/fr\/"},{"@type":"ListItem","position":2,"name":"Shop","item":"https:\/\/dutchhealthstore.com\/fr\/shop\/"},{"@type":"ListItem","position":3,"name":"Dew Queen &#8211; Baume de beaut\u00e9 ozon\u00e9"}]},{"@type":"WebSite","@id":"https:\/\/dutchhealthstore.com\/fr\/#website","url":"https:\/\/dutchhealthstore.com\/fr\/","name":"Dutch Health Store","description":"Enhance Your Beauty with Organic &amp; Natural Skincare","publisher":{"@id":"https:\/\/dutchhealthstore.com\/fr\/#organization"},"potentialAction":[{"@type":"SearchAction","target":{"@type":"EntryPoint","urlTemplate":"https:\/\/dutchhealthstore.com\/fr\/?s={search_term_string}"},"query-input":{"@type":"PropertyValueSpecification","valueRequired":true,"valueName":"search_term_string"}}],"inLanguage":"fr-FR"},{"@type":"Organization","@id":"https:\/\/dutchhealthstore.com\/fr\/#organization","name":"Dutch Health Store","url":"https:\/\/dutchhealthstore.com\/fr\/","logo":{"@type":"ImageObject","inLanguage":"fr-FR","@id":"https:\/\/dutchhealthstore.com\/fr\/#\/schema\/logo\/image\/","url":"https:\/\/dutchhealthstore.com\/wp-content\/uploads\/2020\/08\/logo-dutchhealthstore-jpg-e1599484957574.jpg","contentUrl":"https:\/\/dutchhealthstore.com\/wp-content\/uploads\/2020\/08\/logo-dutchhealthstore-jpg-e1599484957574.jpg","width":400,"height":62,"caption":"Dutch Health Store"},"image":{"@id":"https:\/\/dutchhealthstore.com\/fr\/#\/schema\/logo\/image\/"},"sameAs":["https:\/\/www.instagram.com\/dutchhealthstore\/","https:\/\/www.facebook.com\/dutchhealthstore"]}]},"product_brand":"Living Libations","product_price_amount":"49.00","product_price_currency":"EUR","og_availability":"instock","product_availability":"instock","product_condition":"new"},"_links":{"self":[{"href":"https:\/\/dutchhealthstore.com\/fr\/wp-json\/wp\/v2\/product\/343546","targetHints":{"allow":["GET"]}}],"collection":[{"href":"https:\/\/dutchhealthstore.com\/fr\/wp-json\/wp\/v2\/product"}],"about":[{"href":"https:\/\/dutchhealthstore.com\/fr\/wp-json\/wp\/v2\/types\/product"}],"replies":[{"embeddable":true,"href":"https:\/\/dutchhealthstore.com\/fr\/wp-json\/wp\/v2\/comments?post=343546"}],"wp:featuredmedia":[{"embeddable":true,"href":"https:\/\/dutchhealthstore.com\/fr\/wp-json\/wp\/v2\/media\/323332"}],"wp:attachment":[{"href":"https:\/\/dutchhealthstore.com\/fr\/wp-json\/wp\/v2\/media?parent=343546"}],"wp:term":[{"taxonomy":"product_brand","embeddable":true,"href":"https:\/\/dutchhealthstore.com\/fr\/wp-json\/wp\/v2\/product_brand?post=343546"},{"taxonomy":"product_cat","embeddable":true,"href":"https:\/\/dutchhealthstore.com\/fr\/wp-json\/wp\/v2\/product_cat?post=343546"},{"taxonomy":"product_tag","embeddable":true,"href":"https:\/\/dutchhealthstore.com\/fr\/wp-json\/wp\/v2\/product_tag?post=343546"}],"curies":[{"name":"wp","href":"https:\/\/api.w.org\/{rel}","templated":true}]}}