{"id":337976,"date":"2025-04-18T11:13:32","date_gmt":"2025-04-18T09:13:32","guid":{"rendered":"https:\/\/dutchhealthstore.com\/product\/resilient\/"},"modified":"2026-03-27T09:40:13","modified_gmt":"2026-03-27T08:40:13","slug":"resilient","status":"publish","type":"product","link":"https:\/\/dutchhealthstore.com\/fr\/product\/resilient\/","title":{"rendered":"Resilient"},"content":{"rendered":"<p><strong>Fabriqu\u00e9 en collaboration avec Rising Appalachia<\/strong><\/p>\n<p>Anima Mundi Resilient est une poudre de super-aliments apaisante pour l&rsquo;\u00e2me, con\u00e7ue pour renforcer la r\u00e9ponse de l&rsquo;organisme au stress et restaurer l&rsquo;\u00e9nergie naturelle. Avec une d\u00e9licieuse base de cacao et de pissenlit, ce m\u00e9lange r\u00e9unit certains des adaptog\u00e8nes les plus puissants de la nature pour une r\u00e9silience quotidienne.<\/p>\n<ul>\n<li>Soutien adaptog\u00e8ne par le Reishi, le Chaga, le Maca et le Mucuna<\/li>\n<li>Riche en antioxydants pour aider \u00e0 prot\u00e9ger et \u00e0 \u00e9nergiser<\/li>\n<li>Un soin de fond et d&rsquo;ouverture du c\u0153ur avec du pissenlit et du cacao grill\u00e9s.<\/li>\n<\/ul>\n<p>Savourez-le dans un caf\u00e9 au lait ou incorporez-le dans votre lait, votre th\u00e9 ou votre smoothie pr\u00e9f\u00e9r\u00e9 pour un apport quotidien de nutriments et d&rsquo;\u00e9nergie.<\/p>\n<p><strong>Taille : 99.2 gr.<\/strong><\/p>\n<h3>Comment utiliser<\/h3>\n<p>Ajoutez 1 cuill\u00e8re \u00e0 caf\u00e9 \u00e0 n&rsquo;importe quelle boisson, th\u00e9 ou smoothie. Pour un caf\u00e9 au lait, m\u00e9langez 1 cuill\u00e8re \u00e0 soupe avec de l&rsquo;eau chaude, votre lait pr\u00e9f\u00e9r\u00e9 et de l&rsquo;\u00e9dulcorant.<\/p>\n<h3>Comment stocker<\/h3>\n<p>Conserver dans un endroit frais et sec.<\/p>\n<h2>Ingr\u00e9dients naturels \/ biologiques<\/h2>\n<p>Champignon Reishi (Ganoderma lucidum), champignon Chaga (Inonotus obliquus), Maca (Lepidium meyenii), Mucuna (Mucuna pruriens), Cacao (Theobroma cacao), Racine de pissenlit (Taraxacum officinale).<br \/>\n<strong>Allerg\u00e8nes :<\/strong> Aucun n&rsquo;est r\u00e9pertori\u00e9<\/p>\n<p><strong>Avertissements importants<\/strong><br \/>\nUne alimentation vari\u00e9e et \u00e9quilibr\u00e9e ainsi qu&rsquo;un mode de vie sain sont importants. Un compl\u00e9ment nutritionnel ne remplace pas un r\u00e9gime alimentaire vari\u00e9. Tenir hors de port\u00e9e des jeunes enfants. En cas de grossesse, d&rsquo;allaitement, de maladie ou de prise de m\u00e9dicaments, consultez votre m\u00e9decin, votre pharmacien ou votre prestataire de soins de sant\u00e9 avant toute utilisation. Ne pas d\u00e9passer la dose journali\u00e8re recommand\u00e9e.<\/p>\n<p><strong>Note :<\/strong> Malheureusement, en raison de la l\u00e9gislation europ\u00e9enne concernant les all\u00e9gations de sant\u00e9, nous ne sommes pas autoris\u00e9s \u00e0 fournir ici des informations compl\u00e8tes sur l&rsquo;application de ce produit. Nous vous recommandons de consulter l&rsquo;internet et\/ou le site web du fabricant pour obtenir des informations plus d\u00e9taill\u00e9es.<\/p>\n","protected":false},"excerpt":{"rendered":"<p>Resilient est un m\u00e9lange adaptog\u00e8ne nourrissant et ancr\u00e9, con\u00e7u en collaboration avec le groupe musical Rising Appalachia. Compos\u00e9e de cacao r\u00e9confortant et de racine de pissenlit grill\u00e9e, cette poudre riche est enrichie de Reishi, de Chaga, de Maca et de Mucuna pour soutenir la vitalit\u00e9, la force int\u00e9rieure et l&rsquo;\u00e9quilibre quotidien.<\/p>\n","protected":false},"featured_media":337772,"comment_status":"open","ping_status":"closed","template":"","meta":[],"product_brand":[],"product_cat":[16609,9966,8453,12935,6744,10205,8981,8466,1209,1030,8467,8980,1010,8786,6733],"product_tag":[21604,21516,21788,21540],"class_list":{"0":"post-337976","1":"product","2":"type-product","3":"status-publish","4":"has-post-thumbnail","6":"product_cat-anima-mundi-fr","7":"product_cat-mushrooms-fr-2","8":"product_cat-balance-calm-fr-2","9":"product_cat-hormonal-balance-fr","10":"product_cat-mood-fr-2","11":"product_cat-inner-peace-fr","12":"product_cat-herbal-blends-fr-2","13":"product_cat-nutrition-fr","14":"product_cat-par-marques","15":"product_cat-par-produits","16":"product_cat-health-fr-2","17":"product_cat-optimum-health-fr-2","18":"product_cat-notre-boutique","19":"product_cat-superfoods-herbals-fr-2","20":"product_cat-wellness-fr-2","21":"product_tag-energie-fr","22":"product_tag-sante-optimale","23":"product_tag-soutien-immunitaire","24":"product_tag-supplement-fr","25":"pa_brand-anima-mundi-herbals-fr","26":"pa_gtin-8718591512919-fr","27":"pa_health-productype-brain-mind-fr","28":"pa_health-productype-optimum-health-fr","29":"pa_health-productype-supplements-fr","30":"pa_size-99-gr-fr","32":"first","33":"instock","34":"taxable","35":"shipping-taxable","36":"purchasable","37":"product-type-simple"},"bundled_by":[],"bundle_stock_status":"instock","bundle_stock_quantity":4,"bundle_virtual":false,"bundle_layout":"","bundle_add_to_cart_form_location":"","bundle_editable_in_cart":false,"bundle_sold_individually_context":"","bundle_item_grouping":"","bundle_min_size":"","bundle_max_size":"","bundle_price":[],"bundled_items":[],"bundle_sell_ids":[],"atum_controlled":true,"out_stock_date":null,"out_stock_threshold":null,"inheritable":false,"stock_on_hold":0,"sold_today":0,"sales_last_days":0,"out_stock_days":0,"lost_sales":0,"update_date":"2026-04-13T10:22:29","atum_locations":[],"atum_stock_status":"instock","restock_status":false,"low_stock_amount":"","sales_update_date":"2026-04-13T10:22:29","calc_backorders":null,"group_of_quantity":0,"min_quantity":0,"max_quantity":"","exclude_order_quantity_value_rules":"no","exclude_category_quantity_rules":"no","combine_variations":"no","yoast_head":"<!-- This site is optimized with the Yoast SEO Premium plugin v26.5 (Yoast SEO v26.5) - https:\/\/yoast.com\/wordpress\/plugins\/seo\/ -->\n<title>Resilient - Anima Mundi<\/title>\n<meta name=\"description\" content=\"Soutenez la vitalit\u00e9 et l&#039;\u00e9quilibre int\u00e9rieur avec Resilient - un m\u00e9lange adaptog\u00e8ne nourrissant de Cacao, Reishi, Chaga, Maca et autres.\" \/>\n<meta name=\"robots\" content=\"index, follow, max-snippet:-1, max-image-preview:large, max-video-preview:-1\" \/>\n<link rel=\"canonical\" href=\"https:\/\/dutchhealthstore.com\/fr\/product\/resilient\/\" \/>\n<meta property=\"og:locale\" content=\"fr_FR\" \/>\n<meta property=\"og:type\" content=\"article\" \/>\n<meta property=\"og:title\" content=\"Resilient - Dutch Health Store\" \/>\n<meta property=\"og:description\" content=\"Soutenez la vitalit\u00e9 et l&#039;\u00e9quilibre int\u00e9rieur avec Resilient - un m\u00e9lange adaptog\u00e8ne nourrissant de Cacao, Reishi, Chaga, Maca et autres.\" \/>\n<meta property=\"og:url\" content=\"https:\/\/dutchhealthstore.com\/fr\/product\/resilient\/\" \/>\n<meta property=\"og:site_name\" content=\"Dutch Health Store\" \/>\n<meta property=\"article:publisher\" content=\"https:\/\/www.instagram.com\/dutchhealthstore\/\" \/>\n<meta property=\"article:modified_time\" content=\"2026-03-27T08:40:13+00:00\" \/>\n<meta property=\"og:image\" content=\"https:\/\/dutchhealthstore.com\/wp-content\/uploads\/2025\/04\/am-resilient1.jpg\" \/>\n\t<meta property=\"og:image:width\" content=\"530\" \/>\n\t<meta property=\"og:image:height\" content=\"530\" \/>\n\t<meta property=\"og:image:type\" content=\"image\/jpeg\" \/>\n<meta name=\"twitter:card\" content=\"summary_large_image\" \/>\n<meta name=\"twitter:label1\" content=\"Prix\" \/>\n\t<meta name=\"twitter:data1\" content=\"&euro;39,95\" \/>\n\t<meta name=\"twitter:label2\" content=\"Disponibilit\u00e9\" \/>\n\t<meta name=\"twitter:data2\" content=\"En stock\" \/>\n<script type=\"application\/ld+json\" class=\"yoast-schema-graph\">{\"@context\":\"https:\/\/schema.org\",\"@graph\":[{\"@type\":\"WebPage\",\"@id\":\"https:\/\/dutchhealthstore.com\/fr\/product\/resilient\/\",\"url\":\"https:\/\/dutchhealthstore.com\/fr\/product\/resilient\/\",\"name\":\"Resilient - Anima Mundi\",\"isPartOf\":{\"@id\":\"https:\/\/dutchhealthstore.com\/fr\/#website\"},\"primaryImageOfPage\":{\"@id\":\"https:\/\/dutchhealthstore.com\/fr\/product\/resilient\/#primaryimage\"},\"image\":{\"@id\":\"https:\/\/dutchhealthstore.com\/fr\/product\/resilient\/#primaryimage\"},\"thumbnailUrl\":\"https:\/\/dutchhealthstore.com\/wp-content\/uploads\/2025\/04\/am-resilient1.jpg\",\"datePublished\":\"2025-04-18T09:13:32+00:00\",\"dateModified\":\"2026-03-27T08:40:13+00:00\",\"description\":\"Soutenez la vitalit\u00e9 et l'\u00e9quilibre int\u00e9rieur avec Resilient - un m\u00e9lange adaptog\u00e8ne nourrissant de Cacao, Reishi, Chaga, Maca et autres.\",\"breadcrumb\":{\"@id\":\"https:\/\/dutchhealthstore.com\/fr\/product\/resilient\/#breadcrumb\"},\"inLanguage\":\"fr-FR\",\"potentialAction\":[{\"@type\":\"ReadAction\",\"target\":[\"https:\/\/dutchhealthstore.com\/fr\/product\/resilient\/\"]}]},{\"@type\":\"ImageObject\",\"inLanguage\":\"fr-FR\",\"@id\":\"https:\/\/dutchhealthstore.com\/fr\/product\/resilient\/#primaryimage\",\"url\":\"https:\/\/dutchhealthstore.com\/wp-content\/uploads\/2025\/04\/am-resilient1.jpg\",\"contentUrl\":\"https:\/\/dutchhealthstore.com\/wp-content\/uploads\/2025\/04\/am-resilient1.jpg\",\"width\":530,\"height\":530},{\"@type\":\"BreadcrumbList\",\"@id\":\"https:\/\/dutchhealthstore.com\/fr\/product\/resilient\/#breadcrumb\",\"itemListElement\":[{\"@type\":\"ListItem\",\"position\":1,\"name\":\"Home\",\"item\":\"https:\/\/dutchhealthstore.com\/fr\/\"},{\"@type\":\"ListItem\",\"position\":2,\"name\":\"Shop\",\"item\":\"https:\/\/dutchhealthstore.com\/fr\/shop\/\"},{\"@type\":\"ListItem\",\"position\":3,\"name\":\"Resilient\"}]},{\"@type\":\"WebSite\",\"@id\":\"https:\/\/dutchhealthstore.com\/fr\/#website\",\"url\":\"https:\/\/dutchhealthstore.com\/fr\/\",\"name\":\"Dutch Health Store\",\"description\":\"Enhance Your Beauty with Organic &amp; Natural Skincare\",\"publisher\":{\"@id\":\"https:\/\/dutchhealthstore.com\/fr\/#organization\"},\"potentialAction\":[{\"@type\":\"SearchAction\",\"target\":{\"@type\":\"EntryPoint\",\"urlTemplate\":\"https:\/\/dutchhealthstore.com\/fr\/?s={search_term_string}\"},\"query-input\":{\"@type\":\"PropertyValueSpecification\",\"valueRequired\":true,\"valueName\":\"search_term_string\"}}],\"inLanguage\":\"fr-FR\"},{\"@type\":\"Organization\",\"@id\":\"https:\/\/dutchhealthstore.com\/fr\/#organization\",\"name\":\"Dutch Health Store\",\"url\":\"https:\/\/dutchhealthstore.com\/fr\/\",\"logo\":{\"@type\":\"ImageObject\",\"inLanguage\":\"fr-FR\",\"@id\":\"https:\/\/dutchhealthstore.com\/fr\/#\/schema\/logo\/image\/\",\"url\":\"https:\/\/dutchhealthstore.com\/wp-content\/uploads\/2020\/08\/logo-dutchhealthstore-jpg-e1599484957574.jpg\",\"contentUrl\":\"https:\/\/dutchhealthstore.com\/wp-content\/uploads\/2020\/08\/logo-dutchhealthstore-jpg-e1599484957574.jpg\",\"width\":400,\"height\":62,\"caption\":\"Dutch Health Store\"},\"image\":{\"@id\":\"https:\/\/dutchhealthstore.com\/fr\/#\/schema\/logo\/image\/\"},\"sameAs\":[\"https:\/\/www.instagram.com\/dutchhealthstore\/\",\"https:\/\/www.facebook.com\/dutchhealthstore\"]}]}<\/script>\n<meta property=\"product:brand\" content=\"Anima Mundi Herbals\" \/>\n<meta property=\"product:price:amount\" content=\"39.95\" \/>\n<meta property=\"product:price:currency\" content=\"EUR\" \/>\n<meta property=\"og:availability\" content=\"instock\" \/>\n<meta property=\"product:availability\" content=\"instock\" \/>\n<meta property=\"product:retailer_item_id\" content=\"AM128\" \/>\n<meta property=\"product:condition\" content=\"new\" \/>\n<!-- \/ Yoast SEO Premium plugin. -->","yoast_head_json":{"title":"Resilient - Anima Mundi","description":"Soutenez la vitalit\u00e9 et l'\u00e9quilibre int\u00e9rieur avec Resilient - un m\u00e9lange adaptog\u00e8ne nourrissant de Cacao, Reishi, Chaga, Maca et autres.","robots":{"index":"index","follow":"follow","max-snippet":"max-snippet:-1","max-image-preview":"max-image-preview:large","max-video-preview":"max-video-preview:-1"},"canonical":"https:\/\/dutchhealthstore.com\/fr\/product\/resilient\/","og_locale":"fr_FR","og_type":"article","og_title":"Resilient - Dutch Health Store","og_description":"Soutenez la vitalit\u00e9 et l'\u00e9quilibre int\u00e9rieur avec Resilient - un m\u00e9lange adaptog\u00e8ne nourrissant de Cacao, Reishi, Chaga, Maca et autres.","og_url":"https:\/\/dutchhealthstore.com\/fr\/product\/resilient\/","og_site_name":"Dutch Health Store","article_publisher":"https:\/\/www.instagram.com\/dutchhealthstore\/","article_modified_time":"2026-03-27T08:40:13+00:00","og_image":[{"width":530,"height":530,"url":"https:\/\/dutchhealthstore.com\/wp-content\/uploads\/2025\/04\/am-resilient1.jpg","type":"image\/jpeg"}],"twitter_card":"summary_large_image","twitter_misc":{"Prix":"&euro;39,95","Disponibilit\u00e9":"En stock"},"schema":{"@context":"https:\/\/schema.org","@graph":[{"@type":"WebPage","@id":"https:\/\/dutchhealthstore.com\/fr\/product\/resilient\/","url":"https:\/\/dutchhealthstore.com\/fr\/product\/resilient\/","name":"Resilient - Anima Mundi","isPartOf":{"@id":"https:\/\/dutchhealthstore.com\/fr\/#website"},"primaryImageOfPage":{"@id":"https:\/\/dutchhealthstore.com\/fr\/product\/resilient\/#primaryimage"},"image":{"@id":"https:\/\/dutchhealthstore.com\/fr\/product\/resilient\/#primaryimage"},"thumbnailUrl":"https:\/\/dutchhealthstore.com\/wp-content\/uploads\/2025\/04\/am-resilient1.jpg","datePublished":"2025-04-18T09:13:32+00:00","dateModified":"2026-03-27T08:40:13+00:00","description":"Soutenez la vitalit\u00e9 et l'\u00e9quilibre int\u00e9rieur avec Resilient - un m\u00e9lange adaptog\u00e8ne nourrissant de Cacao, Reishi, Chaga, Maca et autres.","breadcrumb":{"@id":"https:\/\/dutchhealthstore.com\/fr\/product\/resilient\/#breadcrumb"},"inLanguage":"fr-FR","potentialAction":[{"@type":"ReadAction","target":["https:\/\/dutchhealthstore.com\/fr\/product\/resilient\/"]}]},{"@type":"ImageObject","inLanguage":"fr-FR","@id":"https:\/\/dutchhealthstore.com\/fr\/product\/resilient\/#primaryimage","url":"https:\/\/dutchhealthstore.com\/wp-content\/uploads\/2025\/04\/am-resilient1.jpg","contentUrl":"https:\/\/dutchhealthstore.com\/wp-content\/uploads\/2025\/04\/am-resilient1.jpg","width":530,"height":530},{"@type":"BreadcrumbList","@id":"https:\/\/dutchhealthstore.com\/fr\/product\/resilient\/#breadcrumb","itemListElement":[{"@type":"ListItem","position":1,"name":"Home","item":"https:\/\/dutchhealthstore.com\/fr\/"},{"@type":"ListItem","position":2,"name":"Shop","item":"https:\/\/dutchhealthstore.com\/fr\/shop\/"},{"@type":"ListItem","position":3,"name":"Resilient"}]},{"@type":"WebSite","@id":"https:\/\/dutchhealthstore.com\/fr\/#website","url":"https:\/\/dutchhealthstore.com\/fr\/","name":"Dutch Health Store","description":"Enhance Your Beauty with Organic &amp; Natural Skincare","publisher":{"@id":"https:\/\/dutchhealthstore.com\/fr\/#organization"},"potentialAction":[{"@type":"SearchAction","target":{"@type":"EntryPoint","urlTemplate":"https:\/\/dutchhealthstore.com\/fr\/?s={search_term_string}"},"query-input":{"@type":"PropertyValueSpecification","valueRequired":true,"valueName":"search_term_string"}}],"inLanguage":"fr-FR"},{"@type":"Organization","@id":"https:\/\/dutchhealthstore.com\/fr\/#organization","name":"Dutch Health Store","url":"https:\/\/dutchhealthstore.com\/fr\/","logo":{"@type":"ImageObject","inLanguage":"fr-FR","@id":"https:\/\/dutchhealthstore.com\/fr\/#\/schema\/logo\/image\/","url":"https:\/\/dutchhealthstore.com\/wp-content\/uploads\/2020\/08\/logo-dutchhealthstore-jpg-e1599484957574.jpg","contentUrl":"https:\/\/dutchhealthstore.com\/wp-content\/uploads\/2020\/08\/logo-dutchhealthstore-jpg-e1599484957574.jpg","width":400,"height":62,"caption":"Dutch Health Store"},"image":{"@id":"https:\/\/dutchhealthstore.com\/fr\/#\/schema\/logo\/image\/"},"sameAs":["https:\/\/www.instagram.com\/dutchhealthstore\/","https:\/\/www.facebook.com\/dutchhealthstore"]}]},"product_brand":"Anima Mundi Herbals","product_price_amount":"39.95","product_price_currency":"EUR","og_availability":"instock","product_availability":"instock","product_retailer_item_id":"AM128","product_condition":"new"},"_links":{"self":[{"href":"https:\/\/dutchhealthstore.com\/fr\/wp-json\/wp\/v2\/product\/337976","targetHints":{"allow":["GET"]}}],"collection":[{"href":"https:\/\/dutchhealthstore.com\/fr\/wp-json\/wp\/v2\/product"}],"about":[{"href":"https:\/\/dutchhealthstore.com\/fr\/wp-json\/wp\/v2\/types\/product"}],"replies":[{"embeddable":true,"href":"https:\/\/dutchhealthstore.com\/fr\/wp-json\/wp\/v2\/comments?post=337976"}],"wp:featuredmedia":[{"embeddable":true,"href":"https:\/\/dutchhealthstore.com\/fr\/wp-json\/wp\/v2\/media\/337772"}],"wp:attachment":[{"href":"https:\/\/dutchhealthstore.com\/fr\/wp-json\/wp\/v2\/media?parent=337976"}],"wp:term":[{"taxonomy":"product_brand","embeddable":true,"href":"https:\/\/dutchhealthstore.com\/fr\/wp-json\/wp\/v2\/product_brand?post=337976"},{"taxonomy":"product_cat","embeddable":true,"href":"https:\/\/dutchhealthstore.com\/fr\/wp-json\/wp\/v2\/product_cat?post=337976"},{"taxonomy":"product_tag","embeddable":true,"href":"https:\/\/dutchhealthstore.com\/fr\/wp-json\/wp\/v2\/product_tag?post=337976"}],"curies":[{"name":"wp","href":"https:\/\/api.w.org\/{rel}","templated":true}]}}