{"id":336574,"date":"2025-04-10T09:54:08","date_gmt":"2025-04-10T07:54:08","guid":{"rendered":"https:\/\/dutchhealthstore.com\/product\/colon-cleanse-kit\/"},"modified":"2025-07-31T15:31:43","modified_gmt":"2025-07-31T13:31:43","slug":"colon-cleanse-kit","status":"publish","type":"product","link":"https:\/\/dutchhealthstore.com\/fr\/product\/colon-cleanse-kit\/","title":{"rendered":"Colon Cleanse Kit"},"content":{"rendered":"<p class=\"\" data-start=\"90\" data-end=\"251\">Ce syst\u00e8me efficace en trois parties comprend<\/p>\n<ul data-start=\"253\" data-end=\"661\">\n<li class=\"\" data-start=\"253\" data-end=\"376\">\n<p class=\"\" data-start=\"255\" data-end=\"376\"><strong data-start=\"255\" data-end=\"294\">1 x Oxy-Powder (120 g\u00e9lules v\u00e9g\u00e9taliennes)<\/strong> &#8211; Un nettoyant doux \u00e0 base d&rsquo;oxyg\u00e8ne pour \u00e9liminer les toxines et les d\u00e9chets de votre c\u00f4lon.<\/p>\n<\/li>\n<li class=\"\" data-start=\"377\" data-end=\"503\">\n<p class=\"\" data-start=\"379\" data-end=\"503\"><strong data-start=\"379\" data-end=\"419\">1 x Latero-Flora (60 g\u00e9lules v\u00e9g\u00e9taliennes)<\/strong> &#8211; Un probiotique puissant qui favorise une digestion saine et \u00e9quilibre les bact\u00e9ries intestinales.<\/p>\n<\/li>\n<li class=\"\" data-start=\"504\" data-end=\"661\">\n<p class=\"\" data-start=\"506\" data-end=\"661\"><strong data-start=\"506\" data-end=\"553\">1 x <em data-start=\"512\" data-end=\"536\">The Green Body Cleanse<\/em> (PDF, anglais)<\/strong> &#8211; Un guide complet sur la d\u00e9sintoxication et le bien-\u00eatre.<em data-start=\"602\" data-end=\"660\">(Voir l&rsquo;onglet \u00ab\u00a0Informations suppl\u00e9mentaires sur le produit\u00a0\u00bb pour les d\u00e9tails du t\u00e9l\u00e9chargement<\/em>)<\/p>\n<\/li>\n<\/ul>\n<h2><strong>Ingr\u00e9dients naturels \/ biologiques <\/strong><\/h2>\n<p>Oxy Powder : Magn\u00e9sium \u00e9l\u00e9mentaire, acide citrique naturel, gomme d&rsquo;acacia biologique, g\u00e9lules certifi\u00e9es casher. Latero Flora : Brevibacillus Laterosporus (souche BOD non laiti\u00e8re) Autres ingr\u00e9dients : Gomme d&rsquo;acacia Certifi\u00e9 Kosher Capsules v\u00e9g\u00e9taliennes<\/p>\n<p><strong>Informations sur les allerg\u00e8nes<\/strong>: Sans gluten &#8211; V\u00e9g\u00e9talien<\/p>\n<p><strong>Informations compl\u00e9mentaires<\/strong>: Malheureusement, en raison de la l\u00e9gislation europ\u00e9enne relative aux all\u00e9gations de sant\u00e9, nous ne sommes pas autoris\u00e9s \u00e0 fournir ici des informations compl\u00e8tes sur l&rsquo;application de ce produit. Nous vous recommandons d&rsquo;effectuer des recherches sur Internet et\/ou sur le site web du fabricant pour obtenir des informations plus d\u00e9taill\u00e9es.<\/p>\n<p><strong>Avertissements<\/strong>: Une alimentation vari\u00e9e et \u00e9quilibr\u00e9e et un mode de vie sain sont importants. Un compl\u00e9ment nutritionnel ne remplace pas un r\u00e9gime alimentaire vari\u00e9. Tenir hors de port\u00e9e des jeunes enfants. En cas de grossesse, d&rsquo;allaitement, de maladie ou de prise de m\u00e9dicaments, consultez votre m\u00e9decin, votre pharmacien ou votre prestataire de soins de sant\u00e9 avant toute utilisation. Ne pas d\u00e9passer la dose journali\u00e8re recommand\u00e9e.<\/p>\n<p><strong>Informations suppl\u00e9mentaires sur le produit :<\/strong><\/p>\n<p><a href=\"https:\/\/dutchhealthstore.com\/wp-content\/uploads\/2025\/04\/green_body_cleanse_updated.pdf\">green_body_cleanse_updated<\/a><br \/>\n<a href=\"https:\/\/dutchhealthstore.com\/wp-content\/uploads\/2025\/04\/ghc_colon_cleanse_en.pdf\">ghc_colon_cleanse_fr<\/a><\/p>\n<p><em>A conserver dans un endroit frais et sec <\/em><\/p>\n\n\t<section class=\"section\" id=\"section_223376474\">\n\t\t<div class=\"section-bg fill\" >\n\t\t\t\t\t\t\t\t\t\n\t\t\t\n\n\t\t<\/div>\n\n\t\t\n\n\t\t<div class=\"section-content relative\">\n\t\t\t\r\n\r\n<div class=\"is-divider divider clearfix\" style=\"max-width:100%;height:5px;background-color:rgb(135, 188, 113);\"><\/div>\r\n<h3><strong>En savoir plus sur Global Healing<\/strong> : Quand la puret\u00e9 rencontre la puissance<\/h3>\r\n\r\n<hr \/>\r\n\r\n<ul>\r\n \t<li><strong><img decoding=\"async\" class=\"alignright wp-image-259518\" src=\"https:\/\/dutchhealthstore.com\/wp-content\/uploads\/2023\/10\/global-healing-color-web.png\" alt=\"global healing dr edward group\" width=\"146\" height=\"146\" srcset=\"https:\/\/dutchhealthstore.com\/wp-content\/uploads\/2023\/10\/global-healing-color-web.png 250w, https:\/\/dutchhealthstore.com\/wp-content\/uploads\/2023\/10\/global-healing-color-web-100x100.png 100w, https:\/\/dutchhealthstore.com\/wp-content\/uploads\/2023\/10\/global-healing-color-web-64x64.png 64w\" sizes=\"(max-width: 146px) 100vw, 146px\" \/>Technologie d'extraction de plantes brutes : <\/strong>Notre processus d'extraction unique pr\u00e9serve les nutriments naturels de la plante sans utiliser de chaleur, d'alcool ou de produits chimiques agressifs.<strong>\r\n<\/strong><\/li>\r\n \t<li><strong>Approvisionnement \u00e9cologique :<\/strong> Tous les ingr\u00e9dients proviennent de petites exploitations biologiques ou de la cueillette sauvage, ce qui garantit que chaque produit est \u00e0 la fois pur et en harmonie avec la nature.<\/li>\r\n \t<li><strong>Processus d'extraction minutieux :<\/strong> Gr\u00e2ce \u00e0 une extraction \u00e0 froid en plusieurs \u00e9tapes, nous combinons les composants actifs de la plante avec de la glyc\u00e9rine v\u00e9g\u00e9tale biologique et de l'eau triplement distill\u00e9e, encapsulant ainsi le pouvoir curatif de la plante.<\/li>\r\n \t<li><strong>Filtration \u00e0 froid avanc\u00e9e<\/strong> : Notre technologie exclusive de filtrage \u00e0 froid garantit que le produit liquide reste pur sans g\u00e9n\u00e9rer de chaleur, pr\u00e9servant ainsi les compos\u00e9s d\u00e9licats des plantes.<\/li>\r\n \t<li><strong>Min\u00e9raux ORMUS surcharg\u00e9s<\/strong> : Lors de la derni\u00e8re \u00e9tape, nous rendons nos extractions liquides encore plus biodisponibles et stables en y ajoutant les min\u00e9raux ORMUS Supercharged Minerals, \u00e9labor\u00e9s selon d'anciennes m\u00e9thodes alchimiques.<\/li>\r\n \t<li><strong>Assurance de la qualit\u00e9 et de la puret\u00e9<\/strong> : Tous les produits sont soumis \u00e0 des tests rigoureux afin de garantir le respect des normes les plus strictes en mati\u00e8re de qualit\u00e9 et de puret\u00e9.<\/li>\r\n<\/ul>\r\n\t\t<\/div>\n\n\t\t\n<style>\n#section_223376474 {\n  padding-top: 30px;\n  padding-bottom: 30px;\n}\n<\/style>\n\t<\/section>\n\t\n<p>&nbsp;<\/p>\n","protected":false},"excerpt":{"rendered":"<p>Soutenez votre sant\u00e9 intestinale naturellement avec le kit de nettoyage du c\u00f4lon de Global Healing.<\/p>\n","protected":false},"featured_media":336086,"comment_status":"open","ping_status":"closed","template":"","meta":[],"product_brand":[],"product_cat":[8468,8991,18388,8466,1209,1030,6759,8467,1010],"product_tag":[9634,21517,21516,21540],"class_list":{"0":"post-336574","1":"product","2":"type-product","3":"status-publish","4":"has-post-thumbnail","6":"product_cat-detox-cleanse-fr-2","7":"product_cat-digestion-gut-health-fr-2","8":"product_cat-global-healing-fr","9":"product_cat-nutrition-fr","10":"product_cat-par-marques","11":"product_cat-par-produits","12":"product_cat-remedies-fr","13":"product_cat-health-fr-2","14":"product_cat-notre-boutique","15":"product_tag-detox-fr","16":"product_tag-digestion-fr","17":"product_tag-sante-optimale","18":"product_tag-supplement-fr","19":"pa_brand-global-healing-fr","20":"pa_gtin-867574488331-fr","21":"pa_health-productype-digestion-gut-health-fr","22":"pa_health-productype-optimum-health-fr","23":"pa_health-productype-supplements-fr","25":"first","26":"instock","27":"taxable","28":"shipping-taxable","29":"purchasable","30":"product-type-simple"},"bundled_by":[],"bundle_stock_status":"instock","bundle_stock_quantity":1,"bundle_virtual":false,"bundle_layout":"","bundle_add_to_cart_form_location":"","bundle_editable_in_cart":false,"bundle_sold_individually_context":"","bundle_item_grouping":"","bundle_min_size":"","bundle_max_size":"","bundle_price":[],"bundled_items":[],"bundle_sell_ids":[275545],"atum_controlled":true,"out_stock_date":null,"out_stock_threshold":null,"inheritable":false,"stock_on_hold":0,"sold_today":0,"sales_last_days":0,"out_stock_days":0,"lost_sales":0,"update_date":"2026-05-01T00:14:35","atum_locations":[],"atum_stock_status":"instock","restock_status":false,"low_stock_amount":"","sales_update_date":"2026-05-01T00:14:35","calc_backorders":null,"group_of_quantity":0,"min_quantity":0,"max_quantity":"","exclude_order_quantity_value_rules":"no","exclude_category_quantity_rules":"no","combine_variations":"no","yoast_head":"<!-- This site is optimized with the Yoast SEO Premium plugin v26.5 (Yoast SEO v26.5) - https:\/\/yoast.com\/wordpress\/plugins\/seo\/ -->\n<title>Colon Cleanse Kit - Global Healing<\/title>\n<meta name=\"description\" content=\"Soutenez votre sant\u00e9 intestinale naturellement avec le kit de nettoyage du c\u00f4lon de Global Healing.\" \/>\n<meta name=\"robots\" content=\"index, follow, max-snippet:-1, max-image-preview:large, max-video-preview:-1\" \/>\n<link rel=\"canonical\" href=\"https:\/\/dutchhealthstore.com\/fr\/product\/colon-cleanse-kit\/\" \/>\n<meta property=\"og:locale\" content=\"fr_FR\" \/>\n<meta property=\"og:type\" content=\"article\" \/>\n<meta property=\"og:title\" content=\"Colon Cleanse Kit - Dutch Health Store\" \/>\n<meta property=\"og:description\" content=\"Soutenez votre sant\u00e9 intestinale naturellement avec le kit de nettoyage du c\u00f4lon de Global Healing.\" \/>\n<meta property=\"og:url\" content=\"https:\/\/dutchhealthstore.com\/fr\/product\/colon-cleanse-kit\/\" \/>\n<meta property=\"og:site_name\" content=\"Dutch Health Store\" \/>\n<meta property=\"article:publisher\" content=\"https:\/\/www.instagram.com\/dutchhealthstore\/\" \/>\n<meta property=\"article:modified_time\" content=\"2025-07-31T13:31:43+00:00\" \/>\n<meta property=\"og:image\" content=\"https:\/\/dutchhealthstore.com\/wp-content\/uploads\/2025\/04\/global-healing-darm-detox-kit.jpg\" \/>\n\t<meta property=\"og:image:width\" content=\"530\" \/>\n\t<meta property=\"og:image:height\" content=\"530\" \/>\n\t<meta property=\"og:image:type\" content=\"image\/jpeg\" \/>\n<meta name=\"twitter:card\" content=\"summary_large_image\" \/>\n<meta name=\"twitter:label1\" content=\"Prix\" \/>\n\t<meta name=\"twitter:data1\" content=\"&euro;92,95\" \/>\n\t<meta name=\"twitter:label2\" content=\"Disponibilit\u00e9\" \/>\n\t<meta name=\"twitter:data2\" content=\"En stock\" \/>\n<script type=\"application\/ld+json\" class=\"yoast-schema-graph\">{\"@context\":\"https:\/\/schema.org\",\"@graph\":[{\"@type\":\"WebPage\",\"@id\":\"https:\/\/dutchhealthstore.com\/fr\/product\/colon-cleanse-kit\/\",\"url\":\"https:\/\/dutchhealthstore.com\/fr\/product\/colon-cleanse-kit\/\",\"name\":\"Colon Cleanse Kit - Global Healing\",\"isPartOf\":{\"@id\":\"https:\/\/dutchhealthstore.com\/fr\/#website\"},\"primaryImageOfPage\":{\"@id\":\"https:\/\/dutchhealthstore.com\/fr\/product\/colon-cleanse-kit\/#primaryimage\"},\"image\":{\"@id\":\"https:\/\/dutchhealthstore.com\/fr\/product\/colon-cleanse-kit\/#primaryimage\"},\"thumbnailUrl\":\"https:\/\/dutchhealthstore.com\/wp-content\/uploads\/2025\/04\/global-healing-darm-detox-kit.jpg\",\"datePublished\":\"2025-04-10T07:54:08+00:00\",\"dateModified\":\"2025-07-31T13:31:43+00:00\",\"description\":\"Soutenez votre sant\u00e9 intestinale naturellement avec le kit de nettoyage du c\u00f4lon de Global Healing.\",\"breadcrumb\":{\"@id\":\"https:\/\/dutchhealthstore.com\/fr\/product\/colon-cleanse-kit\/#breadcrumb\"},\"inLanguage\":\"fr-FR\",\"potentialAction\":[{\"@type\":\"ReadAction\",\"target\":[\"https:\/\/dutchhealthstore.com\/fr\/product\/colon-cleanse-kit\/\"]}]},{\"@type\":\"ImageObject\",\"inLanguage\":\"fr-FR\",\"@id\":\"https:\/\/dutchhealthstore.com\/fr\/product\/colon-cleanse-kit\/#primaryimage\",\"url\":\"https:\/\/dutchhealthstore.com\/wp-content\/uploads\/2025\/04\/global-healing-darm-detox-kit.jpg\",\"contentUrl\":\"https:\/\/dutchhealthstore.com\/wp-content\/uploads\/2025\/04\/global-healing-darm-detox-kit.jpg\",\"width\":530,\"height\":530,\"caption\":\"global-healing-darm-detox-kit\"},{\"@type\":\"BreadcrumbList\",\"@id\":\"https:\/\/dutchhealthstore.com\/fr\/product\/colon-cleanse-kit\/#breadcrumb\",\"itemListElement\":[{\"@type\":\"ListItem\",\"position\":1,\"name\":\"Home\",\"item\":\"https:\/\/dutchhealthstore.com\/fr\/\"},{\"@type\":\"ListItem\",\"position\":2,\"name\":\"Shop\",\"item\":\"https:\/\/dutchhealthstore.com\/fr\/shop\/\"},{\"@type\":\"ListItem\",\"position\":3,\"name\":\"Colon Cleanse Kit\"}]},{\"@type\":\"WebSite\",\"@id\":\"https:\/\/dutchhealthstore.com\/fr\/#website\",\"url\":\"https:\/\/dutchhealthstore.com\/fr\/\",\"name\":\"Dutch Health Store\",\"description\":\"Enhance Your Beauty with Organic &amp; Natural Skincare\",\"publisher\":{\"@id\":\"https:\/\/dutchhealthstore.com\/fr\/#organization\"},\"potentialAction\":[{\"@type\":\"SearchAction\",\"target\":{\"@type\":\"EntryPoint\",\"urlTemplate\":\"https:\/\/dutchhealthstore.com\/fr\/?s={search_term_string}\"},\"query-input\":{\"@type\":\"PropertyValueSpecification\",\"valueRequired\":true,\"valueName\":\"search_term_string\"}}],\"inLanguage\":\"fr-FR\"},{\"@type\":\"Organization\",\"@id\":\"https:\/\/dutchhealthstore.com\/fr\/#organization\",\"name\":\"Dutch Health Store\",\"url\":\"https:\/\/dutchhealthstore.com\/fr\/\",\"logo\":{\"@type\":\"ImageObject\",\"inLanguage\":\"fr-FR\",\"@id\":\"https:\/\/dutchhealthstore.com\/fr\/#\/schema\/logo\/image\/\",\"url\":\"https:\/\/dutchhealthstore.com\/wp-content\/uploads\/2020\/08\/logo-dutchhealthstore-jpg-e1599484957574.jpg\",\"contentUrl\":\"https:\/\/dutchhealthstore.com\/wp-content\/uploads\/2020\/08\/logo-dutchhealthstore-jpg-e1599484957574.jpg\",\"width\":400,\"height\":62,\"caption\":\"Dutch Health Store\"},\"image\":{\"@id\":\"https:\/\/dutchhealthstore.com\/fr\/#\/schema\/logo\/image\/\"},\"sameAs\":[\"https:\/\/www.instagram.com\/dutchhealthstore\/\",\"https:\/\/www.facebook.com\/dutchhealthstore\"]}]}<\/script>\n<meta property=\"product:brand\" content=\"Global Healing\" \/>\n<meta property=\"product:price:amount\" content=\"92.95\" \/>\n<meta property=\"product:price:currency\" content=\"EUR\" \/>\n<meta property=\"og:availability\" content=\"instock\" \/>\n<meta property=\"product:availability\" content=\"instock\" \/>\n<meta property=\"product:retailer_item_id\" content=\"GHCK007\" \/>\n<meta property=\"product:condition\" content=\"new\" \/>\n<!-- \/ Yoast SEO Premium plugin. -->","yoast_head_json":{"title":"Colon Cleanse Kit - Global Healing","description":"Soutenez votre sant\u00e9 intestinale naturellement avec le kit de nettoyage du c\u00f4lon de Global Healing.","robots":{"index":"index","follow":"follow","max-snippet":"max-snippet:-1","max-image-preview":"max-image-preview:large","max-video-preview":"max-video-preview:-1"},"canonical":"https:\/\/dutchhealthstore.com\/fr\/product\/colon-cleanse-kit\/","og_locale":"fr_FR","og_type":"article","og_title":"Colon Cleanse Kit - Dutch Health Store","og_description":"Soutenez votre sant\u00e9 intestinale naturellement avec le kit de nettoyage du c\u00f4lon de Global Healing.","og_url":"https:\/\/dutchhealthstore.com\/fr\/product\/colon-cleanse-kit\/","og_site_name":"Dutch Health Store","article_publisher":"https:\/\/www.instagram.com\/dutchhealthstore\/","article_modified_time":"2025-07-31T13:31:43+00:00","og_image":[{"width":530,"height":530,"url":"https:\/\/dutchhealthstore.com\/wp-content\/uploads\/2025\/04\/global-healing-darm-detox-kit.jpg","type":"image\/jpeg"}],"twitter_card":"summary_large_image","twitter_misc":{"Prix":"&euro;92,95","Disponibilit\u00e9":"En stock"},"schema":{"@context":"https:\/\/schema.org","@graph":[{"@type":"WebPage","@id":"https:\/\/dutchhealthstore.com\/fr\/product\/colon-cleanse-kit\/","url":"https:\/\/dutchhealthstore.com\/fr\/product\/colon-cleanse-kit\/","name":"Colon Cleanse Kit - Global Healing","isPartOf":{"@id":"https:\/\/dutchhealthstore.com\/fr\/#website"},"primaryImageOfPage":{"@id":"https:\/\/dutchhealthstore.com\/fr\/product\/colon-cleanse-kit\/#primaryimage"},"image":{"@id":"https:\/\/dutchhealthstore.com\/fr\/product\/colon-cleanse-kit\/#primaryimage"},"thumbnailUrl":"https:\/\/dutchhealthstore.com\/wp-content\/uploads\/2025\/04\/global-healing-darm-detox-kit.jpg","datePublished":"2025-04-10T07:54:08+00:00","dateModified":"2025-07-31T13:31:43+00:00","description":"Soutenez votre sant\u00e9 intestinale naturellement avec le kit de nettoyage du c\u00f4lon de Global Healing.","breadcrumb":{"@id":"https:\/\/dutchhealthstore.com\/fr\/product\/colon-cleanse-kit\/#breadcrumb"},"inLanguage":"fr-FR","potentialAction":[{"@type":"ReadAction","target":["https:\/\/dutchhealthstore.com\/fr\/product\/colon-cleanse-kit\/"]}]},{"@type":"ImageObject","inLanguage":"fr-FR","@id":"https:\/\/dutchhealthstore.com\/fr\/product\/colon-cleanse-kit\/#primaryimage","url":"https:\/\/dutchhealthstore.com\/wp-content\/uploads\/2025\/04\/global-healing-darm-detox-kit.jpg","contentUrl":"https:\/\/dutchhealthstore.com\/wp-content\/uploads\/2025\/04\/global-healing-darm-detox-kit.jpg","width":530,"height":530,"caption":"global-healing-darm-detox-kit"},{"@type":"BreadcrumbList","@id":"https:\/\/dutchhealthstore.com\/fr\/product\/colon-cleanse-kit\/#breadcrumb","itemListElement":[{"@type":"ListItem","position":1,"name":"Home","item":"https:\/\/dutchhealthstore.com\/fr\/"},{"@type":"ListItem","position":2,"name":"Shop","item":"https:\/\/dutchhealthstore.com\/fr\/shop\/"},{"@type":"ListItem","position":3,"name":"Colon Cleanse Kit"}]},{"@type":"WebSite","@id":"https:\/\/dutchhealthstore.com\/fr\/#website","url":"https:\/\/dutchhealthstore.com\/fr\/","name":"Dutch Health Store","description":"Enhance Your Beauty with Organic &amp; Natural Skincare","publisher":{"@id":"https:\/\/dutchhealthstore.com\/fr\/#organization"},"potentialAction":[{"@type":"SearchAction","target":{"@type":"EntryPoint","urlTemplate":"https:\/\/dutchhealthstore.com\/fr\/?s={search_term_string}"},"query-input":{"@type":"PropertyValueSpecification","valueRequired":true,"valueName":"search_term_string"}}],"inLanguage":"fr-FR"},{"@type":"Organization","@id":"https:\/\/dutchhealthstore.com\/fr\/#organization","name":"Dutch Health Store","url":"https:\/\/dutchhealthstore.com\/fr\/","logo":{"@type":"ImageObject","inLanguage":"fr-FR","@id":"https:\/\/dutchhealthstore.com\/fr\/#\/schema\/logo\/image\/","url":"https:\/\/dutchhealthstore.com\/wp-content\/uploads\/2020\/08\/logo-dutchhealthstore-jpg-e1599484957574.jpg","contentUrl":"https:\/\/dutchhealthstore.com\/wp-content\/uploads\/2020\/08\/logo-dutchhealthstore-jpg-e1599484957574.jpg","width":400,"height":62,"caption":"Dutch Health Store"},"image":{"@id":"https:\/\/dutchhealthstore.com\/fr\/#\/schema\/logo\/image\/"},"sameAs":["https:\/\/www.instagram.com\/dutchhealthstore\/","https:\/\/www.facebook.com\/dutchhealthstore"]}]},"product_brand":"Global Healing","product_price_amount":"92.95","product_price_currency":"EUR","og_availability":"instock","product_availability":"instock","product_retailer_item_id":"GHCK007","product_condition":"new"},"_links":{"self":[{"href":"https:\/\/dutchhealthstore.com\/fr\/wp-json\/wp\/v2\/product\/336574","targetHints":{"allow":["GET"]}}],"collection":[{"href":"https:\/\/dutchhealthstore.com\/fr\/wp-json\/wp\/v2\/product"}],"about":[{"href":"https:\/\/dutchhealthstore.com\/fr\/wp-json\/wp\/v2\/types\/product"}],"replies":[{"embeddable":true,"href":"https:\/\/dutchhealthstore.com\/fr\/wp-json\/wp\/v2\/comments?post=336574"}],"wp:featuredmedia":[{"embeddable":true,"href":"https:\/\/dutchhealthstore.com\/fr\/wp-json\/wp\/v2\/media\/336086"}],"wp:attachment":[{"href":"https:\/\/dutchhealthstore.com\/fr\/wp-json\/wp\/v2\/media?parent=336574"}],"wp:term":[{"taxonomy":"product_brand","embeddable":true,"href":"https:\/\/dutchhealthstore.com\/fr\/wp-json\/wp\/v2\/product_brand?post=336574"},{"taxonomy":"product_cat","embeddable":true,"href":"https:\/\/dutchhealthstore.com\/fr\/wp-json\/wp\/v2\/product_cat?post=336574"},{"taxonomy":"product_tag","embeddable":true,"href":"https:\/\/dutchhealthstore.com\/fr\/wp-json\/wp\/v2\/product_tag?post=336574"}],"curies":[{"name":"wp","href":"https:\/\/api.w.org\/{rel}","templated":true}]}}