{"id":310989,"date":"2024-10-10T15:26:17","date_gmt":"2024-10-10T13:26:17","guid":{"rendered":"https:\/\/dutchhealthstore.com\/product\/rusty-houses-with-old-dutch-gables\/"},"modified":"2024-10-10T15:26:17","modified_gmt":"2024-10-10T13:26:17","slug":"rusty-houses-with-old-dutch-gables","status":"publish","type":"product","link":"https:\/\/dutchhealthstore.com\/fr\/product\/rusty-houses-with-old-dutch-gables\/","title":{"rendered":"Rusty houses with old-Dutch gables"},"content":{"rendered":"<p>Nous sommes, bien s\u00fbr, une entreprise n\u00e9erlandaise et nous sommes fiers de nos racines. Bien que pour beaucoup de gens notre pays soit plus connu que les traditionnelles tulipes, chaussures en bois et moulins \u00e0 vent, il y a bien s\u00fbr d&rsquo;autres choses typiquement hollandaises. L&rsquo;une d&rsquo;entre elles est la magnifique fa\u00e7ade des maisons m\u00e9di\u00e9vales que l&rsquo;on trouve encore aujourd&rsquo;hui, surtout \u00e0 Amsterdam, mais heureusement dans plusieurs villes de notre beau pays. Aussi, lorsque nous sommes tomb\u00e9s sur ces magnifiques maisons, nous avons \u00e9t\u00e9 imm\u00e9diatement s\u00e9duits !<\/p>\n<p>En automne, mais surtout en hiver, \u00e0 l&rsquo;approche de No\u00ebl, ces belles maisons rouill\u00e9es sont de v\u00e9ritables cr\u00e9ateurs d&rsquo;ambiance dans votre int\u00e9rieur ! Avec une lumi\u00e8re (LED ou autre) dans les maisons, l&rsquo;ambiance est compl\u00e8te. Le m\u00e9tal est joliment rouill\u00e9, ce qui lui conf\u00e8re une atmosph\u00e8re authentique. Une ou plusieurs de ces maisons rendront votre espace de vie confortable et chaleureux ! Les maisons sont vendues s\u00e9par\u00e9ment, mais aussi dans un set o\u00f9 vous recevez une maison de chaque mod\u00e8le. Les lampes \u00e0 cire Led que nous utilisons sont \u00e9galement disponibles chez nous.<\/p>\n<p>Nous avons<\/p>\n<ul>\n<li>Stepped Gable (11 cm)<\/li>\n<li>Spout Gable (13 cm)<\/li>\n<li>Neck Gable (13 cm)<\/li>\n<\/ul>\n<p>Dutch Home &amp; Living est constamment \u00e0 la recherche de beaux objets pour am\u00e9liorer non seulement vos soins int\u00e9rieurs et ext\u00e9rieurs, mais aussi l&rsquo;atmosph\u00e8re dans et autour de votre maison, car nous pensons que votre environnement a une grande influence sur votre sentiment de bien-\u00eatre.<\/p>\n<p><strong>Attention :<\/strong> lorsque vous utilisez des bougies chauffe-plat, ces maisons deviennent tr\u00e8s chaudes. Ne les placez donc pas sur des surfaces ou contre des produits inflammables.<\/p>\n<p>&nbsp;<\/p>\n","protected":false},"excerpt":{"rendered":"<p>V\u00e9ritables cr\u00e9ateurs d&rsquo;ambiance dans votre maison, ils conf\u00e8rent une atmosph\u00e8re chaleureuse \u00e0 l&rsquo;automne ou \u00e0 l&rsquo;hiver.<\/p>\n","protected":false},"featured_media":308419,"comment_status":"open","ping_status":"closed","template":"","meta":[],"product_brand":[],"product_cat":[16018,6642,17398,1209,1030,1010,6733],"product_tag":[21319],"class_list":{"0":"post-310989","1":"product","2":"type-product","3":"status-publish","4":"has-post-thumbnail","6":"product_cat-dutch-health-store-fr","7":"product_cat-family-fr","8":"product_cat-maison-et-habitat","9":"product_cat-par-marques","10":"product_cat-par-produits","11":"product_cat-notre-boutique","12":"product_cat-wellness-fr-2","13":"product_tag-maison-et-habitat","14":"pa_brand-maison-et-habitat-neerlandais","15":"pa_colo-neck-gable-fr","16":"pa_colo-set-of-3-gables-fr","17":"pa_colo-spout-gable-fr","18":"pa_colo-stepped-gable-fr","19":"pa_home-living-decoration-fr","20":"pa_home-living-seasonal-fr","21":"pa_size-11-13-cm-fr","23":"first","24":"instock","25":"taxable","26":"shipping-taxable","27":"purchasable","28":"product-type-variable"},"bundled_by":[],"bundle_stock_status":"instock","bundle_stock_quantity":null,"bundle_virtual":false,"bundle_layout":"","bundle_add_to_cart_form_location":"","bundle_editable_in_cart":false,"bundle_sold_individually_context":"","bundle_item_grouping":"","bundle_min_size":"","bundle_max_size":"","bundle_price":[],"bundled_items":[],"bundle_sell_ids":[],"atum_controlled":true,"out_stock_date":null,"out_stock_threshold":null,"inheritable":true,"stock_on_hold":0,"sold_today":0,"sales_last_days":0,"out_stock_days":0,"lost_sales":0,"update_date":"2026-04-15T00:03:54","atum_locations":[],"atum_stock_status":"instock","restock_status":false,"low_stock_amount":"","sales_update_date":"2026-04-15T00:03:54","calc_backorders":null,"group_of_quantity":0,"min_quantity":0,"max_quantity":"","exclude_order_quantity_value_rules":"no","exclude_category_quantity_rules":"no","combine_variations":"no","yoast_head":"<!-- This site is optimized with the Yoast SEO Premium plugin v26.5 (Yoast SEO v26.5) - https:\/\/yoast.com\/wordpress\/plugins\/seo\/ -->\n<title>Rusty houses with old-Dutch gables - Dutch Health Store<\/title>\n<meta name=\"description\" content=\"Les petits fours dans votre maison vous permettent de profiter pleinement de l&#039;hiver.\" \/>\n<meta name=\"robots\" content=\"index, follow, max-snippet:-1, max-image-preview:large, max-video-preview:-1\" \/>\n<link rel=\"canonical\" href=\"https:\/\/dutchhealthstore.com\/fr\/product\/rusty-houses-with-old-dutch-gables\/\" \/>\n<meta property=\"og:locale\" content=\"fr_FR\" \/>\n<meta property=\"og:type\" content=\"article\" \/>\n<meta property=\"og:title\" content=\"Rusty houses with old-Dutch gables - Dutch Health Store\" \/>\n<meta property=\"og:description\" content=\"Les petits fours dans votre maison vous permettent de profiter pleinement de l&#039;hiver.\" \/>\n<meta property=\"og:url\" content=\"https:\/\/dutchhealthstore.com\/fr\/product\/rusty-houses-with-old-dutch-gables\/\" \/>\n<meta property=\"og:site_name\" content=\"Dutch Health Store\" \/>\n<meta property=\"article:publisher\" content=\"https:\/\/www.instagram.com\/dutchhealthstore\/\" \/>\n<meta property=\"og:image\" content=\"https:\/\/dutchhealthstore.com\/wp-content\/uploads\/2024\/10\/1728392189987.jpg\" \/>\n\t<meta property=\"og:image:width\" content=\"530\" \/>\n\t<meta property=\"og:image:height\" content=\"530\" \/>\n\t<meta property=\"og:image:type\" content=\"image\/jpeg\" \/>\n<meta name=\"twitter:card\" content=\"summary_large_image\" \/>\n<meta name=\"twitter:label1\" content=\"Disponibilit\u00e9\" \/>\n\t<meta name=\"twitter:data1\" content=\"En stock\" \/>\n<script type=\"application\/ld+json\" class=\"yoast-schema-graph\">{\"@context\":\"https:\/\/schema.org\",\"@graph\":[{\"@type\":\"WebPage\",\"@id\":\"https:\/\/dutchhealthstore.com\/fr\/product\/rusty-houses-with-old-dutch-gables\/\",\"url\":\"https:\/\/dutchhealthstore.com\/fr\/product\/rusty-houses-with-old-dutch-gables\/\",\"name\":\"Rusty houses with old-Dutch gables - Dutch Health Store\",\"isPartOf\":{\"@id\":\"https:\/\/dutchhealthstore.com\/fr\/#website\"},\"primaryImageOfPage\":{\"@id\":\"https:\/\/dutchhealthstore.com\/fr\/product\/rusty-houses-with-old-dutch-gables\/#primaryimage\"},\"image\":{\"@id\":\"https:\/\/dutchhealthstore.com\/fr\/product\/rusty-houses-with-old-dutch-gables\/#primaryimage\"},\"thumbnailUrl\":\"https:\/\/dutchhealthstore.com\/wp-content\/uploads\/2024\/10\/1728392189987.jpg\",\"datePublished\":\"2024-10-10T13:26:17+00:00\",\"description\":\"Les petits fours dans votre maison vous permettent de profiter pleinement de l'hiver.\",\"breadcrumb\":{\"@id\":\"https:\/\/dutchhealthstore.com\/fr\/product\/rusty-houses-with-old-dutch-gables\/#breadcrumb\"},\"inLanguage\":\"fr-FR\",\"potentialAction\":[{\"@type\":\"ReadAction\",\"target\":[\"https:\/\/dutchhealthstore.com\/fr\/product\/rusty-houses-with-old-dutch-gables\/\"]}]},{\"@type\":\"ImageObject\",\"inLanguage\":\"fr-FR\",\"@id\":\"https:\/\/dutchhealthstore.com\/fr\/product\/rusty-houses-with-old-dutch-gables\/#primaryimage\",\"url\":\"https:\/\/dutchhealthstore.com\/wp-content\/uploads\/2024\/10\/1728392189987.jpg\",\"contentUrl\":\"https:\/\/dutchhealthstore.com\/wp-content\/uploads\/2024\/10\/1728392189987.jpg\",\"width\":530,\"height\":530,\"caption\":\"dsh-rusty-houses\"},{\"@type\":\"BreadcrumbList\",\"@id\":\"https:\/\/dutchhealthstore.com\/fr\/product\/rusty-houses-with-old-dutch-gables\/#breadcrumb\",\"itemListElement\":[{\"@type\":\"ListItem\",\"position\":1,\"name\":\"Home\",\"item\":\"https:\/\/dutchhealthstore.com\/fr\/\"},{\"@type\":\"ListItem\",\"position\":2,\"name\":\"Shop\",\"item\":\"https:\/\/dutchhealthstore.com\/fr\/shop\/\"},{\"@type\":\"ListItem\",\"position\":3,\"name\":\"Rusty houses with old-Dutch gables\"}]},{\"@type\":\"WebSite\",\"@id\":\"https:\/\/dutchhealthstore.com\/fr\/#website\",\"url\":\"https:\/\/dutchhealthstore.com\/fr\/\",\"name\":\"Dutch Health Store\",\"description\":\"Enhance Your Beauty with Organic &amp; Natural Skincare\",\"publisher\":{\"@id\":\"https:\/\/dutchhealthstore.com\/fr\/#organization\"},\"potentialAction\":[{\"@type\":\"SearchAction\",\"target\":{\"@type\":\"EntryPoint\",\"urlTemplate\":\"https:\/\/dutchhealthstore.com\/fr\/?s={search_term_string}\"},\"query-input\":{\"@type\":\"PropertyValueSpecification\",\"valueRequired\":true,\"valueName\":\"search_term_string\"}}],\"inLanguage\":\"fr-FR\"},{\"@type\":\"Organization\",\"@id\":\"https:\/\/dutchhealthstore.com\/fr\/#organization\",\"name\":\"Dutch Health Store\",\"url\":\"https:\/\/dutchhealthstore.com\/fr\/\",\"logo\":{\"@type\":\"ImageObject\",\"inLanguage\":\"fr-FR\",\"@id\":\"https:\/\/dutchhealthstore.com\/fr\/#\/schema\/logo\/image\/\",\"url\":\"https:\/\/dutchhealthstore.com\/wp-content\/uploads\/2020\/08\/logo-dutchhealthstore-jpg-e1599484957574.jpg\",\"contentUrl\":\"https:\/\/dutchhealthstore.com\/wp-content\/uploads\/2020\/08\/logo-dutchhealthstore-jpg-e1599484957574.jpg\",\"width\":400,\"height\":62,\"caption\":\"Dutch Health Store\"},\"image\":{\"@id\":\"https:\/\/dutchhealthstore.com\/fr\/#\/schema\/logo\/image\/\"},\"sameAs\":[\"https:\/\/www.instagram.com\/dutchhealthstore\/\",\"https:\/\/www.facebook.com\/dutchhealthstore\"]}]}<\/script>\n<meta property=\"product:brand\" content=\"Maison et habitat n\u00e9erlandais\" \/>\n<meta property=\"og:availability\" content=\"instock\" \/>\n<meta property=\"product:availability\" content=\"instock\" \/>\n<meta property=\"product:condition\" content=\"new\" \/>\n<!-- \/ Yoast SEO Premium plugin. -->","yoast_head_json":{"title":"Rusty houses with old-Dutch gables - Dutch Health Store","description":"Les petits fours dans votre maison vous permettent de profiter pleinement de l'hiver.","robots":{"index":"index","follow":"follow","max-snippet":"max-snippet:-1","max-image-preview":"max-image-preview:large","max-video-preview":"max-video-preview:-1"},"canonical":"https:\/\/dutchhealthstore.com\/fr\/product\/rusty-houses-with-old-dutch-gables\/","og_locale":"fr_FR","og_type":"article","og_title":"Rusty houses with old-Dutch gables - Dutch Health Store","og_description":"Les petits fours dans votre maison vous permettent de profiter pleinement de l'hiver.","og_url":"https:\/\/dutchhealthstore.com\/fr\/product\/rusty-houses-with-old-dutch-gables\/","og_site_name":"Dutch Health Store","article_publisher":"https:\/\/www.instagram.com\/dutchhealthstore\/","og_image":[{"width":530,"height":530,"url":"https:\/\/dutchhealthstore.com\/wp-content\/uploads\/2024\/10\/1728392189987.jpg","type":"image\/jpeg"}],"twitter_card":"summary_large_image","twitter_misc":{"Disponibilit\u00e9":"En stock"},"schema":{"@context":"https:\/\/schema.org","@graph":[{"@type":"WebPage","@id":"https:\/\/dutchhealthstore.com\/fr\/product\/rusty-houses-with-old-dutch-gables\/","url":"https:\/\/dutchhealthstore.com\/fr\/product\/rusty-houses-with-old-dutch-gables\/","name":"Rusty houses with old-Dutch gables - Dutch Health Store","isPartOf":{"@id":"https:\/\/dutchhealthstore.com\/fr\/#website"},"primaryImageOfPage":{"@id":"https:\/\/dutchhealthstore.com\/fr\/product\/rusty-houses-with-old-dutch-gables\/#primaryimage"},"image":{"@id":"https:\/\/dutchhealthstore.com\/fr\/product\/rusty-houses-with-old-dutch-gables\/#primaryimage"},"thumbnailUrl":"https:\/\/dutchhealthstore.com\/wp-content\/uploads\/2024\/10\/1728392189987.jpg","datePublished":"2024-10-10T13:26:17+00:00","description":"Les petits fours dans votre maison vous permettent de profiter pleinement de l'hiver.","breadcrumb":{"@id":"https:\/\/dutchhealthstore.com\/fr\/product\/rusty-houses-with-old-dutch-gables\/#breadcrumb"},"inLanguage":"fr-FR","potentialAction":[{"@type":"ReadAction","target":["https:\/\/dutchhealthstore.com\/fr\/product\/rusty-houses-with-old-dutch-gables\/"]}]},{"@type":"ImageObject","inLanguage":"fr-FR","@id":"https:\/\/dutchhealthstore.com\/fr\/product\/rusty-houses-with-old-dutch-gables\/#primaryimage","url":"https:\/\/dutchhealthstore.com\/wp-content\/uploads\/2024\/10\/1728392189987.jpg","contentUrl":"https:\/\/dutchhealthstore.com\/wp-content\/uploads\/2024\/10\/1728392189987.jpg","width":530,"height":530,"caption":"dsh-rusty-houses"},{"@type":"BreadcrumbList","@id":"https:\/\/dutchhealthstore.com\/fr\/product\/rusty-houses-with-old-dutch-gables\/#breadcrumb","itemListElement":[{"@type":"ListItem","position":1,"name":"Home","item":"https:\/\/dutchhealthstore.com\/fr\/"},{"@type":"ListItem","position":2,"name":"Shop","item":"https:\/\/dutchhealthstore.com\/fr\/shop\/"},{"@type":"ListItem","position":3,"name":"Rusty houses with old-Dutch gables"}]},{"@type":"WebSite","@id":"https:\/\/dutchhealthstore.com\/fr\/#website","url":"https:\/\/dutchhealthstore.com\/fr\/","name":"Dutch Health Store","description":"Enhance Your Beauty with Organic &amp; Natural Skincare","publisher":{"@id":"https:\/\/dutchhealthstore.com\/fr\/#organization"},"potentialAction":[{"@type":"SearchAction","target":{"@type":"EntryPoint","urlTemplate":"https:\/\/dutchhealthstore.com\/fr\/?s={search_term_string}"},"query-input":{"@type":"PropertyValueSpecification","valueRequired":true,"valueName":"search_term_string"}}],"inLanguage":"fr-FR"},{"@type":"Organization","@id":"https:\/\/dutchhealthstore.com\/fr\/#organization","name":"Dutch Health Store","url":"https:\/\/dutchhealthstore.com\/fr\/","logo":{"@type":"ImageObject","inLanguage":"fr-FR","@id":"https:\/\/dutchhealthstore.com\/fr\/#\/schema\/logo\/image\/","url":"https:\/\/dutchhealthstore.com\/wp-content\/uploads\/2020\/08\/logo-dutchhealthstore-jpg-e1599484957574.jpg","contentUrl":"https:\/\/dutchhealthstore.com\/wp-content\/uploads\/2020\/08\/logo-dutchhealthstore-jpg-e1599484957574.jpg","width":400,"height":62,"caption":"Dutch Health Store"},"image":{"@id":"https:\/\/dutchhealthstore.com\/fr\/#\/schema\/logo\/image\/"},"sameAs":["https:\/\/www.instagram.com\/dutchhealthstore\/","https:\/\/www.facebook.com\/dutchhealthstore"]}]},"product_brand":"Maison et habitat n\u00e9erlandais","og_availability":"instock","product_availability":"instock","product_condition":"new"},"_links":{"self":[{"href":"https:\/\/dutchhealthstore.com\/fr\/wp-json\/wp\/v2\/product\/310989","targetHints":{"allow":["GET"]}}],"collection":[{"href":"https:\/\/dutchhealthstore.com\/fr\/wp-json\/wp\/v2\/product"}],"about":[{"href":"https:\/\/dutchhealthstore.com\/fr\/wp-json\/wp\/v2\/types\/product"}],"replies":[{"embeddable":true,"href":"https:\/\/dutchhealthstore.com\/fr\/wp-json\/wp\/v2\/comments?post=310989"}],"wp:featuredmedia":[{"embeddable":true,"href":"https:\/\/dutchhealthstore.com\/fr\/wp-json\/wp\/v2\/media\/308419"}],"wp:attachment":[{"href":"https:\/\/dutchhealthstore.com\/fr\/wp-json\/wp\/v2\/media?parent=310989"}],"wp:term":[{"taxonomy":"product_brand","embeddable":true,"href":"https:\/\/dutchhealthstore.com\/fr\/wp-json\/wp\/v2\/product_brand?post=310989"},{"taxonomy":"product_cat","embeddable":true,"href":"https:\/\/dutchhealthstore.com\/fr\/wp-json\/wp\/v2\/product_cat?post=310989"},{"taxonomy":"product_tag","embeddable":true,"href":"https:\/\/dutchhealthstore.com\/fr\/wp-json\/wp\/v2\/product_tag?post=310989"}],"curies":[{"name":"wp","href":"https:\/\/api.w.org\/{rel}","templated":true}]}}