{"id":306903,"date":"2024-09-24T15:15:54","date_gmt":"2024-09-24T13:15:54","guid":{"rendered":"https:\/\/dutchhealthstore.com\/product\/forest-cologne-sweetgrass-song\/"},"modified":"2025-10-28T10:47:44","modified_gmt":"2025-10-28T09:47:44","slug":"forest-cologne-sweetgrass-song","status":"publish","type":"product","link":"https:\/\/dutchhealthstore.com\/fr\/product\/forest-cologne-sweetgrass-song\/","title":{"rendered":"Forest Cologne &#8211; Sweetgrass Song"},"content":{"rendered":"<h3><img decoding=\"async\" class=\"alignright size-full wp-image-37041\" src=\"https:\/\/dutchhealthstore.com\/wp-content\/uploads\/2018\/04\/Living_Libations-1.png\" alt=\"Organic &amp; Natural Beautyproducts - Living Libations\" width=\"175\" height=\"82\">L&rsquo;exp\u00e9rience olfactive<\/h3>\n<p>La r\u00e9sonance douce et terreuse de cet \u00e9lixir purifiant inspire la paix de l&rsquo;esprit, invitant \u00e0 respirer profond\u00e9ment les ar\u00f4mes d&rsquo;\u00e9t\u00e9 qui apaisent l&rsquo;\u00e2me. Un pschitt de ce m\u00e9lange herbac\u00e9 enveloppe la peau et l&rsquo;esprit d&rsquo;une brise chaude, parfum\u00e9e \u00e0 la vanille, touch\u00e9e par le tabac de c\u00e9r\u00e9monie et les prairies ensoleill\u00e9es de foin d&rsquo;odeur et de marjolaine. Les notes de foin fauch\u00e9 s&rsquo;attardent, \u00e9levant les sens avec un rappel serein de savourer chaque moment de jeu et de pri\u00e8re.<\/p>\n<h3>Comment utiliser<\/h3>\n<p>Laissez Sweetgrass Song purifier votre esprit et votre environnement. Vaporisez sur le corps, le cou, les points de pulsation, les mains ou les cheveux, et profitez-en comme d&rsquo;une brume aromatique rafra\u00eechissante pour l&rsquo;air et votre aura.<\/p>\n<p><strong>Taille : 5 ml<\/strong><\/p>\n<h3 class=\"yikes-custom-woo-tab-title yikes-custom-woo-tab-title-natural-organic-ingredients\">Ingr\u00e9dients Naturels\/Biologiques<\/h3>\n<p><em>Anthoxanthum odoratum<\/em> &#8211; <em>(Anthoxanthum odoratum)<\/em><br \/>\n\u00c9galement connu sous le nom de vanille-herbe, ce parfum recherch\u00e9 d\u00e9gage l&rsquo;essence des douces prairies d&rsquo;\u00e9t\u00e9 avec des notes coumariniques de tr\u00e8fle et d&rsquo;herbe fra\u00eechement coup\u00e9e. Distill\u00e9e dans la France m\u00e9diterran\u00e9enne, la flouve apporte un parfum herbac\u00e9, proche du foin, teint\u00e9 de notes miell\u00e9es de vanille. Steffen Arctander le d\u00e9crit comme \u00ab\u00a0une odeur douce, herbac\u00e9e, de tabac et coumarinique\u00a0\u00bb, \u00e0 la fois complexe et puissamment p\u00e9n\u00e9trante, ce qui en fait un favori dans le monde de la parfumerie.<\/p>\n<p><strong>Foin <\/strong>&#8211; <em>(Hierochloe alpina)<\/em><br \/>\nCapturant l&rsquo;ar\u00f4me nostalgique du foin d&rsquo;\u00e9t\u00e9 s\u00e9ch\u00e9 au soleil, cette huile essentielle apporte un parfum doux et balsamique qui \u00e9voque la tranquillit\u00e9 d&rsquo;une journ\u00e9e \u00e0 la campagne. R\u00e9colt\u00e9 et s\u00e9ch\u00e9 au soleil pendant des mois, l&rsquo;ar\u00f4me r\u00e9confortant et doux du foin ajoute une note de c\u0153ur riche et durable \u00e0 ce parfum.<\/p>\n<p><strong>Citron vert <\/strong>&#8211; <em>(Citrus limon)<\/em><br \/>\nAvec un zeste rappelant la bergamote et la verveine citronn\u00e9e, le citron vert ajoute une note de t\u00eate lumineuse et ensoleill\u00e9e au m\u00e9lange. Cette distillation apporte un ar\u00f4me d&rsquo;agrumes rafra\u00eechissant qui remplit l&rsquo;air de l&rsquo;essence d&rsquo;un \u00e9t\u00e9 sicilien.<\/p>\n<p><strong>Absolu de sapin baumier <\/strong>&#8211; <em>(Abies balsamea)<\/em><br \/>\nCe parfum festif \u00e9quilibre des notes balsamiques avec des nuances fruit\u00e9es, semblables \u00e0 celles de la fraise. Selon Thoreau, les pousses fra\u00eeches du sapin baumier d\u00e9gagent un remarquable parfum de fraise. Sa puissance est souvent sous-estim\u00e9e, alors qu&rsquo;elle apporte une grande profondeur aux bases foug\u00e8res et chypr\u00e9es.<\/p>\n<p><strong>Marjolaine douce <\/strong>&#8211; <em>(Origanum marjorana)<\/em><br \/>\nHerbe apaisante \u00e0 l&rsquo;ar\u00f4me chaud et p\u00e9n\u00e9trant, la marjolaine douce est v\u00e9n\u00e9r\u00e9e pour sa capacit\u00e9 \u00e0 d\u00e9tendre les muscles, \u00e0 calmer l&rsquo;esprit et \u00e0 r\u00e9concilier le c\u0153ur. Son parfum de prairie moelleuse purifie le corps et l&rsquo;esprit.<\/p>\n<p><strong>Alcool de raisin biodynamique <\/strong>&#8211; Cet alcool biologique triplement filtr\u00e9 sert de support aux essences botaniques, leur permettant d&rsquo;infuser la peau. Il est produit \u00e0 partir de vins certifi\u00e9s biologiques et r\u00e9pond \u00e0 des normes de puret\u00e9 de niveau pharmaceutique.<\/p>\n<p><img fetchpriority=\"high\" decoding=\"async\" class=\"aligncenter size-full wp-image-31577\" src=\"https:\/\/dutchhealthstore.com\/wp-content\/uploads\/2018\/03\/organic_big.png\" alt=\"Organic and Natural - Living Libations\" width=\"623\" height=\"103\" srcset=\"https:\/\/dutchhealthstore.com\/wp-content\/uploads\/2018\/03\/organic_big.png 623w, https:\/\/dutchhealthstore.com\/wp-content\/uploads\/2018\/03\/organic_big-510x84.png 510w, https:\/\/dutchhealthstore.com\/wp-content\/uploads\/2018\/03\/organic_big-600x99.png 600w, https:\/\/dutchhealthstore.com\/wp-content\/uploads\/2018\/03\/organic_big-350x58.png 350w\" sizes=\"(max-width: 623px) 100vw, 623px\" \/><\/p>\n","protected":false},"excerpt":{"rendered":"<p>SweetGrass Song de Living Libations capture l&rsquo;essence de l&rsquo;\u00e9t\u00e9, en m\u00e9langeant des notes de Sweet Vernal-Vanilla Grass, de foin, de marjolaine, de citron vert et d&rsquo;absolu de sapin baumier. Cette cologne herbac\u00e9e et terreuse purifie et harmonise, offrant un parfum spirituel et paisible qui rappelle les prairies ensoleill\u00e9es et les brises chaudes de l&rsquo;\u00e9t\u00e9.<\/p>\n","protected":false},"featured_media":354812,"comment_status":"open","ping_status":"closed","template":"","meta":[],"product_brand":[],"product_cat":[1507,1211,3756,1209,1030,6697,1010],"product_tag":[6739],"class_list":{"0":"post-306903","1":"product","2":"type-product","3":"status-publish","4":"has-post-thumbnail","6":"product_cat-plantes-huiles-essentielles-living-libations","7":"product_cat-living-libations-france","8":"product_cat-melanges","9":"product_cat-par-marques","10":"product_cat-par-produits","11":"product_cat-fragrances-fr","12":"product_cat-notre-boutique","13":"product_tag-perfume-fr","14":"pa_brand-livinglibations-fr","15":"pa_fragrances-product-type-colognes-fr","16":"pa_fragrances-product-type-for-him-fr","17":"pa_size-5-ml-fr","18":"pa_size-30-ml-3-fr","20":"first","21":"instock","22":"taxable","23":"shipping-taxable","24":"purchasable","25":"product-type-variable"},"bundled_by":[],"bundle_stock_status":"instock","bundle_stock_quantity":5,"bundle_virtual":false,"bundle_layout":"","bundle_add_to_cart_form_location":"","bundle_editable_in_cart":false,"bundle_sold_individually_context":"","bundle_item_grouping":"","bundle_min_size":"","bundle_max_size":"","bundle_price":[],"bundled_items":[],"bundle_sell_ids":[266281],"atum_controlled":true,"out_stock_date":null,"out_stock_threshold":null,"inheritable":true,"stock_on_hold":0,"sold_today":0,"sales_last_days":0,"out_stock_days":0,"lost_sales":0,"update_date":"2026-04-09T11:41:15","atum_locations":[],"atum_stock_status":"instock","restock_status":false,"low_stock_amount":"","sales_update_date":"2026-04-09T11:41:15","calc_backorders":null,"group_of_quantity":0,"min_quantity":0,"max_quantity":"","exclude_order_quantity_value_rules":"no","exclude_category_quantity_rules":"no","combine_variations":"no","yoast_head":"<!-- This site is optimized with the Yoast SEO Premium plugin v26.5 (Yoast SEO v26.5) - https:\/\/yoast.com\/wordpress\/plugins\/seo\/ -->\n<title>Forest Cologne - Sweetgrass Song | Living Libations<\/title>\n<meta name=\"description\" content=\"SweetGrass Song est une eau de Cologne qui \u00e9voque l&#039;essence de l&#039;\u00e9t\u00e9 avec des notes de foin d&#039;odeur, de vanille et de marjolaine pour une exp\u00e9rience olfactive terreuse.\" \/>\n<meta name=\"robots\" content=\"index, follow, max-snippet:-1, max-image-preview:large, max-video-preview:-1\" \/>\n<link rel=\"canonical\" href=\"https:\/\/dutchhealthstore.com\/fr\/product\/forest-cologne-sweetgrass-song\/\" \/>\n<meta property=\"og:locale\" content=\"fr_FR\" \/>\n<meta property=\"og:type\" content=\"article\" \/>\n<meta property=\"og:title\" content=\"Forest Cologne - Sweetgrass Song - Dutch Health Store\" \/>\n<meta property=\"og:description\" content=\"SweetGrass Song est une eau de Cologne qui \u00e9voque l&#039;essence de l&#039;\u00e9t\u00e9 avec des notes de foin d&#039;odeur, de vanille et de marjolaine pour une exp\u00e9rience olfactive terreuse.\" \/>\n<meta property=\"og:url\" content=\"https:\/\/dutchhealthstore.com\/fr\/product\/forest-cologne-sweetgrass-song\/\" \/>\n<meta property=\"og:site_name\" content=\"Dutch Health Store\" \/>\n<meta property=\"article:publisher\" content=\"https:\/\/www.instagram.com\/dutchhealthstore\/\" \/>\n<meta property=\"article:modified_time\" content=\"2025-10-28T09:47:44+00:00\" \/>\n<meta property=\"og:image\" content=\"https:\/\/dutchhealthstore.com\/wp-content\/uploads\/2024\/09\/SweetGrassSong5ml_closed_1024x1024@2x.webp\" \/>\n\t<meta property=\"og:image:width\" content=\"1500\" \/>\n\t<meta property=\"og:image:height\" content=\"1500\" \/>\n\t<meta property=\"og:image:type\" content=\"image\/webp\" \/>\n<meta name=\"twitter:card\" content=\"summary_large_image\" \/>\n<meta name=\"twitter:label1\" content=\"Disponibilit\u00e9\" \/>\n\t<meta name=\"twitter:data1\" content=\"En stock\" \/>\n<script type=\"application\/ld+json\" class=\"yoast-schema-graph\">{\"@context\":\"https:\/\/schema.org\",\"@graph\":[{\"@type\":\"WebPage\",\"@id\":\"https:\/\/dutchhealthstore.com\/fr\/product\/forest-cologne-sweetgrass-song\/\",\"url\":\"https:\/\/dutchhealthstore.com\/fr\/product\/forest-cologne-sweetgrass-song\/\",\"name\":\"Forest Cologne - Sweetgrass Song | Living Libations\",\"isPartOf\":{\"@id\":\"https:\/\/dutchhealthstore.com\/fr\/#website\"},\"primaryImageOfPage\":{\"@id\":\"https:\/\/dutchhealthstore.com\/fr\/product\/forest-cologne-sweetgrass-song\/#primaryimage\"},\"image\":{\"@id\":\"https:\/\/dutchhealthstore.com\/fr\/product\/forest-cologne-sweetgrass-song\/#primaryimage\"},\"thumbnailUrl\":\"https:\/\/dutchhealthstore.com\/wp-content\/uploads\/2025\/09\/living-libations-sweetgrass-song-30ml.jpg\",\"datePublished\":\"2024-09-24T13:15:54+00:00\",\"dateModified\":\"2025-10-28T09:47:44+00:00\",\"description\":\"SweetGrass Song est une eau de Cologne qui \u00e9voque l'essence de l'\u00e9t\u00e9 avec des notes de foin d'odeur, de vanille et de marjolaine pour une exp\u00e9rience olfactive terreuse.\",\"breadcrumb\":{\"@id\":\"https:\/\/dutchhealthstore.com\/fr\/product\/forest-cologne-sweetgrass-song\/#breadcrumb\"},\"inLanguage\":\"fr-FR\",\"potentialAction\":[{\"@type\":\"ReadAction\",\"target\":[\"https:\/\/dutchhealthstore.com\/fr\/product\/forest-cologne-sweetgrass-song\/\"]}]},{\"@type\":\"ImageObject\",\"inLanguage\":\"fr-FR\",\"@id\":\"https:\/\/dutchhealthstore.com\/fr\/product\/forest-cologne-sweetgrass-song\/#primaryimage\",\"url\":\"https:\/\/dutchhealthstore.com\/wp-content\/uploads\/2025\/09\/living-libations-sweetgrass-song-30ml.jpg\",\"contentUrl\":\"https:\/\/dutchhealthstore.com\/wp-content\/uploads\/2025\/09\/living-libations-sweetgrass-song-30ml.jpg\",\"width\":530,\"height\":530,\"caption\":\"living-libations-sweetgrass-song-30ml\"},{\"@type\":\"BreadcrumbList\",\"@id\":\"https:\/\/dutchhealthstore.com\/fr\/product\/forest-cologne-sweetgrass-song\/#breadcrumb\",\"itemListElement\":[{\"@type\":\"ListItem\",\"position\":1,\"name\":\"Home\",\"item\":\"https:\/\/dutchhealthstore.com\/fr\/\"},{\"@type\":\"ListItem\",\"position\":2,\"name\":\"Shop\",\"item\":\"https:\/\/dutchhealthstore.com\/fr\/shop\/\"},{\"@type\":\"ListItem\",\"position\":3,\"name\":\"Forest Cologne &#8211; Sweetgrass Song\"}]},{\"@type\":\"WebSite\",\"@id\":\"https:\/\/dutchhealthstore.com\/fr\/#website\",\"url\":\"https:\/\/dutchhealthstore.com\/fr\/\",\"name\":\"Dutch Health Store\",\"description\":\"Enhance Your Beauty with Organic &amp; Natural Skincare\",\"publisher\":{\"@id\":\"https:\/\/dutchhealthstore.com\/fr\/#organization\"},\"potentialAction\":[{\"@type\":\"SearchAction\",\"target\":{\"@type\":\"EntryPoint\",\"urlTemplate\":\"https:\/\/dutchhealthstore.com\/fr\/?s={search_term_string}\"},\"query-input\":{\"@type\":\"PropertyValueSpecification\",\"valueRequired\":true,\"valueName\":\"search_term_string\"}}],\"inLanguage\":\"fr-FR\"},{\"@type\":\"Organization\",\"@id\":\"https:\/\/dutchhealthstore.com\/fr\/#organization\",\"name\":\"Dutch Health Store\",\"url\":\"https:\/\/dutchhealthstore.com\/fr\/\",\"logo\":{\"@type\":\"ImageObject\",\"inLanguage\":\"fr-FR\",\"@id\":\"https:\/\/dutchhealthstore.com\/fr\/#\/schema\/logo\/image\/\",\"url\":\"https:\/\/dutchhealthstore.com\/wp-content\/uploads\/2020\/08\/logo-dutchhealthstore-jpg-e1599484957574.jpg\",\"contentUrl\":\"https:\/\/dutchhealthstore.com\/wp-content\/uploads\/2020\/08\/logo-dutchhealthstore-jpg-e1599484957574.jpg\",\"width\":400,\"height\":62,\"caption\":\"Dutch Health Store\"},\"image\":{\"@id\":\"https:\/\/dutchhealthstore.com\/fr\/#\/schema\/logo\/image\/\"},\"sameAs\":[\"https:\/\/www.instagram.com\/dutchhealthstore\/\",\"https:\/\/www.facebook.com\/dutchhealthstore\"]}]}<\/script>\n<meta property=\"product:brand\" content=\"Living Libations\" \/>\n<meta property=\"og:availability\" content=\"instock\" \/>\n<meta property=\"product:availability\" content=\"instock\" \/>\n<meta property=\"product:condition\" content=\"new\" \/>\n<!-- \/ Yoast SEO Premium plugin. -->","yoast_head_json":{"title":"Forest Cologne - Sweetgrass Song | Living Libations","description":"SweetGrass Song est une eau de Cologne qui \u00e9voque l'essence de l'\u00e9t\u00e9 avec des notes de foin d'odeur, de vanille et de marjolaine pour une exp\u00e9rience olfactive terreuse.","robots":{"index":"index","follow":"follow","max-snippet":"max-snippet:-1","max-image-preview":"max-image-preview:large","max-video-preview":"max-video-preview:-1"},"canonical":"https:\/\/dutchhealthstore.com\/fr\/product\/forest-cologne-sweetgrass-song\/","og_locale":"fr_FR","og_type":"article","og_title":"Forest Cologne - Sweetgrass Song - Dutch Health Store","og_description":"SweetGrass Song est une eau de Cologne qui \u00e9voque l'essence de l'\u00e9t\u00e9 avec des notes de foin d'odeur, de vanille et de marjolaine pour une exp\u00e9rience olfactive terreuse.","og_url":"https:\/\/dutchhealthstore.com\/fr\/product\/forest-cologne-sweetgrass-song\/","og_site_name":"Dutch Health Store","article_publisher":"https:\/\/www.instagram.com\/dutchhealthstore\/","article_modified_time":"2025-10-28T09:47:44+00:00","og_image":[{"width":1500,"height":1500,"url":"https:\/\/dutchhealthstore.com\/wp-content\/uploads\/2024\/09\/SweetGrassSong5ml_closed_1024x1024@2x.webp","type":"image\/webp"}],"twitter_card":"summary_large_image","twitter_misc":{"Disponibilit\u00e9":"En stock"},"schema":{"@context":"https:\/\/schema.org","@graph":[{"@type":"WebPage","@id":"https:\/\/dutchhealthstore.com\/fr\/product\/forest-cologne-sweetgrass-song\/","url":"https:\/\/dutchhealthstore.com\/fr\/product\/forest-cologne-sweetgrass-song\/","name":"Forest Cologne - Sweetgrass Song | Living Libations","isPartOf":{"@id":"https:\/\/dutchhealthstore.com\/fr\/#website"},"primaryImageOfPage":{"@id":"https:\/\/dutchhealthstore.com\/fr\/product\/forest-cologne-sweetgrass-song\/#primaryimage"},"image":{"@id":"https:\/\/dutchhealthstore.com\/fr\/product\/forest-cologne-sweetgrass-song\/#primaryimage"},"thumbnailUrl":"https:\/\/dutchhealthstore.com\/wp-content\/uploads\/2025\/09\/living-libations-sweetgrass-song-30ml.jpg","datePublished":"2024-09-24T13:15:54+00:00","dateModified":"2025-10-28T09:47:44+00:00","description":"SweetGrass Song est une eau de Cologne qui \u00e9voque l'essence de l'\u00e9t\u00e9 avec des notes de foin d'odeur, de vanille et de marjolaine pour une exp\u00e9rience olfactive terreuse.","breadcrumb":{"@id":"https:\/\/dutchhealthstore.com\/fr\/product\/forest-cologne-sweetgrass-song\/#breadcrumb"},"inLanguage":"fr-FR","potentialAction":[{"@type":"ReadAction","target":["https:\/\/dutchhealthstore.com\/fr\/product\/forest-cologne-sweetgrass-song\/"]}]},{"@type":"ImageObject","inLanguage":"fr-FR","@id":"https:\/\/dutchhealthstore.com\/fr\/product\/forest-cologne-sweetgrass-song\/#primaryimage","url":"https:\/\/dutchhealthstore.com\/wp-content\/uploads\/2025\/09\/living-libations-sweetgrass-song-30ml.jpg","contentUrl":"https:\/\/dutchhealthstore.com\/wp-content\/uploads\/2025\/09\/living-libations-sweetgrass-song-30ml.jpg","width":530,"height":530,"caption":"living-libations-sweetgrass-song-30ml"},{"@type":"BreadcrumbList","@id":"https:\/\/dutchhealthstore.com\/fr\/product\/forest-cologne-sweetgrass-song\/#breadcrumb","itemListElement":[{"@type":"ListItem","position":1,"name":"Home","item":"https:\/\/dutchhealthstore.com\/fr\/"},{"@type":"ListItem","position":2,"name":"Shop","item":"https:\/\/dutchhealthstore.com\/fr\/shop\/"},{"@type":"ListItem","position":3,"name":"Forest Cologne &#8211; Sweetgrass Song"}]},{"@type":"WebSite","@id":"https:\/\/dutchhealthstore.com\/fr\/#website","url":"https:\/\/dutchhealthstore.com\/fr\/","name":"Dutch Health Store","description":"Enhance Your Beauty with Organic &amp; Natural Skincare","publisher":{"@id":"https:\/\/dutchhealthstore.com\/fr\/#organization"},"potentialAction":[{"@type":"SearchAction","target":{"@type":"EntryPoint","urlTemplate":"https:\/\/dutchhealthstore.com\/fr\/?s={search_term_string}"},"query-input":{"@type":"PropertyValueSpecification","valueRequired":true,"valueName":"search_term_string"}}],"inLanguage":"fr-FR"},{"@type":"Organization","@id":"https:\/\/dutchhealthstore.com\/fr\/#organization","name":"Dutch Health Store","url":"https:\/\/dutchhealthstore.com\/fr\/","logo":{"@type":"ImageObject","inLanguage":"fr-FR","@id":"https:\/\/dutchhealthstore.com\/fr\/#\/schema\/logo\/image\/","url":"https:\/\/dutchhealthstore.com\/wp-content\/uploads\/2020\/08\/logo-dutchhealthstore-jpg-e1599484957574.jpg","contentUrl":"https:\/\/dutchhealthstore.com\/wp-content\/uploads\/2020\/08\/logo-dutchhealthstore-jpg-e1599484957574.jpg","width":400,"height":62,"caption":"Dutch Health Store"},"image":{"@id":"https:\/\/dutchhealthstore.com\/fr\/#\/schema\/logo\/image\/"},"sameAs":["https:\/\/www.instagram.com\/dutchhealthstore\/","https:\/\/www.facebook.com\/dutchhealthstore"]}]},"product_brand":"Living Libations","og_availability":"instock","product_availability":"instock","product_condition":"new"},"_links":{"self":[{"href":"https:\/\/dutchhealthstore.com\/fr\/wp-json\/wp\/v2\/product\/306903","targetHints":{"allow":["GET"]}}],"collection":[{"href":"https:\/\/dutchhealthstore.com\/fr\/wp-json\/wp\/v2\/product"}],"about":[{"href":"https:\/\/dutchhealthstore.com\/fr\/wp-json\/wp\/v2\/types\/product"}],"replies":[{"embeddable":true,"href":"https:\/\/dutchhealthstore.com\/fr\/wp-json\/wp\/v2\/comments?post=306903"}],"wp:featuredmedia":[{"embeddable":true,"href":"https:\/\/dutchhealthstore.com\/fr\/wp-json\/wp\/v2\/media\/354812"}],"wp:attachment":[{"href":"https:\/\/dutchhealthstore.com\/fr\/wp-json\/wp\/v2\/media?parent=306903"}],"wp:term":[{"taxonomy":"product_brand","embeddable":true,"href":"https:\/\/dutchhealthstore.com\/fr\/wp-json\/wp\/v2\/product_brand?post=306903"},{"taxonomy":"product_cat","embeddable":true,"href":"https:\/\/dutchhealthstore.com\/fr\/wp-json\/wp\/v2\/product_cat?post=306903"},{"taxonomy":"product_tag","embeddable":true,"href":"https:\/\/dutchhealthstore.com\/fr\/wp-json\/wp\/v2\/product_tag?post=306903"}],"curies":[{"name":"wp","href":"https:\/\/api.w.org\/{rel}","templated":true}]}}