{"id":306897,"date":"2024-09-26T12:29:43","date_gmt":"2024-09-26T10:29:43","guid":{"rendered":"https:\/\/dutchhealthstore.com\/product\/holi-sun-spf-50-dewy-tinted-skin-drops\/"},"modified":"2026-02-16T14:01:03","modified_gmt":"2026-02-16T13:01:03","slug":"holi-sun-spf-50-dewy-tinted-skin-drops","status":"publish","type":"product","link":"https:\/\/dutchhealthstore.com\/fr\/product\/holi-sun-spf-50-dewy-tinted-skin-drops\/","title":{"rendered":"Holi (Sun) SPF 50 Dewy Tinted Skin Drops"},"content":{"rendered":"<p>Holi (sun) est une goutte teint\u00e9e d&rsquo;\u00e9cran solaire \u00e0 base d&rsquo;oxyde de zinc non nano offrant une protection SPF 50+ qui bloque plus de 98 % des rayons UVA et UVB. Infus\u00e9 de niacinamide, il aide \u00e0 r\u00e9duire le teint in\u00e9gal, \u00e0 se d\u00e9fendre contre les radicaux libres et \u00e0 bloquer plus de 35 % du rayonnement de la lumi\u00e8re bleue (HEVL). Cette formule non toxique offre une couverture l\u00e9g\u00e8re tout en donnant un \u00e9clat radieux, gr\u00e2ce \u00e0 un m\u00e9lange de squal\u00e8ne v\u00e9g\u00e9tal hydratant et d&rsquo;extrait de son de riz riche en acides gras. Le r\u00e9sultat? Un produit multit\u00e2che qui combine soin de la peau, protection solaire et embellissement du teint en une seule teinture facile \u00e0 transporter, sans laisser de traces blanches.<\/p>\n<p>Avec 12% d&rsquo;oxyde de zinc non nano pour une protection SPF 50+ \u00e0 large spectre, il r\u00e9duit les rougeurs gr\u00e2ce \u00e0 ses propri\u00e9t\u00e9s anti-inflammatoires tout en apaisant la peau et en pr\u00e9venant l&rsquo;obstruction des pores. Il forme un bouclier contre plus de 35 % de la lumi\u00e8re bleue (HEVL), renforce l&rsquo;activit\u00e9 antioxydante gr\u00e2ce au niacinamide et au tocoph\u00e9rol, et am\u00e9liore l&rsquo;hydratation de 60 % en 30 minutes gr\u00e2ce au squal\u00e8ne v\u00e9g\u00e9tal et \u00e0 l&rsquo;extrait de son de riz. Il apaise \u00e9galement les rougeurs gr\u00e2ce au bisabolol, \u00e0 la feuille de romarin et \u00e0 l&rsquo;extrait de th\u00e9 vert, am\u00e9liore la texture gr\u00e2ce au niacinamide et att\u00e9nue les ridules gr\u00e2ce \u00e0 l&rsquo;allanto\u00efne, favorisant ainsi le renouvellement cellulaire.<\/p>\n<h3><strong>Avantages<\/strong><\/h3>\n<p>Formul\u00e9 avec 12 % d&rsquo;oxyde de zinc non nano, il offre une protection SPF 50+, bloquant plus de 98 % des rayons UVA et UVB. Ses propri\u00e9t\u00e9s anti-inflammatoires et antimicrobiennes aident \u00e0 r\u00e9duire les rougeurs et \u00e0 apaiser la peau tout en pr\u00e9venant l&rsquo;obstruction des pores.<\/p>\n<p>Cet \u00e9cran solaire forme \u00e9galement une barri\u00e8re protectrice contre plus de 35 % de la lumi\u00e8re bleue (HEVL), renforce l&rsquo;activit\u00e9 antioxydante gr\u00e2ce au niacinamide riche en vitamine B3 et au tocoph\u00e9rol, et am\u00e9liore l&rsquo;hydratation de 60 % en seulement 30 minutes gr\u00e2ce au squal\u00e8ne d&rsquo;origine v\u00e9g\u00e9tale et \u00e0 l&rsquo;extrait de son de riz riche en acides gras. En outre, il calme les irritations gr\u00e2ce au bisabolol, \u00e0 l&rsquo;extrait de feuille de romarin et \u00e0 l&rsquo;extrait de th\u00e9 vert, tandis que le niacinamide am\u00e9liore la texture de la peau et r\u00e9duit l&rsquo;hyperpigmentation. L&rsquo;allanto\u00efne minimise l&rsquo;apparence des ridules en favorisant le renouvellement cellulaire et en stimulant la synth\u00e8se du collag\u00e8ne, offrant une couverture souple et l\u00e9g\u00e8re qui \u00e9volue avec votre peau tout au long de la journ\u00e9e.<\/p>\n<h3><strong>Ombres<\/strong><\/h3>\n<p><strong>Ivory<\/strong> &#8211; fair complexions<\/p>\n<p><strong>Beige<\/strong> &#8211; light complexions<\/p>\n<h3><strong>Taille : 30 ml \/ 1 oz  <\/strong><\/h3>\n<h3>Mode d&#8217;emploi<\/h3>\n<p>Pour une utilisation optimale, appliquez deux longueurs de doigt (ou une once) de produit 15 minutes avant l&rsquo;exposition au soleil, en l&rsquo;estompant sur le visage, le cou, le d\u00e9collet\u00e9 et les oreilles. Renouvelez l&rsquo;application toutes les deux heures si n\u00e9cessaire.<\/p>\n<h3>Ingr\u00e9dients<\/h3>\n<p>Ingr\u00e9dient actif : Oxyde de Zinc 12% Ingr\u00e9dients Inactifs Eau, C12-15 Alkyl Benzoate, Triglyc\u00e9ride Caprylique\/Caprique, Esters de Jojoba, Polyglyceryl-4 Diisostearate\/Polyhydroxystearate\/Sebacate, Propanediol, Tridecyl Salicylate, Niacinamide, Nylon-12, Methylpropanediol, Silice, Coco-Caprylate, Polyglyceryl-2 Dipolyhydroxystearate, Chlorure de sodium, Caprylyl Glycol, Carthamus Tinctorius (Carthame) Seed Oil, Bisabolol, Allanto\u00efne, Oryza Sativa (Rice) Bran Extract, Lecithin, Stearalkonium Hectorite, Polyglyceryl-3 Diisostearate, Polyglyceryl-3 Polyricinoleate, Ph\u00e9nylpropanol, oxydes de fer, extrait d&rsquo;Helianthus Annuus (tournesol), huile de fruit de Citrus Aurantium Bergamia (bergamote), extrait de feuille de Salvia Triloba, tocoph\u00e9rol, extrait de feuille de Salvia Officinalis (sauge), extrait de feuille de Rosmarinus Officinalis (romarin), Tetrasodium Glutamate Diacetate, Jasminum Officinale (Jasmin) Flower\/Leaf Extract, Lavandula Angustifolia (Lavender) Flower\/Leaf\/Stem Extract, Rutin, Pelargonium Graveolens (Geranium) Extract, Linalool\u2020, Limonene\u2020, Hydrogenated Lecithin, Sodium Hydroxide \u2020Allergen<\/p>\n<div style=\"width: 360px;\" class=\"wp-video\"><!--[if lt IE 9]><script>document.createElement('video');<\/script><![endif]-->\n<video class=\"wp-video-shortcode\" id=\"video-306897-1\" width=\"360\" height=\"640\" preload=\"metadata\" controls=\"controls\"><source type=\"video\/mp4\" src=\"https:\/\/dutchhealthstore.com\/wp-content\/uploads\/2024\/09\/Untitled-design.mp4?_=1\" \/><a href=\"https:\/\/dutchhealthstore.com\/wp-content\/uploads\/2024\/09\/Untitled-design.mp4\">https:\/\/dutchhealthstore.com\/wp-content\/uploads\/2024\/09\/Untitled-design.mp4<\/a><\/video><\/div>\n","protected":false},"excerpt":{"rendered":"<p>Holi (soleil) est un \u00e9cran solaire teint\u00e9 avec une protection SPF 50+, formul\u00e9 avec de l&rsquo;oxyde de zinc non nano pour bloquer plus de 98 % des rayons UVA et UVB, tandis que le niacinamide prot\u00e8ge contre les radicaux libres et la lumi\u00e8re bleue. Il offre une couverture l\u00e9g\u00e8re et hydratante gr\u00e2ce au squalane v\u00e9g\u00e9tal et \u00e0 l&rsquo;extrait de son de riz, donnant \u00e0 la peau un \u00e9clat radieux sans laisser de traces blanches.<\/p>\n","protected":false},"featured_media":312863,"comment_status":"open","ping_status":"closed","template":"","meta":[],"product_brand":[],"product_cat":[6665,5140,5658,5722,5654,5659,5660,1036,1209,1030,5107,5673,5721,5656,5627,5655,5121,1229,5657,1010,14733,5866],"product_tag":[6247,9769,21358,4463],"class_list":{"0":"post-306897","1":"product","2":"type-product","3":"status-publish","4":"has-post-thumbnail","6":"product_cat-agent-nateur-fr","7":"product_cat-foundation-fr","8":"product_cat-moisturizers-fr-fr-2","9":"product_cat-moisturizers-fr-fr-4","10":"product_cat-moisturizers-fr-fr","11":"product_cat-moisturizers-fr-fr-3","12":"product_cat-moisturizers-fr-fr-5","13":"product_cat-maquillage","14":"product_cat-par-marques","15":"product_cat-par-produits","16":"product_cat-by-skin-type-fr-4","17":"product_cat-oily-skin-clogged-pores-fr","18":"product_cat-oily-skin-clogged-pores","19":"product_cat-normal-or-combination-skin-fr","20":"product_cat-normal-or-combination-skin-fr-2","21":"product_cat-dry-mature-ageing-skin-fr","22":"product_cat-dry-mature-ageing-skin-fr-2","23":"product_cat-sensitive-skin-redness-fr","24":"product_cat-sensitive-skin-redness","25":"product_cat-notre-boutique","26":"product_cat-soins-de-la-peau","27":"product_cat-sun-outdoor-care","28":"product_tag-make-up-fr","29":"product_tag-moisturizer-fr","30":"product_tag-soins-du-visage","31":"product_tag-sun-care-fr","32":"pa_brand-agent-nateur-fr","33":"pa_make-up-productype-foundation-fr","34":"pa_shade-beige-fr","35":"pa_shade-ivory-fr","36":"pa_size-1-oz-30ml-fr","37":"pa_skincare-type-face-oil-and-serums-fr","38":"pa_skincare-type-moisturizers-fr","39":"pa_skincare-type-suncare-fr","40":"pa_skintype-oily-skin-fr","41":"pa_skintype-normal-combination-skin-fr","42":"pa_skintype-dry-mature-ageing-skin-fr","43":"pa_skintype-sensitive-skin-redness-fr","45":"first","46":"instock","47":"taxable","48":"shipping-taxable","49":"purchasable","50":"product-type-variable"},"bundled_by":[],"bundle_stock_status":"instock","bundle_stock_quantity":null,"bundle_virtual":false,"bundle_layout":"","bundle_add_to_cart_form_location":"","bundle_editable_in_cart":false,"bundle_sold_individually_context":"","bundle_item_grouping":"","bundle_min_size":"","bundle_max_size":"","bundle_price":[],"bundled_items":[],"bundle_sell_ids":[230770],"atum_controlled":true,"out_stock_date":null,"out_stock_threshold":null,"inheritable":true,"stock_on_hold":2,"sold_today":1,"sales_last_days":2,"out_stock_days":0,"lost_sales":0,"update_date":"2026-04-15T20:51:47","atum_locations":[],"atum_stock_status":"instock","restock_status":false,"low_stock_amount":"","sales_update_date":"2026-04-14T06:43:24","calc_backorders":null,"group_of_quantity":0,"min_quantity":0,"max_quantity":"","exclude_order_quantity_value_rules":"no","exclude_category_quantity_rules":"no","combine_variations":"no","yoast_head":"<!-- This site is optimized with the Yoast SEO Premium plugin v26.5 (Yoast SEO v26.5) - https:\/\/yoast.com\/wordpress\/plugins\/seo\/ -->\n<title>Holi (Sun) SPF 50 Dewy Tinted Skin Drops - Agent Nateur<\/title>\n<meta name=\"description\" content=\"Holi (sun) est un \u00e9cran solaire teint\u00e9 SPF 50+ qui prot\u00e8ge la peau de plus de 98 % des rayons UVA et UVB, tout en offrant un fini radieux, sans traces blanches.\" \/>\n<meta name=\"robots\" content=\"index, follow, max-snippet:-1, max-image-preview:large, max-video-preview:-1\" \/>\n<link rel=\"canonical\" href=\"https:\/\/dutchhealthstore.com\/fr\/product\/holi-sun-spf-50-dewy-tinted-skin-drops\/\" \/>\n<meta property=\"og:locale\" content=\"fr_FR\" \/>\n<meta property=\"og:type\" content=\"article\" \/>\n<meta property=\"og:title\" content=\"Holi (Sun) SPF 50 Dewy Tinted Skin Drops - Dutch Health Store\" \/>\n<meta property=\"og:description\" content=\"Holi (sun) est un \u00e9cran solaire teint\u00e9 SPF 50+ qui prot\u00e8ge la peau de plus de 98 % des rayons UVA et UVB, tout en offrant un fini radieux, sans traces blanches.\" \/>\n<meta property=\"og:url\" content=\"https:\/\/dutchhealthstore.com\/fr\/product\/holi-sun-spf-50-dewy-tinted-skin-drops\/\" \/>\n<meta property=\"og:site_name\" content=\"Dutch Health Store\" \/>\n<meta property=\"article:publisher\" content=\"https:\/\/www.instagram.com\/dutchhealthstore\/\" \/>\n<meta property=\"article:modified_time\" content=\"2026-02-16T13:01:03+00:00\" \/>\n<meta property=\"og:image\" content=\"https:\/\/dutchhealthstore.com\/wp-content\/uploads\/2024\/09\/agent-natuer_0000s_0011_holi-sun.jpg\" \/>\n\t<meta property=\"og:image:width\" content=\"530\" \/>\n\t<meta property=\"og:image:height\" content=\"530\" \/>\n\t<meta property=\"og:image:type\" content=\"image\/jpeg\" \/>\n<meta name=\"twitter:card\" content=\"summary_large_image\" \/>\n<meta name=\"twitter:label1\" content=\"Disponibilit\u00e9\" \/>\n\t<meta name=\"twitter:data1\" content=\"En stock\" \/>\n<script type=\"application\/ld+json\" class=\"yoast-schema-graph\">{\"@context\":\"https:\/\/schema.org\",\"@graph\":[{\"@type\":\"WebPage\",\"@id\":\"https:\/\/dutchhealthstore.com\/fr\/product\/holi-sun-spf-50-dewy-tinted-skin-drops\/\",\"url\":\"https:\/\/dutchhealthstore.com\/fr\/product\/holi-sun-spf-50-dewy-tinted-skin-drops\/\",\"name\":\"Holi (Sun) SPF 50 Dewy Tinted Skin Drops - Agent Nateur\",\"isPartOf\":{\"@id\":\"https:\/\/dutchhealthstore.com\/fr\/#website\"},\"primaryImageOfPage\":{\"@id\":\"https:\/\/dutchhealthstore.com\/fr\/product\/holi-sun-spf-50-dewy-tinted-skin-drops\/#primaryimage\"},\"image\":{\"@id\":\"https:\/\/dutchhealthstore.com\/fr\/product\/holi-sun-spf-50-dewy-tinted-skin-drops\/#primaryimage\"},\"thumbnailUrl\":\"https:\/\/dutchhealthstore.com\/wp-content\/uploads\/2024\/09\/agent-natuer_0000s_0011_holi-sun.jpg\",\"datePublished\":\"2024-09-26T10:29:43+00:00\",\"dateModified\":\"2026-02-16T13:01:03+00:00\",\"description\":\"Holi (sun) est un \u00e9cran solaire teint\u00e9 SPF 50+ qui prot\u00e8ge la peau de plus de 98 % des rayons UVA et UVB, tout en offrant un fini radieux, sans traces blanches.\",\"breadcrumb\":{\"@id\":\"https:\/\/dutchhealthstore.com\/fr\/product\/holi-sun-spf-50-dewy-tinted-skin-drops\/#breadcrumb\"},\"inLanguage\":\"fr-FR\",\"potentialAction\":[{\"@type\":\"ReadAction\",\"target\":[\"https:\/\/dutchhealthstore.com\/fr\/product\/holi-sun-spf-50-dewy-tinted-skin-drops\/\"]}]},{\"@type\":\"ImageObject\",\"inLanguage\":\"fr-FR\",\"@id\":\"https:\/\/dutchhealthstore.com\/fr\/product\/holi-sun-spf-50-dewy-tinted-skin-drops\/#primaryimage\",\"url\":\"https:\/\/dutchhealthstore.com\/wp-content\/uploads\/2024\/09\/agent-natuer_0000s_0011_holi-sun.jpg\",\"contentUrl\":\"https:\/\/dutchhealthstore.com\/wp-content\/uploads\/2024\/09\/agent-natuer_0000s_0011_holi-sun.jpg\",\"width\":530,\"height\":530},{\"@type\":\"BreadcrumbList\",\"@id\":\"https:\/\/dutchhealthstore.com\/fr\/product\/holi-sun-spf-50-dewy-tinted-skin-drops\/#breadcrumb\",\"itemListElement\":[{\"@type\":\"ListItem\",\"position\":1,\"name\":\"Home\",\"item\":\"https:\/\/dutchhealthstore.com\/fr\/\"},{\"@type\":\"ListItem\",\"position\":2,\"name\":\"Shop\",\"item\":\"https:\/\/dutchhealthstore.com\/fr\/shop\/\"},{\"@type\":\"ListItem\",\"position\":3,\"name\":\"Holi (Sun) SPF 50 Dewy Tinted Skin Drops\"}]},{\"@type\":\"WebSite\",\"@id\":\"https:\/\/dutchhealthstore.com\/fr\/#website\",\"url\":\"https:\/\/dutchhealthstore.com\/fr\/\",\"name\":\"Dutch Health Store\",\"description\":\"Enhance Your Beauty with Organic &amp; Natural Skincare\",\"publisher\":{\"@id\":\"https:\/\/dutchhealthstore.com\/fr\/#organization\"},\"potentialAction\":[{\"@type\":\"SearchAction\",\"target\":{\"@type\":\"EntryPoint\",\"urlTemplate\":\"https:\/\/dutchhealthstore.com\/fr\/?s={search_term_string}\"},\"query-input\":{\"@type\":\"PropertyValueSpecification\",\"valueRequired\":true,\"valueName\":\"search_term_string\"}}],\"inLanguage\":\"fr-FR\"},{\"@type\":\"Organization\",\"@id\":\"https:\/\/dutchhealthstore.com\/fr\/#organization\",\"name\":\"Dutch Health Store\",\"url\":\"https:\/\/dutchhealthstore.com\/fr\/\",\"logo\":{\"@type\":\"ImageObject\",\"inLanguage\":\"fr-FR\",\"@id\":\"https:\/\/dutchhealthstore.com\/fr\/#\/schema\/logo\/image\/\",\"url\":\"https:\/\/dutchhealthstore.com\/wp-content\/uploads\/2020\/08\/logo-dutchhealthstore-jpg-e1599484957574.jpg\",\"contentUrl\":\"https:\/\/dutchhealthstore.com\/wp-content\/uploads\/2020\/08\/logo-dutchhealthstore-jpg-e1599484957574.jpg\",\"width\":400,\"height\":62,\"caption\":\"Dutch Health Store\"},\"image\":{\"@id\":\"https:\/\/dutchhealthstore.com\/fr\/#\/schema\/logo\/image\/\"},\"sameAs\":[\"https:\/\/www.instagram.com\/dutchhealthstore\/\",\"https:\/\/www.facebook.com\/dutchhealthstore\"]}]}<\/script>\n<meta property=\"product:brand\" content=\"Agent Nateur\" \/>\n<meta property=\"og:availability\" content=\"instock\" \/>\n<meta property=\"product:availability\" content=\"instock\" \/>\n<meta property=\"product:condition\" content=\"new\" \/>\n<!-- \/ Yoast SEO Premium plugin. -->","yoast_head_json":{"title":"Holi (Sun) SPF 50 Dewy Tinted Skin Drops - Agent Nateur","description":"Holi (sun) est un \u00e9cran solaire teint\u00e9 SPF 50+ qui prot\u00e8ge la peau de plus de 98 % des rayons UVA et UVB, tout en offrant un fini radieux, sans traces blanches.","robots":{"index":"index","follow":"follow","max-snippet":"max-snippet:-1","max-image-preview":"max-image-preview:large","max-video-preview":"max-video-preview:-1"},"canonical":"https:\/\/dutchhealthstore.com\/fr\/product\/holi-sun-spf-50-dewy-tinted-skin-drops\/","og_locale":"fr_FR","og_type":"article","og_title":"Holi (Sun) SPF 50 Dewy Tinted Skin Drops - Dutch Health Store","og_description":"Holi (sun) est un \u00e9cran solaire teint\u00e9 SPF 50+ qui prot\u00e8ge la peau de plus de 98 % des rayons UVA et UVB, tout en offrant un fini radieux, sans traces blanches.","og_url":"https:\/\/dutchhealthstore.com\/fr\/product\/holi-sun-spf-50-dewy-tinted-skin-drops\/","og_site_name":"Dutch Health Store","article_publisher":"https:\/\/www.instagram.com\/dutchhealthstore\/","article_modified_time":"2026-02-16T13:01:03+00:00","og_image":[{"width":530,"height":530,"url":"https:\/\/dutchhealthstore.com\/wp-content\/uploads\/2024\/09\/agent-natuer_0000s_0011_holi-sun.jpg","type":"image\/jpeg"}],"twitter_card":"summary_large_image","twitter_misc":{"Disponibilit\u00e9":"En stock"},"schema":{"@context":"https:\/\/schema.org","@graph":[{"@type":"WebPage","@id":"https:\/\/dutchhealthstore.com\/fr\/product\/holi-sun-spf-50-dewy-tinted-skin-drops\/","url":"https:\/\/dutchhealthstore.com\/fr\/product\/holi-sun-spf-50-dewy-tinted-skin-drops\/","name":"Holi (Sun) SPF 50 Dewy Tinted Skin Drops - Agent Nateur","isPartOf":{"@id":"https:\/\/dutchhealthstore.com\/fr\/#website"},"primaryImageOfPage":{"@id":"https:\/\/dutchhealthstore.com\/fr\/product\/holi-sun-spf-50-dewy-tinted-skin-drops\/#primaryimage"},"image":{"@id":"https:\/\/dutchhealthstore.com\/fr\/product\/holi-sun-spf-50-dewy-tinted-skin-drops\/#primaryimage"},"thumbnailUrl":"https:\/\/dutchhealthstore.com\/wp-content\/uploads\/2024\/09\/agent-natuer_0000s_0011_holi-sun.jpg","datePublished":"2024-09-26T10:29:43+00:00","dateModified":"2026-02-16T13:01:03+00:00","description":"Holi (sun) est un \u00e9cran solaire teint\u00e9 SPF 50+ qui prot\u00e8ge la peau de plus de 98 % des rayons UVA et UVB, tout en offrant un fini radieux, sans traces blanches.","breadcrumb":{"@id":"https:\/\/dutchhealthstore.com\/fr\/product\/holi-sun-spf-50-dewy-tinted-skin-drops\/#breadcrumb"},"inLanguage":"fr-FR","potentialAction":[{"@type":"ReadAction","target":["https:\/\/dutchhealthstore.com\/fr\/product\/holi-sun-spf-50-dewy-tinted-skin-drops\/"]}]},{"@type":"ImageObject","inLanguage":"fr-FR","@id":"https:\/\/dutchhealthstore.com\/fr\/product\/holi-sun-spf-50-dewy-tinted-skin-drops\/#primaryimage","url":"https:\/\/dutchhealthstore.com\/wp-content\/uploads\/2024\/09\/agent-natuer_0000s_0011_holi-sun.jpg","contentUrl":"https:\/\/dutchhealthstore.com\/wp-content\/uploads\/2024\/09\/agent-natuer_0000s_0011_holi-sun.jpg","width":530,"height":530},{"@type":"BreadcrumbList","@id":"https:\/\/dutchhealthstore.com\/fr\/product\/holi-sun-spf-50-dewy-tinted-skin-drops\/#breadcrumb","itemListElement":[{"@type":"ListItem","position":1,"name":"Home","item":"https:\/\/dutchhealthstore.com\/fr\/"},{"@type":"ListItem","position":2,"name":"Shop","item":"https:\/\/dutchhealthstore.com\/fr\/shop\/"},{"@type":"ListItem","position":3,"name":"Holi (Sun) SPF 50 Dewy Tinted Skin Drops"}]},{"@type":"WebSite","@id":"https:\/\/dutchhealthstore.com\/fr\/#website","url":"https:\/\/dutchhealthstore.com\/fr\/","name":"Dutch Health Store","description":"Enhance Your Beauty with Organic &amp; Natural Skincare","publisher":{"@id":"https:\/\/dutchhealthstore.com\/fr\/#organization"},"potentialAction":[{"@type":"SearchAction","target":{"@type":"EntryPoint","urlTemplate":"https:\/\/dutchhealthstore.com\/fr\/?s={search_term_string}"},"query-input":{"@type":"PropertyValueSpecification","valueRequired":true,"valueName":"search_term_string"}}],"inLanguage":"fr-FR"},{"@type":"Organization","@id":"https:\/\/dutchhealthstore.com\/fr\/#organization","name":"Dutch Health Store","url":"https:\/\/dutchhealthstore.com\/fr\/","logo":{"@type":"ImageObject","inLanguage":"fr-FR","@id":"https:\/\/dutchhealthstore.com\/fr\/#\/schema\/logo\/image\/","url":"https:\/\/dutchhealthstore.com\/wp-content\/uploads\/2020\/08\/logo-dutchhealthstore-jpg-e1599484957574.jpg","contentUrl":"https:\/\/dutchhealthstore.com\/wp-content\/uploads\/2020\/08\/logo-dutchhealthstore-jpg-e1599484957574.jpg","width":400,"height":62,"caption":"Dutch Health Store"},"image":{"@id":"https:\/\/dutchhealthstore.com\/fr\/#\/schema\/logo\/image\/"},"sameAs":["https:\/\/www.instagram.com\/dutchhealthstore\/","https:\/\/www.facebook.com\/dutchhealthstore"]}]},"product_brand":"Agent Nateur","og_availability":"instock","product_availability":"instock","product_condition":"new"},"_links":{"self":[{"href":"https:\/\/dutchhealthstore.com\/fr\/wp-json\/wp\/v2\/product\/306897","targetHints":{"allow":["GET"]}}],"collection":[{"href":"https:\/\/dutchhealthstore.com\/fr\/wp-json\/wp\/v2\/product"}],"about":[{"href":"https:\/\/dutchhealthstore.com\/fr\/wp-json\/wp\/v2\/types\/product"}],"replies":[{"embeddable":true,"href":"https:\/\/dutchhealthstore.com\/fr\/wp-json\/wp\/v2\/comments?post=306897"}],"wp:featuredmedia":[{"embeddable":true,"href":"https:\/\/dutchhealthstore.com\/fr\/wp-json\/wp\/v2\/media\/312863"}],"wp:attachment":[{"href":"https:\/\/dutchhealthstore.com\/fr\/wp-json\/wp\/v2\/media?parent=306897"}],"wp:term":[{"taxonomy":"product_brand","embeddable":true,"href":"https:\/\/dutchhealthstore.com\/fr\/wp-json\/wp\/v2\/product_brand?post=306897"},{"taxonomy":"product_cat","embeddable":true,"href":"https:\/\/dutchhealthstore.com\/fr\/wp-json\/wp\/v2\/product_cat?post=306897"},{"taxonomy":"product_tag","embeddable":true,"href":"https:\/\/dutchhealthstore.com\/fr\/wp-json\/wp\/v2\/product_tag?post=306897"}],"curies":[{"name":"wp","href":"https:\/\/api.w.org\/{rel}","templated":true}]}}