{"id":296615,"date":"2024-07-16T14:34:04","date_gmt":"2024-07-16T12:34:04","guid":{"rendered":"https:\/\/dutchhealthstore.com\/product\/sun-gold-daisy-essential-oil\/"},"modified":"2025-09-18T09:15:16","modified_gmt":"2025-09-18T07:15:16","slug":"sun-gold-daisy-essential-oil","status":"publish","type":"product","link":"https:\/\/dutchhealthstore.com\/fr\/product\/sun-gold-daisy-essential-oil\/","title":{"rendered":"Sun Gold Daisy Essential Oil"},"content":{"rendered":"<div id=\"product.info.description\" class=\"data item content\" role=\"tabpanel\" data-role=\"content\" aria-labelledby=\"tab-label-product.info.description\" aria-hidden=\"false\">\n<div class=\"product attribute description\">\n<div class=\"value\">\n<h3><strong><img decoding=\"async\" class=\"alignright size-full wp-image-37041\" src=\"https:\/\/dutchhealthstore.com\/wp-content\/uploads\/2018\/04\/Living_Libations-1.png\" alt=\"Organic &amp; Natural Beautyproducts - Living Libations\" width=\"175\" height=\"82\"><\/strong><\/h3>\n<p><strong>Nom botanique :<\/strong> Chrysanth\u00e8me morifolium<br \/>\n<strong>Famille botanique :<\/strong> Asteraceae<br \/>\n<strong>M\u00e9thode d&rsquo;extraction :<\/strong> Extraction au CO2<br \/>\n<strong>Partie de la plante distill\u00e9e :<\/strong> P\u00e9tales et tiges des fleurs<br \/>\n<strong>Pays d&rsquo;origine :<\/strong> Bulgarie<br \/>\n<strong>M\u00e9thode de culture:<\/strong> Organique<br \/>\n<strong>Composition :<\/strong> 100% d&rsquo;huile essentielle de Chrysanthemum morifolium<br \/>\n<strong>Consistance: <\/strong> Viscosit\u00e9 moyenne, couleur jaune clair<strong>.<\/strong><\/p>\n<\/div>\n<p><strong>Taille : 5 ml<\/strong><\/p>\n<div class=\"value\">\n<h3>Description de l&rsquo;odeur<\/h3>\n<p>\u00c9th\u00e9riquement terreux et l\u00e9g\u00e8rement floral, avec des notes de t\u00eate nettes et complexes et des notes de foin miell\u00e9.<\/p>\n<h3>Se marie bien avec<\/h3>\n<p>Rose, g\u00e9ranium, sauge sclar\u00e9e, c\u00e8dre, c\u00e9drat, bergamote, pamplemousse, citron, coriandre, cardamome, bois de santal, nard, jasmin, tub\u00e9reuse, violette, patchouli, mousse du Groenland et Mitti Attar.<\/p>\n<a href=\"https:\/\/dutchhealthstore.com\/wp-content\/uploads\/2024\/07\/EO-Sun-Gold-Daisy_CoA.pdf\" class=\"button primary is-primary is-small\"  >\n\t\t<span>ANALYSE DES HUILES ESSENTIELLES &gt;<\/span>\n\t<\/a>\n\n<h3>Utilisations<\/h3>\n<p>Un parfum ou une eau de Cologne autonome. Parfait sur les points de pulsation. Glacer les cheveux avec une goutte sur une brosse ou un peigne en bois ou l&rsquo;ajouter \u00e0 un diffuseur ou sous le nez pour plus de luminosit\u00e9 et de concentration.<\/p>\n<h3>Ingr\u00e9dients Biologiques<\/h3>\n<p>100% d&rsquo;huile essentielle de marguerite dor\u00e9e (chrysanthemum morifolium).<\/p>\n<p style=\"text-align: center;\">Vivace aimant le soleil, le chrysanth\u00e8me poss\u00e8de des propri\u00e9t\u00e9s calmantes selon la m\u00e9decine traditionnelle chinoise et l&rsquo;Ayurveda. Ses fleurs jaunes \u00e0 floraison tardive, r\u00e9colt\u00e9es au d\u00e9but de l&rsquo;automne, sont extraites de mani\u00e8re tr\u00e8s critique afin de lib\u00e9rer les cires, les huiles et les flavono\u00efdes b\u00e9n\u00e9fiques.<\/p>\n<p style=\"text-align: center;\"><em>\u00ab\u00a0&#8230;ils m&rsquo;invitaient, ces chrysanth\u00e8mes, \u00e0 oublier tous mes chagrins&#8230;\u00a0\u00bb<\/em> <strong>Marcel Proust, \u00c0 l&rsquo;ombre des jeunes filles en fleurs <\/strong> <\/p>\n<p style=\"text-align: center;\"><em>\u00ab\u00a0J&rsquo;appartiens aux heures des chrysanth\u00e8mes, bien align\u00e9s dans les pots de fleurs&#8230;\u00a0\u00bb<\/em> <strong>Fernando Pessoa<\/strong><\/p>\n<\/div>\n<\/div>\n<p><img fetchpriority=\"high\" decoding=\"async\" class=\"size-full wp-image-31577 aligncenter\" src=\"https:\/\/dutchhealthstore.com\/wp-content\/uploads\/2018\/03\/organic_big.png\" alt=\"Organic and Natural - Living Libations\" width=\"623\" height=\"103\" srcset=\"https:\/\/dutchhealthstore.com\/wp-content\/uploads\/2018\/03\/organic_big.png 623w, https:\/\/dutchhealthstore.com\/wp-content\/uploads\/2018\/03\/organic_big-510x84.png 510w, https:\/\/dutchhealthstore.com\/wp-content\/uploads\/2018\/03\/organic_big-600x99.png 600w, https:\/\/dutchhealthstore.com\/wp-content\/uploads\/2018\/03\/organic_big-350x58.png 350w\" sizes=\"(max-width: 623px) 100vw, 623px\" \/><\/p>\n<div class=\"product attribute description\">\n<div class=\"value\"><\/div>\n<\/div>\n<\/div>\n","protected":false},"excerpt":{"rendered":"<p>Huile essentielle de marguerite soleil d&rsquo;or : Une capture captivante de fleurs ensoleill\u00e9es ! Cette senteur chaude et florale avec des chuchotements terreux revigore les parfums et les eaux de Cologne, en ajoutant une touche de fra\u00eecheur herbac\u00e9e et en favorisant une concentration sereine.<\/p>\n","protected":false},"featured_media":296156,"comment_status":"open","ping_status":"closed","template":"","meta":[],"product_brand":[],"product_cat":[1507,6734,1211,1209,1030,3757,1010,6733],"product_tag":[4495],"class_list":{"0":"post-296615","1":"product","2":"type-product","3":"status-publish","4":"has-post-thumbnail","6":"product_cat-plantes-huiles-essentielles-living-libations","7":"product_cat-essential-oils","8":"product_cat-living-libations-france","9":"product_cat-par-marques","10":"product_cat-par-produits","11":"product_cat-plantes-huiles-essentielles","12":"product_cat-notre-boutique","13":"product_cat-wellness-fr-2","14":"product_tag-essential-oil-fr","15":"pa_brand-livinglibations-fr","16":"pa_essential-oils-product-type-essential-oils-fr","17":"pa_size-5-ml-fr","19":"first","20":"instock","21":"taxable","22":"shipping-taxable","23":"purchasable","24":"product-type-simple"},"bundled_by":[],"bundle_stock_status":"instock","bundle_stock_quantity":3,"bundle_virtual":false,"bundle_layout":"","bundle_add_to_cart_form_location":"","bundle_editable_in_cart":false,"bundle_sold_individually_context":"","bundle_item_grouping":"","bundle_min_size":"","bundle_max_size":"","bundle_price":[],"bundled_items":[],"bundle_sell_ids":[],"atum_controlled":true,"out_stock_date":null,"out_stock_threshold":null,"inheritable":false,"stock_on_hold":0,"sold_today":0,"sales_last_days":0,"out_stock_days":0,"lost_sales":0,"update_date":"2026-05-04T12:55:17","atum_locations":[],"atum_stock_status":"instock","restock_status":false,"low_stock_amount":"","sales_update_date":"2026-05-04T12:55:17","calc_backorders":null,"group_of_quantity":0,"min_quantity":0,"max_quantity":"","exclude_order_quantity_value_rules":"no","exclude_category_quantity_rules":"no","combine_variations":"no","yoast_head":"<!-- This site is optimized with the Yoast SEO Premium plugin v26.5 (Yoast SEO v26.5) - https:\/\/yoast.com\/wordpress\/plugins\/seo\/ -->\n<title>Sun Gold Daisy Essential Oil: &quot;Living Libations&quot; (Libations vivantes)<\/title>\n<meta name=\"description\" content=\"Huile essentielle de marguerite Sun Gold : Le soleil en bouteille - une odeur chaude et florale avec des notes terreuses qui revigore les parfums, les eaux de Cologne et votre esprit avec une concentration calme.\" \/>\n<meta name=\"robots\" content=\"index, follow, max-snippet:-1, max-image-preview:large, max-video-preview:-1\" \/>\n<link rel=\"canonical\" href=\"https:\/\/dutchhealthstore.com\/fr\/product\/sun-gold-daisy-essential-oil\/\" \/>\n<meta property=\"og:locale\" content=\"fr_FR\" \/>\n<meta property=\"og:type\" content=\"article\" \/>\n<meta property=\"og:title\" content=\"Sun Gold Daisy Essential Oil - Dutch Health Store\" \/>\n<meta property=\"og:description\" content=\"Huile essentielle de marguerite Sun Gold : Le soleil en bouteille - une odeur chaude et florale avec des notes terreuses qui revigore les parfums, les eaux de Cologne et votre esprit avec une concentration calme.\" \/>\n<meta property=\"og:url\" content=\"https:\/\/dutchhealthstore.com\/fr\/product\/sun-gold-daisy-essential-oil\/\" \/>\n<meta property=\"og:site_name\" content=\"Dutch Health Store\" \/>\n<meta property=\"article:publisher\" content=\"https:\/\/www.instagram.com\/dutchhealthstore\/\" \/>\n<meta property=\"article:modified_time\" content=\"2025-09-18T07:15:16+00:00\" \/>\n<meta property=\"og:image\" content=\"https:\/\/dutchhealthstore.com\/wp-content\/uploads\/2024\/07\/oil12.jpg\" \/>\n\t<meta property=\"og:image:width\" content=\"530\" \/>\n\t<meta property=\"og:image:height\" content=\"530\" \/>\n\t<meta property=\"og:image:type\" content=\"image\/jpeg\" \/>\n<meta name=\"twitter:card\" content=\"summary_large_image\" \/>\n<meta name=\"twitter:label1\" content=\"Prix\" \/>\n\t<meta name=\"twitter:data1\" content=\"&euro;44,00\" \/>\n\t<meta name=\"twitter:label2\" content=\"Disponibilit\u00e9\" \/>\n\t<meta name=\"twitter:data2\" content=\"En stock\" \/>\n<script type=\"application\/ld+json\" class=\"yoast-schema-graph\">{\"@context\":\"https:\/\/schema.org\",\"@graph\":[{\"@type\":\"WebPage\",\"@id\":\"https:\/\/dutchhealthstore.com\/fr\/product\/sun-gold-daisy-essential-oil\/\",\"url\":\"https:\/\/dutchhealthstore.com\/fr\/product\/sun-gold-daisy-essential-oil\/\",\"name\":\"Sun Gold Daisy Essential Oil: \\\"Living Libations\\\" (Libations vivantes)\",\"isPartOf\":{\"@id\":\"https:\/\/dutchhealthstore.com\/fr\/#website\"},\"primaryImageOfPage\":{\"@id\":\"https:\/\/dutchhealthstore.com\/fr\/product\/sun-gold-daisy-essential-oil\/#primaryimage\"},\"image\":{\"@id\":\"https:\/\/dutchhealthstore.com\/fr\/product\/sun-gold-daisy-essential-oil\/#primaryimage\"},\"thumbnailUrl\":\"https:\/\/dutchhealthstore.com\/wp-content\/uploads\/2024\/07\/oil12.jpg\",\"datePublished\":\"2024-07-16T12:34:04+00:00\",\"dateModified\":\"2025-09-18T07:15:16+00:00\",\"description\":\"Huile essentielle de marguerite Sun Gold : Le soleil en bouteille - une odeur chaude et florale avec des notes terreuses qui revigore les parfums, les eaux de Cologne et votre esprit avec une concentration calme.\",\"breadcrumb\":{\"@id\":\"https:\/\/dutchhealthstore.com\/fr\/product\/sun-gold-daisy-essential-oil\/#breadcrumb\"},\"inLanguage\":\"fr-FR\",\"potentialAction\":[{\"@type\":\"ReadAction\",\"target\":[\"https:\/\/dutchhealthstore.com\/fr\/product\/sun-gold-daisy-essential-oil\/\"]}]},{\"@type\":\"ImageObject\",\"inLanguage\":\"fr-FR\",\"@id\":\"https:\/\/dutchhealthstore.com\/fr\/product\/sun-gold-daisy-essential-oil\/#primaryimage\",\"url\":\"https:\/\/dutchhealthstore.com\/wp-content\/uploads\/2024\/07\/oil12.jpg\",\"contentUrl\":\"https:\/\/dutchhealthstore.com\/wp-content\/uploads\/2024\/07\/oil12.jpg\",\"width\":530,\"height\":530,\"caption\":\"living-libations-Sun-Gold-Daisy-Essential-Oil\"},{\"@type\":\"BreadcrumbList\",\"@id\":\"https:\/\/dutchhealthstore.com\/fr\/product\/sun-gold-daisy-essential-oil\/#breadcrumb\",\"itemListElement\":[{\"@type\":\"ListItem\",\"position\":1,\"name\":\"Home\",\"item\":\"https:\/\/dutchhealthstore.com\/fr\/\"},{\"@type\":\"ListItem\",\"position\":2,\"name\":\"Shop\",\"item\":\"https:\/\/dutchhealthstore.com\/fr\/shop\/\"},{\"@type\":\"ListItem\",\"position\":3,\"name\":\"Sun Gold Daisy Essential Oil\"}]},{\"@type\":\"WebSite\",\"@id\":\"https:\/\/dutchhealthstore.com\/fr\/#website\",\"url\":\"https:\/\/dutchhealthstore.com\/fr\/\",\"name\":\"Dutch Health Store\",\"description\":\"Enhance Your Beauty with Organic &amp; Natural Skincare\",\"publisher\":{\"@id\":\"https:\/\/dutchhealthstore.com\/fr\/#organization\"},\"potentialAction\":[{\"@type\":\"SearchAction\",\"target\":{\"@type\":\"EntryPoint\",\"urlTemplate\":\"https:\/\/dutchhealthstore.com\/fr\/?s={search_term_string}\"},\"query-input\":{\"@type\":\"PropertyValueSpecification\",\"valueRequired\":true,\"valueName\":\"search_term_string\"}}],\"inLanguage\":\"fr-FR\"},{\"@type\":\"Organization\",\"@id\":\"https:\/\/dutchhealthstore.com\/fr\/#organization\",\"name\":\"Dutch Health Store\",\"url\":\"https:\/\/dutchhealthstore.com\/fr\/\",\"logo\":{\"@type\":\"ImageObject\",\"inLanguage\":\"fr-FR\",\"@id\":\"https:\/\/dutchhealthstore.com\/fr\/#\/schema\/logo\/image\/\",\"url\":\"https:\/\/dutchhealthstore.com\/wp-content\/uploads\/2020\/08\/logo-dutchhealthstore-jpg-e1599484957574.jpg\",\"contentUrl\":\"https:\/\/dutchhealthstore.com\/wp-content\/uploads\/2020\/08\/logo-dutchhealthstore-jpg-e1599484957574.jpg\",\"width\":400,\"height\":62,\"caption\":\"Dutch Health Store\"},\"image\":{\"@id\":\"https:\/\/dutchhealthstore.com\/fr\/#\/schema\/logo\/image\/\"},\"sameAs\":[\"https:\/\/www.instagram.com\/dutchhealthstore\/\",\"https:\/\/www.facebook.com\/dutchhealthstore\"]}]}<\/script>\n<meta property=\"product:brand\" content=\"Living Libations\" \/>\n<meta property=\"product:price:amount\" content=\"44.00\" \/>\n<meta property=\"product:price:currency\" content=\"EUR\" \/>\n<meta property=\"og:availability\" content=\"instock\" \/>\n<meta property=\"product:availability\" content=\"instock\" \/>\n<meta property=\"product:condition\" content=\"new\" \/>\n<!-- \/ Yoast SEO Premium plugin. -->","yoast_head_json":{"title":"Sun Gold Daisy Essential Oil: \"Living Libations\" (Libations vivantes)","description":"Huile essentielle de marguerite Sun Gold : Le soleil en bouteille - une odeur chaude et florale avec des notes terreuses qui revigore les parfums, les eaux de Cologne et votre esprit avec une concentration calme.","robots":{"index":"index","follow":"follow","max-snippet":"max-snippet:-1","max-image-preview":"max-image-preview:large","max-video-preview":"max-video-preview:-1"},"canonical":"https:\/\/dutchhealthstore.com\/fr\/product\/sun-gold-daisy-essential-oil\/","og_locale":"fr_FR","og_type":"article","og_title":"Sun Gold Daisy Essential Oil - Dutch Health Store","og_description":"Huile essentielle de marguerite Sun Gold : Le soleil en bouteille - une odeur chaude et florale avec des notes terreuses qui revigore les parfums, les eaux de Cologne et votre esprit avec une concentration calme.","og_url":"https:\/\/dutchhealthstore.com\/fr\/product\/sun-gold-daisy-essential-oil\/","og_site_name":"Dutch Health Store","article_publisher":"https:\/\/www.instagram.com\/dutchhealthstore\/","article_modified_time":"2025-09-18T07:15:16+00:00","og_image":[{"width":530,"height":530,"url":"https:\/\/dutchhealthstore.com\/wp-content\/uploads\/2024\/07\/oil12.jpg","type":"image\/jpeg"}],"twitter_card":"summary_large_image","twitter_misc":{"Prix":"&euro;44,00","Disponibilit\u00e9":"En stock"},"schema":{"@context":"https:\/\/schema.org","@graph":[{"@type":"WebPage","@id":"https:\/\/dutchhealthstore.com\/fr\/product\/sun-gold-daisy-essential-oil\/","url":"https:\/\/dutchhealthstore.com\/fr\/product\/sun-gold-daisy-essential-oil\/","name":"Sun Gold Daisy Essential Oil: \"Living Libations\" (Libations vivantes)","isPartOf":{"@id":"https:\/\/dutchhealthstore.com\/fr\/#website"},"primaryImageOfPage":{"@id":"https:\/\/dutchhealthstore.com\/fr\/product\/sun-gold-daisy-essential-oil\/#primaryimage"},"image":{"@id":"https:\/\/dutchhealthstore.com\/fr\/product\/sun-gold-daisy-essential-oil\/#primaryimage"},"thumbnailUrl":"https:\/\/dutchhealthstore.com\/wp-content\/uploads\/2024\/07\/oil12.jpg","datePublished":"2024-07-16T12:34:04+00:00","dateModified":"2025-09-18T07:15:16+00:00","description":"Huile essentielle de marguerite Sun Gold : Le soleil en bouteille - une odeur chaude et florale avec des notes terreuses qui revigore les parfums, les eaux de Cologne et votre esprit avec une concentration calme.","breadcrumb":{"@id":"https:\/\/dutchhealthstore.com\/fr\/product\/sun-gold-daisy-essential-oil\/#breadcrumb"},"inLanguage":"fr-FR","potentialAction":[{"@type":"ReadAction","target":["https:\/\/dutchhealthstore.com\/fr\/product\/sun-gold-daisy-essential-oil\/"]}]},{"@type":"ImageObject","inLanguage":"fr-FR","@id":"https:\/\/dutchhealthstore.com\/fr\/product\/sun-gold-daisy-essential-oil\/#primaryimage","url":"https:\/\/dutchhealthstore.com\/wp-content\/uploads\/2024\/07\/oil12.jpg","contentUrl":"https:\/\/dutchhealthstore.com\/wp-content\/uploads\/2024\/07\/oil12.jpg","width":530,"height":530,"caption":"living-libations-Sun-Gold-Daisy-Essential-Oil"},{"@type":"BreadcrumbList","@id":"https:\/\/dutchhealthstore.com\/fr\/product\/sun-gold-daisy-essential-oil\/#breadcrumb","itemListElement":[{"@type":"ListItem","position":1,"name":"Home","item":"https:\/\/dutchhealthstore.com\/fr\/"},{"@type":"ListItem","position":2,"name":"Shop","item":"https:\/\/dutchhealthstore.com\/fr\/shop\/"},{"@type":"ListItem","position":3,"name":"Sun Gold Daisy Essential Oil"}]},{"@type":"WebSite","@id":"https:\/\/dutchhealthstore.com\/fr\/#website","url":"https:\/\/dutchhealthstore.com\/fr\/","name":"Dutch Health Store","description":"Enhance Your Beauty with Organic &amp; Natural Skincare","publisher":{"@id":"https:\/\/dutchhealthstore.com\/fr\/#organization"},"potentialAction":[{"@type":"SearchAction","target":{"@type":"EntryPoint","urlTemplate":"https:\/\/dutchhealthstore.com\/fr\/?s={search_term_string}"},"query-input":{"@type":"PropertyValueSpecification","valueRequired":true,"valueName":"search_term_string"}}],"inLanguage":"fr-FR"},{"@type":"Organization","@id":"https:\/\/dutchhealthstore.com\/fr\/#organization","name":"Dutch Health Store","url":"https:\/\/dutchhealthstore.com\/fr\/","logo":{"@type":"ImageObject","inLanguage":"fr-FR","@id":"https:\/\/dutchhealthstore.com\/fr\/#\/schema\/logo\/image\/","url":"https:\/\/dutchhealthstore.com\/wp-content\/uploads\/2020\/08\/logo-dutchhealthstore-jpg-e1599484957574.jpg","contentUrl":"https:\/\/dutchhealthstore.com\/wp-content\/uploads\/2020\/08\/logo-dutchhealthstore-jpg-e1599484957574.jpg","width":400,"height":62,"caption":"Dutch Health Store"},"image":{"@id":"https:\/\/dutchhealthstore.com\/fr\/#\/schema\/logo\/image\/"},"sameAs":["https:\/\/www.instagram.com\/dutchhealthstore\/","https:\/\/www.facebook.com\/dutchhealthstore"]}]},"product_brand":"Living Libations","product_price_amount":"44.00","product_price_currency":"EUR","og_availability":"instock","product_availability":"instock","product_condition":"new"},"_links":{"self":[{"href":"https:\/\/dutchhealthstore.com\/fr\/wp-json\/wp\/v2\/product\/296615","targetHints":{"allow":["GET"]}}],"collection":[{"href":"https:\/\/dutchhealthstore.com\/fr\/wp-json\/wp\/v2\/product"}],"about":[{"href":"https:\/\/dutchhealthstore.com\/fr\/wp-json\/wp\/v2\/types\/product"}],"replies":[{"embeddable":true,"href":"https:\/\/dutchhealthstore.com\/fr\/wp-json\/wp\/v2\/comments?post=296615"}],"wp:featuredmedia":[{"embeddable":true,"href":"https:\/\/dutchhealthstore.com\/fr\/wp-json\/wp\/v2\/media\/296156"}],"wp:attachment":[{"href":"https:\/\/dutchhealthstore.com\/fr\/wp-json\/wp\/v2\/media?parent=296615"}],"wp:term":[{"taxonomy":"product_brand","embeddable":true,"href":"https:\/\/dutchhealthstore.com\/fr\/wp-json\/wp\/v2\/product_brand?post=296615"},{"taxonomy":"product_cat","embeddable":true,"href":"https:\/\/dutchhealthstore.com\/fr\/wp-json\/wp\/v2\/product_cat?post=296615"},{"taxonomy":"product_tag","embeddable":true,"href":"https:\/\/dutchhealthstore.com\/fr\/wp-json\/wp\/v2\/product_tag?post=296615"}],"curies":[{"name":"wp","href":"https:\/\/api.w.org\/{rel}","templated":true}]}}