{"id":296505,"date":"2024-07-16T14:07:38","date_gmt":"2024-07-16T12:07:38","guid":{"rendered":"https:\/\/dutchhealthstore.com\/product\/menthe-poivree-huile-essentielle-de-willamette\/"},"modified":"2025-07-25T15:01:02","modified_gmt":"2025-07-25T13:01:02","slug":"menthe-poivree-huile-essentielle-de-willamette","status":"publish","type":"product","link":"https:\/\/dutchhealthstore.com\/fr\/product\/menthe-poivree-huile-essentielle-de-willamette\/","title":{"rendered":"Peppermint Willamette Essential Oil"},"content":{"rendered":"<div id=\"product.info.description\" class=\"data item content\" role=\"tabpanel\" data-role=\"content\" aria-labelledby=\"tab-label-product.info.description\" aria-hidden=\"false\">\n<div class=\"product attribute description\">\n<div class=\"value\">\n<h3><strong><img decoding=\"async\" class=\"alignright size-full wp-image-37041\" src=\"https:\/\/dutchhealthstore.com\/wp-content\/uploads\/2018\/04\/Living_Libations-1.png\" alt=\"Organic &amp; Natural Beautyproducts - Living Libations\" width=\"175\" height=\"82\"><\/strong><\/h3>\n<p><strong>Nom botanique:<\/strong> <strong>Mentha piperita<\/strong><br \/>\n<strong>Famille botanique: <\/strong> Lamiaceae<br \/>\n<strong>M\u00e9thode d&rsquo;extraction :<\/strong> Distillation \u00e0 la vapeur<br \/>\n<strong>Partie de la plante distill\u00e9e :<\/strong> Feuilles<br \/>\n<strong>Pays d&rsquo;origine : <\/strong>Vall\u00e9e de Willamette, Oregon, \u00c9tats-Unis<br \/>\n<strong>M\u00e9thode de culture:<\/strong> Organique<br \/>\n<strong>Composition :<\/strong> 100 % Mentha piperita<br \/>\n<strong>Consistance:<\/strong> Viscosit\u00e9 fine<\/p>\n<p><strong style=\"font-size: 14.4px;\">Taille &#8211; 5 ml<\/strong><\/p>\n<\/div>\n<\/div>\n<\/div>\n<div id=\"product.info.description\" class=\"data item content\" role=\"tabpanel\" data-role=\"content\" aria-labelledby=\"tab-label-product.info.description\" aria-hidden=\"false\">\n<div class=\"product attribute description\">\n<div class=\"value\">\n<h3>Description de l&rsquo;odeur<\/h3>\n<p>Soyeux, doux et vert avec une intensit\u00e9 menthol\u00e9e.<\/p>\n<h3>Se marie bien avec<\/h3>\n<p>Encens, menthe verte, lavande, marjolaine, citron, bergamote, tilleul, sapin blanc, g\u00e9ranium, hysope, myrte des montagnes, camomille, tanaisie, arbre \u00e0 th\u00e9, thym, origan, graines de carotte, \u00e9pinette et achill\u00e9e.<\/p>\n<a href=\"https:\/\/dutchhealthstore.com\/wp-content\/uploads\/2024\/07\/EO_Peppermint-Willamette_CoA.pdf\" class=\"button primary is-primary is-small\"  >\n\t\t<span>analyse des huiles essentielles<\/span>\n\t<\/a>\n\n<h3>Utilisations<\/h3>\n<p>En plus de rafra\u00eechir l&rsquo;haleine (une seule goutte suffit !), la menthe poivr\u00e9e Willamette offre une multitude d&rsquo;utilisations. Cette menthe douce agr\u00e9mente les cr\u00e9ations culinaires et les th\u00e9s, apaise les maux de ventre avec une touche de miel et rafra\u00eechit les rougeurs lorsqu&rsquo;elle est dilu\u00e9e dans de l&rsquo;huile de jojoba ou dans Best Skin Ever de Living Libations. Diffusez-la pour rafra\u00eechir l&rsquo;atmosph\u00e8re ou appliquez-la pure sur les tempes, le front ou la nuque douloureuse pour une sensation de fra\u00eecheur. Ajoutez-le \u00e0 un pschitt rafra\u00eechissant pour combattre les bouff\u00e9es de chaleur, ce qui en fait une solution portable pour le confort en d\u00e9placement.<\/p>\n<h3>Attention<\/h3>\n<p>En raison de ses propri\u00e9t\u00e9s rafra\u00eechissantes, la menthe poivr\u00e9e Willamette ne doit pas \u00eatre utilis\u00e9e non dilu\u00e9e chez les enfants de moins de cinq ans. Toutefois, une petite quantit\u00e9 dilu\u00e9e (1 \u00e0 2 %) est parfaitement s\u00fbre pour les jeunes enfants.<\/p>\n<h3>Ingr\u00e9dients Biologiques<\/h3>\n<p>100% d&rsquo;huile essentielle de menthe poivr\u00e9e de Willamette<em>(Mentha piperita)<\/em>.<\/p>\n<p style=\"text-align: center;\">Comme sa cousine, l&rsquo;huile essentielle de menthe poivr\u00e9e classique, la menthe poivr\u00e9e Willamette est une Mentha piperita. Cependant, cette menthe unique poss\u00e8de un parfum plus vert et un toucher plus doux. Cultiv\u00e9e \u00e0 haute altitude et pendant les hivers doux et humides de la vall\u00e9e de Willamette, cette menthe poivr\u00e9e sp\u00e9ciale offre la sensation famili\u00e8re de fra\u00eecheur avec une sensation plus douce et plus pulpeuse.<\/p>\n<\/div>\n<\/div>\n<p><img fetchpriority=\"high\" decoding=\"async\" class=\"size-full wp-image-31577 aligncenter\" src=\"https:\/\/dutchhealthstore.com\/wp-content\/uploads\/2018\/03\/organic_big.png\" alt=\"Organic and Natural - Living Libations\" width=\"623\" height=\"103\" srcset=\"https:\/\/dutchhealthstore.com\/wp-content\/uploads\/2018\/03\/organic_big.png 623w, https:\/\/dutchhealthstore.com\/wp-content\/uploads\/2018\/03\/organic_big-510x84.png 510w, https:\/\/dutchhealthstore.com\/wp-content\/uploads\/2018\/03\/organic_big-600x99.png 600w, https:\/\/dutchhealthstore.com\/wp-content\/uploads\/2018\/03\/organic_big-350x58.png 350w\" sizes=\"(max-width: 623px) 100vw, 623px\" \/><\/p>\n<div class=\"product attribute description\">\n<div class=\"value\"><\/div>\n<\/div>\n<\/div>\n","protected":false},"excerpt":{"rendered":"<div class=\"avatar-gutter ng-tns-c3082684051-312 ng-star-inserted\">\n<div class=\"resize-observable\"><span style=\"color: #555555; font-size: 14.4px;\">Provenant de la luxuriante vall\u00e9e de Willamette, la menthe poivr\u00e9e Willamette de Living Libations se targue d&rsquo;une douceur velout\u00e9e \u00e0 nulle autre pareille. Cette menthe unique offre l&rsquo;ar\u00f4me familier et revigorant de la menthe poivr\u00e9e avec un toucher plus doux.<\/span><\/div>\n<\/div>\n","protected":false},"featured_media":296170,"comment_status":"open","ping_status":"closed","template":"","meta":[],"product_brand":[],"product_cat":[1507,6734,1211,1209,1030,3757,1010,6733],"product_tag":[4495],"class_list":{"0":"post-296505","1":"product","2":"type-product","3":"status-publish","4":"has-post-thumbnail","6":"product_cat-plantes-huiles-essentielles-living-libations","7":"product_cat-essential-oils","8":"product_cat-living-libations-france","9":"product_cat-par-marques","10":"product_cat-par-produits","11":"product_cat-plantes-huiles-essentielles","12":"product_cat-notre-boutique","13":"product_cat-wellness-fr-2","14":"product_tag-essential-oil-fr","15":"pa_brand-livinglibations-fr","16":"pa_essential-oils-product-type-essential-oils-fr","17":"pa_size-5-ml-fr","19":"first","20":"instock","21":"taxable","22":"shipping-taxable","23":"purchasable","24":"product-type-simple"},"bundled_by":[],"bundle_stock_status":"instock","bundle_stock_quantity":3,"bundle_virtual":false,"bundle_layout":"","bundle_add_to_cart_form_location":"","bundle_editable_in_cart":false,"bundle_sold_individually_context":"","bundle_item_grouping":"","bundle_min_size":"","bundle_max_size":"","bundle_price":[],"bundled_items":[],"bundle_sell_ids":[],"atum_controlled":true,"out_stock_date":null,"out_stock_threshold":null,"inheritable":false,"stock_on_hold":0,"sold_today":0,"sales_last_days":0,"out_stock_days":0,"lost_sales":0,"update_date":"2026-04-17T11:39:30","atum_locations":[],"atum_stock_status":"instock","restock_status":false,"low_stock_amount":"","sales_update_date":"2026-04-17T11:39:30","calc_backorders":null,"group_of_quantity":0,"min_quantity":0,"max_quantity":"","exclude_order_quantity_value_rules":"no","exclude_category_quantity_rules":"no","combine_variations":"no","yoast_head":"<!-- This site is optimized with the Yoast SEO Premium plugin v26.5 (Yoast SEO v26.5) - https:\/\/yoast.com\/wordpress\/plugins\/seo\/ -->\n<title>Peppermint Willamette Essential Oil | Living Libations<\/title>\n<meta name=\"description\" content=\"Provenant de la verdoyante Willamette Valley de l&#039;Oregon, la menthe poivr\u00e9e Willamette de Living Libations offre l&#039;ar\u00f4me de menthe poivr\u00e9e le plus apaisant que vous ayez jamais connu.\" \/>\n<meta name=\"robots\" content=\"index, follow, max-snippet:-1, max-image-preview:large, max-video-preview:-1\" \/>\n<link rel=\"canonical\" href=\"https:\/\/dutchhealthstore.com\/fr\/product\/menthe-poivree-huile-essentielle-de-willamette\/\" \/>\n<meta property=\"og:locale\" content=\"fr_FR\" \/>\n<meta property=\"og:type\" content=\"article\" \/>\n<meta property=\"og:title\" content=\"Peppermint Willamette Essential Oil - Dutch Health Store\" \/>\n<meta property=\"og:description\" content=\"Provenant de la verdoyante Willamette Valley de l&#039;Oregon, la menthe poivr\u00e9e Willamette de Living Libations offre l&#039;ar\u00f4me de menthe poivr\u00e9e le plus apaisant que vous ayez jamais connu.\" \/>\n<meta property=\"og:url\" content=\"https:\/\/dutchhealthstore.com\/fr\/product\/menthe-poivree-huile-essentielle-de-willamette\/\" \/>\n<meta property=\"og:site_name\" content=\"Dutch Health Store\" \/>\n<meta property=\"article:publisher\" content=\"https:\/\/www.instagram.com\/dutchhealthstore\/\" \/>\n<meta property=\"article:modified_time\" content=\"2025-07-25T13:01:02+00:00\" \/>\n<meta property=\"og:image\" content=\"https:\/\/dutchhealthstore.com\/wp-content\/uploads\/2024\/07\/blue-beautifly-witch-hazel-toner-Recovered.jpg\" \/>\n\t<meta property=\"og:image:width\" content=\"530\" \/>\n\t<meta property=\"og:image:height\" content=\"530\" \/>\n\t<meta property=\"og:image:type\" content=\"image\/jpeg\" \/>\n<meta name=\"twitter:card\" content=\"summary_large_image\" \/>\n<meta name=\"twitter:label1\" content=\"Prix\" \/>\n\t<meta name=\"twitter:data1\" content=\"&euro;17,00\" \/>\n\t<meta name=\"twitter:label2\" content=\"Disponibilit\u00e9\" \/>\n\t<meta name=\"twitter:data2\" content=\"En stock\" \/>\n<script type=\"application\/ld+json\" class=\"yoast-schema-graph\">{\"@context\":\"https:\/\/schema.org\",\"@graph\":[{\"@type\":\"WebPage\",\"@id\":\"https:\/\/dutchhealthstore.com\/fr\/product\/menthe-poivree-huile-essentielle-de-willamette\/\",\"url\":\"https:\/\/dutchhealthstore.com\/fr\/product\/menthe-poivree-huile-essentielle-de-willamette\/\",\"name\":\"Peppermint Willamette Essential Oil | Living Libations\",\"isPartOf\":{\"@id\":\"https:\/\/dutchhealthstore.com\/fr\/#website\"},\"primaryImageOfPage\":{\"@id\":\"https:\/\/dutchhealthstore.com\/fr\/product\/menthe-poivree-huile-essentielle-de-willamette\/#primaryimage\"},\"image\":{\"@id\":\"https:\/\/dutchhealthstore.com\/fr\/product\/menthe-poivree-huile-essentielle-de-willamette\/#primaryimage\"},\"thumbnailUrl\":\"https:\/\/dutchhealthstore.com\/wp-content\/uploads\/2024\/07\/blue-beautifly-witch-hazel-toner-Recovered.jpg\",\"datePublished\":\"2024-07-16T12:07:38+00:00\",\"dateModified\":\"2025-07-25T13:01:02+00:00\",\"description\":\"Provenant de la verdoyante Willamette Valley de l'Oregon, la menthe poivr\u00e9e Willamette de Living Libations offre l'ar\u00f4me de menthe poivr\u00e9e le plus apaisant que vous ayez jamais connu.\",\"breadcrumb\":{\"@id\":\"https:\/\/dutchhealthstore.com\/fr\/product\/menthe-poivree-huile-essentielle-de-willamette\/#breadcrumb\"},\"inLanguage\":\"fr-FR\",\"potentialAction\":[{\"@type\":\"ReadAction\",\"target\":[\"https:\/\/dutchhealthstore.com\/fr\/product\/menthe-poivree-huile-essentielle-de-willamette\/\"]}]},{\"@type\":\"ImageObject\",\"inLanguage\":\"fr-FR\",\"@id\":\"https:\/\/dutchhealthstore.com\/fr\/product\/menthe-poivree-huile-essentielle-de-willamette\/#primaryimage\",\"url\":\"https:\/\/dutchhealthstore.com\/wp-content\/uploads\/2024\/07\/blue-beautifly-witch-hazel-toner-Recovered.jpg\",\"contentUrl\":\"https:\/\/dutchhealthstore.com\/wp-content\/uploads\/2024\/07\/blue-beautifly-witch-hazel-toner-Recovered.jpg\",\"width\":530,\"height\":530,\"caption\":\"living-libations-Peppermint-Willamette-Essential-Oil\"},{\"@type\":\"BreadcrumbList\",\"@id\":\"https:\/\/dutchhealthstore.com\/fr\/product\/menthe-poivree-huile-essentielle-de-willamette\/#breadcrumb\",\"itemListElement\":[{\"@type\":\"ListItem\",\"position\":1,\"name\":\"Home\",\"item\":\"https:\/\/dutchhealthstore.com\/fr\/\"},{\"@type\":\"ListItem\",\"position\":2,\"name\":\"Shop\",\"item\":\"https:\/\/dutchhealthstore.com\/fr\/shop\/\"},{\"@type\":\"ListItem\",\"position\":3,\"name\":\"Peppermint Willamette Essential Oil\"}]},{\"@type\":\"WebSite\",\"@id\":\"https:\/\/dutchhealthstore.com\/fr\/#website\",\"url\":\"https:\/\/dutchhealthstore.com\/fr\/\",\"name\":\"Dutch Health Store\",\"description\":\"Enhance Your Beauty with Organic &amp; Natural Skincare\",\"publisher\":{\"@id\":\"https:\/\/dutchhealthstore.com\/fr\/#organization\"},\"potentialAction\":[{\"@type\":\"SearchAction\",\"target\":{\"@type\":\"EntryPoint\",\"urlTemplate\":\"https:\/\/dutchhealthstore.com\/fr\/?s={search_term_string}\"},\"query-input\":{\"@type\":\"PropertyValueSpecification\",\"valueRequired\":true,\"valueName\":\"search_term_string\"}}],\"inLanguage\":\"fr-FR\"},{\"@type\":\"Organization\",\"@id\":\"https:\/\/dutchhealthstore.com\/fr\/#organization\",\"name\":\"Dutch Health Store\",\"url\":\"https:\/\/dutchhealthstore.com\/fr\/\",\"logo\":{\"@type\":\"ImageObject\",\"inLanguage\":\"fr-FR\",\"@id\":\"https:\/\/dutchhealthstore.com\/fr\/#\/schema\/logo\/image\/\",\"url\":\"https:\/\/dutchhealthstore.com\/wp-content\/uploads\/2020\/08\/logo-dutchhealthstore-jpg-e1599484957574.jpg\",\"contentUrl\":\"https:\/\/dutchhealthstore.com\/wp-content\/uploads\/2020\/08\/logo-dutchhealthstore-jpg-e1599484957574.jpg\",\"width\":400,\"height\":62,\"caption\":\"Dutch Health Store\"},\"image\":{\"@id\":\"https:\/\/dutchhealthstore.com\/fr\/#\/schema\/logo\/image\/\"},\"sameAs\":[\"https:\/\/www.instagram.com\/dutchhealthstore\/\",\"https:\/\/www.facebook.com\/dutchhealthstore\"]}]}<\/script>\n<meta property=\"product:brand\" content=\"Living Libations\" \/>\n<meta property=\"product:price:amount\" content=\"17.00\" \/>\n<meta property=\"product:price:currency\" content=\"EUR\" \/>\n<meta property=\"og:availability\" content=\"instock\" \/>\n<meta property=\"product:availability\" content=\"instock\" \/>\n<meta property=\"product:condition\" content=\"new\" \/>\n<!-- \/ Yoast SEO Premium plugin. -->","yoast_head_json":{"title":"Peppermint Willamette Essential Oil | Living Libations","description":"Provenant de la verdoyante Willamette Valley de l'Oregon, la menthe poivr\u00e9e Willamette de Living Libations offre l'ar\u00f4me de menthe poivr\u00e9e le plus apaisant que vous ayez jamais connu.","robots":{"index":"index","follow":"follow","max-snippet":"max-snippet:-1","max-image-preview":"max-image-preview:large","max-video-preview":"max-video-preview:-1"},"canonical":"https:\/\/dutchhealthstore.com\/fr\/product\/menthe-poivree-huile-essentielle-de-willamette\/","og_locale":"fr_FR","og_type":"article","og_title":"Peppermint Willamette Essential Oil - Dutch Health Store","og_description":"Provenant de la verdoyante Willamette Valley de l'Oregon, la menthe poivr\u00e9e Willamette de Living Libations offre l'ar\u00f4me de menthe poivr\u00e9e le plus apaisant que vous ayez jamais connu.","og_url":"https:\/\/dutchhealthstore.com\/fr\/product\/menthe-poivree-huile-essentielle-de-willamette\/","og_site_name":"Dutch Health Store","article_publisher":"https:\/\/www.instagram.com\/dutchhealthstore\/","article_modified_time":"2025-07-25T13:01:02+00:00","og_image":[{"width":530,"height":530,"url":"https:\/\/dutchhealthstore.com\/wp-content\/uploads\/2024\/07\/blue-beautifly-witch-hazel-toner-Recovered.jpg","type":"image\/jpeg"}],"twitter_card":"summary_large_image","twitter_misc":{"Prix":"&euro;17,00","Disponibilit\u00e9":"En stock"},"schema":{"@context":"https:\/\/schema.org","@graph":[{"@type":"WebPage","@id":"https:\/\/dutchhealthstore.com\/fr\/product\/menthe-poivree-huile-essentielle-de-willamette\/","url":"https:\/\/dutchhealthstore.com\/fr\/product\/menthe-poivree-huile-essentielle-de-willamette\/","name":"Peppermint Willamette Essential Oil | Living Libations","isPartOf":{"@id":"https:\/\/dutchhealthstore.com\/fr\/#website"},"primaryImageOfPage":{"@id":"https:\/\/dutchhealthstore.com\/fr\/product\/menthe-poivree-huile-essentielle-de-willamette\/#primaryimage"},"image":{"@id":"https:\/\/dutchhealthstore.com\/fr\/product\/menthe-poivree-huile-essentielle-de-willamette\/#primaryimage"},"thumbnailUrl":"https:\/\/dutchhealthstore.com\/wp-content\/uploads\/2024\/07\/blue-beautifly-witch-hazel-toner-Recovered.jpg","datePublished":"2024-07-16T12:07:38+00:00","dateModified":"2025-07-25T13:01:02+00:00","description":"Provenant de la verdoyante Willamette Valley de l'Oregon, la menthe poivr\u00e9e Willamette de Living Libations offre l'ar\u00f4me de menthe poivr\u00e9e le plus apaisant que vous ayez jamais connu.","breadcrumb":{"@id":"https:\/\/dutchhealthstore.com\/fr\/product\/menthe-poivree-huile-essentielle-de-willamette\/#breadcrumb"},"inLanguage":"fr-FR","potentialAction":[{"@type":"ReadAction","target":["https:\/\/dutchhealthstore.com\/fr\/product\/menthe-poivree-huile-essentielle-de-willamette\/"]}]},{"@type":"ImageObject","inLanguage":"fr-FR","@id":"https:\/\/dutchhealthstore.com\/fr\/product\/menthe-poivree-huile-essentielle-de-willamette\/#primaryimage","url":"https:\/\/dutchhealthstore.com\/wp-content\/uploads\/2024\/07\/blue-beautifly-witch-hazel-toner-Recovered.jpg","contentUrl":"https:\/\/dutchhealthstore.com\/wp-content\/uploads\/2024\/07\/blue-beautifly-witch-hazel-toner-Recovered.jpg","width":530,"height":530,"caption":"living-libations-Peppermint-Willamette-Essential-Oil"},{"@type":"BreadcrumbList","@id":"https:\/\/dutchhealthstore.com\/fr\/product\/menthe-poivree-huile-essentielle-de-willamette\/#breadcrumb","itemListElement":[{"@type":"ListItem","position":1,"name":"Home","item":"https:\/\/dutchhealthstore.com\/fr\/"},{"@type":"ListItem","position":2,"name":"Shop","item":"https:\/\/dutchhealthstore.com\/fr\/shop\/"},{"@type":"ListItem","position":3,"name":"Peppermint Willamette Essential Oil"}]},{"@type":"WebSite","@id":"https:\/\/dutchhealthstore.com\/fr\/#website","url":"https:\/\/dutchhealthstore.com\/fr\/","name":"Dutch Health Store","description":"Enhance Your Beauty with Organic &amp; Natural Skincare","publisher":{"@id":"https:\/\/dutchhealthstore.com\/fr\/#organization"},"potentialAction":[{"@type":"SearchAction","target":{"@type":"EntryPoint","urlTemplate":"https:\/\/dutchhealthstore.com\/fr\/?s={search_term_string}"},"query-input":{"@type":"PropertyValueSpecification","valueRequired":true,"valueName":"search_term_string"}}],"inLanguage":"fr-FR"},{"@type":"Organization","@id":"https:\/\/dutchhealthstore.com\/fr\/#organization","name":"Dutch Health Store","url":"https:\/\/dutchhealthstore.com\/fr\/","logo":{"@type":"ImageObject","inLanguage":"fr-FR","@id":"https:\/\/dutchhealthstore.com\/fr\/#\/schema\/logo\/image\/","url":"https:\/\/dutchhealthstore.com\/wp-content\/uploads\/2020\/08\/logo-dutchhealthstore-jpg-e1599484957574.jpg","contentUrl":"https:\/\/dutchhealthstore.com\/wp-content\/uploads\/2020\/08\/logo-dutchhealthstore-jpg-e1599484957574.jpg","width":400,"height":62,"caption":"Dutch Health Store"},"image":{"@id":"https:\/\/dutchhealthstore.com\/fr\/#\/schema\/logo\/image\/"},"sameAs":["https:\/\/www.instagram.com\/dutchhealthstore\/","https:\/\/www.facebook.com\/dutchhealthstore"]}]},"product_brand":"Living Libations","product_price_amount":"17.00","product_price_currency":"EUR","og_availability":"instock","product_availability":"instock","product_condition":"new"},"_links":{"self":[{"href":"https:\/\/dutchhealthstore.com\/fr\/wp-json\/wp\/v2\/product\/296505","targetHints":{"allow":["GET"]}}],"collection":[{"href":"https:\/\/dutchhealthstore.com\/fr\/wp-json\/wp\/v2\/product"}],"about":[{"href":"https:\/\/dutchhealthstore.com\/fr\/wp-json\/wp\/v2\/types\/product"}],"replies":[{"embeddable":true,"href":"https:\/\/dutchhealthstore.com\/fr\/wp-json\/wp\/v2\/comments?post=296505"}],"wp:featuredmedia":[{"embeddable":true,"href":"https:\/\/dutchhealthstore.com\/fr\/wp-json\/wp\/v2\/media\/296170"}],"wp:attachment":[{"href":"https:\/\/dutchhealthstore.com\/fr\/wp-json\/wp\/v2\/media?parent=296505"}],"wp:term":[{"taxonomy":"product_brand","embeddable":true,"href":"https:\/\/dutchhealthstore.com\/fr\/wp-json\/wp\/v2\/product_brand?post=296505"},{"taxonomy":"product_cat","embeddable":true,"href":"https:\/\/dutchhealthstore.com\/fr\/wp-json\/wp\/v2\/product_cat?post=296505"},{"taxonomy":"product_tag","embeddable":true,"href":"https:\/\/dutchhealthstore.com\/fr\/wp-json\/wp\/v2\/product_tag?post=296505"}],"curies":[{"name":"wp","href":"https:\/\/api.w.org\/{rel}","templated":true}]}}