{"id":283884,"date":"2024-04-26T10:11:09","date_gmt":"2024-04-26T08:11:09","guid":{"rendered":"https:\/\/dutchhealthstore.com\/product\/sandalwood-traditional-essential-oil\/"},"modified":"2024-11-19T09:19:46","modified_gmt":"2024-11-19T08:19:46","slug":"sandalwood-traditional-essential-oil","status":"publish","type":"product","link":"https:\/\/dutchhealthstore.com\/fr\/product\/sandalwood-traditional-essential-oil\/","title":{"rendered":"Sandalwood, Traditional Essential Oil"},"content":{"rendered":"<p>Depuis de nombreuses ann\u00e9es, nous fournissons un excellent bois de santal d&rsquo;origine durable en provenance d&rsquo;Australie. Ce bois tr\u00e8s recherch\u00e9 a longtemps fait l&rsquo;objet d&rsquo;une surexploitation et d&rsquo;un braconnage ill\u00e9gal. Cependant, apr\u00e8s des ann\u00e9es de culture intensive, nous sommes ravis d&rsquo;annoncer le retour du bois de santal traditionnel original de l&rsquo;Inde.<\/p>\n<p>L&rsquo;huile de santal, connue pour son ar\u00f4me calme et s\u00e9duisant, est une pierre angulaire de la parfumerie depuis des lustres. Il est mentionn\u00e9 dans d&rsquo;anciens textes sanskrits et dans des recettes historiques. Estim\u00e9e par les monarques et ch\u00e9rie pour ses qualit\u00e9s sacr\u00e9es, notre huile essentielle de bois de santal traditionnel repr\u00e9sente le summum du luxe et du respect.<\/p>\n<p><strong>Taille : 5 ml<\/strong><\/p>\n<p><strong>Nom botanique:<\/strong> Santalum album<br \/>\n<strong>Famille botanique :<\/strong> Santalaceae<br \/>\n<strong>M\u00e9thode d&rsquo;extraction:<\/strong> Distillation \u00e0 la vapeur<br \/>\n<strong>Partie de la plante distill\u00e9e :<\/strong> Bois de c\u0153ur<br \/>\n<strong>Pays d&rsquo;origine :<\/strong> Inde orientale<br \/>\n<strong>M\u00e9thode de culture :<\/strong> Production biologique et \u00e9thique<br \/>\n<strong>Composition :<\/strong> 100% Santalum album<br \/>\n<strong>Consistance :<\/strong> \u00c9pais<br \/>\n<strong>Description du parfum :<\/strong> Doux, sucr\u00e9 et serein avec des notes musqu\u00e9es et balsamiques.<br \/>\n<strong>Se marie bien avec :<\/strong> Lavande, Tub\u00e9reuse, Jasmin, Limette, Pamplemousse, Bergamote, Cannelle, Rose Otto, G\u00e9ranium, Encens, Palo Santo, Cardamome, Citronnelle, Sapin blanc, Myrrhe, Spikenard, Tabac, Marjolaine, Herbe \u00e0 poux et Vanille.<br \/>\n<strong>Utilisations :<\/strong> Tonique calmant. Une belle note de base tenace dans les parfums et les eaux de Cologne, ajout\u00e9e aux shampooings, aux apr\u00e8s-shampooings et aux huiles capillaires pour des m\u00e8ches brillantes et parfum\u00e9es. Efficace et pimpant comme d\u00e9odorant. Sublime pour adoucir l&rsquo;apparence des cicatrices, des taches, des ridules, du m\u00e9lasma et de la texture de la peau. Diffusez pour un baume calme et une m\u00e9ditation mystique. Dans l&rsquo;Ayurveda, le bois de santal traditionnel \u00e9voque le calme et une simple bouff\u00e9e du flacon ou une noisette sous le nez permet d&rsquo;\u00e9chapper au paradigme de la lutte ou de la fuite au profit d&rsquo;une profonde expiration int\u00e9rieure et d&rsquo;une gr\u00e2ce sous pression.<br \/>\n<strong>Constituants<\/strong>: Une abondance de sesquiterp\u00e8nes alpha santalol et b\u00eata santalol, b\u00e9n\u00e9fiques pour la peau.<br \/>\nLe bois de santal traditionnel indien, inhal\u00e9 depuis l&rsquo;antiquit\u00e9 pour son ar\u00f4me qui satisfait l&rsquo;\u00e2me, d\u00e9gage de luxueuses \u00e9manations. Son ar\u00f4me riche et velout\u00e9 apaise la peau, parfume les cheveux et constitue un excellent liniment pour le corps. La fragrance est captivante, avec une pr\u00e9sence durable en parfumerie. L&rsquo;ar\u00f4me embl\u00e9matique du bois de santal traditionnel se pr\u00e9sente avec force d\u00e8s le flacon. Il est plus doux que le bois de santal royal hawa\u00efen et plus sucr\u00e9 que le bois de santal australien. C&rsquo;est un classique de l&rsquo;aromath\u00e9rapie pour le calme, la clart\u00e9 et la paix int\u00e9rieure.<\/p>\n<p>L&rsquo;abondance d&rsquo;alpha-santalol et de b\u00eata-santalol sesquiterp\u00e8nes fait du santal traditionnel un excellent produit de soin pour la peau. Ces sesquiterp\u00e8nes sont des compos\u00e9s v\u00e9g\u00e9taux qui apportent \u00e9quilibre, tonus et s\u00e9r\u00e9nit\u00e9 \u00e0 tous les types de peau. Il est subtil et convient aux peaux les plus sensibles.<\/p>\n\n\t<section class=\"section\" id=\"section_1936272231\">\n\t\t<div class=\"section-bg fill\" >\n\t\t\t\t\t\t\t\t\t\n\t\t\t\n\t<div class=\"is-border\"\n\t\tstyle=\"border-color:rgb(235, 235, 235);border-width:0px 0px 0px 0px;\">\n\t<\/div>\n\n\t\t<\/div>\n\n\t\t\n\n\t\t<div class=\"section-content relative\">\n\t\t\t\n\n<div class=\"row row-small align-center\"  id=\"row-627090881\">\n\n\n\t<div id=\"col-447681881\" class=\"col medium-7 small-12 large-7\"  >\n\t\t\t\t<div class=\"col-inner text-center\"  >\n\t\t\t\n\t\t\t\n\n\t<div class=\"img has-hover x md-x lg-x y md-y lg-y\" id=\"image_1560210651\">\n\t\t\t\t\t\t\t\t<div class=\"img-inner dark\" >\n\t\t\t<img fetchpriority=\"high\" decoding=\"async\" width=\"442\" height=\"131\" src=\"https:\/\/dutchhealthstore.com\/wp-content\/uploads\/2020\/09\/logo_2_442x.png\" class=\"attachment-original size-original\" alt=\"\" \/>\t\t\t\t\t\t\n\t\t\t\t\t<\/div>\n\t\t\t\t\t\t\t\t\n<style>\n#image_1560210651 {\n  width: 58%;\n}\n<\/style>\n\t<\/div>\n\t\n\n\t<div id=\"gap-1388627218\" class=\"gap-element clearfix\" style=\"display:block; height:auto;\">\n\t\t\n<style>\n#gap-1388627218 {\n  padding-top: 50px;\n}\n<\/style>\n\t<\/div>\n\t\n\n<h2 style=\"text-align: center;\">How to Use Our Best Skin Evers<\/h2>\n<p style=\"text-align: center;\">Our Best Skin Evers renew the face and bedew the body and with grace. These all-in-one botanical blends cleanse, moisturize, and nourish the skin. Best Skin Evers are crafted to bring into balance all skin types.<\/p>\n<p style=\"text-align: center;\">Washing the face with pure pressed plant oils is an ancient Ayurvedic and gracious gypsy method to cleanse and gently exfoliate the skin. Nadine designed the Best Skin Evers to be your finest bathing and beauty aide. These oils plus water and a cloth are the simple essentials to cleanse, exfoliate, moisten and bedew.<\/p>\n<h2 style=\"text-align: center;\">Colder Temperature &amp; The Best Skin Evers<\/h2>\n<p>We get almost daily questions about the <a href=\"\/?product_cat=best-skin-ever-2\">Best Skin Evers<\/a>\u00a0and \"bits\" floating in it. I have discussed this before but am more than happy to do it again. The bits you see are pieces of coconut oil. <a href=\"\/?product_cat=best-skin-ever-2\">The Best Skin Evers<\/a> contain coconut oil and this oil (like many others, for that matter) becomes firmer\/harder as the temperature drops. For example; I have a jar of coconut oil in the kitchen drawer at home that is spreadable but definitely not liquid!<\/p>\n<p>We get these bottles delivered this way and it makes sense because on the way on the plane, in the cargo hold, it's cold, in our warehouse it's very cool and dark, so the coconut oil never gets to a point where it can melt.<br \/>And maybe you've experienced it yourself when you've put a bottle, for preservation, in the fridge. Then you can see almost the entire bottle \"solidify\" in a short time.<\/p>\n<p>Fortunately, there is a very simple, effective solution to this; put the bottle in (hand) warm water and the coconut oil (but Tamanu can also cause this problem) will melt. Shake well and it's ready to use!<\/p>\n<p>Pay attention to the pump as well, because you may have tried to use the product and there is also solidified coconut oil in the pump. You can reopen this by putting it in warm water for a while, drying it well and it is ready to use again.<br \/>A bit of work, but yes, it is thanks to the absence of preservatives! And that's a very nice thought then \ud83d\ude09<\/p>\n\t<div id=\"gap-880905579\" class=\"gap-element clearfix hide-for-small\" style=\"display:block; height:auto;\">\n\t\t\n<style>\n#gap-880905579 {\n  padding-top: 50px;\n}\n<\/style>\n\t<\/div>\n\t\n\n\n\t\t<\/div>\n\t\t\t\t\t<\/div>\n\n\t\n\n\t<div id=\"col-209555777\" class=\"col medium-5 small-12 large-5\"  >\n\t\t\t\t<div class=\"col-inner box-shadow-2 box-shadow-5-hover\" style=\"background-color:rgb(255, 255, 255);\" >\n\t\t\t\n\t\t\t\n\n\t<div id=\"text-2667064063\" class=\"text\">\n\t\t\n\n<p><span style=\"font-size: 90%;\"><strong>Directions: Washing\/Cleansing your Face with Best Skin Ever<\/strong><\/span><\/p>\n<ol>\n<li><span style=\"font-size: 90%;\">Humidifiez votre tissu avec de l'eau.<\/span><\/li>\n<li><span style=\"font-size: 90%;\">Appliquez une \u00e0 deux pressions de l'un des produits Best Skin Evers sur la partie humide de la d\u00e9barbouillette.<\/span><\/li>\n<li><span style=\"font-size: 90%;\">Massez en douceur votre visage, cou et nuque avec le tissu. Massez plus vigoureusement pour un effet plus exfoliant. Vous pouvez rincer votre peau mais ce n'est pas sp\u00e9cialement n\u00e9cessaire.<\/span><\/li>\n<\/ol>\n<p><span style=\"font-size: 90%;\">Si vous avez besoin de plus d'hydratation, ajoutez une ou deux gouttes de l'un de nos s\u00e9rums Best Skin Evers ou Libations (Rose Glow, Soothsayer, Royal Rose, Sandalwood, Chocolate Karat ou Open Sky) sur le bout de vos doigts et massez le visage et le cou. Si votre peau a tr\u00e8s soif, une cr\u00e8me Libations (Sundew, Rose Glow, All Seeing ou Maverick) vous comblera.<\/span><\/p>\n<p><span style=\"font-size: 90%;\">Vous pouvez \u00e9galement ajouter une goutte ou deux de l'un des s\u00e9rums \u00e0 un peu de l'une des Cr\u00e8mes. Ils se m\u00e9langent tous magnifiquement ensemble.<\/span><\/p>\n<p><span style=\"font-size: 90%;\"><strong>Directions: Using Best Skin Ever on your Body after a Bath or Shower<\/strong><\/span><\/p>\n<ol>\n<li><span style=\"font-size: 90%;\">Laissez le corps mouill\u00e9 apr\u00e8s un bain ou une douche.<\/span><\/li>\n<li><span style=\"font-size: 90%;\">Mouiller un tissu avec de l'eau. Essorez bien.<\/span><\/li>\n<li><span style=\"font-size: 90%;\">Ajoutez une petit quantit\u00e9 de votre Best Skin Ever \u00e0 votre tissu humide.<\/span><\/li>\n<li><span style=\"font-size: 90%;\">Masser tout le corps avec le tissu, de la t\u00eate aux pieds. Massez plus vigoureusement pour un effet plus exfoliant.<\/span><\/li>\n<\/ol>\n\t\t\n<style>\n#text-2667064063 {\n  font-size: 1rem;\n  line-height: 1.75;\n}\n<\/style>\n\t<\/div>\n\t\n\n\t\t<\/div>\n\t\t\t\t\n<style>\n#col-209555777 > .col-inner {\n  padding: 15px 15px 15px 15px;\n}\n<\/style>\n\t<\/div>\n\n\t\n\n\n<style>\n#row-627090881 > .col > .col-inner {\n  padding: 35px 50px 48px 44px;\n}\n<\/style>\n<\/div>\n\n\t\t<\/div>\n\n\t\t\n<style>\n#section_1936272231 {\n  padding-top: 34px;\n  padding-bottom: 34px;\n  min-height: 300px;\n}\n<\/style>\n\t<\/section>\n\t\n<p><img decoding=\"async\" class=\"size-medium wp-image-68103 aligncenter\" src=\"https:\/\/dutchhealthstore.com\/wp-content\/uploads\/2018\/02\/Living-Libations-Organic-Logo-800x89.png\" alt=\"Living Libations - Organic Logo\" width=\"800\" height=\"89\" srcset=\"https:\/\/dutchhealthstore.com\/wp-content\/uploads\/2018\/02\/Living-Libations-Organic-Logo-800x89.png 800w, https:\/\/dutchhealthstore.com\/wp-content\/uploads\/2018\/02\/Living-Libations-Organic-Logo-510x57.png 510w, https:\/\/dutchhealthstore.com\/wp-content\/uploads\/2018\/02\/Living-Libations-Organic-Logo-768x85.png 768w, https:\/\/dutchhealthstore.com\/wp-content\/uploads\/2018\/02\/Living-Libations-Organic-Logo.png 1400w\" sizes=\"(max-width: 800px) 100vw, 800px\" \/><\/p>\n\t<div id=\"gap-1782501804\" class=\"gap-element clearfix\" style=\"display:block; height:auto;\">\n\t\t\n<style>\n#gap-1782501804 {\n  padding-top: 50px;\n}\n<\/style>\n\t<\/div>\n\t\n","protected":false},"excerpt":{"rendered":"<p>Enfin, nous sommes en mesure de fournir du bois de santal traditionnel, Santalum album, provenant de Mysore, en Inde, le lieu de naissance de son champ morphog\u00e9nique.<\/p>\n","protected":false},"featured_media":282048,"comment_status":"open","ping_status":"closed","template":"","meta":[],"product_brand":[],"product_cat":[1507,1211,1209,1030,3757,1010],"product_tag":[4495],"class_list":{"0":"post-283884","1":"product","2":"type-product","3":"status-publish","4":"has-post-thumbnail","6":"product_cat-plantes-huiles-essentielles-living-libations","7":"product_cat-living-libations-france","8":"product_cat-par-marques","9":"product_cat-par-produits","10":"product_cat-plantes-huiles-essentielles","11":"product_cat-notre-boutique","12":"product_tag-essential-oil-fr","13":"pa_brand-livinglibations-fr","14":"pa_essential-oils-product-type-essential-oils-fr","15":"pa_size-5-ml-fr","17":"first","18":"instock","19":"taxable","20":"shipping-taxable","21":"purchasable","22":"product-type-simple"},"bundled_by":[],"bundle_stock_status":"instock","bundle_stock_quantity":3,"bundle_virtual":false,"bundle_layout":"","bundle_add_to_cart_form_location":"","bundle_editable_in_cart":false,"bundle_sold_individually_context":"","bundle_item_grouping":"","bundle_min_size":"","bundle_max_size":"","bundle_price":[],"bundled_items":[],"bundle_sell_ids":[247525],"atum_controlled":true,"out_stock_date":null,"out_stock_threshold":null,"inheritable":false,"stock_on_hold":0,"sold_today":0,"sales_last_days":0,"out_stock_days":0,"lost_sales":0,"update_date":"2026-04-17T11:39:30","atum_locations":[],"atum_stock_status":"instock","restock_status":false,"low_stock_amount":"","sales_update_date":"2026-04-17T11:39:30","calc_backorders":null,"group_of_quantity":0,"min_quantity":0,"max_quantity":"","exclude_order_quantity_value_rules":"no","exclude_category_quantity_rules":"no","combine_variations":"no","yoast_head":"<!-- This site is optimized with the Yoast SEO Premium plugin v26.5 (Yoast SEO v26.5) - https:\/\/yoast.com\/wordpress\/plugins\/seo\/ -->\n<title>Sandalwood, Traditional Essential Oil - Living Libations<\/title>\n<meta name=\"description\" content=\"Enfin, nous sommes en mesure de fournir du bois de santal traditionnel, Santalum album, provenant de Mysore, en Inde, le lieu de naissance de son champ morphog\u00e9nique.\" \/>\n<meta name=\"robots\" content=\"index, follow, max-snippet:-1, max-image-preview:large, max-video-preview:-1\" \/>\n<link rel=\"canonical\" href=\"https:\/\/dutchhealthstore.com\/fr\/product\/sandalwood-traditional-essential-oil\/\" \/>\n<meta property=\"og:locale\" content=\"fr_FR\" \/>\n<meta property=\"og:type\" content=\"article\" \/>\n<meta property=\"og:title\" content=\"Sandalwood, Traditional Essential Oil - Dutch Health Store\" \/>\n<meta property=\"og:description\" content=\"Enfin, nous sommes en mesure de fournir du bois de santal traditionnel, Santalum album, provenant de Mysore, en Inde, le lieu de naissance de son champ morphog\u00e9nique.\" \/>\n<meta property=\"og:url\" content=\"https:\/\/dutchhealthstore.com\/fr\/product\/sandalwood-traditional-essential-oil\/\" \/>\n<meta property=\"og:site_name\" content=\"Dutch Health Store\" \/>\n<meta property=\"article:publisher\" content=\"https:\/\/www.instagram.com\/dutchhealthstore\/\" \/>\n<meta property=\"article:modified_time\" content=\"2024-11-19T08:19:46+00:00\" \/>\n<meta property=\"og:image\" content=\"https:\/\/dutchhealthstore.com\/wp-content\/uploads\/2024\/04\/living-libations-sandalwood-traditional.jpg\" \/>\n\t<meta property=\"og:image:width\" content=\"526\" \/>\n\t<meta property=\"og:image:height\" content=\"526\" \/>\n\t<meta property=\"og:image:type\" content=\"image\/jpeg\" \/>\n<meta name=\"twitter:card\" content=\"summary_large_image\" \/>\n<meta name=\"twitter:label1\" content=\"Prix\" \/>\n\t<meta name=\"twitter:data1\" content=\"&euro;108,00\" \/>\n\t<meta name=\"twitter:label2\" content=\"Disponibilit\u00e9\" \/>\n\t<meta name=\"twitter:data2\" content=\"En stock\" \/>\n<script type=\"application\/ld+json\" class=\"yoast-schema-graph\">{\"@context\":\"https:\/\/schema.org\",\"@graph\":[{\"@type\":\"WebPage\",\"@id\":\"https:\/\/dutchhealthstore.com\/fr\/product\/sandalwood-traditional-essential-oil\/\",\"url\":\"https:\/\/dutchhealthstore.com\/fr\/product\/sandalwood-traditional-essential-oil\/\",\"name\":\"Sandalwood, Traditional Essential Oil - Living Libations\",\"isPartOf\":{\"@id\":\"https:\/\/dutchhealthstore.com\/fr\/#website\"},\"primaryImageOfPage\":{\"@id\":\"https:\/\/dutchhealthstore.com\/fr\/product\/sandalwood-traditional-essential-oil\/#primaryimage\"},\"image\":{\"@id\":\"https:\/\/dutchhealthstore.com\/fr\/product\/sandalwood-traditional-essential-oil\/#primaryimage\"},\"thumbnailUrl\":\"https:\/\/dutchhealthstore.com\/wp-content\/uploads\/2024\/04\/living-libations-sandalwood-traditional.jpg\",\"datePublished\":\"2024-04-26T08:11:09+00:00\",\"dateModified\":\"2024-11-19T08:19:46+00:00\",\"description\":\"Enfin, nous sommes en mesure de fournir du bois de santal traditionnel, Santalum album, provenant de Mysore, en Inde, le lieu de naissance de son champ morphog\u00e9nique.\",\"breadcrumb\":{\"@id\":\"https:\/\/dutchhealthstore.com\/fr\/product\/sandalwood-traditional-essential-oil\/#breadcrumb\"},\"inLanguage\":\"fr-FR\",\"potentialAction\":[{\"@type\":\"ReadAction\",\"target\":[\"https:\/\/dutchhealthstore.com\/fr\/product\/sandalwood-traditional-essential-oil\/\"]}]},{\"@type\":\"ImageObject\",\"inLanguage\":\"fr-FR\",\"@id\":\"https:\/\/dutchhealthstore.com\/fr\/product\/sandalwood-traditional-essential-oil\/#primaryimage\",\"url\":\"https:\/\/dutchhealthstore.com\/wp-content\/uploads\/2024\/04\/living-libations-sandalwood-traditional.jpg\",\"contentUrl\":\"https:\/\/dutchhealthstore.com\/wp-content\/uploads\/2024\/04\/living-libations-sandalwood-traditional.jpg\",\"width\":526,\"height\":526,\"caption\":\"living-libations-sandalwood-traditional\"},{\"@type\":\"BreadcrumbList\",\"@id\":\"https:\/\/dutchhealthstore.com\/fr\/product\/sandalwood-traditional-essential-oil\/#breadcrumb\",\"itemListElement\":[{\"@type\":\"ListItem\",\"position\":1,\"name\":\"Home\",\"item\":\"https:\/\/dutchhealthstore.com\/fr\/\"},{\"@type\":\"ListItem\",\"position\":2,\"name\":\"Shop\",\"item\":\"https:\/\/dutchhealthstore.com\/fr\/shop\/\"},{\"@type\":\"ListItem\",\"position\":3,\"name\":\"Sandalwood, Traditional Essential Oil\"}]},{\"@type\":\"WebSite\",\"@id\":\"https:\/\/dutchhealthstore.com\/fr\/#website\",\"url\":\"https:\/\/dutchhealthstore.com\/fr\/\",\"name\":\"Dutch Health Store\",\"description\":\"Enhance Your Beauty with Organic &amp; Natural Skincare\",\"publisher\":{\"@id\":\"https:\/\/dutchhealthstore.com\/fr\/#organization\"},\"potentialAction\":[{\"@type\":\"SearchAction\",\"target\":{\"@type\":\"EntryPoint\",\"urlTemplate\":\"https:\/\/dutchhealthstore.com\/fr\/?s={search_term_string}\"},\"query-input\":{\"@type\":\"PropertyValueSpecification\",\"valueRequired\":true,\"valueName\":\"search_term_string\"}}],\"inLanguage\":\"fr-FR\"},{\"@type\":\"Organization\",\"@id\":\"https:\/\/dutchhealthstore.com\/fr\/#organization\",\"name\":\"Dutch Health Store\",\"url\":\"https:\/\/dutchhealthstore.com\/fr\/\",\"logo\":{\"@type\":\"ImageObject\",\"inLanguage\":\"fr-FR\",\"@id\":\"https:\/\/dutchhealthstore.com\/fr\/#\/schema\/logo\/image\/\",\"url\":\"https:\/\/dutchhealthstore.com\/wp-content\/uploads\/2020\/08\/logo-dutchhealthstore-jpg-e1599484957574.jpg\",\"contentUrl\":\"https:\/\/dutchhealthstore.com\/wp-content\/uploads\/2020\/08\/logo-dutchhealthstore-jpg-e1599484957574.jpg\",\"width\":400,\"height\":62,\"caption\":\"Dutch Health Store\"},\"image\":{\"@id\":\"https:\/\/dutchhealthstore.com\/fr\/#\/schema\/logo\/image\/\"},\"sameAs\":[\"https:\/\/www.instagram.com\/dutchhealthstore\/\",\"https:\/\/www.facebook.com\/dutchhealthstore\"]}]}<\/script>\n<meta property=\"product:brand\" content=\"Living Libations\" \/>\n<meta property=\"product:price:amount\" content=\"108.00\" \/>\n<meta property=\"product:price:currency\" content=\"EUR\" \/>\n<meta property=\"og:availability\" content=\"instock\" \/>\n<meta property=\"product:availability\" content=\"instock\" \/>\n<meta property=\"product:condition\" content=\"new\" \/>\n<!-- \/ Yoast SEO Premium plugin. -->","yoast_head_json":{"title":"Sandalwood, Traditional Essential Oil - Living Libations","description":"Enfin, nous sommes en mesure de fournir du bois de santal traditionnel, Santalum album, provenant de Mysore, en Inde, le lieu de naissance de son champ morphog\u00e9nique.","robots":{"index":"index","follow":"follow","max-snippet":"max-snippet:-1","max-image-preview":"max-image-preview:large","max-video-preview":"max-video-preview:-1"},"canonical":"https:\/\/dutchhealthstore.com\/fr\/product\/sandalwood-traditional-essential-oil\/","og_locale":"fr_FR","og_type":"article","og_title":"Sandalwood, Traditional Essential Oil - Dutch Health Store","og_description":"Enfin, nous sommes en mesure de fournir du bois de santal traditionnel, Santalum album, provenant de Mysore, en Inde, le lieu de naissance de son champ morphog\u00e9nique.","og_url":"https:\/\/dutchhealthstore.com\/fr\/product\/sandalwood-traditional-essential-oil\/","og_site_name":"Dutch Health Store","article_publisher":"https:\/\/www.instagram.com\/dutchhealthstore\/","article_modified_time":"2024-11-19T08:19:46+00:00","og_image":[{"width":526,"height":526,"url":"https:\/\/dutchhealthstore.com\/wp-content\/uploads\/2024\/04\/living-libations-sandalwood-traditional.jpg","type":"image\/jpeg"}],"twitter_card":"summary_large_image","twitter_misc":{"Prix":"&euro;108,00","Disponibilit\u00e9":"En stock"},"schema":{"@context":"https:\/\/schema.org","@graph":[{"@type":"WebPage","@id":"https:\/\/dutchhealthstore.com\/fr\/product\/sandalwood-traditional-essential-oil\/","url":"https:\/\/dutchhealthstore.com\/fr\/product\/sandalwood-traditional-essential-oil\/","name":"Sandalwood, Traditional Essential Oil - Living Libations","isPartOf":{"@id":"https:\/\/dutchhealthstore.com\/fr\/#website"},"primaryImageOfPage":{"@id":"https:\/\/dutchhealthstore.com\/fr\/product\/sandalwood-traditional-essential-oil\/#primaryimage"},"image":{"@id":"https:\/\/dutchhealthstore.com\/fr\/product\/sandalwood-traditional-essential-oil\/#primaryimage"},"thumbnailUrl":"https:\/\/dutchhealthstore.com\/wp-content\/uploads\/2024\/04\/living-libations-sandalwood-traditional.jpg","datePublished":"2024-04-26T08:11:09+00:00","dateModified":"2024-11-19T08:19:46+00:00","description":"Enfin, nous sommes en mesure de fournir du bois de santal traditionnel, Santalum album, provenant de Mysore, en Inde, le lieu de naissance de son champ morphog\u00e9nique.","breadcrumb":{"@id":"https:\/\/dutchhealthstore.com\/fr\/product\/sandalwood-traditional-essential-oil\/#breadcrumb"},"inLanguage":"fr-FR","potentialAction":[{"@type":"ReadAction","target":["https:\/\/dutchhealthstore.com\/fr\/product\/sandalwood-traditional-essential-oil\/"]}]},{"@type":"ImageObject","inLanguage":"fr-FR","@id":"https:\/\/dutchhealthstore.com\/fr\/product\/sandalwood-traditional-essential-oil\/#primaryimage","url":"https:\/\/dutchhealthstore.com\/wp-content\/uploads\/2024\/04\/living-libations-sandalwood-traditional.jpg","contentUrl":"https:\/\/dutchhealthstore.com\/wp-content\/uploads\/2024\/04\/living-libations-sandalwood-traditional.jpg","width":526,"height":526,"caption":"living-libations-sandalwood-traditional"},{"@type":"BreadcrumbList","@id":"https:\/\/dutchhealthstore.com\/fr\/product\/sandalwood-traditional-essential-oil\/#breadcrumb","itemListElement":[{"@type":"ListItem","position":1,"name":"Home","item":"https:\/\/dutchhealthstore.com\/fr\/"},{"@type":"ListItem","position":2,"name":"Shop","item":"https:\/\/dutchhealthstore.com\/fr\/shop\/"},{"@type":"ListItem","position":3,"name":"Sandalwood, Traditional Essential Oil"}]},{"@type":"WebSite","@id":"https:\/\/dutchhealthstore.com\/fr\/#website","url":"https:\/\/dutchhealthstore.com\/fr\/","name":"Dutch Health Store","description":"Enhance Your Beauty with Organic &amp; Natural Skincare","publisher":{"@id":"https:\/\/dutchhealthstore.com\/fr\/#organization"},"potentialAction":[{"@type":"SearchAction","target":{"@type":"EntryPoint","urlTemplate":"https:\/\/dutchhealthstore.com\/fr\/?s={search_term_string}"},"query-input":{"@type":"PropertyValueSpecification","valueRequired":true,"valueName":"search_term_string"}}],"inLanguage":"fr-FR"},{"@type":"Organization","@id":"https:\/\/dutchhealthstore.com\/fr\/#organization","name":"Dutch Health Store","url":"https:\/\/dutchhealthstore.com\/fr\/","logo":{"@type":"ImageObject","inLanguage":"fr-FR","@id":"https:\/\/dutchhealthstore.com\/fr\/#\/schema\/logo\/image\/","url":"https:\/\/dutchhealthstore.com\/wp-content\/uploads\/2020\/08\/logo-dutchhealthstore-jpg-e1599484957574.jpg","contentUrl":"https:\/\/dutchhealthstore.com\/wp-content\/uploads\/2020\/08\/logo-dutchhealthstore-jpg-e1599484957574.jpg","width":400,"height":62,"caption":"Dutch Health Store"},"image":{"@id":"https:\/\/dutchhealthstore.com\/fr\/#\/schema\/logo\/image\/"},"sameAs":["https:\/\/www.instagram.com\/dutchhealthstore\/","https:\/\/www.facebook.com\/dutchhealthstore"]}]},"product_brand":"Living Libations","product_price_amount":"108.00","product_price_currency":"EUR","og_availability":"instock","product_availability":"instock","product_condition":"new"},"_links":{"self":[{"href":"https:\/\/dutchhealthstore.com\/fr\/wp-json\/wp\/v2\/product\/283884","targetHints":{"allow":["GET"]}}],"collection":[{"href":"https:\/\/dutchhealthstore.com\/fr\/wp-json\/wp\/v2\/product"}],"about":[{"href":"https:\/\/dutchhealthstore.com\/fr\/wp-json\/wp\/v2\/types\/product"}],"replies":[{"embeddable":true,"href":"https:\/\/dutchhealthstore.com\/fr\/wp-json\/wp\/v2\/comments?post=283884"}],"wp:featuredmedia":[{"embeddable":true,"href":"https:\/\/dutchhealthstore.com\/fr\/wp-json\/wp\/v2\/media\/282048"}],"wp:attachment":[{"href":"https:\/\/dutchhealthstore.com\/fr\/wp-json\/wp\/v2\/media?parent=283884"}],"wp:term":[{"taxonomy":"product_brand","embeddable":true,"href":"https:\/\/dutchhealthstore.com\/fr\/wp-json\/wp\/v2\/product_brand?post=283884"},{"taxonomy":"product_cat","embeddable":true,"href":"https:\/\/dutchhealthstore.com\/fr\/wp-json\/wp\/v2\/product_cat?post=283884"},{"taxonomy":"product_tag","embeddable":true,"href":"https:\/\/dutchhealthstore.com\/fr\/wp-json\/wp\/v2\/product_tag?post=283884"}],"curies":[{"name":"wp","href":"https:\/\/api.w.org\/{rel}","templated":true}]}}