{"id":266878,"date":"2023-12-05T10:19:17","date_gmt":"2023-12-05T12:18:35","guid":{"rendered":"https:\/\/dutchhealthstore.com\/product\/eau-de-ki-lelixir-de-beaute\/"},"modified":"2025-10-24T20:43:13","modified_gmt":"2025-10-24T18:43:13","slug":"eau-de-ki-lelixir-de-beaute","status":"publish","type":"product","link":"https:\/\/dutchhealthstore.com\/fr\/product\/eau-de-ki-lelixir-de-beaute\/","title":{"rendered":"Eau de Ki &#8211; The elixir of beauty"},"content":{"rendered":"<p><strong>Tout au long de l&rsquo;histoire, la beaut\u00e9 \u00e9ternelle a \u00e9t\u00e9 une aspiration permanente. Chaque femme souhaite conserver un teint parfait tout au long de sa vie, en recherchant continuellement les derni\u00e8res merveilles de l&rsquo;industrie de la beaut\u00e9.<\/strong><\/p>\n<p><strong>La famille Sankodo du Japon adh\u00e8re \u00e0 cette qu\u00eate, c&rsquo;est pourquoi elle a pr\u00e9serv\u00e9 et continuellement affin\u00e9 l&rsquo;\u00e9lixir ancestral, l&rsquo;Eau de Ki. Cet \u00e9lixir fait appel aux capacit\u00e9s naturelles de r\u00e9paration de notre peau, renfor\u00e7ant ainsi sa force inn\u00e9e. Dans la tradition japonaise, le \u00ab\u00a0Ki\u00a0\u00bb repr\u00e9sente la force vitale et constitue le fondement de toute cr\u00e9ation. L&rsquo;Eau de Ki renferme deux \u00e9l\u00e9ments essentiels \u00e0 la vie : l&rsquo;\u00e9nergie vitale et l&rsquo;eau.<\/strong><\/p>\n<p>Cette philosophie se refl\u00e8te dans l&rsquo;\u00e9thique de la marque, qui consid\u00e8re la beaut\u00e9 comme une manifestation de la paix int\u00e9rieure et de l&rsquo;\u00e9quilibre. Notre peau, sensible et r\u00e9active, refl\u00e8te nos \u00e9motions et nos pens\u00e9es. Tout trouble ou d\u00e9s\u00e9quilibre interne se manifeste rapidement sur notre peau.<\/p>\n<p>Si la jeunesse s&rsquo;estompe avec le temps, sous l&rsquo;influence de facteurs tels que l&rsquo;oxydation cellulaire due \u00e0 un manque d&rsquo;oxyg\u00e8ne, la perte d&rsquo;hydratation due \u00e0 la r\u00e9duction de la teneur en eau des cellules, le ralentissement du renouvellement cellulaire et les dommages caus\u00e9s par les UV, des soins appropri\u00e9s peuvent att\u00e9nuer ces signes de vieillissement. C&rsquo;est l\u00e0 que les prouesses de l&rsquo;Eau de Ki se r\u00e9v\u00e8lent, offrant \u00e0 la fois d\u00e9toxification, nettoyage, hydratation et rajeunissement. Adoptant une approche minimaliste et multifonctionnelle, sa formule unique associe huit ingr\u00e9dients m\u00e9dicinaux japonais (dont le jujube, le ginseng et le reishi) et quatre plantes occidentales (telles que la rose et le romarin). Ces ingr\u00e9dients sont habilement m\u00e9lang\u00e9s sur la base d&rsquo;un savoir traditionnel approfondi et de recherches approfondies en laboratoire, puis m\u00fbris en f\u00fbts pendant six mois dans le cadre d&rsquo;un processus r\u00e9fl\u00e9chi et rituel.<\/p>\n<p>Cet \u00e9lixir l\u00e9gendaire, issu du c\u00e9l\u00e8bre secret de beaut\u00e9 de 1926 \u00ab\u00a0Eau d&rsquo;Opale M\u00e9dicinale\u00a0\u00bb, a \u00e9t\u00e9 ch\u00e9ri et jug\u00e9 indispensable par des milliers de femmes japonaises. L&rsquo;Eau de Ki renforce les capacit\u00e9s naturelles de r\u00e9g\u00e9n\u00e9ration de la peau, en fortifiant et en maintenant sa vitalit\u00e9 et son \u00e9clat de jeunesse. L&rsquo;application est simple : utilisez-le matin et soir sur une peau nettoy\u00e9e, ou pour les peaux sensibles, m\u00e9langez quelques gouttes \u00e0 de l&rsquo;eau. De douces caresses sur le corps impr\u00e8gnent la peau de cette exquise essence de vie.<\/p>\n<p>Les \u00e9tudes cliniques confirment son efficacit\u00e9 : 81% des femmes \u00e2g\u00e9es de 48 \u00e0 65 ans ont constat\u00e9 une r\u00e9duction significative de la profondeur, du nombre et de la visibilit\u00e9 des rides, ainsi qu&rsquo;une augmentation notable de la douceur et de l&rsquo;hydratation de la peau (46% d&rsquo;hydratation en plus 30 minutes apr\u00e8s l&rsquo;application, 45% maintenue apr\u00e8s 4 heures).<\/p>\n<p><strong>L&rsquo;Eau de Ki est un mythe \u00e0 l&rsquo;impact profond !  <\/strong><\/p>\n<hr>\n<h3><strong>Taille : 130 ml et 7 ml <\/strong><\/h3>\n<hr>\n<h3><strong>Comment utiliser <\/strong><\/h3>\n<p>L&rsquo;Eau de Ki, inspir\u00e9e de recettes m\u00e9dicinales ancestrales, fait partie int\u00e9grante des rituels de beaut\u00e9 japonais. Elle met l&rsquo;accent sur chaque \u00e9tape et chaque mouvement pour d\u00e9voiler un teint \u00e0 la fois nettoy\u00e9 en profondeur et lumineux.<\/p>\n<p><strong>Pour un usage quotidien, l&rsquo;<\/strong> Eau de Ki doit \u00eatre appliqu\u00e9e matin et soir sur une peau fra\u00eechement nettoy\u00e9e.<\/p>\n<p><strong>Pour les peaux normales :<\/strong> Tamponnez l\u00e9g\u00e8rement votre visage avec un coton imbib\u00e9 d&rsquo;Eau de Ki. Laissez l&rsquo;\u00e9lixir p\u00e9n\u00e9trer naturellement dans votre peau, sans le rincer.<\/p>\n<p><strong>Pour les peaux sensibles<\/strong>: Il est conseill\u00e9 de m\u00e9langer deux gouttes d&rsquo;Eau de Ki \u00e0 un coton imbib\u00e9 d&rsquo;eau, puis de le passer l\u00e9g\u00e8rement sur la peau pour un toucher doux.<\/p>\n<p><strong>Pour les peaux tr\u00e8s sensibles :<\/strong> Nous vous conseillons d&rsquo;humidifier d&rsquo;abord votre visage, puis d&rsquo;appliquer une goutte d&rsquo;Eau de Ki sur la paume de vos mains humides. Tapotez doucement votre visage avec ce m\u00e9lange.<\/p>\n<p><strong>Rituel de soin du corps :<\/strong> Pour l&rsquo;application sur le corps, passez d\u00e9licatement un coton imbib\u00e9 d&rsquo;Eau de Ki sur votre corps, en insistant sur les zones sujettes aux signes de l&rsquo;\u00e2ge, comme le d\u00e9collet\u00e9, le cou, les zones du dos touch\u00e9es par l&rsquo;acn\u00e9, ou les zones rugueuses telles que les coudes et les talons.<\/p>\n<p>L&rsquo;Eau de Ki peut \u00e9galement \u00eatre appliqu\u00e9e en versant quelques gouttes dans la paume de vos mains humides, puis en tapotant doucement sur votre visage et votre corps.<\/p>\n<hr>\n<h3><strong>Ingr\u00e9dients naturels \/ biologiques <\/strong><\/h3>\n<p>L&rsquo;Eau de Ki contient 8 plantes m\u00e9dicinales asiatiques (jujube, ginseng, parasol, reishi, racine de muguet, rhizome de cnidium, pivoine chinoise, \u00e9corce de mandarine) et 4 plantes aromatiques occidentales (eau de rose, romarin, bouleau blanc et tilleul).<\/p>\n<p>L&rsquo;alcool de l&rsquo;Eau de Ki est issu de la fermentation des 12 plantes.<br \/>\nD&rsquo;origine v\u00e9g\u00e9tale, la glyc\u00e9rine est utilis\u00e9e pour ses propri\u00e9t\u00e9s hydratantes et \u00e9mollientes, mais aussi pour sa capacit\u00e9 \u00e0 cr\u00e9er une barri\u00e8re sur l&rsquo;\u00e9piderme, prot\u00e9geant la peau des agressions ext\u00e9rieures telles que le vent et la pollution.<br \/>\nLe Glycyrrhizate dipotassique est extrait de la racine de r\u00e9glisse. Il poss\u00e8de des propri\u00e9t\u00e9s anti-inflammatoires, apaise les irritations, favorise la cicatrisation et pi\u00e8ge les radicaux libres (antiradicalaire).<\/p>\n<p>AQUA \/ WATER, ALCOHOL, GLYCERIN, CARAMEL, PARFUM \/ FRAGRANCE, DIPOTASSIUM GLYCYRRHIZATE, GERANIOL, CITRONELLOL, LIMONENE, ROSA CENTIFOLIA FLOWER WATER, EUGENOL, , POLYPORUS UMBELLATUS EXTRACT \/ POLYPORUS UMBELLATUS (MUSHROOM) EXTRACT, ZIZYPHUS JUJUBA FRUIT EXTRACT, PAEONIA ALBIF LORA ROOT EXTRACT, BETULA PLATYPHYLLA JAPONICA BARK EXTRACT (BOULEAU BLANC), CITRUS RETICULATA PEEL EXTRACT \/ CITRUS RETICULATA (TANGERINE) PEEL EXTRACT, PANAX GINSENG ROOT EXTRACT, CNIDIUM OFFICINALE ROOT EXTRACT, OPHIOPOGON JAPONICUS ROOT EXTRACT (muguet), GANODERMA LUCIDUM EXTRACT \/ GANODERMA LUCIDUM (reishi MUSHROOM) EXTRACT, TILIA CORDATA FLOWER EXTRACT (tilleul), ROSMARINUS OFFICINALIS LEAF EXTRACT \/ ROSMARINUS OFFICINALIS (ROSEMARY) LEAF EXTRACT, METHYLPARABEN<\/p>\n\n\t<section class=\"section\" id=\"section_384810198\">\n\t\t<div class=\"section-bg fill\" >\n\t\t\t\t\t\t\t\t\t\n\t\t\t\n\t<div class=\"is-border\"\n\t\tstyle=\"border-color:rgb(214, 0, 0);border-width:5px 0px 0px 0px;\">\n\t<\/div>\n\n\t\t<\/div>\n\n\t\t\n\n\t\t<div class=\"section-content relative\">\n\t\t\t\r\n<div class=\"flex flex-grow flex-col max-w-full\">\r\n<div class=\"min-h-[20px] text-message flex flex-col items-start gap-3 whitespace-pre-wrap break-words [.text-message+&amp;]:mt-5 overflow-x-auto\" data-message-author-role=\"assistant\" data-message-id=\"7cfbd851-0e1c-4775-ab22-35cef8f43ce6\">\r\n<div class=\"markdown prose w-full break-words dark:prose-invert light\">\r\n<h3><strong>D\u00e9couvrez l'art du Sankodo<\/strong>: La convergence de la beaut\u00e9 et de la tradition<\/h3>\r\n\r\n<hr \/>\r\n\r\n<h4><strong><img decoding=\"async\" class=\"alignright wp-image-266696\" src=\"https:\/\/dutchhealthstore.com\/wp-content\/uploads\/2023\/12\/1555578025.png\" alt=\"\" width=\"120\" height=\"187\" srcset=\"https:\/\/dutchhealthstore.com\/wp-content\/uploads\/2023\/12\/1555578025.png 196w, https:\/\/dutchhealthstore.com\/wp-content\/uploads\/2023\/12\/1555578025-64x100.png 64w\" sizes=\"(max-width: 120px) 100vw, 120px\" \/>Sankodo: Un voyage \u00e0 travers le temps et la nature<\/strong><\/h4>\r\nPlongez dans l'h\u00e9ritage de Sankodo, une marque qui est l'embl\u00e8me de l'excellence japonaise en mati\u00e8re de soins de la peau depuis sa cr\u00e9ation en 1926. Notre philosophie est ancr\u00e9e dans un profond respect de la nature et un d\u00e9vouement \u00e0 l'art des soins de la peau. Chaque produit que nous cr\u00e9ons n'est pas un simple article cosm\u00e9tique ; c'est un pont entre les riches traditions du pass\u00e9 et les besoins dynamiques des soins de la peau d'aujourd'hui.\r\n<h4><strong>Eau de Ki: Une symphonie d'harmonie naturelle<\/strong><\/h4>\r\nL'Eau de Ki, notre joyau, est plus qu'un simple produit de soin ; c'est une c\u00e9l\u00e9bration de la beaut\u00e9 et de l'harmonie naturelles. Elle est le fruit d'une profonde compr\u00e9hension de la relation symbiotique entre la peau et la nature. Cette formule unique, infus\u00e9e de plantes asiatiques traditionnelles et d'essences aromatiques occidentales, est un hommage \u00e0 l'\u00e9quilibre et \u00e0 la beaut\u00e9 de la nature. Il ne s'agit pas seulement d'un produit, mais d'une exp\u00e9rience sensorielle qui apporte l'essence de la nature \u00e0 votre routine de soins.\r\n<h4><strong>Pourquoi l'Eau de Ki se distingue-t-elle ?<\/strong><\/h4>\r\n<ul>\r\n \t<li><strong>Un m\u00e9lange de cultures:<\/strong> L'Eau de Ki incarne la fusion parfaite entre la sagesse orientale et l'innovation occidentale, offrant une exp\u00e9rience de soin unique.<\/li>\r\n \t<li><strong>Un h\u00e9ritage de qualit\u00e9:<\/strong> Avec des d\u00e9cennies d'expertise, l'engagement de Sankodo pour la qualit\u00e9 est \u00e9vident dans chaque goutte de l'Eau de Ki.<\/li>\r\n \t<li><strong>Natural Efficacy:<\/strong> Nous croyons au pouvoir des ingr\u00e9dients naturels pour rajeunir et rafra\u00eechir votre peau, faisant de l'Eau de Ki un testament de l'efficacit\u00e9 des soins de la peau infus\u00e9s par la nature.<\/li>\r\n \t<li><strong>Efficacit\u00e9 naturelle:<\/strong> Sankodo se consacre \u00e0 des pratiques respectueuses de l'environnement, garantissant que nos produits ne prennent pas seulement soin de votre peau, mais aussi de notre plan\u00e8te.<\/li>\r\n<\/ul>\r\n<\/div>\r\n<\/div>\r\n<\/div>\r\n\t\t<\/div>\n\n\t\t\n<style>\n#section_384810198 {\n  padding-top: 30px;\n  padding-bottom: 30px;\n}\n<\/style>\n\t<\/section>\n\t\n","protected":false},"excerpt":{"rendered":"<p>Des d\u00e9cennies de tradition rencontrent la phytoscience moderne &#8211; pour une eau pr\u00e9cieuse aux propri\u00e9t\u00e9s curatives exceptionnelles. L&rsquo;Eau de Ki associe huit plantes m\u00e9dicinales asiatiques et quatre plantes aromatiques occidentales, offrant ainsi une solution de soin rajeunissante et hydratante. Cet ancien \u00e9lixir japonais \u00e0 base de fermentation favorise l&rsquo;\u00e9clat et la jeunesse de la peau, incarnant un m\u00e9lange de philosophies de beaut\u00e9 traditionnelles et modernes. Le d\u00e9vouement de Sankodo aux ingr\u00e9dients naturels et \u00e0 la durabilit\u00e9 fait de l&rsquo;Eau de Ki un symbole de beaut\u00e9 \u00e9thique et intemporelle.<\/p>\n","protected":false},"featured_media":266739,"comment_status":"open","ping_status":"closed","template":"","meta":[],"product_brand":[],"product_cat":[18830,5654,1209,1030,5107,5117,5721,5673,5711,5656,5118,5627,5710,5121,5709,5119,5655,5712,5657,5120,1229,5716,4240,5713,5714,5715,1010,14733,5674,5675,5122,5672,4494],"product_tag":[4392,6314,21358],"class_list":{"0":"post-266878","1":"product","2":"type-product","3":"status-publish","4":"has-post-thumbnail","6":"product_cat-eau-de-ki-fr","7":"product_cat-moisturizers-fr-fr","8":"product_cat-par-marques","9":"product_cat-par-produits","10":"product_cat-by-skin-type-fr-4","11":"product_cat-oily-skin-clogged-pores-fr-4","12":"product_cat-oily-skin-clogged-pores","13":"product_cat-oily-skin-clogged-pores-fr","14":"product_cat-oily-skin-clogged-pores-fr-5","15":"product_cat-normal-or-combination-skin-fr","16":"product_cat-normal-or-combination-skin-fr-5","17":"product_cat-normal-or-combination-skin-fr-2","18":"product_cat-normal-or-combination-skin-fr-4","19":"product_cat-dry-mature-ageing-skin-fr-2","20":"product_cat-dry-mature-ageing-skin-fr-4","21":"product_cat-dry-mature-ageing-skin-fr-5","22":"product_cat-dry-mature-ageing-skin-fr","23":"product_cat-sensitive-skin-redness-fr-3","24":"product_cat-sensitive-skin-redness","25":"product_cat-sensitive-skin-redness-fr-4","26":"product_cat-sensitive-skin-redness-fr","27":"product_cat-serums-fr-5","28":"product_cat-serums-fr-2","29":"product_cat-serums-fr","30":"product_cat-serums-fr-3","31":"product_cat-serums-fr-4","32":"product_cat-notre-boutique","33":"product_cat-soins-de-la-peau","34":"product_cat-toners-fr-6","35":"product_cat-toners-fr-2","36":"product_cat-toners-fr-4","37":"product_cat-toners-fr-5","38":"product_cat-toners-fr-3","39":"product_tag-elixir-fr","40":"product_tag-glow-fr","41":"product_tag-soins-du-visage","42":"pa_brand-eau-de-ki-fr","43":"pa_gtin-4966615014015-fr","44":"pa_size-130-ml-fr","45":"pa_size-7-ml-fr","46":"pa_skincare-type-face-oil-and-serums-fr","47":"pa_skincare-type-moisturizers-fr","49":"first","50":"outofstock","51":"taxable","52":"shipping-taxable","53":"purchasable","54":"product-type-variable"},"bundled_by":[],"bundle_stock_status":"outofstock","bundle_stock_quantity":null,"bundle_virtual":false,"bundle_layout":"","bundle_add_to_cart_form_location":"","bundle_editable_in_cart":false,"bundle_sold_individually_context":"","bundle_item_grouping":"","bundle_min_size":"","bundle_max_size":"","bundle_price":[],"bundled_items":[],"bundle_sell_ids":[267224],"atum_controlled":true,"out_stock_date":null,"out_stock_threshold":null,"inheritable":true,"stock_on_hold":0,"sold_today":0,"sales_last_days":0,"out_stock_days":0,"lost_sales":0,"update_date":"2026-04-14T00:04:13","atum_locations":[],"atum_stock_status":"outofstock","restock_status":false,"low_stock_amount":"","sales_update_date":"2026-04-14T00:04:13","calc_backorders":null,"group_of_quantity":0,"min_quantity":0,"max_quantity":"","exclude_order_quantity_value_rules":"no","exclude_category_quantity_rules":"no","combine_variations":"no","yoast_head":"<!-- This site is optimized with the Yoast SEO Premium plugin v26.5 (Yoast SEO v26.5) - https:\/\/yoast.com\/wordpress\/plugins\/seo\/ -->\n<title>Eau de Ki - The elixir of beauty<\/title>\n<meta name=\"description\" content=\"Des d\u00e9cennies de tradition rencontrent la phytoscience moderne - pour une eau pr\u00e9cieuse aux propri\u00e9t\u00e9s curatives exceptionnelles\" \/>\n<meta name=\"robots\" content=\"index, follow, max-snippet:-1, max-image-preview:large, max-video-preview:-1\" \/>\n<link rel=\"canonical\" href=\"https:\/\/dutchhealthstore.com\/fr\/product\/eau-de-ki-lelixir-de-beaute\/\" \/>\n<meta property=\"og:locale\" content=\"fr_FR\" \/>\n<meta property=\"og:type\" content=\"article\" \/>\n<meta property=\"og:title\" content=\"Eau de Ki - The elixir of beauty - Dutch Health Store\" \/>\n<meta property=\"og:description\" content=\"Des d\u00e9cennies de tradition rencontrent la phytoscience moderne - pour une eau pr\u00e9cieuse aux propri\u00e9t\u00e9s curatives exceptionnelles\" \/>\n<meta property=\"og:url\" content=\"https:\/\/dutchhealthstore.com\/fr\/product\/eau-de-ki-lelixir-de-beaute\/\" \/>\n<meta property=\"og:site_name\" content=\"Dutch Health Store\" \/>\n<meta property=\"article:publisher\" content=\"https:\/\/www.instagram.com\/dutchhealthstore\/\" \/>\n<meta property=\"article:modified_time\" content=\"2025-10-24T18:43:13+00:00\" \/>\n<meta property=\"og:image\" content=\"https:\/\/dutchhealthstore.com\/wp-content\/uploads\/2023\/12\/eaudeki.jpg\" \/>\n\t<meta property=\"og:image:width\" content=\"510\" \/>\n\t<meta property=\"og:image:height\" content=\"510\" \/>\n\t<meta property=\"og:image:type\" content=\"image\/jpeg\" \/>\n<meta name=\"twitter:card\" content=\"summary_large_image\" \/>\n<meta name=\"twitter:label1\" content=\"Disponibilit\u00e9\" \/>\n\t<meta name=\"twitter:data1\" content=\"Rupture de stock\" \/>\n<script type=\"application\/ld+json\" class=\"yoast-schema-graph\">{\"@context\":\"https:\/\/schema.org\",\"@graph\":[{\"@type\":\"WebPage\",\"@id\":\"https:\/\/dutchhealthstore.com\/fr\/product\/eau-de-ki-lelixir-de-beaute\/\",\"url\":\"https:\/\/dutchhealthstore.com\/fr\/product\/eau-de-ki-lelixir-de-beaute\/\",\"name\":\"Eau de Ki - The elixir of beauty\",\"isPartOf\":{\"@id\":\"https:\/\/dutchhealthstore.com\/fr\/#website\"},\"primaryImageOfPage\":{\"@id\":\"https:\/\/dutchhealthstore.com\/fr\/product\/eau-de-ki-lelixir-de-beaute\/#primaryimage\"},\"image\":{\"@id\":\"https:\/\/dutchhealthstore.com\/fr\/product\/eau-de-ki-lelixir-de-beaute\/#primaryimage\"},\"thumbnailUrl\":\"https:\/\/dutchhealthstore.com\/wp-content\/uploads\/2023\/12\/eaudeki.jpg\",\"datePublished\":\"2023-12-05T12:18:35+00:00\",\"dateModified\":\"2025-10-24T18:43:13+00:00\",\"description\":\"Des d\u00e9cennies de tradition rencontrent la phytoscience moderne - pour une eau pr\u00e9cieuse aux propri\u00e9t\u00e9s curatives exceptionnelles\",\"breadcrumb\":{\"@id\":\"https:\/\/dutchhealthstore.com\/fr\/product\/eau-de-ki-lelixir-de-beaute\/#breadcrumb\"},\"inLanguage\":\"fr-FR\",\"potentialAction\":[{\"@type\":\"ReadAction\",\"target\":[\"https:\/\/dutchhealthstore.com\/fr\/product\/eau-de-ki-lelixir-de-beaute\/\"]}]},{\"@type\":\"ImageObject\",\"inLanguage\":\"fr-FR\",\"@id\":\"https:\/\/dutchhealthstore.com\/fr\/product\/eau-de-ki-lelixir-de-beaute\/#primaryimage\",\"url\":\"https:\/\/dutchhealthstore.com\/wp-content\/uploads\/2023\/12\/eaudeki.jpg\",\"contentUrl\":\"https:\/\/dutchhealthstore.com\/wp-content\/uploads\/2023\/12\/eaudeki.jpg\",\"width\":510,\"height\":510,\"caption\":\"eaudeki\"},{\"@type\":\"BreadcrumbList\",\"@id\":\"https:\/\/dutchhealthstore.com\/fr\/product\/eau-de-ki-lelixir-de-beaute\/#breadcrumb\",\"itemListElement\":[{\"@type\":\"ListItem\",\"position\":1,\"name\":\"Home\",\"item\":\"https:\/\/dutchhealthstore.com\/fr\/\"},{\"@type\":\"ListItem\",\"position\":2,\"name\":\"Shop\",\"item\":\"https:\/\/dutchhealthstore.com\/fr\/shop\/\"},{\"@type\":\"ListItem\",\"position\":3,\"name\":\"Eau de Ki &#8211; The elixir of beauty\"}]},{\"@type\":\"WebSite\",\"@id\":\"https:\/\/dutchhealthstore.com\/fr\/#website\",\"url\":\"https:\/\/dutchhealthstore.com\/fr\/\",\"name\":\"Dutch Health Store\",\"description\":\"Enhance Your Beauty with Organic &amp; Natural Skincare\",\"publisher\":{\"@id\":\"https:\/\/dutchhealthstore.com\/fr\/#organization\"},\"potentialAction\":[{\"@type\":\"SearchAction\",\"target\":{\"@type\":\"EntryPoint\",\"urlTemplate\":\"https:\/\/dutchhealthstore.com\/fr\/?s={search_term_string}\"},\"query-input\":{\"@type\":\"PropertyValueSpecification\",\"valueRequired\":true,\"valueName\":\"search_term_string\"}}],\"inLanguage\":\"fr-FR\"},{\"@type\":\"Organization\",\"@id\":\"https:\/\/dutchhealthstore.com\/fr\/#organization\",\"name\":\"Dutch Health Store\",\"url\":\"https:\/\/dutchhealthstore.com\/fr\/\",\"logo\":{\"@type\":\"ImageObject\",\"inLanguage\":\"fr-FR\",\"@id\":\"https:\/\/dutchhealthstore.com\/fr\/#\/schema\/logo\/image\/\",\"url\":\"https:\/\/dutchhealthstore.com\/wp-content\/uploads\/2020\/08\/logo-dutchhealthstore-jpg-e1599484957574.jpg\",\"contentUrl\":\"https:\/\/dutchhealthstore.com\/wp-content\/uploads\/2020\/08\/logo-dutchhealthstore-jpg-e1599484957574.jpg\",\"width\":400,\"height\":62,\"caption\":\"Dutch Health Store\"},\"image\":{\"@id\":\"https:\/\/dutchhealthstore.com\/fr\/#\/schema\/logo\/image\/\"},\"sameAs\":[\"https:\/\/www.instagram.com\/dutchhealthstore\/\",\"https:\/\/www.facebook.com\/dutchhealthstore\"]}]}<\/script>\n<meta property=\"product:brand\" content=\"Eau de Ki\" \/>\n<meta property=\"og:availability\" content=\"out of stock\" \/>\n<meta property=\"product:availability\" content=\"out of stock\" \/>\n<meta property=\"product:condition\" content=\"new\" \/>\n<!-- \/ Yoast SEO Premium plugin. -->","yoast_head_json":{"title":"Eau de Ki - The elixir of beauty","description":"Des d\u00e9cennies de tradition rencontrent la phytoscience moderne - pour une eau pr\u00e9cieuse aux propri\u00e9t\u00e9s curatives exceptionnelles","robots":{"index":"index","follow":"follow","max-snippet":"max-snippet:-1","max-image-preview":"max-image-preview:large","max-video-preview":"max-video-preview:-1"},"canonical":"https:\/\/dutchhealthstore.com\/fr\/product\/eau-de-ki-lelixir-de-beaute\/","og_locale":"fr_FR","og_type":"article","og_title":"Eau de Ki - The elixir of beauty - Dutch Health Store","og_description":"Des d\u00e9cennies de tradition rencontrent la phytoscience moderne - pour une eau pr\u00e9cieuse aux propri\u00e9t\u00e9s curatives exceptionnelles","og_url":"https:\/\/dutchhealthstore.com\/fr\/product\/eau-de-ki-lelixir-de-beaute\/","og_site_name":"Dutch Health Store","article_publisher":"https:\/\/www.instagram.com\/dutchhealthstore\/","article_modified_time":"2025-10-24T18:43:13+00:00","og_image":[{"width":510,"height":510,"url":"https:\/\/dutchhealthstore.com\/wp-content\/uploads\/2023\/12\/eaudeki.jpg","type":"image\/jpeg"}],"twitter_card":"summary_large_image","twitter_misc":{"Disponibilit\u00e9":"Rupture de stock"},"schema":{"@context":"https:\/\/schema.org","@graph":[{"@type":"WebPage","@id":"https:\/\/dutchhealthstore.com\/fr\/product\/eau-de-ki-lelixir-de-beaute\/","url":"https:\/\/dutchhealthstore.com\/fr\/product\/eau-de-ki-lelixir-de-beaute\/","name":"Eau de Ki - The elixir of beauty","isPartOf":{"@id":"https:\/\/dutchhealthstore.com\/fr\/#website"},"primaryImageOfPage":{"@id":"https:\/\/dutchhealthstore.com\/fr\/product\/eau-de-ki-lelixir-de-beaute\/#primaryimage"},"image":{"@id":"https:\/\/dutchhealthstore.com\/fr\/product\/eau-de-ki-lelixir-de-beaute\/#primaryimage"},"thumbnailUrl":"https:\/\/dutchhealthstore.com\/wp-content\/uploads\/2023\/12\/eaudeki.jpg","datePublished":"2023-12-05T12:18:35+00:00","dateModified":"2025-10-24T18:43:13+00:00","description":"Des d\u00e9cennies de tradition rencontrent la phytoscience moderne - pour une eau pr\u00e9cieuse aux propri\u00e9t\u00e9s curatives exceptionnelles","breadcrumb":{"@id":"https:\/\/dutchhealthstore.com\/fr\/product\/eau-de-ki-lelixir-de-beaute\/#breadcrumb"},"inLanguage":"fr-FR","potentialAction":[{"@type":"ReadAction","target":["https:\/\/dutchhealthstore.com\/fr\/product\/eau-de-ki-lelixir-de-beaute\/"]}]},{"@type":"ImageObject","inLanguage":"fr-FR","@id":"https:\/\/dutchhealthstore.com\/fr\/product\/eau-de-ki-lelixir-de-beaute\/#primaryimage","url":"https:\/\/dutchhealthstore.com\/wp-content\/uploads\/2023\/12\/eaudeki.jpg","contentUrl":"https:\/\/dutchhealthstore.com\/wp-content\/uploads\/2023\/12\/eaudeki.jpg","width":510,"height":510,"caption":"eaudeki"},{"@type":"BreadcrumbList","@id":"https:\/\/dutchhealthstore.com\/fr\/product\/eau-de-ki-lelixir-de-beaute\/#breadcrumb","itemListElement":[{"@type":"ListItem","position":1,"name":"Home","item":"https:\/\/dutchhealthstore.com\/fr\/"},{"@type":"ListItem","position":2,"name":"Shop","item":"https:\/\/dutchhealthstore.com\/fr\/shop\/"},{"@type":"ListItem","position":3,"name":"Eau de Ki &#8211; The elixir of beauty"}]},{"@type":"WebSite","@id":"https:\/\/dutchhealthstore.com\/fr\/#website","url":"https:\/\/dutchhealthstore.com\/fr\/","name":"Dutch Health Store","description":"Enhance Your Beauty with Organic &amp; Natural Skincare","publisher":{"@id":"https:\/\/dutchhealthstore.com\/fr\/#organization"},"potentialAction":[{"@type":"SearchAction","target":{"@type":"EntryPoint","urlTemplate":"https:\/\/dutchhealthstore.com\/fr\/?s={search_term_string}"},"query-input":{"@type":"PropertyValueSpecification","valueRequired":true,"valueName":"search_term_string"}}],"inLanguage":"fr-FR"},{"@type":"Organization","@id":"https:\/\/dutchhealthstore.com\/fr\/#organization","name":"Dutch Health Store","url":"https:\/\/dutchhealthstore.com\/fr\/","logo":{"@type":"ImageObject","inLanguage":"fr-FR","@id":"https:\/\/dutchhealthstore.com\/fr\/#\/schema\/logo\/image\/","url":"https:\/\/dutchhealthstore.com\/wp-content\/uploads\/2020\/08\/logo-dutchhealthstore-jpg-e1599484957574.jpg","contentUrl":"https:\/\/dutchhealthstore.com\/wp-content\/uploads\/2020\/08\/logo-dutchhealthstore-jpg-e1599484957574.jpg","width":400,"height":62,"caption":"Dutch Health Store"},"image":{"@id":"https:\/\/dutchhealthstore.com\/fr\/#\/schema\/logo\/image\/"},"sameAs":["https:\/\/www.instagram.com\/dutchhealthstore\/","https:\/\/www.facebook.com\/dutchhealthstore"]}]},"product_brand":"Eau de Ki","og_availability":"out of stock","product_availability":"out of stock","product_condition":"new"},"_links":{"self":[{"href":"https:\/\/dutchhealthstore.com\/fr\/wp-json\/wp\/v2\/product\/266878","targetHints":{"allow":["GET"]}}],"collection":[{"href":"https:\/\/dutchhealthstore.com\/fr\/wp-json\/wp\/v2\/product"}],"about":[{"href":"https:\/\/dutchhealthstore.com\/fr\/wp-json\/wp\/v2\/types\/product"}],"replies":[{"embeddable":true,"href":"https:\/\/dutchhealthstore.com\/fr\/wp-json\/wp\/v2\/comments?post=266878"}],"wp:featuredmedia":[{"embeddable":true,"href":"https:\/\/dutchhealthstore.com\/fr\/wp-json\/wp\/v2\/media\/266739"}],"wp:attachment":[{"href":"https:\/\/dutchhealthstore.com\/fr\/wp-json\/wp\/v2\/media?parent=266878"}],"wp:term":[{"taxonomy":"product_brand","embeddable":true,"href":"https:\/\/dutchhealthstore.com\/fr\/wp-json\/wp\/v2\/product_brand?post=266878"},{"taxonomy":"product_cat","embeddable":true,"href":"https:\/\/dutchhealthstore.com\/fr\/wp-json\/wp\/v2\/product_cat?post=266878"},{"taxonomy":"product_tag","embeddable":true,"href":"https:\/\/dutchhealthstore.com\/fr\/wp-json\/wp\/v2\/product_tag?post=266878"}],"curies":[{"name":"wp","href":"https:\/\/api.w.org\/{rel}","templated":true}]}}