{"id":263289,"date":"2023-11-06T13:44:07","date_gmt":"2023-11-06T12:44:07","guid":{"rendered":"https:\/\/dutchhealthstore.com\/product\/brain-health\/"},"modified":"2023-12-07T13:13:11","modified_gmt":"2023-12-07T13:13:11","slug":"brain-health","status":"publish","type":"product","link":"https:\/\/dutchhealthstore.com\/fr\/product\/brain-health\/","title":{"rendered":"Brain Health"},"content":{"rendered":"<p>Lib\u00e9rez tout le potentiel de votre sant\u00e9 cognitive gr\u00e2ce \u00e0 notre m\u00e9lange sup\u00e9rieur d&rsquo;extraits de plantes brutes, m\u00e9ticuleusement \u00e9labor\u00e9 avec diff\u00e9rentes formes de curcuma pour optimiser la diffusion et l&rsquo;absorption des turm\u00e9rones aromatiques, des curcumines et d&rsquo;un ensemble de phytonutriments vitaux. Notre formule de soutien c\u00e9r\u00e9bral est en outre enrichie de.. :<\/p>\n<ul>\n<li>KSM-66 Ashwagandha, r\u00e9put\u00e9 pour ses propri\u00e9t\u00e9s anti-stress,<\/li>\n<li>Le Ginkgo Biloba, reconnu pour ses capacit\u00e9s cognitives,<\/li>\n<li>Extrait d&rsquo;argousier, un tr\u00e9sor d&rsquo;acides gras om\u00e9ga, et<\/li>\n<li>Poivre noir, pour amplifier l&rsquo;absorption et l&rsquo;efficacit\u00e9.<\/li>\n<\/ul>\n<p><strong>La gen\u00e8se de notre formule de soutien c\u00e9r\u00e9bral<\/strong><\/p>\n<p>Il y a environ un an, j&rsquo;ai re\u00e7u un appel stimulant de Sayer Ji de Green Med Info. Il a propos\u00e9 une collaboration pour cr\u00e9er le suppl\u00e9ment de sant\u00e9 c\u00e9r\u00e9brale le plus puissant, le plus pur et le plus v\u00e9g\u00e9tal au monde. L&rsquo;objectif \u00e9tait clair : exploiter et amplifier les qualit\u00e9s c\u00e9r\u00e9brales du curcuma en concentrant ses turm\u00e9rones aromatiques et en les associant \u00e0 d&rsquo;autres ingr\u00e9dients compl\u00e9mentaires pour une synergie maximale.<\/p>\n<p>Cette demande a trouv\u00e9 un \u00e9cho profond en moi, compte tenu de la pr\u00e9valence mondiale des troubles cognitifs et de la m\u00e9moire. J&rsquo;\u00e9tais impatient de contribuer \u00e0 l&rsquo;\u00e9laboration d&rsquo;une solution. Il s&rsquo;en est suivi un voyage complexe, peut-\u00eatre l&rsquo;entreprise la plus \u00e9labor\u00e9e de ma carri\u00e8re. Mais je m&rsquo;\u00e9panouis dans de tels d\u00e9fis. Une ann\u00e9e consacr\u00e9e \u00e0 la d\u00e9couverte des meilleurs ingr\u00e9dients a permis de mettre au point un processus glyc\u00e9roph\u00e9rique r\u00e9volutionnaire. Cette technique permet d&rsquo;encapsuler les turm\u00e9rones aromatiques, de pr\u00e9server leur int\u00e9grit\u00e9 et de garantir la fra\u00eecheur et la puissance de tous les autres ingr\u00e9dients.<\/p>\n<p>Infus\u00e9e de l&rsquo;\u00e9nergie vibratoire la plus \u00e9lev\u00e9e, notre formule de soutien c\u00e9r\u00e9bral est le summum de l&rsquo;alimentation pour votre bien-\u00eatre mental et votre long\u00e9vit\u00e9 &#8211; un choix vraiment \u00ab\u00a0intelligent\u00a0\u00bb pour votre vitalit\u00e9 cognitive !<\/p>\n<h3><strong>Taille : 59 ml <\/strong><\/h3>\n<h3><strong>Comment utiliser <\/strong><\/h3>\n<p>Bien agiter le flacon. Prendre 1 goutte deux fois par jour.<\/p>\n<p><strong>Informations sur les allerg\u00e8nes<\/strong><span style=\"font-size: 14.4px;\"> Tenir hors de port\u00e9e des enfants. Si vous \u00eates enceinte ou si vous allaitez, consultez votre m\u00e9decin avant de l&rsquo;utiliser.<\/span><\/p>\n<p><strong>Informations compl\u00e9mentaires <\/strong><\/p>\n<p>Malheureusement, en raison de la l\u00e9gislation europ\u00e9enne relative aux all\u00e9gations de sant\u00e9, nous ne sommes pas autoris\u00e9s \u00e0 fournir ici des informations compl\u00e8tes sur l&rsquo;application de ce produit. Nous vous recommandons de consulter l&rsquo;internet et\/ou le site web du fabricant pour obtenir des informations plus d\u00e9taill\u00e9es.<\/p>\n<p><strong>Avertissements <\/strong><\/p>\n<p>Une alimentation vari\u00e9e et \u00e9quilibr\u00e9e et un mode de vie sain sont importants. Un compl\u00e9ment nutritionnel ne remplace pas un r\u00e9gime alimentaire vari\u00e9. Tenir hors de port\u00e9e des jeunes enfants. En cas de grossesse, d&rsquo;allaitement, de maladie ou de prise de m\u00e9dicaments, consultez votre m\u00e9decin, votre pharmacien ou votre prestataire de soins de sant\u00e9 avant toute utilisation. Ne pas d\u00e9passer la dose journali\u00e8re recommand\u00e9e.<\/p>\n<p><strong>A conserver dans un endroit frais et sec<\/strong><\/p>\n<h2><strong>Ingr\u00e9dients naturels \/ biologiques <\/strong><\/h2>\n<p>Proprietary Blend: Freeze-Dried Turmeric Root Juice Concentrate (80:1), Turmeric (root), Fermented Turmeric (root), KSM-66 Ashwagandha Extract (root), Ginkgo Biloba (leaf), Cyanth0x Sea Buckthorn Extract (fruit), Black Pepper (fruit), Turmeric Essential Oil Other Ingredients: Vegetable Glycerin, Triple-Distilled Biophotonic Structured Water, Plant essence Blend (rosemary, sage, turmeric), Ormus Supercharged Minerals<\/p>\n\n\t<section class=\"section\" id=\"section_2030773190\">\n\t\t<div class=\"section-bg fill\" >\n\t\t\t\t\t\t\t\t\t\n\t\t\t\n\n\t\t<\/div>\n\n\t\t\n\n\t\t<div class=\"section-content relative\">\n\t\t\t\r\n\r\n<div class=\"is-divider divider clearfix\" style=\"max-width:100%;height:5px;background-color:rgb(135, 188, 113);\"><\/div>\r\n<h3><strong>En savoir plus sur Global Healing<\/strong> : Quand la puret\u00e9 rencontre la puissance<\/h3>\r\n\r\n<hr \/>\r\n\r\n<ul>\r\n \t<li><strong><img decoding=\"async\" class=\"alignright wp-image-259518\" src=\"https:\/\/dutchhealthstore.com\/wp-content\/uploads\/2023\/10\/global-healing-color-web.png\" alt=\"global healing dr edward group\" width=\"146\" height=\"146\" srcset=\"https:\/\/dutchhealthstore.com\/wp-content\/uploads\/2023\/10\/global-healing-color-web.png 250w, https:\/\/dutchhealthstore.com\/wp-content\/uploads\/2023\/10\/global-healing-color-web-100x100.png 100w, https:\/\/dutchhealthstore.com\/wp-content\/uploads\/2023\/10\/global-healing-color-web-64x64.png 64w\" sizes=\"(max-width: 146px) 100vw, 146px\" \/>Technologie d'extraction de plantes brutes : <\/strong>Notre processus d'extraction unique pr\u00e9serve les nutriments naturels de la plante sans utiliser de chaleur, d'alcool ou de produits chimiques agressifs.<strong>\r\n<\/strong><\/li>\r\n \t<li><strong>Approvisionnement \u00e9cologique :<\/strong> Tous les ingr\u00e9dients proviennent de petites exploitations biologiques ou de la cueillette sauvage, ce qui garantit que chaque produit est \u00e0 la fois pur et en harmonie avec la nature.<\/li>\r\n \t<li><strong>Processus d'extraction minutieux :<\/strong> Gr\u00e2ce \u00e0 une extraction \u00e0 froid en plusieurs \u00e9tapes, nous combinons les composants actifs de la plante avec de la glyc\u00e9rine v\u00e9g\u00e9tale biologique et de l'eau triplement distill\u00e9e, encapsulant ainsi le pouvoir curatif de la plante.<\/li>\r\n \t<li><strong>Filtration \u00e0 froid avanc\u00e9e<\/strong> : Notre technologie exclusive de filtrage \u00e0 froid garantit que le produit liquide reste pur sans g\u00e9n\u00e9rer de chaleur, pr\u00e9servant ainsi les compos\u00e9s d\u00e9licats des plantes.<\/li>\r\n \t<li><strong>Min\u00e9raux ORMUS surcharg\u00e9s<\/strong> : Lors de la derni\u00e8re \u00e9tape, nous rendons nos extractions liquides encore plus biodisponibles et stables en y ajoutant les min\u00e9raux ORMUS Supercharged Minerals, \u00e9labor\u00e9s selon d'anciennes m\u00e9thodes alchimiques.<\/li>\r\n \t<li><strong>Assurance de la qualit\u00e9 et de la puret\u00e9<\/strong> : Tous les produits sont soumis \u00e0 des tests rigoureux afin de garantir le respect des normes les plus strictes en mati\u00e8re de qualit\u00e9 et de puret\u00e9.<\/li>\r\n<\/ul>\r\n\t\t<\/div>\n\n\t\t\n<style>\n#section_2030773190 {\n  padding-top: 30px;\n  padding-bottom: 30px;\n}\n<\/style>\n\t<\/section>\n\t\n","protected":false},"excerpt":{"rendered":"<p>\u00c9levez votre esprit gr\u00e2ce \u00e0 notre formule compl\u00e8te de soutien c\u00e9r\u00e9bral<\/p>\n","protected":false},"featured_media":263237,"comment_status":"open","ping_status":"closed","template":"","meta":[],"product_brand":[],"product_cat":[10163,6745,6765,8453,6642,18388,6744,8466,1047,1209,1030,8467,1010,8506,8954],"product_tag":[],"class_list":{"0":"post-263289","1":"product","2":"type-product","3":"status-publish","4":"has-post-thumbnail","6":"product_cat-brain-mind-fr","7":"product_cat-clarity-focus-fr-2","8":"product_cat-energy-vitality-fr-2","9":"product_cat-balance-calm-fr-2","10":"product_cat-family-fr","11":"product_cat-global-healing-fr","12":"product_cat-mood-fr-2","13":"product_cat-nutrition-fr","14":"product_cat-nos-collections","15":"product_cat-par-marques","16":"product_cat-par-produits","17":"product_cat-health-fr-2","18":"product_cat-notre-boutique","19":"product_cat-every-day-solutions-fr-2","20":"product_cat-stress-relief-fr","21":"pa_brand-global-healing-fr","22":"pa_gtin-811839032045-fr","23":"pa_health-productype-brain-mind-fr","24":"pa_size-2-oz-59-ml-fr","26":"first","27":"instock","28":"taxable","29":"shipping-taxable","30":"purchasable","31":"product-type-simple"},"bundled_by":[],"bundle_stock_status":"instock","bundle_stock_quantity":1,"bundle_virtual":false,"bundle_layout":"","bundle_add_to_cart_form_location":"","bundle_editable_in_cart":false,"bundle_sold_individually_context":"","bundle_item_grouping":"","bundle_min_size":"","bundle_max_size":"","bundle_price":[],"bundled_items":[],"bundle_sell_ids":[],"atum_controlled":true,"out_stock_date":null,"out_stock_threshold":null,"inheritable":false,"stock_on_hold":0,"sold_today":0,"sales_last_days":0,"out_stock_days":0,"lost_sales":0,"update_date":"2026-04-09T01:48:27","atum_locations":[],"atum_stock_status":"instock","restock_status":false,"low_stock_amount":"","sales_update_date":"2026-04-09T01:48:27","calc_backorders":null,"group_of_quantity":0,"min_quantity":0,"max_quantity":"","exclude_order_quantity_value_rules":"no","exclude_category_quantity_rules":"no","combine_variations":"no","yoast_head":"<!-- This site is optimized with the Yoast SEO Premium plugin v26.5 (Yoast SEO v26.5) - https:\/\/yoast.com\/wordpress\/plugins\/seo\/ -->\n<title>Brain Health - Global Healing<\/title>\n<meta name=\"description\" content=\"\u00c9levez votre esprit gr\u00e2ce \u00e0 notre formule compl\u00e8te de soutien c\u00e9r\u00e9bral\" \/>\n<meta name=\"robots\" content=\"index, follow, max-snippet:-1, max-image-preview:large, max-video-preview:-1\" \/>\n<link rel=\"canonical\" href=\"https:\/\/dutchhealthstore.com\/fr\/product\/brain-health\/\" \/>\n<meta property=\"og:locale\" content=\"fr_FR\" \/>\n<meta property=\"og:type\" content=\"article\" \/>\n<meta property=\"og:title\" content=\"Brain Health - Dutch Health Store\" \/>\n<meta property=\"og:description\" content=\"\u00c9levez votre esprit gr\u00e2ce \u00e0 notre formule compl\u00e8te de soutien c\u00e9r\u00e9bral\" \/>\n<meta property=\"og:url\" content=\"https:\/\/dutchhealthstore.com\/fr\/product\/brain-health\/\" \/>\n<meta property=\"og:site_name\" content=\"Dutch Health Store\" \/>\n<meta property=\"article:publisher\" content=\"https:\/\/www.instagram.com\/dutchhealthstore\/\" \/>\n<meta property=\"article:modified_time\" content=\"2023-12-07T13:13:11+00:00\" \/>\n<meta property=\"og:image\" content=\"https:\/\/dutchhealthstore.com\/wp-content\/uploads\/2023\/11\/globalhealingbrainhealth.jpg\" \/>\n\t<meta property=\"og:image:width\" content=\"510\" \/>\n\t<meta property=\"og:image:height\" content=\"510\" \/>\n\t<meta property=\"og:image:type\" content=\"image\/jpeg\" \/>\n<meta name=\"twitter:card\" content=\"summary_large_image\" \/>\n<meta name=\"twitter:label1\" content=\"Prix\" \/>\n\t<meta name=\"twitter:data1\" content=\"&euro;62,95\" \/>\n\t<meta name=\"twitter:label2\" content=\"Disponibilit\u00e9\" \/>\n\t<meta name=\"twitter:data2\" content=\"En stock\" \/>\n<script type=\"application\/ld+json\" class=\"yoast-schema-graph\">{\"@context\":\"https:\/\/schema.org\",\"@graph\":[{\"@type\":\"WebPage\",\"@id\":\"https:\/\/dutchhealthstore.com\/fr\/product\/brain-health\/\",\"url\":\"https:\/\/dutchhealthstore.com\/fr\/product\/brain-health\/\",\"name\":\"Brain Health - Global Healing\",\"isPartOf\":{\"@id\":\"https:\/\/dutchhealthstore.com\/fr\/#website\"},\"primaryImageOfPage\":{\"@id\":\"https:\/\/dutchhealthstore.com\/fr\/product\/brain-health\/#primaryimage\"},\"image\":{\"@id\":\"https:\/\/dutchhealthstore.com\/fr\/product\/brain-health\/#primaryimage\"},\"thumbnailUrl\":\"https:\/\/dutchhealthstore.com\/wp-content\/uploads\/2023\/11\/globalhealingbrainhealth.jpg\",\"datePublished\":\"2023-11-06T12:44:07+00:00\",\"dateModified\":\"2023-12-07T13:13:11+00:00\",\"description\":\"\u00c9levez votre esprit gr\u00e2ce \u00e0 notre formule compl\u00e8te de soutien c\u00e9r\u00e9bral\",\"breadcrumb\":{\"@id\":\"https:\/\/dutchhealthstore.com\/fr\/product\/brain-health\/#breadcrumb\"},\"inLanguage\":\"fr-FR\",\"potentialAction\":[{\"@type\":\"ReadAction\",\"target\":[\"https:\/\/dutchhealthstore.com\/fr\/product\/brain-health\/\"]}]},{\"@type\":\"ImageObject\",\"inLanguage\":\"fr-FR\",\"@id\":\"https:\/\/dutchhealthstore.com\/fr\/product\/brain-health\/#primaryimage\",\"url\":\"https:\/\/dutchhealthstore.com\/wp-content\/uploads\/2023\/11\/globalhealingbrainhealth.jpg\",\"contentUrl\":\"https:\/\/dutchhealthstore.com\/wp-content\/uploads\/2023\/11\/globalhealingbrainhealth.jpg\",\"width\":510,\"height\":510,\"caption\":\"globalhealingbrainhealth\"},{\"@type\":\"BreadcrumbList\",\"@id\":\"https:\/\/dutchhealthstore.com\/fr\/product\/brain-health\/#breadcrumb\",\"itemListElement\":[{\"@type\":\"ListItem\",\"position\":1,\"name\":\"Home\",\"item\":\"https:\/\/dutchhealthstore.com\/fr\/\"},{\"@type\":\"ListItem\",\"position\":2,\"name\":\"Shop\",\"item\":\"https:\/\/dutchhealthstore.com\/fr\/shop\/\"},{\"@type\":\"ListItem\",\"position\":3,\"name\":\"Brain Health\"}]},{\"@type\":\"WebSite\",\"@id\":\"https:\/\/dutchhealthstore.com\/fr\/#website\",\"url\":\"https:\/\/dutchhealthstore.com\/fr\/\",\"name\":\"Dutch Health Store\",\"description\":\"Enhance Your Beauty with Organic &amp; Natural Skincare\",\"publisher\":{\"@id\":\"https:\/\/dutchhealthstore.com\/fr\/#organization\"},\"potentialAction\":[{\"@type\":\"SearchAction\",\"target\":{\"@type\":\"EntryPoint\",\"urlTemplate\":\"https:\/\/dutchhealthstore.com\/fr\/?s={search_term_string}\"},\"query-input\":{\"@type\":\"PropertyValueSpecification\",\"valueRequired\":true,\"valueName\":\"search_term_string\"}}],\"inLanguage\":\"fr-FR\"},{\"@type\":\"Organization\",\"@id\":\"https:\/\/dutchhealthstore.com\/fr\/#organization\",\"name\":\"Dutch Health Store\",\"url\":\"https:\/\/dutchhealthstore.com\/fr\/\",\"logo\":{\"@type\":\"ImageObject\",\"inLanguage\":\"fr-FR\",\"@id\":\"https:\/\/dutchhealthstore.com\/fr\/#\/schema\/logo\/image\/\",\"url\":\"https:\/\/dutchhealthstore.com\/wp-content\/uploads\/2020\/08\/logo-dutchhealthstore-jpg-e1599484957574.jpg\",\"contentUrl\":\"https:\/\/dutchhealthstore.com\/wp-content\/uploads\/2020\/08\/logo-dutchhealthstore-jpg-e1599484957574.jpg\",\"width\":400,\"height\":62,\"caption\":\"Dutch Health Store\"},\"image\":{\"@id\":\"https:\/\/dutchhealthstore.com\/fr\/#\/schema\/logo\/image\/\"},\"sameAs\":[\"https:\/\/www.instagram.com\/dutchhealthstore\/\",\"https:\/\/www.facebook.com\/dutchhealthstore\"]}]}<\/script>\n<meta property=\"product:brand\" content=\"Global Healing\" \/>\n<meta property=\"product:price:amount\" content=\"62.95\" \/>\n<meta property=\"product:price:currency\" content=\"EUR\" \/>\n<meta property=\"og:availability\" content=\"instock\" \/>\n<meta property=\"product:availability\" content=\"instock\" \/>\n<meta property=\"product:condition\" content=\"new\" \/>\n<!-- \/ Yoast SEO Premium plugin. -->","yoast_head_json":{"title":"Brain Health - Global Healing","description":"\u00c9levez votre esprit gr\u00e2ce \u00e0 notre formule compl\u00e8te de soutien c\u00e9r\u00e9bral","robots":{"index":"index","follow":"follow","max-snippet":"max-snippet:-1","max-image-preview":"max-image-preview:large","max-video-preview":"max-video-preview:-1"},"canonical":"https:\/\/dutchhealthstore.com\/fr\/product\/brain-health\/","og_locale":"fr_FR","og_type":"article","og_title":"Brain Health - Dutch Health Store","og_description":"\u00c9levez votre esprit gr\u00e2ce \u00e0 notre formule compl\u00e8te de soutien c\u00e9r\u00e9bral","og_url":"https:\/\/dutchhealthstore.com\/fr\/product\/brain-health\/","og_site_name":"Dutch Health Store","article_publisher":"https:\/\/www.instagram.com\/dutchhealthstore\/","article_modified_time":"2023-12-07T13:13:11+00:00","og_image":[{"width":510,"height":510,"url":"https:\/\/dutchhealthstore.com\/wp-content\/uploads\/2023\/11\/globalhealingbrainhealth.jpg","type":"image\/jpeg"}],"twitter_card":"summary_large_image","twitter_misc":{"Prix":"&euro;62,95","Disponibilit\u00e9":"En stock"},"schema":{"@context":"https:\/\/schema.org","@graph":[{"@type":"WebPage","@id":"https:\/\/dutchhealthstore.com\/fr\/product\/brain-health\/","url":"https:\/\/dutchhealthstore.com\/fr\/product\/brain-health\/","name":"Brain Health - Global Healing","isPartOf":{"@id":"https:\/\/dutchhealthstore.com\/fr\/#website"},"primaryImageOfPage":{"@id":"https:\/\/dutchhealthstore.com\/fr\/product\/brain-health\/#primaryimage"},"image":{"@id":"https:\/\/dutchhealthstore.com\/fr\/product\/brain-health\/#primaryimage"},"thumbnailUrl":"https:\/\/dutchhealthstore.com\/wp-content\/uploads\/2023\/11\/globalhealingbrainhealth.jpg","datePublished":"2023-11-06T12:44:07+00:00","dateModified":"2023-12-07T13:13:11+00:00","description":"\u00c9levez votre esprit gr\u00e2ce \u00e0 notre formule compl\u00e8te de soutien c\u00e9r\u00e9bral","breadcrumb":{"@id":"https:\/\/dutchhealthstore.com\/fr\/product\/brain-health\/#breadcrumb"},"inLanguage":"fr-FR","potentialAction":[{"@type":"ReadAction","target":["https:\/\/dutchhealthstore.com\/fr\/product\/brain-health\/"]}]},{"@type":"ImageObject","inLanguage":"fr-FR","@id":"https:\/\/dutchhealthstore.com\/fr\/product\/brain-health\/#primaryimage","url":"https:\/\/dutchhealthstore.com\/wp-content\/uploads\/2023\/11\/globalhealingbrainhealth.jpg","contentUrl":"https:\/\/dutchhealthstore.com\/wp-content\/uploads\/2023\/11\/globalhealingbrainhealth.jpg","width":510,"height":510,"caption":"globalhealingbrainhealth"},{"@type":"BreadcrumbList","@id":"https:\/\/dutchhealthstore.com\/fr\/product\/brain-health\/#breadcrumb","itemListElement":[{"@type":"ListItem","position":1,"name":"Home","item":"https:\/\/dutchhealthstore.com\/fr\/"},{"@type":"ListItem","position":2,"name":"Shop","item":"https:\/\/dutchhealthstore.com\/fr\/shop\/"},{"@type":"ListItem","position":3,"name":"Brain Health"}]},{"@type":"WebSite","@id":"https:\/\/dutchhealthstore.com\/fr\/#website","url":"https:\/\/dutchhealthstore.com\/fr\/","name":"Dutch Health Store","description":"Enhance Your Beauty with Organic &amp; Natural Skincare","publisher":{"@id":"https:\/\/dutchhealthstore.com\/fr\/#organization"},"potentialAction":[{"@type":"SearchAction","target":{"@type":"EntryPoint","urlTemplate":"https:\/\/dutchhealthstore.com\/fr\/?s={search_term_string}"},"query-input":{"@type":"PropertyValueSpecification","valueRequired":true,"valueName":"search_term_string"}}],"inLanguage":"fr-FR"},{"@type":"Organization","@id":"https:\/\/dutchhealthstore.com\/fr\/#organization","name":"Dutch Health Store","url":"https:\/\/dutchhealthstore.com\/fr\/","logo":{"@type":"ImageObject","inLanguage":"fr-FR","@id":"https:\/\/dutchhealthstore.com\/fr\/#\/schema\/logo\/image\/","url":"https:\/\/dutchhealthstore.com\/wp-content\/uploads\/2020\/08\/logo-dutchhealthstore-jpg-e1599484957574.jpg","contentUrl":"https:\/\/dutchhealthstore.com\/wp-content\/uploads\/2020\/08\/logo-dutchhealthstore-jpg-e1599484957574.jpg","width":400,"height":62,"caption":"Dutch Health Store"},"image":{"@id":"https:\/\/dutchhealthstore.com\/fr\/#\/schema\/logo\/image\/"},"sameAs":["https:\/\/www.instagram.com\/dutchhealthstore\/","https:\/\/www.facebook.com\/dutchhealthstore"]}]},"product_brand":"Global Healing","product_price_amount":"62.95","product_price_currency":"EUR","og_availability":"instock","product_availability":"instock","product_condition":"new"},"_links":{"self":[{"href":"https:\/\/dutchhealthstore.com\/fr\/wp-json\/wp\/v2\/product\/263289","targetHints":{"allow":["GET"]}}],"collection":[{"href":"https:\/\/dutchhealthstore.com\/fr\/wp-json\/wp\/v2\/product"}],"about":[{"href":"https:\/\/dutchhealthstore.com\/fr\/wp-json\/wp\/v2\/types\/product"}],"replies":[{"embeddable":true,"href":"https:\/\/dutchhealthstore.com\/fr\/wp-json\/wp\/v2\/comments?post=263289"}],"wp:featuredmedia":[{"embeddable":true,"href":"https:\/\/dutchhealthstore.com\/fr\/wp-json\/wp\/v2\/media\/263237"}],"wp:attachment":[{"href":"https:\/\/dutchhealthstore.com\/fr\/wp-json\/wp\/v2\/media?parent=263289"}],"wp:term":[{"taxonomy":"product_brand","embeddable":true,"href":"https:\/\/dutchhealthstore.com\/fr\/wp-json\/wp\/v2\/product_brand?post=263289"},{"taxonomy":"product_cat","embeddable":true,"href":"https:\/\/dutchhealthstore.com\/fr\/wp-json\/wp\/v2\/product_cat?post=263289"},{"taxonomy":"product_tag","embeddable":true,"href":"https:\/\/dutchhealthstore.com\/fr\/wp-json\/wp\/v2\/product_tag?post=263289"}],"curies":[{"name":"wp","href":"https:\/\/api.w.org\/{rel}","templated":true}]}}