{"id":260185,"date":"2023-10-03T12:26:58","date_gmt":"2023-10-03T10:26:58","guid":{"rendered":"https:\/\/dutchhealthstore.com\/product\/tulsi\/"},"modified":"2023-12-07T11:07:53","modified_gmt":"2023-12-07T11:07:53","slug":"tulsi","status":"publish","type":"product","link":"https:\/\/dutchhealthstore.com\/fr\/product\/tulsi\/","title":{"rendered":"Tulsi"},"content":{"rendered":"<p>La recette de Tulsi de Global Healing Center est faite \u00e0 partir de feuilles fra\u00eeches en utilisant notre technologie Raw Herbal ExtractTM et Energized Trace MineralsTM.<\/p>\n<ul>\n<li>Calme les nerfs<\/li>\n<li>Soutient le syst\u00e8me immunitaire<\/li>\n<li>\u00c9quilibre les niveaux d&rsquo;\u00e9nergie<\/li>\n<\/ul>\n<p>Jamais nous n&rsquo;utiliserons de composants ou d&#8217;emballages qui pourraient \u00eatre dangereux pour l&rsquo;environnement ou votre sant\u00e9. Tulsi est d\u00e9pourvu de :<\/p>\n<ul>\n<li>OGM<\/li>\n<li>Alcool<\/li>\n<li>Sous-produits animaux<\/li>\n<li>Allerg\u00e8nes<\/li>\n<li>Gluten<\/li>\n<li>Soja<\/li>\n<li>Produits laitiers<\/li>\n<\/ul>\n<p><strong>Pourquoi notre Tulsi est diff\u00e9rent<\/strong><\/p>\n<p>Cet extrait de plantes brutes concentr\u00e9 et biodisponible vous offre le meilleur suppl\u00e9ment de tulsi disponible.<\/p>\n<p><strong>Feuilles et fleurs fra\u00eeches et biologiques<\/strong><\/p>\n<p>Global Healing n&rsquo;utilise que des feuilles et des fleurs de tulsi fra\u00eeches provenant directement de cultivateurs biologiques qui les r\u00e9coltent \u00e0 la main au moment id\u00e9al pour garantir un maximum de nutriments.<\/p>\n<p><strong>Sans alcool<\/strong><\/p>\n<p>Notre technologie d&rsquo;extrait de plantes brutes utilise de la glyc\u00e9rine certifi\u00e9e biologique d\u00e9riv\u00e9e de la graine de moutarde pour pr\u00e9server les nutriments vitaux et l&rsquo;\u00e9nergie vivante de la plante.<\/p>\n<p><strong>Biodisponibilit\u00e9 \u00e9lev\u00e9e<\/strong><\/p>\n<p>Exclusivit\u00e9 de notre technologie Raw Herbal Extract, l&rsquo;extrait de plantes est associ\u00e9 \u00e0 des oligo-\u00e9l\u00e9ments \u00e9nergis\u00e9s &#8211; un m\u00e9lange de min\u00e9raux riches en carbone et en soufre qui renforce la structure \u00e9nerg\u00e9tique et la biodisponibilit\u00e9 de l&rsquo;extrait.<\/p>\n<h3><strong>Taille : 59 ml<\/strong><\/h3>\n<h3>Comment utiliser<\/h3>\n<p>Prendre 1 ML le matin et le soir.<\/p>\n<p>Tenir hors de port\u00e9e des enfants. Consultez votre professionnel de la sant\u00e9 avant de prendre ce m\u00e9dicament si vous \u00eates enceinte ou si vous allaitez.<\/p>\n<p><strong>Informations compl\u00e9mentaires<\/strong> Malheureusement, en raison de la l\u00e9gislation europ\u00e9enne relative aux all\u00e9gations de sant\u00e9, nous ne sommes pas autoris\u00e9s \u00e0 fournir ici des informations compl\u00e8tes sur l&rsquo;application de ce produit. Nous vous recommandons de consulter l&rsquo;internet et\/ou le site web du fabricant pour obtenir des informations plus d\u00e9taill\u00e9es.<\/p>\n<p><strong>Avertissements<\/strong> Il est important d&rsquo;avoir une alimentation vari\u00e9e et \u00e9quilibr\u00e9e et un mode de vie sain. Un compl\u00e9ment nutritionnel ne remplace pas un r\u00e9gime alimentaire vari\u00e9. Tenir hors de port\u00e9e des jeunes enfants. En cas de grossesse, d&rsquo;allaitement, de maladie ou de prise de m\u00e9dicaments, consultez votre m\u00e9decin, votre pharmacien ou votre prestataire de soins de sant\u00e9 avant toute utilisation. Ne pas d\u00e9passer la dose journali\u00e8re recommand\u00e9e.<\/p>\n<h2><strong>Ingr\u00e9dients naturels \/ biologiques <\/strong><\/h2>\n<p>Tulsi Herb (Ocimum sanctum) Other Ingredients: Vegetable Glycerin, Triple Distilled Water, Energized Trace Minerals<\/p>\n\n\t<section class=\"section\" id=\"section_176819614\">\n\t\t<div class=\"section-bg fill\" >\n\t\t\t\t\t\t\t\t\t\n\t\t\t\n\n\t\t<\/div>\n\n\t\t\n\n\t\t<div class=\"section-content relative\">\n\t\t\t\r\n\r\n<div class=\"is-divider divider clearfix\" style=\"max-width:100%;height:5px;background-color:rgb(135, 188, 113);\"><\/div>\r\n<h3><strong>En savoir plus sur Global Healing<\/strong> : Quand la puret\u00e9 rencontre la puissance<\/h3>\r\n\r\n<hr \/>\r\n\r\n<ul>\r\n \t<li><strong><img decoding=\"async\" class=\"alignright wp-image-259518\" src=\"https:\/\/dutchhealthstore.com\/wp-content\/uploads\/2023\/10\/global-healing-color-web.png\" alt=\"global healing dr edward group\" width=\"146\" height=\"146\" srcset=\"https:\/\/dutchhealthstore.com\/wp-content\/uploads\/2023\/10\/global-healing-color-web.png 250w, https:\/\/dutchhealthstore.com\/wp-content\/uploads\/2023\/10\/global-healing-color-web-100x100.png 100w, https:\/\/dutchhealthstore.com\/wp-content\/uploads\/2023\/10\/global-healing-color-web-64x64.png 64w\" sizes=\"(max-width: 146px) 100vw, 146px\" \/>Technologie d'extraction de plantes brutes : <\/strong>Notre processus d'extraction unique pr\u00e9serve les nutriments naturels de la plante sans utiliser de chaleur, d'alcool ou de produits chimiques agressifs.<strong>\r\n<\/strong><\/li>\r\n \t<li><strong>Approvisionnement \u00e9cologique :<\/strong> Tous les ingr\u00e9dients proviennent de petites exploitations biologiques ou de la cueillette sauvage, ce qui garantit que chaque produit est \u00e0 la fois pur et en harmonie avec la nature.<\/li>\r\n \t<li><strong>Processus d'extraction minutieux :<\/strong> Gr\u00e2ce \u00e0 une extraction \u00e0 froid en plusieurs \u00e9tapes, nous combinons les composants actifs de la plante avec de la glyc\u00e9rine v\u00e9g\u00e9tale biologique et de l'eau triplement distill\u00e9e, encapsulant ainsi le pouvoir curatif de la plante.<\/li>\r\n \t<li><strong>Filtration \u00e0 froid avanc\u00e9e<\/strong> : Notre technologie exclusive de filtrage \u00e0 froid garantit que le produit liquide reste pur sans g\u00e9n\u00e9rer de chaleur, pr\u00e9servant ainsi les compos\u00e9s d\u00e9licats des plantes.<\/li>\r\n \t<li><strong>Min\u00e9raux ORMUS surcharg\u00e9s<\/strong> : Lors de la derni\u00e8re \u00e9tape, nous rendons nos extractions liquides encore plus biodisponibles et stables en y ajoutant les min\u00e9raux ORMUS Supercharged Minerals, \u00e9labor\u00e9s selon d'anciennes m\u00e9thodes alchimiques.<\/li>\r\n \t<li><strong>Assurance de la qualit\u00e9 et de la puret\u00e9<\/strong> : Tous les produits sont soumis \u00e0 des tests rigoureux afin de garantir le respect des normes les plus strictes en mati\u00e8re de qualit\u00e9 et de puret\u00e9.<\/li>\r\n<\/ul>\r\n\t\t<\/div>\n\n\t\t\n<style>\n#section_176819614 {\n  padding-top: 30px;\n  padding-bottom: 30px;\n}\n<\/style>\n\t<\/section>\n\t\n","protected":false},"excerpt":{"rendered":"<p>Le Tulsi, \u00e9galement connu sous le nom de Basilic sacr\u00e9, est consid\u00e9r\u00e9 comme une plante sacr\u00e9e dans la m\u00e9decine ayurv\u00e9dique et est parfois appel\u00e9 la \u00ab\u00a0reine des herbes\u00a0\u00bb.<\/p>\n","protected":false},"featured_media":259941,"comment_status":"open","ping_status":"closed","template":"","meta":[],"product_brand":[],"product_cat":[6765,8453,18388,6744,10205,8466,1209,1030,8467,8980,1010,8954],"product_tag":[21516],"class_list":{"0":"post-260185","1":"product","2":"type-product","3":"status-publish","4":"has-post-thumbnail","6":"product_cat-energy-vitality-fr-2","7":"product_cat-balance-calm-fr-2","8":"product_cat-global-healing-fr","9":"product_cat-mood-fr-2","10":"product_cat-inner-peace-fr","11":"product_cat-nutrition-fr","12":"product_cat-par-marques","13":"product_cat-par-produits","14":"product_cat-health-fr-2","15":"product_cat-optimum-health-fr-2","16":"product_cat-notre-boutique","17":"product_cat-stress-relief-fr","18":"product_tag-sante-optimale","19":"pa_brand-global-healing-fr","20":"pa_gtin-8118390300265-fr","21":"pa_health-productype-immunity-colds-fr","22":"pa_health-productype-optimum-health-fr","23":"pa_health-productype-supplements-fr","24":"pa_size-59-ml-2-oz-fr","26":"first","27":"instock","28":"taxable","29":"shipping-taxable","30":"purchasable","31":"product-type-simple"},"bundled_by":[],"bundle_stock_status":"instock","bundle_stock_quantity":2,"bundle_virtual":false,"bundle_layout":"","bundle_add_to_cart_form_location":"","bundle_editable_in_cart":false,"bundle_sold_individually_context":"","bundle_item_grouping":"","bundle_min_size":"","bundle_max_size":"","bundle_price":[],"bundled_items":[],"bundle_sell_ids":[],"atum_controlled":true,"out_stock_date":null,"out_stock_threshold":null,"inheritable":false,"stock_on_hold":0,"sold_today":0,"sales_last_days":0,"out_stock_days":0,"lost_sales":0,"update_date":"2026-04-30T00:14:52","atum_locations":[],"atum_stock_status":"instock","restock_status":false,"low_stock_amount":"","sales_update_date":"2026-04-30T00:14:52","calc_backorders":null,"group_of_quantity":0,"min_quantity":0,"max_quantity":"","exclude_order_quantity_value_rules":"no","exclude_category_quantity_rules":"no","combine_variations":"no","yoast_head":"<!-- This site is optimized with the Yoast SEO Premium plugin v26.5 (Yoast SEO v26.5) - https:\/\/yoast.com\/wordpress\/plugins\/seo\/ -->\n<title>Tulsi - Global Healing<\/title>\n<meta name=\"description\" content=\"Le Tulsi, \u00e9galement connu sous le nom de Basilic sacr\u00e9, est consid\u00e9r\u00e9 comme une plante sacr\u00e9e dans la m\u00e9decine ayurv\u00e9dique et est parfois appel\u00e9 la &quot;reine des herbes&quot;.\" \/>\n<meta name=\"robots\" content=\"index, follow, max-snippet:-1, max-image-preview:large, max-video-preview:-1\" \/>\n<link rel=\"canonical\" href=\"https:\/\/dutchhealthstore.com\/fr\/product\/tulsi\/\" \/>\n<meta property=\"og:locale\" content=\"fr_FR\" \/>\n<meta property=\"og:type\" content=\"article\" \/>\n<meta property=\"og:title\" content=\"Tulsi - Dutch Health Store\" \/>\n<meta property=\"og:description\" content=\"Le Tulsi, \u00e9galement connu sous le nom de Basilic sacr\u00e9, est consid\u00e9r\u00e9 comme une plante sacr\u00e9e dans la m\u00e9decine ayurv\u00e9dique et est parfois appel\u00e9 la &quot;reine des herbes&quot;.\" \/>\n<meta property=\"og:url\" content=\"https:\/\/dutchhealthstore.com\/fr\/product\/tulsi\/\" \/>\n<meta property=\"og:site_name\" content=\"Dutch Health Store\" \/>\n<meta property=\"article:publisher\" content=\"https:\/\/www.instagram.com\/dutchhealthstore\/\" \/>\n<meta property=\"article:modified_time\" content=\"2023-12-07T11:07:53+00:00\" \/>\n<meta property=\"og:image\" content=\"https:\/\/dutchhealthstore.com\/wp-content\/uploads\/2023\/10\/globalhealingtulsi.jpg\" \/>\n\t<meta property=\"og:image:width\" content=\"510\" \/>\n\t<meta property=\"og:image:height\" content=\"510\" \/>\n\t<meta property=\"og:image:type\" content=\"image\/jpeg\" \/>\n<meta name=\"twitter:card\" content=\"summary_large_image\" \/>\n<meta name=\"twitter:label1\" content=\"Prix\" \/>\n\t<meta name=\"twitter:data1\" content=\"&euro;34,95\" \/>\n\t<meta name=\"twitter:label2\" content=\"Disponibilit\u00e9\" \/>\n\t<meta name=\"twitter:data2\" content=\"En stock\" \/>\n<script type=\"application\/ld+json\" class=\"yoast-schema-graph\">{\"@context\":\"https:\/\/schema.org\",\"@graph\":[{\"@type\":\"WebPage\",\"@id\":\"https:\/\/dutchhealthstore.com\/fr\/product\/tulsi\/\",\"url\":\"https:\/\/dutchhealthstore.com\/fr\/product\/tulsi\/\",\"name\":\"Tulsi - Global Healing\",\"isPartOf\":{\"@id\":\"https:\/\/dutchhealthstore.com\/fr\/#website\"},\"primaryImageOfPage\":{\"@id\":\"https:\/\/dutchhealthstore.com\/fr\/product\/tulsi\/#primaryimage\"},\"image\":{\"@id\":\"https:\/\/dutchhealthstore.com\/fr\/product\/tulsi\/#primaryimage\"},\"thumbnailUrl\":\"https:\/\/dutchhealthstore.com\/wp-content\/uploads\/2023\/10\/globalhealingtulsi.jpg\",\"datePublished\":\"2023-10-03T10:26:58+00:00\",\"dateModified\":\"2023-12-07T11:07:53+00:00\",\"description\":\"Le Tulsi, \u00e9galement connu sous le nom de Basilic sacr\u00e9, est consid\u00e9r\u00e9 comme une plante sacr\u00e9e dans la m\u00e9decine ayurv\u00e9dique et est parfois appel\u00e9 la \\\"reine des herbes\\\".\",\"breadcrumb\":{\"@id\":\"https:\/\/dutchhealthstore.com\/fr\/product\/tulsi\/#breadcrumb\"},\"inLanguage\":\"fr-FR\",\"potentialAction\":[{\"@type\":\"ReadAction\",\"target\":[\"https:\/\/dutchhealthstore.com\/fr\/product\/tulsi\/\"]}]},{\"@type\":\"ImageObject\",\"inLanguage\":\"fr-FR\",\"@id\":\"https:\/\/dutchhealthstore.com\/fr\/product\/tulsi\/#primaryimage\",\"url\":\"https:\/\/dutchhealthstore.com\/wp-content\/uploads\/2023\/10\/globalhealingtulsi.jpg\",\"contentUrl\":\"https:\/\/dutchhealthstore.com\/wp-content\/uploads\/2023\/10\/globalhealingtulsi.jpg\",\"width\":510,\"height\":510,\"caption\":\"globalhealingtulsi\"},{\"@type\":\"BreadcrumbList\",\"@id\":\"https:\/\/dutchhealthstore.com\/fr\/product\/tulsi\/#breadcrumb\",\"itemListElement\":[{\"@type\":\"ListItem\",\"position\":1,\"name\":\"Home\",\"item\":\"https:\/\/dutchhealthstore.com\/fr\/\"},{\"@type\":\"ListItem\",\"position\":2,\"name\":\"Shop\",\"item\":\"https:\/\/dutchhealthstore.com\/fr\/shop\/\"},{\"@type\":\"ListItem\",\"position\":3,\"name\":\"Tulsi\"}]},{\"@type\":\"WebSite\",\"@id\":\"https:\/\/dutchhealthstore.com\/fr\/#website\",\"url\":\"https:\/\/dutchhealthstore.com\/fr\/\",\"name\":\"Dutch Health Store\",\"description\":\"Enhance Your Beauty with Organic &amp; Natural Skincare\",\"publisher\":{\"@id\":\"https:\/\/dutchhealthstore.com\/fr\/#organization\"},\"potentialAction\":[{\"@type\":\"SearchAction\",\"target\":{\"@type\":\"EntryPoint\",\"urlTemplate\":\"https:\/\/dutchhealthstore.com\/fr\/?s={search_term_string}\"},\"query-input\":{\"@type\":\"PropertyValueSpecification\",\"valueRequired\":true,\"valueName\":\"search_term_string\"}}],\"inLanguage\":\"fr-FR\"},{\"@type\":\"Organization\",\"@id\":\"https:\/\/dutchhealthstore.com\/fr\/#organization\",\"name\":\"Dutch Health Store\",\"url\":\"https:\/\/dutchhealthstore.com\/fr\/\",\"logo\":{\"@type\":\"ImageObject\",\"inLanguage\":\"fr-FR\",\"@id\":\"https:\/\/dutchhealthstore.com\/fr\/#\/schema\/logo\/image\/\",\"url\":\"https:\/\/dutchhealthstore.com\/wp-content\/uploads\/2020\/08\/logo-dutchhealthstore-jpg-e1599484957574.jpg\",\"contentUrl\":\"https:\/\/dutchhealthstore.com\/wp-content\/uploads\/2020\/08\/logo-dutchhealthstore-jpg-e1599484957574.jpg\",\"width\":400,\"height\":62,\"caption\":\"Dutch Health Store\"},\"image\":{\"@id\":\"https:\/\/dutchhealthstore.com\/fr\/#\/schema\/logo\/image\/\"},\"sameAs\":[\"https:\/\/www.instagram.com\/dutchhealthstore\/\",\"https:\/\/www.facebook.com\/dutchhealthstore\"]}]}<\/script>\n<meta property=\"product:brand\" content=\"Global Healing\" \/>\n<meta property=\"product:price:amount\" content=\"34.95\" \/>\n<meta property=\"product:price:currency\" content=\"EUR\" \/>\n<meta property=\"og:availability\" content=\"instock\" \/>\n<meta property=\"product:availability\" content=\"instock\" \/>\n<meta property=\"product:condition\" content=\"new\" \/>\n<!-- \/ Yoast SEO Premium plugin. -->","yoast_head_json":{"title":"Tulsi - Global Healing","description":"Le Tulsi, \u00e9galement connu sous le nom de Basilic sacr\u00e9, est consid\u00e9r\u00e9 comme une plante sacr\u00e9e dans la m\u00e9decine ayurv\u00e9dique et est parfois appel\u00e9 la \"reine des herbes\".","robots":{"index":"index","follow":"follow","max-snippet":"max-snippet:-1","max-image-preview":"max-image-preview:large","max-video-preview":"max-video-preview:-1"},"canonical":"https:\/\/dutchhealthstore.com\/fr\/product\/tulsi\/","og_locale":"fr_FR","og_type":"article","og_title":"Tulsi - Dutch Health Store","og_description":"Le Tulsi, \u00e9galement connu sous le nom de Basilic sacr\u00e9, est consid\u00e9r\u00e9 comme une plante sacr\u00e9e dans la m\u00e9decine ayurv\u00e9dique et est parfois appel\u00e9 la \"reine des herbes\".","og_url":"https:\/\/dutchhealthstore.com\/fr\/product\/tulsi\/","og_site_name":"Dutch Health Store","article_publisher":"https:\/\/www.instagram.com\/dutchhealthstore\/","article_modified_time":"2023-12-07T11:07:53+00:00","og_image":[{"width":510,"height":510,"url":"https:\/\/dutchhealthstore.com\/wp-content\/uploads\/2023\/10\/globalhealingtulsi.jpg","type":"image\/jpeg"}],"twitter_card":"summary_large_image","twitter_misc":{"Prix":"&euro;34,95","Disponibilit\u00e9":"En stock"},"schema":{"@context":"https:\/\/schema.org","@graph":[{"@type":"WebPage","@id":"https:\/\/dutchhealthstore.com\/fr\/product\/tulsi\/","url":"https:\/\/dutchhealthstore.com\/fr\/product\/tulsi\/","name":"Tulsi - Global Healing","isPartOf":{"@id":"https:\/\/dutchhealthstore.com\/fr\/#website"},"primaryImageOfPage":{"@id":"https:\/\/dutchhealthstore.com\/fr\/product\/tulsi\/#primaryimage"},"image":{"@id":"https:\/\/dutchhealthstore.com\/fr\/product\/tulsi\/#primaryimage"},"thumbnailUrl":"https:\/\/dutchhealthstore.com\/wp-content\/uploads\/2023\/10\/globalhealingtulsi.jpg","datePublished":"2023-10-03T10:26:58+00:00","dateModified":"2023-12-07T11:07:53+00:00","description":"Le Tulsi, \u00e9galement connu sous le nom de Basilic sacr\u00e9, est consid\u00e9r\u00e9 comme une plante sacr\u00e9e dans la m\u00e9decine ayurv\u00e9dique et est parfois appel\u00e9 la \"reine des herbes\".","breadcrumb":{"@id":"https:\/\/dutchhealthstore.com\/fr\/product\/tulsi\/#breadcrumb"},"inLanguage":"fr-FR","potentialAction":[{"@type":"ReadAction","target":["https:\/\/dutchhealthstore.com\/fr\/product\/tulsi\/"]}]},{"@type":"ImageObject","inLanguage":"fr-FR","@id":"https:\/\/dutchhealthstore.com\/fr\/product\/tulsi\/#primaryimage","url":"https:\/\/dutchhealthstore.com\/wp-content\/uploads\/2023\/10\/globalhealingtulsi.jpg","contentUrl":"https:\/\/dutchhealthstore.com\/wp-content\/uploads\/2023\/10\/globalhealingtulsi.jpg","width":510,"height":510,"caption":"globalhealingtulsi"},{"@type":"BreadcrumbList","@id":"https:\/\/dutchhealthstore.com\/fr\/product\/tulsi\/#breadcrumb","itemListElement":[{"@type":"ListItem","position":1,"name":"Home","item":"https:\/\/dutchhealthstore.com\/fr\/"},{"@type":"ListItem","position":2,"name":"Shop","item":"https:\/\/dutchhealthstore.com\/fr\/shop\/"},{"@type":"ListItem","position":3,"name":"Tulsi"}]},{"@type":"WebSite","@id":"https:\/\/dutchhealthstore.com\/fr\/#website","url":"https:\/\/dutchhealthstore.com\/fr\/","name":"Dutch Health Store","description":"Enhance Your Beauty with Organic &amp; Natural Skincare","publisher":{"@id":"https:\/\/dutchhealthstore.com\/fr\/#organization"},"potentialAction":[{"@type":"SearchAction","target":{"@type":"EntryPoint","urlTemplate":"https:\/\/dutchhealthstore.com\/fr\/?s={search_term_string}"},"query-input":{"@type":"PropertyValueSpecification","valueRequired":true,"valueName":"search_term_string"}}],"inLanguage":"fr-FR"},{"@type":"Organization","@id":"https:\/\/dutchhealthstore.com\/fr\/#organization","name":"Dutch Health Store","url":"https:\/\/dutchhealthstore.com\/fr\/","logo":{"@type":"ImageObject","inLanguage":"fr-FR","@id":"https:\/\/dutchhealthstore.com\/fr\/#\/schema\/logo\/image\/","url":"https:\/\/dutchhealthstore.com\/wp-content\/uploads\/2020\/08\/logo-dutchhealthstore-jpg-e1599484957574.jpg","contentUrl":"https:\/\/dutchhealthstore.com\/wp-content\/uploads\/2020\/08\/logo-dutchhealthstore-jpg-e1599484957574.jpg","width":400,"height":62,"caption":"Dutch Health Store"},"image":{"@id":"https:\/\/dutchhealthstore.com\/fr\/#\/schema\/logo\/image\/"},"sameAs":["https:\/\/www.instagram.com\/dutchhealthstore\/","https:\/\/www.facebook.com\/dutchhealthstore"]}]},"product_brand":"Global Healing","product_price_amount":"34.95","product_price_currency":"EUR","og_availability":"instock","product_availability":"instock","product_condition":"new"},"_links":{"self":[{"href":"https:\/\/dutchhealthstore.com\/fr\/wp-json\/wp\/v2\/product\/260185","targetHints":{"allow":["GET"]}}],"collection":[{"href":"https:\/\/dutchhealthstore.com\/fr\/wp-json\/wp\/v2\/product"}],"about":[{"href":"https:\/\/dutchhealthstore.com\/fr\/wp-json\/wp\/v2\/types\/product"}],"replies":[{"embeddable":true,"href":"https:\/\/dutchhealthstore.com\/fr\/wp-json\/wp\/v2\/comments?post=260185"}],"wp:featuredmedia":[{"embeddable":true,"href":"https:\/\/dutchhealthstore.com\/fr\/wp-json\/wp\/v2\/media\/259941"}],"wp:attachment":[{"href":"https:\/\/dutchhealthstore.com\/fr\/wp-json\/wp\/v2\/media?parent=260185"}],"wp:term":[{"taxonomy":"product_brand","embeddable":true,"href":"https:\/\/dutchhealthstore.com\/fr\/wp-json\/wp\/v2\/product_brand?post=260185"},{"taxonomy":"product_cat","embeddable":true,"href":"https:\/\/dutchhealthstore.com\/fr\/wp-json\/wp\/v2\/product_cat?post=260185"},{"taxonomy":"product_tag","embeddable":true,"href":"https:\/\/dutchhealthstore.com\/fr\/wp-json\/wp\/v2\/product_tag?post=260185"}],"curies":[{"name":"wp","href":"https:\/\/api.w.org\/{rel}","templated":true}]}}