{"id":260182,"date":"2023-10-03T12:45:59","date_gmt":"2023-10-03T10:45:59","guid":{"rendered":"https:\/\/dutchhealthstore.com\/product\/plant-based-vitamin-d3\/"},"modified":"2025-04-29T09:36:23","modified_gmt":"2025-04-29T07:36:23","slug":"plant-based-vitamin-d3","status":"publish","type":"product","link":"https:\/\/dutchhealthstore.com\/fr\/product\/plant-based-vitamin-d3\/","title":{"rendered":"Plant-Based Vitamin D3"},"content":{"rendered":"<p>Les lichens sont des plantes robustes et riches en nutriments dont on extrait de l&rsquo;huile. Selon la Vegan Society, la forme de D3 la mieux adapt\u00e9e aux v\u00e9g\u00e9taliens est celle d\u00e9riv\u00e9e du lichen.<\/p>\n<p><strong>Attention : la dose de 62 mcg (2500 UI) de vitamine D ne convient pas aux enfants jusqu&rsquo;\u00e0 l&rsquo;\u00e2ge de 10 ans inclus.<\/strong><\/p>\n<p>Totalement exempt d&rsquo;allerg\u00e8nes, de levure, de bl\u00e9, de soja, de lait, de sel, de sucre, de conservateurs et de colorants artificiels. Que vous soyez v\u00e9g\u00e9talien, v\u00e9g\u00e9tarien ou que vous pr\u00e9f\u00e9riez simplement le meilleur suppl\u00e9ment de vitamine D3 disponible, Global Healing Plant-Based Vitamin D3 est fait pour vous !<\/p>\n<h3><strong>Taille : 59 ml  <\/strong><\/h3>\n<h3>Comment utiliser<\/h3>\n<p>Prendre 1 portion (1 ML) par jour.<\/p>\n<p>Conserver dans un endroit frais et sec.<\/p>\n<p><strong>Informations compl\u00e9mentaires <\/strong>Malheureusement, en raison de la l\u00e9gislation europ\u00e9enne relative aux all\u00e9gations de sant\u00e9, nous ne sommes pas autoris\u00e9s \u00e0 fournir ici des informations compl\u00e8tes sur l&rsquo;application de ce produit. Nous vous recommandons de consulter l&rsquo;internet et\/ou le site web du fabricant pour obtenir des informations plus d\u00e9taill\u00e9es.<\/p>\n<p><strong>Avertissements<\/strong> Il est important d&rsquo;avoir une alimentation vari\u00e9e et \u00e9quilibr\u00e9e et un mode de vie sain. Un compl\u00e9ment nutritionnel ne remplace pas un r\u00e9gime alimentaire vari\u00e9. Tenir hors de port\u00e9e des jeunes enfants. En cas de grossesse, d&rsquo;allaitement, de maladie ou de prise de m\u00e9dicaments, consultez votre m\u00e9decin, votre pharmacien ou votre prestataire de soins de sant\u00e9 avant toute utilisation. Ne pas d\u00e9passer la dose journali\u00e8re recommand\u00e9e.<\/p>\n<p><strong>Informations sur les allerg\u00e8nes<\/strong> Exempt de gluten et de tests sur les animaux. Ce produit est v\u00e9g\u00e9talien.<\/p>\n<h2>Ingr\u00e9dients naturels \/ biologiques<\/h2>\n<p>Vitamine D (D3 du lichen) Autres ingr\u00e9dients : Glyc\u00e9rine v\u00e9g\u00e9tale, eau structur\u00e9e biophotonique triplement distill\u00e9e, gomme de guar, min\u00e9raux surcharg\u00e9s d&rsquo;Ormus.<\/p>\n\n\t<section class=\"section\" id=\"section_618621801\">\n\t\t<div class=\"section-bg fill\" >\n\t\t\t\t\t\t\t\t\t\n\t\t\t\n\n\t\t<\/div>\n\n\t\t\n\n\t\t<div class=\"section-content relative\">\n\t\t\t\r\n\r\n<div class=\"is-divider divider clearfix\" style=\"max-width:100%;height:5px;background-color:rgb(135, 188, 113);\"><\/div>\r\n<h3><strong>En savoir plus sur Global Healing<\/strong> : Quand la puret\u00e9 rencontre la puissance<\/h3>\r\n\r\n<hr \/>\r\n\r\n<ul>\r\n \t<li><strong><img decoding=\"async\" class=\"alignright wp-image-259518\" src=\"https:\/\/dutchhealthstore.com\/wp-content\/uploads\/2023\/10\/global-healing-color-web.png\" alt=\"global healing dr edward group\" width=\"146\" height=\"146\" srcset=\"https:\/\/dutchhealthstore.com\/wp-content\/uploads\/2023\/10\/global-healing-color-web.png 250w, https:\/\/dutchhealthstore.com\/wp-content\/uploads\/2023\/10\/global-healing-color-web-100x100.png 100w, https:\/\/dutchhealthstore.com\/wp-content\/uploads\/2023\/10\/global-healing-color-web-64x64.png 64w\" sizes=\"(max-width: 146px) 100vw, 146px\" \/>Technologie d'extraction de plantes brutes : <\/strong>Notre processus d'extraction unique pr\u00e9serve les nutriments naturels de la plante sans utiliser de chaleur, d'alcool ou de produits chimiques agressifs.<strong>\r\n<\/strong><\/li>\r\n \t<li><strong>Approvisionnement \u00e9cologique :<\/strong> Tous les ingr\u00e9dients proviennent de petites exploitations biologiques ou de la cueillette sauvage, ce qui garantit que chaque produit est \u00e0 la fois pur et en harmonie avec la nature.<\/li>\r\n \t<li><strong>Processus d'extraction minutieux :<\/strong> Gr\u00e2ce \u00e0 une extraction \u00e0 froid en plusieurs \u00e9tapes, nous combinons les composants actifs de la plante avec de la glyc\u00e9rine v\u00e9g\u00e9tale biologique et de l'eau triplement distill\u00e9e, encapsulant ainsi le pouvoir curatif de la plante.<\/li>\r\n \t<li><strong>Filtration \u00e0 froid avanc\u00e9e<\/strong> : Notre technologie exclusive de filtrage \u00e0 froid garantit que le produit liquide reste pur sans g\u00e9n\u00e9rer de chaleur, pr\u00e9servant ainsi les compos\u00e9s d\u00e9licats des plantes.<\/li>\r\n \t<li><strong>Min\u00e9raux ORMUS surcharg\u00e9s<\/strong> : Lors de la derni\u00e8re \u00e9tape, nous rendons nos extractions liquides encore plus biodisponibles et stables en y ajoutant les min\u00e9raux ORMUS Supercharged Minerals, \u00e9labor\u00e9s selon d'anciennes m\u00e9thodes alchimiques.<\/li>\r\n \t<li><strong>Assurance de la qualit\u00e9 et de la puret\u00e9<\/strong> : Tous les produits sont soumis \u00e0 des tests rigoureux afin de garantir le respect des normes les plus strictes en mati\u00e8re de qualit\u00e9 et de puret\u00e9.<\/li>\r\n<\/ul>\r\n\t\t<\/div>\n\n\t\t\n<style>\n#section_618621801 {\n  padding-top: 30px;\n  padding-bottom: 30px;\n}\n<\/style>\n\t<\/section>\n\t\n","protected":false},"excerpt":{"rendered":"<p>Global Healing Plant-Based Vitamin D3 est un suppl\u00e9ment de vitamine D3 biologique et v\u00e9g\u00e9talien.<\/p>\n","protected":false},"featured_media":301529,"comment_status":"open","ping_status":"closed","template":"","meta":[],"product_brand":[],"product_cat":[10163,10028,6745,6804,6790,6765,8453,6642,8990,18388,12935,6744,10911,10205,6760,8466,1209,1030,6759,6763,8467,8980,1010,8506,6733],"product_tag":[21516,21540,21838],"class_list":{"0":"post-260182","1":"product","2":"type-product","3":"status-publish","4":"has-post-thumbnail","6":"product_cat-brain-mind-fr","7":"product_cat-hair-skin-nails-eyes-fr-2","8":"product_cat-clarity-focus-fr-2","9":"product_cat-women-cycle-fr-2","10":"product_cat-pain-headaches-fr-2","11":"product_cat-energy-vitality-fr-2","12":"product_cat-balance-calm-fr-2","13":"product_cat-family-fr","14":"product_cat-weight-management-fr-2","15":"product_cat-global-healing-fr","16":"product_cat-hormonal-balance-fr","17":"product_cat-mood-fr-2","18":"product_cat-immunity-colds-fr","19":"product_cat-inner-peace-fr","20":"product_cat-sore-muscles-fr-2","21":"product_cat-nutrition-fr","22":"product_cat-par-marques","23":"product_cat-par-produits","24":"product_cat-remedies-fr","25":"product_cat-colds-flu-fr-2","26":"product_cat-health-fr-2","27":"product_cat-optimum-health-fr-2","28":"product_cat-notre-boutique","29":"product_cat-every-day-solutions-fr-2","30":"product_cat-wellness-fr-2","31":"product_tag-sante-optimale","32":"product_tag-supplement-fr","33":"product_tag-vitamines-fr","34":"pa_brand-global-healing-fr","35":"pa_gtin-811839030416-fr","36":"pa_health-productype-brain-mind-fr","37":"pa_health-productype-optimum-health-fr","38":"pa_health-productype-supplements-fr","39":"pa_size-59-ml-2-oz-fr","41":"first","42":"instock","43":"taxable","44":"shipping-taxable","45":"purchasable","46":"product-type-simple"},"bundled_by":[],"bundle_stock_status":"instock","bundle_stock_quantity":1,"bundle_virtual":false,"bundle_layout":"","bundle_add_to_cart_form_location":"","bundle_editable_in_cart":false,"bundle_sold_individually_context":"","bundle_item_grouping":"","bundle_min_size":"","bundle_max_size":"","bundle_price":[],"bundled_items":[],"bundle_sell_ids":[],"atum_controlled":true,"out_stock_date":null,"out_stock_threshold":null,"inheritable":false,"stock_on_hold":0,"sold_today":0,"sales_last_days":0,"out_stock_days":0,"lost_sales":0,"update_date":"2026-04-04T01:45:19","atum_locations":[],"atum_stock_status":"instock","restock_status":false,"low_stock_amount":"","sales_update_date":"2026-04-04T01:45:19","calc_backorders":null,"group_of_quantity":0,"min_quantity":0,"max_quantity":"","exclude_order_quantity_value_rules":"no","exclude_category_quantity_rules":"no","combine_variations":"no","yoast_head":"<!-- This site is optimized with the Yoast SEO Premium plugin v26.5 (Yoast SEO v26.5) - https:\/\/yoast.com\/wordpress\/plugins\/seo\/ -->\n<title>Plant-Based Vitamin D3 - Global Healing<\/title>\n<meta name=\"description\" content=\"Global Healing Plant-Based Vitamin D3 est un suppl\u00e9ment de vitamine D3 biologique et v\u00e9g\u00e9talien.\" \/>\n<meta name=\"robots\" content=\"index, follow, max-snippet:-1, max-image-preview:large, max-video-preview:-1\" \/>\n<link rel=\"canonical\" href=\"https:\/\/dutchhealthstore.com\/fr\/product\/plant-based-vitamin-d3\/\" \/>\n<meta property=\"og:locale\" content=\"fr_FR\" \/>\n<meta property=\"og:type\" content=\"article\" \/>\n<meta property=\"og:title\" content=\"Plant-Based Vitamin D3 - Dutch Health Store\" \/>\n<meta property=\"og:description\" content=\"Global Healing Plant-Based Vitamin D3 est un suppl\u00e9ment de vitamine D3 biologique et v\u00e9g\u00e9talien.\" \/>\n<meta property=\"og:url\" content=\"https:\/\/dutchhealthstore.com\/fr\/product\/plant-based-vitamin-d3\/\" \/>\n<meta property=\"og:site_name\" content=\"Dutch Health Store\" \/>\n<meta property=\"article:publisher\" content=\"https:\/\/www.instagram.com\/dutchhealthstore\/\" \/>\n<meta property=\"article:modified_time\" content=\"2025-04-29T07:36:23+00:00\" \/>\n<meta property=\"og:image\" content=\"https:\/\/dutchhealthstore.com\/wp-content\/uploads\/2023\/10\/globalhealingvitamind3.jpg\" \/>\n\t<meta property=\"og:image:width\" content=\"510\" \/>\n\t<meta property=\"og:image:height\" content=\"510\" \/>\n\t<meta property=\"og:image:type\" content=\"image\/jpeg\" \/>\n<meta name=\"twitter:card\" content=\"summary_large_image\" \/>\n<meta name=\"twitter:label1\" content=\"Prix\" \/>\n\t<meta name=\"twitter:data1\" content=\"&euro;29,95\" \/>\n\t<meta name=\"twitter:label2\" content=\"Disponibilit\u00e9\" \/>\n\t<meta name=\"twitter:data2\" content=\"En stock\" \/>\n<script type=\"application\/ld+json\" class=\"yoast-schema-graph\">{\"@context\":\"https:\/\/schema.org\",\"@graph\":[{\"@type\":\"WebPage\",\"@id\":\"https:\/\/dutchhealthstore.com\/fr\/product\/plant-based-vitamin-d3\/\",\"url\":\"https:\/\/dutchhealthstore.com\/fr\/product\/plant-based-vitamin-d3\/\",\"name\":\"Plant-Based Vitamin D3 - Global Healing\",\"isPartOf\":{\"@id\":\"https:\/\/dutchhealthstore.com\/fr\/#website\"},\"primaryImageOfPage\":{\"@id\":\"https:\/\/dutchhealthstore.com\/fr\/product\/plant-based-vitamin-d3\/#primaryimage\"},\"image\":{\"@id\":\"https:\/\/dutchhealthstore.com\/fr\/product\/plant-based-vitamin-d3\/#primaryimage\"},\"thumbnailUrl\":\"https:\/\/dutchhealthstore.com\/wp-content\/uploads\/2023\/10\/gh-plant-based-vitamin-d3-groen-etiket.jpg\",\"datePublished\":\"2023-10-03T10:45:59+00:00\",\"dateModified\":\"2025-04-29T07:36:23+00:00\",\"description\":\"Global Healing Plant-Based Vitamin D3 est un suppl\u00e9ment de vitamine D3 biologique et v\u00e9g\u00e9talien.\",\"breadcrumb\":{\"@id\":\"https:\/\/dutchhealthstore.com\/fr\/product\/plant-based-vitamin-d3\/#breadcrumb\"},\"inLanguage\":\"fr-FR\",\"potentialAction\":[{\"@type\":\"ReadAction\",\"target\":[\"https:\/\/dutchhealthstore.com\/fr\/product\/plant-based-vitamin-d3\/\"]}]},{\"@type\":\"ImageObject\",\"inLanguage\":\"fr-FR\",\"@id\":\"https:\/\/dutchhealthstore.com\/fr\/product\/plant-based-vitamin-d3\/#primaryimage\",\"url\":\"https:\/\/dutchhealthstore.com\/wp-content\/uploads\/2023\/10\/gh-plant-based-vitamin-d3-groen-etiket.jpg\",\"contentUrl\":\"https:\/\/dutchhealthstore.com\/wp-content\/uploads\/2023\/10\/gh-plant-based-vitamin-d3-groen-etiket.jpg\",\"width\":530,\"height\":530,\"caption\":\"gh-plant-based-vitamin-d3-groen-etiket\"},{\"@type\":\"BreadcrumbList\",\"@id\":\"https:\/\/dutchhealthstore.com\/fr\/product\/plant-based-vitamin-d3\/#breadcrumb\",\"itemListElement\":[{\"@type\":\"ListItem\",\"position\":1,\"name\":\"Home\",\"item\":\"https:\/\/dutchhealthstore.com\/fr\/\"},{\"@type\":\"ListItem\",\"position\":2,\"name\":\"Shop\",\"item\":\"https:\/\/dutchhealthstore.com\/fr\/shop\/\"},{\"@type\":\"ListItem\",\"position\":3,\"name\":\"Plant-Based Vitamin D3\"}]},{\"@type\":\"WebSite\",\"@id\":\"https:\/\/dutchhealthstore.com\/fr\/#website\",\"url\":\"https:\/\/dutchhealthstore.com\/fr\/\",\"name\":\"Dutch Health Store\",\"description\":\"Enhance Your Beauty with Organic &amp; Natural Skincare\",\"publisher\":{\"@id\":\"https:\/\/dutchhealthstore.com\/fr\/#organization\"},\"potentialAction\":[{\"@type\":\"SearchAction\",\"target\":{\"@type\":\"EntryPoint\",\"urlTemplate\":\"https:\/\/dutchhealthstore.com\/fr\/?s={search_term_string}\"},\"query-input\":{\"@type\":\"PropertyValueSpecification\",\"valueRequired\":true,\"valueName\":\"search_term_string\"}}],\"inLanguage\":\"fr-FR\"},{\"@type\":\"Organization\",\"@id\":\"https:\/\/dutchhealthstore.com\/fr\/#organization\",\"name\":\"Dutch Health Store\",\"url\":\"https:\/\/dutchhealthstore.com\/fr\/\",\"logo\":{\"@type\":\"ImageObject\",\"inLanguage\":\"fr-FR\",\"@id\":\"https:\/\/dutchhealthstore.com\/fr\/#\/schema\/logo\/image\/\",\"url\":\"https:\/\/dutchhealthstore.com\/wp-content\/uploads\/2020\/08\/logo-dutchhealthstore-jpg-e1599484957574.jpg\",\"contentUrl\":\"https:\/\/dutchhealthstore.com\/wp-content\/uploads\/2020\/08\/logo-dutchhealthstore-jpg-e1599484957574.jpg\",\"width\":400,\"height\":62,\"caption\":\"Dutch Health Store\"},\"image\":{\"@id\":\"https:\/\/dutchhealthstore.com\/fr\/#\/schema\/logo\/image\/\"},\"sameAs\":[\"https:\/\/www.instagram.com\/dutchhealthstore\/\",\"https:\/\/www.facebook.com\/dutchhealthstore\"]}]}<\/script>\n<meta property=\"product:brand\" content=\"Global Healing\" \/>\n<meta property=\"product:price:amount\" content=\"29.95\" \/>\n<meta property=\"product:price:currency\" content=\"EUR\" \/>\n<meta property=\"og:availability\" content=\"instock\" \/>\n<meta property=\"product:availability\" content=\"instock\" \/>\n<meta property=\"product:condition\" content=\"new\" \/>\n<!-- \/ Yoast SEO Premium plugin. -->","yoast_head_json":{"title":"Plant-Based Vitamin D3 - Global Healing","description":"Global Healing Plant-Based Vitamin D3 est un suppl\u00e9ment de vitamine D3 biologique et v\u00e9g\u00e9talien.","robots":{"index":"index","follow":"follow","max-snippet":"max-snippet:-1","max-image-preview":"max-image-preview:large","max-video-preview":"max-video-preview:-1"},"canonical":"https:\/\/dutchhealthstore.com\/fr\/product\/plant-based-vitamin-d3\/","og_locale":"fr_FR","og_type":"article","og_title":"Plant-Based Vitamin D3 - Dutch Health Store","og_description":"Global Healing Plant-Based Vitamin D3 est un suppl\u00e9ment de vitamine D3 biologique et v\u00e9g\u00e9talien.","og_url":"https:\/\/dutchhealthstore.com\/fr\/product\/plant-based-vitamin-d3\/","og_site_name":"Dutch Health Store","article_publisher":"https:\/\/www.instagram.com\/dutchhealthstore\/","article_modified_time":"2025-04-29T07:36:23+00:00","og_image":[{"width":510,"height":510,"url":"https:\/\/dutchhealthstore.com\/wp-content\/uploads\/2023\/10\/globalhealingvitamind3.jpg","type":"image\/jpeg"}],"twitter_card":"summary_large_image","twitter_misc":{"Prix":"&euro;29,95","Disponibilit\u00e9":"En stock"},"schema":{"@context":"https:\/\/schema.org","@graph":[{"@type":"WebPage","@id":"https:\/\/dutchhealthstore.com\/fr\/product\/plant-based-vitamin-d3\/","url":"https:\/\/dutchhealthstore.com\/fr\/product\/plant-based-vitamin-d3\/","name":"Plant-Based Vitamin D3 - Global Healing","isPartOf":{"@id":"https:\/\/dutchhealthstore.com\/fr\/#website"},"primaryImageOfPage":{"@id":"https:\/\/dutchhealthstore.com\/fr\/product\/plant-based-vitamin-d3\/#primaryimage"},"image":{"@id":"https:\/\/dutchhealthstore.com\/fr\/product\/plant-based-vitamin-d3\/#primaryimage"},"thumbnailUrl":"https:\/\/dutchhealthstore.com\/wp-content\/uploads\/2023\/10\/gh-plant-based-vitamin-d3-groen-etiket.jpg","datePublished":"2023-10-03T10:45:59+00:00","dateModified":"2025-04-29T07:36:23+00:00","description":"Global Healing Plant-Based Vitamin D3 est un suppl\u00e9ment de vitamine D3 biologique et v\u00e9g\u00e9talien.","breadcrumb":{"@id":"https:\/\/dutchhealthstore.com\/fr\/product\/plant-based-vitamin-d3\/#breadcrumb"},"inLanguage":"fr-FR","potentialAction":[{"@type":"ReadAction","target":["https:\/\/dutchhealthstore.com\/fr\/product\/plant-based-vitamin-d3\/"]}]},{"@type":"ImageObject","inLanguage":"fr-FR","@id":"https:\/\/dutchhealthstore.com\/fr\/product\/plant-based-vitamin-d3\/#primaryimage","url":"https:\/\/dutchhealthstore.com\/wp-content\/uploads\/2023\/10\/gh-plant-based-vitamin-d3-groen-etiket.jpg","contentUrl":"https:\/\/dutchhealthstore.com\/wp-content\/uploads\/2023\/10\/gh-plant-based-vitamin-d3-groen-etiket.jpg","width":530,"height":530,"caption":"gh-plant-based-vitamin-d3-groen-etiket"},{"@type":"BreadcrumbList","@id":"https:\/\/dutchhealthstore.com\/fr\/product\/plant-based-vitamin-d3\/#breadcrumb","itemListElement":[{"@type":"ListItem","position":1,"name":"Home","item":"https:\/\/dutchhealthstore.com\/fr\/"},{"@type":"ListItem","position":2,"name":"Shop","item":"https:\/\/dutchhealthstore.com\/fr\/shop\/"},{"@type":"ListItem","position":3,"name":"Plant-Based Vitamin D3"}]},{"@type":"WebSite","@id":"https:\/\/dutchhealthstore.com\/fr\/#website","url":"https:\/\/dutchhealthstore.com\/fr\/","name":"Dutch Health Store","description":"Enhance Your Beauty with Organic &amp; Natural Skincare","publisher":{"@id":"https:\/\/dutchhealthstore.com\/fr\/#organization"},"potentialAction":[{"@type":"SearchAction","target":{"@type":"EntryPoint","urlTemplate":"https:\/\/dutchhealthstore.com\/fr\/?s={search_term_string}"},"query-input":{"@type":"PropertyValueSpecification","valueRequired":true,"valueName":"search_term_string"}}],"inLanguage":"fr-FR"},{"@type":"Organization","@id":"https:\/\/dutchhealthstore.com\/fr\/#organization","name":"Dutch Health Store","url":"https:\/\/dutchhealthstore.com\/fr\/","logo":{"@type":"ImageObject","inLanguage":"fr-FR","@id":"https:\/\/dutchhealthstore.com\/fr\/#\/schema\/logo\/image\/","url":"https:\/\/dutchhealthstore.com\/wp-content\/uploads\/2020\/08\/logo-dutchhealthstore-jpg-e1599484957574.jpg","contentUrl":"https:\/\/dutchhealthstore.com\/wp-content\/uploads\/2020\/08\/logo-dutchhealthstore-jpg-e1599484957574.jpg","width":400,"height":62,"caption":"Dutch Health Store"},"image":{"@id":"https:\/\/dutchhealthstore.com\/fr\/#\/schema\/logo\/image\/"},"sameAs":["https:\/\/www.instagram.com\/dutchhealthstore\/","https:\/\/www.facebook.com\/dutchhealthstore"]}]},"product_brand":"Global Healing","product_price_amount":"29.95","product_price_currency":"EUR","og_availability":"instock","product_availability":"instock","product_condition":"new"},"_links":{"self":[{"href":"https:\/\/dutchhealthstore.com\/fr\/wp-json\/wp\/v2\/product\/260182","targetHints":{"allow":["GET"]}}],"collection":[{"href":"https:\/\/dutchhealthstore.com\/fr\/wp-json\/wp\/v2\/product"}],"about":[{"href":"https:\/\/dutchhealthstore.com\/fr\/wp-json\/wp\/v2\/types\/product"}],"replies":[{"embeddable":true,"href":"https:\/\/dutchhealthstore.com\/fr\/wp-json\/wp\/v2\/comments?post=260182"}],"wp:featuredmedia":[{"embeddable":true,"href":"https:\/\/dutchhealthstore.com\/fr\/wp-json\/wp\/v2\/media\/301529"}],"wp:attachment":[{"href":"https:\/\/dutchhealthstore.com\/fr\/wp-json\/wp\/v2\/media?parent=260182"}],"wp:term":[{"taxonomy":"product_brand","embeddable":true,"href":"https:\/\/dutchhealthstore.com\/fr\/wp-json\/wp\/v2\/product_brand?post=260182"},{"taxonomy":"product_cat","embeddable":true,"href":"https:\/\/dutchhealthstore.com\/fr\/wp-json\/wp\/v2\/product_cat?post=260182"},{"taxonomy":"product_tag","embeddable":true,"href":"https:\/\/dutchhealthstore.com\/fr\/wp-json\/wp\/v2\/product_tag?post=260182"}],"curies":[{"name":"wp","href":"https:\/\/api.w.org\/{rel}","templated":true}]}}