{"id":259993,"date":"2023-10-02T14:05:48","date_gmt":"2023-10-02T12:05:48","guid":{"rendered":"https:\/\/dutchhealthstore.com\/product\/oxy-powder\/"},"modified":"2025-11-12T08:55:16","modified_gmt":"2025-11-12T07:55:16","slug":"oxy-powder","status":"publish","type":"product","link":"https:\/\/dutchhealthstore.com\/fr\/product\/oxy-powder\/","title":{"rendered":"Oxy-Powder"},"content":{"rendered":"<p>L&rsquo;acide citrique et le magn\u00e9sium naturellement ozon\u00e9 sont pr\u00e9sents. Sans risque de d\u00e9pendance, vous pouvez utiliser Oxy-Powder selon vos besoins.<\/p>\n<p>Des capsules v\u00e9g\u00e9tales souples, faciles \u00e0 avaler et \u00e0 dissoudre sont utilis\u00e9es pour fabriquer Oxy-Powder. Ils sont pratiques \u00e0 emporter partout et n&rsquo;ont ni go\u00fbt ni odeur.<\/p>\n<p><strong>Acide citrique<br \/>\n<\/strong>L&rsquo;acide citrique est ajout\u00e9 pour aider le corps \u00e0 rompre les liens entre le magn\u00e9sium et l&rsquo;oxyg\u00e8ne\/ozone afin de lib\u00e9rer davantage d&rsquo;oxyg\u00e8ne et d&rsquo;ozone. L&rsquo;acide citrique est sans OGM et provient du tapioca.<\/p>\n<h3>\u00c0 propos d&rsquo;Oxy-Powder<\/h3>\n<ul>\n<li>D\u00e9sintoxiquez rapidement votre c\u00f4lon pendant que vous dormez. C&rsquo;est si simple que cela ?<\/li>\n<li>R\u00e9duit la sensation de sati\u00e9t\u00e9 tout en favorisant une bonne digestion.<br \/>\nL&rsquo;acide citrique et le magn\u00e9sium oxyg\u00e9n\u00e9 \u00e0 l&rsquo;ozone sont tous deux pr\u00e9sents dans les comprim\u00e9s simples. Des \u00e9tudes cliniques ont d\u00e9montr\u00e9 que les composants d&rsquo;Oxy-Powder sont s\u00fbrs et efficaces.<\/li>\n<li>R\u00e9duction et oxydation des mat\u00e9riaux \u00e0 impact dur. con\u00e7u pour ne pas perturber les bact\u00e9ries naturelles de votre intestin.<\/li>\n<li>Oxy-Powder \u00e9limine en douceur les polluants en utilisant de l&rsquo;oxyg\u00e8ne. ne n\u00e9cessite pas de cong\u00e9 ou de changement d&rsquo;horaire.<\/li>\n<\/ul>\n<h3><strong>Taille : 120 V-caps  <\/strong><\/h3>\n<h3>Comment utiliser<\/h3>\n<p>Buvez beaucoup d&rsquo;eau pendant l&rsquo;utilisation d&rsquo;Oxy-Powder.<\/p>\n<p>Commencez par prendre 2 g\u00e9lules avec une boisson de 8 oz. verre d&rsquo;eau purifi\u00e9e ou distill\u00e9e \u00e0 jeun avant de se coucher. Si vous n&rsquo;obtenez pas 3 \u00e0 5 selles le jour suivant, augmentez votre portion de 2 g\u00e9lules chaque soir jusqu&rsquo;\u00e0 ce que vous obteniez 3 \u00e0 5 selles. Continuez cette quantit\u00e9 pendant 7 jours cons\u00e9cutifs.<\/p>\n<p><strong>Tip: <\/strong> le jus d&rsquo;un demi-citron peut \u00eatre ajout\u00e9 \u00e0 l&rsquo;eau pendant la prise des g\u00e9lules.<\/p>\n<p><strong>Conseils <\/strong> : Ne remplacez pas votre alimentation quotidienne par un compl\u00e9ment alimentaire. Ce produit n&rsquo;est pas un m\u00e9dicament. Ne pas d\u00e9passer la quantit\u00e9 recommand\u00e9e. Conserver herm\u00e9tiquement ferm\u00e9, hors de port\u00e9e des enfants, dans un endroit frais et sec et \u00e0 l&rsquo;abri de la lumi\u00e8re directe du soleil.<\/p>\n<h2><strong>Ingr\u00e9dients naturels \/ biologiques<\/strong><\/h2>\n<p>Magn\u00e9sium \u00e9l\u00e9mentaire, acide citrique naturel, gomme d&rsquo;acacia, g\u00e9lules certifi\u00e9es casher.<\/p>\n<p><strong>Informations sur les allerg\u00e8nes <\/strong><\/p>\n<p>Sans gluten. Ce produit est v\u00e9g\u00e9talien.<\/p>\n\n\t<section class=\"section\" id=\"section_970155870\">\n\t\t<div class=\"section-bg fill\" >\n\t\t\t\t\t\t\t\t\t\n\t\t\t\n\n\t\t<\/div>\n\n\t\t\n\n\t\t<div class=\"section-content relative\">\n\t\t\t\r\n\r\n<div class=\"is-divider divider clearfix\" style=\"max-width:100%;height:5px;background-color:rgb(135, 188, 113);\"><\/div>\r\n<h3><strong>En savoir plus sur Global Healing<\/strong> : Quand la puret\u00e9 rencontre la puissance<\/h3>\r\n\r\n<hr \/>\r\n\r\n<ul>\r\n \t<li><strong><img decoding=\"async\" class=\"alignright wp-image-259518\" src=\"https:\/\/dutchhealthstore.com\/wp-content\/uploads\/2023\/10\/global-healing-color-web.png\" alt=\"global healing dr edward group\" width=\"146\" height=\"146\" srcset=\"https:\/\/dutchhealthstore.com\/wp-content\/uploads\/2023\/10\/global-healing-color-web.png 250w, https:\/\/dutchhealthstore.com\/wp-content\/uploads\/2023\/10\/global-healing-color-web-100x100.png 100w, https:\/\/dutchhealthstore.com\/wp-content\/uploads\/2023\/10\/global-healing-color-web-64x64.png 64w\" sizes=\"(max-width: 146px) 100vw, 146px\" \/>Technologie d'extraction de plantes brutes : <\/strong>Notre processus d'extraction unique pr\u00e9serve les nutriments naturels de la plante sans utiliser de chaleur, d'alcool ou de produits chimiques agressifs.<strong>\r\n<\/strong><\/li>\r\n \t<li><strong>Approvisionnement \u00e9cologique :<\/strong> Tous les ingr\u00e9dients proviennent de petites exploitations biologiques ou de la cueillette sauvage, ce qui garantit que chaque produit est \u00e0 la fois pur et en harmonie avec la nature.<\/li>\r\n \t<li><strong>Processus d'extraction minutieux :<\/strong> Gr\u00e2ce \u00e0 une extraction \u00e0 froid en plusieurs \u00e9tapes, nous combinons les composants actifs de la plante avec de la glyc\u00e9rine v\u00e9g\u00e9tale biologique et de l'eau triplement distill\u00e9e, encapsulant ainsi le pouvoir curatif de la plante.<\/li>\r\n \t<li><strong>Filtration \u00e0 froid avanc\u00e9e<\/strong> : Notre technologie exclusive de filtrage \u00e0 froid garantit que le produit liquide reste pur sans g\u00e9n\u00e9rer de chaleur, pr\u00e9servant ainsi les compos\u00e9s d\u00e9licats des plantes.<\/li>\r\n \t<li><strong>Min\u00e9raux ORMUS surcharg\u00e9s<\/strong> : Lors de la derni\u00e8re \u00e9tape, nous rendons nos extractions liquides encore plus biodisponibles et stables en y ajoutant les min\u00e9raux ORMUS Supercharged Minerals, \u00e9labor\u00e9s selon d'anciennes m\u00e9thodes alchimiques.<\/li>\r\n \t<li><strong>Assurance de la qualit\u00e9 et de la puret\u00e9<\/strong> : Tous les produits sont soumis \u00e0 des tests rigoureux afin de garantir le respect des normes les plus strictes en mati\u00e8re de qualit\u00e9 et de puret\u00e9.<\/li>\r\n<\/ul>\r\n\t\t<\/div>\n\n\t\t\n<style>\n#section_970155870 {\n  padding-top: 30px;\n  padding-bottom: 30px;\n}\n<\/style>\n\t<\/section>\n\t\n","protected":false},"excerpt":{"rendered":"<p>Depuis plus de 20 ans, des personnes du monde entier appr\u00e9cient Oxy-Powder.<\/p>\n","protected":false},"featured_media":283738,"comment_status":"open","ping_status":"closed","template":"","meta":[],"product_brand":[],"product_cat":[8468,8991,18388,8466,1209,1030,8467,1010,6733],"product_tag":[9634,21517,21540],"class_list":{"0":"post-259993","1":"product","2":"type-product","3":"status-publish","4":"has-post-thumbnail","6":"product_cat-detox-cleanse-fr-2","7":"product_cat-digestion-gut-health-fr-2","8":"product_cat-global-healing-fr","9":"product_cat-nutrition-fr","10":"product_cat-par-marques","11":"product_cat-par-produits","12":"product_cat-health-fr-2","13":"product_cat-notre-boutique","14":"product_cat-wellness-fr-2","15":"product_tag-detox-fr","16":"product_tag-digestion-fr","17":"product_tag-supplement-fr","18":"pa_brand-global-healing-fr","19":"pa_gtin-811839030256-fr","20":"pa_health-productype-digestion-gut-health-fr","21":"pa_health-productype-optimum-health-fr","22":"pa_health-productype-supplements-fr","23":"pa_size-120-capsules-fr","24":"pa_size-60-capsules-fr","26":"first","27":"outofstock","28":"taxable","29":"shipping-taxable","30":"purchasable","31":"product-type-variable"},"bundled_by":[],"bundle_stock_status":"outofstock","bundle_stock_quantity":null,"bundle_virtual":false,"bundle_layout":"","bundle_add_to_cart_form_location":"","bundle_editable_in_cart":false,"bundle_sold_individually_context":"","bundle_item_grouping":"","bundle_min_size":"","bundle_max_size":"","bundle_price":[],"bundled_items":[],"bundle_sell_ids":[],"atum_controlled":true,"out_stock_date":null,"out_stock_threshold":null,"inheritable":true,"stock_on_hold":2,"sold_today":0,"sales_last_days":0,"out_stock_days":0,"lost_sales":0,"update_date":"2026-05-06T00:18:17","atum_locations":[],"atum_stock_status":"outofstock","restock_status":false,"low_stock_amount":"","sales_update_date":"2026-05-06T00:18:16","calc_backorders":null,"group_of_quantity":0,"min_quantity":0,"max_quantity":"","exclude_order_quantity_value_rules":"no","exclude_category_quantity_rules":"no","combine_variations":"no","yoast_head":"<!-- This site is optimized with the Yoast SEO Premium plugin v26.5 (Yoast SEO v26.5) - https:\/\/yoast.com\/wordpress\/plugins\/seo\/ -->\n<title>Oxy-Powder - Global Healing<\/title>\n<meta name=\"description\" content=\"D\u00e9toxifiez votre c\u00f4lon sans effort avec Oxy-Powder, m\u00eame pendant que vous dormez ! Formul\u00e9 avec des ingr\u00e9dients s\u00fbrs et cliniquement prouv\u00e9s, comme le magn\u00e9sium oxyg\u00e9n\u00e9 \u00e0 l&#039;ozone, ce compl\u00e9ment favorise une digestion saine sans perturber votre routine quotidienne.\" \/>\n<meta name=\"robots\" content=\"index, follow, max-snippet:-1, max-image-preview:large, max-video-preview:-1\" \/>\n<link rel=\"canonical\" href=\"https:\/\/dutchhealthstore.com\/fr\/product\/oxy-powder\/\" \/>\n<meta property=\"og:locale\" content=\"fr_FR\" \/>\n<meta property=\"og:type\" content=\"article\" \/>\n<meta property=\"og:title\" content=\"Oxy-Powder - Dutch Health Store\" \/>\n<meta property=\"og:description\" content=\"D\u00e9toxifiez votre c\u00f4lon sans effort avec Oxy-Powder, m\u00eame pendant que vous dormez ! Formul\u00e9 avec des ingr\u00e9dients s\u00fbrs et cliniquement prouv\u00e9s, comme le magn\u00e9sium oxyg\u00e9n\u00e9 \u00e0 l&#039;ozone, ce compl\u00e9ment favorise une digestion saine sans perturber votre routine quotidienne.\" \/>\n<meta property=\"og:url\" content=\"https:\/\/dutchhealthstore.com\/fr\/product\/oxy-powder\/\" \/>\n<meta property=\"og:site_name\" content=\"Dutch Health Store\" \/>\n<meta property=\"article:publisher\" content=\"https:\/\/www.instagram.com\/dutchhealthstore\/\" \/>\n<meta property=\"article:modified_time\" content=\"2025-11-12T07:55:16+00:00\" \/>\n<meta property=\"og:image\" content=\"https:\/\/dutchhealthstore.com\/wp-content\/uploads\/2023\/10\/global-healing-oxy-powder-new.jpg\" \/>\n\t<meta property=\"og:image:width\" content=\"526\" \/>\n\t<meta property=\"og:image:height\" content=\"526\" \/>\n\t<meta property=\"og:image:type\" content=\"image\/jpeg\" \/>\n<meta name=\"twitter:card\" content=\"summary_large_image\" \/>\n<meta name=\"twitter:label1\" content=\"Disponibilit\u00e9\" \/>\n\t<meta name=\"twitter:data1\" content=\"Rupture de stock\" \/>\n<script type=\"application\/ld+json\" class=\"yoast-schema-graph\">{\"@context\":\"https:\/\/schema.org\",\"@graph\":[{\"@type\":\"WebPage\",\"@id\":\"https:\/\/dutchhealthstore.com\/fr\/product\/oxy-powder\/\",\"url\":\"https:\/\/dutchhealthstore.com\/fr\/product\/oxy-powder\/\",\"name\":\"Oxy-Powder - Global Healing\",\"isPartOf\":{\"@id\":\"https:\/\/dutchhealthstore.com\/fr\/#website\"},\"primaryImageOfPage\":{\"@id\":\"https:\/\/dutchhealthstore.com\/fr\/product\/oxy-powder\/#primaryimage\"},\"image\":{\"@id\":\"https:\/\/dutchhealthstore.com\/fr\/product\/oxy-powder\/#primaryimage\"},\"thumbnailUrl\":\"https:\/\/dutchhealthstore.com\/wp-content\/uploads\/2023\/10\/global-healing-oxy-powder-new.jpg\",\"datePublished\":\"2023-10-02T12:05:48+00:00\",\"dateModified\":\"2025-11-12T07:55:16+00:00\",\"description\":\"D\u00e9toxifiez votre c\u00f4lon sans effort avec Oxy-Powder, m\u00eame pendant que vous dormez ! Formul\u00e9 avec des ingr\u00e9dients s\u00fbrs et cliniquement prouv\u00e9s, comme le magn\u00e9sium oxyg\u00e9n\u00e9 \u00e0 l'ozone, ce compl\u00e9ment favorise une digestion saine sans perturber votre routine quotidienne.\",\"breadcrumb\":{\"@id\":\"https:\/\/dutchhealthstore.com\/fr\/product\/oxy-powder\/#breadcrumb\"},\"inLanguage\":\"fr-FR\",\"potentialAction\":[{\"@type\":\"ReadAction\",\"target\":[\"https:\/\/dutchhealthstore.com\/fr\/product\/oxy-powder\/\"]}]},{\"@type\":\"ImageObject\",\"inLanguage\":\"fr-FR\",\"@id\":\"https:\/\/dutchhealthstore.com\/fr\/product\/oxy-powder\/#primaryimage\",\"url\":\"https:\/\/dutchhealthstore.com\/wp-content\/uploads\/2023\/10\/global-healing-oxy-powder-new.jpg\",\"contentUrl\":\"https:\/\/dutchhealthstore.com\/wp-content\/uploads\/2023\/10\/global-healing-oxy-powder-new.jpg\",\"width\":526,\"height\":526,\"caption\":\"global-healing-oxy-powder-new\"},{\"@type\":\"BreadcrumbList\",\"@id\":\"https:\/\/dutchhealthstore.com\/fr\/product\/oxy-powder\/#breadcrumb\",\"itemListElement\":[{\"@type\":\"ListItem\",\"position\":1,\"name\":\"Home\",\"item\":\"https:\/\/dutchhealthstore.com\/fr\/\"},{\"@type\":\"ListItem\",\"position\":2,\"name\":\"Shop\",\"item\":\"https:\/\/dutchhealthstore.com\/fr\/shop\/\"},{\"@type\":\"ListItem\",\"position\":3,\"name\":\"Oxy-Powder\"}]},{\"@type\":\"WebSite\",\"@id\":\"https:\/\/dutchhealthstore.com\/fr\/#website\",\"url\":\"https:\/\/dutchhealthstore.com\/fr\/\",\"name\":\"Dutch Health Store\",\"description\":\"Enhance Your Beauty with Organic &amp; Natural Skincare\",\"publisher\":{\"@id\":\"https:\/\/dutchhealthstore.com\/fr\/#organization\"},\"potentialAction\":[{\"@type\":\"SearchAction\",\"target\":{\"@type\":\"EntryPoint\",\"urlTemplate\":\"https:\/\/dutchhealthstore.com\/fr\/?s={search_term_string}\"},\"query-input\":{\"@type\":\"PropertyValueSpecification\",\"valueRequired\":true,\"valueName\":\"search_term_string\"}}],\"inLanguage\":\"fr-FR\"},{\"@type\":\"Organization\",\"@id\":\"https:\/\/dutchhealthstore.com\/fr\/#organization\",\"name\":\"Dutch Health Store\",\"url\":\"https:\/\/dutchhealthstore.com\/fr\/\",\"logo\":{\"@type\":\"ImageObject\",\"inLanguage\":\"fr-FR\",\"@id\":\"https:\/\/dutchhealthstore.com\/fr\/#\/schema\/logo\/image\/\",\"url\":\"https:\/\/dutchhealthstore.com\/wp-content\/uploads\/2020\/08\/logo-dutchhealthstore-jpg-e1599484957574.jpg\",\"contentUrl\":\"https:\/\/dutchhealthstore.com\/wp-content\/uploads\/2020\/08\/logo-dutchhealthstore-jpg-e1599484957574.jpg\",\"width\":400,\"height\":62,\"caption\":\"Dutch Health Store\"},\"image\":{\"@id\":\"https:\/\/dutchhealthstore.com\/fr\/#\/schema\/logo\/image\/\"},\"sameAs\":[\"https:\/\/www.instagram.com\/dutchhealthstore\/\",\"https:\/\/www.facebook.com\/dutchhealthstore\"]}]}<\/script>\n<meta property=\"product:brand\" content=\"Global Healing\" \/>\n<meta property=\"og:availability\" content=\"out of stock\" \/>\n<meta property=\"product:availability\" content=\"out of stock\" \/>\n<meta property=\"product:condition\" content=\"new\" \/>\n<!-- \/ Yoast SEO Premium plugin. -->","yoast_head_json":{"title":"Oxy-Powder - Global Healing","description":"D\u00e9toxifiez votre c\u00f4lon sans effort avec Oxy-Powder, m\u00eame pendant que vous dormez ! Formul\u00e9 avec des ingr\u00e9dients s\u00fbrs et cliniquement prouv\u00e9s, comme le magn\u00e9sium oxyg\u00e9n\u00e9 \u00e0 l'ozone, ce compl\u00e9ment favorise une digestion saine sans perturber votre routine quotidienne.","robots":{"index":"index","follow":"follow","max-snippet":"max-snippet:-1","max-image-preview":"max-image-preview:large","max-video-preview":"max-video-preview:-1"},"canonical":"https:\/\/dutchhealthstore.com\/fr\/product\/oxy-powder\/","og_locale":"fr_FR","og_type":"article","og_title":"Oxy-Powder - Dutch Health Store","og_description":"D\u00e9toxifiez votre c\u00f4lon sans effort avec Oxy-Powder, m\u00eame pendant que vous dormez ! Formul\u00e9 avec des ingr\u00e9dients s\u00fbrs et cliniquement prouv\u00e9s, comme le magn\u00e9sium oxyg\u00e9n\u00e9 \u00e0 l'ozone, ce compl\u00e9ment favorise une digestion saine sans perturber votre routine quotidienne.","og_url":"https:\/\/dutchhealthstore.com\/fr\/product\/oxy-powder\/","og_site_name":"Dutch Health Store","article_publisher":"https:\/\/www.instagram.com\/dutchhealthstore\/","article_modified_time":"2025-11-12T07:55:16+00:00","og_image":[{"width":526,"height":526,"url":"https:\/\/dutchhealthstore.com\/wp-content\/uploads\/2023\/10\/global-healing-oxy-powder-new.jpg","type":"image\/jpeg"}],"twitter_card":"summary_large_image","twitter_misc":{"Disponibilit\u00e9":"Rupture de stock"},"schema":{"@context":"https:\/\/schema.org","@graph":[{"@type":"WebPage","@id":"https:\/\/dutchhealthstore.com\/fr\/product\/oxy-powder\/","url":"https:\/\/dutchhealthstore.com\/fr\/product\/oxy-powder\/","name":"Oxy-Powder - Global Healing","isPartOf":{"@id":"https:\/\/dutchhealthstore.com\/fr\/#website"},"primaryImageOfPage":{"@id":"https:\/\/dutchhealthstore.com\/fr\/product\/oxy-powder\/#primaryimage"},"image":{"@id":"https:\/\/dutchhealthstore.com\/fr\/product\/oxy-powder\/#primaryimage"},"thumbnailUrl":"https:\/\/dutchhealthstore.com\/wp-content\/uploads\/2023\/10\/global-healing-oxy-powder-new.jpg","datePublished":"2023-10-02T12:05:48+00:00","dateModified":"2025-11-12T07:55:16+00:00","description":"D\u00e9toxifiez votre c\u00f4lon sans effort avec Oxy-Powder, m\u00eame pendant que vous dormez ! Formul\u00e9 avec des ingr\u00e9dients s\u00fbrs et cliniquement prouv\u00e9s, comme le magn\u00e9sium oxyg\u00e9n\u00e9 \u00e0 l'ozone, ce compl\u00e9ment favorise une digestion saine sans perturber votre routine quotidienne.","breadcrumb":{"@id":"https:\/\/dutchhealthstore.com\/fr\/product\/oxy-powder\/#breadcrumb"},"inLanguage":"fr-FR","potentialAction":[{"@type":"ReadAction","target":["https:\/\/dutchhealthstore.com\/fr\/product\/oxy-powder\/"]}]},{"@type":"ImageObject","inLanguage":"fr-FR","@id":"https:\/\/dutchhealthstore.com\/fr\/product\/oxy-powder\/#primaryimage","url":"https:\/\/dutchhealthstore.com\/wp-content\/uploads\/2023\/10\/global-healing-oxy-powder-new.jpg","contentUrl":"https:\/\/dutchhealthstore.com\/wp-content\/uploads\/2023\/10\/global-healing-oxy-powder-new.jpg","width":526,"height":526,"caption":"global-healing-oxy-powder-new"},{"@type":"BreadcrumbList","@id":"https:\/\/dutchhealthstore.com\/fr\/product\/oxy-powder\/#breadcrumb","itemListElement":[{"@type":"ListItem","position":1,"name":"Home","item":"https:\/\/dutchhealthstore.com\/fr\/"},{"@type":"ListItem","position":2,"name":"Shop","item":"https:\/\/dutchhealthstore.com\/fr\/shop\/"},{"@type":"ListItem","position":3,"name":"Oxy-Powder"}]},{"@type":"WebSite","@id":"https:\/\/dutchhealthstore.com\/fr\/#website","url":"https:\/\/dutchhealthstore.com\/fr\/","name":"Dutch Health Store","description":"Enhance Your Beauty with Organic &amp; Natural Skincare","publisher":{"@id":"https:\/\/dutchhealthstore.com\/fr\/#organization"},"potentialAction":[{"@type":"SearchAction","target":{"@type":"EntryPoint","urlTemplate":"https:\/\/dutchhealthstore.com\/fr\/?s={search_term_string}"},"query-input":{"@type":"PropertyValueSpecification","valueRequired":true,"valueName":"search_term_string"}}],"inLanguage":"fr-FR"},{"@type":"Organization","@id":"https:\/\/dutchhealthstore.com\/fr\/#organization","name":"Dutch Health Store","url":"https:\/\/dutchhealthstore.com\/fr\/","logo":{"@type":"ImageObject","inLanguage":"fr-FR","@id":"https:\/\/dutchhealthstore.com\/fr\/#\/schema\/logo\/image\/","url":"https:\/\/dutchhealthstore.com\/wp-content\/uploads\/2020\/08\/logo-dutchhealthstore-jpg-e1599484957574.jpg","contentUrl":"https:\/\/dutchhealthstore.com\/wp-content\/uploads\/2020\/08\/logo-dutchhealthstore-jpg-e1599484957574.jpg","width":400,"height":62,"caption":"Dutch Health Store"},"image":{"@id":"https:\/\/dutchhealthstore.com\/fr\/#\/schema\/logo\/image\/"},"sameAs":["https:\/\/www.instagram.com\/dutchhealthstore\/","https:\/\/www.facebook.com\/dutchhealthstore"]}]},"product_brand":"Global Healing","og_availability":"out of stock","product_availability":"out of stock","product_condition":"new"},"_links":{"self":[{"href":"https:\/\/dutchhealthstore.com\/fr\/wp-json\/wp\/v2\/product\/259993","targetHints":{"allow":["GET"]}}],"collection":[{"href":"https:\/\/dutchhealthstore.com\/fr\/wp-json\/wp\/v2\/product"}],"about":[{"href":"https:\/\/dutchhealthstore.com\/fr\/wp-json\/wp\/v2\/types\/product"}],"replies":[{"embeddable":true,"href":"https:\/\/dutchhealthstore.com\/fr\/wp-json\/wp\/v2\/comments?post=259993"}],"wp:featuredmedia":[{"embeddable":true,"href":"https:\/\/dutchhealthstore.com\/fr\/wp-json\/wp\/v2\/media\/283738"}],"wp:attachment":[{"href":"https:\/\/dutchhealthstore.com\/fr\/wp-json\/wp\/v2\/media?parent=259993"}],"wp:term":[{"taxonomy":"product_brand","embeddable":true,"href":"https:\/\/dutchhealthstore.com\/fr\/wp-json\/wp\/v2\/product_brand?post=259993"},{"taxonomy":"product_cat","embeddable":true,"href":"https:\/\/dutchhealthstore.com\/fr\/wp-json\/wp\/v2\/product_cat?post=259993"},{"taxonomy":"product_tag","embeddable":true,"href":"https:\/\/dutchhealthstore.com\/fr\/wp-json\/wp\/v2\/product_tag?post=259993"}],"curies":[{"name":"wp","href":"https:\/\/api.w.org\/{rel}","templated":true}]}}