{"id":245721,"date":"2023-05-25T13:21:16","date_gmt":"2023-05-25T11:21:16","guid":{"rendered":"https:\/\/dutchhealthstore.com\/product\/full-spectrum-turkey-tail-mushroom-extract-powder\/"},"modified":"2026-02-24T11:05:14","modified_gmt":"2026-02-24T10:05:14","slug":"full-spectrum-turkey-tail-mushroom-extract-powder","status":"publish","type":"product","link":"https:\/\/dutchhealthstore.com\/fr\/product\/full-spectrum-turkey-tail-mushroom-extract-powder\/","title":{"rendered":"Full Spectrum Turkey Tail Mushroom Extract Powder"},"content":{"rendered":"<h3 class=\"product-title\"><strong>Wild Harvested<\/strong><\/h3>\n<p>Chaque poudre est minutieusement test\u00e9e pour d\u00e9tecter les m\u00e9taux lourds, les pesticides et autres contaminants. Un certificat d&rsquo;analyse est disponible sur demande pour chaque extrait de plantes. Ils sont livr\u00e9s dans des r\u00e9cipients en verre fonc\u00e9 et sont totalement exempts d&rsquo;additifs et d&rsquo;agents de remplissage, d&rsquo;ingr\u00e9dients synth\u00e9tiques, de conservateurs, de farines et d&rsquo;autres agents de charge, d&rsquo;OGM, de produits laitiers et de gluten.<\/p>\n<h3><strong>Taille : 80 g  <\/strong><\/h3>\n<ul>\n<li>R\u00e9colte sauvage<\/li>\n<li>Sans additifs ni charges<\/li>\n<li>Sans gluten<\/li>\n<li>Emball\u00e9 dans du verre<\/li>\n<li>Extrait \u00e0 spectre complet<\/li>\n<\/ul>\n<h3>Comment utiliser<\/h3>\n<p>1g (environ \u00bd cuill\u00e8re \u00e0 caf\u00e9 rase) avec de l&rsquo;eau chaude, ou ajout\u00e9 \u00e0 votre th\u00e9 pr\u00e9f\u00e9r\u00e9, votre smoothie ou la boisson de votre choix. Peut \u00e9galement \u00eatre saupoudr\u00e9 sur une salade ou des aliments chauds.<\/p>\n<p>&nbsp;<\/p>\n<h3>Ingr\u00e9dients naturels \/ biologiques<\/h3>\n<p>&nbsp;<\/p>\n<ul>\n<li><span id=\":7q.co\" class=\"tL8wMe EMoHub\" dir=\"ltr\">Extrait \u00e0 spectre complet <\/span> 10:1 <span id=\":7q.co\" class=\"tL8wMe EMoHub\" dir=\"ltr\">de <\/span><em><br \/>\n  <span id=\":7q.co\" dir=\"ltr\">Coriolus versicolor<\/span><br \/>\n<\/em><span id=\":7q.co\" class=\"tL8wMe EMoHub\" dir=\"ltr\"><br \/>\nPoudre d&rsquo;extrait de champignon \u00e0 corps fructif\u00e8re 100 % pure<\/span><\/li>\n<\/ul>\n<p>Sans charges ni conservateurs ajout\u00e9s<br \/>\nProduit provenant des montagnes de Changbai, en Chine.<\/p>\n<p><a href=\"https:\/\/dutchhealthstore.com\/wp-content\/uploads\/2023\/05\/navimountainjingthumb-e1656422601212.jpg\"><img fetchpriority=\"high\" decoding=\"async\" class=\"alignnone size-full wp-image-245621\" src=\"https:\/\/dutchhealthstore.com\/wp-content\/uploads\/2023\/05\/navimountainjingthumb-e1656422601212.jpg\" alt=\"navimountainjingthumb-e1656422601212\" width=\"500\" height=\"215\" srcset=\"https:\/\/dutchhealthstore.com\/wp-content\/uploads\/2023\/05\/navimountainjingthumb-e1656422601212.jpg 500w, https:\/\/dutchhealthstore.com\/wp-content\/uploads\/2023\/05\/navimountainjingthumb-e1656422601212-64x28.jpg 64w\" sizes=\"(max-width: 500px) 100vw, 500px\" \/><\/a><\/p>\n<p>&nbsp;<\/p>\n","protected":false},"excerpt":{"rendered":"<p>Toutes nos poudres d&rsquo;extraits d&rsquo;herbes toniques sont fabriqu\u00e9es selon les normes les plus \u00e9lev\u00e9es en utilisant une technologie de pulv\u00e9risation de pointe, qui permet \u00e0 l&rsquo;extrait liquide d&rsquo;\u00eatre m\u00e9ticuleusement s\u00e9ch\u00e9 en une poudre microfine qui se dissoudra \u00e0 nouveau dans n&rsquo;importe quel liquide ou dans de l&rsquo;eau chaude.<\/p>\n","protected":false},"featured_media":245627,"comment_status":"open","ping_status":"closed","template":"","meta":[],"product_brand":[],"product_cat":[9966,4384,10911,4383,8466,1209,1030,8467,8980,1010,8786,6733],"product_tag":[21516,21788,21515],"class_list":{"0":"post-245721","1":"product","2":"type-product","3":"status-publish","4":"has-post-thumbnail","6":"product_cat-mushrooms-fr-2","7":"product_cat-tonic-herbs-fr-2","8":"product_cat-immunity-colds-fr","9":"product_cat-navi-organics-fr","10":"product_cat-nutrition-fr","11":"product_cat-par-marques","12":"product_cat-par-produits","13":"product_cat-health-fr-2","14":"product_cat-optimum-health-fr-2","15":"product_cat-notre-boutique","16":"product_cat-superfoods-herbals-fr-2","17":"product_cat-wellness-fr-2","18":"product_tag-sante-optimale","19":"product_tag-soutien-immunitaire","20":"product_tag-superfood-fr","21":"pa_brand-naviorganics-fr","22":"pa_gtin-6096412270296-fr","23":"pa_health-productype-optimum-health-fr","24":"pa_health-productype-supplements-fr","25":"pa_size-80-g-fr","27":"first","28":"outofstock","29":"taxable","30":"shipping-taxable","31":"purchasable","32":"product-type-simple"},"bundled_by":[],"bundle_stock_status":"outofstock","bundle_stock_quantity":0,"bundle_virtual":false,"bundle_layout":"","bundle_add_to_cart_form_location":"","bundle_editable_in_cart":false,"bundle_sold_individually_context":"","bundle_item_grouping":"","bundle_min_size":"","bundle_max_size":"","bundle_price":[],"bundled_items":[],"bundle_sell_ids":[],"atum_controlled":true,"out_stock_date":"2026-03-10 18:40:54","out_stock_threshold":null,"inheritable":false,"stock_on_hold":0,"sold_today":0,"sales_last_days":0,"out_stock_days":45,"lost_sales":0,"update_date":"2026-05-01T08:58:36","atum_locations":[],"atum_stock_status":"outofstock","restock_status":false,"low_stock_amount":"","sales_update_date":"2026-05-01T08:58:36","calc_backorders":null,"group_of_quantity":0,"min_quantity":0,"max_quantity":"","exclude_order_quantity_value_rules":"no","exclude_category_quantity_rules":"no","combine_variations":"no","yoast_head":"<!-- This site is optimized with the Yoast SEO Premium plugin v26.5 (Yoast SEO v26.5) - https:\/\/yoast.com\/wordpress\/plugins\/seo\/ -->\n<title>Full Spectrum Turkey Tail Mushroom Extract Powder - Na&#039;vi Organics<\/title>\n<meta name=\"description\" content=\"Toutes nos poudres d&#039;extraits d&#039;herbes toniques sont fabriqu\u00e9es selon les normes les plus \u00e9lev\u00e9es en utilisant une technologie de pulv\u00e9risation de pointe, qui permet \u00e0 l&#039;extrait liquide d&#039;\u00eatre m\u00e9ticuleusement s\u00e9ch\u00e9 en une poudre microfine qui se dissoudra \u00e0 nouveau dans n&#039;importe quel liquide ou dans de l&#039;eau chaude.\" \/>\n<meta name=\"robots\" content=\"index, follow, max-snippet:-1, max-image-preview:large, max-video-preview:-1\" \/>\n<link rel=\"canonical\" href=\"https:\/\/dutchhealthstore.com\/fr\/product\/full-spectrum-turkey-tail-mushroom-extract-powder\/\" \/>\n<meta property=\"og:locale\" content=\"fr_FR\" \/>\n<meta property=\"og:type\" content=\"article\" \/>\n<meta property=\"og:title\" content=\"Full Spectrum Turkey Tail Mushroom Extract Powder - Dutch Health Store\" \/>\n<meta property=\"og:description\" content=\"Toutes nos poudres d&#039;extraits d&#039;herbes toniques sont fabriqu\u00e9es selon les normes les plus \u00e9lev\u00e9es en utilisant une technologie de pulv\u00e9risation de pointe, qui permet \u00e0 l&#039;extrait liquide d&#039;\u00eatre m\u00e9ticuleusement s\u00e9ch\u00e9 en une poudre microfine qui se dissoudra \u00e0 nouveau dans n&#039;importe quel liquide ou dans de l&#039;eau chaude.\" \/>\n<meta property=\"og:url\" content=\"https:\/\/dutchhealthstore.com\/fr\/product\/full-spectrum-turkey-tail-mushroom-extract-powder\/\" \/>\n<meta property=\"og:site_name\" content=\"Dutch Health Store\" \/>\n<meta property=\"article:publisher\" content=\"https:\/\/www.instagram.com\/dutchhealthstore\/\" \/>\n<meta property=\"article:modified_time\" content=\"2026-02-24T10:05:14+00:00\" \/>\n<meta property=\"og:image\" content=\"https:\/\/dutchhealthstore.com\/wp-content\/uploads\/2023\/05\/naviturkeytailmushroom.jpg\" \/>\n\t<meta property=\"og:image:width\" content=\"510\" \/>\n\t<meta property=\"og:image:height\" content=\"510\" \/>\n\t<meta property=\"og:image:type\" content=\"image\/jpeg\" \/>\n<meta name=\"twitter:card\" content=\"summary_large_image\" \/>\n<meta name=\"twitter:label1\" content=\"Prix\" \/>\n\t<meta name=\"twitter:data1\" content=\"&euro;35,00\" \/>\n\t<meta name=\"twitter:label2\" content=\"Disponibilit\u00e9\" \/>\n\t<meta name=\"twitter:data2\" content=\"Rupture de stock\" \/>\n<script type=\"application\/ld+json\" class=\"yoast-schema-graph\">{\"@context\":\"https:\/\/schema.org\",\"@graph\":[{\"@type\":\"WebPage\",\"@id\":\"https:\/\/dutchhealthstore.com\/fr\/product\/full-spectrum-turkey-tail-mushroom-extract-powder\/\",\"url\":\"https:\/\/dutchhealthstore.com\/fr\/product\/full-spectrum-turkey-tail-mushroom-extract-powder\/\",\"name\":\"Full Spectrum Turkey Tail Mushroom Extract Powder - Na'vi Organics\",\"isPartOf\":{\"@id\":\"https:\/\/dutchhealthstore.com\/fr\/#website\"},\"primaryImageOfPage\":{\"@id\":\"https:\/\/dutchhealthstore.com\/fr\/product\/full-spectrum-turkey-tail-mushroom-extract-powder\/#primaryimage\"},\"image\":{\"@id\":\"https:\/\/dutchhealthstore.com\/fr\/product\/full-spectrum-turkey-tail-mushroom-extract-powder\/#primaryimage\"},\"thumbnailUrl\":\"https:\/\/dutchhealthstore.com\/wp-content\/uploads\/2023\/05\/naviturkeytailmushroom.jpg\",\"datePublished\":\"2023-05-25T11:21:16+00:00\",\"dateModified\":\"2026-02-24T10:05:14+00:00\",\"description\":\"Toutes nos poudres d'extraits d'herbes toniques sont fabriqu\u00e9es selon les normes les plus \u00e9lev\u00e9es en utilisant une technologie de pulv\u00e9risation de pointe, qui permet \u00e0 l'extrait liquide d'\u00eatre m\u00e9ticuleusement s\u00e9ch\u00e9 en une poudre microfine qui se dissoudra \u00e0 nouveau dans n'importe quel liquide ou dans de l'eau chaude.\",\"breadcrumb\":{\"@id\":\"https:\/\/dutchhealthstore.com\/fr\/product\/full-spectrum-turkey-tail-mushroom-extract-powder\/#breadcrumb\"},\"inLanguage\":\"fr-FR\",\"potentialAction\":[{\"@type\":\"ReadAction\",\"target\":[\"https:\/\/dutchhealthstore.com\/fr\/product\/full-spectrum-turkey-tail-mushroom-extract-powder\/\"]}]},{\"@type\":\"ImageObject\",\"inLanguage\":\"fr-FR\",\"@id\":\"https:\/\/dutchhealthstore.com\/fr\/product\/full-spectrum-turkey-tail-mushroom-extract-powder\/#primaryimage\",\"url\":\"https:\/\/dutchhealthstore.com\/wp-content\/uploads\/2023\/05\/naviturkeytailmushroom.jpg\",\"contentUrl\":\"https:\/\/dutchhealthstore.com\/wp-content\/uploads\/2023\/05\/naviturkeytailmushroom.jpg\",\"width\":510,\"height\":510,\"caption\":\"naviturkeytailmushroom\"},{\"@type\":\"BreadcrumbList\",\"@id\":\"https:\/\/dutchhealthstore.com\/fr\/product\/full-spectrum-turkey-tail-mushroom-extract-powder\/#breadcrumb\",\"itemListElement\":[{\"@type\":\"ListItem\",\"position\":1,\"name\":\"Home\",\"item\":\"https:\/\/dutchhealthstore.com\/fr\/\"},{\"@type\":\"ListItem\",\"position\":2,\"name\":\"Shop\",\"item\":\"https:\/\/dutchhealthstore.com\/fr\/shop\/\"},{\"@type\":\"ListItem\",\"position\":3,\"name\":\"Full Spectrum Turkey Tail Mushroom Extract Powder\"}]},{\"@type\":\"WebSite\",\"@id\":\"https:\/\/dutchhealthstore.com\/fr\/#website\",\"url\":\"https:\/\/dutchhealthstore.com\/fr\/\",\"name\":\"Dutch Health Store\",\"description\":\"Enhance Your Beauty with Organic &amp; Natural Skincare\",\"publisher\":{\"@id\":\"https:\/\/dutchhealthstore.com\/fr\/#organization\"},\"potentialAction\":[{\"@type\":\"SearchAction\",\"target\":{\"@type\":\"EntryPoint\",\"urlTemplate\":\"https:\/\/dutchhealthstore.com\/fr\/?s={search_term_string}\"},\"query-input\":{\"@type\":\"PropertyValueSpecification\",\"valueRequired\":true,\"valueName\":\"search_term_string\"}}],\"inLanguage\":\"fr-FR\"},{\"@type\":\"Organization\",\"@id\":\"https:\/\/dutchhealthstore.com\/fr\/#organization\",\"name\":\"Dutch Health Store\",\"url\":\"https:\/\/dutchhealthstore.com\/fr\/\",\"logo\":{\"@type\":\"ImageObject\",\"inLanguage\":\"fr-FR\",\"@id\":\"https:\/\/dutchhealthstore.com\/fr\/#\/schema\/logo\/image\/\",\"url\":\"https:\/\/dutchhealthstore.com\/wp-content\/uploads\/2020\/08\/logo-dutchhealthstore-jpg-e1599484957574.jpg\",\"contentUrl\":\"https:\/\/dutchhealthstore.com\/wp-content\/uploads\/2020\/08\/logo-dutchhealthstore-jpg-e1599484957574.jpg\",\"width\":400,\"height\":62,\"caption\":\"Dutch Health Store\"},\"image\":{\"@id\":\"https:\/\/dutchhealthstore.com\/fr\/#\/schema\/logo\/image\/\"},\"sameAs\":[\"https:\/\/www.instagram.com\/dutchhealthstore\/\",\"https:\/\/www.facebook.com\/dutchhealthstore\"]}]}<\/script>\n<meta property=\"product:brand\" content=\"Na\u00b4Vi Organics\" \/>\n<meta property=\"product:price:amount\" content=\"35.00\" \/>\n<meta property=\"product:price:currency\" content=\"EUR\" \/>\n<meta property=\"og:availability\" content=\"out of stock\" \/>\n<meta property=\"product:availability\" content=\"out of stock\" \/>\n<meta property=\"product:condition\" content=\"new\" \/>\n<!-- \/ Yoast SEO Premium plugin. -->","yoast_head_json":{"title":"Full Spectrum Turkey Tail Mushroom Extract Powder - Na'vi Organics","description":"Toutes nos poudres d'extraits d'herbes toniques sont fabriqu\u00e9es selon les normes les plus \u00e9lev\u00e9es en utilisant une technologie de pulv\u00e9risation de pointe, qui permet \u00e0 l'extrait liquide d'\u00eatre m\u00e9ticuleusement s\u00e9ch\u00e9 en une poudre microfine qui se dissoudra \u00e0 nouveau dans n'importe quel liquide ou dans de l'eau chaude.","robots":{"index":"index","follow":"follow","max-snippet":"max-snippet:-1","max-image-preview":"max-image-preview:large","max-video-preview":"max-video-preview:-1"},"canonical":"https:\/\/dutchhealthstore.com\/fr\/product\/full-spectrum-turkey-tail-mushroom-extract-powder\/","og_locale":"fr_FR","og_type":"article","og_title":"Full Spectrum Turkey Tail Mushroom Extract Powder - Dutch Health Store","og_description":"Toutes nos poudres d'extraits d'herbes toniques sont fabriqu\u00e9es selon les normes les plus \u00e9lev\u00e9es en utilisant une technologie de pulv\u00e9risation de pointe, qui permet \u00e0 l'extrait liquide d'\u00eatre m\u00e9ticuleusement s\u00e9ch\u00e9 en une poudre microfine qui se dissoudra \u00e0 nouveau dans n'importe quel liquide ou dans de l'eau chaude.","og_url":"https:\/\/dutchhealthstore.com\/fr\/product\/full-spectrum-turkey-tail-mushroom-extract-powder\/","og_site_name":"Dutch Health Store","article_publisher":"https:\/\/www.instagram.com\/dutchhealthstore\/","article_modified_time":"2026-02-24T10:05:14+00:00","og_image":[{"width":510,"height":510,"url":"https:\/\/dutchhealthstore.com\/wp-content\/uploads\/2023\/05\/naviturkeytailmushroom.jpg","type":"image\/jpeg"}],"twitter_card":"summary_large_image","twitter_misc":{"Prix":"&euro;35,00","Disponibilit\u00e9":"Rupture de stock"},"schema":{"@context":"https:\/\/schema.org","@graph":[{"@type":"WebPage","@id":"https:\/\/dutchhealthstore.com\/fr\/product\/full-spectrum-turkey-tail-mushroom-extract-powder\/","url":"https:\/\/dutchhealthstore.com\/fr\/product\/full-spectrum-turkey-tail-mushroom-extract-powder\/","name":"Full Spectrum Turkey Tail Mushroom Extract Powder - Na'vi Organics","isPartOf":{"@id":"https:\/\/dutchhealthstore.com\/fr\/#website"},"primaryImageOfPage":{"@id":"https:\/\/dutchhealthstore.com\/fr\/product\/full-spectrum-turkey-tail-mushroom-extract-powder\/#primaryimage"},"image":{"@id":"https:\/\/dutchhealthstore.com\/fr\/product\/full-spectrum-turkey-tail-mushroom-extract-powder\/#primaryimage"},"thumbnailUrl":"https:\/\/dutchhealthstore.com\/wp-content\/uploads\/2023\/05\/naviturkeytailmushroom.jpg","datePublished":"2023-05-25T11:21:16+00:00","dateModified":"2026-02-24T10:05:14+00:00","description":"Toutes nos poudres d'extraits d'herbes toniques sont fabriqu\u00e9es selon les normes les plus \u00e9lev\u00e9es en utilisant une technologie de pulv\u00e9risation de pointe, qui permet \u00e0 l'extrait liquide d'\u00eatre m\u00e9ticuleusement s\u00e9ch\u00e9 en une poudre microfine qui se dissoudra \u00e0 nouveau dans n'importe quel liquide ou dans de l'eau chaude.","breadcrumb":{"@id":"https:\/\/dutchhealthstore.com\/fr\/product\/full-spectrum-turkey-tail-mushroom-extract-powder\/#breadcrumb"},"inLanguage":"fr-FR","potentialAction":[{"@type":"ReadAction","target":["https:\/\/dutchhealthstore.com\/fr\/product\/full-spectrum-turkey-tail-mushroom-extract-powder\/"]}]},{"@type":"ImageObject","inLanguage":"fr-FR","@id":"https:\/\/dutchhealthstore.com\/fr\/product\/full-spectrum-turkey-tail-mushroom-extract-powder\/#primaryimage","url":"https:\/\/dutchhealthstore.com\/wp-content\/uploads\/2023\/05\/naviturkeytailmushroom.jpg","contentUrl":"https:\/\/dutchhealthstore.com\/wp-content\/uploads\/2023\/05\/naviturkeytailmushroom.jpg","width":510,"height":510,"caption":"naviturkeytailmushroom"},{"@type":"BreadcrumbList","@id":"https:\/\/dutchhealthstore.com\/fr\/product\/full-spectrum-turkey-tail-mushroom-extract-powder\/#breadcrumb","itemListElement":[{"@type":"ListItem","position":1,"name":"Home","item":"https:\/\/dutchhealthstore.com\/fr\/"},{"@type":"ListItem","position":2,"name":"Shop","item":"https:\/\/dutchhealthstore.com\/fr\/shop\/"},{"@type":"ListItem","position":3,"name":"Full Spectrum Turkey Tail Mushroom Extract Powder"}]},{"@type":"WebSite","@id":"https:\/\/dutchhealthstore.com\/fr\/#website","url":"https:\/\/dutchhealthstore.com\/fr\/","name":"Dutch Health Store","description":"Enhance Your Beauty with Organic &amp; Natural Skincare","publisher":{"@id":"https:\/\/dutchhealthstore.com\/fr\/#organization"},"potentialAction":[{"@type":"SearchAction","target":{"@type":"EntryPoint","urlTemplate":"https:\/\/dutchhealthstore.com\/fr\/?s={search_term_string}"},"query-input":{"@type":"PropertyValueSpecification","valueRequired":true,"valueName":"search_term_string"}}],"inLanguage":"fr-FR"},{"@type":"Organization","@id":"https:\/\/dutchhealthstore.com\/fr\/#organization","name":"Dutch Health Store","url":"https:\/\/dutchhealthstore.com\/fr\/","logo":{"@type":"ImageObject","inLanguage":"fr-FR","@id":"https:\/\/dutchhealthstore.com\/fr\/#\/schema\/logo\/image\/","url":"https:\/\/dutchhealthstore.com\/wp-content\/uploads\/2020\/08\/logo-dutchhealthstore-jpg-e1599484957574.jpg","contentUrl":"https:\/\/dutchhealthstore.com\/wp-content\/uploads\/2020\/08\/logo-dutchhealthstore-jpg-e1599484957574.jpg","width":400,"height":62,"caption":"Dutch Health Store"},"image":{"@id":"https:\/\/dutchhealthstore.com\/fr\/#\/schema\/logo\/image\/"},"sameAs":["https:\/\/www.instagram.com\/dutchhealthstore\/","https:\/\/www.facebook.com\/dutchhealthstore"]}]},"product_brand":"Na\u00b4Vi Organics","product_price_amount":"35.00","product_price_currency":"EUR","og_availability":"out of stock","product_availability":"out of stock","product_condition":"new"},"_links":{"self":[{"href":"https:\/\/dutchhealthstore.com\/fr\/wp-json\/wp\/v2\/product\/245721","targetHints":{"allow":["GET"]}}],"collection":[{"href":"https:\/\/dutchhealthstore.com\/fr\/wp-json\/wp\/v2\/product"}],"about":[{"href":"https:\/\/dutchhealthstore.com\/fr\/wp-json\/wp\/v2\/types\/product"}],"replies":[{"embeddable":true,"href":"https:\/\/dutchhealthstore.com\/fr\/wp-json\/wp\/v2\/comments?post=245721"}],"wp:featuredmedia":[{"embeddable":true,"href":"https:\/\/dutchhealthstore.com\/fr\/wp-json\/wp\/v2\/media\/245627"}],"wp:attachment":[{"href":"https:\/\/dutchhealthstore.com\/fr\/wp-json\/wp\/v2\/media?parent=245721"}],"wp:term":[{"taxonomy":"product_brand","embeddable":true,"href":"https:\/\/dutchhealthstore.com\/fr\/wp-json\/wp\/v2\/product_brand?post=245721"},{"taxonomy":"product_cat","embeddable":true,"href":"https:\/\/dutchhealthstore.com\/fr\/wp-json\/wp\/v2\/product_cat?post=245721"},{"taxonomy":"product_tag","embeddable":true,"href":"https:\/\/dutchhealthstore.com\/fr\/wp-json\/wp\/v2\/product_tag?post=245721"}],"curies":[{"name":"wp","href":"https:\/\/api.w.org\/{rel}","templated":true}]}}