{"id":236724,"date":"2023-03-21T10:56:21","date_gmt":"2023-03-21T09:56:21","guid":{"rendered":"https:\/\/dutchhealthstore.com\/product\/h-o-l-i-m-a-n-e-hair-skin-nails-2-daily-combined\/"},"modified":"2026-02-16T14:00:38","modified_gmt":"2026-02-16T13:00:38","slug":"holi-mane-hair-skin-nails-2-daily-combined","status":"publish","type":"product","link":"https:\/\/dutchhealthstore.com\/fr\/product\/holi-mane-hair-skin-nails-2-daily-combined\/","title":{"rendered":"holi (mane) hair, skin, nails, 2 daily combined"},"content":{"rendered":"<p>Le collag\u00e8ne marin et la poudre de perles, deux super-aliments quotidiens, sont combin\u00e9s dans notre produit unique. Ce m\u00e9lange insipide et inodore est riche de plus de 30 oligo-\u00e9l\u00e9ments, tels que la silice, le magn\u00e9sium, le calcium et le potassium, qui favorisent l&rsquo;apparition de cheveux, d&rsquo;une peau et d&rsquo;ongles sains. Les acides amin\u00e9s biodisponibles stimulent l&rsquo;apparition du collag\u00e8ne et l&rsquo;hydratation des cellules des cheveux, de la peau et des ongles. La nacre, substance naturelle contenue dans la poudre de perle, favorise la r\u00e9g\u00e9n\u00e9ration du collag\u00e8ne. Deux antioxydants importants, le glutathion et la superoxyde dismutase, tous deux essentiels \u00e0 la vitalit\u00e9, sont soutenus par la synergie de cette combinaison dense en nutriments.<\/p>\n<p><strong>avantageux pour les questions suivantes :<\/strong><\/p>\n<ul>\n<li>volume de la peau<\/li>\n<li>les rides et ridules<\/li>\n<li>cheveux ternes et cassants<\/li>\n<li>hyperpigmentation<\/li>\n<li>tonalit\u00e9 in\u00e9gale de la peau<\/li>\n<li>et la peau s\u00e8che<\/li>\n<li>ongles cass\u00e9s<\/li>\n<li>cheveux clairsem\u00e9s<\/li>\n<\/ul>\n<h3>Comment utiliser<\/h3>\n<p>Tout repas ou boisson crue, comme le matcha, le caf\u00e9, les smoothies, les sauces, les desserts et les vinaigrettes, peut \u00eatre pr\u00e9par\u00e9 en y ajoutant une mesure.<\/p>\n<h3>Ingr\u00e9dients cl\u00e9s<\/h3>\n<ul>\n<li>La poudre de perle est la source de calcium la plus riche au monde. Cet adaptog\u00e8ne oc\u00e9anique augmente la production et la r\u00e9g\u00e9n\u00e9ration du collag\u00e8ne lorsqu&rsquo;il est consomm\u00e9, ce qui permet d&rsquo;obtenir une peau jeune et claire, des cheveux et des ongles solides. Sa forte concentration en magn\u00e9sium augmente les niveaux de GABA, ce qui semble r\u00e9duire le stress oxydatif, responsable du vieillissement pr\u00e9matur\u00e9, et am\u00e9liore l&rsquo;humeur.<\/li>\n<li>Le collag\u00e8ne marin est un collag\u00e8ne de type 1, 2, 3 et 4 qui est durable, absorbable et d\u00e9riv\u00e9 de poissons d&rsquo;eau profonde captur\u00e9s \u00e0 l&rsquo;\u00e9tat sauvage. Il a \u00e9t\u00e9 prouv\u00e9 que les composants naturels am\u00e9liorent la peau, maintiennent des articulations saines, acc\u00e9l\u00e8rent la croissance des cheveux et des ongles et r\u00e9duisent l&rsquo;inflammation g\u00e9n\u00e9rale du corps. d\u00e9riv\u00e9s de poissons d&rsquo;eau profonde, de colin et d&rsquo;\u00e9glefin casher, sans OGM.<\/li>\n<\/ul>\n<h3>Ingr\u00e9dients<\/h3>\n<div>poudre de perles broy\u00e9es, *collag\u00e8ne marin.<\/div>\n<div><\/div>\n<div>*Fabriqu\u00e9 \u00e0 partir de poisson non g\u00e9n\u00e9tiquement modifi\u00e9, p\u00each\u00e9 \u00e0 l&rsquo;\u00e9tat sauvage et casher.<\/div>\n<div>\n<ul>\n<li>non ogm et sans gluten<\/li>\n<li>sans produits p\u00e9trochimiques<\/li>\n<li>peut \u00eatre utilis\u00e9 pendant la grossesse et l&rsquo;allaitement, mais consultez toujours votre m\u00e9decin au pr\u00e9alable.<\/li>\n<\/ul>\n<p>&nbsp;<\/p>\n<\/div>\n","protected":false},"excerpt":{"rendered":"<p>Holi (mane) vous aidera \u00e0 obtenir des cheveux florissants, une peau radieuse et des ongles solides tout en mettant en valeur votre beaut\u00e9 intrins\u00e8que.<\/p>\n","protected":false},"featured_media":312808,"comment_status":"open","ping_status":"closed","template":"","meta":[],"product_brand":[],"product_cat":[6665,10027,10028,16751,8466,1209,1030,8467,1010,14733,6733],"product_tag":[21934,10170,4864,21540],"class_list":{"0":"post-236724","1":"product","2":"type-product","3":"status-publish","4":"has-post-thumbnail","6":"product_cat-agent-nateur-fr","7":"product_cat-beauty-antiaging-fr-2","8":"product_cat-hair-skin-nails-eyes-fr-2","9":"product_cat-collagene-fr","10":"product_cat-nutrition-fr","11":"product_cat-par-marques","12":"product_cat-par-produits","13":"product_cat-health-fr-2","14":"product_cat-notre-boutique","15":"product_cat-soins-de-la-peau","16":"product_cat-wellness-fr-2","17":"product_tag-collagene","18":"product_tag-hair-fr","19":"product_tag-skin-fr","20":"product_tag-supplement-fr","21":"pa_brand-agent-nateur-fr","22":"pa_gtin-860002595115-fr","23":"pa_health-productype-beauty-anti-aging-fr","24":"pa_health-productype-hair-skin-nails-eyes-fr","25":"pa_health-productype-supplements-fr","26":"pa_remedies-articulations","27":"pa_size-300-gr-30-portions","29":"first","30":"outofstock","31":"taxable","32":"shipping-taxable","33":"purchasable","34":"product-type-simple"},"bundled_by":[],"bundle_stock_status":"outofstock","bundle_stock_quantity":0,"bundle_virtual":false,"bundle_layout":"","bundle_add_to_cart_form_location":"","bundle_editable_in_cart":false,"bundle_sold_individually_context":"","bundle_item_grouping":"","bundle_min_size":"","bundle_max_size":"","bundle_price":[],"bundled_items":[],"bundle_sell_ids":[107695],"atum_controlled":true,"out_stock_date":"2026-04-03 19:19:27","out_stock_threshold":null,"inheritable":false,"stock_on_hold":1,"sold_today":0,"sales_last_days":1,"out_stock_days":3,"lost_sales":0,"update_date":"2026-04-14T06:43:25","atum_locations":[],"atum_stock_status":"outofstock","restock_status":false,"low_stock_amount":"","sales_update_date":"2026-04-14T06:43:25","calc_backorders":null,"group_of_quantity":0,"min_quantity":0,"max_quantity":"","exclude_order_quantity_value_rules":"no","exclude_category_quantity_rules":"no","combine_variations":"no","yoast_head":"<!-- This site is optimized with the Yoast SEO Premium plugin v26.5 (Yoast SEO v26.5) - https:\/\/yoast.com\/wordpress\/plugins\/seo\/ -->\n<title>\u00c0 la recherche de holi (mane) hair, skin, nails, 2 daily combined ? Commandez holi (mane) hair, skin, nails, 2 daily combined aujourd&#039;hui chez Dutch Health Store. Contact personnel &amp; envoi rapide.<\/title>\n<meta name=\"description\" content=\"Holi (mane) vous aidera \u00e0 obtenir des cheveux florissants, une peau radieuse et des ongles solides tout en mettant en valeur votre beaut\u00e9 intrins\u00e8que.\" \/>\n<meta name=\"robots\" content=\"index, follow, max-snippet:-1, max-image-preview:large, max-video-preview:-1\" \/>\n<link rel=\"canonical\" href=\"https:\/\/dutchhealthstore.com\/fr\/product\/holi-mane-hair-skin-nails-2-daily-combined\/\" \/>\n<meta property=\"og:locale\" content=\"fr_FR\" \/>\n<meta property=\"og:type\" content=\"article\" \/>\n<meta property=\"og:title\" content=\"holi (mane) hair, skin, nails, 2 daily combined - Dutch Health Store\" \/>\n<meta property=\"og:description\" content=\"Holi (mane) vous aidera \u00e0 obtenir des cheveux florissants, une peau radieuse et des ongles solides tout en mettant en valeur votre beaut\u00e9 intrins\u00e8que.\" \/>\n<meta property=\"og:url\" content=\"https:\/\/dutchhealthstore.com\/fr\/product\/holi-mane-hair-skin-nails-2-daily-combined\/\" \/>\n<meta property=\"og:site_name\" content=\"Dutch Health Store\" \/>\n<meta property=\"article:publisher\" content=\"https:\/\/www.instagram.com\/dutchhealthstore\/\" \/>\n<meta property=\"article:modified_time\" content=\"2026-02-16T13:00:38+00:00\" \/>\n<meta property=\"og:image\" content=\"https:\/\/dutchhealthstore.com\/wp-content\/uploads\/2023\/03\/agentnateurholimanenew.jpg\" \/>\n\t<meta property=\"og:image:width\" content=\"510\" \/>\n\t<meta property=\"og:image:height\" content=\"510\" \/>\n\t<meta property=\"og:image:type\" content=\"image\/jpeg\" \/>\n<meta name=\"twitter:card\" content=\"summary_large_image\" \/>\n<meta name=\"twitter:label1\" content=\"Prix\" \/>\n\t<meta name=\"twitter:data1\" content=\"&euro;95,00\" \/>\n\t<meta name=\"twitter:label2\" content=\"Disponibilit\u00e9\" \/>\n\t<meta name=\"twitter:data2\" content=\"Rupture de stock\" \/>\n<script type=\"application\/ld+json\" class=\"yoast-schema-graph\">{\"@context\":\"https:\/\/schema.org\",\"@graph\":[{\"@type\":\"WebPage\",\"@id\":\"https:\/\/dutchhealthstore.com\/fr\/product\/holi-mane-hair-skin-nails-2-daily-combined\/\",\"url\":\"https:\/\/dutchhealthstore.com\/fr\/product\/holi-mane-hair-skin-nails-2-daily-combined\/\",\"name\":\"\u00c0 la recherche de holi (mane) hair, skin, nails, 2 daily combined ? Commandez holi (mane) hair, skin, nails, 2 daily combined aujourd'hui chez Dutch Health Store. Contact personnel & envoi rapide.\",\"isPartOf\":{\"@id\":\"https:\/\/dutchhealthstore.com\/fr\/#website\"},\"primaryImageOfPage\":{\"@id\":\"https:\/\/dutchhealthstore.com\/fr\/product\/holi-mane-hair-skin-nails-2-daily-combined\/#primaryimage\"},\"image\":{\"@id\":\"https:\/\/dutchhealthstore.com\/fr\/product\/holi-mane-hair-skin-nails-2-daily-combined\/#primaryimage\"},\"thumbnailUrl\":\"https:\/\/dutchhealthstore.com\/wp-content\/uploads\/2023\/03\/agent-natuer_0000s_0006_holi-mane.jpg\",\"datePublished\":\"2023-03-21T09:56:21+00:00\",\"dateModified\":\"2026-02-16T13:00:38+00:00\",\"description\":\"Holi (mane) vous aidera \u00e0 obtenir des cheveux florissants, une peau radieuse et des ongles solides tout en mettant en valeur votre beaut\u00e9 intrins\u00e8que.\",\"breadcrumb\":{\"@id\":\"https:\/\/dutchhealthstore.com\/fr\/product\/holi-mane-hair-skin-nails-2-daily-combined\/#breadcrumb\"},\"inLanguage\":\"fr-FR\",\"potentialAction\":[{\"@type\":\"ReadAction\",\"target\":[\"https:\/\/dutchhealthstore.com\/fr\/product\/holi-mane-hair-skin-nails-2-daily-combined\/\"]}]},{\"@type\":\"ImageObject\",\"inLanguage\":\"fr-FR\",\"@id\":\"https:\/\/dutchhealthstore.com\/fr\/product\/holi-mane-hair-skin-nails-2-daily-combined\/#primaryimage\",\"url\":\"https:\/\/dutchhealthstore.com\/wp-content\/uploads\/2023\/03\/agent-natuer_0000s_0006_holi-mane.jpg\",\"contentUrl\":\"https:\/\/dutchhealthstore.com\/wp-content\/uploads\/2023\/03\/agent-natuer_0000s_0006_holi-mane.jpg\",\"width\":530,\"height\":530},{\"@type\":\"BreadcrumbList\",\"@id\":\"https:\/\/dutchhealthstore.com\/fr\/product\/holi-mane-hair-skin-nails-2-daily-combined\/#breadcrumb\",\"itemListElement\":[{\"@type\":\"ListItem\",\"position\":1,\"name\":\"Home\",\"item\":\"https:\/\/dutchhealthstore.com\/fr\/\"},{\"@type\":\"ListItem\",\"position\":2,\"name\":\"Shop\",\"item\":\"https:\/\/dutchhealthstore.com\/fr\/shop\/\"},{\"@type\":\"ListItem\",\"position\":3,\"name\":\"holi (mane) hair, skin, nails, 2 daily combined\"}]},{\"@type\":\"WebSite\",\"@id\":\"https:\/\/dutchhealthstore.com\/fr\/#website\",\"url\":\"https:\/\/dutchhealthstore.com\/fr\/\",\"name\":\"Dutch Health Store\",\"description\":\"Enhance Your Beauty with Organic &amp; Natural Skincare\",\"publisher\":{\"@id\":\"https:\/\/dutchhealthstore.com\/fr\/#organization\"},\"potentialAction\":[{\"@type\":\"SearchAction\",\"target\":{\"@type\":\"EntryPoint\",\"urlTemplate\":\"https:\/\/dutchhealthstore.com\/fr\/?s={search_term_string}\"},\"query-input\":{\"@type\":\"PropertyValueSpecification\",\"valueRequired\":true,\"valueName\":\"search_term_string\"}}],\"inLanguage\":\"fr-FR\"},{\"@type\":\"Organization\",\"@id\":\"https:\/\/dutchhealthstore.com\/fr\/#organization\",\"name\":\"Dutch Health Store\",\"url\":\"https:\/\/dutchhealthstore.com\/fr\/\",\"logo\":{\"@type\":\"ImageObject\",\"inLanguage\":\"fr-FR\",\"@id\":\"https:\/\/dutchhealthstore.com\/fr\/#\/schema\/logo\/image\/\",\"url\":\"https:\/\/dutchhealthstore.com\/wp-content\/uploads\/2020\/08\/logo-dutchhealthstore-jpg-e1599484957574.jpg\",\"contentUrl\":\"https:\/\/dutchhealthstore.com\/wp-content\/uploads\/2020\/08\/logo-dutchhealthstore-jpg-e1599484957574.jpg\",\"width\":400,\"height\":62,\"caption\":\"Dutch Health Store\"},\"image\":{\"@id\":\"https:\/\/dutchhealthstore.com\/fr\/#\/schema\/logo\/image\/\"},\"sameAs\":[\"https:\/\/www.instagram.com\/dutchhealthstore\/\",\"https:\/\/www.facebook.com\/dutchhealthstore\"]}]}<\/script>\n<meta property=\"product:brand\" content=\"Agent Nateur\" \/>\n<meta property=\"product:price:amount\" content=\"95.00\" \/>\n<meta property=\"product:price:currency\" content=\"EUR\" \/>\n<meta property=\"og:availability\" content=\"out of stock\" \/>\n<meta property=\"product:availability\" content=\"out of stock\" \/>\n<meta property=\"product:condition\" content=\"new\" \/>\n<!-- \/ Yoast SEO Premium plugin. -->","yoast_head_json":{"title":"\u00c0 la recherche de holi (mane) hair, skin, nails, 2 daily combined ? Commandez holi (mane) hair, skin, nails, 2 daily combined aujourd'hui chez Dutch Health Store. Contact personnel & envoi rapide.","description":"Holi (mane) vous aidera \u00e0 obtenir des cheveux florissants, une peau radieuse et des ongles solides tout en mettant en valeur votre beaut\u00e9 intrins\u00e8que.","robots":{"index":"index","follow":"follow","max-snippet":"max-snippet:-1","max-image-preview":"max-image-preview:large","max-video-preview":"max-video-preview:-1"},"canonical":"https:\/\/dutchhealthstore.com\/fr\/product\/holi-mane-hair-skin-nails-2-daily-combined\/","og_locale":"fr_FR","og_type":"article","og_title":"holi (mane) hair, skin, nails, 2 daily combined - Dutch Health Store","og_description":"Holi (mane) vous aidera \u00e0 obtenir des cheveux florissants, une peau radieuse et des ongles solides tout en mettant en valeur votre beaut\u00e9 intrins\u00e8que.","og_url":"https:\/\/dutchhealthstore.com\/fr\/product\/holi-mane-hair-skin-nails-2-daily-combined\/","og_site_name":"Dutch Health Store","article_publisher":"https:\/\/www.instagram.com\/dutchhealthstore\/","article_modified_time":"2026-02-16T13:00:38+00:00","og_image":[{"width":510,"height":510,"url":"https:\/\/dutchhealthstore.com\/wp-content\/uploads\/2023\/03\/agentnateurholimanenew.jpg","type":"image\/jpeg"}],"twitter_card":"summary_large_image","twitter_misc":{"Prix":"&euro;95,00","Disponibilit\u00e9":"Rupture de stock"},"schema":{"@context":"https:\/\/schema.org","@graph":[{"@type":"WebPage","@id":"https:\/\/dutchhealthstore.com\/fr\/product\/holi-mane-hair-skin-nails-2-daily-combined\/","url":"https:\/\/dutchhealthstore.com\/fr\/product\/holi-mane-hair-skin-nails-2-daily-combined\/","name":"\u00c0 la recherche de holi (mane) hair, skin, nails, 2 daily combined ? Commandez holi (mane) hair, skin, nails, 2 daily combined aujourd'hui chez Dutch Health Store. Contact personnel & envoi rapide.","isPartOf":{"@id":"https:\/\/dutchhealthstore.com\/fr\/#website"},"primaryImageOfPage":{"@id":"https:\/\/dutchhealthstore.com\/fr\/product\/holi-mane-hair-skin-nails-2-daily-combined\/#primaryimage"},"image":{"@id":"https:\/\/dutchhealthstore.com\/fr\/product\/holi-mane-hair-skin-nails-2-daily-combined\/#primaryimage"},"thumbnailUrl":"https:\/\/dutchhealthstore.com\/wp-content\/uploads\/2023\/03\/agent-natuer_0000s_0006_holi-mane.jpg","datePublished":"2023-03-21T09:56:21+00:00","dateModified":"2026-02-16T13:00:38+00:00","description":"Holi (mane) vous aidera \u00e0 obtenir des cheveux florissants, une peau radieuse et des ongles solides tout en mettant en valeur votre beaut\u00e9 intrins\u00e8que.","breadcrumb":{"@id":"https:\/\/dutchhealthstore.com\/fr\/product\/holi-mane-hair-skin-nails-2-daily-combined\/#breadcrumb"},"inLanguage":"fr-FR","potentialAction":[{"@type":"ReadAction","target":["https:\/\/dutchhealthstore.com\/fr\/product\/holi-mane-hair-skin-nails-2-daily-combined\/"]}]},{"@type":"ImageObject","inLanguage":"fr-FR","@id":"https:\/\/dutchhealthstore.com\/fr\/product\/holi-mane-hair-skin-nails-2-daily-combined\/#primaryimage","url":"https:\/\/dutchhealthstore.com\/wp-content\/uploads\/2023\/03\/agent-natuer_0000s_0006_holi-mane.jpg","contentUrl":"https:\/\/dutchhealthstore.com\/wp-content\/uploads\/2023\/03\/agent-natuer_0000s_0006_holi-mane.jpg","width":530,"height":530},{"@type":"BreadcrumbList","@id":"https:\/\/dutchhealthstore.com\/fr\/product\/holi-mane-hair-skin-nails-2-daily-combined\/#breadcrumb","itemListElement":[{"@type":"ListItem","position":1,"name":"Home","item":"https:\/\/dutchhealthstore.com\/fr\/"},{"@type":"ListItem","position":2,"name":"Shop","item":"https:\/\/dutchhealthstore.com\/fr\/shop\/"},{"@type":"ListItem","position":3,"name":"holi (mane) hair, skin, nails, 2 daily combined"}]},{"@type":"WebSite","@id":"https:\/\/dutchhealthstore.com\/fr\/#website","url":"https:\/\/dutchhealthstore.com\/fr\/","name":"Dutch Health Store","description":"Enhance Your Beauty with Organic &amp; Natural Skincare","publisher":{"@id":"https:\/\/dutchhealthstore.com\/fr\/#organization"},"potentialAction":[{"@type":"SearchAction","target":{"@type":"EntryPoint","urlTemplate":"https:\/\/dutchhealthstore.com\/fr\/?s={search_term_string}"},"query-input":{"@type":"PropertyValueSpecification","valueRequired":true,"valueName":"search_term_string"}}],"inLanguage":"fr-FR"},{"@type":"Organization","@id":"https:\/\/dutchhealthstore.com\/fr\/#organization","name":"Dutch Health Store","url":"https:\/\/dutchhealthstore.com\/fr\/","logo":{"@type":"ImageObject","inLanguage":"fr-FR","@id":"https:\/\/dutchhealthstore.com\/fr\/#\/schema\/logo\/image\/","url":"https:\/\/dutchhealthstore.com\/wp-content\/uploads\/2020\/08\/logo-dutchhealthstore-jpg-e1599484957574.jpg","contentUrl":"https:\/\/dutchhealthstore.com\/wp-content\/uploads\/2020\/08\/logo-dutchhealthstore-jpg-e1599484957574.jpg","width":400,"height":62,"caption":"Dutch Health Store"},"image":{"@id":"https:\/\/dutchhealthstore.com\/fr\/#\/schema\/logo\/image\/"},"sameAs":["https:\/\/www.instagram.com\/dutchhealthstore\/","https:\/\/www.facebook.com\/dutchhealthstore"]}]},"product_brand":"Agent Nateur","product_price_amount":"95.00","product_price_currency":"EUR","og_availability":"out of stock","product_availability":"out of stock","product_condition":"new"},"_links":{"self":[{"href":"https:\/\/dutchhealthstore.com\/fr\/wp-json\/wp\/v2\/product\/236724","targetHints":{"allow":["GET"]}}],"collection":[{"href":"https:\/\/dutchhealthstore.com\/fr\/wp-json\/wp\/v2\/product"}],"about":[{"href":"https:\/\/dutchhealthstore.com\/fr\/wp-json\/wp\/v2\/types\/product"}],"replies":[{"embeddable":true,"href":"https:\/\/dutchhealthstore.com\/fr\/wp-json\/wp\/v2\/comments?post=236724"}],"wp:featuredmedia":[{"embeddable":true,"href":"https:\/\/dutchhealthstore.com\/fr\/wp-json\/wp\/v2\/media\/312808"}],"wp:attachment":[{"href":"https:\/\/dutchhealthstore.com\/fr\/wp-json\/wp\/v2\/media?parent=236724"}],"wp:term":[{"taxonomy":"product_brand","embeddable":true,"href":"https:\/\/dutchhealthstore.com\/fr\/wp-json\/wp\/v2\/product_brand?post=236724"},{"taxonomy":"product_cat","embeddable":true,"href":"https:\/\/dutchhealthstore.com\/fr\/wp-json\/wp\/v2\/product_cat?post=236724"},{"taxonomy":"product_tag","embeddable":true,"href":"https:\/\/dutchhealthstore.com\/fr\/wp-json\/wp\/v2\/product_tag?post=236724"}],"curies":[{"name":"wp","href":"https:\/\/api.w.org\/{rel}","templated":true}]}}