{"id":231218,"date":"2023-01-02T11:00:46","date_gmt":"2023-01-02T10:00:46","guid":{"rendered":"https:\/\/dutchhealthstore.com\/product\/verbena-honey-essential-oil\/"},"modified":"2023-03-02T10:20:15","modified_gmt":"2023-03-02T10:20:15","slug":"verbena-honey-essential-oil","status":"publish","type":"product","link":"https:\/\/dutchhealthstore.com\/fr\/product\/verbena-honey-essential-oil\/","title":{"rendered":"Verbena, Honey Essential Oil"},"content":{"rendered":"<p>Cette huile essentielle de grande classe est un ajout attrayant \u00e0 toute apothicaire pour l&rsquo;aromath\u00e9rapie. Cette jolie plante pionni\u00e8re s&rsquo;acclimate facilement \u00e0 un large \u00e9ventail de climats et de terrains et aime se d\u00e9velopper comme un baume pour les sols perturb\u00e9s. Cette herbe australienne vivace poss\u00e8de de riches t\u00eates de fleurs blanc cr\u00e8me qui s&rsquo;\u00e9panouissent librement, un feuillage parfum\u00e9 et un parfum de citron qui \u00e9voque une tarte au citron-meringue herbac\u00e9e.<\/p>\n<p><strong>Nom botanique : <\/strong><em>Lippia javanica<\/em><br \/>\n<strong>Famille botanique : <\/strong><em>Verbenaceae<\/em><br \/>\n<strong>M\u00e9thode d&rsquo;extraction :<\/strong> Distillation \u00e0 la vapeur<br \/>\n<strong>Partie de la plante distill\u00e9e :<\/strong> Fleurs<br \/>\n<strong>Pays d&rsquo;origine : <\/strong>Afrique du Sud<br \/>\n<strong>M\u00e9thode de culture :<\/strong> Organique<br \/>\n<strong>Composition : <\/strong>100 % <em>Lippia javanica<\/em><br \/>\n<strong>Consistance :<\/strong> Viscosit\u00e9 moyenne, vert p\u00e2le<br \/>\n<strong>Description du parfum<\/strong>: Tr\u00e8s frais, verdoyant, fruit\u00e9 et citronn\u00e9, et l\u00e9g\u00e8rement miell\u00e9.<br \/>\n<strong>Se m\u00e9lange bien avec : <\/strong>Coriandre, cardamome, lavande, citron, bergamote, hysope, encens, marjolaine, myrte, magnolia, rose, ylang, g\u00e9ranium, camomille, camomille du Cap, n\u00e9roli, petitgrain et palmarosa.<\/p>\n<p><strong>Utilisations : <\/strong>Note de t\u00eate dans les parfums. Appliquer une pinc\u00e9e par voie topique pour dissuader les parasites volants et la conserver dans une armoire ou un placard pour la fra\u00eecheur et la lutte contre les parasites. Pour favoriser une respiration profonde, mettez une goutte d&rsquo;huile de noix de coco sur la poitrine, ou utilisez-la comme pommade sur une peau irrit\u00e9e. Pour un tonique tendu, diluez et utilisez dans des applications de soins \u00e9tonnantes.<\/p>\n<p>L&rsquo;Afrique tropicale et l&rsquo;Australie utilisent depuis longtemps la plante Honey Verbena comme plante m\u00e9dicinale. Les concoctions r\u00e9gionales populaires faites \u00e0 partir des feuilles, des tiges, des fleurs et des racines de cette plante aromatique comprennent des boissons \u00e0 base de plantes, des tisanes, des exhausteurs de nourriture, des onguents pour peau agit\u00e9e et des baumes respiratoires.<\/p>\n<p>Les fleurs de verveine sont distill\u00e9es \u00e0 la vapeur pour produire une huile essentielle riche en composants linalools b\u00e9n\u00e9fiques pour la peau et en myrc\u00e8ne au parfum frais. Afin de servir de note de t\u00eate pour les parfums et de vous prot\u00e9ger des aversions a\u00e9riennes, l&rsquo;huile essentielle huile verveine miel est une plante intelligente qui cr\u00e9e des essences agr\u00e9ables que les gens appr\u00e9cient et que les nuisibles volants \u00e9vitent.<\/p>\n<p><strong>Taille : 5 ml<\/strong><\/p>\n<p><em>L&rsquo;ar\u00f4me l\u00e9ger de la verveine l&rsquo;entourait, flottant doucement depuis la robe de soie et les cheveux soyeux d&rsquo;Eleanor Butler. C&rsquo;\u00e9tait le parfum qui avait toujours fait partie d&rsquo;Ellen O&rsquo;Hara, le parfum pour Scarlett du confort, de la s\u00e9curit\u00e9, de l&rsquo;amour, de la vie avant la guerre.\u00a0\u00bb<\/em><br \/>\n~ Alexandra Ripley, Scarlett : la suite de Autant en emporte le vent, deuxi\u00e8me partie, de Margaret Mitchell.<\/p>\n<p><em>\u00ab\u00a0C&rsquo;\u00e9tait le jour de la verveine citronn\u00e9e, alors la maison \u00e9tait remplie d&rsquo;un parfum sucr\u00e9 et acidul\u00e9 qui \u00e9voquait des images de couvertures de pique-nique et de nuages blancs en forme de c\u0153urs d&rsquo;amour.\u00a0\u00bb<\/em><br \/>\n~ Sarah Addison Allen, First Frost<\/p>\n","protected":false},"excerpt":{"rendered":"<p>L\u00e9ger et a\u00e9rien Le parfum de la verveine miel \u00e9voque le petit matin, lorsque tout est nouveau et frais.<\/p>\n","protected":false},"featured_media":337472,"comment_status":"open","ping_status":"closed","template":"","meta":[],"product_brand":[],"product_cat":[1507,6734,1211,1209,1030,3757,1010,6733],"product_tag":[4495],"class_list":{"0":"post-231218","1":"product","2":"type-product","3":"status-publish","4":"has-post-thumbnail","6":"product_cat-plantes-huiles-essentielles-living-libations","7":"product_cat-essential-oils","8":"product_cat-living-libations-france","9":"product_cat-par-marques","10":"product_cat-par-produits","11":"product_cat-plantes-huiles-essentielles","12":"product_cat-notre-boutique","13":"product_cat-wellness-fr-2","14":"product_tag-essential-oil-fr","15":"pa_brand-livinglibations-fr","16":"pa_essential-oils-product-type-essential-oils-fr","17":"pa_gtin-6096411833867-fr","18":"pa_size-5-ml-fr","20":"first","21":"instock","22":"taxable","23":"shipping-taxable","24":"purchasable","25":"product-type-simple"},"bundled_by":[],"bundle_stock_status":"instock","bundle_stock_quantity":1,"bundle_virtual":false,"bundle_layout":"","bundle_add_to_cart_form_location":"","bundle_editable_in_cart":false,"bundle_sold_individually_context":"","bundle_item_grouping":"","bundle_min_size":"","bundle_max_size":"","bundle_price":[],"bundled_items":[],"bundle_sell_ids":[],"atum_controlled":true,"out_stock_date":null,"out_stock_threshold":null,"inheritable":false,"stock_on_hold":1,"sold_today":0,"sales_last_days":1,"out_stock_days":0,"lost_sales":0,"update_date":"2026-04-09T11:36:04","atum_locations":[],"atum_stock_status":"instock","restock_status":true,"low_stock_amount":"","sales_update_date":"2026-04-09T11:36:04","calc_backorders":null,"group_of_quantity":0,"min_quantity":0,"max_quantity":"","exclude_order_quantity_value_rules":"no","exclude_category_quantity_rules":"no","combine_variations":"no","yoast_head":"<!-- This site is optimized with the Yoast SEO Premium plugin v26.5 (Yoast SEO v26.5) - https:\/\/yoast.com\/wordpress\/plugins\/seo\/ -->\n<title>Verbena, Honey Essential Oil - Living Libations<\/title>\n<meta name=\"description\" content=\"L\u00e9ger et a\u00e9rien Le parfum de la verveine miel \u00e9voque le petit matin, lorsque tout est nouveau et frais.\" \/>\n<meta name=\"robots\" content=\"index, follow, max-snippet:-1, max-image-preview:large, max-video-preview:-1\" \/>\n<link rel=\"canonical\" href=\"https:\/\/dutchhealthstore.com\/fr\/product\/verbena-honey-essential-oil\/\" \/>\n<meta property=\"og:locale\" content=\"fr_FR\" \/>\n<meta property=\"og:type\" content=\"article\" \/>\n<meta property=\"og:title\" content=\"Verbena, Honey Essential Oil - Dutch Health Store\" \/>\n<meta property=\"og:description\" content=\"L\u00e9ger et a\u00e9rien Le parfum de la verveine miel \u00e9voque le petit matin, lorsque tout est nouveau et frais.\" \/>\n<meta property=\"og:url\" content=\"https:\/\/dutchhealthstore.com\/fr\/product\/verbena-honey-essential-oil\/\" \/>\n<meta property=\"og:site_name\" content=\"Dutch Health Store\" \/>\n<meta property=\"article:publisher\" content=\"https:\/\/www.instagram.com\/dutchhealthstore\/\" \/>\n<meta property=\"article:modified_time\" content=\"2023-03-02T10:20:15+00:00\" \/>\n<meta property=\"og:image\" content=\"https:\/\/dutchhealthstore.com\/wp-content\/uploads\/2023\/01\/2025-04-15-13_44_37-Honey-Verbena-Essential-Oil-\u2013-Living-Libations-INT.jpg\" \/>\n\t<meta property=\"og:image:width\" content=\"530\" \/>\n\t<meta property=\"og:image:height\" content=\"529\" \/>\n\t<meta property=\"og:image:type\" content=\"image\/jpeg\" \/>\n<meta name=\"twitter:card\" content=\"summary_large_image\" \/>\n<meta name=\"twitter:label1\" content=\"Prix\" \/>\n\t<meta name=\"twitter:data1\" content=\"&euro;26,00\" \/>\n\t<meta name=\"twitter:label2\" content=\"Disponibilit\u00e9\" \/>\n\t<meta name=\"twitter:data2\" content=\"En stock\" \/>\n<script type=\"application\/ld+json\" class=\"yoast-schema-graph\">{\"@context\":\"https:\/\/schema.org\",\"@graph\":[{\"@type\":\"WebPage\",\"@id\":\"https:\/\/dutchhealthstore.com\/fr\/product\/verbena-honey-essential-oil\/\",\"url\":\"https:\/\/dutchhealthstore.com\/fr\/product\/verbena-honey-essential-oil\/\",\"name\":\"Verbena, Honey Essential Oil - Living Libations\",\"isPartOf\":{\"@id\":\"https:\/\/dutchhealthstore.com\/fr\/#website\"},\"primaryImageOfPage\":{\"@id\":\"https:\/\/dutchhealthstore.com\/fr\/product\/verbena-honey-essential-oil\/#primaryimage\"},\"image\":{\"@id\":\"https:\/\/dutchhealthstore.com\/fr\/product\/verbena-honey-essential-oil\/#primaryimage\"},\"thumbnailUrl\":\"https:\/\/dutchhealthstore.com\/wp-content\/uploads\/2023\/01\/2025-04-15-13_44_37-Honey-Verbena-Essential-Oil-\u2013-Living-Libations-INT.jpg\",\"datePublished\":\"2023-01-02T10:00:46+00:00\",\"dateModified\":\"2023-03-02T10:20:15+00:00\",\"description\":\"L\u00e9ger et a\u00e9rien Le parfum de la verveine miel \u00e9voque le petit matin, lorsque tout est nouveau et frais.\",\"breadcrumb\":{\"@id\":\"https:\/\/dutchhealthstore.com\/fr\/product\/verbena-honey-essential-oil\/#breadcrumb\"},\"inLanguage\":\"fr-FR\",\"potentialAction\":[{\"@type\":\"ReadAction\",\"target\":[\"https:\/\/dutchhealthstore.com\/fr\/product\/verbena-honey-essential-oil\/\"]}]},{\"@type\":\"ImageObject\",\"inLanguage\":\"fr-FR\",\"@id\":\"https:\/\/dutchhealthstore.com\/fr\/product\/verbena-honey-essential-oil\/#primaryimage\",\"url\":\"https:\/\/dutchhealthstore.com\/wp-content\/uploads\/2023\/01\/2025-04-15-13_44_37-Honey-Verbena-Essential-Oil-\u2013-Living-Libations-INT.jpg\",\"contentUrl\":\"https:\/\/dutchhealthstore.com\/wp-content\/uploads\/2023\/01\/2025-04-15-13_44_37-Honey-Verbena-Essential-Oil-\u2013-Living-Libations-INT.jpg\",\"width\":530,\"height\":529},{\"@type\":\"BreadcrumbList\",\"@id\":\"https:\/\/dutchhealthstore.com\/fr\/product\/verbena-honey-essential-oil\/#breadcrumb\",\"itemListElement\":[{\"@type\":\"ListItem\",\"position\":1,\"name\":\"Home\",\"item\":\"https:\/\/dutchhealthstore.com\/fr\/\"},{\"@type\":\"ListItem\",\"position\":2,\"name\":\"Shop\",\"item\":\"https:\/\/dutchhealthstore.com\/fr\/shop\/\"},{\"@type\":\"ListItem\",\"position\":3,\"name\":\"Verbena, Honey Essential Oil\"}]},{\"@type\":\"WebSite\",\"@id\":\"https:\/\/dutchhealthstore.com\/fr\/#website\",\"url\":\"https:\/\/dutchhealthstore.com\/fr\/\",\"name\":\"Dutch Health Store\",\"description\":\"Enhance Your Beauty with Organic &amp; Natural Skincare\",\"publisher\":{\"@id\":\"https:\/\/dutchhealthstore.com\/fr\/#organization\"},\"potentialAction\":[{\"@type\":\"SearchAction\",\"target\":{\"@type\":\"EntryPoint\",\"urlTemplate\":\"https:\/\/dutchhealthstore.com\/fr\/?s={search_term_string}\"},\"query-input\":{\"@type\":\"PropertyValueSpecification\",\"valueRequired\":true,\"valueName\":\"search_term_string\"}}],\"inLanguage\":\"fr-FR\"},{\"@type\":\"Organization\",\"@id\":\"https:\/\/dutchhealthstore.com\/fr\/#organization\",\"name\":\"Dutch Health Store\",\"url\":\"https:\/\/dutchhealthstore.com\/fr\/\",\"logo\":{\"@type\":\"ImageObject\",\"inLanguage\":\"fr-FR\",\"@id\":\"https:\/\/dutchhealthstore.com\/fr\/#\/schema\/logo\/image\/\",\"url\":\"https:\/\/dutchhealthstore.com\/wp-content\/uploads\/2020\/08\/logo-dutchhealthstore-jpg-e1599484957574.jpg\",\"contentUrl\":\"https:\/\/dutchhealthstore.com\/wp-content\/uploads\/2020\/08\/logo-dutchhealthstore-jpg-e1599484957574.jpg\",\"width\":400,\"height\":62,\"caption\":\"Dutch Health Store\"},\"image\":{\"@id\":\"https:\/\/dutchhealthstore.com\/fr\/#\/schema\/logo\/image\/\"},\"sameAs\":[\"https:\/\/www.instagram.com\/dutchhealthstore\/\",\"https:\/\/www.facebook.com\/dutchhealthstore\"]}]}<\/script>\n<meta property=\"product:brand\" content=\"Living Libations\" \/>\n<meta property=\"product:price:amount\" content=\"26.00\" \/>\n<meta property=\"product:price:currency\" content=\"EUR\" \/>\n<meta property=\"og:availability\" content=\"instock\" \/>\n<meta property=\"product:availability\" content=\"instock\" \/>\n<meta property=\"product:condition\" content=\"new\" \/>\n<!-- \/ Yoast SEO Premium plugin. -->","yoast_head_json":{"title":"Verbena, Honey Essential Oil - Living Libations","description":"L\u00e9ger et a\u00e9rien Le parfum de la verveine miel \u00e9voque le petit matin, lorsque tout est nouveau et frais.","robots":{"index":"index","follow":"follow","max-snippet":"max-snippet:-1","max-image-preview":"max-image-preview:large","max-video-preview":"max-video-preview:-1"},"canonical":"https:\/\/dutchhealthstore.com\/fr\/product\/verbena-honey-essential-oil\/","og_locale":"fr_FR","og_type":"article","og_title":"Verbena, Honey Essential Oil - Dutch Health Store","og_description":"L\u00e9ger et a\u00e9rien Le parfum de la verveine miel \u00e9voque le petit matin, lorsque tout est nouveau et frais.","og_url":"https:\/\/dutchhealthstore.com\/fr\/product\/verbena-honey-essential-oil\/","og_site_name":"Dutch Health Store","article_publisher":"https:\/\/www.instagram.com\/dutchhealthstore\/","article_modified_time":"2023-03-02T10:20:15+00:00","og_image":[{"width":530,"height":529,"url":"https:\/\/dutchhealthstore.com\/wp-content\/uploads\/2023\/01\/2025-04-15-13_44_37-Honey-Verbena-Essential-Oil-\u2013-Living-Libations-INT.jpg","type":"image\/jpeg"}],"twitter_card":"summary_large_image","twitter_misc":{"Prix":"&euro;26,00","Disponibilit\u00e9":"En stock"},"schema":{"@context":"https:\/\/schema.org","@graph":[{"@type":"WebPage","@id":"https:\/\/dutchhealthstore.com\/fr\/product\/verbena-honey-essential-oil\/","url":"https:\/\/dutchhealthstore.com\/fr\/product\/verbena-honey-essential-oil\/","name":"Verbena, Honey Essential Oil - Living Libations","isPartOf":{"@id":"https:\/\/dutchhealthstore.com\/fr\/#website"},"primaryImageOfPage":{"@id":"https:\/\/dutchhealthstore.com\/fr\/product\/verbena-honey-essential-oil\/#primaryimage"},"image":{"@id":"https:\/\/dutchhealthstore.com\/fr\/product\/verbena-honey-essential-oil\/#primaryimage"},"thumbnailUrl":"https:\/\/dutchhealthstore.com\/wp-content\/uploads\/2023\/01\/2025-04-15-13_44_37-Honey-Verbena-Essential-Oil-\u2013-Living-Libations-INT.jpg","datePublished":"2023-01-02T10:00:46+00:00","dateModified":"2023-03-02T10:20:15+00:00","description":"L\u00e9ger et a\u00e9rien Le parfum de la verveine miel \u00e9voque le petit matin, lorsque tout est nouveau et frais.","breadcrumb":{"@id":"https:\/\/dutchhealthstore.com\/fr\/product\/verbena-honey-essential-oil\/#breadcrumb"},"inLanguage":"fr-FR","potentialAction":[{"@type":"ReadAction","target":["https:\/\/dutchhealthstore.com\/fr\/product\/verbena-honey-essential-oil\/"]}]},{"@type":"ImageObject","inLanguage":"fr-FR","@id":"https:\/\/dutchhealthstore.com\/fr\/product\/verbena-honey-essential-oil\/#primaryimage","url":"https:\/\/dutchhealthstore.com\/wp-content\/uploads\/2023\/01\/2025-04-15-13_44_37-Honey-Verbena-Essential-Oil-\u2013-Living-Libations-INT.jpg","contentUrl":"https:\/\/dutchhealthstore.com\/wp-content\/uploads\/2023\/01\/2025-04-15-13_44_37-Honey-Verbena-Essential-Oil-\u2013-Living-Libations-INT.jpg","width":530,"height":529},{"@type":"BreadcrumbList","@id":"https:\/\/dutchhealthstore.com\/fr\/product\/verbena-honey-essential-oil\/#breadcrumb","itemListElement":[{"@type":"ListItem","position":1,"name":"Home","item":"https:\/\/dutchhealthstore.com\/fr\/"},{"@type":"ListItem","position":2,"name":"Shop","item":"https:\/\/dutchhealthstore.com\/fr\/shop\/"},{"@type":"ListItem","position":3,"name":"Verbena, Honey Essential Oil"}]},{"@type":"WebSite","@id":"https:\/\/dutchhealthstore.com\/fr\/#website","url":"https:\/\/dutchhealthstore.com\/fr\/","name":"Dutch Health Store","description":"Enhance Your Beauty with Organic &amp; Natural Skincare","publisher":{"@id":"https:\/\/dutchhealthstore.com\/fr\/#organization"},"potentialAction":[{"@type":"SearchAction","target":{"@type":"EntryPoint","urlTemplate":"https:\/\/dutchhealthstore.com\/fr\/?s={search_term_string}"},"query-input":{"@type":"PropertyValueSpecification","valueRequired":true,"valueName":"search_term_string"}}],"inLanguage":"fr-FR"},{"@type":"Organization","@id":"https:\/\/dutchhealthstore.com\/fr\/#organization","name":"Dutch Health Store","url":"https:\/\/dutchhealthstore.com\/fr\/","logo":{"@type":"ImageObject","inLanguage":"fr-FR","@id":"https:\/\/dutchhealthstore.com\/fr\/#\/schema\/logo\/image\/","url":"https:\/\/dutchhealthstore.com\/wp-content\/uploads\/2020\/08\/logo-dutchhealthstore-jpg-e1599484957574.jpg","contentUrl":"https:\/\/dutchhealthstore.com\/wp-content\/uploads\/2020\/08\/logo-dutchhealthstore-jpg-e1599484957574.jpg","width":400,"height":62,"caption":"Dutch Health Store"},"image":{"@id":"https:\/\/dutchhealthstore.com\/fr\/#\/schema\/logo\/image\/"},"sameAs":["https:\/\/www.instagram.com\/dutchhealthstore\/","https:\/\/www.facebook.com\/dutchhealthstore"]}]},"product_brand":"Living Libations","product_price_amount":"26.00","product_price_currency":"EUR","og_availability":"instock","product_availability":"instock","product_condition":"new"},"_links":{"self":[{"href":"https:\/\/dutchhealthstore.com\/fr\/wp-json\/wp\/v2\/product\/231218","targetHints":{"allow":["GET"]}}],"collection":[{"href":"https:\/\/dutchhealthstore.com\/fr\/wp-json\/wp\/v2\/product"}],"about":[{"href":"https:\/\/dutchhealthstore.com\/fr\/wp-json\/wp\/v2\/types\/product"}],"replies":[{"embeddable":true,"href":"https:\/\/dutchhealthstore.com\/fr\/wp-json\/wp\/v2\/comments?post=231218"}],"wp:featuredmedia":[{"embeddable":true,"href":"https:\/\/dutchhealthstore.com\/fr\/wp-json\/wp\/v2\/media\/337472"}],"wp:attachment":[{"href":"https:\/\/dutchhealthstore.com\/fr\/wp-json\/wp\/v2\/media?parent=231218"}],"wp:term":[{"taxonomy":"product_brand","embeddable":true,"href":"https:\/\/dutchhealthstore.com\/fr\/wp-json\/wp\/v2\/product_brand?post=231218"},{"taxonomy":"product_cat","embeddable":true,"href":"https:\/\/dutchhealthstore.com\/fr\/wp-json\/wp\/v2\/product_cat?post=231218"},{"taxonomy":"product_tag","embeddable":true,"href":"https:\/\/dutchhealthstore.com\/fr\/wp-json\/wp\/v2\/product_tag?post=231218"}],"curies":[{"name":"wp","href":"https:\/\/api.w.org\/{rel}","templated":true}]}}