{"id":229448,"date":"2023-01-02T10:52:00","date_gmt":"2023-01-02T09:52:00","guid":{"rendered":"https:\/\/dutchhealthstore.com\/product\/eucalyptus-kochii-essential-oil\/"},"modified":"2024-10-21T10:26:17","modified_gmt":"2024-10-21T08:26:17","slug":"eucalyptus-kochii-essential-oil","status":"publish","type":"product","link":"https:\/\/dutchhealthstore.com\/fr\/product\/eucalyptus-kochii-essential-oil\/","title":{"rendered":"Eucalyptus Kochii Essential Oil"},"content":{"rendered":"<p>L&rsquo;eucalyptus est connu pour son \u00e9norme concentration de cin\u00e9ole, un ingr\u00e9dient v\u00e9g\u00e9tal sp\u00e9cial qui d\u00e9gage un ar\u00f4me vert velout\u00e9 avec un centre imposant et camphr\u00e9 et un soup\u00e7on de menthe piquante. L&rsquo;abondance de cin\u00e9ole fait de cet eucalyptus le plus puissant du monde. Cependant, son parfum est d\u00e9licieusement \u00e9quilibr\u00e9, juste un peu sucr\u00e9, et il fait flotter ses mol\u00e9cules vibrantes sur des poitrines hypertrophi\u00e9es et des voies respiratoires.<\/p>\n<p>Les feuilles bleues cireuses et les branches vertes de l&rsquo;arbre Kochii, un arbre tr\u00e8s durable, produisent une abondance d&rsquo;huiles th\u00e9rapeutiques. C&rsquo;est rafra\u00eechissant d&rsquo;utiliser l&rsquo;essence activatrice.<\/p>\n<p><strong>Nom botanique : <\/strong><em>Eucalyptus kochii<\/em><br \/>\n<strong>Famille botanique <\/strong>: <em>Myrtaceae<\/em><br \/>\n<strong>M\u00e9thode d&rsquo;extraction : <\/strong>Distillation \u00e0 la vapeur<br \/>\n<strong>Partie de la plante distill\u00e9e : <\/strong>Feuilles et rameaux<br \/>\n<strong>Pays d&rsquo;origine : <\/strong>Australie<br \/>\n<strong>M\u00e9thode de culture : <\/strong>Culture sauvage<br \/>\n<strong>Composition : <\/strong>100% <em>Eucalyptus kochii<\/em><br \/>\n<strong>Consistance : <\/strong>Mince, couleur vert clair \u00e0 jaune<br \/>\n<strong>Description du parfum : <\/strong>Du velours verdoyant avec un noyau de camphre vif qui ouvre la porte pour restaurer la vigueur et la vitalit\u00e9.<br \/>\n<strong>Se m\u00e9lange bien avec : <\/strong>Citron, bois de santal, romarin, orange, cypr\u00e8s, gen\u00e9vrier, ravensara, \u00e9pinette noire, eucalyptus, hysope, inule, buisson bleu, bergamote, marjolaine, menthe poivr\u00e9e, menthe verte, sapin de Douglas, sapin blanc, sauge, sauge Blue Mountain, camomille et pamplemousse.<\/p>\n<p><strong>Utilisations : <\/strong>D\u00e9congestionne et calme la peau. lotion \u00e9nergisante pour la poitrine. Il est fortement conseill\u00e9 de l&rsquo;utiliser avec une pipe \u00e0 sel et un diffuseur d&rsquo;ar\u00f4mes. robuste dans les huiles de massage et de brossage \u00e0 sec. id\u00e9al pour les sinus encombr\u00e9s. un parfum traditionnel de camphre pour les saunas. le bain pour nettoyer. exceptionnel en mati\u00e8re d&rsquo;hygi\u00e8ne bucco-dentaire. l&rsquo;a\u00e9ration pour l&rsquo;utilisation en vol. donne aux eaux de Cologne un parfum frais et l\u00e9ger, qui est \u00e9galement calmant comme un palliatif.<\/p>\n<p><strong>Composants<\/strong>: 90-95% cineole<\/p>\n<p>Ayez confiance dans vos pr\u00e9parations pour le nettoyage de la peau, le m\u00e9nage et les soins bucco-dentaires, et courage dans vos baumes, bains et brossages \u00e0 sec. C&rsquo;est la vigueur des vaporisateurs, le champion camphr\u00e9 des liniments de poitrine, et le liniment vivace des huiles de massage qui font fondre les muscles. Une goutte d&rsquo;Eucalyptus Kochii dans une pipe \u00e0 sel, une douche chaude ou un diffuseur permet de mieux respirer, d&rsquo;ouvrir les voies respiratoires et de d\u00e9congestionner l&rsquo;environnement. Son ar\u00f4me enjou\u00e9, d&rsquo;une propret\u00e9 m\u00e9ticuleuse, conf\u00e8re aux liniments et aux parfums une note de c\u0153ur l\u00e9g\u00e8re et vivace.<\/p>\n<p>L&rsquo;huile d&rsquo;eucalyptus 100% australienne est appel\u00e9e eucalyptus Kochii. L&rsquo;arbre Kochii prosp\u00e8re dans la r\u00e9gion chaude et aride du sud-ouest de Perth. Le gouvernement australien a d\u00e9truit l&rsquo;environnement local \u00e0 la fin du 19e si\u00e8cle afin de fournir plus d&rsquo;espace pour la production de bl\u00e9. L&rsquo;eau de l&rsquo;oc\u00e9an a donc commenc\u00e9 \u00e0 s&rsquo;infiltrer dans le sol, ce qui a entra\u00een\u00e9 des probl\u00e8mes de salinisation du sol, rendant les terres inutilisables pour l&rsquo;agriculture. Les agriculteurs ont replant\u00e9 25 000 \u00e0 30 000 acres d&rsquo;arbres Eucalyptus Kochii r\u00e9sistants au sel pour emp\u00eacher la propagation du sel. Ces arbres adultes sont d\u00e9sormais consid\u00e9r\u00e9s comme une culture viable pour la production de ce type d&rsquo;huile essentielle d&rsquo;eucalyptus fiable et apaisante.<\/p>\n<p>Comme les Eucalyptus Kochii poussent rapidement, une partie des arbres matures sont taill\u00e9s en taillis chaque ann\u00e9e et la souche est laiss\u00e9e pour produire de nouvelles pousses, ce qui favorise une repousse saine et robuste. Pour fabriquer notre essence clarifiante Kochii, les distillateurs r\u00e9coltent les feuilles et les petites branches. Au cours de la distillation, le tronc et les plus grosses branches sont br\u00fbl\u00e9s comme combustible, et le biochar restant est utilis\u00e9 pour r\u00e9parer le sol.<\/p>\n<p><strong>Taille : 5 ml<\/strong><\/p>\n","protected":false},"excerpt":{"rendered":"<p>Le type d&rsquo;Eucalyptus Kochii incarne la propret\u00e9 par sa vigueur et son honn\u00eatet\u00e9.<\/p>\n","protected":false},"featured_media":337452,"comment_status":"open","ping_status":"closed","template":"","meta":[],"product_brand":[],"product_cat":[1507,6734,1211,1209,1030,3757,1010],"product_tag":[4495],"class_list":{"0":"post-229448","1":"product","2":"type-product","3":"status-publish","4":"has-post-thumbnail","6":"product_cat-plantes-huiles-essentielles-living-libations","7":"product_cat-essential-oils","8":"product_cat-living-libations-france","9":"product_cat-par-marques","10":"product_cat-par-produits","11":"product_cat-plantes-huiles-essentielles","12":"product_cat-notre-boutique","13":"product_tag-essential-oil-fr","14":"pa_brand-livinglibations-fr","15":"pa_essential-oils-product-type-essential-oils-fr","16":"pa_gtin-6096429043012-fr","17":"pa_size-5-ml-fr","19":"first","20":"instock","21":"taxable","22":"shipping-taxable","23":"purchasable","24":"product-type-simple"},"bundled_by":[],"bundle_stock_status":"instock","bundle_stock_quantity":1,"bundle_virtual":false,"bundle_layout":"","bundle_add_to_cart_form_location":"","bundle_editable_in_cart":false,"bundle_sold_individually_context":"","bundle_item_grouping":"","bundle_min_size":"","bundle_max_size":"","bundle_price":[],"bundled_items":[],"bundle_sell_ids":[],"atum_controlled":true,"out_stock_date":null,"out_stock_threshold":null,"inheritable":false,"stock_on_hold":0,"sold_today":0,"sales_last_days":0,"out_stock_days":0,"lost_sales":0,"update_date":"2026-04-17T11:39:30","atum_locations":[],"atum_stock_status":"instock","restock_status":false,"low_stock_amount":"","sales_update_date":"2026-04-17T11:39:30","calc_backorders":null,"group_of_quantity":0,"min_quantity":0,"max_quantity":"","exclude_order_quantity_value_rules":"no","exclude_category_quantity_rules":"no","combine_variations":"no","yoast_head":"<!-- This site is optimized with the Yoast SEO Premium plugin v26.5 (Yoast SEO v26.5) - https:\/\/yoast.com\/wordpress\/plugins\/seo\/ -->\n<title>Eucalyptus Kochii Essential Oil - Living Libations<\/title>\n<meta name=\"description\" content=\"Le type d&#039;Eucalyptus Kochii incarne la propret\u00e9 par sa vigueur et son honn\u00eatet\u00e9.\" \/>\n<meta name=\"robots\" content=\"index, follow, max-snippet:-1, max-image-preview:large, max-video-preview:-1\" \/>\n<link rel=\"canonical\" href=\"https:\/\/dutchhealthstore.com\/fr\/product\/eucalyptus-kochii-essential-oil\/\" \/>\n<meta property=\"og:locale\" content=\"fr_FR\" \/>\n<meta property=\"og:type\" content=\"article\" \/>\n<meta property=\"og:title\" content=\"Eucalyptus Kochii Essential Oil - Dutch Health Store\" \/>\n<meta property=\"og:description\" content=\"Le type d&#039;Eucalyptus Kochii incarne la propret\u00e9 par sa vigueur et son honn\u00eatet\u00e9.\" \/>\n<meta property=\"og:url\" content=\"https:\/\/dutchhealthstore.com\/fr\/product\/eucalyptus-kochii-essential-oil\/\" \/>\n<meta property=\"og:site_name\" content=\"Dutch Health Store\" \/>\n<meta property=\"article:publisher\" content=\"https:\/\/www.instagram.com\/dutchhealthstore\/\" \/>\n<meta property=\"article:modified_time\" content=\"2024-10-21T08:26:17+00:00\" \/>\n<meta property=\"og:image\" content=\"https:\/\/dutchhealthstore.com\/wp-content\/uploads\/2023\/01\/2025-04-15-13_40_35-Eucalyptus-Kochii-Essential-Oil-\u2013-Living-Libations-INT.jpg\" \/>\n\t<meta property=\"og:image:width\" content=\"530\" \/>\n\t<meta property=\"og:image:height\" content=\"530\" \/>\n\t<meta property=\"og:image:type\" content=\"image\/jpeg\" \/>\n<meta name=\"twitter:card\" content=\"summary_large_image\" \/>\n<meta name=\"twitter:label1\" content=\"Prix\" \/>\n\t<meta name=\"twitter:data1\" content=\"&euro;12,00\" \/>\n\t<meta name=\"twitter:label2\" content=\"Disponibilit\u00e9\" \/>\n\t<meta name=\"twitter:data2\" content=\"En stock\" \/>\n<script type=\"application\/ld+json\" class=\"yoast-schema-graph\">{\"@context\":\"https:\/\/schema.org\",\"@graph\":[{\"@type\":\"WebPage\",\"@id\":\"https:\/\/dutchhealthstore.com\/fr\/product\/eucalyptus-kochii-essential-oil\/\",\"url\":\"https:\/\/dutchhealthstore.com\/fr\/product\/eucalyptus-kochii-essential-oil\/\",\"name\":\"Eucalyptus Kochii Essential Oil - Living Libations\",\"isPartOf\":{\"@id\":\"https:\/\/dutchhealthstore.com\/fr\/#website\"},\"primaryImageOfPage\":{\"@id\":\"https:\/\/dutchhealthstore.com\/fr\/product\/eucalyptus-kochii-essential-oil\/#primaryimage\"},\"image\":{\"@id\":\"https:\/\/dutchhealthstore.com\/fr\/product\/eucalyptus-kochii-essential-oil\/#primaryimage\"},\"thumbnailUrl\":\"https:\/\/dutchhealthstore.com\/wp-content\/uploads\/2023\/01\/2025-04-15-13_40_35-Eucalyptus-Kochii-Essential-Oil-\u2013-Living-Libations-INT.jpg\",\"datePublished\":\"2023-01-02T09:52:00+00:00\",\"dateModified\":\"2024-10-21T08:26:17+00:00\",\"description\":\"Le type d'Eucalyptus Kochii incarne la propret\u00e9 par sa vigueur et son honn\u00eatet\u00e9.\",\"breadcrumb\":{\"@id\":\"https:\/\/dutchhealthstore.com\/fr\/product\/eucalyptus-kochii-essential-oil\/#breadcrumb\"},\"inLanguage\":\"fr-FR\",\"potentialAction\":[{\"@type\":\"ReadAction\",\"target\":[\"https:\/\/dutchhealthstore.com\/fr\/product\/eucalyptus-kochii-essential-oil\/\"]}]},{\"@type\":\"ImageObject\",\"inLanguage\":\"fr-FR\",\"@id\":\"https:\/\/dutchhealthstore.com\/fr\/product\/eucalyptus-kochii-essential-oil\/#primaryimage\",\"url\":\"https:\/\/dutchhealthstore.com\/wp-content\/uploads\/2023\/01\/2025-04-15-13_40_35-Eucalyptus-Kochii-Essential-Oil-\u2013-Living-Libations-INT.jpg\",\"contentUrl\":\"https:\/\/dutchhealthstore.com\/wp-content\/uploads\/2023\/01\/2025-04-15-13_40_35-Eucalyptus-Kochii-Essential-Oil-\u2013-Living-Libations-INT.jpg\",\"width\":530,\"height\":530},{\"@type\":\"BreadcrumbList\",\"@id\":\"https:\/\/dutchhealthstore.com\/fr\/product\/eucalyptus-kochii-essential-oil\/#breadcrumb\",\"itemListElement\":[{\"@type\":\"ListItem\",\"position\":1,\"name\":\"Home\",\"item\":\"https:\/\/dutchhealthstore.com\/fr\/\"},{\"@type\":\"ListItem\",\"position\":2,\"name\":\"Shop\",\"item\":\"https:\/\/dutchhealthstore.com\/fr\/shop\/\"},{\"@type\":\"ListItem\",\"position\":3,\"name\":\"Eucalyptus Kochii Essential Oil\"}]},{\"@type\":\"WebSite\",\"@id\":\"https:\/\/dutchhealthstore.com\/fr\/#website\",\"url\":\"https:\/\/dutchhealthstore.com\/fr\/\",\"name\":\"Dutch Health Store\",\"description\":\"Enhance Your Beauty with Organic &amp; Natural Skincare\",\"publisher\":{\"@id\":\"https:\/\/dutchhealthstore.com\/fr\/#organization\"},\"potentialAction\":[{\"@type\":\"SearchAction\",\"target\":{\"@type\":\"EntryPoint\",\"urlTemplate\":\"https:\/\/dutchhealthstore.com\/fr\/?s={search_term_string}\"},\"query-input\":{\"@type\":\"PropertyValueSpecification\",\"valueRequired\":true,\"valueName\":\"search_term_string\"}}],\"inLanguage\":\"fr-FR\"},{\"@type\":\"Organization\",\"@id\":\"https:\/\/dutchhealthstore.com\/fr\/#organization\",\"name\":\"Dutch Health Store\",\"url\":\"https:\/\/dutchhealthstore.com\/fr\/\",\"logo\":{\"@type\":\"ImageObject\",\"inLanguage\":\"fr-FR\",\"@id\":\"https:\/\/dutchhealthstore.com\/fr\/#\/schema\/logo\/image\/\",\"url\":\"https:\/\/dutchhealthstore.com\/wp-content\/uploads\/2020\/08\/logo-dutchhealthstore-jpg-e1599484957574.jpg\",\"contentUrl\":\"https:\/\/dutchhealthstore.com\/wp-content\/uploads\/2020\/08\/logo-dutchhealthstore-jpg-e1599484957574.jpg\",\"width\":400,\"height\":62,\"caption\":\"Dutch Health Store\"},\"image\":{\"@id\":\"https:\/\/dutchhealthstore.com\/fr\/#\/schema\/logo\/image\/\"},\"sameAs\":[\"https:\/\/www.instagram.com\/dutchhealthstore\/\",\"https:\/\/www.facebook.com\/dutchhealthstore\"]}]}<\/script>\n<meta property=\"product:brand\" content=\"Living Libations\" \/>\n<meta property=\"product:price:amount\" content=\"12.00\" \/>\n<meta property=\"product:price:currency\" content=\"EUR\" \/>\n<meta property=\"og:availability\" content=\"instock\" \/>\n<meta property=\"product:availability\" content=\"instock\" \/>\n<meta property=\"product:condition\" content=\"new\" \/>\n<!-- \/ Yoast SEO Premium plugin. -->","yoast_head_json":{"title":"Eucalyptus Kochii Essential Oil - Living Libations","description":"Le type d'Eucalyptus Kochii incarne la propret\u00e9 par sa vigueur et son honn\u00eatet\u00e9.","robots":{"index":"index","follow":"follow","max-snippet":"max-snippet:-1","max-image-preview":"max-image-preview:large","max-video-preview":"max-video-preview:-1"},"canonical":"https:\/\/dutchhealthstore.com\/fr\/product\/eucalyptus-kochii-essential-oil\/","og_locale":"fr_FR","og_type":"article","og_title":"Eucalyptus Kochii Essential Oil - Dutch Health Store","og_description":"Le type d'Eucalyptus Kochii incarne la propret\u00e9 par sa vigueur et son honn\u00eatet\u00e9.","og_url":"https:\/\/dutchhealthstore.com\/fr\/product\/eucalyptus-kochii-essential-oil\/","og_site_name":"Dutch Health Store","article_publisher":"https:\/\/www.instagram.com\/dutchhealthstore\/","article_modified_time":"2024-10-21T08:26:17+00:00","og_image":[{"width":530,"height":530,"url":"https:\/\/dutchhealthstore.com\/wp-content\/uploads\/2023\/01\/2025-04-15-13_40_35-Eucalyptus-Kochii-Essential-Oil-\u2013-Living-Libations-INT.jpg","type":"image\/jpeg"}],"twitter_card":"summary_large_image","twitter_misc":{"Prix":"&euro;12,00","Disponibilit\u00e9":"En stock"},"schema":{"@context":"https:\/\/schema.org","@graph":[{"@type":"WebPage","@id":"https:\/\/dutchhealthstore.com\/fr\/product\/eucalyptus-kochii-essential-oil\/","url":"https:\/\/dutchhealthstore.com\/fr\/product\/eucalyptus-kochii-essential-oil\/","name":"Eucalyptus Kochii Essential Oil - Living Libations","isPartOf":{"@id":"https:\/\/dutchhealthstore.com\/fr\/#website"},"primaryImageOfPage":{"@id":"https:\/\/dutchhealthstore.com\/fr\/product\/eucalyptus-kochii-essential-oil\/#primaryimage"},"image":{"@id":"https:\/\/dutchhealthstore.com\/fr\/product\/eucalyptus-kochii-essential-oil\/#primaryimage"},"thumbnailUrl":"https:\/\/dutchhealthstore.com\/wp-content\/uploads\/2023\/01\/2025-04-15-13_40_35-Eucalyptus-Kochii-Essential-Oil-\u2013-Living-Libations-INT.jpg","datePublished":"2023-01-02T09:52:00+00:00","dateModified":"2024-10-21T08:26:17+00:00","description":"Le type d'Eucalyptus Kochii incarne la propret\u00e9 par sa vigueur et son honn\u00eatet\u00e9.","breadcrumb":{"@id":"https:\/\/dutchhealthstore.com\/fr\/product\/eucalyptus-kochii-essential-oil\/#breadcrumb"},"inLanguage":"fr-FR","potentialAction":[{"@type":"ReadAction","target":["https:\/\/dutchhealthstore.com\/fr\/product\/eucalyptus-kochii-essential-oil\/"]}]},{"@type":"ImageObject","inLanguage":"fr-FR","@id":"https:\/\/dutchhealthstore.com\/fr\/product\/eucalyptus-kochii-essential-oil\/#primaryimage","url":"https:\/\/dutchhealthstore.com\/wp-content\/uploads\/2023\/01\/2025-04-15-13_40_35-Eucalyptus-Kochii-Essential-Oil-\u2013-Living-Libations-INT.jpg","contentUrl":"https:\/\/dutchhealthstore.com\/wp-content\/uploads\/2023\/01\/2025-04-15-13_40_35-Eucalyptus-Kochii-Essential-Oil-\u2013-Living-Libations-INT.jpg","width":530,"height":530},{"@type":"BreadcrumbList","@id":"https:\/\/dutchhealthstore.com\/fr\/product\/eucalyptus-kochii-essential-oil\/#breadcrumb","itemListElement":[{"@type":"ListItem","position":1,"name":"Home","item":"https:\/\/dutchhealthstore.com\/fr\/"},{"@type":"ListItem","position":2,"name":"Shop","item":"https:\/\/dutchhealthstore.com\/fr\/shop\/"},{"@type":"ListItem","position":3,"name":"Eucalyptus Kochii Essential Oil"}]},{"@type":"WebSite","@id":"https:\/\/dutchhealthstore.com\/fr\/#website","url":"https:\/\/dutchhealthstore.com\/fr\/","name":"Dutch Health Store","description":"Enhance Your Beauty with Organic &amp; Natural Skincare","publisher":{"@id":"https:\/\/dutchhealthstore.com\/fr\/#organization"},"potentialAction":[{"@type":"SearchAction","target":{"@type":"EntryPoint","urlTemplate":"https:\/\/dutchhealthstore.com\/fr\/?s={search_term_string}"},"query-input":{"@type":"PropertyValueSpecification","valueRequired":true,"valueName":"search_term_string"}}],"inLanguage":"fr-FR"},{"@type":"Organization","@id":"https:\/\/dutchhealthstore.com\/fr\/#organization","name":"Dutch Health Store","url":"https:\/\/dutchhealthstore.com\/fr\/","logo":{"@type":"ImageObject","inLanguage":"fr-FR","@id":"https:\/\/dutchhealthstore.com\/fr\/#\/schema\/logo\/image\/","url":"https:\/\/dutchhealthstore.com\/wp-content\/uploads\/2020\/08\/logo-dutchhealthstore-jpg-e1599484957574.jpg","contentUrl":"https:\/\/dutchhealthstore.com\/wp-content\/uploads\/2020\/08\/logo-dutchhealthstore-jpg-e1599484957574.jpg","width":400,"height":62,"caption":"Dutch Health Store"},"image":{"@id":"https:\/\/dutchhealthstore.com\/fr\/#\/schema\/logo\/image\/"},"sameAs":["https:\/\/www.instagram.com\/dutchhealthstore\/","https:\/\/www.facebook.com\/dutchhealthstore"]}]},"product_brand":"Living Libations","product_price_amount":"12.00","product_price_currency":"EUR","og_availability":"instock","product_availability":"instock","product_condition":"new"},"_links":{"self":[{"href":"https:\/\/dutchhealthstore.com\/fr\/wp-json\/wp\/v2\/product\/229448","targetHints":{"allow":["GET"]}}],"collection":[{"href":"https:\/\/dutchhealthstore.com\/fr\/wp-json\/wp\/v2\/product"}],"about":[{"href":"https:\/\/dutchhealthstore.com\/fr\/wp-json\/wp\/v2\/types\/product"}],"replies":[{"embeddable":true,"href":"https:\/\/dutchhealthstore.com\/fr\/wp-json\/wp\/v2\/comments?post=229448"}],"wp:featuredmedia":[{"embeddable":true,"href":"https:\/\/dutchhealthstore.com\/fr\/wp-json\/wp\/v2\/media\/337452"}],"wp:attachment":[{"href":"https:\/\/dutchhealthstore.com\/fr\/wp-json\/wp\/v2\/media?parent=229448"}],"wp:term":[{"taxonomy":"product_brand","embeddable":true,"href":"https:\/\/dutchhealthstore.com\/fr\/wp-json\/wp\/v2\/product_brand?post=229448"},{"taxonomy":"product_cat","embeddable":true,"href":"https:\/\/dutchhealthstore.com\/fr\/wp-json\/wp\/v2\/product_cat?post=229448"},{"taxonomy":"product_tag","embeddable":true,"href":"https:\/\/dutchhealthstore.com\/fr\/wp-json\/wp\/v2\/product_tag?post=229448"}],"curies":[{"name":"wp","href":"https:\/\/api.w.org\/{rel}","templated":true}]}}