{"id":227619,"date":"2022-12-15T13:57:14","date_gmt":"2022-12-15T12:57:14","guid":{"rendered":"https:\/\/dutchhealthstore.com\/product\/full-spectrum-lions-mane-mushroom-dual-extraction-extract-powder-superior-quality\/"},"modified":"2026-02-13T10:03:36","modified_gmt":"2026-02-13T09:03:36","slug":"full-spectrum-lions-mane-mushroom-dual-extraction-extract-powder-superior-quality","status":"publish","type":"product","link":"https:\/\/dutchhealthstore.com\/fr\/product\/full-spectrum-lions-mane-mushroom-dual-extraction-extract-powder-superior-quality\/","title":{"rendered":"Full Spectrum Lions Mane Mushroom (Dual Extraction) Extract Powder &#8211; Superior Quality"},"content":{"rendered":"<p>Afin de capturer tous les composants naturelet les plus b\u00e9n\u00e9fiques de l&rsquo;extrait dans les m\u00eames quantit\u00e9s que dans la plante d&rsquo;origine, une technique sp\u00e9cifique \u00e0 temp\u00e9rature contr\u00f4l\u00e9e est utilis\u00e9e pour correspondre compl\u00e8tement aux propri\u00e9t\u00e9s du champignon. On obtient ainsi un extrait id\u00e9al \u00e0 spectre complet.<\/p>\n<p>Nos lion&rsquo;s mane mushrooms sont cultiv\u00e9s \u00e0 l&rsquo;\u00e9tat sauvage dans des environnements naturel et intacts. Seul le corps fructifiant est utilis\u00e9 pour l&rsquo;extraction ; les spores sont inocul\u00e9es sur des rondins de bois dur.<\/p>\n<p>Chaque poudre fait l&rsquo;objet d&rsquo;un contr\u00f4le approfondi des m\u00e9taux lourds, des pesticides et d&rsquo;autres contaminants ; un certificat d&rsquo;analyse est disponible sur demande pour chaque extrait de plantes. Ils sont conditionn\u00e9s dans des r\u00e9cipients en verre fonc\u00e9 et sont totalement exempts d&rsquo;additifs, de charges, d&rsquo;ingr\u00e9dients synth\u00e9tiques, de conservateurs, de farines et autres agents de charge, d&rsquo;OGM, de produits laitiers et de gluten.<\/p>\n<h3>Comment utiliser<\/h3>\n<p>1g, soit environ une demi-cuill\u00e8re \u00e0 caf\u00e9, avec de l&rsquo;eau chaude, ou m\u00e9langez-la \u00e0 votre th\u00e9, smoothie ou autre boisson pr\u00e9f\u00e9r\u00e9e. Peut \u00e9galement \u00eatre saupoudr\u00e9 sur les aliments chauds ou la salade.<\/p>\n<h3><strong>Taille : 80 gr <\/strong><\/h3>\n<h3>Ingr\u00e9dients Naturels\/Biologiques<\/h3>\n<ul>\n<li>Full Spectrum Extract complet 10:1 produit \u00e0 partir des organes de fructification du champignon Lions Mane (Hericium erinaceus).<\/li>\n<\/ul>\n<p>Sans agent de remplissage ni conservateur.<br \/>\nProduit provenant des montagnes de Dabai, en Chine.<\/p>\n","protected":false},"excerpt":{"rendered":"<p>Notre Superior Quality Lions Mane Mushroom 10:1 Extract Powder est fabriqu\u00e9e \u00e0 l&rsquo;aide d&rsquo;une proc\u00e9dure en deux \u00e9tapes qui implique deux extractions distinctes utilisant de l&rsquo;eau pure et de l&rsquo;alcool, toutes deux trait\u00e9es conform\u00e9ment aux connaissances ancestrales de la m\u00e9decine traditionnelle chinoise.<\/p>\n","protected":false},"featured_media":227612,"comment_status":"open","ping_status":"closed","template":"","meta":[],"product_brand":[],"product_cat":[9966,4384,4383,8466,1209,1030,8467,8980,1010,4400,8786],"product_tag":[21534,21516,21515,21540],"class_list":{"0":"post-227619","1":"product","2":"type-product","3":"status-publish","4":"has-post-thumbnail","6":"product_cat-mushrooms-fr-2","7":"product_cat-tonic-herbs-fr-2","8":"product_cat-navi-organics-fr","9":"product_cat-nutrition-fr","10":"product_cat-par-marques","11":"product_cat-par-produits","12":"product_cat-health-fr-2","13":"product_cat-optimum-health-fr-2","14":"product_cat-notre-boutique","15":"product_cat-superfoods-fr-2","16":"product_cat-superfoods-herbals-fr-2","17":"product_tag-lesprit","18":"product_tag-sante-optimale","19":"product_tag-superfood-fr","20":"product_tag-supplement-fr","21":"pa_brand-naviorganics-fr","22":"pa_gtin-6096414351382-fr","23":"pa_health-productype-optimum-health-fr","24":"pa_health-productype-supplements-fr","25":"pa_size-225-gr-fr","26":"pa_size-80-gr-fr","28":"first","29":"outofstock","30":"taxable","31":"shipping-taxable","32":"purchasable","33":"product-type-variable"},"bundled_by":[],"bundle_stock_status":"outofstock","bundle_stock_quantity":null,"bundle_virtual":false,"bundle_layout":"","bundle_add_to_cart_form_location":"","bundle_editable_in_cart":false,"bundle_sold_individually_context":"","bundle_item_grouping":"","bundle_min_size":"","bundle_max_size":"","bundle_price":[],"bundled_items":[],"bundle_sell_ids":[],"atum_controlled":true,"out_stock_date":null,"out_stock_threshold":null,"inheritable":true,"stock_on_hold":0,"sold_today":0,"sales_last_days":0,"out_stock_days":0,"lost_sales":0,"update_date":"2026-04-13T00:03:52","atum_locations":[],"atum_stock_status":"outofstock","restock_status":false,"low_stock_amount":"","sales_update_date":"2026-04-13T00:03:52","calc_backorders":null,"group_of_quantity":0,"min_quantity":0,"max_quantity":"","exclude_order_quantity_value_rules":"no","exclude_category_quantity_rules":"no","combine_variations":"no","yoast_head":"<!-- This site is optimized with the Yoast SEO Premium plugin v26.5 (Yoast SEO v26.5) - https:\/\/yoast.com\/wordpress\/plugins\/seo\/ -->\n<title>Full Spectrum Lions Mane Mushroom (Dual Extraction) Extract Powder - Superior Quality - Na&#039;vi Organics<\/title>\n<meta name=\"description\" content=\"Notre Superior Quality Lions Mane Mushroom 10:1 Extract Powder est fabriqu\u00e9e \u00e0 l&#039;aide d&#039;une proc\u00e9dure en deux \u00e9tapes qui implique deux extractions distinctes utilisant de l&#039;eau pure et de l&#039;alcool, toutes deux trait\u00e9es conform\u00e9ment aux connaissances ancestrales de la m\u00e9decine traditionnelle chinoise.\" \/>\n<meta name=\"robots\" content=\"index, follow, max-snippet:-1, max-image-preview:large, max-video-preview:-1\" \/>\n<link rel=\"canonical\" href=\"https:\/\/dutchhealthstore.com\/fr\/product\/full-spectrum-lions-mane-mushroom-dual-extraction-extract-powder-superior-quality\/\" \/>\n<meta property=\"og:locale\" content=\"fr_FR\" \/>\n<meta property=\"og:type\" content=\"article\" \/>\n<meta property=\"og:title\" content=\"Full Spectrum Lions Mane Mushroom (Dual Extraction) Extract Powder - Superior Quality - Dutch Health Store\" \/>\n<meta property=\"og:description\" content=\"Notre Superior Quality Lions Mane Mushroom 10:1 Extract Powder est fabriqu\u00e9e \u00e0 l&#039;aide d&#039;une proc\u00e9dure en deux \u00e9tapes qui implique deux extractions distinctes utilisant de l&#039;eau pure et de l&#039;alcool, toutes deux trait\u00e9es conform\u00e9ment aux connaissances ancestrales de la m\u00e9decine traditionnelle chinoise.\" \/>\n<meta property=\"og:url\" content=\"https:\/\/dutchhealthstore.com\/fr\/product\/full-spectrum-lions-mane-mushroom-dual-extraction-extract-powder-superior-quality\/\" \/>\n<meta property=\"og:site_name\" content=\"Dutch Health Store\" \/>\n<meta property=\"article:publisher\" content=\"https:\/\/www.instagram.com\/dutchhealthstore\/\" \/>\n<meta property=\"article:modified_time\" content=\"2026-02-13T09:03:36+00:00\" \/>\n<meta property=\"og:image\" content=\"https:\/\/dutchhealthstore.com\/wp-content\/uploads\/2022\/12\/navilionsmane.jpg\" \/>\n\t<meta property=\"og:image:width\" content=\"510\" \/>\n\t<meta property=\"og:image:height\" content=\"510\" \/>\n\t<meta property=\"og:image:type\" content=\"image\/jpeg\" \/>\n<meta name=\"twitter:card\" content=\"summary_large_image\" \/>\n<meta name=\"twitter:label1\" content=\"Disponibilit\u00e9\" \/>\n\t<meta name=\"twitter:data1\" content=\"Rupture de stock\" \/>\n<script type=\"application\/ld+json\" class=\"yoast-schema-graph\">{\"@context\":\"https:\/\/schema.org\",\"@graph\":[{\"@type\":\"WebPage\",\"@id\":\"https:\/\/dutchhealthstore.com\/fr\/product\/full-spectrum-lions-mane-mushroom-dual-extraction-extract-powder-superior-quality\/\",\"url\":\"https:\/\/dutchhealthstore.com\/fr\/product\/full-spectrum-lions-mane-mushroom-dual-extraction-extract-powder-superior-quality\/\",\"name\":\"Full Spectrum Lions Mane Mushroom (Dual Extraction) Extract Powder - Superior Quality - Na'vi Organics\",\"isPartOf\":{\"@id\":\"https:\/\/dutchhealthstore.com\/fr\/#website\"},\"primaryImageOfPage\":{\"@id\":\"https:\/\/dutchhealthstore.com\/fr\/product\/full-spectrum-lions-mane-mushroom-dual-extraction-extract-powder-superior-quality\/#primaryimage\"},\"image\":{\"@id\":\"https:\/\/dutchhealthstore.com\/fr\/product\/full-spectrum-lions-mane-mushroom-dual-extraction-extract-powder-superior-quality\/#primaryimage\"},\"thumbnailUrl\":\"https:\/\/dutchhealthstore.com\/wp-content\/uploads\/2022\/12\/navilionsmane.jpg\",\"datePublished\":\"2022-12-15T12:57:14+00:00\",\"dateModified\":\"2026-02-13T09:03:36+00:00\",\"description\":\"Notre Superior Quality Lions Mane Mushroom 10:1 Extract Powder est fabriqu\u00e9e \u00e0 l'aide d'une proc\u00e9dure en deux \u00e9tapes qui implique deux extractions distinctes utilisant de l'eau pure et de l'alcool, toutes deux trait\u00e9es conform\u00e9ment aux connaissances ancestrales de la m\u00e9decine traditionnelle chinoise.\",\"breadcrumb\":{\"@id\":\"https:\/\/dutchhealthstore.com\/fr\/product\/full-spectrum-lions-mane-mushroom-dual-extraction-extract-powder-superior-quality\/#breadcrumb\"},\"inLanguage\":\"fr-FR\",\"potentialAction\":[{\"@type\":\"ReadAction\",\"target\":[\"https:\/\/dutchhealthstore.com\/fr\/product\/full-spectrum-lions-mane-mushroom-dual-extraction-extract-powder-superior-quality\/\"]}]},{\"@type\":\"ImageObject\",\"inLanguage\":\"fr-FR\",\"@id\":\"https:\/\/dutchhealthstore.com\/fr\/product\/full-spectrum-lions-mane-mushroom-dual-extraction-extract-powder-superior-quality\/#primaryimage\",\"url\":\"https:\/\/dutchhealthstore.com\/wp-content\/uploads\/2022\/12\/navilionsmane.jpg\",\"contentUrl\":\"https:\/\/dutchhealthstore.com\/wp-content\/uploads\/2022\/12\/navilionsmane.jpg\",\"width\":510,\"height\":510,\"caption\":\"navilionsmane\"},{\"@type\":\"BreadcrumbList\",\"@id\":\"https:\/\/dutchhealthstore.com\/fr\/product\/full-spectrum-lions-mane-mushroom-dual-extraction-extract-powder-superior-quality\/#breadcrumb\",\"itemListElement\":[{\"@type\":\"ListItem\",\"position\":1,\"name\":\"Home\",\"item\":\"https:\/\/dutchhealthstore.com\/fr\/\"},{\"@type\":\"ListItem\",\"position\":2,\"name\":\"Shop\",\"item\":\"https:\/\/dutchhealthstore.com\/fr\/shop\/\"},{\"@type\":\"ListItem\",\"position\":3,\"name\":\"Full Spectrum Lions Mane Mushroom (Dual Extraction) Extract Powder &#8211; Superior Quality\"}]},{\"@type\":\"WebSite\",\"@id\":\"https:\/\/dutchhealthstore.com\/fr\/#website\",\"url\":\"https:\/\/dutchhealthstore.com\/fr\/\",\"name\":\"Dutch Health Store\",\"description\":\"Enhance Your Beauty with Organic &amp; Natural Skincare\",\"publisher\":{\"@id\":\"https:\/\/dutchhealthstore.com\/fr\/#organization\"},\"potentialAction\":[{\"@type\":\"SearchAction\",\"target\":{\"@type\":\"EntryPoint\",\"urlTemplate\":\"https:\/\/dutchhealthstore.com\/fr\/?s={search_term_string}\"},\"query-input\":{\"@type\":\"PropertyValueSpecification\",\"valueRequired\":true,\"valueName\":\"search_term_string\"}}],\"inLanguage\":\"fr-FR\"},{\"@type\":\"Organization\",\"@id\":\"https:\/\/dutchhealthstore.com\/fr\/#organization\",\"name\":\"Dutch Health Store\",\"url\":\"https:\/\/dutchhealthstore.com\/fr\/\",\"logo\":{\"@type\":\"ImageObject\",\"inLanguage\":\"fr-FR\",\"@id\":\"https:\/\/dutchhealthstore.com\/fr\/#\/schema\/logo\/image\/\",\"url\":\"https:\/\/dutchhealthstore.com\/wp-content\/uploads\/2020\/08\/logo-dutchhealthstore-jpg-e1599484957574.jpg\",\"contentUrl\":\"https:\/\/dutchhealthstore.com\/wp-content\/uploads\/2020\/08\/logo-dutchhealthstore-jpg-e1599484957574.jpg\",\"width\":400,\"height\":62,\"caption\":\"Dutch Health Store\"},\"image\":{\"@id\":\"https:\/\/dutchhealthstore.com\/fr\/#\/schema\/logo\/image\/\"},\"sameAs\":[\"https:\/\/www.instagram.com\/dutchhealthstore\/\",\"https:\/\/www.facebook.com\/dutchhealthstore\"]}]}<\/script>\n<meta property=\"product:brand\" content=\"Na\u00b4Vi Organics\" \/>\n<meta property=\"og:availability\" content=\"out of stock\" \/>\n<meta property=\"product:availability\" content=\"out of stock\" \/>\n<meta property=\"product:condition\" content=\"new\" \/>\n<!-- \/ Yoast SEO Premium plugin. -->","yoast_head_json":{"title":"Full Spectrum Lions Mane Mushroom (Dual Extraction) Extract Powder - Superior Quality - Na'vi Organics","description":"Notre Superior Quality Lions Mane Mushroom 10:1 Extract Powder est fabriqu\u00e9e \u00e0 l'aide d'une proc\u00e9dure en deux \u00e9tapes qui implique deux extractions distinctes utilisant de l'eau pure et de l'alcool, toutes deux trait\u00e9es conform\u00e9ment aux connaissances ancestrales de la m\u00e9decine traditionnelle chinoise.","robots":{"index":"index","follow":"follow","max-snippet":"max-snippet:-1","max-image-preview":"max-image-preview:large","max-video-preview":"max-video-preview:-1"},"canonical":"https:\/\/dutchhealthstore.com\/fr\/product\/full-spectrum-lions-mane-mushroom-dual-extraction-extract-powder-superior-quality\/","og_locale":"fr_FR","og_type":"article","og_title":"Full Spectrum Lions Mane Mushroom (Dual Extraction) Extract Powder - Superior Quality - Dutch Health Store","og_description":"Notre Superior Quality Lions Mane Mushroom 10:1 Extract Powder est fabriqu\u00e9e \u00e0 l'aide d'une proc\u00e9dure en deux \u00e9tapes qui implique deux extractions distinctes utilisant de l'eau pure et de l'alcool, toutes deux trait\u00e9es conform\u00e9ment aux connaissances ancestrales de la m\u00e9decine traditionnelle chinoise.","og_url":"https:\/\/dutchhealthstore.com\/fr\/product\/full-spectrum-lions-mane-mushroom-dual-extraction-extract-powder-superior-quality\/","og_site_name":"Dutch Health Store","article_publisher":"https:\/\/www.instagram.com\/dutchhealthstore\/","article_modified_time":"2026-02-13T09:03:36+00:00","og_image":[{"width":510,"height":510,"url":"https:\/\/dutchhealthstore.com\/wp-content\/uploads\/2022\/12\/navilionsmane.jpg","type":"image\/jpeg"}],"twitter_card":"summary_large_image","twitter_misc":{"Disponibilit\u00e9":"Rupture de stock"},"schema":{"@context":"https:\/\/schema.org","@graph":[{"@type":"WebPage","@id":"https:\/\/dutchhealthstore.com\/fr\/product\/full-spectrum-lions-mane-mushroom-dual-extraction-extract-powder-superior-quality\/","url":"https:\/\/dutchhealthstore.com\/fr\/product\/full-spectrum-lions-mane-mushroom-dual-extraction-extract-powder-superior-quality\/","name":"Full Spectrum Lions Mane Mushroom (Dual Extraction) Extract Powder - Superior Quality - Na'vi Organics","isPartOf":{"@id":"https:\/\/dutchhealthstore.com\/fr\/#website"},"primaryImageOfPage":{"@id":"https:\/\/dutchhealthstore.com\/fr\/product\/full-spectrum-lions-mane-mushroom-dual-extraction-extract-powder-superior-quality\/#primaryimage"},"image":{"@id":"https:\/\/dutchhealthstore.com\/fr\/product\/full-spectrum-lions-mane-mushroom-dual-extraction-extract-powder-superior-quality\/#primaryimage"},"thumbnailUrl":"https:\/\/dutchhealthstore.com\/wp-content\/uploads\/2022\/12\/navilionsmane.jpg","datePublished":"2022-12-15T12:57:14+00:00","dateModified":"2026-02-13T09:03:36+00:00","description":"Notre Superior Quality Lions Mane Mushroom 10:1 Extract Powder est fabriqu\u00e9e \u00e0 l'aide d'une proc\u00e9dure en deux \u00e9tapes qui implique deux extractions distinctes utilisant de l'eau pure et de l'alcool, toutes deux trait\u00e9es conform\u00e9ment aux connaissances ancestrales de la m\u00e9decine traditionnelle chinoise.","breadcrumb":{"@id":"https:\/\/dutchhealthstore.com\/fr\/product\/full-spectrum-lions-mane-mushroom-dual-extraction-extract-powder-superior-quality\/#breadcrumb"},"inLanguage":"fr-FR","potentialAction":[{"@type":"ReadAction","target":["https:\/\/dutchhealthstore.com\/fr\/product\/full-spectrum-lions-mane-mushroom-dual-extraction-extract-powder-superior-quality\/"]}]},{"@type":"ImageObject","inLanguage":"fr-FR","@id":"https:\/\/dutchhealthstore.com\/fr\/product\/full-spectrum-lions-mane-mushroom-dual-extraction-extract-powder-superior-quality\/#primaryimage","url":"https:\/\/dutchhealthstore.com\/wp-content\/uploads\/2022\/12\/navilionsmane.jpg","contentUrl":"https:\/\/dutchhealthstore.com\/wp-content\/uploads\/2022\/12\/navilionsmane.jpg","width":510,"height":510,"caption":"navilionsmane"},{"@type":"BreadcrumbList","@id":"https:\/\/dutchhealthstore.com\/fr\/product\/full-spectrum-lions-mane-mushroom-dual-extraction-extract-powder-superior-quality\/#breadcrumb","itemListElement":[{"@type":"ListItem","position":1,"name":"Home","item":"https:\/\/dutchhealthstore.com\/fr\/"},{"@type":"ListItem","position":2,"name":"Shop","item":"https:\/\/dutchhealthstore.com\/fr\/shop\/"},{"@type":"ListItem","position":3,"name":"Full Spectrum Lions Mane Mushroom (Dual Extraction) Extract Powder &#8211; Superior Quality"}]},{"@type":"WebSite","@id":"https:\/\/dutchhealthstore.com\/fr\/#website","url":"https:\/\/dutchhealthstore.com\/fr\/","name":"Dutch Health Store","description":"Enhance Your Beauty with Organic &amp; Natural Skincare","publisher":{"@id":"https:\/\/dutchhealthstore.com\/fr\/#organization"},"potentialAction":[{"@type":"SearchAction","target":{"@type":"EntryPoint","urlTemplate":"https:\/\/dutchhealthstore.com\/fr\/?s={search_term_string}"},"query-input":{"@type":"PropertyValueSpecification","valueRequired":true,"valueName":"search_term_string"}}],"inLanguage":"fr-FR"},{"@type":"Organization","@id":"https:\/\/dutchhealthstore.com\/fr\/#organization","name":"Dutch Health Store","url":"https:\/\/dutchhealthstore.com\/fr\/","logo":{"@type":"ImageObject","inLanguage":"fr-FR","@id":"https:\/\/dutchhealthstore.com\/fr\/#\/schema\/logo\/image\/","url":"https:\/\/dutchhealthstore.com\/wp-content\/uploads\/2020\/08\/logo-dutchhealthstore-jpg-e1599484957574.jpg","contentUrl":"https:\/\/dutchhealthstore.com\/wp-content\/uploads\/2020\/08\/logo-dutchhealthstore-jpg-e1599484957574.jpg","width":400,"height":62,"caption":"Dutch Health Store"},"image":{"@id":"https:\/\/dutchhealthstore.com\/fr\/#\/schema\/logo\/image\/"},"sameAs":["https:\/\/www.instagram.com\/dutchhealthstore\/","https:\/\/www.facebook.com\/dutchhealthstore"]}]},"product_brand":"Na\u00b4Vi Organics","og_availability":"out of stock","product_availability":"out of stock","product_condition":"new"},"_links":{"self":[{"href":"https:\/\/dutchhealthstore.com\/fr\/wp-json\/wp\/v2\/product\/227619","targetHints":{"allow":["GET"]}}],"collection":[{"href":"https:\/\/dutchhealthstore.com\/fr\/wp-json\/wp\/v2\/product"}],"about":[{"href":"https:\/\/dutchhealthstore.com\/fr\/wp-json\/wp\/v2\/types\/product"}],"replies":[{"embeddable":true,"href":"https:\/\/dutchhealthstore.com\/fr\/wp-json\/wp\/v2\/comments?post=227619"}],"wp:featuredmedia":[{"embeddable":true,"href":"https:\/\/dutchhealthstore.com\/fr\/wp-json\/wp\/v2\/media\/227612"}],"wp:attachment":[{"href":"https:\/\/dutchhealthstore.com\/fr\/wp-json\/wp\/v2\/media?parent=227619"}],"wp:term":[{"taxonomy":"product_brand","embeddable":true,"href":"https:\/\/dutchhealthstore.com\/fr\/wp-json\/wp\/v2\/product_brand?post=227619"},{"taxonomy":"product_cat","embeddable":true,"href":"https:\/\/dutchhealthstore.com\/fr\/wp-json\/wp\/v2\/product_cat?post=227619"},{"taxonomy":"product_tag","embeddable":true,"href":"https:\/\/dutchhealthstore.com\/fr\/wp-json\/wp\/v2\/product_tag?post=227619"}],"curies":[{"name":"wp","href":"https:\/\/api.w.org\/{rel}","templated":true}]}}