{"id":219496,"date":"2022-09-02T13:28:14","date_gmt":"2022-09-02T11:28:14","guid":{"rendered":"https:\/\/dutchhealthstore.com\/product\/myrtle-mountain-essential-oil\/"},"modified":"2023-02-28T15:18:46","modified_gmt":"2023-02-28T15:18:46","slug":"myrtle-mountain-essential-oil","status":"publish","type":"product","link":"https:\/\/dutchhealthstore.com\/fr\/product\/myrtle-mountain-essential-oil\/","title":{"rendered":"Myrtle, Mountain Essential Oil"},"content":{"rendered":"<p>Les feuilles parfum\u00e9es cueillies \u00e0 la main lib\u00e8rent leurs mol\u00e9cules m\u00e9lodiques en une essence qui tonifie, nettoie, harmonise et inspire.<\/p>\n<p><strong>Nom botanique :<\/strong> Luma chequen<br \/>\n<strong>Famille botanique :<\/strong> Myrtaceae<br \/>\n<strong>M\u00e9thode d&rsquo;extraction :<\/strong> Distillation \u00e0 la vapeur<br \/>\n<strong>Partie de la plante distill\u00e9e :<\/strong> Feuilles et tiges<br \/>\n<strong>Pays d&rsquo;origine :<\/strong> P\u00e9rou<br \/>\n<strong>M\u00e9thode de culture :<\/strong> R\u00e9colte sauvage<br \/>\n<strong>Composition <\/strong>: 100% Luma chequen<br \/>\n<strong>Coh\u00e9rence <\/strong>: Mince<\/p>\n<p><strong>Description du parfum :<\/strong> Rafra\u00eechissant comme si vous mordiez dans une pomme verte fra\u00eeche. Croustillant et fruit\u00e9 avec des notes bois\u00e9es et camphr\u00e9es.<br \/>\n<strong>Se m\u00e9lange bien avec :<\/strong> Lavande, hysope, marjolaine, encens, sapin, agrumes, rose, laurier, ylang, coriandre, myrte, thym et inule. Se m\u00e9lange tr\u00e8s bien avec les huiles d&rsquo;agrumes et d&rsquo;autres huiles riches en cin\u00e9ole comme l&rsquo;eucalyptus, le ravensara et le romarin.<br \/>\n<strong>Composants :<\/strong> 60% de monoterp\u00e8nes dont 30% de limon\u00e8ne. 15% de cin\u00e9ole et 9% de linalol.<br \/>\n<strong>Utilisation :<\/strong> Tonique pour la peau et le cuir chevelu. Diffuseur. Essence de m\u00e9ditation pour l&rsquo;\u00e9quilibre. Excellent dans les tuyaux de sel. Un plaisir dans les bains. Nettoie les chakras du c\u0153ur et de la gorge.<br \/>\n<strong>Contre-indication :<\/strong> Diluer \u00e0 au moins 2% dans une huile de support.<\/p>\n<p>Dans les sols riches des montagnes des Andes, d&rsquo;anciens bosquets d&rsquo;arbres <em>Luma chequen<\/em> prosp\u00e8rent le long des voies d&rsquo;eau bleues. L&rsquo;\u00e9corce grise \u00e9caill\u00e9e des arbres r\u00e9v\u00e8le un tronc orange et blanc lumineusement lisse, et les feuilles parfum\u00e9es et brillantes ornent les branches tandis que les fleurs blanches duveteuses et \u00e0 glands se transforment en fruits comestibles qui sont r\u00e9colt\u00e9s pour les boissons et la cuisson.<\/p>\n<p>Les feuilles et les tiges persistantes sont recueillies sur des arbres sauvages, puis distill\u00e9es \u00e0 la vapeur pour produire notre Mountain Essential Oil. Son ar\u00f4me puissant et ses propri\u00e9t\u00e9s bioactives sont semblables \u00e0 ceux de notre myrte m\u00e9diterran\u00e9en (Myrtus communis), mais cette essence est plus fruit\u00e9e, plus croquante et plus bois\u00e9e. Ce m\u00e9lodieux Mountain Myrtle conf\u00e8re une clart\u00e9 accueillante et oxyg\u00e9n\u00e9e aux m\u00e9langes pour le corps et les bains. Cela fait plus de dix ans que nous pouvons offrir ce Myrte sp\u00e9cial et c&rsquo;est l&rsquo;un des pr\u00e9f\u00e9r\u00e9s de Nadine.<\/p>\n<p>Mountain Myrtle Essential Oil est majestueuse en monoterp\u00e8nes qui revigorent, stimulent et \u00e9nergisent, et lorsqu&rsquo;elle est diffus\u00e9e ou inhal\u00e9e, ces mol\u00e9cules aident \u00e0 surmonter les sentiments mentaux et physiques de fatigue et d&rsquo;\u00e9puisement. L&rsquo;abondance de linalol, qui prot\u00e8ge la peau, en fait un produit optimal pour les teints \u00e9clatants et \u00e9quilibr\u00e9s. C&rsquo;est un excellent compl\u00e9ment aux toniques pour les peaux \u00e0 tendance acn\u00e9ique. Ajout\u00e9 aux masques pour le cuir chevelu et aux s\u00e9rums de soins capillaires, il \u00e9quilibre la production d&rsquo;huile et emp\u00eache les cheveux de s&rsquo;effriter. Pour un r\u00e9sultat optimal, diluez toujours \u00e0 2% dans une huile de support ou votre s\u00e9rum pr\u00e9f\u00e9r\u00e9.<\/p>\n<p><strong>Taille : 5 ml<\/strong><\/p>\n<p style=\"text-align: center;\"><em>\u00ab\u00a0Son parfum complexe, raffin\u00e9 avec un raffinement suppl\u00e9mentaire est l&rsquo;expression de son large arc-en-ciel de constituants. Selon les mots de l&rsquo;herboriste m\u00e9dical Andr\u00e9 Bitsas (2009) &lsquo;Le parfum du myrte est balsamique, frais, oxyg\u00e9nant&#8230; mais avec un raffinement suppl\u00e9mentaire qui, comme toujours, est l&rsquo;image d&rsquo;une biochimie complexe et d&rsquo;une puissance intense de synergie interne&rsquo;. Les monoterp\u00e8nes, oxydes et esters dominants sont ici compl\u00e9t\u00e9s par des repr\u00e9sentants de toutes les grandes familles chimiques.\u00a0\u00bb<\/em><br \/>\n<em>~Peter Holmes, Aromatica<\/em><\/p>\n<p>&nbsp;<\/p>\n","protected":false},"excerpt":{"rendered":"<p>Une danse vive et camphr\u00e9e d&rsquo;\u00e9quilibre et de beaut\u00e9, Mountain Myrtle manifeste la clart\u00e9, la cr\u00e9ativit\u00e9 et la force d&rsquo;\u00e2me.<\/p>\n","protected":false},"featured_media":217945,"comment_status":"open","ping_status":"closed","template":"","meta":[],"product_brand":[],"product_cat":[6734,1507,1211,1209,1030,3757,1010,6733],"product_tag":[4495],"class_list":{"0":"post-219496","1":"product","2":"type-product","3":"status-publish","4":"has-post-thumbnail","6":"product_cat-essential-oils","7":"product_cat-plantes-huiles-essentielles-living-libations","8":"product_cat-living-libations-france","9":"product_cat-par-marques","10":"product_cat-par-produits","11":"product_cat-plantes-huiles-essentielles","12":"product_cat-notre-boutique","13":"product_cat-wellness-fr-2","14":"product_tag-essential-oil-fr","15":"pa_brand-livinglibations-fr","16":"pa_essential-oils-product-type-essential-oils-fr","17":"pa_size-5-ml-fr","19":"first","20":"instock","21":"taxable","22":"shipping-taxable","23":"purchasable","24":"product-type-simple"},"bundled_by":[],"bundle_stock_status":"instock","bundle_stock_quantity":2,"bundle_virtual":false,"bundle_layout":"","bundle_add_to_cart_form_location":"","bundle_editable_in_cart":false,"bundle_sold_individually_context":"","bundle_item_grouping":"","bundle_min_size":"","bundle_max_size":"","bundle_price":[],"bundled_items":[],"bundle_sell_ids":[],"atum_controlled":true,"out_stock_date":null,"out_stock_threshold":null,"inheritable":false,"stock_on_hold":0,"sold_today":0,"sales_last_days":0,"out_stock_days":0,"lost_sales":0,"update_date":"2026-04-17T11:59:34","atum_locations":[],"atum_stock_status":"instock","restock_status":false,"low_stock_amount":"","sales_update_date":"2026-04-17T11:59:34","calc_backorders":null,"group_of_quantity":0,"min_quantity":0,"max_quantity":"","exclude_order_quantity_value_rules":"no","exclude_category_quantity_rules":"no","combine_variations":"no","yoast_head":"<!-- This site is optimized with the Yoast SEO Premium plugin v26.5 (Yoast SEO v26.5) - https:\/\/yoast.com\/wordpress\/plugins\/seo\/ -->\n<title>Looking for Myrtle, Mountain Essential Oil ? - Living Libations<\/title>\n<meta name=\"description\" content=\"Une danse vive et camphr\u00e9e d&#039;\u00e9quilibre et de beaut\u00e9, Mountain Myrtle manifeste la clart\u00e9, la cr\u00e9ativit\u00e9 et la force d&#039;\u00e2me.\" \/>\n<meta name=\"robots\" content=\"index, follow, max-snippet:-1, max-image-preview:large, max-video-preview:-1\" \/>\n<link rel=\"canonical\" href=\"https:\/\/dutchhealthstore.com\/fr\/product\/myrtle-mountain-essential-oil\/\" \/>\n<meta property=\"og:locale\" content=\"fr_FR\" \/>\n<meta property=\"og:type\" content=\"article\" \/>\n<meta property=\"og:title\" content=\"Myrtle, Mountain Essential Oil - Dutch Health Store\" \/>\n<meta property=\"og:description\" content=\"Une danse vive et camphr\u00e9e d&#039;\u00e9quilibre et de beaut\u00e9, Mountain Myrtle manifeste la clart\u00e9, la cr\u00e9ativit\u00e9 et la force d&#039;\u00e2me.\" \/>\n<meta property=\"og:url\" content=\"https:\/\/dutchhealthstore.com\/fr\/product\/myrtle-mountain-essential-oil\/\" \/>\n<meta property=\"og:site_name\" content=\"Dutch Health Store\" \/>\n<meta property=\"article:publisher\" content=\"https:\/\/www.instagram.com\/dutchhealthstore\/\" \/>\n<meta property=\"article:modified_time\" content=\"2023-02-28T15:18:46+00:00\" \/>\n<meta property=\"og:image\" content=\"https:\/\/dutchhealthstore.com\/wp-content\/uploads\/2022\/09\/LLmountainmyrtle.jpg\" \/>\n\t<meta property=\"og:image:width\" content=\"500\" \/>\n\t<meta property=\"og:image:height\" content=\"500\" \/>\n\t<meta property=\"og:image:type\" content=\"image\/jpeg\" \/>\n<meta name=\"twitter:card\" content=\"summary_large_image\" \/>\n<meta name=\"twitter:label1\" content=\"Prix\" \/>\n\t<meta name=\"twitter:data1\" content=\"&euro;34,00\" \/>\n\t<meta name=\"twitter:label2\" content=\"Disponibilit\u00e9\" \/>\n\t<meta name=\"twitter:data2\" content=\"En stock\" \/>\n<script type=\"application\/ld+json\" class=\"yoast-schema-graph\">{\"@context\":\"https:\/\/schema.org\",\"@graph\":[{\"@type\":\"WebPage\",\"@id\":\"https:\/\/dutchhealthstore.com\/fr\/product\/myrtle-mountain-essential-oil\/\",\"url\":\"https:\/\/dutchhealthstore.com\/fr\/product\/myrtle-mountain-essential-oil\/\",\"name\":\"Looking for Myrtle, Mountain Essential Oil ? - Living Libations\",\"isPartOf\":{\"@id\":\"https:\/\/dutchhealthstore.com\/fr\/#website\"},\"primaryImageOfPage\":{\"@id\":\"https:\/\/dutchhealthstore.com\/fr\/product\/myrtle-mountain-essential-oil\/#primaryimage\"},\"image\":{\"@id\":\"https:\/\/dutchhealthstore.com\/fr\/product\/myrtle-mountain-essential-oil\/#primaryimage\"},\"thumbnailUrl\":\"https:\/\/dutchhealthstore.com\/wp-content\/uploads\/2022\/09\/LLmountainmyrtle.jpg\",\"datePublished\":\"2022-09-02T11:28:14+00:00\",\"dateModified\":\"2023-02-28T15:18:46+00:00\",\"description\":\"Une danse vive et camphr\u00e9e d'\u00e9quilibre et de beaut\u00e9, Mountain Myrtle manifeste la clart\u00e9, la cr\u00e9ativit\u00e9 et la force d'\u00e2me.\",\"breadcrumb\":{\"@id\":\"https:\/\/dutchhealthstore.com\/fr\/product\/myrtle-mountain-essential-oil\/#breadcrumb\"},\"inLanguage\":\"fr-FR\",\"potentialAction\":[{\"@type\":\"ReadAction\",\"target\":[\"https:\/\/dutchhealthstore.com\/fr\/product\/myrtle-mountain-essential-oil\/\"]}]},{\"@type\":\"ImageObject\",\"inLanguage\":\"fr-FR\",\"@id\":\"https:\/\/dutchhealthstore.com\/fr\/product\/myrtle-mountain-essential-oil\/#primaryimage\",\"url\":\"https:\/\/dutchhealthstore.com\/wp-content\/uploads\/2022\/09\/LLmountainmyrtle.jpg\",\"contentUrl\":\"https:\/\/dutchhealthstore.com\/wp-content\/uploads\/2022\/09\/LLmountainmyrtle.jpg\",\"width\":500,\"height\":500,\"caption\":\"LLmountainmyrtle\"},{\"@type\":\"BreadcrumbList\",\"@id\":\"https:\/\/dutchhealthstore.com\/fr\/product\/myrtle-mountain-essential-oil\/#breadcrumb\",\"itemListElement\":[{\"@type\":\"ListItem\",\"position\":1,\"name\":\"Home\",\"item\":\"https:\/\/dutchhealthstore.com\/fr\/\"},{\"@type\":\"ListItem\",\"position\":2,\"name\":\"Shop\",\"item\":\"https:\/\/dutchhealthstore.com\/fr\/shop\/\"},{\"@type\":\"ListItem\",\"position\":3,\"name\":\"Myrtle, Mountain Essential Oil\"}]},{\"@type\":\"WebSite\",\"@id\":\"https:\/\/dutchhealthstore.com\/fr\/#website\",\"url\":\"https:\/\/dutchhealthstore.com\/fr\/\",\"name\":\"Dutch Health Store\",\"description\":\"Enhance Your Beauty with Organic &amp; Natural Skincare\",\"publisher\":{\"@id\":\"https:\/\/dutchhealthstore.com\/fr\/#organization\"},\"potentialAction\":[{\"@type\":\"SearchAction\",\"target\":{\"@type\":\"EntryPoint\",\"urlTemplate\":\"https:\/\/dutchhealthstore.com\/fr\/?s={search_term_string}\"},\"query-input\":{\"@type\":\"PropertyValueSpecification\",\"valueRequired\":true,\"valueName\":\"search_term_string\"}}],\"inLanguage\":\"fr-FR\"},{\"@type\":\"Organization\",\"@id\":\"https:\/\/dutchhealthstore.com\/fr\/#organization\",\"name\":\"Dutch Health Store\",\"url\":\"https:\/\/dutchhealthstore.com\/fr\/\",\"logo\":{\"@type\":\"ImageObject\",\"inLanguage\":\"fr-FR\",\"@id\":\"https:\/\/dutchhealthstore.com\/fr\/#\/schema\/logo\/image\/\",\"url\":\"https:\/\/dutchhealthstore.com\/wp-content\/uploads\/2020\/08\/logo-dutchhealthstore-jpg-e1599484957574.jpg\",\"contentUrl\":\"https:\/\/dutchhealthstore.com\/wp-content\/uploads\/2020\/08\/logo-dutchhealthstore-jpg-e1599484957574.jpg\",\"width\":400,\"height\":62,\"caption\":\"Dutch Health Store\"},\"image\":{\"@id\":\"https:\/\/dutchhealthstore.com\/fr\/#\/schema\/logo\/image\/\"},\"sameAs\":[\"https:\/\/www.instagram.com\/dutchhealthstore\/\",\"https:\/\/www.facebook.com\/dutchhealthstore\"]}]}<\/script>\n<meta property=\"product:brand\" content=\"Living Libations\" \/>\n<meta property=\"product:price:amount\" content=\"34.00\" \/>\n<meta property=\"product:price:currency\" content=\"EUR\" \/>\n<meta property=\"og:availability\" content=\"instock\" \/>\n<meta property=\"product:availability\" content=\"instock\" \/>\n<meta property=\"product:condition\" content=\"new\" \/>\n<!-- \/ Yoast SEO Premium plugin. -->","yoast_head_json":{"title":"Looking for Myrtle, Mountain Essential Oil ? - Living Libations","description":"Une danse vive et camphr\u00e9e d'\u00e9quilibre et de beaut\u00e9, Mountain Myrtle manifeste la clart\u00e9, la cr\u00e9ativit\u00e9 et la force d'\u00e2me.","robots":{"index":"index","follow":"follow","max-snippet":"max-snippet:-1","max-image-preview":"max-image-preview:large","max-video-preview":"max-video-preview:-1"},"canonical":"https:\/\/dutchhealthstore.com\/fr\/product\/myrtle-mountain-essential-oil\/","og_locale":"fr_FR","og_type":"article","og_title":"Myrtle, Mountain Essential Oil - Dutch Health Store","og_description":"Une danse vive et camphr\u00e9e d'\u00e9quilibre et de beaut\u00e9, Mountain Myrtle manifeste la clart\u00e9, la cr\u00e9ativit\u00e9 et la force d'\u00e2me.","og_url":"https:\/\/dutchhealthstore.com\/fr\/product\/myrtle-mountain-essential-oil\/","og_site_name":"Dutch Health Store","article_publisher":"https:\/\/www.instagram.com\/dutchhealthstore\/","article_modified_time":"2023-02-28T15:18:46+00:00","og_image":[{"width":500,"height":500,"url":"https:\/\/dutchhealthstore.com\/wp-content\/uploads\/2022\/09\/LLmountainmyrtle.jpg","type":"image\/jpeg"}],"twitter_card":"summary_large_image","twitter_misc":{"Prix":"&euro;34,00","Disponibilit\u00e9":"En stock"},"schema":{"@context":"https:\/\/schema.org","@graph":[{"@type":"WebPage","@id":"https:\/\/dutchhealthstore.com\/fr\/product\/myrtle-mountain-essential-oil\/","url":"https:\/\/dutchhealthstore.com\/fr\/product\/myrtle-mountain-essential-oil\/","name":"Looking for Myrtle, Mountain Essential Oil ? - Living Libations","isPartOf":{"@id":"https:\/\/dutchhealthstore.com\/fr\/#website"},"primaryImageOfPage":{"@id":"https:\/\/dutchhealthstore.com\/fr\/product\/myrtle-mountain-essential-oil\/#primaryimage"},"image":{"@id":"https:\/\/dutchhealthstore.com\/fr\/product\/myrtle-mountain-essential-oil\/#primaryimage"},"thumbnailUrl":"https:\/\/dutchhealthstore.com\/wp-content\/uploads\/2022\/09\/LLmountainmyrtle.jpg","datePublished":"2022-09-02T11:28:14+00:00","dateModified":"2023-02-28T15:18:46+00:00","description":"Une danse vive et camphr\u00e9e d'\u00e9quilibre et de beaut\u00e9, Mountain Myrtle manifeste la clart\u00e9, la cr\u00e9ativit\u00e9 et la force d'\u00e2me.","breadcrumb":{"@id":"https:\/\/dutchhealthstore.com\/fr\/product\/myrtle-mountain-essential-oil\/#breadcrumb"},"inLanguage":"fr-FR","potentialAction":[{"@type":"ReadAction","target":["https:\/\/dutchhealthstore.com\/fr\/product\/myrtle-mountain-essential-oil\/"]}]},{"@type":"ImageObject","inLanguage":"fr-FR","@id":"https:\/\/dutchhealthstore.com\/fr\/product\/myrtle-mountain-essential-oil\/#primaryimage","url":"https:\/\/dutchhealthstore.com\/wp-content\/uploads\/2022\/09\/LLmountainmyrtle.jpg","contentUrl":"https:\/\/dutchhealthstore.com\/wp-content\/uploads\/2022\/09\/LLmountainmyrtle.jpg","width":500,"height":500,"caption":"LLmountainmyrtle"},{"@type":"BreadcrumbList","@id":"https:\/\/dutchhealthstore.com\/fr\/product\/myrtle-mountain-essential-oil\/#breadcrumb","itemListElement":[{"@type":"ListItem","position":1,"name":"Home","item":"https:\/\/dutchhealthstore.com\/fr\/"},{"@type":"ListItem","position":2,"name":"Shop","item":"https:\/\/dutchhealthstore.com\/fr\/shop\/"},{"@type":"ListItem","position":3,"name":"Myrtle, Mountain Essential Oil"}]},{"@type":"WebSite","@id":"https:\/\/dutchhealthstore.com\/fr\/#website","url":"https:\/\/dutchhealthstore.com\/fr\/","name":"Dutch Health Store","description":"Enhance Your Beauty with Organic &amp; Natural Skincare","publisher":{"@id":"https:\/\/dutchhealthstore.com\/fr\/#organization"},"potentialAction":[{"@type":"SearchAction","target":{"@type":"EntryPoint","urlTemplate":"https:\/\/dutchhealthstore.com\/fr\/?s={search_term_string}"},"query-input":{"@type":"PropertyValueSpecification","valueRequired":true,"valueName":"search_term_string"}}],"inLanguage":"fr-FR"},{"@type":"Organization","@id":"https:\/\/dutchhealthstore.com\/fr\/#organization","name":"Dutch Health Store","url":"https:\/\/dutchhealthstore.com\/fr\/","logo":{"@type":"ImageObject","inLanguage":"fr-FR","@id":"https:\/\/dutchhealthstore.com\/fr\/#\/schema\/logo\/image\/","url":"https:\/\/dutchhealthstore.com\/wp-content\/uploads\/2020\/08\/logo-dutchhealthstore-jpg-e1599484957574.jpg","contentUrl":"https:\/\/dutchhealthstore.com\/wp-content\/uploads\/2020\/08\/logo-dutchhealthstore-jpg-e1599484957574.jpg","width":400,"height":62,"caption":"Dutch Health Store"},"image":{"@id":"https:\/\/dutchhealthstore.com\/fr\/#\/schema\/logo\/image\/"},"sameAs":["https:\/\/www.instagram.com\/dutchhealthstore\/","https:\/\/www.facebook.com\/dutchhealthstore"]}]},"product_brand":"Living Libations","product_price_amount":"34.00","product_price_currency":"EUR","og_availability":"instock","product_availability":"instock","product_condition":"new"},"_links":{"self":[{"href":"https:\/\/dutchhealthstore.com\/fr\/wp-json\/wp\/v2\/product\/219496","targetHints":{"allow":["GET"]}}],"collection":[{"href":"https:\/\/dutchhealthstore.com\/fr\/wp-json\/wp\/v2\/product"}],"about":[{"href":"https:\/\/dutchhealthstore.com\/fr\/wp-json\/wp\/v2\/types\/product"}],"replies":[{"embeddable":true,"href":"https:\/\/dutchhealthstore.com\/fr\/wp-json\/wp\/v2\/comments?post=219496"}],"wp:featuredmedia":[{"embeddable":true,"href":"https:\/\/dutchhealthstore.com\/fr\/wp-json\/wp\/v2\/media\/217945"}],"wp:attachment":[{"href":"https:\/\/dutchhealthstore.com\/fr\/wp-json\/wp\/v2\/media?parent=219496"}],"wp:term":[{"taxonomy":"product_brand","embeddable":true,"href":"https:\/\/dutchhealthstore.com\/fr\/wp-json\/wp\/v2\/product_brand?post=219496"},{"taxonomy":"product_cat","embeddable":true,"href":"https:\/\/dutchhealthstore.com\/fr\/wp-json\/wp\/v2\/product_cat?post=219496"},{"taxonomy":"product_tag","embeddable":true,"href":"https:\/\/dutchhealthstore.com\/fr\/wp-json\/wp\/v2\/product_tag?post=219496"}],"curies":[{"name":"wp","href":"https:\/\/api.w.org\/{rel}","templated":true}]}}