{"id":219486,"date":"2022-09-05T07:59:24","date_gmt":"2022-09-05T05:59:24","guid":{"rendered":"https:\/\/dutchhealthstore.com\/product\/peppermint-yakima-valley-essential-oil\/"},"modified":"2025-08-25T08:34:19","modified_gmt":"2025-08-25T06:34:19","slug":"peppermint-yakima-valley-essential-oil","status":"publish","type":"product","link":"https:\/\/dutchhealthstore.com\/fr\/product\/peppermint-yakima-valley-essential-oil\/","title":{"rendered":"Peppermint, Yakima Valley Essential Oil"},"content":{"rendered":"<p>La provenance est primordiale lorsqu&rsquo;il s&rsquo;agit d&rsquo;huiles de menthe poivr\u00e9e, car les composants de ces huiles sont profond\u00e9ment influenc\u00e9s par la g\u00e9ographie, le climat et la m\u00e9thode de culture. Les longues journ\u00e9es et les nuits plus fra\u00eeches des \u00e9t\u00e9s de Yakima, dans l&rsquo;\u00c9tat de Washington, favorisent les \u00e9manations d&rsquo;huile essentielle de monoterp\u00e8nes et de lactones doux et herbac\u00e9s qui rendent la menthe poivr\u00e9e de Yakima Valley si sp\u00e9ciale.<\/p>\n<p><strong>Nom botanique :<\/strong> Mentha piperita L.<br \/>\n<strong>Famille botanique <\/strong>: Lamiaceae<br \/>\n<strong>M\u00e9thode d&rsquo;extraction :<\/strong> Distillation \u00e0 la vapeur<br \/>\n<strong>Partie de la plante distill\u00e9e :<\/strong> Feuilles<br \/>\n<strong>Pays d&rsquo;origine :<\/strong> Yakima, Washington, USA<br \/>\n<strong>M\u00e9thode de culture<\/strong>: Biologique, plantation<br \/>\n<strong>Composition :<\/strong> 100 % Mentha piperita<br \/>\n<strong>Consistance :<\/strong> Viscosit\u00e9 fine<br \/>\n<strong>Description du parfum :<\/strong> Doux, frais et herbac\u00e9.<br \/>\n<strong>Dans les libations vivantes :<\/strong> Dentifrice triple menthe<br \/>\n<strong>Se m\u00e9lange bien avec :<\/strong> Encens, menthe verte, lavande, marjolaine, citron, bergamote, citron vert, sapin argent\u00e9, g\u00e9ranium, camomille, tanaisie, arbre \u00e0 th\u00e9, thym, origan, graines de carotte, \u00e9pinettes et achill\u00e9e.<br \/>\n<strong>Utilisations :<\/strong> Un ajout dynamique aux cr\u00e9ations culinaires et aux th\u00e9s. Ajoutez une goutte au miel pour les estomacs troubl\u00e9s. Diluez pour l&rsquo;utiliser dans du jojoba ou un Best Skin Ever pour refroidir les rougeurs. Super duper dans un tuyau de sel. Clair comme du cristal dans les diffuseurs. C&rsquo;est agr\u00e9able sur les fronts qui ont trop r\u00e9fl\u00e9chi. Agit comme une glace \u00e0 la menthe poivr\u00e9e portable: appliquez-la pure sur la peau qui a besoin d&rsquo;un peu de fra\u00eecheur.<br \/>\n<strong>Contre-indication<\/strong>: En raison de ses propri\u00e9t\u00e9s rafra\u00eechissantes, ne pas utiliser pur sur les enfants de moins de cinq ans car il peut faire baisser la temp\u00e9rature corporelle. Il est possible d&rsquo;utiliser une petite quantit\u00e9 (1-2%) dilu\u00e9e.<\/p>\n<p>Les palais d\u00e9licats et les nez sensibles appr\u00e9cient particuli\u00e8rement la menthe l\u00e9g\u00e8rement plus douce de notre huile essentielle huile menthe poivr\u00e9e de Yakima Valley. C&rsquo;est un baume pour les peaux chaudes et rouges et un traitement rafra\u00eechissant et apaisant pour les cous tendus et les t\u00eates pleines de chaleur. Une goutte directement dans la bouche ou sur une brosse \u00e0 dents adoucit l&rsquo;haleine, et une goutte dans du miel ou un verre d&rsquo;eau peut calmer les estomacs grincheux. En tant qu&rsquo;ajout aux friandises et aux th\u00e9s, elle apporte la proportion parfaite de piquant que l&rsquo;on attend de la menthe poivr\u00e9e.<\/p>\n<p><strong>Taille : 5 ml et 15 ml<\/strong><\/p>\n","protected":false},"excerpt":{"rendered":"<p>Cette version estivale plus douce et plus sucr\u00e9e de notre menthe poivr\u00e9e puissante et p\u00e9n\u00e9trante a un ar\u00f4me herbac\u00e9 rafra\u00eechissant avec une touche classique de menthe.<\/p>\n","protected":false},"featured_media":217960,"comment_status":"open","ping_status":"closed","template":"","meta":[],"product_brand":[],"product_cat":[6734,1507,1211,1209,1030,3757,1010,6733],"product_tag":[4495],"class_list":{"0":"post-219486","1":"product","2":"type-product","3":"status-publish","4":"has-post-thumbnail","6":"product_cat-essential-oils","7":"product_cat-plantes-huiles-essentielles-living-libations","8":"product_cat-living-libations-france","9":"product_cat-par-marques","10":"product_cat-par-produits","11":"product_cat-plantes-huiles-essentielles","12":"product_cat-notre-boutique","13":"product_cat-wellness-fr-2","14":"product_tag-essential-oil-fr","15":"pa_brand-livinglibations-fr","16":"pa_essential-oils-product-type-essential-oil-blends-fr","17":"pa_size-5-ml-fr","18":"pa_size-15-ml-fr","20":"first","21":"instock","22":"taxable","23":"shipping-taxable","24":"purchasable","25":"product-type-variable"},"bundled_by":[],"bundle_stock_status":"instock","bundle_stock_quantity":null,"bundle_virtual":false,"bundle_layout":"","bundle_add_to_cart_form_location":"","bundle_editable_in_cart":false,"bundle_sold_individually_context":"","bundle_item_grouping":"","bundle_min_size":"","bundle_max_size":"","bundle_price":[],"bundled_items":[],"bundle_sell_ids":[],"atum_controlled":true,"out_stock_date":null,"out_stock_threshold":null,"inheritable":true,"stock_on_hold":0,"sold_today":0,"sales_last_days":0,"out_stock_days":0,"lost_sales":0,"update_date":"2026-04-11T00:02:00","atum_locations":[],"atum_stock_status":"instock","restock_status":false,"low_stock_amount":"","sales_update_date":"2026-04-11T00:02:00","calc_backorders":null,"group_of_quantity":0,"min_quantity":0,"max_quantity":"","exclude_order_quantity_value_rules":"no","exclude_category_quantity_rules":"no","combine_variations":"no","yoast_head":"<!-- This site is optimized with the Yoast SEO Premium plugin v26.5 (Yoast SEO v26.5) - https:\/\/yoast.com\/wordpress\/plugins\/seo\/ -->\n<title>Looking for Peppermint, Yakima Valley Essential Oil ? - Living Libations<\/title>\n<meta name=\"description\" content=\"Cette version estivale plus douce et plus sucr\u00e9e de notre menthe poivr\u00e9e puissante et p\u00e9n\u00e9trante a un ar\u00f4me herbac\u00e9 rafra\u00eechissant avec une touche classique de menthe.\" \/>\n<meta name=\"robots\" content=\"index, follow, max-snippet:-1, max-image-preview:large, max-video-preview:-1\" \/>\n<link rel=\"canonical\" href=\"https:\/\/dutchhealthstore.com\/fr\/product\/peppermint-yakima-valley-essential-oil\/\" \/>\n<meta property=\"og:locale\" content=\"fr_FR\" \/>\n<meta property=\"og:type\" content=\"article\" \/>\n<meta property=\"og:title\" content=\"Peppermint, Yakima Valley Essential Oil - Dutch Health Store\" \/>\n<meta property=\"og:description\" content=\"Cette version estivale plus douce et plus sucr\u00e9e de notre menthe poivr\u00e9e puissante et p\u00e9n\u00e9trante a un ar\u00f4me herbac\u00e9 rafra\u00eechissant avec une touche classique de menthe.\" \/>\n<meta property=\"og:url\" content=\"https:\/\/dutchhealthstore.com\/fr\/product\/peppermint-yakima-valley-essential-oil\/\" \/>\n<meta property=\"og:site_name\" content=\"Dutch Health Store\" \/>\n<meta property=\"article:publisher\" content=\"https:\/\/www.instagram.com\/dutchhealthstore\/\" \/>\n<meta property=\"article:modified_time\" content=\"2025-08-25T06:34:19+00:00\" \/>\n<meta property=\"og:image\" content=\"https:\/\/dutchhealthstore.com\/wp-content\/uploads\/2022\/09\/LLpeppermintyakima.jpg\" \/>\n\t<meta property=\"og:image:width\" content=\"500\" \/>\n\t<meta property=\"og:image:height\" content=\"500\" \/>\n\t<meta property=\"og:image:type\" content=\"image\/jpeg\" \/>\n<meta name=\"twitter:card\" content=\"summary_large_image\" \/>\n<meta name=\"twitter:label1\" content=\"Disponibilit\u00e9\" \/>\n\t<meta name=\"twitter:data1\" content=\"En stock\" \/>\n<script type=\"application\/ld+json\" class=\"yoast-schema-graph\">{\"@context\":\"https:\/\/schema.org\",\"@graph\":[{\"@type\":\"WebPage\",\"@id\":\"https:\/\/dutchhealthstore.com\/fr\/product\/peppermint-yakima-valley-essential-oil\/\",\"url\":\"https:\/\/dutchhealthstore.com\/fr\/product\/peppermint-yakima-valley-essential-oil\/\",\"name\":\"Looking for Peppermint, Yakima Valley Essential Oil ? - Living Libations\",\"isPartOf\":{\"@id\":\"https:\/\/dutchhealthstore.com\/fr\/#website\"},\"primaryImageOfPage\":{\"@id\":\"https:\/\/dutchhealthstore.com\/fr\/product\/peppermint-yakima-valley-essential-oil\/#primaryimage\"},\"image\":{\"@id\":\"https:\/\/dutchhealthstore.com\/fr\/product\/peppermint-yakima-valley-essential-oil\/#primaryimage\"},\"thumbnailUrl\":\"https:\/\/dutchhealthstore.com\/wp-content\/uploads\/2022\/09\/LLpeppermintyakima.jpg\",\"datePublished\":\"2022-09-05T05:59:24+00:00\",\"dateModified\":\"2025-08-25T06:34:19+00:00\",\"description\":\"Cette version estivale plus douce et plus sucr\u00e9e de notre menthe poivr\u00e9e puissante et p\u00e9n\u00e9trante a un ar\u00f4me herbac\u00e9 rafra\u00eechissant avec une touche classique de menthe.\",\"breadcrumb\":{\"@id\":\"https:\/\/dutchhealthstore.com\/fr\/product\/peppermint-yakima-valley-essential-oil\/#breadcrumb\"},\"inLanguage\":\"fr-FR\",\"potentialAction\":[{\"@type\":\"ReadAction\",\"target\":[\"https:\/\/dutchhealthstore.com\/fr\/product\/peppermint-yakima-valley-essential-oil\/\"]}]},{\"@type\":\"ImageObject\",\"inLanguage\":\"fr-FR\",\"@id\":\"https:\/\/dutchhealthstore.com\/fr\/product\/peppermint-yakima-valley-essential-oil\/#primaryimage\",\"url\":\"https:\/\/dutchhealthstore.com\/wp-content\/uploads\/2022\/09\/LLpeppermintyakima.jpg\",\"contentUrl\":\"https:\/\/dutchhealthstore.com\/wp-content\/uploads\/2022\/09\/LLpeppermintyakima.jpg\",\"width\":500,\"height\":500,\"caption\":\"LLpeppermintyakima\"},{\"@type\":\"BreadcrumbList\",\"@id\":\"https:\/\/dutchhealthstore.com\/fr\/product\/peppermint-yakima-valley-essential-oil\/#breadcrumb\",\"itemListElement\":[{\"@type\":\"ListItem\",\"position\":1,\"name\":\"Home\",\"item\":\"https:\/\/dutchhealthstore.com\/fr\/\"},{\"@type\":\"ListItem\",\"position\":2,\"name\":\"Shop\",\"item\":\"https:\/\/dutchhealthstore.com\/fr\/shop\/\"},{\"@type\":\"ListItem\",\"position\":3,\"name\":\"Peppermint, Yakima Valley Essential Oil\"}]},{\"@type\":\"WebSite\",\"@id\":\"https:\/\/dutchhealthstore.com\/fr\/#website\",\"url\":\"https:\/\/dutchhealthstore.com\/fr\/\",\"name\":\"Dutch Health Store\",\"description\":\"Enhance Your Beauty with Organic &amp; Natural Skincare\",\"publisher\":{\"@id\":\"https:\/\/dutchhealthstore.com\/fr\/#organization\"},\"potentialAction\":[{\"@type\":\"SearchAction\",\"target\":{\"@type\":\"EntryPoint\",\"urlTemplate\":\"https:\/\/dutchhealthstore.com\/fr\/?s={search_term_string}\"},\"query-input\":{\"@type\":\"PropertyValueSpecification\",\"valueRequired\":true,\"valueName\":\"search_term_string\"}}],\"inLanguage\":\"fr-FR\"},{\"@type\":\"Organization\",\"@id\":\"https:\/\/dutchhealthstore.com\/fr\/#organization\",\"name\":\"Dutch Health Store\",\"url\":\"https:\/\/dutchhealthstore.com\/fr\/\",\"logo\":{\"@type\":\"ImageObject\",\"inLanguage\":\"fr-FR\",\"@id\":\"https:\/\/dutchhealthstore.com\/fr\/#\/schema\/logo\/image\/\",\"url\":\"https:\/\/dutchhealthstore.com\/wp-content\/uploads\/2020\/08\/logo-dutchhealthstore-jpg-e1599484957574.jpg\",\"contentUrl\":\"https:\/\/dutchhealthstore.com\/wp-content\/uploads\/2020\/08\/logo-dutchhealthstore-jpg-e1599484957574.jpg\",\"width\":400,\"height\":62,\"caption\":\"Dutch Health Store\"},\"image\":{\"@id\":\"https:\/\/dutchhealthstore.com\/fr\/#\/schema\/logo\/image\/\"},\"sameAs\":[\"https:\/\/www.instagram.com\/dutchhealthstore\/\",\"https:\/\/www.facebook.com\/dutchhealthstore\"]}]}<\/script>\n<meta property=\"product:brand\" content=\"Living Libations\" \/>\n<meta property=\"og:availability\" content=\"instock\" \/>\n<meta property=\"product:availability\" content=\"instock\" \/>\n<meta property=\"product:condition\" content=\"new\" \/>\n<!-- \/ Yoast SEO Premium plugin. -->","yoast_head_json":{"title":"Looking for Peppermint, Yakima Valley Essential Oil ? - Living Libations","description":"Cette version estivale plus douce et plus sucr\u00e9e de notre menthe poivr\u00e9e puissante et p\u00e9n\u00e9trante a un ar\u00f4me herbac\u00e9 rafra\u00eechissant avec une touche classique de menthe.","robots":{"index":"index","follow":"follow","max-snippet":"max-snippet:-1","max-image-preview":"max-image-preview:large","max-video-preview":"max-video-preview:-1"},"canonical":"https:\/\/dutchhealthstore.com\/fr\/product\/peppermint-yakima-valley-essential-oil\/","og_locale":"fr_FR","og_type":"article","og_title":"Peppermint, Yakima Valley Essential Oil - Dutch Health Store","og_description":"Cette version estivale plus douce et plus sucr\u00e9e de notre menthe poivr\u00e9e puissante et p\u00e9n\u00e9trante a un ar\u00f4me herbac\u00e9 rafra\u00eechissant avec une touche classique de menthe.","og_url":"https:\/\/dutchhealthstore.com\/fr\/product\/peppermint-yakima-valley-essential-oil\/","og_site_name":"Dutch Health Store","article_publisher":"https:\/\/www.instagram.com\/dutchhealthstore\/","article_modified_time":"2025-08-25T06:34:19+00:00","og_image":[{"width":500,"height":500,"url":"https:\/\/dutchhealthstore.com\/wp-content\/uploads\/2022\/09\/LLpeppermintyakima.jpg","type":"image\/jpeg"}],"twitter_card":"summary_large_image","twitter_misc":{"Disponibilit\u00e9":"En stock"},"schema":{"@context":"https:\/\/schema.org","@graph":[{"@type":"WebPage","@id":"https:\/\/dutchhealthstore.com\/fr\/product\/peppermint-yakima-valley-essential-oil\/","url":"https:\/\/dutchhealthstore.com\/fr\/product\/peppermint-yakima-valley-essential-oil\/","name":"Looking for Peppermint, Yakima Valley Essential Oil ? - Living Libations","isPartOf":{"@id":"https:\/\/dutchhealthstore.com\/fr\/#website"},"primaryImageOfPage":{"@id":"https:\/\/dutchhealthstore.com\/fr\/product\/peppermint-yakima-valley-essential-oil\/#primaryimage"},"image":{"@id":"https:\/\/dutchhealthstore.com\/fr\/product\/peppermint-yakima-valley-essential-oil\/#primaryimage"},"thumbnailUrl":"https:\/\/dutchhealthstore.com\/wp-content\/uploads\/2022\/09\/LLpeppermintyakima.jpg","datePublished":"2022-09-05T05:59:24+00:00","dateModified":"2025-08-25T06:34:19+00:00","description":"Cette version estivale plus douce et plus sucr\u00e9e de notre menthe poivr\u00e9e puissante et p\u00e9n\u00e9trante a un ar\u00f4me herbac\u00e9 rafra\u00eechissant avec une touche classique de menthe.","breadcrumb":{"@id":"https:\/\/dutchhealthstore.com\/fr\/product\/peppermint-yakima-valley-essential-oil\/#breadcrumb"},"inLanguage":"fr-FR","potentialAction":[{"@type":"ReadAction","target":["https:\/\/dutchhealthstore.com\/fr\/product\/peppermint-yakima-valley-essential-oil\/"]}]},{"@type":"ImageObject","inLanguage":"fr-FR","@id":"https:\/\/dutchhealthstore.com\/fr\/product\/peppermint-yakima-valley-essential-oil\/#primaryimage","url":"https:\/\/dutchhealthstore.com\/wp-content\/uploads\/2022\/09\/LLpeppermintyakima.jpg","contentUrl":"https:\/\/dutchhealthstore.com\/wp-content\/uploads\/2022\/09\/LLpeppermintyakima.jpg","width":500,"height":500,"caption":"LLpeppermintyakima"},{"@type":"BreadcrumbList","@id":"https:\/\/dutchhealthstore.com\/fr\/product\/peppermint-yakima-valley-essential-oil\/#breadcrumb","itemListElement":[{"@type":"ListItem","position":1,"name":"Home","item":"https:\/\/dutchhealthstore.com\/fr\/"},{"@type":"ListItem","position":2,"name":"Shop","item":"https:\/\/dutchhealthstore.com\/fr\/shop\/"},{"@type":"ListItem","position":3,"name":"Peppermint, Yakima Valley Essential Oil"}]},{"@type":"WebSite","@id":"https:\/\/dutchhealthstore.com\/fr\/#website","url":"https:\/\/dutchhealthstore.com\/fr\/","name":"Dutch Health Store","description":"Enhance Your Beauty with Organic &amp; Natural Skincare","publisher":{"@id":"https:\/\/dutchhealthstore.com\/fr\/#organization"},"potentialAction":[{"@type":"SearchAction","target":{"@type":"EntryPoint","urlTemplate":"https:\/\/dutchhealthstore.com\/fr\/?s={search_term_string}"},"query-input":{"@type":"PropertyValueSpecification","valueRequired":true,"valueName":"search_term_string"}}],"inLanguage":"fr-FR"},{"@type":"Organization","@id":"https:\/\/dutchhealthstore.com\/fr\/#organization","name":"Dutch Health Store","url":"https:\/\/dutchhealthstore.com\/fr\/","logo":{"@type":"ImageObject","inLanguage":"fr-FR","@id":"https:\/\/dutchhealthstore.com\/fr\/#\/schema\/logo\/image\/","url":"https:\/\/dutchhealthstore.com\/wp-content\/uploads\/2020\/08\/logo-dutchhealthstore-jpg-e1599484957574.jpg","contentUrl":"https:\/\/dutchhealthstore.com\/wp-content\/uploads\/2020\/08\/logo-dutchhealthstore-jpg-e1599484957574.jpg","width":400,"height":62,"caption":"Dutch Health Store"},"image":{"@id":"https:\/\/dutchhealthstore.com\/fr\/#\/schema\/logo\/image\/"},"sameAs":["https:\/\/www.instagram.com\/dutchhealthstore\/","https:\/\/www.facebook.com\/dutchhealthstore"]}]},"product_brand":"Living Libations","og_availability":"instock","product_availability":"instock","product_condition":"new"},"_links":{"self":[{"href":"https:\/\/dutchhealthstore.com\/fr\/wp-json\/wp\/v2\/product\/219486","targetHints":{"allow":["GET"]}}],"collection":[{"href":"https:\/\/dutchhealthstore.com\/fr\/wp-json\/wp\/v2\/product"}],"about":[{"href":"https:\/\/dutchhealthstore.com\/fr\/wp-json\/wp\/v2\/types\/product"}],"replies":[{"embeddable":true,"href":"https:\/\/dutchhealthstore.com\/fr\/wp-json\/wp\/v2\/comments?post=219486"}],"wp:featuredmedia":[{"embeddable":true,"href":"https:\/\/dutchhealthstore.com\/fr\/wp-json\/wp\/v2\/media\/217960"}],"wp:attachment":[{"href":"https:\/\/dutchhealthstore.com\/fr\/wp-json\/wp\/v2\/media?parent=219486"}],"wp:term":[{"taxonomy":"product_brand","embeddable":true,"href":"https:\/\/dutchhealthstore.com\/fr\/wp-json\/wp\/v2\/product_brand?post=219486"},{"taxonomy":"product_cat","embeddable":true,"href":"https:\/\/dutchhealthstore.com\/fr\/wp-json\/wp\/v2\/product_cat?post=219486"},{"taxonomy":"product_tag","embeddable":true,"href":"https:\/\/dutchhealthstore.com\/fr\/wp-json\/wp\/v2\/product_tag?post=219486"}],"curies":[{"name":"wp","href":"https:\/\/api.w.org\/{rel}","templated":true}]}}