{"id":219454,"date":"2022-09-05T14:13:51","date_gmt":"2022-09-05T14:13:51","guid":{"rendered":"https:\/\/dutchhealthstore.com\/product\/ixcacao-heavenly-cacao-drops-from-hispaniola-fermented-beans\/"},"modified":"2026-01-05T15:06:22","modified_gmt":"2026-01-05T14:06:22","slug":"ixcacao-heavenly-cacao-drops-from-hispaniola-fermented-beans","status":"publish","type":"product","link":"https:\/\/dutchhealthstore.com\/fr\/product\/ixcacao-heavenly-cacao-drops-from-hispaniola-fermented-beans\/","title":{"rendered":"IxCacao Heavenly Cacao Drops &#8211; from Hispaniola Fermented Beans"},"content":{"rendered":"<p>P\u00e2te ou liqueur de cacao pure et opulente. Riche, profond, et agr\u00e9ablement fruit\u00e9. Fabriqu\u00e9 \u00e0 partir du haricot biologique Hispaniola tr\u00e8s convoit\u00e9.<\/p>\n<p>Les petits boutons qui fondent dans le lait chaud pour faire le meilleur chocolat chaud et toutes vos recettes pr\u00e9f\u00e9r\u00e9es sont parfaits pour le go\u00fbter.<\/p>\n<p>\u00ab\u00a0Ixcacao\u00a0\u00bb est le nom de la d\u00e9esse du cacao, de la procr\u00e9ation, de la richesse et de la joie. Une d\u00e9esse bien-aim\u00e9e, r\u00e9v\u00e9r\u00e9e pour sa compassion, qui veillait sur les champs, \u00e9tait \u00e9galement appel\u00e9e la reine de l&rsquo;amour et du plaisir. Ces d\u00e9licieuses gouttes de cacao, qui sont \u00e0 la fois naturelriches en antioxydants et d\u00e9licieusement nourrissantes, ne pourraient pas \u00eatre plus parfaites.<\/p>\n<p>Produit dans des exploitations familiales en R\u00e9publique dominicaine, o\u00f9 les plants de cacao sont cultiv\u00e9s sous un couvert d&rsquo;avocatiers, d&rsquo;agrumes et de bananiers locaux afin de prot\u00e9ger la biodiversit\u00e9.<\/p>\n<h3><strong>Comment utiliser <\/strong><\/h3>\n<p>Ces opulentes gouttelettes ont une saveur riche et naturelfruit\u00e9e qui vous permet de profiter d&rsquo;un merveilleux plaisir d\u00e8s la sortie du sac.<\/p>\n<p>Cr\u00e9ez le chocolat chaud id\u00e9al et le plus authentique ! Faites fondre environ 10 gouttes dans le lait ; excellent dans les laits de noix et les laits de vache. Pour sucrer, ajoutez notre Rapadura biologique. Du pur bonheur, sans aucun additif, pour un chocolat chaud apaisant et enti\u00e8rement biologique.<\/p>\n<p>Id\u00e9al pour \u00eatre utilis\u00e9 en p\u00e2tisserie et dans vos recettes pr\u00e9f\u00e9r\u00e9es.<\/p>\n<h3><strong>Taille : 500 gr<\/strong><\/h3>\n<h3><strong>Ingr\u00e9dients <\/strong><\/h3>\n<ul>\n<li><span style=\"line-height: 1.4;\"><span style=\"line-height: 1.4;\">Cacao 100% pur &#8211; origine unique de la R\u00e9publique dominicaine.<br \/>\n<em>Fabriqu\u00e9 exclusivement \u00e0 partir de haricots Hispaniola biologiques (ferment\u00e9s et s\u00e9ch\u00e9s au soleil)<\/em><\/span><\/span><\/li>\n<\/ul>\n<ul>\n<li><span style=\"line-height: 1.4;\">Organique<\/span><\/li>\n<li><span style=\"line-height: 1.4;\">Sans produits laitiers<\/span><\/li>\n<li><span style=\"line-height: 1.4;\">Sans sucre<\/span><\/li>\n<li><span style=\"line-height: 1.4;\">Sans gluten  <\/span><\/li>\n<li><span style=\"line-height: 1.4;\">V\u00e9g\u00e9tarien et v\u00e9g\u00e9talien<\/span><\/li>\n<li><span style=\"line-height: 1.4;\">Ne contient aucun additif &#8211; 100% naturel<\/span><\/li>\n<\/ul>\n<p>Sans agent de remplissage ni conservateur.<br \/>\nProduit provenant de la R\u00e9publique dominicaine.<\/p>\n","protected":false},"excerpt":{"rendered":"<p>P\u00e2te ou liqueur de cacao pure et opulente. Riche, profond, et agr\u00e9ablement fruit\u00e9. Fabriqu\u00e9 \u00e0 partir du haricot biologique Hispaniola tr\u00e8s convoit\u00e9.<\/p>\n","protected":false},"featured_media":218245,"comment_status":"open","ping_status":"closed","template":"","meta":[],"product_brand":[],"product_cat":[9691,8787,6744,4383,8466,1209,1030,8467,1010,4400,8786,6733],"product_tag":[21604,21534,21516,21515],"class_list":{"0":"post-219454","1":"product","2":"type-product","3":"status-publish","4":"has-post-thumbnail","6":"product_cat-berries-fruits-other-food","7":"product_cat-chocolate-fr","8":"product_cat-mood-fr-2","9":"product_cat-navi-organics-fr","10":"product_cat-nutrition-fr","11":"product_cat-par-marques","12":"product_cat-par-produits","13":"product_cat-health-fr-2","14":"product_cat-notre-boutique","15":"product_cat-superfoods-fr-2","16":"product_cat-superfoods-herbals-fr-2","17":"product_cat-wellness-fr-2","18":"product_tag-energie-fr","19":"product_tag-lesprit","20":"product_tag-sante-optimale","21":"product_tag-superfood-fr","22":"pa_brand-naviorganics-fr","23":"pa_gtin-6096423969905-fr","24":"pa_size-500-g-fr","26":"first","27":"instock","28":"taxable","29":"shipping-taxable","30":"purchasable","31":"product-type-variable"},"bundled_by":[],"bundle_stock_status":"instock","bundle_stock_quantity":null,"bundle_virtual":false,"bundle_layout":"","bundle_add_to_cart_form_location":"","bundle_editable_in_cart":false,"bundle_sold_individually_context":"","bundle_item_grouping":"","bundle_min_size":"","bundle_max_size":"","bundle_price":[],"bundled_items":[],"bundle_sell_ids":[351313],"atum_controlled":true,"out_stock_date":null,"out_stock_threshold":null,"inheritable":true,"stock_on_hold":0,"sold_today":0,"sales_last_days":0,"out_stock_days":0,"lost_sales":0,"update_date":"2026-04-09T01:48:44","atum_locations":[],"atum_stock_status":"instock","restock_status":false,"low_stock_amount":"","sales_update_date":"2026-04-09T01:48:44","calc_backorders":null,"group_of_quantity":0,"min_quantity":0,"max_quantity":"","exclude_order_quantity_value_rules":"no","exclude_category_quantity_rules":"no","combine_variations":"no","yoast_head":"<!-- This site is optimized with the Yoast SEO Premium plugin v26.5 (Yoast SEO v26.5) - https:\/\/yoast.com\/wordpress\/plugins\/seo\/ -->\n<title>Looking for IxCacao Heavenly Cacao Drops - from Hispaniola Fermented Beans ? - Na&#039;vi Organics<\/title>\n<meta name=\"description\" content=\"P\u00e2te ou liqueur de cacao pure et opulente. Riche, profond, et agr\u00e9ablement fruit\u00e9. Fabriqu\u00e9 \u00e0 partir du haricot biologique Hispaniola tr\u00e8s convoit\u00e9.\" \/>\n<meta name=\"robots\" content=\"index, follow, max-snippet:-1, max-image-preview:large, max-video-preview:-1\" \/>\n<link rel=\"canonical\" href=\"https:\/\/dutchhealthstore.com\/fr\/product\/ixcacao-heavenly-cacao-drops-from-hispaniola-fermented-beans\/\" \/>\n<meta property=\"og:locale\" content=\"fr_FR\" \/>\n<meta property=\"og:type\" content=\"article\" \/>\n<meta property=\"og:title\" content=\"IxCacao Heavenly Cacao Drops - from Hispaniola Fermented Beans - Dutch Health Store\" \/>\n<meta property=\"og:description\" content=\"P\u00e2te ou liqueur de cacao pure et opulente. Riche, profond, et agr\u00e9ablement fruit\u00e9. Fabriqu\u00e9 \u00e0 partir du haricot biologique Hispaniola tr\u00e8s convoit\u00e9.\" \/>\n<meta property=\"og:url\" content=\"https:\/\/dutchhealthstore.com\/fr\/product\/ixcacao-heavenly-cacao-drops-from-hispaniola-fermented-beans\/\" \/>\n<meta property=\"og:site_name\" content=\"Dutch Health Store\" \/>\n<meta property=\"article:publisher\" content=\"https:\/\/www.instagram.com\/dutchhealthstore\/\" \/>\n<meta property=\"article:modified_time\" content=\"2026-01-05T14:06:22+00:00\" \/>\n<meta property=\"og:image\" content=\"https:\/\/dutchhealthstore.com\/wp-content\/uploads\/2022\/09\/navicacaoheavenlydrops.jpg\" \/>\n\t<meta property=\"og:image:width\" content=\"500\" \/>\n\t<meta property=\"og:image:height\" content=\"500\" \/>\n\t<meta property=\"og:image:type\" content=\"image\/jpeg\" \/>\n<meta name=\"twitter:card\" content=\"summary_large_image\" \/>\n<meta name=\"twitter:label1\" content=\"Disponibilit\u00e9\" \/>\n\t<meta name=\"twitter:data1\" content=\"En stock\" \/>\n<script type=\"application\/ld+json\" class=\"yoast-schema-graph\">{\"@context\":\"https:\/\/schema.org\",\"@graph\":[{\"@type\":\"WebPage\",\"@id\":\"https:\/\/dutchhealthstore.com\/fr\/product\/ixcacao-heavenly-cacao-drops-from-hispaniola-fermented-beans\/\",\"url\":\"https:\/\/dutchhealthstore.com\/fr\/product\/ixcacao-heavenly-cacao-drops-from-hispaniola-fermented-beans\/\",\"name\":\"Looking for IxCacao Heavenly Cacao Drops - from Hispaniola Fermented Beans ? - Na'vi Organics\",\"isPartOf\":{\"@id\":\"https:\/\/dutchhealthstore.com\/fr\/#website\"},\"primaryImageOfPage\":{\"@id\":\"https:\/\/dutchhealthstore.com\/fr\/product\/ixcacao-heavenly-cacao-drops-from-hispaniola-fermented-beans\/#primaryimage\"},\"image\":{\"@id\":\"https:\/\/dutchhealthstore.com\/fr\/product\/ixcacao-heavenly-cacao-drops-from-hispaniola-fermented-beans\/#primaryimage\"},\"thumbnailUrl\":\"https:\/\/dutchhealthstore.com\/wp-content\/uploads\/2022\/09\/navicacaoheavenlydrops.jpg\",\"datePublished\":\"2022-09-05T14:13:51+00:00\",\"dateModified\":\"2026-01-05T14:06:22+00:00\",\"description\":\"P\u00e2te ou liqueur de cacao pure et opulente. Riche, profond, et agr\u00e9ablement fruit\u00e9. Fabriqu\u00e9 \u00e0 partir du haricot biologique Hispaniola tr\u00e8s convoit\u00e9.\",\"breadcrumb\":{\"@id\":\"https:\/\/dutchhealthstore.com\/fr\/product\/ixcacao-heavenly-cacao-drops-from-hispaniola-fermented-beans\/#breadcrumb\"},\"inLanguage\":\"fr-FR\",\"potentialAction\":[{\"@type\":\"ReadAction\",\"target\":[\"https:\/\/dutchhealthstore.com\/fr\/product\/ixcacao-heavenly-cacao-drops-from-hispaniola-fermented-beans\/\"]}]},{\"@type\":\"ImageObject\",\"inLanguage\":\"fr-FR\",\"@id\":\"https:\/\/dutchhealthstore.com\/fr\/product\/ixcacao-heavenly-cacao-drops-from-hispaniola-fermented-beans\/#primaryimage\",\"url\":\"https:\/\/dutchhealthstore.com\/wp-content\/uploads\/2022\/09\/navicacaoheavenlydrops.jpg\",\"contentUrl\":\"https:\/\/dutchhealthstore.com\/wp-content\/uploads\/2022\/09\/navicacaoheavenlydrops.jpg\",\"width\":500,\"height\":500,\"caption\":\"navicacaoheavenlydrops\"},{\"@type\":\"BreadcrumbList\",\"@id\":\"https:\/\/dutchhealthstore.com\/fr\/product\/ixcacao-heavenly-cacao-drops-from-hispaniola-fermented-beans\/#breadcrumb\",\"itemListElement\":[{\"@type\":\"ListItem\",\"position\":1,\"name\":\"Home\",\"item\":\"https:\/\/dutchhealthstore.com\/fr\/\"},{\"@type\":\"ListItem\",\"position\":2,\"name\":\"Shop\",\"item\":\"https:\/\/dutchhealthstore.com\/fr\/shop\/\"},{\"@type\":\"ListItem\",\"position\":3,\"name\":\"IxCacao Heavenly Cacao Drops &#8211; from Hispaniola Fermented Beans\"}]},{\"@type\":\"WebSite\",\"@id\":\"https:\/\/dutchhealthstore.com\/fr\/#website\",\"url\":\"https:\/\/dutchhealthstore.com\/fr\/\",\"name\":\"Dutch Health Store\",\"description\":\"Enhance Your Beauty with Organic &amp; Natural Skincare\",\"publisher\":{\"@id\":\"https:\/\/dutchhealthstore.com\/fr\/#organization\"},\"potentialAction\":[{\"@type\":\"SearchAction\",\"target\":{\"@type\":\"EntryPoint\",\"urlTemplate\":\"https:\/\/dutchhealthstore.com\/fr\/?s={search_term_string}\"},\"query-input\":{\"@type\":\"PropertyValueSpecification\",\"valueRequired\":true,\"valueName\":\"search_term_string\"}}],\"inLanguage\":\"fr-FR\"},{\"@type\":\"Organization\",\"@id\":\"https:\/\/dutchhealthstore.com\/fr\/#organization\",\"name\":\"Dutch Health Store\",\"url\":\"https:\/\/dutchhealthstore.com\/fr\/\",\"logo\":{\"@type\":\"ImageObject\",\"inLanguage\":\"fr-FR\",\"@id\":\"https:\/\/dutchhealthstore.com\/fr\/#\/schema\/logo\/image\/\",\"url\":\"https:\/\/dutchhealthstore.com\/wp-content\/uploads\/2020\/08\/logo-dutchhealthstore-jpg-e1599484957574.jpg\",\"contentUrl\":\"https:\/\/dutchhealthstore.com\/wp-content\/uploads\/2020\/08\/logo-dutchhealthstore-jpg-e1599484957574.jpg\",\"width\":400,\"height\":62,\"caption\":\"Dutch Health Store\"},\"image\":{\"@id\":\"https:\/\/dutchhealthstore.com\/fr\/#\/schema\/logo\/image\/\"},\"sameAs\":[\"https:\/\/www.instagram.com\/dutchhealthstore\/\",\"https:\/\/www.facebook.com\/dutchhealthstore\"]}]}<\/script>\n<meta property=\"product:brand\" content=\"Na\u00b4Vi Organics\" \/>\n<meta property=\"og:availability\" content=\"instock\" \/>\n<meta property=\"product:availability\" content=\"instock\" \/>\n<meta property=\"product:condition\" content=\"new\" \/>\n<!-- \/ Yoast SEO Premium plugin. -->","yoast_head_json":{"title":"Looking for IxCacao Heavenly Cacao Drops - from Hispaniola Fermented Beans ? - Na'vi Organics","description":"P\u00e2te ou liqueur de cacao pure et opulente. Riche, profond, et agr\u00e9ablement fruit\u00e9. Fabriqu\u00e9 \u00e0 partir du haricot biologique Hispaniola tr\u00e8s convoit\u00e9.","robots":{"index":"index","follow":"follow","max-snippet":"max-snippet:-1","max-image-preview":"max-image-preview:large","max-video-preview":"max-video-preview:-1"},"canonical":"https:\/\/dutchhealthstore.com\/fr\/product\/ixcacao-heavenly-cacao-drops-from-hispaniola-fermented-beans\/","og_locale":"fr_FR","og_type":"article","og_title":"IxCacao Heavenly Cacao Drops - from Hispaniola Fermented Beans - Dutch Health Store","og_description":"P\u00e2te ou liqueur de cacao pure et opulente. Riche, profond, et agr\u00e9ablement fruit\u00e9. Fabriqu\u00e9 \u00e0 partir du haricot biologique Hispaniola tr\u00e8s convoit\u00e9.","og_url":"https:\/\/dutchhealthstore.com\/fr\/product\/ixcacao-heavenly-cacao-drops-from-hispaniola-fermented-beans\/","og_site_name":"Dutch Health Store","article_publisher":"https:\/\/www.instagram.com\/dutchhealthstore\/","article_modified_time":"2026-01-05T14:06:22+00:00","og_image":[{"width":500,"height":500,"url":"https:\/\/dutchhealthstore.com\/wp-content\/uploads\/2022\/09\/navicacaoheavenlydrops.jpg","type":"image\/jpeg"}],"twitter_card":"summary_large_image","twitter_misc":{"Disponibilit\u00e9":"En stock"},"schema":{"@context":"https:\/\/schema.org","@graph":[{"@type":"WebPage","@id":"https:\/\/dutchhealthstore.com\/fr\/product\/ixcacao-heavenly-cacao-drops-from-hispaniola-fermented-beans\/","url":"https:\/\/dutchhealthstore.com\/fr\/product\/ixcacao-heavenly-cacao-drops-from-hispaniola-fermented-beans\/","name":"Looking for IxCacao Heavenly Cacao Drops - from Hispaniola Fermented Beans ? - Na'vi Organics","isPartOf":{"@id":"https:\/\/dutchhealthstore.com\/fr\/#website"},"primaryImageOfPage":{"@id":"https:\/\/dutchhealthstore.com\/fr\/product\/ixcacao-heavenly-cacao-drops-from-hispaniola-fermented-beans\/#primaryimage"},"image":{"@id":"https:\/\/dutchhealthstore.com\/fr\/product\/ixcacao-heavenly-cacao-drops-from-hispaniola-fermented-beans\/#primaryimage"},"thumbnailUrl":"https:\/\/dutchhealthstore.com\/wp-content\/uploads\/2022\/09\/navicacaoheavenlydrops.jpg","datePublished":"2022-09-05T14:13:51+00:00","dateModified":"2026-01-05T14:06:22+00:00","description":"P\u00e2te ou liqueur de cacao pure et opulente. Riche, profond, et agr\u00e9ablement fruit\u00e9. Fabriqu\u00e9 \u00e0 partir du haricot biologique Hispaniola tr\u00e8s convoit\u00e9.","breadcrumb":{"@id":"https:\/\/dutchhealthstore.com\/fr\/product\/ixcacao-heavenly-cacao-drops-from-hispaniola-fermented-beans\/#breadcrumb"},"inLanguage":"fr-FR","potentialAction":[{"@type":"ReadAction","target":["https:\/\/dutchhealthstore.com\/fr\/product\/ixcacao-heavenly-cacao-drops-from-hispaniola-fermented-beans\/"]}]},{"@type":"ImageObject","inLanguage":"fr-FR","@id":"https:\/\/dutchhealthstore.com\/fr\/product\/ixcacao-heavenly-cacao-drops-from-hispaniola-fermented-beans\/#primaryimage","url":"https:\/\/dutchhealthstore.com\/wp-content\/uploads\/2022\/09\/navicacaoheavenlydrops.jpg","contentUrl":"https:\/\/dutchhealthstore.com\/wp-content\/uploads\/2022\/09\/navicacaoheavenlydrops.jpg","width":500,"height":500,"caption":"navicacaoheavenlydrops"},{"@type":"BreadcrumbList","@id":"https:\/\/dutchhealthstore.com\/fr\/product\/ixcacao-heavenly-cacao-drops-from-hispaniola-fermented-beans\/#breadcrumb","itemListElement":[{"@type":"ListItem","position":1,"name":"Home","item":"https:\/\/dutchhealthstore.com\/fr\/"},{"@type":"ListItem","position":2,"name":"Shop","item":"https:\/\/dutchhealthstore.com\/fr\/shop\/"},{"@type":"ListItem","position":3,"name":"IxCacao Heavenly Cacao Drops &#8211; from Hispaniola Fermented Beans"}]},{"@type":"WebSite","@id":"https:\/\/dutchhealthstore.com\/fr\/#website","url":"https:\/\/dutchhealthstore.com\/fr\/","name":"Dutch Health Store","description":"Enhance Your Beauty with Organic &amp; Natural Skincare","publisher":{"@id":"https:\/\/dutchhealthstore.com\/fr\/#organization"},"potentialAction":[{"@type":"SearchAction","target":{"@type":"EntryPoint","urlTemplate":"https:\/\/dutchhealthstore.com\/fr\/?s={search_term_string}"},"query-input":{"@type":"PropertyValueSpecification","valueRequired":true,"valueName":"search_term_string"}}],"inLanguage":"fr-FR"},{"@type":"Organization","@id":"https:\/\/dutchhealthstore.com\/fr\/#organization","name":"Dutch Health Store","url":"https:\/\/dutchhealthstore.com\/fr\/","logo":{"@type":"ImageObject","inLanguage":"fr-FR","@id":"https:\/\/dutchhealthstore.com\/fr\/#\/schema\/logo\/image\/","url":"https:\/\/dutchhealthstore.com\/wp-content\/uploads\/2020\/08\/logo-dutchhealthstore-jpg-e1599484957574.jpg","contentUrl":"https:\/\/dutchhealthstore.com\/wp-content\/uploads\/2020\/08\/logo-dutchhealthstore-jpg-e1599484957574.jpg","width":400,"height":62,"caption":"Dutch Health Store"},"image":{"@id":"https:\/\/dutchhealthstore.com\/fr\/#\/schema\/logo\/image\/"},"sameAs":["https:\/\/www.instagram.com\/dutchhealthstore\/","https:\/\/www.facebook.com\/dutchhealthstore"]}]},"product_brand":"Na\u00b4Vi Organics","og_availability":"instock","product_availability":"instock","product_condition":"new"},"_links":{"self":[{"href":"https:\/\/dutchhealthstore.com\/fr\/wp-json\/wp\/v2\/product\/219454","targetHints":{"allow":["GET"]}}],"collection":[{"href":"https:\/\/dutchhealthstore.com\/fr\/wp-json\/wp\/v2\/product"}],"about":[{"href":"https:\/\/dutchhealthstore.com\/fr\/wp-json\/wp\/v2\/types\/product"}],"replies":[{"embeddable":true,"href":"https:\/\/dutchhealthstore.com\/fr\/wp-json\/wp\/v2\/comments?post=219454"}],"wp:featuredmedia":[{"embeddable":true,"href":"https:\/\/dutchhealthstore.com\/fr\/wp-json\/wp\/v2\/media\/218245"}],"wp:attachment":[{"href":"https:\/\/dutchhealthstore.com\/fr\/wp-json\/wp\/v2\/media?parent=219454"}],"wp:term":[{"taxonomy":"product_brand","embeddable":true,"href":"https:\/\/dutchhealthstore.com\/fr\/wp-json\/wp\/v2\/product_brand?post=219454"},{"taxonomy":"product_cat","embeddable":true,"href":"https:\/\/dutchhealthstore.com\/fr\/wp-json\/wp\/v2\/product_cat?post=219454"},{"taxonomy":"product_tag","embeddable":true,"href":"https:\/\/dutchhealthstore.com\/fr\/wp-json\/wp\/v2\/product_tag?post=219454"}],"curies":[{"name":"wp","href":"https:\/\/api.w.org\/{rel}","templated":true}]}}